{"id":55900,"date":"2021-02-08T11:02:27","date_gmt":"2021-02-08T10:02:27","guid":{"rendered":"https:\/\/www.coatresa.com\/interpon-redox\/"},"modified":"2021-02-08T12:55:25","modified_gmt":"2021-02-08T11:55:25","slug":"interpon-redox","status":"publish","type":"page","link":"https:\/\/www.coatresa.com\/de\/interpon-redox\/","title":{"rendered":"Interpon Redox\u00ae"},"content":{"rendered":"<div id=\"pl-55900\"  class=\"panel-layout\" ><div id=\"pg-55900-0\"  class=\"panel-grid panel-has-style\" ><div style=\"padding: 0px 0; \" data-overlay=\"true\" data-overlay-color=\"#000000\" class=\"panel-row-style panel-row-style-for-55900-0\" ><div id=\"pgc-55900-0-0\"  class=\"panel-grid-cell\" ><div id=\"panel-55900-0-0-0\" class=\"so-panel widget_sow-image panel-first-child panel-last-child\" data-index=\"0\" ><div style=\"text-align: left;\" data-title-color=\"#47425d\" data-headings-color=\"#443f3f\" data-title_alignment=\"center\" class=\"panel-widget-style panel-widget-style-for-55900-0-0-0\" ><div\n\t\t\t\n\t\t\tclass=\"so-widget-sow-image so-widget-sow-image-default-c67d20f9f743-55900\"\n\t\t\t\n\t\t>\n<div class=\"sow-image-container\">\n\t\t<img \n\tsrc=\"https:\/\/www.coatresa.com\/wp-content\/uploads\/2021\/02\/Interpon.jpg\" width=\"2000\" height=\"706\" srcset=\"https:\/\/www.coatresa.com\/wp-content\/uploads\/2021\/02\/Interpon.jpg 2000w, https:\/\/www.coatresa.com\/wp-content\/uploads\/2021\/02\/Interpon-300x106.jpg 300w, https:\/\/www.coatresa.com\/wp-content\/uploads\/2021\/02\/Interpon-1024x361.jpg 1024w, https:\/\/www.coatresa.com\/wp-content\/uploads\/2021\/02\/Interpon-768x271.jpg 768w, https:\/\/www.coatresa.com\/wp-content\/uploads\/2021\/02\/Interpon-1536x542.jpg 1536w, https:\/\/www.coatresa.com\/wp-content\/uploads\/2021\/02\/Interpon-830x293.jpg 830w, https:\/\/www.coatresa.com\/wp-content\/uploads\/2021\/02\/Interpon-230x81.jpg 230w, https:\/\/www.coatresa.com\/wp-content\/uploads\/2021\/02\/Interpon-350x124.jpg 350w, https:\/\/www.coatresa.com\/wp-content\/uploads\/2021\/02\/Interpon-480x169.jpg 480w\" sizes=\"(max-width: 2000px) 100vw, 2000px\" title=\"Interpon Redox\" alt=\"interpon-redox\" \t\tclass=\"so-widget-image\"\/>\n\t<\/div>\n\n<\/div><\/div><\/div><\/div><div id=\"pgc-55900-0-1\"  class=\"panel-grid-cell\" ><div id=\"panel-55900-0-1-0\" class=\"so-panel widget_sow-editor panel-first-child panel-last-child\" data-index=\"1\" ><div style=\"text-align: left;\" data-title-color=\"#47425d\" data-headings-color=\"#000000\" data-title_alignment=\"center\" class=\"panel-widget-style panel-widget-style-for-55900-0-1-0\" ><div\n\t\t\t\n\t\t\tclass=\"so-widget-sow-editor so-widget-sow-editor-base\"\n\t\t\t\n\t\t>\n<div class=\"siteorigin-widget-tinymce textwidget\">\n\t<h1 style=\"text-align: left;\">Interpon Redox \u00ae<\/h1>\n<hr align=\"left\" \/>\n<p style=\"text-align: justify;\">Die <strong>Interpon Redox\u00ae<\/strong> Beschichtungen sind aus mehreren Schichten bestehende Pulverlacksysteme mit <strong>ausgezeichneten Korrosionschutzeigenschaften<\/strong>. Dar\u00fcber hinaus zeichnen sich diese Beschichtungen im Vergleich zu fl\u00fcssigen Lacken durch ihre niedrige Umweltbelastung aus.<\/p>\n<p style=\"text-align: justify;\">Zu den zahlreichen Vorteilen dieser <strong>Beschichtungen geh\u00f6ren das geringe Brandrisiko, die einfache Abfallbeseitigung und die hohe Produktivit\u00e4t<\/strong>. Auf diese Weise und durch den Verzicht auf fl\u00fcchtige organische Verbindungen (VOC) schonen sie die Umwelt und bestechen au\u00dferdem durch die Kostenreduktion und ihre lange Schutzdauer.<\/p>\n<p style=\"text-align: justify;\">Wir von Coatresa verwenden zwei Arten dieser Pulverbeschichtung: <strong>Interpon Redox PZ\u00ae<\/strong> und <strong>Interpon Redox Triplex\u00ae.<\/strong><\/p>\n<div id=\"gtx-trans\" style=\"position: absolute; left: 1216px; top: 82.875px;\">\n<div class=\"gtx-trans-icon\"><\/div>\n<\/div>\n<\/div>\n<\/div><\/div><\/div><\/div><\/div><\/div><div id=\"pg-55900-1\"  class=\"panel-grid panel-has-style\" ><div class=\"FRANJA-BLAVA-TITOL siteorigin-panels-stretch panel-row-style panel-row-style-for-55900-1\" style=\"padding: 0px 0; \" data-stretch-type=\"full\" data-overlay=\"true\" data-overlay-color=\"#000000\" ><div id=\"pgc-55900-1-0\"  class=\"panel-grid-cell\" ><div id=\"panel-55900-1-0-0\" class=\"so-panel widget_sow-editor panel-first-child panel-last-child\" data-index=\"2\" ><div class=\"blanc panel-widget-style panel-widget-style-for-55900-1-0-0\" style=\"text-align: left;\" data-title-color=\"#47425d\" data-headings-color=\"#443f3f\" data-title_alignment=\"center\" ><div\n\t\t\t\n\t\t\tclass=\"so-widget-sow-editor so-widget-sow-editor-base\"\n\t\t\t\n\t\t>\n<div class=\"siteorigin-widget-tinymce textwidget\">\n\t<h2 style=\"text-align: center;\">Interpon Redox PZ\u00ae<\/h2>\n<\/div>\n<\/div><\/div><\/div><\/div><\/div><\/div><div id=\"pg-55900-2\"  class=\"panel-grid panel-has-style\" ><div class=\"BGC-GRIS siteorigin-panels-stretch panel-row-style panel-row-style-for-55900-2\" style=\"padding: 50px 0; \" data-stretch-type=\"full\" data-overlay=\"true\" data-overlay-color=\"#000000\" ><div id=\"pgc-55900-2-0\"  class=\"panel-grid-cell\" ><div id=\"panel-55900-2-0-0\" class=\"so-panel widget_sow-editor panel-first-child panel-last-child\" data-index=\"3\" ><div style=\"text-align: left;\" data-title-color=\"#47425d\" data-headings-color=\"#443f3f\" data-title_alignment=\"center\" class=\"panel-widget-style panel-widget-style-for-55900-2-0-0\" ><div\n\t\t\t\n\t\t\tclass=\"so-widget-sow-editor so-widget-sow-editor-base\"\n\t\t\t\n\t\t>\n<div class=\"siteorigin-widget-tinymce textwidget\">\n\t<p style=\"text-align: center;\"><strong>Interpon Redox PZ\u00ae<\/strong> ist eine Grundierung mit Barrierewirkung, die vor allem auf verzinktem Stahl und f\u00fcr harte Umgebungsbedingungen zum Einsatz kommt. Laut Qualisteelcoat-Zulassung handelt es sich um ein Zweischichtsystem mit einer langen Schutzdauer in Umgebungsbedingungen bis C5-L. Seine wichtigsten Vorteile sind der lang dauernde kathodische Schutz und der hohe Korrosionsschutz. Dar\u00fcber hinaus ist die im Vergleich zu anderen Zinkmetallsystemen attraktive Oberfl\u00e4che hervorzugeben.<\/p>\n<div id=\"gtx-trans\" style=\"position: absolute; left: -1px; top: 38px;\">\n<div class=\"gtx-trans-icon\"><\/div>\n<\/div>\n<\/div>\n<\/div><\/div><\/div><\/div><\/div><\/div><div id=\"pg-55900-3\"  class=\"panel-grid panel-has-style\" ><div class=\"FRANJA-BLAVA-TITOL siteorigin-panels-stretch panel-row-style panel-row-style-for-55900-3\" style=\"padding: 0px 0; \" data-stretch-type=\"full\" data-overlay=\"true\" data-overlay-color=\"#000000\" ><div id=\"pgc-55900-3-0\"  class=\"panel-grid-cell\" ><div id=\"panel-55900-3-0-0\" class=\"so-panel widget_sow-editor panel-first-child panel-last-child\" data-index=\"4\" ><div class=\"blanc panel-widget-style panel-widget-style-for-55900-3-0-0\" style=\"text-align: left;\" data-title-color=\"#47425d\" data-headings-color=\"#443f3f\" data-title_alignment=\"center\" ><div\n\t\t\t\n\t\t\tclass=\"so-widget-sow-editor so-widget-sow-editor-base\"\n\t\t\t\n\t\t>\n<div class=\"siteorigin-widget-tinymce textwidget\">\n\t<h2 style=\"text-align: center;\">Interpon Redox Triplex\u00ae<\/h2>\n<\/div>\n<\/div><\/div><\/div><\/div><\/div><\/div><div id=\"pg-55900-4\"  class=\"panel-grid panel-has-style\" ><div class=\"BGC-GRIS siteorigin-panels-stretch panel-row-style panel-row-style-for-55900-4\" style=\"padding: 50px 0; \" data-stretch-type=\"full\" data-overlay=\"true\" data-overlay-color=\"#000000\" ><div id=\"pgc-55900-4-0\"  class=\"panel-grid-cell\" ><div id=\"panel-55900-4-0-0\" class=\"so-panel widget_sow-editor panel-first-child panel-last-child\" data-index=\"5\" ><div style=\"text-align: left;\" data-title-color=\"#47425d\" data-headings-color=\"#443f3f\" data-title_alignment=\"center\" class=\"panel-widget-style panel-widget-style-for-55900-4-0-0\" ><div\n\t\t\t\n\t\t\tclass=\"so-widget-sow-editor so-widget-sow-editor-base\"\n\t\t\t\n\t\t>\n<div class=\"siteorigin-widget-tinymce textwidget\">\n\t<p style=\"text-align: center;\"><strong>Interpon Redox Triplex\u00ae<\/strong> ist ein Dreischichtsystem mit einer verst\u00e4rkten Wirkung sowohl im Hinblick auf den kathodischen Schutz als auch auf die Barrierefunktion. Es verbindet die Beschichtung Interpon Redox PZ mit Interpon Redox Plus und jener Deckschicht, die den Anforderungen Ihres Unternehmens am besten entspricht. Das System ist nicht nur hervorragend geeignet f\u00fcr sehr feuchte, salzhaltige Umgebungen, sondern auch frei von fl\u00fcchtigen organischen Verbindungen und L\u00f6sungsmitteln.<\/p>\n<p style=\"text-align: center;\">Gem\u00e4\u00df den in der Norm ISO 12944 definierten Zeitspannen f\u00fcr die Schutzdauer bietet Interpon Redox Triplex eine lange Schutzdauer von 15 bis 25 Jahren, bis C5-H.<\/p>\n<\/div>\n<\/div><\/div><\/div><\/div><\/div><\/div><div id=\"pg-55900-5\"  class=\"panel-grid panel-has-style\" ><div class=\"siteorigin-panels-stretch panel-row-style panel-row-style-for-55900-5\" style=\"padding: 50px 0; \" data-stretch-type=\"full\" data-overlay=\"true\" data-overlay-color=\"#000000\" ><div id=\"pgc-55900-5-0\"  class=\"panel-grid-cell\" ><div id=\"panel-55900-5-0-0\" class=\"so-panel widget_sow-editor panel-first-child\" data-index=\"6\" ><div style=\"text-align: left;\" data-title-color=\"#47425d\" data-headings-color=\"#443f3f\" data-title_alignment=\"center\" class=\"panel-widget-style panel-widget-style-for-55900-5-0-0\" ><div\n\t\t\t\n\t\t\tclass=\"so-widget-sow-editor so-widget-sow-editor-base\"\n\t\t\t\n\t\t>\n<div class=\"siteorigin-widget-tinymce textwidget\">\n\t<h3 class=\"BLAU-FOSC\" style=\"text-align: center;\">Interpon Redox\u00ae referenzen<\/h3>\n<\/div>\n<\/div><\/div><\/div><div id=\"panel-55900-5-0-1\" class=\"so-panel widget_siteorigin-panels-builder panel-last-child\" data-index=\"7\" ><div style=\"text-align: left;\" data-title-color=\"#47425d\" data-headings-color=\"#443f3f\" data-title_alignment=\"center\" class=\"panel-widget-style panel-widget-style-for-55900-5-0-1\" ><div id=\"pl-w60210c336e8ae\"  class=\"panel-layout\" ><div id=\"pg-w60210c336e8ae-0\"  class=\"panel-grid panel-has-style\" ><div style=\"padding: 40px 0; \" data-overlay=\"true\" data-overlay-color=\"#000000\" class=\"panel-row-style panel-row-style-for-w60210c336e8ae-0\" ><div id=\"pgc-w60210c336e8ae-0-0\"  class=\"panel-grid-cell\" ><div id=\"panel-w60210c336e8ae-0-0-0\" class=\"so-panel widget_sow-editor panel-first-child panel-last-child\" data-index=\"0\" ><div style=\"text-align: left;\" data-title-color=\"#47425d\" data-headings-color=\"#443f3f\" data-title_alignment=\"center\" class=\"panel-widget-style panel-widget-style-for-w60210c336e8ae-0-0-0\" ><div\n\t\t\t\n\t\t\tclass=\"so-widget-sow-editor so-widget-sow-editor-base\"\n\t\t\t\n\t\t>\n<div class=\"siteorigin-widget-tinymce textwidget\">\n\t<p style=\"text-align: center;\"><b>Interpon Redox PZ ALZ90F<\/b><br \/>\n<b>Interpon Redox Triplex<\/b><br \/>\n<b>Interpon 700<\/b><br \/>\n<b>Interpon 610<\/b><br \/>\n<b>Interpon D1036<\/b><br \/>\n<b>Interpon D2525<\/b><br \/>\n<b>Interpon EC<\/b><br \/>\n<b>AL251F<\/b><\/p>\n<\/div>\n<\/div><\/div><\/div><\/div><div id=\"pgc-w60210c336e8ae-0-1\"  class=\"panel-grid-cell\" ><div id=\"panel-w60210c336e8ae-0-1-0\" class=\"so-panel widget_sow-editor panel-first-child panel-last-child\" data-index=\"1\" ><div style=\"text-align: left;\" data-title-color=\"#47425d\" data-headings-color=\"#443f3f\" data-title_alignment=\"center\" class=\"panel-widget-style panel-widget-style-for-w60210c336e8ae-0-1-0\" ><div\n\t\t\t\n\t\t\tclass=\"so-widget-sow-editor so-widget-sow-editor-base\"\n\t\t\t\n\t\t>\n<div class=\"siteorigin-widget-tinymce textwidget\">\n\t<p style=\"text-align: center;\"><b>Interzinc 22<\/b><br \/>\n<b>Interzinc 52<\/b><br \/>\n<b>Interzinc 72<\/b><br \/>\n<b>Interzinc 315<\/b><br \/>\n<b>Interzinc 2280<\/b><br \/>\n<b>Interthane 870<\/b><br \/>\n<b>Interthane 990<\/b><br \/>\n<b>Interthane 1070<\/b><\/p>\n<\/div>\n<\/div><\/div><\/div><\/div><\/div><\/div><\/div><\/div><\/div><\/div><\/div><\/div><\/div>","protected":false},"excerpt":{"rendered":"<p>Interpon Redox \u00ae Die Interpon Redox\u00ae Beschichtungen sind aus mehreren Schichten bestehende Pulverlacksysteme mit ausgezeichneten Korrosionschutzeigenschaften. Dar\u00fcber hinaus zeichnen sich diese Beschichtungen [&hellip;]<\/p>\n","protected":false},"author":7,"featured_media":0,"parent":0,"menu_order":0,"comment_status":"closed","ping_status":"closed","template":"page-templates\/page_fullwidth.php","meta":{"footnotes":""},"class_list":["post-55900","page","type-page","status-publish","hentry"],"yoast_head":"<!-- This site is optimized with the Yoast SEO plugin v27.6 - https:\/\/yoast.com\/product\/yoast-seo-wordpress\/ -->\n<title>Interpon Redox\u00ae - Coatresa<\/title>\n<meta name=\"description\" content=\"Die Interpon Redox\u00ae Beschichtungen sind aus mehreren Schichten bestehende Pulverlacksysteme mit ausgezeichneten Korrosionschutzeigenschaften.\" \/>\n<meta name=\"robots\" content=\"index, follow, max-snippet:-1, max-image-preview:large, max-video-preview:-1\" \/>\n<link rel=\"canonical\" href=\"https:\/\/www.coatresa.com\/de\/interpon-redox\/\" \/>\n<meta property=\"og:locale\" content=\"de_DE\" \/>\n<meta property=\"og:type\" content=\"article\" \/>\n<meta property=\"og:title\" content=\"Interpon Redox\u00ae - Coatresa\" \/>\n<meta property=\"og:description\" content=\"Die Interpon Redox\u00ae Beschichtungen sind aus mehreren Schichten bestehende Pulverlacksysteme mit ausgezeichneten Korrosionschutzeigenschaften.\" \/>\n<meta property=\"og:url\" content=\"https:\/\/www.coatresa.com\/de\/interpon-redox\/\" \/>\n<meta property=\"og:site_name\" content=\"Coatresa\" \/>\n<meta property=\"article:publisher\" content=\"https:\/\/www.facebook.com\/Coatresa\/\" \/>\n<meta property=\"article:modified_time\" content=\"2021-02-08T11:55:25+00:00\" \/>\n<meta name=\"twitter:card\" content=\"summary_large_image\" \/>\n<meta name=\"twitter:site\" content=\"@Coatresa\" \/>\n<meta name=\"twitter:label1\" content=\"Gesch\u00e4tzte Lesezeit\" \/>\n\t<meta name=\"twitter:data1\" content=\"2\u00a0Minuten\" \/>\n<script type=\"application\/ld+json\" class=\"yoast-schema-graph\">{\"@context\":\"https:\\\/\\\/schema.org\",\"@graph\":[{\"@type\":\"WebPage\",\"@id\":\"https:\\\/\\\/www.coatresa.com\\\/de\\\/interpon-redox\\\/\",\"url\":\"https:\\\/\\\/www.coatresa.com\\\/de\\\/interpon-redox\\\/\",\"name\":\"Interpon Redox\u00ae - Coatresa\",\"isPartOf\":{\"@id\":\"https:\\\/\\\/www.coatresa.com\\\/de\\\/#website\"},\"datePublished\":\"2021-02-08T10:02:27+00:00\",\"dateModified\":\"2021-02-08T11:55:25+00:00\",\"description\":\"Die Interpon Redox\u00ae Beschichtungen sind aus mehreren Schichten bestehende Pulverlacksysteme mit ausgezeichneten Korrosionschutzeigenschaften.\",\"breadcrumb\":{\"@id\":\"https:\\\/\\\/www.coatresa.com\\\/de\\\/interpon-redox\\\/#breadcrumb\"},\"inLanguage\":\"de\",\"potentialAction\":[{\"@type\":\"ReadAction\",\"target\":[\"https:\\\/\\\/www.coatresa.com\\\/de\\\/interpon-redox\\\/\"]}]},{\"@type\":\"BreadcrumbList\",\"@id\":\"https:\\\/\\\/www.coatresa.com\\\/de\\\/interpon-redox\\\/#breadcrumb\",\"itemListElement\":[{\"@type\":\"ListItem\",\"position\":1,\"name\":\"Portada\",\"item\":\"https:\\\/\\\/www.coatresa.com\\\/de\\\/\"},{\"@type\":\"ListItem\",\"position\":2,\"name\":\"Interpon Redox\u00ae\"}]},{\"@type\":\"WebSite\",\"@id\":\"https:\\\/\\\/www.coatresa.com\\\/de\\\/#website\",\"url\":\"https:\\\/\\\/www.coatresa.com\\\/de\\\/\",\"name\":\"Coatresa\",\"description\":\"Aplicaci\u00f3n de recubrimientos antiadherentes y anticorrosivos como el Teflon. Expertos del Powder Coating\",\"publisher\":{\"@id\":\"https:\\\/\\\/www.coatresa.com\\\/de\\\/#organization\"},\"potentialAction\":[{\"@type\":\"SearchAction\",\"target\":{\"@type\":\"EntryPoint\",\"urlTemplate\":\"https:\\\/\\\/www.coatresa.com\\\/de\\\/?s={search_term_string}\"},\"query-input\":{\"@type\":\"PropertyValueSpecification\",\"valueRequired\":true,\"valueName\":\"search_term_string\"}}],\"inLanguage\":\"de\"},{\"@type\":\"Organization\",\"@id\":\"https:\\\/\\\/www.coatresa.com\\\/de\\\/#organization\",\"name\":\"Coatresa\",\"url\":\"https:\\\/\\\/www.coatresa.com\\\/de\\\/\",\"logo\":{\"@type\":\"ImageObject\",\"inLanguage\":\"de\",\"@id\":\"https:\\\/\\\/www.coatresa.com\\\/de\\\/#\\\/schema\\\/logo\\\/image\\\/\",\"url\":\"https:\\\/\\\/www.coatresa.com\\\/wp-content\\\/uploads\\\/2022\\\/07\\\/A_blava_mitja_transp.png\",\"contentUrl\":\"https:\\\/\\\/www.coatresa.com\\\/wp-content\\\/uploads\\\/2022\\\/07\\\/A_blava_mitja_transp.png\",\"width\":340,\"height\":326,\"caption\":\"Coatresa\"},\"image\":{\"@id\":\"https:\\\/\\\/www.coatresa.com\\\/de\\\/#\\\/schema\\\/logo\\\/image\\\/\"},\"sameAs\":[\"https:\\\/\\\/www.facebook.com\\\/Coatresa\\\/\",\"https:\\\/\\\/x.com\\\/Coatresa\",\"https:\\\/\\\/www.linkedin.com\\\/company\\\/coatresa\\\/\",\"https:\\\/\\\/www.youtube.com\\\/user\\\/CoatresaCoatings\"]}]}<\/script>\n<!-- \/ Yoast SEO plugin. -->","yoast_head_json":{"title":"Interpon Redox\u00ae - Coatresa","description":"Die Interpon Redox\u00ae Beschichtungen sind aus mehreren Schichten bestehende Pulverlacksysteme mit ausgezeichneten Korrosionschutzeigenschaften.","robots":{"index":"index","follow":"follow","max-snippet":"max-snippet:-1","max-image-preview":"max-image-preview:large","max-video-preview":"max-video-preview:-1"},"canonical":"https:\/\/www.coatresa.com\/de\/interpon-redox\/","og_locale":"de_DE","og_type":"article","og_title":"Interpon Redox\u00ae - Coatresa","og_description":"Die Interpon Redox\u00ae Beschichtungen sind aus mehreren Schichten bestehende Pulverlacksysteme mit ausgezeichneten Korrosionschutzeigenschaften.","og_url":"https:\/\/www.coatresa.com\/de\/interpon-redox\/","og_site_name":"Coatresa","article_publisher":"https:\/\/www.facebook.com\/Coatresa\/","article_modified_time":"2021-02-08T11:55:25+00:00","twitter_card":"summary_large_image","twitter_site":"@Coatresa","twitter_misc":{"Gesch\u00e4tzte Lesezeit":"2\u00a0Minuten"},"schema":{"@context":"https:\/\/schema.org","@graph":[{"@type":"WebPage","@id":"https:\/\/www.coatresa.com\/de\/interpon-redox\/","url":"https:\/\/www.coatresa.com\/de\/interpon-redox\/","name":"Interpon Redox\u00ae - Coatresa","isPartOf":{"@id":"https:\/\/www.coatresa.com\/de\/#website"},"datePublished":"2021-02-08T10:02:27+00:00","dateModified":"2021-02-08T11:55:25+00:00","description":"Die Interpon Redox\u00ae Beschichtungen sind aus mehreren Schichten bestehende Pulverlacksysteme mit ausgezeichneten Korrosionschutzeigenschaften.","breadcrumb":{"@id":"https:\/\/www.coatresa.com\/de\/interpon-redox\/#breadcrumb"},"inLanguage":"de","potentialAction":[{"@type":"ReadAction","target":["https:\/\/www.coatresa.com\/de\/interpon-redox\/"]}]},{"@type":"BreadcrumbList","@id":"https:\/\/www.coatresa.com\/de\/interpon-redox\/#breadcrumb","itemListElement":[{"@type":"ListItem","position":1,"name":"Portada","item":"https:\/\/www.coatresa.com\/de\/"},{"@type":"ListItem","position":2,"name":"Interpon Redox\u00ae"}]},{"@type":"WebSite","@id":"https:\/\/www.coatresa.com\/de\/#website","url":"https:\/\/www.coatresa.com\/de\/","name":"Coatresa","description":"Aplicaci\u00f3n de recubrimientos antiadherentes y anticorrosivos como el Teflon. Expertos del Powder Coating","publisher":{"@id":"https:\/\/www.coatresa.com\/de\/#organization"},"potentialAction":[{"@type":"SearchAction","target":{"@type":"EntryPoint","urlTemplate":"https:\/\/www.coatresa.com\/de\/?s={search_term_string}"},"query-input":{"@type":"PropertyValueSpecification","valueRequired":true,"valueName":"search_term_string"}}],"inLanguage":"de"},{"@type":"Organization","@id":"https:\/\/www.coatresa.com\/de\/#organization","name":"Coatresa","url":"https:\/\/www.coatresa.com\/de\/","logo":{"@type":"ImageObject","inLanguage":"de","@id":"https:\/\/www.coatresa.com\/de\/#\/schema\/logo\/image\/","url":"https:\/\/www.coatresa.com\/wp-content\/uploads\/2022\/07\/A_blava_mitja_transp.png","contentUrl":"https:\/\/www.coatresa.com\/wp-content\/uploads\/2022\/07\/A_blava_mitja_transp.png","width":340,"height":326,"caption":"Coatresa"},"image":{"@id":"https:\/\/www.coatresa.com\/de\/#\/schema\/logo\/image\/"},"sameAs":["https:\/\/www.facebook.com\/Coatresa\/","https:\/\/x.com\/Coatresa","https:\/\/www.linkedin.com\/company\/coatresa\/","https:\/\/www.youtube.com\/user\/CoatresaCoatings"]}]}},"_links":{"self":[{"href":"https:\/\/www.coatresa.com\/de\/wp-json\/wp\/v2\/pages\/55900","targetHints":{"allow":["GET"]}}],"collection":[{"href":"https:\/\/www.coatresa.com\/de\/wp-json\/wp\/v2\/pages"}],"about":[{"href":"https:\/\/www.coatresa.com\/de\/wp-json\/wp\/v2\/types\/page"}],"author":[{"embeddable":true,"href":"https:\/\/www.coatresa.com\/de\/wp-json\/wp\/v2\/users\/7"}],"replies":[{"embeddable":true,"href":"https:\/\/www.coatresa.com\/de\/wp-json\/wp\/v2\/comments?post=55900"}],"version-history":[{"count":0,"href":"https:\/\/www.coatresa.com\/de\/wp-json\/wp\/v2\/pages\/55900\/revisions"}],"wp:attachment":[{"href":"https:\/\/www.coatresa.com\/de\/wp-json\/wp\/v2\/media?parent=55900"}],"curies":[{"name":"wp","href":"https:\/\/api.w.org\/{rel}","templated":true}]}}