{"id":69174,"date":"2025-03-31T05:41:14","date_gmt":"2025-03-31T03:41:14","guid":{"rendered":"https:\/\/www.coatresa.com\/?page_id=69174"},"modified":"2025-03-31T05:41:14","modified_gmt":"2025-03-31T03:41:14","slug":"coating-ppg-sigmashield","status":"publish","type":"page","link":"https:\/\/www.coatresa.com\/en\/coating-ppg-sigmashield\/","title":{"rendered":""},"content":{"rendered":"<div id=\"pl-69174\"  class=\"panel-layout\" ><div id=\"pg-69174-0\"  class=\"panel-grid panel-has-style\" ><div style=\"padding: 0px 0; \" data-overlay=\"true\" data-overlay-color=\"#000000\" class=\"panel-row-style panel-row-style-for-69174-0\" ><div id=\"pgc-69174-0-0\"  class=\"panel-grid-cell\" ><div id=\"panel-69174-0-0-0\" class=\"so-panel widget_sow-image panel-first-child panel-last-child\" data-index=\"0\" ><div style=\"text-align: left;\" data-title-color=\"#47425d\" data-headings-color=\"#443f3f\" data-title_alignment=\"center\" class=\"panel-widget-style panel-widget-style-for-69174-0-0-0\" ><div\n\t\t\t\n\t\t\tclass=\"so-widget-sow-image so-widget-sow-image-default-8b5b6f678277-69174\"\n\t\t\t\n\t\t>\n<div class=\"sow-image-container\">\n\t\t<img \n\tsrc=\"https:\/\/www.coatresa.com\/wp-content\/uploads\/2025\/03\/Logo-Sigmashield-adaptat.png\" width=\"197\" height=\"197\" srcset=\"https:\/\/www.coatresa.com\/wp-content\/uploads\/2025\/03\/Logo-Sigmashield-adaptat.png 197w, https:\/\/www.coatresa.com\/wp-content\/uploads\/2025\/03\/Logo-Sigmashield-adaptat-150x150.png 150w\" sizes=\"(max-width: 197px) 100vw, 197px\" title=\"Logo Sigmashield PPG\" alt=\"\" \t\tclass=\"so-widget-image\"\/>\n\t<\/div>\n\n<\/div><\/div><\/div><\/div><div id=\"pgc-69174-0-1\"  class=\"panel-grid-cell\" ><div id=\"panel-69174-0-1-0\" class=\"so-panel widget_sow-editor panel-first-child panel-last-child\" data-index=\"1\" ><div style=\"text-align: left;\" data-title-color=\"#47425d\" data-headings-color=\"#443f3f\" data-title_alignment=\"center\" class=\"panel-widget-style panel-widget-style-for-69174-0-1-0\" ><div\n\t\t\t\n\t\t\tclass=\"so-widget-sow-editor so-widget-sow-editor-base\"\n\t\t\t\n\t\t>\n<div class=\"siteorigin-widget-tinymce textwidget\">\n\t<h1 style=\"text-align: left;\">Sigmashield<strong>\u2122 Coating<\/strong><\/h1>\n<hr align=\"left\" \/>\n<p>La gama de <strong>recubrimientos SIGMASHIELD\u2122 de PPG<\/strong> est\u00e1 dise\u00f1ada para ofrecer <strong>protecci\u00f3n anticorrosiva de alto rendimiento en entornos industriales y marinos<\/strong><\/p>\n<p class=\"\" data-start=\"0\" data-end=\"287\">The <strong>PPG SIGMASHIELD\u2122 coating range<\/strong> is designed to provide <strong>high-performance anti-corrosion protection in demanding industrial and marine environments.<\/strong> These multi-purpose epoxy coatings are ideal for structures exposed to extreme conditions, offering superior durability and resistance.<\/p>\n<p class=\"\" data-start=\"289\" data-end=\"530\">The SIGMASHIELD\u2122 line is ideal for sectors such as<strong> infrastructure, petrochemical, mining, energy, and offshore applications<\/strong>, delivering coating solutions that ensure <strong>long-lasting and efficient protection<\/strong> in the most challenging environments.<\/p>\n<\/div>\n<\/div><\/div><\/div><\/div><\/div><\/div><div id=\"pg-69174-1\"  class=\"panel-grid panel-has-style\" ><div style=\"padding: 10px 0; \" data-overlay=\"true\" data-overlay-color=\"#000000\" class=\"panel-row-style panel-row-style-for-69174-1\" ><div id=\"pgc-69174-1-0\"  class=\"panel-grid-cell\" ><div id=\"panel-69174-1-0-0\" class=\"so-panel widget_sow-editor panel-first-child panel-last-child\" data-index=\"2\" ><div style=\"text-align: left;\" data-title-color=\"#47425d\" data-headings-color=\"#443f3f\" data-title_alignment=\"center\" class=\"panel-widget-style panel-widget-style-for-69174-1-0-0\" ><div\n\t\t\t\n\t\t\tclass=\"so-widget-sow-editor so-widget-sow-editor-base\"\n\t\t\t\n\t\t>\n<div class=\"siteorigin-widget-tinymce textwidget\">\n\t<h2 class=\"BLAU-FOSC\" style=\"text-align: center;\">Sigmashield\u2122 references<\/h2>\n<p>&nbsp;<\/p>\n<p style=\"text-align: center;\"><strong>SigmaShield\u2122 905<\/strong><\/p>\n<p style=\"text-align: center;\"><strong>SigmaShield\u2122 880<\/strong><\/p>\n<\/div>\n<\/div><\/div><\/div><\/div><\/div><\/div><\/div>","protected":false},"excerpt":{"rendered":"<p>Sigmashield\u2122 Coating La gama de recubrimientos SIGMASHIELD\u2122 de PPG est\u00e1 dise\u00f1ada para ofrecer protecci\u00f3n anticorrosiva de alto rendimiento en entornos industriales y [&hellip;]<\/p>\n","protected":false},"author":1,"featured_media":0,"parent":0,"menu_order":0,"comment_status":"closed","ping_status":"closed","template":"page-templates\/page_fullwidth.php","meta":{"footnotes":""},"class_list":["post-69174","page","type-page","status-publish","hentry"],"yoast_head":"<!-- This site is optimized with the Yoast SEO plugin v27.6 - https:\/\/yoast.com\/product\/yoast-seo-wordpress\/ -->\n<title>Sigmashield\u2122 Coating PPG  - Coatresa<\/title>\n<meta name=\"description\" content=\"Discover PPG SIGMASHIELD\u2122 coatings: high-performance anti-corrosion protection for demanding industrial and marine environments.\" \/>\n<meta name=\"robots\" content=\"index, follow, max-snippet:-1, max-image-preview:large, max-video-preview:-1\" \/>\n<link rel=\"canonical\" href=\"https:\/\/www.coatresa.com\/en\/coating-ppg-sigmashield\/\" \/>\n<meta property=\"og:locale\" content=\"en_GB\" \/>\n<meta property=\"og:type\" content=\"article\" \/>\n<meta property=\"og:title\" content=\"Sigmashield\u2122 Coating PPG  - Coatresa\" \/>\n<meta property=\"og:description\" content=\"Discover PPG SIGMASHIELD\u2122 coatings: high-performance anti-corrosion protection for demanding industrial and marine environments.\" \/>\n<meta property=\"og:url\" content=\"https:\/\/www.coatresa.com\/en\/coating-ppg-sigmashield\/\" \/>\n<meta property=\"og:site_name\" content=\"Coatresa\" \/>\n<meta property=\"article:publisher\" content=\"https:\/\/www.facebook.com\/Coatresa\/\" \/>\n<meta name=\"twitter:card\" content=\"summary_large_image\" \/>\n<meta name=\"twitter:site\" content=\"@Coatresa\" \/>\n<meta name=\"twitter:label1\" content=\"Estimated reading time\" \/>\n\t<meta name=\"twitter:data1\" content=\"1 minute\" \/>\n<script type=\"application\/ld+json\" class=\"yoast-schema-graph\">{\"@context\":\"https:\\\/\\\/schema.org\",\"@graph\":[{\"@type\":\"WebPage\",\"@id\":\"https:\\\/\\\/www.coatresa.com\\\/en\\\/coating-ppg-sigmashield\\\/\",\"url\":\"https:\\\/\\\/www.coatresa.com\\\/en\\\/coating-ppg-sigmashield\\\/\",\"name\":\"Sigmashield\u2122 Coating PPG - Coatresa\",\"isPartOf\":{\"@id\":\"https:\\\/\\\/www.coatresa.com\\\/en\\\/#website\"},\"datePublished\":\"2025-03-31T03:41:14+00:00\",\"description\":\"Discover PPG SIGMASHIELD\u2122 coatings: high-performance anti-corrosion protection for demanding industrial and marine environments.\",\"inLanguage\":\"en-GB\",\"potentialAction\":[{\"@type\":\"ReadAction\",\"target\":[\"https:\\\/\\\/www.coatresa.com\\\/en\\\/coating-ppg-sigmashield\\\/\"]}]},{\"@type\":\"WebSite\",\"@id\":\"https:\\\/\\\/www.coatresa.com\\\/en\\\/#website\",\"url\":\"https:\\\/\\\/www.coatresa.com\\\/en\\\/\",\"name\":\"Coatresa\",\"description\":\"Aplicaci\u00f3n de recubrimientos antiadherentes y anticorrosivos como el Teflon. Expertos del Powder Coating\",\"publisher\":{\"@id\":\"https:\\\/\\\/www.coatresa.com\\\/en\\\/#organization\"},\"potentialAction\":[{\"@type\":\"SearchAction\",\"target\":{\"@type\":\"EntryPoint\",\"urlTemplate\":\"https:\\\/\\\/www.coatresa.com\\\/en\\\/?s={search_term_string}\"},\"query-input\":{\"@type\":\"PropertyValueSpecification\",\"valueRequired\":true,\"valueName\":\"search_term_string\"}}],\"inLanguage\":\"en-GB\"},{\"@type\":\"Organization\",\"@id\":\"https:\\\/\\\/www.coatresa.com\\\/en\\\/#organization\",\"name\":\"Coatresa\",\"url\":\"https:\\\/\\\/www.coatresa.com\\\/en\\\/\",\"logo\":{\"@type\":\"ImageObject\",\"inLanguage\":\"en-GB\",\"@id\":\"https:\\\/\\\/www.coatresa.com\\\/en\\\/#\\\/schema\\\/logo\\\/image\\\/\",\"url\":\"https:\\\/\\\/www.coatresa.com\\\/wp-content\\\/uploads\\\/2022\\\/07\\\/A_blava_mitja_transp.png\",\"contentUrl\":\"https:\\\/\\\/www.coatresa.com\\\/wp-content\\\/uploads\\\/2022\\\/07\\\/A_blava_mitja_transp.png\",\"width\":340,\"height\":326,\"caption\":\"Coatresa\"},\"image\":{\"@id\":\"https:\\\/\\\/www.coatresa.com\\\/en\\\/#\\\/schema\\\/logo\\\/image\\\/\"},\"sameAs\":[\"https:\\\/\\\/www.facebook.com\\\/Coatresa\\\/\",\"https:\\\/\\\/x.com\\\/Coatresa\",\"https:\\\/\\\/www.linkedin.com\\\/company\\\/coatresa\\\/\",\"https:\\\/\\\/www.youtube.com\\\/user\\\/CoatresaCoatings\"]}]}<\/script>\n<!-- \/ Yoast SEO plugin. -->","yoast_head_json":{"title":"Sigmashield\u2122 Coating PPG  - Coatresa","description":"Discover PPG SIGMASHIELD\u2122 coatings: high-performance anti-corrosion protection for demanding industrial and marine environments.","robots":{"index":"index","follow":"follow","max-snippet":"max-snippet:-1","max-image-preview":"max-image-preview:large","max-video-preview":"max-video-preview:-1"},"canonical":"https:\/\/www.coatresa.com\/en\/coating-ppg-sigmashield\/","og_locale":"en_GB","og_type":"article","og_title":"Sigmashield\u2122 Coating PPG  - Coatresa","og_description":"Discover PPG SIGMASHIELD\u2122 coatings: high-performance anti-corrosion protection for demanding industrial and marine environments.","og_url":"https:\/\/www.coatresa.com\/en\/coating-ppg-sigmashield\/","og_site_name":"Coatresa","article_publisher":"https:\/\/www.facebook.com\/Coatresa\/","twitter_card":"summary_large_image","twitter_site":"@Coatresa","twitter_misc":{"Estimated reading time":"1 minute"},"schema":{"@context":"https:\/\/schema.org","@graph":[{"@type":"WebPage","@id":"https:\/\/www.coatresa.com\/en\/coating-ppg-sigmashield\/","url":"https:\/\/www.coatresa.com\/en\/coating-ppg-sigmashield\/","name":"Sigmashield\u2122 Coating PPG - Coatresa","isPartOf":{"@id":"https:\/\/www.coatresa.com\/en\/#website"},"datePublished":"2025-03-31T03:41:14+00:00","description":"Discover PPG SIGMASHIELD\u2122 coatings: high-performance anti-corrosion protection for demanding industrial and marine environments.","inLanguage":"en-GB","potentialAction":[{"@type":"ReadAction","target":["https:\/\/www.coatresa.com\/en\/coating-ppg-sigmashield\/"]}]},{"@type":"WebSite","@id":"https:\/\/www.coatresa.com\/en\/#website","url":"https:\/\/www.coatresa.com\/en\/","name":"Coatresa","description":"Aplicaci\u00f3n de recubrimientos antiadherentes y anticorrosivos como el Teflon. Expertos del Powder Coating","publisher":{"@id":"https:\/\/www.coatresa.com\/en\/#organization"},"potentialAction":[{"@type":"SearchAction","target":{"@type":"EntryPoint","urlTemplate":"https:\/\/www.coatresa.com\/en\/?s={search_term_string}"},"query-input":{"@type":"PropertyValueSpecification","valueRequired":true,"valueName":"search_term_string"}}],"inLanguage":"en-GB"},{"@type":"Organization","@id":"https:\/\/www.coatresa.com\/en\/#organization","name":"Coatresa","url":"https:\/\/www.coatresa.com\/en\/","logo":{"@type":"ImageObject","inLanguage":"en-GB","@id":"https:\/\/www.coatresa.com\/en\/#\/schema\/logo\/image\/","url":"https:\/\/www.coatresa.com\/wp-content\/uploads\/2022\/07\/A_blava_mitja_transp.png","contentUrl":"https:\/\/www.coatresa.com\/wp-content\/uploads\/2022\/07\/A_blava_mitja_transp.png","width":340,"height":326,"caption":"Coatresa"},"image":{"@id":"https:\/\/www.coatresa.com\/en\/#\/schema\/logo\/image\/"},"sameAs":["https:\/\/www.facebook.com\/Coatresa\/","https:\/\/x.com\/Coatresa","https:\/\/www.linkedin.com\/company\/coatresa\/","https:\/\/www.youtube.com\/user\/CoatresaCoatings"]}]}},"_links":{"self":[{"href":"https:\/\/www.coatresa.com\/en\/wp-json\/wp\/v2\/pages\/69174","targetHints":{"allow":["GET"]}}],"collection":[{"href":"https:\/\/www.coatresa.com\/en\/wp-json\/wp\/v2\/pages"}],"about":[{"href":"https:\/\/www.coatresa.com\/en\/wp-json\/wp\/v2\/types\/page"}],"author":[{"embeddable":true,"href":"https:\/\/www.coatresa.com\/en\/wp-json\/wp\/v2\/users\/1"}],"replies":[{"embeddable":true,"href":"https:\/\/www.coatresa.com\/en\/wp-json\/wp\/v2\/comments?post=69174"}],"version-history":[{"count":0,"href":"https:\/\/www.coatresa.com\/en\/wp-json\/wp\/v2\/pages\/69174\/revisions"}],"wp:attachment":[{"href":"https:\/\/www.coatresa.com\/en\/wp-json\/wp\/v2\/media?parent=69174"}],"curies":[{"name":"wp","href":"https:\/\/api.w.org\/{rel}","templated":true}]}}