{"id":10241,"date":"2017-09-22T08:52:57","date_gmt":"2017-09-22T08:52:57","guid":{"rendered":"http:\/\/coatresa.com\/grupo-coatresa-soluciones-en-recubrimientos\/"},"modified":"2021-10-01T09:38:51","modified_gmt":"2021-10-01T07:38:51","slug":"groupe-coatresa-solutions-revetements","status":"publish","type":"page","link":"https:\/\/www.coatresa.com\/fr\/groupe-coatresa-solutions-revetements\/","title":{"rendered":"Groupe Coatresa : Solutions de rev\u00eatements techniques"},"content":{"rendered":"<div id=\"pl-10241\"  class=\"panel-layout\" ><div id=\"pg-10241-0\"  class=\"panel-grid panel-has-style\" ><div style=\"padding: 0px 0; \" data-overlay=\"true\" data-overlay-color=\"#000000\" class=\"panel-row-style panel-row-style-for-10241-0\" ><div id=\"pgc-10241-0-0\"  class=\"panel-grid-cell\" ><div id=\"panel-10241-0-0-0\" class=\"so-panel widget_sow-editor panel-first-child\" data-index=\"0\" ><div style=\"text-align: left;\" data-title-color=\"#47425d\" data-headings-color=\"#000000\" data-title_alignment=\"center\" class=\"panel-widget-style panel-widget-style-for-10241-0-0-0\" ><div\n\t\t\t\n\t\t\tclass=\"so-widget-sow-editor so-widget-sow-editor-base\"\n\t\t\t\n\t\t>\n<div class=\"siteorigin-widget-tinymce textwidget\">\n\t<h1 style=\"text-align: center;\">Solutions en rev\u00eatements<\/h1>\n<hr \/>\n<p style=\"text-align: center;\">Le Groupe Coatresa est issu de la n\u00e9cessit\u00e9 de proposer un service int\u00e9gral d\u2019application de rev\u00eatements techniques sur un march\u00e9 industriel global et en expansion.<\/p>\n<p style=\"text-align: center;\">Le groupe rassemble plusieurs entreprises exp\u00e9riment\u00e9es du secteur des rev\u00eatements et du traitement de surfaces. Toutes sont expertes en mati\u00e8re d\u2019application de rev\u00eatements techniques avec des produits \u00e0 base de PTFE comme le\u00a0<b>Teflon<\/b>\u00ae,\u00a0le <b>Xylan<\/b>\u00ae,\u00a0le <b>Halar<\/b>\u00ae ou le\u00a0<b>Rilsan<\/b>\u00ae,\u00a0ainsi que d\u2019autres antiadh\u00e9rents comme les caoutchoucs, les silicones, l\u2019EPDM, les gommes et les polyur\u00e9thanes qui apportent \u00e0 l\u2019industrie des solutions uniques en mati\u00e8re de rev\u00eatements.<\/p>\n<\/div>\n<\/div><\/div><\/div><div id=\"panel-10241-0-0-1\" class=\"so-panel widget_sow-image\" data-index=\"1\" ><div class=\"ICONA-PRINCIPAL panel-widget-style panel-widget-style-for-10241-0-0-1\" style=\"text-align: left;\" data-title-color=\"#47425d\" data-headings-color=\"#443f3f\" data-title_alignment=\"center\" ><div\n\t\t\t\n\t\t\tclass=\"so-widget-sow-image so-widget-sow-image-default-c67d20f9f743-10241\"\n\t\t\t\n\t\t>\n<div class=\"sow-image-container\">\n\t\t<img \n\tsrc=\"https:\/\/www.coatresa.com\/wp-content\/uploads\/2020\/02\/coatings-coatresa-group.png\" width=\"582\" height=\"164\" srcset=\"https:\/\/www.coatresa.com\/wp-content\/uploads\/2020\/02\/coatings-coatresa-group.png 582w, https:\/\/www.coatresa.com\/wp-content\/uploads\/2020\/02\/coatings-coatresa-group-300x85.png 300w, https:\/\/www.coatresa.com\/wp-content\/uploads\/2020\/02\/coatings-coatresa-group-230x65.png 230w, https:\/\/www.coatresa.com\/wp-content\/uploads\/2020\/02\/coatings-coatresa-group-350x99.png 350w, https:\/\/www.coatresa.com\/wp-content\/uploads\/2020\/02\/coatings-coatresa-group-480x135.png 480w\" sizes=\"(max-width: 582px) 100vw, 582px\" title=\"Rev\u00eatements Coatresa Group\" alt=\"Rev\u00eatements Coatresa Group\" \t\tclass=\"so-widget-image\"\/>\n\t<\/div>\n\n<\/div><\/div><\/div><div id=\"panel-10241-0-0-2\" class=\"so-panel widget_sow-editor panel-last-child\" data-index=\"2\" ><div class=\"TEXTOS-DESTACATS panel-widget-style panel-widget-style-for-10241-0-0-2\" style=\"text-align: left;\" data-title-color=\"#47425d\" data-headings-color=\"#443f3f\" data-title_alignment=\"center\" ><div\n\t\t\t\n\t\t\tclass=\"so-widget-sow-editor so-widget-sow-editor-base\"\n\t\t\t\n\t\t>\n<div class=\"siteorigin-widget-tinymce textwidget\">\n\t<p style=\"text-align: center;\">Entreprises appartenant au Groupe Coatresa :<\/p>\n<\/div>\n<\/div><\/div><\/div><\/div><\/div><\/div><div id=\"pg-10241-1\"  class=\"panel-grid panel-has-style\" ><div style=\"padding: 0px 0; \" data-overlay=\"true\" data-overlay-color=\"#000000\" class=\"panel-row-style panel-row-style-for-10241-1\" ><div id=\"pgc-10241-1-0\"  class=\"panel-grid-cell\" ><div class=\"BGC-GRIS PADDING-GRAN-CELDES AUGMENTAR-ICONA panel-cell-style panel-cell-style-for-10241-1-0\" ><div id=\"panel-10241-1-0-0\" class=\"widget_text so-panel widget_custom_html panel-first-child\" data-index=\"3\" ><div style=\"text-align: center;\" data-title-color=\"#47425d\" data-headings-color=\"#443f3f\" data-title_alignment=\"center\" class=\"widget_text panel-widget-style panel-widget-style-for-10241-1-0-0\" ><div class=\"textwidget custom-html-widget\"><a href=\"\/fr\/coatresa\/\" class=\"ICONES-SEUS-GRUP\"><img decoding=\"async\" src=\"\/wp-content\/uploads\/2020\/02\/recubrimientos-coatresa.png\"><\/a><\/div><\/div><\/div><div id=\"panel-10241-1-0-1\" class=\"so-panel widget_sow-editor panel-last-child\" data-index=\"4\" ><div class=\"ALTURA-MINIMA-1 panel-widget-style panel-widget-style-for-10241-1-0-1\" style=\"text-align: left;\" data-title-color=\"#47425d\" data-headings-color=\"#443f3f\" data-title_alignment=\"center\" ><div\n\t\t\t\n\t\t\tclass=\"so-widget-sow-editor so-widget-sow-editor-base\"\n\t\t\t\n\t\t>\n<div class=\"siteorigin-widget-tinymce textwidget\">\n\t<h2 style=\"text-align: center;\">BARCELONE - ESPAGNE<\/h2>\n<p style=\"text-align: center;\">Rev\u00eatements pour la <b>panification industrielle<\/b>,\u00a0<b>laboratoire R&D<\/b><\/p><\/div>\n<\/div><\/div><\/div><\/div><\/div><div id=\"pgc-10241-1-1\"  class=\"panel-grid-cell\" ><div class=\"BGC-GRIS PADDING-GRAN-CELDES AUGMENTAR-ICONA panel-cell-style panel-cell-style-for-10241-1-1\" ><div id=\"panel-10241-1-1-0\" class=\"widget_text so-panel widget_custom_html panel-first-child\" data-index=\"5\" ><div style=\"text-align: center;\" data-title-color=\"#47425d\" data-headings-color=\"#443f3f\" data-title_alignment=\"center\" class=\"widget_text panel-widget-style panel-widget-style-for-10241-1-1-0\" ><div class=\"textwidget custom-html-widget\"><a href=\"\/fr\/retansa\/\" class=\"ICONES-SEUS-GRUP\"><img decoding=\"async\" src=\"\/wp-content\/uploads\/2020\/02\/recubrimientos-retansa.png\"><\/a><\/div><\/div><\/div><div id=\"panel-10241-1-1-1\" class=\"so-panel widget_sow-editor panel-last-child\" data-index=\"6\" ><div class=\"ALTURA-MINIMA-1 panel-widget-style panel-widget-style-for-10241-1-1-1\" style=\"text-align: left;\" data-title-color=\"#47425d\" data-headings-color=\"#443f3f\" data-title_alignment=\"center\" ><div\n\t\t\t\n\t\t\tclass=\"so-widget-sow-editor so-widget-sow-editor-base\"\n\t\t\t\n\t\t>\n<div class=\"siteorigin-widget-tinymce textwidget\">\n\t<h2 style=\"text-align: center;\">VITORIA - ESPAGNE<\/h2>\n<p style=\"text-align: center;\">Rev\u00eatements pour les\u00a0ustensiles m\u00e9nagers,\u00a0l\u2019automobile\u00a0et\u00a0le petit \u00e9lectrom\u00e9nager<\/p><\/div>\n<\/div><\/div><\/div><\/div><\/div><\/div><\/div><div id=\"pg-10241-2\"  class=\"panel-grid panel-has-style\" ><div style=\"padding: 0px 0; \" data-overlay=\"true\" data-overlay-color=\"#000000\" class=\"panel-row-style panel-row-style-for-10241-2\" ><div id=\"pgc-10241-2-0\"  class=\"panel-grid-cell\" ><div class=\"BGC-GRIS PADDING-GRAN-CELDES  AUGMENTAR-ICONA panel-cell-style panel-cell-style-for-10241-2-0\" ><div id=\"panel-10241-2-0-0\" class=\"widget_text so-panel widget_custom_html panel-first-child\" data-index=\"7\" ><div style=\"text-align: center;\" data-title-color=\"#47425d\" data-headings-color=\"#443f3f\" data-title_alignment=\"center\" class=\"widget_text panel-widget-style panel-widget-style-for-10241-2-0-0\" ><div class=\"textwidget custom-html-widget\"><a href=\"\/fr\/atresa-revetements-pour-industrie\/\" class=\"ICONES-SEUS-GRUP\"><img decoding=\"async\" src=\"\/wp-content\/uploads\/2020\/02\/recubrimientos-atresa.png\"><\/a><\/div><\/div><\/div><div id=\"panel-10241-2-0-1\" class=\"so-panel widget_sow-editor panel-last-child\" data-index=\"8\" ><div class=\"ALTURA-MINIMA-1 panel-widget-style panel-widget-style-for-10241-2-0-1\" style=\"text-align: left;\" data-title-color=\"#47425d\" data-headings-color=\"#443f3f\" data-title_alignment=\"center\" ><div\n\t\t\t\n\t\t\tclass=\"so-widget-sow-editor so-widget-sow-editor-base\"\n\t\t\t\n\t\t>\n<div class=\"siteorigin-widget-tinymce textwidget\">\n\t<h2 style=\"text-align: center;\">BARCELONE - ESPAGNE<\/h2>\n<p style=\"text-align: center;\">Rev\u00eatements pour l\u2019<b>industrie<\/b><\/p><\/div>\n<\/div><\/div><\/div><\/div><\/div><div id=\"pgc-10241-2-1\"  class=\"panel-grid-cell\" ><div class=\"BGC-GRIS PADDING-GRAN-CELDES  AUGMENTAR-ICONA panel-cell-style panel-cell-style-for-10241-2-1\" ><div id=\"panel-10241-2-1-0\" class=\"widget_text so-panel widget_custom_html panel-first-child\" data-index=\"9\" ><div style=\"text-align: center;\" data-title-color=\"#47425d\" data-headings-color=\"#443f3f\" data-title_alignment=\"center\" class=\"widget_text panel-widget-style panel-widget-style-for-10241-2-1-0\" ><div class=\"textwidget custom-html-widget\"><a href=\"\/fr\/praimer-revetements-bresil\/\" class=\"ICONES-SEUS-GRUP\"><img decoding=\"async\" src=\"\/wp-content\/uploads\/2019\/03\/revestimentos-brasil-praimer-3.png\"><\/a><\/div><\/div><\/div><div id=\"panel-10241-2-1-1\" class=\"so-panel widget_sow-editor panel-last-child\" data-index=\"10\" ><div class=\"ALTURA-MINIMA-1 panel-widget-style panel-widget-style-for-10241-2-1-1\" style=\"text-align: left;\" data-title-color=\"#47425d\" data-headings-color=\"#443f3f\" data-title_alignment=\"center\" ><div\n\t\t\t\n\t\t\tclass=\"so-widget-sow-editor so-widget-sow-editor-base\"\n\t\t\t\n\t\t>\n<div class=\"siteorigin-widget-tinymce textwidget\">\n\t<h2 style=\"text-align: center;\">PONTA GROSSA - BRASIL<\/h2>\n<p style=\"text-align: center;\">Rev\u00eatements pour l\u2019<b>industrie<\/b>\u00a0et la\u00a0<b>panification<\/b><\/p><\/div>\n<\/div><\/div><\/div><\/div><\/div><\/div><\/div><div id=\"pg-10241-3\"  class=\"panel-grid panel-has-style\" ><div style=\"padding: 0px 0; \" data-overlay=\"true\" data-overlay-color=\"#000000\" class=\"panel-row-style panel-row-style-for-10241-3\" ><div id=\"pgc-10241-3-0\"  class=\"panel-grid-cell\" ><div class=\"BGC-GRIS PADDING-GRAN-CELDES AUGMENTAR-ICONA panel-cell-style panel-cell-style-for-10241-3-0\" ><div id=\"panel-10241-3-0-0\" class=\"so-panel widget_sow-editor panel-first-child\" data-index=\"11\" ><div class=\"TEXTOS-DESTACATS-NO-NEGRETA panel-widget-style panel-widget-style-for-10241-3-0-0\" style=\"text-align: left;\" data-title-color=\"#47425d\" data-headings-color=\"#443f3f\" data-title_alignment=\"center\" ><div\n\t\t\t\n\t\t\tclass=\"so-widget-sow-editor so-widget-sow-editor-base\"\n\t\t\t\n\t\t>\n<div class=\"siteorigin-widget-tinymce textwidget\">\n\t<p style=\"text-align: center;\">N'h\u00e9sitez pas \u00e0 nous contacter...<br \/>\nNous serons enchant\u00e9s de vous aider<\/p>\n<\/div>\n<\/div><\/div><\/div><div id=\"panel-10241-3-0-1\" class=\"widget_text so-panel widget_custom_html panel-last-child\" data-index=\"12\" ><div style=\"text-align: center;\" data-title-color=\"#47425d\" data-headings-color=\"#443f3f\" data-title_alignment=\"center\" class=\"widget_text panel-widget-style panel-widget-style-for-10241-3-0-1\" ><div class=\"textwidget custom-html-widget\"><a href=\"\/fr\/contact\/\" class=\"roll-button blau\">CONTACT<\/a><\/div><\/div><\/div><\/div><\/div><\/div><\/div><div id=\"pg-10241-4\"  class=\"panel-grid panel-has-style\" ><div class=\"siteorigin-panels-stretch panel-row-style panel-row-style-for-10241-4\" style=\"background-image: url(https:\/\/www.coatresa.com\/wp-content\/uploads\/2017\/09\/coatresa-soluciones-en-recubrimientos.jpg);padding: 0px 0; \" data-stretch-type=\"full\" data-hasbg=\"hasbg\" data-overlay=\"true\" data-overlay-color=\"#000000\" ><div id=\"pgc-10241-4-0\"  class=\"panel-grid-cell\" ><div id=\"panel-10241-4-0-0\" class=\"so-panel widget_sow-editor panel-first-child panel-last-child\" data-index=\"13\" ><div class=\"blanc panel-widget-style panel-widget-style-for-10241-4-0-0\" style=\"text-align: left;\" data-title-color=\"#47425d\" data-headings-color=\"#443f3f\" data-title_alignment=\"center\" ><div\n\t\t\t\n\t\t\tclass=\"so-widget-sow-editor so-widget-sow-editor-base\"\n\t\t\t\n\t\t>\n<div class=\"siteorigin-widget-tinymce textwidget\">\n\t<h2 style=\"text-align: center;\">Solutions novatrices en rev\u00eatements<\/h2>\n<p>&nbsp;<\/p>\n<p style=\"text-align: center;\">Moyennant une strat\u00e9gie d\u2019investissement en R&D et un contact permanent avec le monde industriel, nous apportons des solutions de rev\u00eatements novatrices sur le march\u00e9. Ce niveau de d\u00e9passement constant a situ\u00e9 Coatresa au premier rang du domaine des rev\u00eatement techniques.<br \/>\nActuellement, nous sommes leaders en rev\u00eatements techniques et parfaitement reconnus \u00e0 l\u2019\u00e9chelle mondiale. Nous basons notre avenir sur l\u2019innovation constante et l\u2019apport de nouvelles solutions sur le march\u00e9. Notre principal objectif est de devancer les besoins de nos clients.<br \/>\nLa mission du Groupe Coatresa a consist\u00e9 \u00e0 am\u00e9liorer sans cesse le service, tant en qualit\u00e9 qu\u2019en termes de d\u00e9lais de livraison, ce qui nous a permis de maintenir constant notre taux de croissance.<\/p>\n<\/div>\n<\/div><\/div><\/div><\/div><\/div><\/div><\/div>","protected":false},"excerpt":{"rendered":"<p>Solutions en rev\u00eatements Le Groupe Coatresa est issu de la n\u00e9cessit\u00e9 de proposer un service int\u00e9gral d\u2019application de rev\u00eatements techniques sur un [&hellip;]<\/p>\n","protected":false},"author":1,"featured_media":18732,"parent":0,"menu_order":0,"comment_status":"closed","ping_status":"closed","template":"page-templates\/page_fullwidth.php","meta":{"footnotes":""},"class_list":["post-10241","page","type-page","status-publish","has-post-thumbnail","hentry"],"yoast_head":"<!-- This site is optimized with the Yoast SEO plugin v27.6 - https:\/\/yoast.com\/product\/yoast-seo-wordpress\/ -->\n<title>Groupe Coatresa : Solutions de rev\u00eatements techniques - Coatresa<\/title>\n<meta name=\"description\" content=\"Groupe Coatresa : des solutions en mati\u00e8re de rev\u00eatements techniques antiadh\u00e9rents et anticorrosifs pour l&#039;industrie. Fabrication de moules de panification\" \/>\n<meta name=\"robots\" content=\"index, follow, max-snippet:-1, max-image-preview:large, max-video-preview:-1\" \/>\n<link rel=\"canonical\" href=\"https:\/\/www.coatresa.com\/fr\/groupe-coatresa-solutions-revetements\/\" \/>\n<meta property=\"og:locale\" content=\"fr_FR\" \/>\n<meta property=\"og:type\" content=\"article\" \/>\n<meta property=\"og:title\" content=\"Groupe Coatresa : Solutions de rev\u00eatements techniques - Coatresa\" \/>\n<meta property=\"og:description\" content=\"Groupe Coatresa : des solutions en mati\u00e8re de rev\u00eatements techniques antiadh\u00e9rents et anticorrosifs pour l&#039;industrie. Fabrication de moules de panification\" \/>\n<meta property=\"og:url\" content=\"https:\/\/www.coatresa.com\/fr\/groupe-coatresa-solutions-revetements\/\" \/>\n<meta property=\"og:site_name\" content=\"Coatresa\" \/>\n<meta property=\"article:publisher\" content=\"https:\/\/www.facebook.com\/Coatresa\/\" \/>\n<meta property=\"article:modified_time\" content=\"2021-10-01T07:38:51+00:00\" \/>\n<meta property=\"og:image\" content=\"https:\/\/www.coatresa.com\/wp-content\/uploads\/2020\/02\/coatings-coatresa-group.png\" \/>\n\t<meta property=\"og:image:width\" content=\"582\" \/>\n\t<meta property=\"og:image:height\" content=\"164\" \/>\n\t<meta property=\"og:image:type\" content=\"image\/png\" \/>\n<meta name=\"twitter:card\" content=\"summary_large_image\" \/>\n<meta name=\"twitter:site\" content=\"@Coatresa\" \/>\n<meta name=\"twitter:label1\" content=\"Dur\u00e9e de lecture estim\u00e9e\" \/>\n\t<meta name=\"twitter:data1\" content=\"2 minutes\" \/>\n<script type=\"application\/ld+json\" class=\"yoast-schema-graph\">{\"@context\":\"https:\\\/\\\/schema.org\",\"@graph\":[{\"@type\":\"WebPage\",\"@id\":\"https:\\\/\\\/www.coatresa.com\\\/fr\\\/groupe-coatresa-solutions-revetements\\\/\",\"url\":\"https:\\\/\\\/www.coatresa.com\\\/fr\\\/groupe-coatresa-solutions-revetements\\\/\",\"name\":\"Groupe Coatresa : Solutions de rev\u00eatements techniques - Coatresa\",\"isPartOf\":{\"@id\":\"https:\\\/\\\/www.coatresa.com\\\/fr\\\/#website\"},\"primaryImageOfPage\":{\"@id\":\"https:\\\/\\\/www.coatresa.com\\\/fr\\\/groupe-coatresa-solutions-revetements\\\/#primaryimage\"},\"image\":{\"@id\":\"https:\\\/\\\/www.coatresa.com\\\/fr\\\/groupe-coatresa-solutions-revetements\\\/#primaryimage\"},\"thumbnailUrl\":\"https:\\\/\\\/www.coatresa.com\\\/wp-content\\\/uploads\\\/2020\\\/02\\\/coatings-coatresa-group.png\",\"datePublished\":\"2017-09-22T08:52:57+00:00\",\"dateModified\":\"2021-10-01T07:38:51+00:00\",\"description\":\"Groupe Coatresa : des solutions en mati\u00e8re de rev\u00eatements techniques antiadh\u00e9rents et anticorrosifs pour l'industrie. Fabrication de moules de panification\",\"breadcrumb\":{\"@id\":\"https:\\\/\\\/www.coatresa.com\\\/fr\\\/groupe-coatresa-solutions-revetements\\\/#breadcrumb\"},\"inLanguage\":\"fr-FR\",\"potentialAction\":[{\"@type\":\"ReadAction\",\"target\":[\"https:\\\/\\\/www.coatresa.com\\\/fr\\\/groupe-coatresa-solutions-revetements\\\/\"]}]},{\"@type\":\"ImageObject\",\"inLanguage\":\"fr-FR\",\"@id\":\"https:\\\/\\\/www.coatresa.com\\\/fr\\\/groupe-coatresa-solutions-revetements\\\/#primaryimage\",\"url\":\"https:\\\/\\\/www.coatresa.com\\\/wp-content\\\/uploads\\\/2020\\\/02\\\/coatings-coatresa-group.png\",\"contentUrl\":\"https:\\\/\\\/www.coatresa.com\\\/wp-content\\\/uploads\\\/2020\\\/02\\\/coatings-coatresa-group.png\",\"width\":582,\"height\":164,\"caption\":\"Rev\u00eatements Coatresa Group\"},{\"@type\":\"BreadcrumbList\",\"@id\":\"https:\\\/\\\/www.coatresa.com\\\/fr\\\/groupe-coatresa-solutions-revetements\\\/#breadcrumb\",\"itemListElement\":[{\"@type\":\"ListItem\",\"position\":1,\"name\":\"Portada\",\"item\":\"https:\\\/\\\/www.coatresa.com\\\/fr\\\/\"},{\"@type\":\"ListItem\",\"position\":2,\"name\":\"Groupe Coatresa : Solutions de rev\u00eatements techniques\"}]},{\"@type\":\"WebSite\",\"@id\":\"https:\\\/\\\/www.coatresa.com\\\/fr\\\/#website\",\"url\":\"https:\\\/\\\/www.coatresa.com\\\/fr\\\/\",\"name\":\"Coatresa\",\"description\":\"Aplicaci\u00f3n de recubrimientos antiadherentes y anticorrosivos como el Teflon. Expertos del Powder Coating\",\"publisher\":{\"@id\":\"https:\\\/\\\/www.coatresa.com\\\/fr\\\/#organization\"},\"potentialAction\":[{\"@type\":\"SearchAction\",\"target\":{\"@type\":\"EntryPoint\",\"urlTemplate\":\"https:\\\/\\\/www.coatresa.com\\\/fr\\\/?s={search_term_string}\"},\"query-input\":{\"@type\":\"PropertyValueSpecification\",\"valueRequired\":true,\"valueName\":\"search_term_string\"}}],\"inLanguage\":\"fr-FR\"},{\"@type\":\"Organization\",\"@id\":\"https:\\\/\\\/www.coatresa.com\\\/fr\\\/#organization\",\"name\":\"Coatresa\",\"url\":\"https:\\\/\\\/www.coatresa.com\\\/fr\\\/\",\"logo\":{\"@type\":\"ImageObject\",\"inLanguage\":\"fr-FR\",\"@id\":\"https:\\\/\\\/www.coatresa.com\\\/fr\\\/#\\\/schema\\\/logo\\\/image\\\/\",\"url\":\"https:\\\/\\\/www.coatresa.com\\\/wp-content\\\/uploads\\\/2022\\\/07\\\/A_blava_mitja_transp.png\",\"contentUrl\":\"https:\\\/\\\/www.coatresa.com\\\/wp-content\\\/uploads\\\/2022\\\/07\\\/A_blava_mitja_transp.png\",\"width\":340,\"height\":326,\"caption\":\"Coatresa\"},\"image\":{\"@id\":\"https:\\\/\\\/www.coatresa.com\\\/fr\\\/#\\\/schema\\\/logo\\\/image\\\/\"},\"sameAs\":[\"https:\\\/\\\/www.facebook.com\\\/Coatresa\\\/\",\"https:\\\/\\\/x.com\\\/Coatresa\",\"https:\\\/\\\/www.linkedin.com\\\/company\\\/coatresa\\\/\",\"https:\\\/\\\/www.youtube.com\\\/user\\\/CoatresaCoatings\"]}]}<\/script>\n<!-- \/ Yoast SEO plugin. -->","yoast_head_json":{"title":"Groupe Coatresa : Solutions de rev\u00eatements techniques - Coatresa","description":"Groupe Coatresa : des solutions en mati\u00e8re de rev\u00eatements techniques antiadh\u00e9rents et anticorrosifs pour l'industrie. Fabrication de moules de panification","robots":{"index":"index","follow":"follow","max-snippet":"max-snippet:-1","max-image-preview":"max-image-preview:large","max-video-preview":"max-video-preview:-1"},"canonical":"https:\/\/www.coatresa.com\/fr\/groupe-coatresa-solutions-revetements\/","og_locale":"fr_FR","og_type":"article","og_title":"Groupe Coatresa : Solutions de rev\u00eatements techniques - Coatresa","og_description":"Groupe Coatresa : des solutions en mati\u00e8re de rev\u00eatements techniques antiadh\u00e9rents et anticorrosifs pour l'industrie. Fabrication de moules de panification","og_url":"https:\/\/www.coatresa.com\/fr\/groupe-coatresa-solutions-revetements\/","og_site_name":"Coatresa","article_publisher":"https:\/\/www.facebook.com\/Coatresa\/","article_modified_time":"2021-10-01T07:38:51+00:00","og_image":[{"width":582,"height":164,"url":"https:\/\/www.coatresa.com\/wp-content\/uploads\/2020\/02\/coatings-coatresa-group.png","type":"image\/png"}],"twitter_card":"summary_large_image","twitter_site":"@Coatresa","twitter_misc":{"Dur\u00e9e de lecture estim\u00e9e":"2 minutes"},"schema":{"@context":"https:\/\/schema.org","@graph":[{"@type":"WebPage","@id":"https:\/\/www.coatresa.com\/fr\/groupe-coatresa-solutions-revetements\/","url":"https:\/\/www.coatresa.com\/fr\/groupe-coatresa-solutions-revetements\/","name":"Groupe Coatresa : Solutions de rev\u00eatements techniques - Coatresa","isPartOf":{"@id":"https:\/\/www.coatresa.com\/fr\/#website"},"primaryImageOfPage":{"@id":"https:\/\/www.coatresa.com\/fr\/groupe-coatresa-solutions-revetements\/#primaryimage"},"image":{"@id":"https:\/\/www.coatresa.com\/fr\/groupe-coatresa-solutions-revetements\/#primaryimage"},"thumbnailUrl":"https:\/\/www.coatresa.com\/wp-content\/uploads\/2020\/02\/coatings-coatresa-group.png","datePublished":"2017-09-22T08:52:57+00:00","dateModified":"2021-10-01T07:38:51+00:00","description":"Groupe Coatresa : des solutions en mati\u00e8re de rev\u00eatements techniques antiadh\u00e9rents et anticorrosifs pour l'industrie. Fabrication de moules de panification","breadcrumb":{"@id":"https:\/\/www.coatresa.com\/fr\/groupe-coatresa-solutions-revetements\/#breadcrumb"},"inLanguage":"fr-FR","potentialAction":[{"@type":"ReadAction","target":["https:\/\/www.coatresa.com\/fr\/groupe-coatresa-solutions-revetements\/"]}]},{"@type":"ImageObject","inLanguage":"fr-FR","@id":"https:\/\/www.coatresa.com\/fr\/groupe-coatresa-solutions-revetements\/#primaryimage","url":"https:\/\/www.coatresa.com\/wp-content\/uploads\/2020\/02\/coatings-coatresa-group.png","contentUrl":"https:\/\/www.coatresa.com\/wp-content\/uploads\/2020\/02\/coatings-coatresa-group.png","width":582,"height":164,"caption":"Rev\u00eatements Coatresa Group"},{"@type":"BreadcrumbList","@id":"https:\/\/www.coatresa.com\/fr\/groupe-coatresa-solutions-revetements\/#breadcrumb","itemListElement":[{"@type":"ListItem","position":1,"name":"Portada","item":"https:\/\/www.coatresa.com\/fr\/"},{"@type":"ListItem","position":2,"name":"Groupe Coatresa : Solutions de rev\u00eatements techniques"}]},{"@type":"WebSite","@id":"https:\/\/www.coatresa.com\/fr\/#website","url":"https:\/\/www.coatresa.com\/fr\/","name":"Coatresa","description":"Aplicaci\u00f3n de recubrimientos antiadherentes y anticorrosivos como el Teflon. Expertos del Powder Coating","publisher":{"@id":"https:\/\/www.coatresa.com\/fr\/#organization"},"potentialAction":[{"@type":"SearchAction","target":{"@type":"EntryPoint","urlTemplate":"https:\/\/www.coatresa.com\/fr\/?s={search_term_string}"},"query-input":{"@type":"PropertyValueSpecification","valueRequired":true,"valueName":"search_term_string"}}],"inLanguage":"fr-FR"},{"@type":"Organization","@id":"https:\/\/www.coatresa.com\/fr\/#organization","name":"Coatresa","url":"https:\/\/www.coatresa.com\/fr\/","logo":{"@type":"ImageObject","inLanguage":"fr-FR","@id":"https:\/\/www.coatresa.com\/fr\/#\/schema\/logo\/image\/","url":"https:\/\/www.coatresa.com\/wp-content\/uploads\/2022\/07\/A_blava_mitja_transp.png","contentUrl":"https:\/\/www.coatresa.com\/wp-content\/uploads\/2022\/07\/A_blava_mitja_transp.png","width":340,"height":326,"caption":"Coatresa"},"image":{"@id":"https:\/\/www.coatresa.com\/fr\/#\/schema\/logo\/image\/"},"sameAs":["https:\/\/www.facebook.com\/Coatresa\/","https:\/\/x.com\/Coatresa","https:\/\/www.linkedin.com\/company\/coatresa\/","https:\/\/www.youtube.com\/user\/CoatresaCoatings"]}]}},"_links":{"self":[{"href":"https:\/\/www.coatresa.com\/fr\/wp-json\/wp\/v2\/pages\/10241","targetHints":{"allow":["GET"]}}],"collection":[{"href":"https:\/\/www.coatresa.com\/fr\/wp-json\/wp\/v2\/pages"}],"about":[{"href":"https:\/\/www.coatresa.com\/fr\/wp-json\/wp\/v2\/types\/page"}],"author":[{"embeddable":true,"href":"https:\/\/www.coatresa.com\/fr\/wp-json\/wp\/v2\/users\/1"}],"replies":[{"embeddable":true,"href":"https:\/\/www.coatresa.com\/fr\/wp-json\/wp\/v2\/comments?post=10241"}],"version-history":[{"count":0,"href":"https:\/\/www.coatresa.com\/fr\/wp-json\/wp\/v2\/pages\/10241\/revisions"}],"wp:featuredmedia":[{"embeddable":true,"href":"https:\/\/www.coatresa.com\/fr\/wp-json\/wp\/v2\/media\/18732"}],"wp:attachment":[{"href":"https:\/\/www.coatresa.com\/fr\/wp-json\/wp\/v2\/media?parent=10241"}],"curies":[{"name":"wp","href":"https:\/\/api.w.org\/{rel}","templated":true}]}}