{"id":10303,"date":"2018-02-01T17:28:43","date_gmt":"2018-02-01T16:28:43","guid":{"rendered":"http:\/\/coatresa.com\/testrong-coatings\/"},"modified":"2018-09-06T19:36:34","modified_gmt":"2018-09-06T17:36:34","slug":"testrong-coatings","status":"publish","type":"page","link":"https:\/\/www.coatresa.com\/fr\/testrong-coatings\/","title":{"rendered":"Testrong coatings"},"content":{"rendered":"<div id=\"pl-10303\"  class=\"panel-layout\" ><div id=\"pg-10303-0\"  class=\"panel-grid panel-has-style\" ><div style=\"padding: 0px 0; \" data-overlay=\"true\" data-overlay-color=\"#000000\" class=\"panel-row-style panel-row-style-for-10303-0\" ><div id=\"pgc-10303-0-0\"  class=\"panel-grid-cell\" ><div id=\"panel-10303-0-0-0\" class=\"so-panel widget_sow-image panel-first-child\" data-index=\"0\" ><div style=\"text-align: left;\" data-title-color=\"#47425d\" data-headings-color=\"#443f3f\" data-title_alignment=\"center\" class=\"panel-widget-style panel-widget-style-for-10303-0-0-0\" ><div\n\t\t\t\n\t\t\tclass=\"so-widget-sow-image so-widget-sow-image-default-c67d20f9f743-10303\"\n\t\t\t\n\t\t>\n<div class=\"sow-image-container\">\n\t\t<img \n\tsrc=\"https:\/\/www.coatresa.com\/wp-content\/uploads\/2018\/02\/testrong-coatings-by-coatresa-230x71.png\" width=\"230\" height=\"71\" srcset=\"https:\/\/www.coatresa.com\/wp-content\/uploads\/2018\/02\/testrong-coatings-by-coatresa-230x71.png 230w, https:\/\/www.coatresa.com\/wp-content\/uploads\/2018\/02\/testrong-coatings-by-coatresa-300x92.png 300w, https:\/\/www.coatresa.com\/wp-content\/uploads\/2018\/02\/testrong-coatings-by-coatresa-350x108.png 350w, https:\/\/www.coatresa.com\/wp-content\/uploads\/2018\/02\/testrong-coatings-by-coatresa.png 432w\" sizes=\"(max-width: 230px) 100vw, 230px\" title=\"testrong coatings by coatresa\" alt=\"testrong coatings by coatresa\" \t\tclass=\"so-widget-image\"\/>\n\t<\/div>\n\n<\/div><\/div><\/div><div id=\"panel-10303-0-0-1\" class=\"so-panel widget_sow-editor panel-last-child\" data-index=\"1\" ><div style=\"text-align: left;\" data-title-color=\"#47425d\" data-headings-color=\"#443f3f\" data-title_alignment=\"center\" class=\"panel-widget-style panel-widget-style-for-10303-0-0-1\" ><div\n\t\t\t\n\t\t\tclass=\"so-widget-sow-editor so-widget-sow-editor-base\"\n\t\t\t\n\t\t>\n<div class=\"siteorigin-widget-tinymce textwidget\">\n\t<h1 style=\"text-align: center;\">Testrong coatings : rev\u00eatements pour la panification<\/h1>\n<hr \/>\n<p style=\"text-align: justify;\">COATRESA a toujours cru et mis\u00e9 sur l\u2019investissement constant en R&D. <b>Testrong<\/b>\u00ae est issu de notre service R&D, fort de 30 ans d\u2019exp\u00e9rience dans le monde des <b>rev\u00eatements antiadh\u00e9rents pour l\u2019industrie du pain<\/b>.<\/p>\n<p style=\"text-align: justify;\">Les syst\u00e8mes <b>Testrong<\/b>\u00ae, \u00e0 base de fluoropolym\u00e8res (PTFE, PFA, MFA, FEP, etc.) et de silicones,\u00a0r\u00e9pondent aux besoins du fabricant boulanger. Testrong\u00ae est une gamme de rev\u00eatements antiadh\u00e9rents dernier cri con\u00e7ue apr\u00e8s la combinaison et l\u2019application ad\u00e9quate des meilleurs produits du march\u00e9 pour offrir et fournir un rev\u00eatement de meilleure qualit\u00e9 et rendement pour l\u2019industrie de panification tout en contribuant \u00e0 la r\u00e9duction des co\u00fbts gr\u00e2ce \u00e0 sa long\u00e9vit\u00e9. Gr\u00e2ce \u00e0 nos recherches continues et \u00e0 notre \u00e9troite collaboration avec les principaux fabricants de mati\u00e8re premi\u00e8re \u00e0 l\u2019\u00e9chelle mondiale, Testrong\u00ae est en constante \u00e9volution pour toujours donner un avantage optimal au boulanger.<\/p>\n<p style=\"text-align: justify;\">Notre large gamme de rev\u00eatements Testrong\u00ae permet d\u2019\u00e9liminer l\u2019utilisation d\u2019huiles et\/ou d\u2019agents d\u00e9moulants sur les lignes de production.<\/p>\n<\/div>\n<\/div><\/div><\/div><\/div><\/div><\/div><div id=\"pg-10303-1\"  class=\"panel-grid panel-has-style\" ><div style=\"padding: 0px 0; \" data-overlay=\"true\" data-overlay-color=\"#000000\" class=\"panel-row-style panel-row-style-for-10303-1\" ><div id=\"pgc-10303-1-0\"  class=\"panel-grid-cell\" ><div id=\"panel-10303-1-0-0\" class=\"so-panel widget_sow-image panel-first-child panel-last-child\" data-index=\"2\" ><div style=\"text-align: left;\" data-title-color=\"#47425d\" data-headings-color=\"#443f3f\" data-title_alignment=\"center\" class=\"panel-widget-style panel-widget-style-for-10303-1-0-0\" ><div\n\t\t\t\n\t\t\tclass=\"so-widget-sow-image so-widget-sow-image-default-c67d20f9f743-10303\"\n\t\t\t\n\t\t>\n<div class=\"sow-image-container\">\n\t\t<img \n\tsrc=\"https:\/\/www.coatresa.com\/wp-content\/uploads\/2018\/02\/recubrimientos-testrong-coatings.jpg\" width=\"714\" height=\"222\" srcset=\"https:\/\/www.coatresa.com\/wp-content\/uploads\/2018\/02\/recubrimientos-testrong-coatings.jpg 714w, https:\/\/www.coatresa.com\/wp-content\/uploads\/2018\/02\/recubrimientos-testrong-coatings-300x93.jpg 300w, https:\/\/www.coatresa.com\/wp-content\/uploads\/2018\/02\/recubrimientos-testrong-coatings-230x72.jpg 230w, https:\/\/www.coatresa.com\/wp-content\/uploads\/2018\/02\/recubrimientos-testrong-coatings-350x109.jpg 350w, https:\/\/www.coatresa.com\/wp-content\/uploads\/2018\/02\/recubrimientos-testrong-coatings-480x149.jpg 480w\" sizes=\"(max-width: 714px) 100vw, 714px\" title=\"recubrimientos testrong coatings\" alt=\"recubrimientos testrong coatings\" \t\tclass=\"so-widget-image\"\/>\n\t<\/div>\n\n<\/div><\/div><\/div><\/div><\/div><\/div><div id=\"pg-10303-2\"  class=\"panel-grid panel-has-style\" ><div class=\"FRANJA-BLAVA-TITOL siteorigin-panels-stretch panel-row-style panel-row-style-for-10303-2\" style=\"padding: 13px 0; \" data-stretch-type=\"full\" data-overlay=\"true\" data-overlay-color=\"#000000\" ><div id=\"pgc-10303-2-0\"  class=\"panel-grid-cell\" ><div id=\"panel-10303-2-0-0\" class=\"so-panel widget_sow-editor panel-first-child panel-last-child\" data-index=\"3\" ><div style=\"text-align: left;\" data-title-color=\"#47425d\" data-headings-color=\"#443f3f\" data-title_alignment=\"center\" class=\"panel-widget-style panel-widget-style-for-10303-2-0-0\" ><div\n\t\t\t\n\t\t\tclass=\"so-widget-sow-editor so-widget-sow-editor-base\"\n\t\t\t\n\t\t>\n<div class=\"siteorigin-widget-tinymce textwidget\">\n\t<h2 style=\"text-align: center;\">Avantage de Testrong Coatings<\/h2><\/div>\n<\/div><\/div><\/div><\/div><\/div><\/div><div id=\"pg-10303-3\"  class=\"panel-grid panel-has-style\" ><div class=\"BGC-GRIS siteorigin-panels-stretch panel-row-style panel-row-style-for-10303-3\" style=\"padding: 40px 0; \" data-stretch-type=\"full\" data-overlay=\"true\" data-overlay-color=\"#000000\" ><div id=\"pgc-10303-3-0\"  class=\"panel-grid-cell\" ><div id=\"panel-10303-3-0-0\" class=\"so-panel widget_siteorigin-panels-builder panel-first-child panel-last-child\" data-index=\"4\" ><div style=\"text-align: left;\" data-title-color=\"#47425d\" data-headings-color=\"#443f3f\" data-title_alignment=\"center\" class=\"panel-widget-style panel-widget-style-for-10303-3-0-0\" ><div id=\"pl-w5b8cfc8dd2258\"  class=\"panel-layout\" ><div id=\"pg-w5b8cfc8dd2258-0\"  class=\"panel-grid panel-has-style\" ><div style=\"padding: 0px 0; \" data-overlay=\"true\" data-overlay-color=\"#000000\" class=\"panel-row-style panel-row-style-for-w5b8cfc8dd2258-0\" ><div id=\"pgc-w5b8cfc8dd2258-0-0\"  class=\"panel-grid-cell\" ><div id=\"panel-w5b8cfc8dd2258-0-0-0\" class=\"so-panel widget_sow-editor panel-first-child panel-last-child\" data-index=\"0\" ><div class=\"TEXTOS-DESTACATS panel-widget-style panel-widget-style-for-w5b8cfc8dd2258-0-0-0\" style=\"text-align: left;\" data-title-color=\"#47425d\" data-headings-color=\"#443f3f\" data-title_alignment=\"center\" ><div\n\t\t\t\n\t\t\tclass=\"so-widget-sow-editor so-widget-sow-editor-base\"\n\t\t\t\n\t\t>\n<div class=\"siteorigin-widget-tinymce textwidget\">\n\t<p style=\"text-align: center;\">Les syst\u00e8mes Testrong\u00ae offrent de multiples avantages aux fabricants de pain et de viennoiseries\u00a0:<\/p>\n<\/div>\n<\/div><\/div><\/div><\/div><\/div><\/div><div id=\"pg-w5b8cfc8dd2258-1\"  class=\"panel-grid panel-has-style\" ><div style=\"padding: 0px 0; \" data-overlay=\"true\" data-overlay-color=\"#000000\" class=\"panel-row-style panel-row-style-for-w5b8cfc8dd2258-1\" ><div id=\"pgc-w5b8cfc8dd2258-1-0\"  class=\"panel-grid-cell\" ><div id=\"panel-w5b8cfc8dd2258-1-0-0\" class=\"so-panel widget_sow-editor panel-first-child panel-last-child\" data-index=\"1\" ><div class=\"TITOL-REQUADRE TEXTOS-DESTACATS panel-widget-style panel-widget-style-for-w5b8cfc8dd2258-1-0-0\" style=\"text-align: left;\" data-title-color=\"#47425d\" data-headings-color=\"#443f3f\" data-title_alignment=\"center\" ><div\n\t\t\t\n\t\t\tclass=\"so-widget-sow-editor so-widget-sow-editor-base\"\n\t\t\t\n\t\t>\n<div class=\"siteorigin-widget-tinymce textwidget\">\n\t<p>\u00c9conomie de co\u00fbts<\/p>\n<\/div>\n<\/div><\/div><\/div><\/div><div id=\"pgc-w5b8cfc8dd2258-1-1\"  class=\"panel-grid-cell\" ><div id=\"panel-w5b8cfc8dd2258-1-1-0\" class=\"so-panel widget_sow-editor panel-first-child panel-last-child\" data-index=\"2\" ><div style=\"text-align: left;\" data-title-color=\"#47425d\" data-headings-color=\"#443f3f\" data-title_alignment=\"center\" class=\"panel-widget-style panel-widget-style-for-w5b8cfc8dd2258-1-1-0\" ><div\n\t\t\t\n\t\t\tclass=\"so-widget-sow-editor so-widget-sow-editor-base\"\n\t\t\t\n\t\t>\n<div class=\"siteorigin-widget-tinymce textwidget\">\n\t<ul>\n<li>Suppression d\u2019huiles et d\u00e9mouleurs<\/li>\n<li>R\u00e9duction du co\u00fbt de nettoyage et de maintenance dans l\u2019usine<\/li>\n<\/ul>\n<\/div>\n<\/div><\/div><\/div><\/div><\/div><\/div><div id=\"pg-w5b8cfc8dd2258-2\"  class=\"panel-grid panel-has-style\" ><div style=\"padding: 0px 0; \" data-overlay=\"true\" data-overlay-color=\"#000000\" class=\"panel-row-style panel-row-style-for-w5b8cfc8dd2258-2\" ><div id=\"pgc-w5b8cfc8dd2258-2-0\"  class=\"panel-grid-cell\" ><div id=\"panel-w5b8cfc8dd2258-2-0-0\" class=\"so-panel widget_sow-editor panel-first-child panel-last-child\" data-index=\"3\" ><div class=\"TITOL-REQUADRE TEXTOS-DESTACATS panel-widget-style panel-widget-style-for-w5b8cfc8dd2258-2-0-0\" style=\"text-align: left;\" data-title-color=\"#47425d\" data-headings-color=\"#443f3f\" data-title_alignment=\"center\" ><div\n\t\t\t\n\t\t\tclass=\"so-widget-sow-editor so-widget-sow-editor-base\"\n\t\t\t\n\t\t>\n<div class=\"siteorigin-widget-tinymce textwidget\">\n\t<p>Optimisation du rendement<\/p>\n<\/div>\n<\/div><\/div><\/div><\/div><div id=\"pgc-w5b8cfc8dd2258-2-1\"  class=\"panel-grid-cell\" ><div id=\"panel-w5b8cfc8dd2258-2-1-0\" class=\"so-panel widget_sow-editor panel-first-child panel-last-child\" data-index=\"4\" ><div style=\"text-align: left;\" data-title-color=\"#47425d\" data-headings-color=\"#443f3f\" data-title_alignment=\"center\" class=\"panel-widget-style panel-widget-style-for-w5b8cfc8dd2258-2-1-0\" ><div\n\t\t\t\n\t\t\tclass=\"so-widget-sow-editor so-widget-sow-editor-base\"\n\t\t\t\n\t\t>\n<div class=\"siteorigin-widget-tinymce textwidget\">\n\t<ul>\n<li>D\u00e9moulage optimal du produit<\/li>\n<li>R\u00e9duction des pertes<\/li>\n<li>Optimisation de la productivit\u00e9 et de la qualit\u00e9 du produit<\/li>\n<\/ul>\n<\/div>\n<\/div><\/div><\/div><\/div><\/div><\/div><div id=\"pg-w5b8cfc8dd2258-3\"  class=\"panel-grid panel-has-style\" ><div style=\"padding: 0px 0; \" data-overlay=\"true\" data-overlay-color=\"#000000\" class=\"panel-row-style panel-row-style-for-w5b8cfc8dd2258-3\" ><div id=\"pgc-w5b8cfc8dd2258-3-0\"  class=\"panel-grid-cell\" ><div id=\"panel-w5b8cfc8dd2258-3-0-0\" class=\"so-panel widget_sow-editor panel-first-child panel-last-child\" data-index=\"5\" ><div class=\"TITOL-REQUADRE TEXTOS-DESTACATS panel-widget-style panel-widget-style-for-w5b8cfc8dd2258-3-0-0\" style=\"text-align: left;\" data-title-color=\"#47425d\" data-headings-color=\"#443f3f\" data-title_alignment=\"center\" ><div\n\t\t\t\n\t\t\tclass=\"so-widget-sow-editor so-widget-sow-editor-base\"\n\t\t\t\n\t\t>\n<div class=\"siteorigin-widget-tinymce textwidget\">\n\t<p>Meilleure qualit\u00e9 du produit fini<\/p>\n<\/div>\n<\/div><\/div><\/div><\/div><div id=\"pgc-w5b8cfc8dd2258-3-1\"  class=\"panel-grid-cell\" ><div id=\"panel-w5b8cfc8dd2258-3-1-0\" class=\"so-panel widget_sow-editor panel-first-child panel-last-child\" data-index=\"6\" ><div style=\"text-align: left;\" data-title-color=\"#47425d\" data-headings-color=\"#443f3f\" data-title_alignment=\"center\" class=\"panel-widget-style panel-widget-style-for-w5b8cfc8dd2258-3-1-0\" ><div\n\t\t\t\n\t\t\tclass=\"so-widget-sow-editor so-widget-sow-editor-base\"\n\t\t\t\n\t\t>\n<div class=\"siteorigin-widget-tinymce textwidget\">\n\t<ul>\n<li>Long\u00e9vit\u00e9 accrue du pain sur le point de vente<\/li>\n<li>Meilleur aspect du produit\u00a0: cro\u00fbte lisse et r\u00e9guli\u00e8re sans incrustations<\/li>\n<li>Uniformit\u00e9 du pain et consistance du produit fini<\/li>\n<li>Aucune influence sur le go\u00fbt du produit fini<\/li>\n<\/ul>\n<\/div>\n<\/div><\/div><\/div><\/div><\/div><\/div><\/div><\/div><\/div><\/div><\/div><\/div><div id=\"pg-10303-4\"  class=\"panel-grid panel-has-style\" ><div class=\"siteorigin-panels-stretch panel-row-style panel-row-style-for-10303-4\" style=\"background-image: url(https:\/\/www.coatresa.com\/wp-content\/uploads\/2018\/02\/testrong-coatings.jpg);padding: 100px 0; \" data-stretch-type=\"full\" data-hasbg=\"hasbg\" data-overlay=\"true\" data-overlay-color=\"#000000\" ><div id=\"pgc-10303-4-0\"  class=\"panel-grid-cell\" ><div id=\"panel-10303-4-0-0\" class=\"so-panel widget_sow-editor panel-first-child panel-last-child\" data-index=\"5\" ><div class=\"TEXTOS-DESTACATS-PRE-FOOTER blanc panel-widget-style panel-widget-style-for-10303-4-0-0\" style=\"text-align: left;\" data-title-color=\"#47425d\" data-headings-color=\"#443f3f\" data-title_alignment=\"center\" ><div\n\t\t\t\n\t\t\tclass=\"so-widget-sow-editor so-widget-sow-editor-base\"\n\t\t\t\n\t\t>\n<div class=\"siteorigin-widget-tinymce textwidget\">\n\t<p style=\"text-align: center;\">Tous nos syst\u00e8mes de rev\u00eatements Testrong\u00ae ont \u00e9t\u00e9 jug\u00e9s aptes au contact alimentaire conform\u00e9ment aux\nr\u00e8glementations nationales et internationales, ainsi disposent de certificats de migration d\u00e9livr\u00e9s par un laboratoire allemand ind\u00e9pendant.<\/p><\/div>\n<\/div><\/div><\/div><\/div><\/div><\/div><\/div>","protected":false},"excerpt":{"rendered":"<p>Testrong coatings : rev\u00eatements pour la panification COATRESA a toujours cru et mis\u00e9 sur l\u2019investissement constant en R&#038;D. Testrong\u00ae est issu de [&hellip;]<\/p>\n","protected":false},"author":1,"featured_media":6424,"parent":0,"menu_order":0,"comment_status":"closed","ping_status":"closed","template":"page-templates\/page_fullwidth.php","meta":{"footnotes":""},"class_list":["post-10303","page","type-page","status-publish","has-post-thumbnail","hentry"],"yoast_head":"<!-- This site is optimized with the Yoast SEO plugin v27.6 - https:\/\/yoast.com\/product\/yoast-seo-wordpress\/ -->\n<title>Testrong coatings - Coatresa<\/title>\n<meta name=\"description\" content=\"Testrong coatings : rev\u00eatements antiadh\u00e9rents pour l\u2019industrie du pain. D\u00e9couvrez-en les avantages pour la panification et la viennoiserie. Renseignez-vous!\" \/>\n<meta name=\"robots\" content=\"index, follow, max-snippet:-1, max-image-preview:large, max-video-preview:-1\" \/>\n<link rel=\"canonical\" href=\"https:\/\/www.coatresa.com\/fr\/testrong-coatings\/\" \/>\n<meta property=\"og:locale\" content=\"fr_FR\" \/>\n<meta property=\"og:type\" content=\"article\" \/>\n<meta property=\"og:title\" content=\"Testrong coatings - Coatresa\" \/>\n<meta property=\"og:description\" content=\"Testrong coatings : rev\u00eatements antiadh\u00e9rents pour l\u2019industrie du pain. D\u00e9couvrez-en les avantages pour la panification et la viennoiserie. Renseignez-vous!\" \/>\n<meta property=\"og:url\" content=\"https:\/\/www.coatresa.com\/fr\/testrong-coatings\/\" \/>\n<meta property=\"og:site_name\" content=\"Coatresa\" \/>\n<meta property=\"article:publisher\" content=\"https:\/\/www.facebook.com\/Coatresa\/\" \/>\n<meta property=\"article:modified_time\" content=\"2018-09-06T17:36:34+00:00\" \/>\n<meta property=\"og:image\" content=\"https:\/\/www.coatresa.com\/wp-content\/uploads\/2018\/02\/testrong-coatings-by-coatresa.png\" \/>\n\t<meta property=\"og:image:width\" content=\"432\" \/>\n\t<meta property=\"og:image:height\" content=\"133\" \/>\n\t<meta property=\"og:image:type\" content=\"image\/png\" \/>\n<meta name=\"twitter:card\" content=\"summary_large_image\" \/>\n<meta name=\"twitter:site\" content=\"@Coatresa\" \/>\n<meta name=\"twitter:label1\" content=\"Dur\u00e9e de lecture estim\u00e9e\" \/>\n\t<meta name=\"twitter:data1\" content=\"2 minutes\" \/>\n<script type=\"application\/ld+json\" class=\"yoast-schema-graph\">{\"@context\":\"https:\\\/\\\/schema.org\",\"@graph\":[{\"@type\":\"WebPage\",\"@id\":\"https:\\\/\\\/www.coatresa.com\\\/fr\\\/testrong-coatings\\\/\",\"url\":\"https:\\\/\\\/www.coatresa.com\\\/fr\\\/testrong-coatings\\\/\",\"name\":\"Testrong coatings - Coatresa\",\"isPartOf\":{\"@id\":\"https:\\\/\\\/www.coatresa.com\\\/fr\\\/#website\"},\"primaryImageOfPage\":{\"@id\":\"https:\\\/\\\/www.coatresa.com\\\/fr\\\/testrong-coatings\\\/#primaryimage\"},\"image\":{\"@id\":\"https:\\\/\\\/www.coatresa.com\\\/fr\\\/testrong-coatings\\\/#primaryimage\"},\"thumbnailUrl\":\"https:\\\/\\\/www.coatresa.com\\\/wp-content\\\/uploads\\\/2018\\\/02\\\/testrong-coatings-by-coatresa.png\",\"datePublished\":\"2018-02-01T16:28:43+00:00\",\"dateModified\":\"2018-09-06T17:36:34+00:00\",\"description\":\"Testrong coatings : rev\u00eatements antiadh\u00e9rents pour l\u2019industrie du pain. D\u00e9couvrez-en les avantages pour la panification et la viennoiserie. Renseignez-vous!\",\"breadcrumb\":{\"@id\":\"https:\\\/\\\/www.coatresa.com\\\/fr\\\/testrong-coatings\\\/#breadcrumb\"},\"inLanguage\":\"fr-FR\",\"potentialAction\":[{\"@type\":\"ReadAction\",\"target\":[\"https:\\\/\\\/www.coatresa.com\\\/fr\\\/testrong-coatings\\\/\"]}]},{\"@type\":\"ImageObject\",\"inLanguage\":\"fr-FR\",\"@id\":\"https:\\\/\\\/www.coatresa.com\\\/fr\\\/testrong-coatings\\\/#primaryimage\",\"url\":\"https:\\\/\\\/www.coatresa.com\\\/wp-content\\\/uploads\\\/2018\\\/02\\\/testrong-coatings-by-coatresa.png\",\"contentUrl\":\"https:\\\/\\\/www.coatresa.com\\\/wp-content\\\/uploads\\\/2018\\\/02\\\/testrong-coatings-by-coatresa.png\",\"width\":432,\"height\":133},{\"@type\":\"BreadcrumbList\",\"@id\":\"https:\\\/\\\/www.coatresa.com\\\/fr\\\/testrong-coatings\\\/#breadcrumb\",\"itemListElement\":[{\"@type\":\"ListItem\",\"position\":1,\"name\":\"Portada\",\"item\":\"https:\\\/\\\/www.coatresa.com\\\/fr\\\/\"},{\"@type\":\"ListItem\",\"position\":2,\"name\":\"Testrong coatings\"}]},{\"@type\":\"WebSite\",\"@id\":\"https:\\\/\\\/www.coatresa.com\\\/fr\\\/#website\",\"url\":\"https:\\\/\\\/www.coatresa.com\\\/fr\\\/\",\"name\":\"Coatresa\",\"description\":\"Aplicaci\u00f3n de recubrimientos antiadherentes y anticorrosivos como el Teflon. Expertos del Powder Coating\",\"publisher\":{\"@id\":\"https:\\\/\\\/www.coatresa.com\\\/fr\\\/#organization\"},\"potentialAction\":[{\"@type\":\"SearchAction\",\"target\":{\"@type\":\"EntryPoint\",\"urlTemplate\":\"https:\\\/\\\/www.coatresa.com\\\/fr\\\/?s={search_term_string}\"},\"query-input\":{\"@type\":\"PropertyValueSpecification\",\"valueRequired\":true,\"valueName\":\"search_term_string\"}}],\"inLanguage\":\"fr-FR\"},{\"@type\":\"Organization\",\"@id\":\"https:\\\/\\\/www.coatresa.com\\\/fr\\\/#organization\",\"name\":\"Coatresa\",\"url\":\"https:\\\/\\\/www.coatresa.com\\\/fr\\\/\",\"logo\":{\"@type\":\"ImageObject\",\"inLanguage\":\"fr-FR\",\"@id\":\"https:\\\/\\\/www.coatresa.com\\\/fr\\\/#\\\/schema\\\/logo\\\/image\\\/\",\"url\":\"https:\\\/\\\/www.coatresa.com\\\/wp-content\\\/uploads\\\/2022\\\/07\\\/A_blava_mitja_transp.png\",\"contentUrl\":\"https:\\\/\\\/www.coatresa.com\\\/wp-content\\\/uploads\\\/2022\\\/07\\\/A_blava_mitja_transp.png\",\"width\":340,\"height\":326,\"caption\":\"Coatresa\"},\"image\":{\"@id\":\"https:\\\/\\\/www.coatresa.com\\\/fr\\\/#\\\/schema\\\/logo\\\/image\\\/\"},\"sameAs\":[\"https:\\\/\\\/www.facebook.com\\\/Coatresa\\\/\",\"https:\\\/\\\/x.com\\\/Coatresa\",\"https:\\\/\\\/www.linkedin.com\\\/company\\\/coatresa\\\/\",\"https:\\\/\\\/www.youtube.com\\\/user\\\/CoatresaCoatings\"]}]}<\/script>\n<!-- \/ Yoast SEO plugin. -->","yoast_head_json":{"title":"Testrong coatings - Coatresa","description":"Testrong coatings : rev\u00eatements antiadh\u00e9rents pour l\u2019industrie du pain. D\u00e9couvrez-en les avantages pour la panification et la viennoiserie. Renseignez-vous!","robots":{"index":"index","follow":"follow","max-snippet":"max-snippet:-1","max-image-preview":"max-image-preview:large","max-video-preview":"max-video-preview:-1"},"canonical":"https:\/\/www.coatresa.com\/fr\/testrong-coatings\/","og_locale":"fr_FR","og_type":"article","og_title":"Testrong coatings - Coatresa","og_description":"Testrong coatings : rev\u00eatements antiadh\u00e9rents pour l\u2019industrie du pain. D\u00e9couvrez-en les avantages pour la panification et la viennoiserie. Renseignez-vous!","og_url":"https:\/\/www.coatresa.com\/fr\/testrong-coatings\/","og_site_name":"Coatresa","article_publisher":"https:\/\/www.facebook.com\/Coatresa\/","article_modified_time":"2018-09-06T17:36:34+00:00","og_image":[{"width":432,"height":133,"url":"https:\/\/www.coatresa.com\/wp-content\/uploads\/2018\/02\/testrong-coatings-by-coatresa.png","type":"image\/png"}],"twitter_card":"summary_large_image","twitter_site":"@Coatresa","twitter_misc":{"Dur\u00e9e de lecture estim\u00e9e":"2 minutes"},"schema":{"@context":"https:\/\/schema.org","@graph":[{"@type":"WebPage","@id":"https:\/\/www.coatresa.com\/fr\/testrong-coatings\/","url":"https:\/\/www.coatresa.com\/fr\/testrong-coatings\/","name":"Testrong coatings - Coatresa","isPartOf":{"@id":"https:\/\/www.coatresa.com\/fr\/#website"},"primaryImageOfPage":{"@id":"https:\/\/www.coatresa.com\/fr\/testrong-coatings\/#primaryimage"},"image":{"@id":"https:\/\/www.coatresa.com\/fr\/testrong-coatings\/#primaryimage"},"thumbnailUrl":"https:\/\/www.coatresa.com\/wp-content\/uploads\/2018\/02\/testrong-coatings-by-coatresa.png","datePublished":"2018-02-01T16:28:43+00:00","dateModified":"2018-09-06T17:36:34+00:00","description":"Testrong coatings : rev\u00eatements antiadh\u00e9rents pour l\u2019industrie du pain. D\u00e9couvrez-en les avantages pour la panification et la viennoiserie. Renseignez-vous!","breadcrumb":{"@id":"https:\/\/www.coatresa.com\/fr\/testrong-coatings\/#breadcrumb"},"inLanguage":"fr-FR","potentialAction":[{"@type":"ReadAction","target":["https:\/\/www.coatresa.com\/fr\/testrong-coatings\/"]}]},{"@type":"ImageObject","inLanguage":"fr-FR","@id":"https:\/\/www.coatresa.com\/fr\/testrong-coatings\/#primaryimage","url":"https:\/\/www.coatresa.com\/wp-content\/uploads\/2018\/02\/testrong-coatings-by-coatresa.png","contentUrl":"https:\/\/www.coatresa.com\/wp-content\/uploads\/2018\/02\/testrong-coatings-by-coatresa.png","width":432,"height":133},{"@type":"BreadcrumbList","@id":"https:\/\/www.coatresa.com\/fr\/testrong-coatings\/#breadcrumb","itemListElement":[{"@type":"ListItem","position":1,"name":"Portada","item":"https:\/\/www.coatresa.com\/fr\/"},{"@type":"ListItem","position":2,"name":"Testrong coatings"}]},{"@type":"WebSite","@id":"https:\/\/www.coatresa.com\/fr\/#website","url":"https:\/\/www.coatresa.com\/fr\/","name":"Coatresa","description":"Aplicaci\u00f3n de recubrimientos antiadherentes y anticorrosivos como el Teflon. Expertos del Powder Coating","publisher":{"@id":"https:\/\/www.coatresa.com\/fr\/#organization"},"potentialAction":[{"@type":"SearchAction","target":{"@type":"EntryPoint","urlTemplate":"https:\/\/www.coatresa.com\/fr\/?s={search_term_string}"},"query-input":{"@type":"PropertyValueSpecification","valueRequired":true,"valueName":"search_term_string"}}],"inLanguage":"fr-FR"},{"@type":"Organization","@id":"https:\/\/www.coatresa.com\/fr\/#organization","name":"Coatresa","url":"https:\/\/www.coatresa.com\/fr\/","logo":{"@type":"ImageObject","inLanguage":"fr-FR","@id":"https:\/\/www.coatresa.com\/fr\/#\/schema\/logo\/image\/","url":"https:\/\/www.coatresa.com\/wp-content\/uploads\/2022\/07\/A_blava_mitja_transp.png","contentUrl":"https:\/\/www.coatresa.com\/wp-content\/uploads\/2022\/07\/A_blava_mitja_transp.png","width":340,"height":326,"caption":"Coatresa"},"image":{"@id":"https:\/\/www.coatresa.com\/fr\/#\/schema\/logo\/image\/"},"sameAs":["https:\/\/www.facebook.com\/Coatresa\/","https:\/\/x.com\/Coatresa","https:\/\/www.linkedin.com\/company\/coatresa\/","https:\/\/www.youtube.com\/user\/CoatresaCoatings"]}]}},"_links":{"self":[{"href":"https:\/\/www.coatresa.com\/fr\/wp-json\/wp\/v2\/pages\/10303","targetHints":{"allow":["GET"]}}],"collection":[{"href":"https:\/\/www.coatresa.com\/fr\/wp-json\/wp\/v2\/pages"}],"about":[{"href":"https:\/\/www.coatresa.com\/fr\/wp-json\/wp\/v2\/types\/page"}],"author":[{"embeddable":true,"href":"https:\/\/www.coatresa.com\/fr\/wp-json\/wp\/v2\/users\/1"}],"replies":[{"embeddable":true,"href":"https:\/\/www.coatresa.com\/fr\/wp-json\/wp\/v2\/comments?post=10303"}],"version-history":[{"count":0,"href":"https:\/\/www.coatresa.com\/fr\/wp-json\/wp\/v2\/pages\/10303\/revisions"}],"wp:featuredmedia":[{"embeddable":true,"href":"https:\/\/www.coatresa.com\/fr\/wp-json\/wp\/v2\/media\/6424"}],"wp:attachment":[{"href":"https:\/\/www.coatresa.com\/fr\/wp-json\/wp\/v2\/media?parent=10303"}],"curies":[{"name":"wp","href":"https:\/\/api.w.org\/{rel}","templated":true}]}}