{"id":10314,"date":"2018-06-25T17:23:10","date_gmt":"2018-06-25T15:23:10","guid":{"rendered":"http:\/\/coatresa.com\/recubrimientos-maquinaria-de-alimentacion\/"},"modified":"2018-09-10T18:47:04","modified_gmt":"2018-09-10T16:47:04","slug":"revetements-machines-alimentaires","status":"publish","type":"page","link":"https:\/\/www.coatresa.com\/fr\/revetements-machines-alimentaires\/","title":{"rendered":"Rev\u00eatements de machines alimentaires"},"content":{"rendered":"<div id=\"pl-10314\"  class=\"panel-layout\" ><div id=\"pg-10314-0\"  class=\"panel-grid panel-has-style\" ><div style=\"padding: 0px 0; \" data-overlay=\"true\" data-overlay-color=\"#000000\" class=\"panel-row-style panel-row-style-for-10314-0\" ><div id=\"pgc-10314-0-0\"  class=\"panel-grid-cell\" ><div id=\"panel-10314-0-0-0\" class=\"so-panel widget_sow-image panel-first-child\" data-index=\"0\" ><div class=\"ICONA-MITJANA panel-widget-style panel-widget-style-for-10314-0-0-0\" style=\"text-align: left;\" data-title-color=\"#47425d\" data-headings-color=\"#443f3f\" data-title_alignment=\"center\" ><div\n\t\t\t\n\t\t\tclass=\"so-widget-sow-image so-widget-sow-image-default-c67d20f9f743-10314\"\n\t\t\t\n\t\t>\n<div class=\"sow-image-container\">\n\t\t<img \n\tsrc=\"https:\/\/www.coatresa.com\/wp-content\/uploads\/2018\/06\/recubrimientos-antiadherentes-maquinaria-de-alimentacion.png\" width=\"269\" height=\"269\" srcset=\"https:\/\/www.coatresa.com\/wp-content\/uploads\/2018\/06\/recubrimientos-antiadherentes-maquinaria-de-alimentacion.png 269w, https:\/\/www.coatresa.com\/wp-content\/uploads\/2018\/06\/recubrimientos-antiadherentes-maquinaria-de-alimentacion-150x150.png 150w, https:\/\/www.coatresa.com\/wp-content\/uploads\/2018\/06\/recubrimientos-antiadherentes-maquinaria-de-alimentacion-230x230.png 230w\" sizes=\"(max-width: 269px) 100vw, 269px\" title=\"recubrimientos antiadherentes maquinaria de alimentaci\u00f3n\" alt=\"recubrimientos antiadherentes maquinaria de alimentaci\u00f3n\" \t\tclass=\"so-widget-image\"\/>\n\t<\/div>\n\n<\/div><\/div><\/div><div id=\"panel-10314-0-0-1\" class=\"so-panel widget_sow-editor panel-last-child\" data-index=\"1\" ><div style=\"text-align: left;\" data-title-color=\"#47425d\" data-headings-color=\"#000000\" data-title_alignment=\"center\" class=\"panel-widget-style panel-widget-style-for-10314-0-0-1\" ><div\n\t\t\t\n\t\t\tclass=\"so-widget-sow-editor so-widget-sow-editor-base\"\n\t\t\t\n\t\t>\n<div class=\"siteorigin-widget-tinymce textwidget\">\n\t<h1 style=\"text-align: center;\">Rev\u00eatements de machines alimentaires<\/h1>\n<hr \/>\n<p style=\"text-align: center;\">L\u2019industrie alimentaire exige le moins de temps d\u2019arr\u00eat possible pour optimiser son processus de production. Pendant le processus, il est important de ne pas accumuler les restes d\u2019aliments et d\u2019\u00e9viter les erreurs de pes\u00e9e et de remplissage caus\u00e9es par l\u2019accumulation de produits. Par cons\u00e9quent, votre \u00e9quipement doit \u00eatre antiadh\u00e9rent et permettre le glissement correct des aliments. Chaque processus de production est unique. Depuis notre d\u00e9partement R&D, nous analysons chaque besoin en profondeur. Par cons\u00e9quent, nos rev\u00eatements sont compl\u00e9t\u00e9s par une \u00e9tude exhaustive qui nous aide \u00e0 toujours offrir le meilleur rev\u00eatement. Parmi les pi\u00e8ces qui b\u00e9n\u00e9ficient de nos traitements, on peut citer les suivantes\u00a0<b>tr\u00e9mies \u00e0 p\u00e2te \u00e0 pain<\/b>, <b>h\u00e9lices de p\u00e9trissage<\/b>, <b>d\u00e9p\u00f4ts<\/b>, <b>agitateurs<\/b>, <b>tuy\u00e8res d\u2019injection, <\/b><b>rouleaux<\/b>, <b>lames<\/b>,\u00a0<b>convoyeurs \u00e0 vis<\/b>,\u00a0<b>convoyeurs<\/b>, <b>peseuses<\/b> ou <b>dispositifs de dosage<\/b>.<\/p>\n<p style=\"text-align: center;\">Tous nos rev\u00eatements sont antiadh\u00e9rents \u00e0 des temp\u00e9ratures \u00e9lev\u00e9es et <b>aptes au contact alimentaire<\/b>\u00a0conform\u00e9ment aux r\u00e8glementations en vigueur (FDA 21 CFR 175.300, R\u00e8glements (CE) n\u00ba1935\/2004 et R\u00e8glement (UE) n\u00ba 10\/2011). Gr\u00e2ce \u00e0 notre savoir-faire et notre exp\u00e9rience dans le secteur, nous trouvons la solution id\u00e9ale et nous appliquons des produits fluor\u00e9s de type T\u00e9flon \u00e0 base de PTFE, PFA ou FEP qui apportent dans tous les cas les propri\u00e9t\u00e9s n\u00e9cessaires pour le processus de production de nos clients.<\/p>\n<\/div>\n<\/div><\/div><\/div><\/div><\/div><\/div><div id=\"pg-10314-1\"  class=\"panel-grid panel-has-style\" ><div class=\"FRANJA-BLAVA-TITOL siteorigin-panels-stretch panel-row-style panel-row-style-for-10314-1\" style=\"padding: 0px 0; \" data-stretch-type=\"full\" data-overlay=\"true\" data-overlay-color=\"#000000\" ><div id=\"pgc-10314-1-0\"  class=\"panel-grid-cell\" ><div id=\"panel-10314-1-0-0\" class=\"so-panel widget_sow-editor panel-first-child panel-last-child\" data-index=\"2\" ><div style=\"text-align: left;\" data-title-color=\"#47425d\" data-headings-color=\"#443f3f\" data-title_alignment=\"center\" class=\"panel-widget-style panel-widget-style-for-10314-1-0-0\" ><div\n\t\t\t\n\t\t\tclass=\"so-widget-sow-editor so-widget-sow-editor-base\"\n\t\t\t\n\t\t>\n<div class=\"siteorigin-widget-tinymce textwidget\">\n\t<h2 style=\"text-align: center;\">Principaux avantages des rev\u00eatements pour les machines alimentaires<\/h2>\n<\/div>\n<\/div><\/div><\/div><\/div><\/div><\/div><div id=\"pg-10314-2\"  class=\"panel-grid panel-has-style\" ><div class=\"BGC-GRIS siteorigin-panels-stretch panel-row-style panel-row-style-for-10314-2\" style=\"padding: 40px 0; \" data-stretch-type=\"full\" data-overlay=\"true\" data-overlay-color=\"#000000\" ><div id=\"pgc-10314-2-0\"  class=\"panel-grid-cell\" ><div id=\"panel-10314-2-0-0\" class=\"so-panel widget_sow-image panel-first-child panel-last-child\" data-index=\"3\" ><div class=\"ICONA-GRAN panel-widget-style panel-widget-style-for-10314-2-0-0\" style=\"text-align: left;\" data-title-color=\"#47425d\" data-headings-color=\"#443f3f\" data-title_alignment=\"center\" ><div\n\t\t\t\n\t\t\tclass=\"so-widget-sow-image so-widget-sow-image-default-c67d20f9f743-10314\"\n\t\t\t\n\t\t>\n<div class=\"sow-image-container\">\n\t\t<img \n\tsrc=\"https:\/\/www.coatresa.com\/wp-content\/uploads\/2018\/02\/beneficios-recubrimientos-antiadherentes-anticorrosivos-industriales.png\" width=\"300\" height=\"300\" srcset=\"https:\/\/www.coatresa.com\/wp-content\/uploads\/2018\/02\/beneficios-recubrimientos-antiadherentes-anticorrosivos-industriales.png 300w, https:\/\/www.coatresa.com\/wp-content\/uploads\/2018\/02\/beneficios-recubrimientos-antiadherentes-anticorrosivos-industriales-150x150.png 150w, https:\/\/www.coatresa.com\/wp-content\/uploads\/2018\/02\/beneficios-recubrimientos-antiadherentes-anticorrosivos-industriales-230x230.png 230w\" sizes=\"(max-width: 300px) 100vw, 300px\" title=\"beneficios de los recubrimientos antiadherentes y anticorrosivos industriales\" alt=\"beneficios de los recubrimientos antiadherentes y anticorrosivos industriales\" \t\tclass=\"so-widget-image\"\/>\n\t<\/div>\n\n<\/div><\/div><\/div><\/div><div id=\"pgc-10314-2-1\"  class=\"panel-grid-cell\" ><div id=\"panel-10314-2-1-0\" class=\"so-panel widget_sow-editor panel-first-child panel-last-child\" data-index=\"4\" ><div class=\"TEXTOS-DESTACATS LLISTES panel-widget-style panel-widget-style-for-10314-2-1-0\" style=\"text-align: left;\" data-title-color=\"#47425d\" data-headings-color=\"#443f3f\" data-title_alignment=\"center\" ><div\n\t\t\t\n\t\t\tclass=\"so-widget-sow-editor so-widget-sow-editor-base\"\n\t\t\t\n\t\t>\n<div class=\"siteorigin-widget-tinymce textwidget\">\n\t<ul>\n<li>R\u00e9duction du temps de cycle<\/li>\n<li>\u00c9limination des restes de produits par adh\u00e9rence<\/li>\n<li>Optimisation du transport\u00a0\/ dosage de la mati\u00e8re premi\u00e8re<\/li>\n<li>Nettoyage facile<\/li>\n<li>Homog\u00e9n\u00e9isation de la qualit\u00e9 du produit fini<\/li>\n<li>Augmentation de la dur\u00e9e de vie des composants expos\u00e9s \u00e0 la corrosion<\/li>\n<\/ul>\n<\/div>\n<\/div><\/div><\/div><\/div><\/div><\/div><div id=\"pg-10314-3\"  class=\"panel-grid panel-has-style\" ><div class=\"siteorigin-panels-stretch panel-row-style panel-row-style-for-10314-3\" style=\"padding: 50px 0; \" data-stretch-type=\"full-stretched\" data-overlay=\"true\" data-overlay-color=\"#000000\" ><div id=\"pgc-10314-3-0\"  class=\"panel-grid-cell\" ><div id=\"panel-10314-3-0-0\" class=\"so-panel widget_sow-editor panel-first-child\" data-index=\"5\" ><div class=\"BLAU-FOSC panel-widget-style panel-widget-style-for-10314-3-0-0\" style=\"text-align: left;\" data-title-color=\"#47425d\" data-headings-color=\"#443f3f\" data-title_alignment=\"center\" ><div\n\t\t\t\n\t\t\tclass=\"so-widget-sow-editor so-widget-sow-editor-base\"\n\t\t\t\n\t\t>\n<div class=\"siteorigin-widget-tinymce textwidget\">\n\t<h2 style=\"text-align: center;\">Quelques-uns de nos travaux pour le secteur des machines alimentaires<\/h2>\n<\/div>\n<\/div><\/div><\/div><div id=\"panel-10314-3-0-1\" class=\"so-panel widget_sow-image-grid panel-last-child\" data-index=\"6\" ><div class=\"IMATGES-PORTFOLI panel-widget-style panel-widget-style-for-10314-3-0-1\" style=\"text-align: left;\" data-title-color=\"#47425d\" data-headings-color=\"#443f3f\" data-title_alignment=\"center\" ><div\n\t\t\t\n\t\t\tclass=\"so-widget-sow-image-grid so-widget-sow-image-grid-default-555de9c308f5-10314\"\n\t\t\t\n\t\t>\t<div\n\t\tclass=\"sow-image-grid-wrapper\"\n\t\t\t\t\t>\n\t\t\t\t\t<div class=\"sow-image-grid-image\">\n\t\t\t\t\t\t\t\t\t\t\t\t<img loading=\"lazy\" decoding=\"async\" width=\"300\" height=\"300\" src=\"https:\/\/www.coatresa.com\/wp-content\/uploads\/2018\/06\/recubrimientos-antiadherentes-agitador-helice-300x300.png\" class=\"sow-image-grid-image_html\" alt=\"\" title=\"recubrimientos antiadherentes para agitador de h\u00e9lice\" srcset=\"https:\/\/www.coatresa.com\/wp-content\/uploads\/2018\/06\/recubrimientos-antiadherentes-agitador-helice-300x300.png 300w, https:\/\/www.coatresa.com\/wp-content\/uploads\/2018\/06\/recubrimientos-antiadherentes-agitador-helice-150x150.png 150w, https:\/\/www.coatresa.com\/wp-content\/uploads\/2018\/06\/recubrimientos-antiadherentes-agitador-helice-230x230.png 230w, https:\/\/www.coatresa.com\/wp-content\/uploads\/2018\/06\/recubrimientos-antiadherentes-agitador-helice-350x350.png 350w, https:\/\/www.coatresa.com\/wp-content\/uploads\/2018\/06\/recubrimientos-antiadherentes-agitador-helice-480x480.png 480w, https:\/\/www.coatresa.com\/wp-content\/uploads\/2018\/06\/recubrimientos-antiadherentes-agitador-helice.png 737w\" sizes=\"auto, (max-width: 300px) 100vw, 300px\" \/>\t\t\t\t\t\t\t\t\t\t\t<\/div>\n\t\t\t\t\t<div class=\"sow-image-grid-image\">\n\t\t\t\t\t\t\t\t\t\t\t\t<img loading=\"lazy\" decoding=\"async\" width=\"300\" height=\"300\" src=\"https:\/\/www.coatresa.com\/wp-content\/uploads\/2018\/06\/recubrimientos-antiadherentes-amasadora-300x300.png\" class=\"sow-image-grid-image_html\" alt=\"\" title=\"recubrimientos antiadherentes para amasadora\" srcset=\"https:\/\/www.coatresa.com\/wp-content\/uploads\/2018\/06\/recubrimientos-antiadherentes-amasadora-300x300.png 300w, https:\/\/www.coatresa.com\/wp-content\/uploads\/2018\/06\/recubrimientos-antiadherentes-amasadora-150x150.png 150w, https:\/\/www.coatresa.com\/wp-content\/uploads\/2018\/06\/recubrimientos-antiadherentes-amasadora-230x230.png 230w, https:\/\/www.coatresa.com\/wp-content\/uploads\/2018\/06\/recubrimientos-antiadherentes-amasadora-350x350.png 350w, https:\/\/www.coatresa.com\/wp-content\/uploads\/2018\/06\/recubrimientos-antiadherentes-amasadora-480x480.png 480w, https:\/\/www.coatresa.com\/wp-content\/uploads\/2018\/06\/recubrimientos-antiadherentes-amasadora.png 737w\" sizes=\"auto, (max-width: 300px) 100vw, 300px\" \/>\t\t\t\t\t\t\t\t\t\t\t<\/div>\n\t\t\t\t\t<div class=\"sow-image-grid-image\">\n\t\t\t\t\t\t\t\t\t\t\t\t<img loading=\"lazy\" decoding=\"async\" width=\"300\" height=\"300\" src=\"https:\/\/www.coatresa.com\/wp-content\/uploads\/2018\/06\/recubrimientos-antiadherentes-dosificador-queso-300x300.png\" class=\"sow-image-grid-image_html\" alt=\"\" title=\"recubrimientos antiadherentes para dosificador de queso\" srcset=\"https:\/\/www.coatresa.com\/wp-content\/uploads\/2018\/06\/recubrimientos-antiadherentes-dosificador-queso-300x300.png 300w, https:\/\/www.coatresa.com\/wp-content\/uploads\/2018\/06\/recubrimientos-antiadherentes-dosificador-queso-150x150.png 150w, https:\/\/www.coatresa.com\/wp-content\/uploads\/2018\/06\/recubrimientos-antiadherentes-dosificador-queso-230x230.png 230w, https:\/\/www.coatresa.com\/wp-content\/uploads\/2018\/06\/recubrimientos-antiadherentes-dosificador-queso-350x350.png 350w, https:\/\/www.coatresa.com\/wp-content\/uploads\/2018\/06\/recubrimientos-antiadherentes-dosificador-queso-480x480.png 480w, https:\/\/www.coatresa.com\/wp-content\/uploads\/2018\/06\/recubrimientos-antiadherentes-dosificador-queso.png 737w\" sizes=\"auto, (max-width: 300px) 100vw, 300px\" \/>\t\t\t\t\t\t\t\t\t\t\t<\/div>\n\t\t\t\t\t<div class=\"sow-image-grid-image\">\n\t\t\t\t\t\t\t\t\t\t\t\t<img loading=\"lazy\" decoding=\"async\" width=\"300\" height=\"300\" src=\"https:\/\/www.coatresa.com\/wp-content\/uploads\/2018\/06\/recubrimientos-antiadherentes-rodillo-troquel-galletas-300x300.png\" class=\"sow-image-grid-image_html\" alt=\"\" title=\"recubrimientos antiadherentes para rodillo troquel de galletas\" srcset=\"https:\/\/www.coatresa.com\/wp-content\/uploads\/2018\/06\/recubrimientos-antiadherentes-rodillo-troquel-galletas-300x300.png 300w, https:\/\/www.coatresa.com\/wp-content\/uploads\/2018\/06\/recubrimientos-antiadherentes-rodillo-troquel-galletas-150x150.png 150w, https:\/\/www.coatresa.com\/wp-content\/uploads\/2018\/06\/recubrimientos-antiadherentes-rodillo-troquel-galletas-230x230.png 230w, https:\/\/www.coatresa.com\/wp-content\/uploads\/2018\/06\/recubrimientos-antiadherentes-rodillo-troquel-galletas-350x350.png 350w, https:\/\/www.coatresa.com\/wp-content\/uploads\/2018\/06\/recubrimientos-antiadherentes-rodillo-troquel-galletas-480x480.png 480w, https:\/\/www.coatresa.com\/wp-content\/uploads\/2018\/06\/recubrimientos-antiadherentes-rodillo-troquel-galletas.png 737w\" sizes=\"auto, (max-width: 300px) 100vw, 300px\" \/>\t\t\t\t\t\t\t\t\t\t\t<\/div>\n\t\t\t\t\t<div class=\"sow-image-grid-image\">\n\t\t\t\t\t\t\t\t\t\t\t\t<img loading=\"lazy\" decoding=\"async\" width=\"300\" height=\"300\" src=\"https:\/\/www.coatresa.com\/wp-content\/uploads\/2018\/06\/recubrimientos-antiadherentes-tolva-masa-pan-300x300.png\" class=\"sow-image-grid-image_html\" alt=\"\" title=\"recubrimientos antiadherentes para tolva de masa de pan\" srcset=\"https:\/\/www.coatresa.com\/wp-content\/uploads\/2018\/06\/recubrimientos-antiadherentes-tolva-masa-pan-300x300.png 300w, https:\/\/www.coatresa.com\/wp-content\/uploads\/2018\/06\/recubrimientos-antiadherentes-tolva-masa-pan-150x150.png 150w, https:\/\/www.coatresa.com\/wp-content\/uploads\/2018\/06\/recubrimientos-antiadherentes-tolva-masa-pan-230x230.png 230w, https:\/\/www.coatresa.com\/wp-content\/uploads\/2018\/06\/recubrimientos-antiadherentes-tolva-masa-pan-350x350.png 350w, https:\/\/www.coatresa.com\/wp-content\/uploads\/2018\/06\/recubrimientos-antiadherentes-tolva-masa-pan-480x480.png 480w, https:\/\/www.coatresa.com\/wp-content\/uploads\/2018\/06\/recubrimientos-antiadherentes-tolva-masa-pan.png 737w\" sizes=\"auto, (max-width: 300px) 100vw, 300px\" \/>\t\t\t\t\t\t\t\t\t\t\t<\/div>\n\t\t\t\t\t<div class=\"sow-image-grid-image\">\n\t\t\t\t\t\t\t\t\t\t\t\t<img loading=\"lazy\" decoding=\"async\" width=\"300\" height=\"300\" src=\"https:\/\/www.coatresa.com\/wp-content\/uploads\/2018\/06\/recubrimientos-antiadherentes-troquel-galletas-300x300.png\" class=\"sow-image-grid-image_html\" alt=\"\" title=\"recubrimientos antiadherentes para troquel de galletas\" srcset=\"https:\/\/www.coatresa.com\/wp-content\/uploads\/2018\/06\/recubrimientos-antiadherentes-troquel-galletas-300x300.png 300w, https:\/\/www.coatresa.com\/wp-content\/uploads\/2018\/06\/recubrimientos-antiadherentes-troquel-galletas-150x150.png 150w, https:\/\/www.coatresa.com\/wp-content\/uploads\/2018\/06\/recubrimientos-antiadherentes-troquel-galletas-230x230.png 230w, https:\/\/www.coatresa.com\/wp-content\/uploads\/2018\/06\/recubrimientos-antiadherentes-troquel-galletas-350x350.png 350w, https:\/\/www.coatresa.com\/wp-content\/uploads\/2018\/06\/recubrimientos-antiadherentes-troquel-galletas-480x480.png 480w, https:\/\/www.coatresa.com\/wp-content\/uploads\/2018\/06\/recubrimientos-antiadherentes-troquel-galletas.png 737w\" sizes=\"auto, (max-width: 300px) 100vw, 300px\" \/>\t\t\t\t\t\t\t\t\t\t\t<\/div>\n\t\t\t<\/div>\n<\/div><\/div><\/div><\/div><\/div><\/div><div id=\"pg-10314-4\"  class=\"panel-grid panel-has-style\" ><div class=\"siteorigin-panels-stretch panel-row-style panel-row-style-for-10314-4\" style=\"background-image: url(https:\/\/www.coatresa.com\/wp-content\/uploads\/2018\/02\/recubrimientos-antiadherentes-automocion.jpg);padding: 50px 0; \" data-stretch-type=\"full\" data-hasbg=\"hasbg\" data-overlay=\"true\" data-overlay-color=\"#000000\" ><div id=\"pgc-10314-4-0\"  class=\"panel-grid-cell\" ><div id=\"panel-10314-4-0-0\" class=\"so-panel widget_sow-editor panel-first-child panel-last-child\" data-index=\"7\" ><div class=\"TEXTOS-DESTACATS blanc panel-widget-style panel-widget-style-for-10314-4-0-0\" style=\"text-align: left;\" data-title-color=\"#47425d\" data-headings-color=\"#443f3f\" data-title_alignment=\"center\" ><div\n\t\t\t\n\t\t\tclass=\"so-widget-sow-editor so-widget-sow-editor-base\"\n\t\t\t\n\t\t>\n<div class=\"siteorigin-widget-tinymce textwidget\">\n\t<p style=\"text-align: center;\">Nos installations hautement performantes peuvent aussi bien manipuler des pi\u00e8ces de petites dimensions, gr\u00e2ce \u00e0 une application compl\u00e8tement robotis\u00e9e et contr\u00f4l\u00e9e, que des pi\u00e8ces de grandes dimensions manipul\u00e9es par un personnel hautement qualifi\u00e9.<\/p>\n<\/div>\n<\/div><\/div><\/div><\/div><\/div><\/div><\/div>","protected":false},"excerpt":{"rendered":"<p>Rev\u00eatements de machines alimentaires L\u2019industrie alimentaire exige le moins de temps d\u2019arr\u00eat possible pour optimiser son processus de production. Pendant le processus, [&hellip;]<\/p>\n","protected":false},"author":1,"featured_media":0,"parent":0,"menu_order":0,"comment_status":"closed","ping_status":"closed","template":"page-templates\/page_fullwidth.php","meta":{"footnotes":""},"class_list":["post-10314","page","type-page","status-publish","hentry"],"yoast_head":"<!-- This site is optimized with the Yoast SEO plugin v27.6 - https:\/\/yoast.com\/product\/yoast-seo-wordpress\/ -->\n<title>Rev\u00eatements de machines alimentaires - Coatresa<\/title>\n<meta name=\"description\" content=\"Rev\u00eatements antiadh\u00e9rents pour machines alimentaires et mat\u00e9riaux pour contact alimentaire conformes aux normes FDA 21 CFR 175 300, CE 1935\/2004, UE 10\/2011\" \/>\n<meta name=\"robots\" content=\"index, follow, max-snippet:-1, max-image-preview:large, max-video-preview:-1\" \/>\n<link rel=\"canonical\" href=\"https:\/\/www.coatresa.com\/fr\/revetements-machines-alimentaires\/\" \/>\n<meta property=\"og:locale\" content=\"fr_FR\" \/>\n<meta property=\"og:type\" content=\"article\" \/>\n<meta property=\"og:title\" content=\"Rev\u00eatements de machines alimentaires - Coatresa\" \/>\n<meta property=\"og:description\" content=\"Rev\u00eatements antiadh\u00e9rents pour machines alimentaires et mat\u00e9riaux pour contact alimentaire conformes aux normes FDA 21 CFR 175 300, CE 1935\/2004, UE 10\/2011\" \/>\n<meta property=\"og:url\" content=\"https:\/\/www.coatresa.com\/fr\/revetements-machines-alimentaires\/\" \/>\n<meta property=\"og:site_name\" content=\"Coatresa\" \/>\n<meta property=\"article:publisher\" content=\"https:\/\/www.facebook.com\/Coatresa\/\" \/>\n<meta property=\"article:modified_time\" content=\"2018-09-10T16:47:04+00:00\" \/>\n<meta name=\"twitter:card\" content=\"summary_large_image\" \/>\n<meta name=\"twitter:site\" content=\"@Coatresa\" \/>\n<meta name=\"twitter:label1\" content=\"Dur\u00e9e de lecture estim\u00e9e\" \/>\n\t<meta name=\"twitter:data1\" content=\"2 minutes\" \/>\n<script type=\"application\/ld+json\" class=\"yoast-schema-graph\">{\"@context\":\"https:\\\/\\\/schema.org\",\"@graph\":[{\"@type\":\"WebPage\",\"@id\":\"https:\\\/\\\/www.coatresa.com\\\/fr\\\/revetements-machines-alimentaires\\\/\",\"url\":\"https:\\\/\\\/www.coatresa.com\\\/fr\\\/revetements-machines-alimentaires\\\/\",\"name\":\"Rev\u00eatements de machines alimentaires - Coatresa\",\"isPartOf\":{\"@id\":\"https:\\\/\\\/www.coatresa.com\\\/fr\\\/#website\"},\"datePublished\":\"2018-06-25T15:23:10+00:00\",\"dateModified\":\"2018-09-10T16:47:04+00:00\",\"description\":\"Rev\u00eatements antiadh\u00e9rents pour machines alimentaires et mat\u00e9riaux pour contact alimentaire conformes aux normes FDA 21 CFR 175 300, CE 1935\\\/2004, UE 10\\\/2011\",\"breadcrumb\":{\"@id\":\"https:\\\/\\\/www.coatresa.com\\\/fr\\\/revetements-machines-alimentaires\\\/#breadcrumb\"},\"inLanguage\":\"fr-FR\",\"potentialAction\":[{\"@type\":\"ReadAction\",\"target\":[\"https:\\\/\\\/www.coatresa.com\\\/fr\\\/revetements-machines-alimentaires\\\/\"]}]},{\"@type\":\"BreadcrumbList\",\"@id\":\"https:\\\/\\\/www.coatresa.com\\\/fr\\\/revetements-machines-alimentaires\\\/#breadcrumb\",\"itemListElement\":[{\"@type\":\"ListItem\",\"position\":1,\"name\":\"Portada\",\"item\":\"https:\\\/\\\/www.coatresa.com\\\/fr\\\/\"},{\"@type\":\"ListItem\",\"position\":2,\"name\":\"Rev\u00eatements de machines alimentaires\"}]},{\"@type\":\"WebSite\",\"@id\":\"https:\\\/\\\/www.coatresa.com\\\/fr\\\/#website\",\"url\":\"https:\\\/\\\/www.coatresa.com\\\/fr\\\/\",\"name\":\"Coatresa\",\"description\":\"Aplicaci\u00f3n de recubrimientos antiadherentes y anticorrosivos como el Teflon. Expertos del Powder Coating\",\"publisher\":{\"@id\":\"https:\\\/\\\/www.coatresa.com\\\/fr\\\/#organization\"},\"potentialAction\":[{\"@type\":\"SearchAction\",\"target\":{\"@type\":\"EntryPoint\",\"urlTemplate\":\"https:\\\/\\\/www.coatresa.com\\\/fr\\\/?s={search_term_string}\"},\"query-input\":{\"@type\":\"PropertyValueSpecification\",\"valueRequired\":true,\"valueName\":\"search_term_string\"}}],\"inLanguage\":\"fr-FR\"},{\"@type\":\"Organization\",\"@id\":\"https:\\\/\\\/www.coatresa.com\\\/fr\\\/#organization\",\"name\":\"Coatresa\",\"url\":\"https:\\\/\\\/www.coatresa.com\\\/fr\\\/\",\"logo\":{\"@type\":\"ImageObject\",\"inLanguage\":\"fr-FR\",\"@id\":\"https:\\\/\\\/www.coatresa.com\\\/fr\\\/#\\\/schema\\\/logo\\\/image\\\/\",\"url\":\"https:\\\/\\\/www.coatresa.com\\\/wp-content\\\/uploads\\\/2022\\\/07\\\/A_blava_mitja_transp.png\",\"contentUrl\":\"https:\\\/\\\/www.coatresa.com\\\/wp-content\\\/uploads\\\/2022\\\/07\\\/A_blava_mitja_transp.png\",\"width\":340,\"height\":326,\"caption\":\"Coatresa\"},\"image\":{\"@id\":\"https:\\\/\\\/www.coatresa.com\\\/fr\\\/#\\\/schema\\\/logo\\\/image\\\/\"},\"sameAs\":[\"https:\\\/\\\/www.facebook.com\\\/Coatresa\\\/\",\"https:\\\/\\\/x.com\\\/Coatresa\",\"https:\\\/\\\/www.linkedin.com\\\/company\\\/coatresa\\\/\",\"https:\\\/\\\/www.youtube.com\\\/user\\\/CoatresaCoatings\"]}]}<\/script>\n<!-- \/ Yoast SEO plugin. -->","yoast_head_json":{"title":"Rev\u00eatements de machines alimentaires - Coatresa","description":"Rev\u00eatements antiadh\u00e9rents pour machines alimentaires et mat\u00e9riaux pour contact alimentaire conformes aux normes FDA 21 CFR 175 300, CE 1935\/2004, UE 10\/2011","robots":{"index":"index","follow":"follow","max-snippet":"max-snippet:-1","max-image-preview":"max-image-preview:large","max-video-preview":"max-video-preview:-1"},"canonical":"https:\/\/www.coatresa.com\/fr\/revetements-machines-alimentaires\/","og_locale":"fr_FR","og_type":"article","og_title":"Rev\u00eatements de machines alimentaires - Coatresa","og_description":"Rev\u00eatements antiadh\u00e9rents pour machines alimentaires et mat\u00e9riaux pour contact alimentaire conformes aux normes FDA 21 CFR 175 300, CE 1935\/2004, UE 10\/2011","og_url":"https:\/\/www.coatresa.com\/fr\/revetements-machines-alimentaires\/","og_site_name":"Coatresa","article_publisher":"https:\/\/www.facebook.com\/Coatresa\/","article_modified_time":"2018-09-10T16:47:04+00:00","twitter_card":"summary_large_image","twitter_site":"@Coatresa","twitter_misc":{"Dur\u00e9e de lecture estim\u00e9e":"2 minutes"},"schema":{"@context":"https:\/\/schema.org","@graph":[{"@type":"WebPage","@id":"https:\/\/www.coatresa.com\/fr\/revetements-machines-alimentaires\/","url":"https:\/\/www.coatresa.com\/fr\/revetements-machines-alimentaires\/","name":"Rev\u00eatements de machines alimentaires - Coatresa","isPartOf":{"@id":"https:\/\/www.coatresa.com\/fr\/#website"},"datePublished":"2018-06-25T15:23:10+00:00","dateModified":"2018-09-10T16:47:04+00:00","description":"Rev\u00eatements antiadh\u00e9rents pour machines alimentaires et mat\u00e9riaux pour contact alimentaire conformes aux normes FDA 21 CFR 175 300, CE 1935\/2004, UE 10\/2011","breadcrumb":{"@id":"https:\/\/www.coatresa.com\/fr\/revetements-machines-alimentaires\/#breadcrumb"},"inLanguage":"fr-FR","potentialAction":[{"@type":"ReadAction","target":["https:\/\/www.coatresa.com\/fr\/revetements-machines-alimentaires\/"]}]},{"@type":"BreadcrumbList","@id":"https:\/\/www.coatresa.com\/fr\/revetements-machines-alimentaires\/#breadcrumb","itemListElement":[{"@type":"ListItem","position":1,"name":"Portada","item":"https:\/\/www.coatresa.com\/fr\/"},{"@type":"ListItem","position":2,"name":"Rev\u00eatements de machines alimentaires"}]},{"@type":"WebSite","@id":"https:\/\/www.coatresa.com\/fr\/#website","url":"https:\/\/www.coatresa.com\/fr\/","name":"Coatresa","description":"Aplicaci\u00f3n de recubrimientos antiadherentes y anticorrosivos como el Teflon. Expertos del Powder Coating","publisher":{"@id":"https:\/\/www.coatresa.com\/fr\/#organization"},"potentialAction":[{"@type":"SearchAction","target":{"@type":"EntryPoint","urlTemplate":"https:\/\/www.coatresa.com\/fr\/?s={search_term_string}"},"query-input":{"@type":"PropertyValueSpecification","valueRequired":true,"valueName":"search_term_string"}}],"inLanguage":"fr-FR"},{"@type":"Organization","@id":"https:\/\/www.coatresa.com\/fr\/#organization","name":"Coatresa","url":"https:\/\/www.coatresa.com\/fr\/","logo":{"@type":"ImageObject","inLanguage":"fr-FR","@id":"https:\/\/www.coatresa.com\/fr\/#\/schema\/logo\/image\/","url":"https:\/\/www.coatresa.com\/wp-content\/uploads\/2022\/07\/A_blava_mitja_transp.png","contentUrl":"https:\/\/www.coatresa.com\/wp-content\/uploads\/2022\/07\/A_blava_mitja_transp.png","width":340,"height":326,"caption":"Coatresa"},"image":{"@id":"https:\/\/www.coatresa.com\/fr\/#\/schema\/logo\/image\/"},"sameAs":["https:\/\/www.facebook.com\/Coatresa\/","https:\/\/x.com\/Coatresa","https:\/\/www.linkedin.com\/company\/coatresa\/","https:\/\/www.youtube.com\/user\/CoatresaCoatings"]}]}},"_links":{"self":[{"href":"https:\/\/www.coatresa.com\/fr\/wp-json\/wp\/v2\/pages\/10314","targetHints":{"allow":["GET"]}}],"collection":[{"href":"https:\/\/www.coatresa.com\/fr\/wp-json\/wp\/v2\/pages"}],"about":[{"href":"https:\/\/www.coatresa.com\/fr\/wp-json\/wp\/v2\/types\/page"}],"author":[{"embeddable":true,"href":"https:\/\/www.coatresa.com\/fr\/wp-json\/wp\/v2\/users\/1"}],"replies":[{"embeddable":true,"href":"https:\/\/www.coatresa.com\/fr\/wp-json\/wp\/v2\/comments?post=10314"}],"version-history":[{"count":0,"href":"https:\/\/www.coatresa.com\/fr\/wp-json\/wp\/v2\/pages\/10314\/revisions"}],"wp:attachment":[{"href":"https:\/\/www.coatresa.com\/fr\/wp-json\/wp\/v2\/media?parent=10314"}],"curies":[{"name":"wp","href":"https:\/\/api.w.org\/{rel}","templated":true}]}}