{"id":10317,"date":"2018-06-14T17:48:20","date_gmt":"2018-06-14T15:48:20","guid":{"rendered":"http:\/\/coatresa.com\/recubrimientos-para-menaje\/"},"modified":"2018-09-10T18:44:23","modified_gmt":"2018-09-10T16:44:23","slug":"revetement-ustensile-de-cuisine","status":"publish","type":"page","link":"https:\/\/www.coatresa.com\/fr\/revetement-ustensile-de-cuisine\/","title":{"rendered":"Rev\u00eatements pour ustensiles de cuisine"},"content":{"rendered":"<div id=\"pl-10317\"  class=\"panel-layout\" ><div id=\"pg-10317-0\"  class=\"panel-grid panel-has-style\" ><div style=\"padding: 0px 0; \" data-overlay=\"true\" data-overlay-color=\"#000000\" class=\"panel-row-style panel-row-style-for-10317-0\" ><div id=\"pgc-10317-0-0\"  class=\"panel-grid-cell\" ><div id=\"panel-10317-0-0-0\" class=\"so-panel widget_sow-image panel-first-child\" data-index=\"0\" ><div class=\"ICONA-MITJANA panel-widget-style panel-widget-style-for-10317-0-0-0\" style=\"text-align: left;\" data-title-color=\"#47425d\" data-headings-color=\"#443f3f\" data-title_alignment=\"center\" ><div\n\t\t\t\n\t\t\tclass=\"so-widget-sow-image so-widget-sow-image-default-c67d20f9f743-10317\"\n\t\t\t\n\t\t>\n<div class=\"sow-image-container\">\n\t\t<img \n\tsrc=\"https:\/\/www.coatresa.com\/wp-content\/uploads\/2018\/06\/recubrimientos-antiadherentes-menaje.png\" width=\"269\" height=\"269\" srcset=\"https:\/\/www.coatresa.com\/wp-content\/uploads\/2018\/06\/recubrimientos-antiadherentes-menaje.png 269w, https:\/\/www.coatresa.com\/wp-content\/uploads\/2018\/06\/recubrimientos-antiadherentes-menaje-150x150.png 150w, https:\/\/www.coatresa.com\/wp-content\/uploads\/2018\/06\/recubrimientos-antiadherentes-menaje-230x230.png 230w\" sizes=\"(max-width: 269px) 100vw, 269px\" title=\"recubrimientos antiadherentes para menaje\" alt=\"recubrimientos antiadherentes para menaje\" \t\tclass=\"so-widget-image\"\/>\n\t<\/div>\n\n<\/div><\/div><\/div><div id=\"panel-10317-0-0-1\" class=\"so-panel widget_sow-editor panel-last-child\" data-index=\"1\" ><div style=\"text-align: left;\" data-title-color=\"#47425d\" data-headings-color=\"#000000\" data-title_alignment=\"center\" class=\"panel-widget-style panel-widget-style-for-10317-0-0-1\" ><div\n\t\t\t\n\t\t\tclass=\"so-widget-sow-editor so-widget-sow-editor-base\"\n\t\t\t\n\t\t>\n<div class=\"siteorigin-widget-tinymce textwidget\">\n\t<h1 style=\"text-align: center;\">Rev\u00eatements pour ustensiles de cuisine<\/h1>\n<hr \/>\n<p style=\"text-align: center;\">Depuis l\u2019arriv\u00e9e dans les foyers de la premi\u00e8re po\u00eale antiadh\u00e9sive rev\u00eatue de PFTE dans les ann\u00e9es 60, ce mat\u00e9riau fluoropolym\u00e8re est ins\u00e9parable de la fabrication des ustensiles de cuisine : po\u00eales, robots de cuisine, plaques, grills, moules \u00e0 sandwich, casseroles, friteuse, moules \u00e0 g\u00e2teaux, plats et plateaux pour four, cuill\u00e8res sp\u00e9ciales, cafeti\u00e8res, presse-agrumes, etc. ont \u00e9volu\u00e9. De nos jours, on utilise les solutions suivantes\u00a0: du PFTE de base \u00e0 des m\u00e9thodes novatrices comme les nouveaux rev\u00eatements c\u00e9ramiques, les rev\u00eatements en \u00ab\u00a0pierre\u00a0\u00bb, etc. qui offrent des solutions antiadh\u00e9rentes durables et int\u00e9ressantes.<\/p>\n<p style=\"text-align: center;\">Les techniques et les produits ont \u00e9volu\u00e9 avec le temps et les divisions d\u2019ustensiles de cuisine de COATRESA b\u00e9n\u00e9ficient d\u00e9sormais de technologies dernier cri et de produits novateurs pour satisfaire les demandes du secteur, qu\u2019elles soient techniques ou esth\u00e9tiques. COATRESA analyse et utilise la mati\u00e8re premi\u00e8re des principaux fabricants du monde, comme <b>Whitford<\/b>, <b>Chemours<\/b>, <b>Weilburger<\/b>, <b>Ilag<\/b>, etc. et applique avec expertise les produits <b>Eterna<\/b>\u00ae, <b>Excalibur<\/b>\u00ae, <b>Quantum<\/b>\u00ae, <b>Quantanium<\/b>\u00ae, <b>Greblon<\/b>\u00ae, <b>T\u00e9flon<\/b>\u00ae, <b>Select<\/b>\u00ae, <b>Silverstone<\/b>\u00ae, <b>Platinum<\/b>\u00ae, <b>Eclipse<\/b>\u00ae, etc.<\/p>\n<\/div>\n<\/div><\/div><\/div><\/div><\/div><\/div><div id=\"pg-10317-1\"  class=\"panel-grid panel-has-style\" ><div class=\"FRANJA-BLAVA-TITOL siteorigin-panels-stretch panel-row-style panel-row-style-for-10317-1\" style=\"padding: 0px 0; \" data-stretch-type=\"full\" data-overlay=\"true\" data-overlay-color=\"#000000\" ><div id=\"pgc-10317-1-0\"  class=\"panel-grid-cell\" ><div id=\"panel-10317-1-0-0\" class=\"so-panel widget_sow-editor panel-first-child panel-last-child\" data-index=\"2\" ><div style=\"text-align: left;\" data-title-color=\"#47425d\" data-headings-color=\"#443f3f\" data-title_alignment=\"center\" class=\"panel-widget-style panel-widget-style-for-10317-1-0-0\" ><div\n\t\t\t\n\t\t\tclass=\"so-widget-sow-editor so-widget-sow-editor-base\"\n\t\t\t\n\t\t>\n<div class=\"siteorigin-widget-tinymce textwidget\">\n\t<h2 style=\"text-align: center;\">Principaux avantages des rev\u00eatements pour ustensiles de cuisine<\/h2>\n<\/div>\n<\/div><\/div><\/div><\/div><\/div><\/div><div id=\"pg-10317-2\"  class=\"panel-grid panel-has-style\" ><div class=\"BGC-GRIS siteorigin-panels-stretch panel-row-style panel-row-style-for-10317-2\" style=\"padding: 40px 0; \" data-stretch-type=\"full\" data-overlay=\"true\" data-overlay-color=\"#000000\" ><div id=\"pgc-10317-2-0\"  class=\"panel-grid-cell\" ><div id=\"panel-10317-2-0-0\" class=\"so-panel widget_sow-image panel-first-child panel-last-child\" data-index=\"3\" ><div class=\"ICONA-GRAN panel-widget-style panel-widget-style-for-10317-2-0-0\" style=\"text-align: left;\" data-title-color=\"#47425d\" data-headings-color=\"#443f3f\" data-title_alignment=\"center\" ><div\n\t\t\t\n\t\t\tclass=\"so-widget-sow-image so-widget-sow-image-default-c67d20f9f743-10317\"\n\t\t\t\n\t\t>\n<div class=\"sow-image-container\">\n\t\t<img \n\tsrc=\"https:\/\/www.coatresa.com\/wp-content\/uploads\/2018\/02\/beneficios-recubrimientos-antiadherentes-anticorrosivos-industriales.png\" width=\"300\" height=\"300\" srcset=\"https:\/\/www.coatresa.com\/wp-content\/uploads\/2018\/02\/beneficios-recubrimientos-antiadherentes-anticorrosivos-industriales.png 300w, https:\/\/www.coatresa.com\/wp-content\/uploads\/2018\/02\/beneficios-recubrimientos-antiadherentes-anticorrosivos-industriales-150x150.png 150w, https:\/\/www.coatresa.com\/wp-content\/uploads\/2018\/02\/beneficios-recubrimientos-antiadherentes-anticorrosivos-industriales-230x230.png 230w\" sizes=\"(max-width: 300px) 100vw, 300px\" title=\"beneficios de los recubrimientos antiadherentes y anticorrosivos industriales\" alt=\"beneficios de los recubrimientos antiadherentes y anticorrosivos industriales\" \t\tclass=\"so-widget-image\"\/>\n\t<\/div>\n\n<\/div><\/div><\/div><\/div><div id=\"pgc-10317-2-1\"  class=\"panel-grid-cell\" ><div id=\"panel-10317-2-1-0\" class=\"so-panel widget_sow-editor panel-first-child panel-last-child\" data-index=\"4\" ><div class=\"TEXTOS-DESTACATS LLISTES panel-widget-style panel-widget-style-for-10317-2-1-0\" style=\"text-align: left;\" data-title-color=\"#47425d\" data-headings-color=\"#443f3f\" data-title_alignment=\"center\" ><div\n\t\t\t\n\t\t\tclass=\"so-widget-sow-editor so-widget-sow-editor-base\"\n\t\t\t\n\t\t>\n<div class=\"siteorigin-widget-tinymce textwidget\">\n\t<ul>\n<li>Utilisation r\u00e9duite d\u2019huile<\/li>\n<li>Faible adh\u00e9rence des aliments \u00e0 la surface du produit<\/li>\n<li>Nettoyage plus facile<\/li>\n<li>Augmentation de la dur\u00e9e de vie des \u00e9l\u00e9ments<\/li>\n<\/ul>\n<\/div>\n<\/div><\/div><\/div><\/div><\/div><\/div><div id=\"pg-10317-3\"  class=\"panel-grid panel-has-style\" ><div class=\"siteorigin-panels-stretch panel-row-style panel-row-style-for-10317-3\" style=\"padding: 50px 0; \" data-stretch-type=\"full-stretched\" data-overlay=\"true\" data-overlay-color=\"#000000\" ><div id=\"pgc-10317-3-0\"  class=\"panel-grid-cell\" ><div id=\"panel-10317-3-0-0\" class=\"so-panel widget_sow-editor panel-first-child\" data-index=\"5\" ><div class=\"BLAU-FOSC panel-widget-style panel-widget-style-for-10317-3-0-0\" style=\"text-align: left;\" data-title-color=\"#47425d\" data-headings-color=\"#443f3f\" data-title_alignment=\"center\" ><div\n\t\t\t\n\t\t\tclass=\"so-widget-sow-editor so-widget-sow-editor-base\"\n\t\t\t\n\t\t>\n<div class=\"siteorigin-widget-tinymce textwidget\">\n\t<h2 style=\"text-align: center;\">Quelques-uns de nos travaux pour le secteur des ustensiles m\u00e9nagers l\u2019emballage<\/h2>\n<\/div>\n<\/div><\/div><\/div><div id=\"panel-10317-3-0-1\" class=\"so-panel widget_sow-image-grid panel-last-child\" data-index=\"6\" ><div class=\"IMATGES-PORTFOLI panel-widget-style panel-widget-style-for-10317-3-0-1\" style=\"text-align: left;\" data-title-color=\"#47425d\" data-headings-color=\"#443f3f\" data-title_alignment=\"center\" ><div\n\t\t\t\n\t\t\tclass=\"so-widget-sow-image-grid so-widget-sow-image-grid-default-555de9c308f5-10317\"\n\t\t\t\n\t\t>\t<div\n\t\tclass=\"sow-image-grid-wrapper\"\n\t\t\t\t\t>\n\t\t\t\t\t<div class=\"sow-image-grid-image\">\n\t\t\t\t\t\t\t\t\t\t\t\t<img loading=\"lazy\" decoding=\"async\" width=\"300\" height=\"300\" src=\"https:\/\/www.coatresa.com\/wp-content\/uploads\/2018\/06\/recubrimientos-antiadherentes-cacerola-alta-300x300.png\" class=\"sow-image-grid-image_html\" alt=\"\" title=\"recubrimientos antiadherentes para cacerola alta\" srcset=\"https:\/\/www.coatresa.com\/wp-content\/uploads\/2018\/06\/recubrimientos-antiadherentes-cacerola-alta-300x300.png 300w, https:\/\/www.coatresa.com\/wp-content\/uploads\/2018\/06\/recubrimientos-antiadherentes-cacerola-alta-150x150.png 150w, https:\/\/www.coatresa.com\/wp-content\/uploads\/2018\/06\/recubrimientos-antiadherentes-cacerola-alta-230x230.png 230w, https:\/\/www.coatresa.com\/wp-content\/uploads\/2018\/06\/recubrimientos-antiadherentes-cacerola-alta-350x350.png 350w, https:\/\/www.coatresa.com\/wp-content\/uploads\/2018\/06\/recubrimientos-antiadherentes-cacerola-alta-480x480.png 480w, https:\/\/www.coatresa.com\/wp-content\/uploads\/2018\/06\/recubrimientos-antiadherentes-cacerola-alta.png 737w\" sizes=\"auto, (max-width: 300px) 100vw, 300px\" \/>\t\t\t\t\t\t\t\t\t\t\t<\/div>\n\t\t\t\t\t<div class=\"sow-image-grid-image\">\n\t\t\t\t\t\t\t\t\t\t\t\t<img loading=\"lazy\" decoding=\"async\" width=\"300\" height=\"300\" src=\"https:\/\/www.coatresa.com\/wp-content\/uploads\/2018\/06\/recubrimientos-antiadherentes-cuchillos-300x300.png\" class=\"sow-image-grid-image_html\" alt=\"\" title=\"recubrimientos antiadherentes para cuchillos\" srcset=\"https:\/\/www.coatresa.com\/wp-content\/uploads\/2018\/06\/recubrimientos-antiadherentes-cuchillos-300x300.png 300w, https:\/\/www.coatresa.com\/wp-content\/uploads\/2018\/06\/recubrimientos-antiadherentes-cuchillos-150x150.png 150w, https:\/\/www.coatresa.com\/wp-content\/uploads\/2018\/06\/recubrimientos-antiadherentes-cuchillos-230x230.png 230w, https:\/\/www.coatresa.com\/wp-content\/uploads\/2018\/06\/recubrimientos-antiadherentes-cuchillos-350x350.png 350w, https:\/\/www.coatresa.com\/wp-content\/uploads\/2018\/06\/recubrimientos-antiadherentes-cuchillos-480x480.png 480w, https:\/\/www.coatresa.com\/wp-content\/uploads\/2018\/06\/recubrimientos-antiadherentes-cuchillos.png 737w\" sizes=\"auto, (max-width: 300px) 100vw, 300px\" \/>\t\t\t\t\t\t\t\t\t\t\t<\/div>\n\t\t\t\t\t<div class=\"sow-image-grid-image\">\n\t\t\t\t\t\t\t\t\t\t\t\t<img loading=\"lazy\" decoding=\"async\" width=\"300\" height=\"300\" src=\"https:\/\/www.coatresa.com\/wp-content\/uploads\/2018\/06\/recubrimientos-antiadherentes-olla-expres-300x300.png\" class=\"sow-image-grid-image_html\" alt=\"\" title=\"recubrimientos antiadherentes para olla expres\" srcset=\"https:\/\/www.coatresa.com\/wp-content\/uploads\/2018\/06\/recubrimientos-antiadherentes-olla-expres-300x300.png 300w, https:\/\/www.coatresa.com\/wp-content\/uploads\/2018\/06\/recubrimientos-antiadherentes-olla-expres-150x150.png 150w, https:\/\/www.coatresa.com\/wp-content\/uploads\/2018\/06\/recubrimientos-antiadherentes-olla-expres-230x230.png 230w, https:\/\/www.coatresa.com\/wp-content\/uploads\/2018\/06\/recubrimientos-antiadherentes-olla-expres-350x350.png 350w, https:\/\/www.coatresa.com\/wp-content\/uploads\/2018\/06\/recubrimientos-antiadherentes-olla-expres-480x480.png 480w, https:\/\/www.coatresa.com\/wp-content\/uploads\/2018\/06\/recubrimientos-antiadherentes-olla-expres.png 737w\" sizes=\"auto, (max-width: 300px) 100vw, 300px\" \/>\t\t\t\t\t\t\t\t\t\t\t<\/div>\n\t\t\t\t\t<div class=\"sow-image-grid-image\">\n\t\t\t\t\t\t\t\t\t\t\t\t<img loading=\"lazy\" decoding=\"async\" width=\"300\" height=\"300\" src=\"https:\/\/www.coatresa.com\/wp-content\/uploads\/2018\/06\/recubrimientos-antiadherentes-plancha-grill-300x300.png\" class=\"sow-image-grid-image_html\" alt=\"\" title=\"recubrimientos antiadherentes para plancha grill\" srcset=\"https:\/\/www.coatresa.com\/wp-content\/uploads\/2018\/06\/recubrimientos-antiadherentes-plancha-grill-300x300.png 300w, https:\/\/www.coatresa.com\/wp-content\/uploads\/2018\/06\/recubrimientos-antiadherentes-plancha-grill-150x150.png 150w, https:\/\/www.coatresa.com\/wp-content\/uploads\/2018\/06\/recubrimientos-antiadherentes-plancha-grill-230x230.png 230w, https:\/\/www.coatresa.com\/wp-content\/uploads\/2018\/06\/recubrimientos-antiadherentes-plancha-grill-350x350.png 350w, https:\/\/www.coatresa.com\/wp-content\/uploads\/2018\/06\/recubrimientos-antiadherentes-plancha-grill-480x480.png 480w, https:\/\/www.coatresa.com\/wp-content\/uploads\/2018\/06\/recubrimientos-antiadherentes-plancha-grill.png 737w\" sizes=\"auto, (max-width: 300px) 100vw, 300px\" \/>\t\t\t\t\t\t\t\t\t\t\t<\/div>\n\t\t\t\t\t<div class=\"sow-image-grid-image\">\n\t\t\t\t\t\t\t\t\t\t\t\t<img loading=\"lazy\" decoding=\"async\" width=\"300\" height=\"300\" src=\"https:\/\/www.coatresa.com\/wp-content\/uploads\/2018\/06\/recubrimientos-ceramicos-sarten-300x300.png\" class=\"sow-image-grid-image_html\" alt=\"\" title=\"recubrimientos cer\u00e1micos para sart\u00e9n\" srcset=\"https:\/\/www.coatresa.com\/wp-content\/uploads\/2018\/06\/recubrimientos-ceramicos-sarten-300x300.png 300w, https:\/\/www.coatresa.com\/wp-content\/uploads\/2018\/06\/recubrimientos-ceramicos-sarten-150x150.png 150w, https:\/\/www.coatresa.com\/wp-content\/uploads\/2018\/06\/recubrimientos-ceramicos-sarten-230x230.png 230w, https:\/\/www.coatresa.com\/wp-content\/uploads\/2018\/06\/recubrimientos-ceramicos-sarten-350x350.png 350w, https:\/\/www.coatresa.com\/wp-content\/uploads\/2018\/06\/recubrimientos-ceramicos-sarten-480x480.png 480w, https:\/\/www.coatresa.com\/wp-content\/uploads\/2018\/06\/recubrimientos-ceramicos-sarten.png 737w\" sizes=\"auto, (max-width: 300px) 100vw, 300px\" \/>\t\t\t\t\t\t\t\t\t\t\t<\/div>\n\t\t\t<\/div>\n<\/div><\/div><\/div><\/div><\/div><\/div><div id=\"pg-10317-4\"  class=\"panel-grid panel-has-style\" ><div class=\"siteorigin-panels-stretch panel-row-style panel-row-style-for-10317-4\" style=\"background-image: url(https:\/\/www.coatresa.com\/wp-content\/uploads\/2018\/02\/recubrimientos-antiadherentes-automocion.jpg);padding: 50px 0; \" data-stretch-type=\"full\" data-hasbg=\"hasbg\" data-overlay=\"true\" data-overlay-color=\"#000000\" ><div id=\"pgc-10317-4-0\"  class=\"panel-grid-cell\" ><div id=\"panel-10317-4-0-0\" class=\"so-panel widget_sow-editor panel-first-child panel-last-child\" data-index=\"7\" ><div class=\"TEXTOS-DESTACATS blanc panel-widget-style panel-widget-style-for-10317-4-0-0\" style=\"text-align: left;\" data-title-color=\"#47425d\" data-headings-color=\"#443f3f\" data-title_alignment=\"center\" ><div\n\t\t\t\n\t\t\tclass=\"so-widget-sow-editor so-widget-sow-editor-base\"\n\t\t\t\n\t\t>\n<div class=\"siteorigin-widget-tinymce textwidget\">\n\t<p style=\"text-align: center;\">COATRESA offre des solutions anthiadh\u00e9rentes pour presque tous les substrats susceptibles de faire partie d\u2019un ustensile de cuisine : aluminium, acier inoxydable, verre, acier, fer, etc. L\u2019ensemble de ses produits sont certifi\u00e9s aptes au contact alimentaire conform\u00e9ment \u00e0 toutes les r\u00e8glementations en vigueur.<\/p>\n<\/div>\n<\/div><\/div><\/div><\/div><\/div><\/div><\/div>","protected":false},"excerpt":{"rendered":"<p>Rev\u00eatements pour ustensiles de cuisine Depuis l\u2019arriv\u00e9e dans les foyers de la premi\u00e8re po\u00eale antiadh\u00e9sive rev\u00eatue de PFTE dans les ann\u00e9es 60, [&hellip;]<\/p>\n","protected":false},"author":1,"featured_media":0,"parent":0,"menu_order":0,"comment_status":"closed","ping_status":"closed","template":"page-templates\/page_fullwidth.php","meta":{"footnotes":""},"class_list":["post-10317","page","type-page","status-publish","hentry"],"yoast_head":"<!-- This site is optimized with the Yoast SEO plugin v27.4 - https:\/\/yoast.com\/product\/yoast-seo-wordpress\/ -->\n<title>Rev\u00eatements pour ustensiles de cuisine - Coatresa<\/title>\n<meta name=\"description\" content=\"Application d\u2019antiadh\u00e9rents PTFE pour ustensiles de cuisine comme le Teflon. Depuis la po\u00eale antiadh\u00e9rente classique jusqu\u2019\u00e0 la po\u00eale en c\u00e9ramique.\" \/>\n<meta name=\"robots\" content=\"index, follow, max-snippet:-1, max-image-preview:large, max-video-preview:-1\" \/>\n<link rel=\"canonical\" href=\"https:\/\/www.coatresa.com\/fr\/revetement-ustensile-de-cuisine\/\" \/>\n<meta property=\"og:locale\" content=\"fr_FR\" \/>\n<meta property=\"og:type\" content=\"article\" \/>\n<meta property=\"og:title\" content=\"Rev\u00eatements pour ustensiles de cuisine - Coatresa\" \/>\n<meta property=\"og:description\" content=\"Application d\u2019antiadh\u00e9rents PTFE pour ustensiles de cuisine comme le Teflon. Depuis la po\u00eale antiadh\u00e9rente classique jusqu\u2019\u00e0 la po\u00eale en c\u00e9ramique.\" \/>\n<meta property=\"og:url\" content=\"https:\/\/www.coatresa.com\/fr\/revetement-ustensile-de-cuisine\/\" \/>\n<meta property=\"og:site_name\" content=\"Coatresa\" \/>\n<meta property=\"article:publisher\" content=\"https:\/\/www.facebook.com\/Coatresa\/\" \/>\n<meta property=\"article:modified_time\" content=\"2018-09-10T16:44:23+00:00\" \/>\n<meta name=\"twitter:card\" content=\"summary_large_image\" \/>\n<meta name=\"twitter:site\" content=\"@Coatresa\" \/>\n<meta name=\"twitter:label1\" content=\"Dur\u00e9e de lecture estim\u00e9e\" \/>\n\t<meta name=\"twitter:data1\" content=\"2 minutes\" \/>\n<script type=\"application\/ld+json\" class=\"yoast-schema-graph\">{\"@context\":\"https:\\\/\\\/schema.org\",\"@graph\":[{\"@type\":\"WebPage\",\"@id\":\"https:\\\/\\\/www.coatresa.com\\\/fr\\\/revetement-ustensile-de-cuisine\\\/\",\"url\":\"https:\\\/\\\/www.coatresa.com\\\/fr\\\/revetement-ustensile-de-cuisine\\\/\",\"name\":\"Rev\u00eatements pour ustensiles de cuisine - Coatresa\",\"isPartOf\":{\"@id\":\"https:\\\/\\\/www.coatresa.com\\\/fr\\\/#website\"},\"datePublished\":\"2018-06-14T15:48:20+00:00\",\"dateModified\":\"2018-09-10T16:44:23+00:00\",\"description\":\"Application d\u2019antiadh\u00e9rents PTFE pour ustensiles de cuisine comme le Teflon. Depuis la po\u00eale antiadh\u00e9rente classique jusqu\u2019\u00e0 la po\u00eale en c\u00e9ramique.\",\"breadcrumb\":{\"@id\":\"https:\\\/\\\/www.coatresa.com\\\/fr\\\/revetement-ustensile-de-cuisine\\\/#breadcrumb\"},\"inLanguage\":\"fr-FR\",\"potentialAction\":[{\"@type\":\"ReadAction\",\"target\":[\"https:\\\/\\\/www.coatresa.com\\\/fr\\\/revetement-ustensile-de-cuisine\\\/\"]}]},{\"@type\":\"BreadcrumbList\",\"@id\":\"https:\\\/\\\/www.coatresa.com\\\/fr\\\/revetement-ustensile-de-cuisine\\\/#breadcrumb\",\"itemListElement\":[{\"@type\":\"ListItem\",\"position\":1,\"name\":\"Portada\",\"item\":\"https:\\\/\\\/www.coatresa.com\\\/fr\\\/\"},{\"@type\":\"ListItem\",\"position\":2,\"name\":\"Rev\u00eatements pour ustensiles de cuisine\"}]},{\"@type\":\"WebSite\",\"@id\":\"https:\\\/\\\/www.coatresa.com\\\/fr\\\/#website\",\"url\":\"https:\\\/\\\/www.coatresa.com\\\/fr\\\/\",\"name\":\"Coatresa\",\"description\":\"Aplicaci\u00f3n de recubrimientos antiadherentes y anticorrosivos como el Teflon. Expertos del Powder Coating\",\"publisher\":{\"@id\":\"https:\\\/\\\/www.coatresa.com\\\/fr\\\/#organization\"},\"potentialAction\":[{\"@type\":\"SearchAction\",\"target\":{\"@type\":\"EntryPoint\",\"urlTemplate\":\"https:\\\/\\\/www.coatresa.com\\\/fr\\\/?s={search_term_string}\"},\"query-input\":{\"@type\":\"PropertyValueSpecification\",\"valueRequired\":true,\"valueName\":\"search_term_string\"}}],\"inLanguage\":\"fr-FR\"},{\"@type\":\"Organization\",\"@id\":\"https:\\\/\\\/www.coatresa.com\\\/fr\\\/#organization\",\"name\":\"Coatresa\",\"url\":\"https:\\\/\\\/www.coatresa.com\\\/fr\\\/\",\"logo\":{\"@type\":\"ImageObject\",\"inLanguage\":\"fr-FR\",\"@id\":\"https:\\\/\\\/www.coatresa.com\\\/fr\\\/#\\\/schema\\\/logo\\\/image\\\/\",\"url\":\"https:\\\/\\\/www.coatresa.com\\\/wp-content\\\/uploads\\\/2022\\\/07\\\/A_blava_mitja_transp.png\",\"contentUrl\":\"https:\\\/\\\/www.coatresa.com\\\/wp-content\\\/uploads\\\/2022\\\/07\\\/A_blava_mitja_transp.png\",\"width\":340,\"height\":326,\"caption\":\"Coatresa\"},\"image\":{\"@id\":\"https:\\\/\\\/www.coatresa.com\\\/fr\\\/#\\\/schema\\\/logo\\\/image\\\/\"},\"sameAs\":[\"https:\\\/\\\/www.facebook.com\\\/Coatresa\\\/\",\"https:\\\/\\\/x.com\\\/Coatresa\",\"https:\\\/\\\/www.linkedin.com\\\/company\\\/coatresa\\\/\",\"https:\\\/\\\/www.youtube.com\\\/user\\\/CoatresaCoatings\"]}]}<\/script>\n<!-- \/ Yoast SEO plugin. -->","yoast_head_json":{"title":"Rev\u00eatements pour ustensiles de cuisine - Coatresa","description":"Application d\u2019antiadh\u00e9rents PTFE pour ustensiles de cuisine comme le Teflon. Depuis la po\u00eale antiadh\u00e9rente classique jusqu\u2019\u00e0 la po\u00eale en c\u00e9ramique.","robots":{"index":"index","follow":"follow","max-snippet":"max-snippet:-1","max-image-preview":"max-image-preview:large","max-video-preview":"max-video-preview:-1"},"canonical":"https:\/\/www.coatresa.com\/fr\/revetement-ustensile-de-cuisine\/","og_locale":"fr_FR","og_type":"article","og_title":"Rev\u00eatements pour ustensiles de cuisine - Coatresa","og_description":"Application d\u2019antiadh\u00e9rents PTFE pour ustensiles de cuisine comme le Teflon. Depuis la po\u00eale antiadh\u00e9rente classique jusqu\u2019\u00e0 la po\u00eale en c\u00e9ramique.","og_url":"https:\/\/www.coatresa.com\/fr\/revetement-ustensile-de-cuisine\/","og_site_name":"Coatresa","article_publisher":"https:\/\/www.facebook.com\/Coatresa\/","article_modified_time":"2018-09-10T16:44:23+00:00","twitter_card":"summary_large_image","twitter_site":"@Coatresa","twitter_misc":{"Dur\u00e9e de lecture estim\u00e9e":"2 minutes"},"schema":{"@context":"https:\/\/schema.org","@graph":[{"@type":"WebPage","@id":"https:\/\/www.coatresa.com\/fr\/revetement-ustensile-de-cuisine\/","url":"https:\/\/www.coatresa.com\/fr\/revetement-ustensile-de-cuisine\/","name":"Rev\u00eatements pour ustensiles de cuisine - Coatresa","isPartOf":{"@id":"https:\/\/www.coatresa.com\/fr\/#website"},"datePublished":"2018-06-14T15:48:20+00:00","dateModified":"2018-09-10T16:44:23+00:00","description":"Application d\u2019antiadh\u00e9rents PTFE pour ustensiles de cuisine comme le Teflon. Depuis la po\u00eale antiadh\u00e9rente classique jusqu\u2019\u00e0 la po\u00eale en c\u00e9ramique.","breadcrumb":{"@id":"https:\/\/www.coatresa.com\/fr\/revetement-ustensile-de-cuisine\/#breadcrumb"},"inLanguage":"fr-FR","potentialAction":[{"@type":"ReadAction","target":["https:\/\/www.coatresa.com\/fr\/revetement-ustensile-de-cuisine\/"]}]},{"@type":"BreadcrumbList","@id":"https:\/\/www.coatresa.com\/fr\/revetement-ustensile-de-cuisine\/#breadcrumb","itemListElement":[{"@type":"ListItem","position":1,"name":"Portada","item":"https:\/\/www.coatresa.com\/fr\/"},{"@type":"ListItem","position":2,"name":"Rev\u00eatements pour ustensiles de cuisine"}]},{"@type":"WebSite","@id":"https:\/\/www.coatresa.com\/fr\/#website","url":"https:\/\/www.coatresa.com\/fr\/","name":"Coatresa","description":"Aplicaci\u00f3n de recubrimientos antiadherentes y anticorrosivos como el Teflon. Expertos del Powder Coating","publisher":{"@id":"https:\/\/www.coatresa.com\/fr\/#organization"},"potentialAction":[{"@type":"SearchAction","target":{"@type":"EntryPoint","urlTemplate":"https:\/\/www.coatresa.com\/fr\/?s={search_term_string}"},"query-input":{"@type":"PropertyValueSpecification","valueRequired":true,"valueName":"search_term_string"}}],"inLanguage":"fr-FR"},{"@type":"Organization","@id":"https:\/\/www.coatresa.com\/fr\/#organization","name":"Coatresa","url":"https:\/\/www.coatresa.com\/fr\/","logo":{"@type":"ImageObject","inLanguage":"fr-FR","@id":"https:\/\/www.coatresa.com\/fr\/#\/schema\/logo\/image\/","url":"https:\/\/www.coatresa.com\/wp-content\/uploads\/2022\/07\/A_blava_mitja_transp.png","contentUrl":"https:\/\/www.coatresa.com\/wp-content\/uploads\/2022\/07\/A_blava_mitja_transp.png","width":340,"height":326,"caption":"Coatresa"},"image":{"@id":"https:\/\/www.coatresa.com\/fr\/#\/schema\/logo\/image\/"},"sameAs":["https:\/\/www.facebook.com\/Coatresa\/","https:\/\/x.com\/Coatresa","https:\/\/www.linkedin.com\/company\/coatresa\/","https:\/\/www.youtube.com\/user\/CoatresaCoatings"]}]}},"_links":{"self":[{"href":"https:\/\/www.coatresa.com\/fr\/wp-json\/wp\/v2\/pages\/10317","targetHints":{"allow":["GET"]}}],"collection":[{"href":"https:\/\/www.coatresa.com\/fr\/wp-json\/wp\/v2\/pages"}],"about":[{"href":"https:\/\/www.coatresa.com\/fr\/wp-json\/wp\/v2\/types\/page"}],"author":[{"embeddable":true,"href":"https:\/\/www.coatresa.com\/fr\/wp-json\/wp\/v2\/users\/1"}],"replies":[{"embeddable":true,"href":"https:\/\/www.coatresa.com\/fr\/wp-json\/wp\/v2\/comments?post=10317"}],"version-history":[{"count":0,"href":"https:\/\/www.coatresa.com\/fr\/wp-json\/wp\/v2\/pages\/10317\/revisions"}],"wp:attachment":[{"href":"https:\/\/www.coatresa.com\/fr\/wp-json\/wp\/v2\/media?parent=10317"}],"curies":[{"name":"wp","href":"https:\/\/api.w.org\/{rel}","templated":true}]}}