{"id":10343,"date":"2018-07-12T17:00:29","date_gmt":"2018-07-12T15:00:29","guid":{"rendered":"http:\/\/coatresa.com\/recubrimientos-arkema\/"},"modified":"2022-06-14T16:39:26","modified_gmt":"2022-06-14T14:39:26","slug":"revetements-arkema","status":"publish","type":"page","link":"https:\/\/www.coatresa.com\/fr\/revetements-arkema\/","title":{"rendered":"Rev\u00eatements Arkema"},"content":{"rendered":"<div id=\"pl-10343\"  class=\"panel-layout\" ><div id=\"pg-10343-0\"  class=\"panel-grid panel-has-style\" ><div style=\"padding: 0px 0; \" data-overlay=\"true\" data-overlay-color=\"#000000\" class=\"panel-row-style panel-row-style-for-10343-0\" ><div id=\"pgc-10343-0-0\"  class=\"panel-grid-cell\" ><div id=\"panel-10343-0-0-0\" class=\"so-panel widget_sow-image panel-first-child\" data-index=\"0\" ><div style=\"text-align: left;\" data-title-color=\"#47425d\" data-headings-color=\"#443f3f\" data-title_alignment=\"center\" class=\"panel-widget-style panel-widget-style-for-10343-0-0-0\" ><div\n\t\t\t\n\t\t\tclass=\"so-widget-sow-image so-widget-sow-image-default-c67d20f9f743-10343\"\n\t\t\t\n\t\t>\n<div class=\"sow-image-container\">\n\t\t<img \n\tsrc=\"https:\/\/www.coatresa.com\/wp-content\/uploads\/2022\/06\/Logo-Arkema-300x91.png\" width=\"300\" height=\"91\" srcset=\"https:\/\/www.coatresa.com\/wp-content\/uploads\/2022\/06\/Logo-Arkema-300x91.png 300w, https:\/\/www.coatresa.com\/wp-content\/uploads\/2022\/06\/Logo-Arkema-1024x310.png 1024w, https:\/\/www.coatresa.com\/wp-content\/uploads\/2022\/06\/Logo-Arkema-768x232.png 768w, https:\/\/www.coatresa.com\/wp-content\/uploads\/2022\/06\/Logo-Arkema-1536x465.png 1536w, https:\/\/www.coatresa.com\/wp-content\/uploads\/2022\/06\/Logo-Arkema-2048x619.png 2048w, https:\/\/www.coatresa.com\/wp-content\/uploads\/2022\/06\/Logo-Arkema-830x251.png 830w, https:\/\/www.coatresa.com\/wp-content\/uploads\/2022\/06\/Logo-Arkema-230x70.png 230w, https:\/\/www.coatresa.com\/wp-content\/uploads\/2022\/06\/Logo-Arkema-350x106.png 350w, https:\/\/www.coatresa.com\/wp-content\/uploads\/2022\/06\/Logo-Arkema-480x145.png 480w\" sizes=\"(max-width: 300px) 100vw, 300px\" title=\"Logo Arkema\" alt=\"\" \t\tclass=\"so-widget-image\"\/>\n\t<\/div>\n\n<\/div><\/div><\/div><div id=\"panel-10343-0-0-1\" class=\"so-panel widget_sow-editor panel-last-child\" data-index=\"1\" ><div style=\"text-align: left;\" data-title-color=\"#47425d\" data-headings-color=\"#000000\" data-title_alignment=\"center\" class=\"panel-widget-style panel-widget-style-for-10343-0-0-1\" ><div\n\t\t\t\n\t\t\tclass=\"so-widget-sow-editor so-widget-sow-editor-base\"\n\t\t\t\n\t\t>\n<div class=\"siteorigin-widget-tinymce textwidget\">\n\t<h1 style=\"text-align: center;\">Rev\u00eatement Arkema<\/h1>\n<hr \/>\n<p style=\"text-align: justify;\">Arkema a \u00e9t\u00e9 cr\u00e9\u00e9e en 2004, suite \u00e0 la restructuration des activit\u00e9s chimiques de la compagnie p\u00e9troli\u00e8re fran\u00e7aise Total. \u00c9tablie pr\u00e8s de Paris, elle est cot\u00e9e en bourse depuis 2006 et compte 137 unit\u00e9s de production r\u00e9parties en Europe, en Am\u00e9rique du Nord et en Asie.<br \/>\nD\u00e8s 2012, ann\u00e9e o\u00f9 elle a vendu son usine de vinyles, l\u2019entreprise est divis\u00e9e en trois unit\u00e9s d\u2019activit\u00e9: Sp\u00e9cialit\u00e9s industrielles, Solutions de rev\u00eatement et Mat\u00e9riaux \u00e0 haut rendement.<\/p>\n<\/div>\n<\/div><\/div><\/div><\/div><\/div><\/div><div id=\"pg-10343-1\"  class=\"panel-grid panel-has-style\" ><div class=\"FRANJA-BLAVA-TITOL siteorigin-panels-stretch panel-row-style panel-row-style-for-10343-1\" style=\"padding: 0px 0; \" data-stretch-type=\"full\" data-overlay=\"true\" data-overlay-color=\"#000000\" ><div id=\"pgc-10343-1-0\"  class=\"panel-grid-cell\" ><div id=\"panel-10343-1-0-0\" class=\"so-panel widget_sow-editor panel-first-child panel-last-child\" data-index=\"2\" ><div class=\"blanc panel-widget-style panel-widget-style-for-10343-1-0-0\" style=\"text-align: left;\" data-title-color=\"#47425d\" data-headings-color=\"#443f3f\" data-title_alignment=\"center\" ><div\n\t\t\t\n\t\t\tclass=\"so-widget-sow-editor so-widget-sow-editor-base\"\n\t\t\t\n\t\t>\n<div class=\"siteorigin-widget-tinymce textwidget\">\n\t<h2 style=\"text-align: center;\"> Produits Arkema<\/h2>\n<\/div>\n<\/div><\/div><\/div><\/div><\/div><\/div><div id=\"pg-10343-2\"  class=\"panel-grid panel-has-style\" ><div class=\"BGC-GRIS siteorigin-panels-stretch panel-row-style panel-row-style-for-10343-2\" style=\"padding: 50px 0; \" data-stretch-type=\"full\" data-overlay=\"true\" data-overlay-color=\"#000000\" ><div id=\"pgc-10343-2-0\"  class=\"panel-grid-cell\" ><div id=\"panel-10343-2-0-0\" class=\"so-panel widget_siteorigin-panels-builder panel-first-child panel-last-child\" data-index=\"3\" ><div style=\"text-align: left;\" data-title-color=\"#47425d\" data-headings-color=\"#443f3f\" data-title_alignment=\"center\" class=\"panel-widget-style panel-widget-style-for-10343-2-0-0\" ><div id=\"pl-w62a89d9ed9dcd\"  class=\"panel-layout\" ><div id=\"pg-w62a89d9ed9dcd-0\"  class=\"panel-grid panel-has-style\" ><div style=\"padding: 0px 0; \" data-overlay=\"true\" data-overlay-color=\"#000000\" class=\"panel-row-style panel-row-style-for-w62a89d9ed9dcd-0\" ><div id=\"pgc-w62a89d9ed9dcd-0-0\"  class=\"panel-grid-cell\" ><div id=\"panel-w62a89d9ed9dcd-0-0-0\" class=\"so-panel widget_sow-editor panel-first-child panel-last-child\" data-index=\"0\" ><div style=\"text-align: left;\" data-title-color=\"#47425d\" data-headings-color=\"#443f3f\" data-title_alignment=\"center\" class=\"panel-widget-style panel-widget-style-for-w62a89d9ed9dcd-0-0-0\" ><div\n\t\t\t\n\t\t\tclass=\"so-widget-sow-editor so-widget-sow-editor-base\"\n\t\t\t\n\t\t>\n<div class=\"siteorigin-widget-tinymce textwidget\">\n\t<p style=\"text-align: justify;\">Sous le nom de\u00a0<b>Sp\u00e9cialit\u00e9s industrielles<\/b>\u00a0sont regroup\u00e9s les produits destin\u00e9s \u00e0 la fabrication de produits chimiques pour la nutrition animale, d\u00e9odorants, peroxyde d\u2019hydrog\u00e8ne pour blanchir les textiles et la p\u00e2te \u00e0 papier, traitement des eaux et produits fluorochimiques de climatisation, etc.<\/p>\n<p style=\"text-align: justify;\">La section <b>Solutions de rev\u00eatement<\/b>\u00a0inclut des mat\u00e9riaux de rev\u00eatement \u00e0 base d\u2019eau, de solvant, de r\u00e9sines en poudre et d\u2019additifs pour divers usages et secteurs.<\/p>\n<p style=\"text-align: justify;\"><b>Mat\u00e9riaux \u00e0 haut rendement<\/b>\u00a0est sous-divis\u00e9 en quatre segments : Fluoropolym\u00e8res (PVDF), Tamis mol\u00e9culaires, Peroxydes organiques et Polyamides sp\u00e9ciaux, qui comprennent les grandes marques Rilsan\u00ae (polyamide 11), Orgasol\u00ae et Pebax\u00ae, leaders sur le march\u00e9.<\/p>\n<\/div>\n<\/div><\/div><\/div><\/div><\/div><\/div><div id=\"pg-w62a89d9ed9dcd-1\"  class=\"panel-grid panel-has-style\" ><div style=\"padding: 0px 0; \" data-overlay=\"true\" data-overlay-color=\"#000000\" class=\"panel-row-style panel-row-style-for-w62a89d9ed9dcd-1\" ><div id=\"pgc-w62a89d9ed9dcd-1-0\"  class=\"panel-grid-cell\" ><div class=\"BGC-BLANC panel-cell-style panel-cell-style-for-w62a89d9ed9dcd-1-0\" ><div id=\"panel-w62a89d9ed9dcd-1-0-0\" class=\"so-panel widget_sow-image panel-first-child panel-last-child\" data-index=\"1\" ><div class=\"PADDING-H-1 AUGMENTAR-ICONA panel-widget-style panel-widget-style-for-w62a89d9ed9dcd-1-0-0\" style=\"text-align: left;\" data-title-color=\"#47425d\" data-headings-color=\"#443f3f\" data-title_alignment=\"center\" ><div\n\t\t\t\n\t\t\tclass=\"so-widget-sow-image so-widget-sow-image-default-c67d20f9f743\"\n\t\t\t\n\t\t>\n<div class=\"sow-image-container\">\n\t\t\t<a href=\"\/fr\/revetement-arkema-rilsan\"\n\t\t\t\t\t>\n\t\t\t<img \n\tsrc=\"https:\/\/www.coatresa.com\/wp-content\/uploads\/2022\/06\/Rilsan_Logo-1.png\" width=\"240\" height=\"197\" srcset=\"https:\/\/www.coatresa.com\/wp-content\/uploads\/2022\/06\/Rilsan_Logo-1.png 240w, https:\/\/www.coatresa.com\/wp-content\/uploads\/2022\/06\/Rilsan_Logo-1-230x189.png 230w\" sizes=\"(max-width: 240px) 100vw, 240px\" title=\"Rilsan_Logo\" alt=\"\" \t\tclass=\"so-widget-image\"\/>\n\t\t\t<\/a><\/div>\n\n<\/div><\/div><\/div><\/div><\/div><div id=\"pgc-w62a89d9ed9dcd-1-1\"  class=\"panel-grid-cell\" ><div class=\"BGC-BLANC panel-cell-style panel-cell-style-for-w62a89d9ed9dcd-1-1\" ><div id=\"panel-w62a89d9ed9dcd-1-1-0\" class=\"so-panel widget_sow-image panel-first-child panel-last-child\" data-index=\"2\" ><div class=\"PADDING-H-1 AUGMENTAR-ICONA panel-widget-style panel-widget-style-for-w62a89d9ed9dcd-1-1-0\" style=\"text-align: left;\" data-title-color=\"#47425d\" data-headings-color=\"#443f3f\" data-title_alignment=\"center\" ><div\n\t\t\t\n\t\t\tclass=\"so-widget-sow-image so-widget-sow-image-default-c67d20f9f743\"\n\t\t\t\n\t\t>\n<div class=\"sow-image-container\">\n\t\t\t<a href=\"\/fr\/revetement-arkema-kynar\"\n\t\t\t\t\t>\n\t\t\t<img \n\tsrc=\"https:\/\/www.coatresa.com\/wp-content\/uploads\/2022\/06\/Kynar_Logo.png\" width=\"240\" height=\"197\" srcset=\"https:\/\/www.coatresa.com\/wp-content\/uploads\/2022\/06\/Kynar_Logo.png 240w, https:\/\/www.coatresa.com\/wp-content\/uploads\/2022\/06\/Kynar_Logo-230x189.png 230w\" sizes=\"(max-width: 240px) 100vw, 240px\" alt=\"\" \t\tclass=\"so-widget-image\"\/>\n\t\t\t<\/a><\/div>\n\n<\/div><\/div><\/div><\/div><\/div><div id=\"pgc-w62a89d9ed9dcd-1-2\"  class=\"panel-grid-cell\" ><div class=\"BGC-GRIS-CLAR panel-cell-style panel-cell-style-for-w62a89d9ed9dcd-1-2\" ><div id=\"panel-w62a89d9ed9dcd-1-2-0\" class=\"so-panel widget_sow-image panel-first-child panel-last-child\" data-index=\"3\" ><div class=\"PADDING-H-1 panel-widget-style panel-widget-style-for-w62a89d9ed9dcd-1-2-0\" style=\"text-align: left;\" data-title-color=\"#47425d\" data-headings-color=\"#443f3f\" data-title_alignment=\"center\" ><div\n\t\t\t\n\t\t\tclass=\"so-widget-sow-image so-widget-sow-image-default-c67d20f9f743\"\n\t\t\t\n\t\t>\n<div class=\"sow-image-container\">\n\t\t<img \n\tsrc=\"https:\/\/www.coatresa.com\/wp-content\/uploads\/2022\/06\/Kepstan_Logo1.png\" width=\"240\" height=\"197\" srcset=\"https:\/\/www.coatresa.com\/wp-content\/uploads\/2022\/06\/Kepstan_Logo1.png 240w, https:\/\/www.coatresa.com\/wp-content\/uploads\/2022\/06\/Kepstan_Logo1-230x189.png 230w\" sizes=\"(max-width: 240px) 100vw, 240px\" alt=\"\" \t\tclass=\"so-widget-image\"\/>\n\t<\/div>\n\n<\/div><\/div><\/div><\/div><\/div><\/div><\/div><div id=\"pg-w62a89d9ed9dcd-2\"  class=\"panel-grid panel-has-style\" ><div style=\"padding: 0px 0; \" data-overlay=\"true\" data-overlay-color=\"#000000\" class=\"panel-row-style panel-row-style-for-w62a89d9ed9dcd-2\" ><div id=\"pgc-w62a89d9ed9dcd-2-0\"  class=\"panel-grid-cell\" ><div class=\"BGC-GRIS-CLAR panel-cell-style panel-cell-style-for-w62a89d9ed9dcd-2-0\" ><div id=\"panel-w62a89d9ed9dcd-2-0-0\" class=\"so-panel widget_sow-image panel-first-child panel-last-child\" data-index=\"4\" ><div class=\"PADDING-H-1 panel-widget-style panel-widget-style-for-w62a89d9ed9dcd-2-0-0\" style=\"text-align: left;\" data-title-color=\"#47425d\" data-headings-color=\"#443f3f\" data-title_alignment=\"center\" ><div\n\t\t\t\n\t\t\tclass=\"so-widget-sow-image so-widget-sow-image-default-c67d20f9f743\"\n\t\t\t\n\t\t>\n<div class=\"sow-image-container\">\n\t\t<img \n\tsrc=\"https:\/\/www.coatresa.com\/wp-content\/uploads\/2022\/06\/Orgasol_Logo.png\" width=\"577\" height=\"433\" srcset=\"https:\/\/www.coatresa.com\/wp-content\/uploads\/2022\/06\/Orgasol_Logo.png 577w, https:\/\/www.coatresa.com\/wp-content\/uploads\/2022\/06\/Orgasol_Logo-300x225.png 300w, https:\/\/www.coatresa.com\/wp-content\/uploads\/2022\/06\/Orgasol_Logo-230x173.png 230w, https:\/\/www.coatresa.com\/wp-content\/uploads\/2022\/06\/Orgasol_Logo-350x263.png 350w, https:\/\/www.coatresa.com\/wp-content\/uploads\/2022\/06\/Orgasol_Logo-480x360.png 480w\" sizes=\"(max-width: 577px) 100vw, 577px\" alt=\"\" \t\tclass=\"so-widget-image\"\/>\n\t<\/div>\n\n<\/div><\/div><\/div><\/div><\/div><div id=\"pgc-w62a89d9ed9dcd-2-1\"  class=\"panel-grid-cell panel-grid-cell-mobile-last\" ><div id=\"panel-w62a89d9ed9dcd-2-1-0\" class=\"so-panel widget_sow-image panel-first-child panel-last-child\" data-index=\"5\" ><div class=\"PADDING-H-1 panel-widget-style panel-widget-style-for-w62a89d9ed9dcd-2-1-0\" style=\"text-align: left;\" data-title-color=\"#47425d\" data-headings-color=\"#443f3f\" data-title_alignment=\"center\" ><div\n\t\t\t\n\t\t\tclass=\"so-widget-sow-image so-widget-sow-image-default-c67d20f9f743\"\n\t\t\t\n\t\t>\n<div class=\"sow-image-container\">\n\t\t<img \n\tsrc=\"https:\/\/www.coatresa.com\/wp-content\/uploads\/2022\/06\/Pebax_Logo.png\" width=\"577\" height=\"433\" srcset=\"https:\/\/www.coatresa.com\/wp-content\/uploads\/2022\/06\/Pebax_Logo.png 577w, https:\/\/www.coatresa.com\/wp-content\/uploads\/2022\/06\/Pebax_Logo-300x225.png 300w, https:\/\/www.coatresa.com\/wp-content\/uploads\/2022\/06\/Pebax_Logo-230x173.png 230w, https:\/\/www.coatresa.com\/wp-content\/uploads\/2022\/06\/Pebax_Logo-350x263.png 350w, https:\/\/www.coatresa.com\/wp-content\/uploads\/2022\/06\/Pebax_Logo-480x360.png 480w\" sizes=\"(max-width: 577px) 100vw, 577px\" alt=\"\" \t\tclass=\"so-widget-image\"\/>\n\t<\/div>\n\n<\/div><\/div><\/div><\/div><div id=\"pgc-w62a89d9ed9dcd-2-2\"  class=\"panel-grid-cell panel-grid-cell-empty\" ><\/div><\/div><\/div><div id=\"pg-w62a89d9ed9dcd-3\"  class=\"panel-grid panel-has-style\" ><div style=\"padding: 0px 0; \" data-overlay=\"true\" data-overlay-color=\"#000000\" class=\"panel-row-style panel-row-style-for-w62a89d9ed9dcd-3\" ><div id=\"pgc-w62a89d9ed9dcd-3-0\"  class=\"panel-grid-cell\" ><div id=\"panel-w62a89d9ed9dcd-3-0-0\" class=\"so-panel widget_sow-editor panel-first-child panel-last-child\" data-index=\"6\" ><div style=\"text-align: left;\" data-title-color=\"#47425d\" data-headings-color=\"#443f3f\" data-title_alignment=\"center\" class=\"panel-widget-style panel-widget-style-for-w62a89d9ed9dcd-3-0-0\" ><div\n\t\t\t\n\t\t\tclass=\"so-widget-sow-editor so-widget-sow-editor-base\"\n\t\t\t\n\t\t>\n<div class=\"siteorigin-widget-tinymce textwidget\">\n\t<p style=\"text-align: justify;\"><b>Rilsan<\/b>\u00ae est un polym\u00e8re de polyamide haut rendement qui procure une grande duret\u00e9, de la flexibilit\u00e9 et une grande r\u00e9sistance chimique et \u00e0 la p\u00e9n\u00e9tration.<\/p>\n<p style=\"text-align: justify;\"><b>Orgasol<\/b>\u00ae est la marque du proc\u00e9d\u00e9 brevet\u00e9 par Arkema pour fabriquer des additifs bas\u00e9s sur des poudres de trois polyamides (PA 6, PA 12 et PA 6\/12). Orgasol\u00ae pr\u00e9sente une microporosit\u00e9 de 1 \u00e0 20m\u00b2\/g, une fourchette de temp\u00e9ratures de fusion allant de 140 \u00e0 220\u00b0C, et une faible densit\u00e9. Ses caract\u00e9ristiques am\u00e9liorent la r\u00e9sistance \u00e0 l\u2019abrasion.<br \/>\nOrgasol\u00ae peut \u00eatre appliqu\u00e9 dans une large gamme de secteurs tels que le rev\u00eatement de bobines en t\u00f4le de m\u00e9tal, le rev\u00eatement de canettes, les meubles, le secteur des rev\u00eatements de sol, les dispositifs \u00e9lectroniques, les caoutchoucs, les arts graphiques, etc.<\/p>\n<p style=\"text-align: justify;\">Les \u00e9lastom\u00e8res plastique (TPE)\u00a0<b>Pebax<\/b>\u00ae sont des polym\u00e8res l\u00e9gers qui se composent de blocs rigides de polyamide et de blocs souples de polyester. Cette famille de produits est tr\u00e8s employ\u00e9e dans de nombreux secteurs exigeant une grande l\u00e9g\u00e8ret\u00e9 et un bon retour d\u2019\u00e9nergie, notamment les sports, la m\u00e9decine, et les tissus techniques sp\u00e9ciaux. Actuellement, l\u2019option Pebax\u00ae bio est disponible.<\/p>\n<\/div>\n<\/div><\/div><\/div><\/div><\/div><\/div><\/div><\/div><\/div><\/div><\/div><\/div><\/div>","protected":false},"excerpt":{"rendered":"<p>Rev\u00eatement Arkema Arkema a \u00e9t\u00e9 cr\u00e9\u00e9e en 2004, suite \u00e0 la restructuration des activit\u00e9s chimiques de la compagnie p\u00e9troli\u00e8re fran\u00e7aise Total. \u00c9tablie [&hellip;]<\/p>\n","protected":false},"author":1,"featured_media":7395,"parent":0,"menu_order":0,"comment_status":"closed","ping_status":"closed","template":"page-templates\/page_fullwidth.php","meta":{"footnotes":""},"class_list":["post-10343","page","type-page","status-publish","has-post-thumbnail","hentry"],"yoast_head":"<!-- This site is optimized with the Yoast SEO plugin v27.4 - https:\/\/yoast.com\/product\/yoast-seo-wordpress\/ -->\n<title>Rev\u00eatements Arkema - Coatresa<\/title>\n<meta name=\"description\" content=\"Rev\u00eatements Arkema : Fluoropolym\u00e8res PVDF, tamis mol\u00e9culaires, peroxydes organiques et polyamides comme Rilsan (polyamide 11), Orgasol et Pebax TPE.\" \/>\n<meta name=\"robots\" content=\"index, follow, max-snippet:-1, max-image-preview:large, max-video-preview:-1\" \/>\n<link rel=\"canonical\" href=\"https:\/\/www.coatresa.com\/fr\/revetements-arkema\/\" \/>\n<meta property=\"og:locale\" content=\"fr_FR\" \/>\n<meta property=\"og:type\" content=\"article\" \/>\n<meta property=\"og:title\" content=\"Rev\u00eatements Arkema - Coatresa\" \/>\n<meta property=\"og:description\" content=\"Rev\u00eatements Arkema : Fluoropolym\u00e8res PVDF, tamis mol\u00e9culaires, peroxydes organiques et polyamides comme Rilsan (polyamide 11), Orgasol et Pebax TPE.\" \/>\n<meta property=\"og:url\" content=\"https:\/\/www.coatresa.com\/fr\/revetements-arkema\/\" \/>\n<meta property=\"og:site_name\" content=\"Coatresa\" \/>\n<meta property=\"article:publisher\" content=\"https:\/\/www.facebook.com\/Coatresa\/\" \/>\n<meta property=\"article:modified_time\" content=\"2022-06-14T14:39:26+00:00\" \/>\n<meta property=\"og:image\" content=\"https:\/\/www.coatresa.com\/wp-content\/uploads\/2018\/07\/recubrimientos-arkema.png\" \/>\n\t<meta property=\"og:image:width\" content=\"197\" \/>\n\t<meta property=\"og:image:height\" content=\"120\" \/>\n\t<meta property=\"og:image:type\" content=\"image\/png\" \/>\n<meta name=\"twitter:card\" content=\"summary_large_image\" \/>\n<meta name=\"twitter:site\" content=\"@Coatresa\" \/>\n<meta name=\"twitter:label1\" content=\"Dur\u00e9e de lecture estim\u00e9e\" \/>\n\t<meta name=\"twitter:data1\" content=\"2 minutes\" \/>\n<script type=\"application\/ld+json\" class=\"yoast-schema-graph\">{\"@context\":\"https:\\\/\\\/schema.org\",\"@graph\":[{\"@type\":\"WebPage\",\"@id\":\"https:\\\/\\\/www.coatresa.com\\\/fr\\\/revetements-arkema\\\/\",\"url\":\"https:\\\/\\\/www.coatresa.com\\\/fr\\\/revetements-arkema\\\/\",\"name\":\"Rev\u00eatements Arkema - Coatresa\",\"isPartOf\":{\"@id\":\"https:\\\/\\\/www.coatresa.com\\\/fr\\\/#website\"},\"primaryImageOfPage\":{\"@id\":\"https:\\\/\\\/www.coatresa.com\\\/fr\\\/revetements-arkema\\\/#primaryimage\"},\"image\":{\"@id\":\"https:\\\/\\\/www.coatresa.com\\\/fr\\\/revetements-arkema\\\/#primaryimage\"},\"thumbnailUrl\":\"https:\\\/\\\/www.coatresa.com\\\/wp-content\\\/uploads\\\/2018\\\/07\\\/recubrimientos-arkema.png\",\"datePublished\":\"2018-07-12T15:00:29+00:00\",\"dateModified\":\"2022-06-14T14:39:26+00:00\",\"description\":\"Rev\u00eatements Arkema : Fluoropolym\u00e8res PVDF, tamis mol\u00e9culaires, peroxydes organiques et polyamides comme Rilsan (polyamide 11), Orgasol et Pebax TPE.\",\"breadcrumb\":{\"@id\":\"https:\\\/\\\/www.coatresa.com\\\/fr\\\/revetements-arkema\\\/#breadcrumb\"},\"inLanguage\":\"fr-FR\",\"potentialAction\":[{\"@type\":\"ReadAction\",\"target\":[\"https:\\\/\\\/www.coatresa.com\\\/fr\\\/revetements-arkema\\\/\"]}]},{\"@type\":\"ImageObject\",\"inLanguage\":\"fr-FR\",\"@id\":\"https:\\\/\\\/www.coatresa.com\\\/fr\\\/revetements-arkema\\\/#primaryimage\",\"url\":\"https:\\\/\\\/www.coatresa.com\\\/wp-content\\\/uploads\\\/2018\\\/07\\\/recubrimientos-arkema.png\",\"contentUrl\":\"https:\\\/\\\/www.coatresa.com\\\/wp-content\\\/uploads\\\/2018\\\/07\\\/recubrimientos-arkema.png\",\"width\":197,\"height\":120,\"caption\":\"recubrimientos arkema\"},{\"@type\":\"BreadcrumbList\",\"@id\":\"https:\\\/\\\/www.coatresa.com\\\/fr\\\/revetements-arkema\\\/#breadcrumb\",\"itemListElement\":[{\"@type\":\"ListItem\",\"position\":1,\"name\":\"Portada\",\"item\":\"https:\\\/\\\/www.coatresa.com\\\/fr\\\/\"},{\"@type\":\"ListItem\",\"position\":2,\"name\":\"Rev\u00eatements Arkema\"}]},{\"@type\":\"WebSite\",\"@id\":\"https:\\\/\\\/www.coatresa.com\\\/fr\\\/#website\",\"url\":\"https:\\\/\\\/www.coatresa.com\\\/fr\\\/\",\"name\":\"Coatresa\",\"description\":\"Aplicaci\u00f3n de recubrimientos antiadherentes y anticorrosivos como el Teflon. Expertos del Powder Coating\",\"publisher\":{\"@id\":\"https:\\\/\\\/www.coatresa.com\\\/fr\\\/#organization\"},\"potentialAction\":[{\"@type\":\"SearchAction\",\"target\":{\"@type\":\"EntryPoint\",\"urlTemplate\":\"https:\\\/\\\/www.coatresa.com\\\/fr\\\/?s={search_term_string}\"},\"query-input\":{\"@type\":\"PropertyValueSpecification\",\"valueRequired\":true,\"valueName\":\"search_term_string\"}}],\"inLanguage\":\"fr-FR\"},{\"@type\":\"Organization\",\"@id\":\"https:\\\/\\\/www.coatresa.com\\\/fr\\\/#organization\",\"name\":\"Coatresa\",\"url\":\"https:\\\/\\\/www.coatresa.com\\\/fr\\\/\",\"logo\":{\"@type\":\"ImageObject\",\"inLanguage\":\"fr-FR\",\"@id\":\"https:\\\/\\\/www.coatresa.com\\\/fr\\\/#\\\/schema\\\/logo\\\/image\\\/\",\"url\":\"https:\\\/\\\/www.coatresa.com\\\/wp-content\\\/uploads\\\/2022\\\/07\\\/A_blava_mitja_transp.png\",\"contentUrl\":\"https:\\\/\\\/www.coatresa.com\\\/wp-content\\\/uploads\\\/2022\\\/07\\\/A_blava_mitja_transp.png\",\"width\":340,\"height\":326,\"caption\":\"Coatresa\"},\"image\":{\"@id\":\"https:\\\/\\\/www.coatresa.com\\\/fr\\\/#\\\/schema\\\/logo\\\/image\\\/\"},\"sameAs\":[\"https:\\\/\\\/www.facebook.com\\\/Coatresa\\\/\",\"https:\\\/\\\/x.com\\\/Coatresa\",\"https:\\\/\\\/www.linkedin.com\\\/company\\\/coatresa\\\/\",\"https:\\\/\\\/www.youtube.com\\\/user\\\/CoatresaCoatings\"]}]}<\/script>\n<!-- \/ Yoast SEO plugin. -->","yoast_head_json":{"title":"Rev\u00eatements Arkema - Coatresa","description":"Rev\u00eatements Arkema : Fluoropolym\u00e8res PVDF, tamis mol\u00e9culaires, peroxydes organiques et polyamides comme Rilsan (polyamide 11), Orgasol et Pebax TPE.","robots":{"index":"index","follow":"follow","max-snippet":"max-snippet:-1","max-image-preview":"max-image-preview:large","max-video-preview":"max-video-preview:-1"},"canonical":"https:\/\/www.coatresa.com\/fr\/revetements-arkema\/","og_locale":"fr_FR","og_type":"article","og_title":"Rev\u00eatements Arkema - Coatresa","og_description":"Rev\u00eatements Arkema : Fluoropolym\u00e8res PVDF, tamis mol\u00e9culaires, peroxydes organiques et polyamides comme Rilsan (polyamide 11), Orgasol et Pebax TPE.","og_url":"https:\/\/www.coatresa.com\/fr\/revetements-arkema\/","og_site_name":"Coatresa","article_publisher":"https:\/\/www.facebook.com\/Coatresa\/","article_modified_time":"2022-06-14T14:39:26+00:00","og_image":[{"width":197,"height":120,"url":"https:\/\/www.coatresa.com\/wp-content\/uploads\/2018\/07\/recubrimientos-arkema.png","type":"image\/png"}],"twitter_card":"summary_large_image","twitter_site":"@Coatresa","twitter_misc":{"Dur\u00e9e de lecture estim\u00e9e":"2 minutes"},"schema":{"@context":"https:\/\/schema.org","@graph":[{"@type":"WebPage","@id":"https:\/\/www.coatresa.com\/fr\/revetements-arkema\/","url":"https:\/\/www.coatresa.com\/fr\/revetements-arkema\/","name":"Rev\u00eatements Arkema - Coatresa","isPartOf":{"@id":"https:\/\/www.coatresa.com\/fr\/#website"},"primaryImageOfPage":{"@id":"https:\/\/www.coatresa.com\/fr\/revetements-arkema\/#primaryimage"},"image":{"@id":"https:\/\/www.coatresa.com\/fr\/revetements-arkema\/#primaryimage"},"thumbnailUrl":"https:\/\/www.coatresa.com\/wp-content\/uploads\/2018\/07\/recubrimientos-arkema.png","datePublished":"2018-07-12T15:00:29+00:00","dateModified":"2022-06-14T14:39:26+00:00","description":"Rev\u00eatements Arkema : Fluoropolym\u00e8res PVDF, tamis mol\u00e9culaires, peroxydes organiques et polyamides comme Rilsan (polyamide 11), Orgasol et Pebax TPE.","breadcrumb":{"@id":"https:\/\/www.coatresa.com\/fr\/revetements-arkema\/#breadcrumb"},"inLanguage":"fr-FR","potentialAction":[{"@type":"ReadAction","target":["https:\/\/www.coatresa.com\/fr\/revetements-arkema\/"]}]},{"@type":"ImageObject","inLanguage":"fr-FR","@id":"https:\/\/www.coatresa.com\/fr\/revetements-arkema\/#primaryimage","url":"https:\/\/www.coatresa.com\/wp-content\/uploads\/2018\/07\/recubrimientos-arkema.png","contentUrl":"https:\/\/www.coatresa.com\/wp-content\/uploads\/2018\/07\/recubrimientos-arkema.png","width":197,"height":120,"caption":"recubrimientos arkema"},{"@type":"BreadcrumbList","@id":"https:\/\/www.coatresa.com\/fr\/revetements-arkema\/#breadcrumb","itemListElement":[{"@type":"ListItem","position":1,"name":"Portada","item":"https:\/\/www.coatresa.com\/fr\/"},{"@type":"ListItem","position":2,"name":"Rev\u00eatements Arkema"}]},{"@type":"WebSite","@id":"https:\/\/www.coatresa.com\/fr\/#website","url":"https:\/\/www.coatresa.com\/fr\/","name":"Coatresa","description":"Aplicaci\u00f3n de recubrimientos antiadherentes y anticorrosivos como el Teflon. Expertos del Powder Coating","publisher":{"@id":"https:\/\/www.coatresa.com\/fr\/#organization"},"potentialAction":[{"@type":"SearchAction","target":{"@type":"EntryPoint","urlTemplate":"https:\/\/www.coatresa.com\/fr\/?s={search_term_string}"},"query-input":{"@type":"PropertyValueSpecification","valueRequired":true,"valueName":"search_term_string"}}],"inLanguage":"fr-FR"},{"@type":"Organization","@id":"https:\/\/www.coatresa.com\/fr\/#organization","name":"Coatresa","url":"https:\/\/www.coatresa.com\/fr\/","logo":{"@type":"ImageObject","inLanguage":"fr-FR","@id":"https:\/\/www.coatresa.com\/fr\/#\/schema\/logo\/image\/","url":"https:\/\/www.coatresa.com\/wp-content\/uploads\/2022\/07\/A_blava_mitja_transp.png","contentUrl":"https:\/\/www.coatresa.com\/wp-content\/uploads\/2022\/07\/A_blava_mitja_transp.png","width":340,"height":326,"caption":"Coatresa"},"image":{"@id":"https:\/\/www.coatresa.com\/fr\/#\/schema\/logo\/image\/"},"sameAs":["https:\/\/www.facebook.com\/Coatresa\/","https:\/\/x.com\/Coatresa","https:\/\/www.linkedin.com\/company\/coatresa\/","https:\/\/www.youtube.com\/user\/CoatresaCoatings"]}]}},"_links":{"self":[{"href":"https:\/\/www.coatresa.com\/fr\/wp-json\/wp\/v2\/pages\/10343","targetHints":{"allow":["GET"]}}],"collection":[{"href":"https:\/\/www.coatresa.com\/fr\/wp-json\/wp\/v2\/pages"}],"about":[{"href":"https:\/\/www.coatresa.com\/fr\/wp-json\/wp\/v2\/types\/page"}],"author":[{"embeddable":true,"href":"https:\/\/www.coatresa.com\/fr\/wp-json\/wp\/v2\/users\/1"}],"replies":[{"embeddable":true,"href":"https:\/\/www.coatresa.com\/fr\/wp-json\/wp\/v2\/comments?post=10343"}],"version-history":[{"count":0,"href":"https:\/\/www.coatresa.com\/fr\/wp-json\/wp\/v2\/pages\/10343\/revisions"}],"wp:featuredmedia":[{"embeddable":true,"href":"https:\/\/www.coatresa.com\/fr\/wp-json\/wp\/v2\/media\/7395"}],"wp:attachment":[{"href":"https:\/\/www.coatresa.com\/fr\/wp-json\/wp\/v2\/media?parent=10343"}],"curies":[{"name":"wp","href":"https:\/\/api.w.org\/{rel}","templated":true}]}}