{"id":10351,"date":"2018-07-12T17:29:52","date_gmt":"2018-07-12T15:29:52","guid":{"rendered":"http:\/\/coatresa.com\/recubrimientos-bechem\/"},"modified":"2018-09-03T13:30:22","modified_gmt":"2018-09-03T11:30:22","slug":"revetements-bechem","status":"publish","type":"page","link":"https:\/\/www.coatresa.com\/fr\/revetements-bechem\/","title":{"rendered":"Rev\u00eatements Bechem"},"content":{"rendered":"<div id=\"pl-10351\"  class=\"panel-layout\" ><div id=\"pg-10351-0\"  class=\"panel-grid panel-has-style\" ><div style=\"padding: 0px 0; \" data-overlay=\"true\" data-overlay-color=\"#000000\" class=\"panel-row-style panel-row-style-for-10351-0\" ><div id=\"pgc-10351-0-0\"  class=\"panel-grid-cell\" ><div id=\"panel-10351-0-0-0\" class=\"so-panel widget_sow-image panel-first-child\" data-index=\"0\" ><div style=\"text-align: left;\" data-title-color=\"#47425d\" data-headings-color=\"#443f3f\" data-title_alignment=\"center\" class=\"panel-widget-style panel-widget-style-for-10351-0-0-0\" ><div\n\t\t\t\n\t\t\tclass=\"so-widget-sow-image so-widget-sow-image-default-c67d20f9f743-10351\"\n\t\t\t\n\t\t>\n<div class=\"sow-image-container\">\n\t\t<img \n\tsrc=\"https:\/\/www.coatresa.com\/wp-content\/uploads\/2018\/07\/recubrimientos-bechem.png\" width=\"124\" height=\"120\" sizes=\"(max-width: 124px) 100vw, 124px\" title=\"recubrimientos bechem\" alt=\"recubrimientos bechem\" \t\tclass=\"so-widget-image\"\/>\n\t<\/div>\n\n<\/div><\/div><\/div><div id=\"panel-10351-0-0-1\" class=\"so-panel widget_sow-editor panel-last-child\" data-index=\"1\" ><div style=\"text-align: left;\" data-title-color=\"#47425d\" data-headings-color=\"#000000\" data-title_alignment=\"center\" class=\"panel-widget-style panel-widget-style-for-10351-0-0-1\" ><div\n\t\t\t\n\t\t\tclass=\"so-widget-sow-editor so-widget-sow-editor-base\"\n\t\t\t\n\t\t>\n<div class=\"siteorigin-widget-tinymce textwidget\">\n\t<h1 style=\"text-align: center;\">Rev\u00eatements Bechem<\/h1>\n<hr \/>\n<p style=\"text-align: justify;\">Carl Bechem a fond\u00e9 la premi\u00e8re compagnie p\u00e9troli\u00e8re d\u2019Allemagne en 1834, devenant ainsi le premier fabricant allemand de lubrifiants industriels. La premi\u00e8re ligne ferroviaire ayant \u00e9t\u00e9 mise en service en 1835, les chemins de fer devinrent vite un client important de Bechem. Au XXe si\u00e8cle, les rev\u00eatements Bechem sont largement employ\u00e9s pour les moteurs de zeppelins. Plus tard, ils acqui\u00e8rent une bonne r\u00e9putation comme paliers d\u2019engrenage.<\/p>\n<p style=\"text-align: justify;\">\u00c0 la fin du XXe si\u00e8cle, Bechem fournit des lubrifiants pour les buses du secteur a\u00e9rospatial et, en 2011, la marque remporte le prix allemand \u00e0 l\u2019efficience pour la mise au point de <b>Berufluid<\/b>\u00ae\u00a0: un lubrifiant r\u00e9frig\u00e9rant \u00e0 base d\u2019eau visqueuse et d\u00e9nu\u00e9 de min\u00e9raux.<\/p>\n<p style=\"text-align: justify;\">Bechem est actuellement pr\u00e9sente dans 70 pays et compte 500 employ\u00e9s dans le monde ; elle est pionni\u00e8re en mati\u00e8re de syst\u00e8mes de lubrification \u00e0 base d\u2019eau et de syst\u00e8mes de rev\u00eatements sans phosphates, d\u2019o\u00f9 sa position de leader en mati\u00e8re de technologie de lubrification.<\/p>\n<\/div>\n<\/div><\/div><\/div><\/div><\/div><\/div><div id=\"pg-10351-1\"  class=\"panel-grid panel-has-style\" ><div class=\"FRANJA-BLAVA-TITOL siteorigin-panels-stretch panel-row-style panel-row-style-for-10351-1\" style=\"padding: 0px 0; \" data-stretch-type=\"full\" data-overlay=\"true\" data-overlay-color=\"#000000\" ><div id=\"pgc-10351-1-0\"  class=\"panel-grid-cell\" ><div id=\"panel-10351-1-0-0\" class=\"so-panel widget_sow-editor panel-first-child panel-last-child\" data-index=\"2\" ><div class=\"blanc panel-widget-style panel-widget-style-for-10351-1-0-0\" style=\"text-align: left;\" data-title-color=\"#47425d\" data-headings-color=\"#443f3f\" data-title_alignment=\"center\" ><div\n\t\t\t\n\t\t\tclass=\"so-widget-sow-editor so-widget-sow-editor-base\"\n\t\t\t\n\t\t>\n<div class=\"siteorigin-widget-tinymce textwidget\">\n\t<h2 style=\"text-align: center;\">Produits Bechem<\/h2>\n<\/div>\n<\/div><\/div><\/div><\/div><\/div><\/div><div id=\"pg-10351-2\"  class=\"panel-grid panel-has-style\" ><div class=\"BGC-GRIS siteorigin-panels-stretch panel-row-style panel-row-style-for-10351-2\" style=\"padding: 50px 0; \" data-stretch-type=\"full\" data-overlay=\"true\" data-overlay-color=\"#000000\" ><div id=\"pgc-10351-2-0\"  class=\"panel-grid-cell\" ><div id=\"panel-10351-2-0-0\" class=\"so-panel widget_siteorigin-panels-builder panel-first-child panel-last-child\" data-index=\"3\" ><div style=\"text-align: left;\" data-title-color=\"#47425d\" data-headings-color=\"#443f3f\" data-title_alignment=\"center\" class=\"panel-widget-style panel-widget-style-for-10351-2-0-0\" ><div id=\"pl-w5b8d1b4e79de5\"  class=\"panel-layout\" ><div id=\"pg-w5b8d1b4e79de5-0\"  class=\"panel-grid panel-has-style\" ><div style=\"padding: 0px 0; \" data-overlay=\"true\" data-overlay-color=\"#000000\" class=\"panel-row-style panel-row-style-for-w5b8d1b4e79de5-0\" ><div id=\"pgc-w5b8d1b4e79de5-0-0\"  class=\"panel-grid-cell\" ><div id=\"panel-w5b8d1b4e79de5-0-0-0\" class=\"so-panel widget_sow-editor panel-first-child\" data-index=\"0\" ><div style=\"text-align: left;\" data-title-color=\"#47425d\" data-headings-color=\"#443f3f\" data-title_alignment=\"center\" class=\"panel-widget-style panel-widget-style-for-w5b8d1b4e79de5-0-0-0\" ><div\n\t\t\t\n\t\t\tclass=\"so-widget-sow-editor so-widget-sow-editor-base\"\n\t\t\t\n\t\t>\n<div class=\"siteorigin-widget-tinymce textwidget\">\n\t<p style=\"text-align: justify;\">La gamme de produits Bechem comprend : graisses et huiles lubrifiantes, lubrifiants d\u2019usinage et d\u2019estampage m\u00e9tallique, produits de nettoyage et de protection contre la corrosion, rev\u00eatements \u00e0 faible coefficient de friction, lesquels sont appliqu\u00e9s dans une multitude de secteurs comme l\u2019automobile, les chemins de fer, les mines, la chimie, l\u2019\u00e9lectronique, l\u2019ing\u00e9nierie m\u00e9canique et l\u2019industrie pharmaceutique, entre autres.<\/p>\n<p style=\"text-align: justify;\"><b>Berufluid<\/b>\u00ae est la marque sous laquelle est commercialis\u00e9e sa gamme de lubrifiants \u00e0 base d\u2019eau au lieu d\u2019huile.<br \/>\n<b>Beruforge<\/b>\u00ae 150 est l\u2019alternative offerte aux produits semi-finis m\u00e9talliques et \u00e0 la phosphatation. Les lubrifiants d\u2019usinage et d\u2019estampage m\u00e9tallique sont respectueux de l\u2019environnement et efficients du point de vue \u00e9nerg\u00e9tique.<br \/>\nBechem propose \u00e9galement des produits pour nettoyer et prot\u00e9ger les m\u00e9taux, avec une excellente technologie d\u2019\u00e9mulsion.<\/p>\n<\/div>\n<\/div><\/div><\/div><div id=\"panel-w5b8d1b4e79de5-0-0-1\" class=\"so-panel widget_sow-editor panel-last-child\" data-index=\"1\" ><div class=\"TEXTOS-DESTACATS panel-widget-style panel-widget-style-for-w5b8d1b4e79de5-0-0-1\" style=\"text-align: left;\" data-title-color=\"#47425d\" data-headings-color=\"#443f3f\" data-title_alignment=\"center\" ><div\n\t\t\t\n\t\t\tclass=\"so-widget-sow-editor so-widget-sow-editor-base\"\n\t\t\t\n\t\t>\n<div class=\"siteorigin-widget-tinymce textwidget\">\n\t<p style=\"text-align: center;\">Sous la marque Berucoat, sont commercialis\u00e9s les rev\u00eatements bas\u00e9s sur la technologie de micro-capsules \u00e0 faible coefficient de friction, nettement plus efficaces que les rev\u00eatements anti-friction MoS2 classiques.<\/p>\n<\/div>\n<\/div><\/div><\/div><\/div><\/div><\/div><div id=\"pg-w5b8d1b4e79de5-1\"  class=\"panel-grid panel-has-style\" ><div style=\"padding: 0px 0; \" data-overlay=\"true\" data-overlay-color=\"#000000\" class=\"panel-row-style panel-row-style-for-w5b8d1b4e79de5-1\" ><div id=\"pgc-w5b8d1b4e79de5-1-0\"  class=\"panel-grid-cell panel-grid-cell-empty\" ><div class=\"BGC-BLANC panel-cell-style panel-cell-style-for-w5b8d1b4e79de5-1-0\" ><\/div><\/div><div id=\"pgc-w5b8d1b4e79de5-1-1\"  class=\"panel-grid-cell panel-grid-cell-mobile-last\" ><div class=\"BGC-BLANC panel-cell-style panel-cell-style-for-w5b8d1b4e79de5-1-1\" ><div id=\"panel-w5b8d1b4e79de5-1-1-0\" class=\"so-panel widget_sow-image panel-first-child panel-last-child\" data-index=\"2\" ><div class=\"PADDING-H-1 AUGMENTAR-ICONA panel-widget-style panel-widget-style-for-w5b8d1b4e79de5-1-1-0\" style=\"text-align: left;\" data-title-color=\"#47425d\" data-headings-color=\"#443f3f\" data-title_alignment=\"center\" ><div\n\t\t\t\n\t\t\tclass=\"so-widget-sow-image so-widget-sow-image-default-c67d20f9f743\"\n\t\t\t\n\t\t>\n<div class=\"sow-image-container\">\n\t\t\t<a href=\"\/fr\/revetement-bechem-berucoat\"\n\t\t\t\t\t>\n\t\t\t<img \n\tsrc=\"https:\/\/www.coatresa.com\/wp-content\/uploads\/2018\/07\/recubrimientos-bechem-berucoat.png\" width=\"197\" height=\"197\" srcset=\"https:\/\/www.coatresa.com\/wp-content\/uploads\/2018\/07\/recubrimientos-bechem-berucoat.png 197w, https:\/\/www.coatresa.com\/wp-content\/uploads\/2018\/07\/recubrimientos-bechem-berucoat-150x150.png 150w\" sizes=\"(max-width: 197px) 100vw, 197px\" title=\"recubrimientos Bechem Berucoat\" alt=\"recubrimientos Bechem Berucoat\" \t\tclass=\"so-widget-image\"\/>\n\t\t\t<\/a><\/div>\n\n<\/div><\/div><\/div><\/div><\/div><div id=\"pgc-w5b8d1b4e79de5-1-2\"  class=\"panel-grid-cell panel-grid-cell-empty\" ><div class=\"BGC-BLANC panel-cell-style panel-cell-style-for-w5b8d1b4e79de5-1-2\" ><\/div><\/div><\/div><\/div><\/div><\/div><\/div><\/div><\/div><\/div><\/div>","protected":false},"excerpt":{"rendered":"<p>Rev\u00eatements Bechem Carl Bechem a fond\u00e9 la premi\u00e8re compagnie p\u00e9troli\u00e8re d\u2019Allemagne en 1834, devenant ainsi le premier fabricant allemand de lubrifiants industriels. [&hellip;]<\/p>\n","protected":false},"author":1,"featured_media":7401,"parent":0,"menu_order":0,"comment_status":"closed","ping_status":"closed","template":"page-templates\/page_fullwidth.php","meta":{"footnotes":""},"class_list":["post-10351","page","type-page","status-publish","has-post-thumbnail","hentry"],"yoast_head":"<!-- This site is optimized with the Yoast SEO plugin v27.6 - https:\/\/yoast.com\/product\/yoast-seo-wordpress\/ -->\n<title>Rev\u00eatements Bechem - Coatresa<\/title>\n<meta name=\"description\" content=\"Rev\u00eatements Bechem : lubrification \u00e0 base d\u2019eau et syst\u00e8mes de rev\u00eatement anti-friction sans phosphates. Berufluid, Beruforge 150 et Berucoat.\" \/>\n<meta name=\"robots\" content=\"index, follow, max-snippet:-1, max-image-preview:large, max-video-preview:-1\" \/>\n<link rel=\"canonical\" href=\"https:\/\/www.coatresa.com\/fr\/revetements-bechem\/\" \/>\n<meta property=\"og:locale\" content=\"fr_FR\" \/>\n<meta property=\"og:type\" content=\"article\" \/>\n<meta property=\"og:title\" content=\"Rev\u00eatements Bechem - Coatresa\" \/>\n<meta property=\"og:description\" content=\"Rev\u00eatements Bechem : lubrification \u00e0 base d\u2019eau et syst\u00e8mes de rev\u00eatement anti-friction sans phosphates. Berufluid, Beruforge 150 et Berucoat.\" \/>\n<meta property=\"og:url\" content=\"https:\/\/www.coatresa.com\/fr\/revetements-bechem\/\" \/>\n<meta property=\"og:site_name\" content=\"Coatresa\" \/>\n<meta property=\"article:publisher\" content=\"https:\/\/www.facebook.com\/Coatresa\/\" \/>\n<meta property=\"article:modified_time\" content=\"2018-09-03T11:30:22+00:00\" \/>\n<meta property=\"og:image\" content=\"https:\/\/www.coatresa.com\/wp-content\/uploads\/2018\/07\/recubrimientos-bechem.png\" \/>\n\t<meta property=\"og:image:width\" content=\"124\" \/>\n\t<meta property=\"og:image:height\" content=\"120\" \/>\n\t<meta property=\"og:image:type\" content=\"image\/png\" \/>\n<meta name=\"twitter:card\" content=\"summary_large_image\" \/>\n<meta name=\"twitter:site\" content=\"@Coatresa\" \/>\n<meta name=\"twitter:label1\" content=\"Dur\u00e9e de lecture estim\u00e9e\" \/>\n\t<meta name=\"twitter:data1\" content=\"2 minutes\" \/>\n<script type=\"application\/ld+json\" class=\"yoast-schema-graph\">{\"@context\":\"https:\\\/\\\/schema.org\",\"@graph\":[{\"@type\":\"WebPage\",\"@id\":\"https:\\\/\\\/www.coatresa.com\\\/fr\\\/revetements-bechem\\\/\",\"url\":\"https:\\\/\\\/www.coatresa.com\\\/fr\\\/revetements-bechem\\\/\",\"name\":\"Rev\u00eatements Bechem - Coatresa\",\"isPartOf\":{\"@id\":\"https:\\\/\\\/www.coatresa.com\\\/fr\\\/#website\"},\"primaryImageOfPage\":{\"@id\":\"https:\\\/\\\/www.coatresa.com\\\/fr\\\/revetements-bechem\\\/#primaryimage\"},\"image\":{\"@id\":\"https:\\\/\\\/www.coatresa.com\\\/fr\\\/revetements-bechem\\\/#primaryimage\"},\"thumbnailUrl\":\"https:\\\/\\\/www.coatresa.com\\\/wp-content\\\/uploads\\\/2018\\\/07\\\/recubrimientos-bechem.png\",\"datePublished\":\"2018-07-12T15:29:52+00:00\",\"dateModified\":\"2018-09-03T11:30:22+00:00\",\"description\":\"Rev\u00eatements Bechem : lubrification \u00e0 base d\u2019eau et syst\u00e8mes de rev\u00eatement anti-friction sans phosphates. Berufluid, Beruforge 150 et Berucoat.\",\"breadcrumb\":{\"@id\":\"https:\\\/\\\/www.coatresa.com\\\/fr\\\/revetements-bechem\\\/#breadcrumb\"},\"inLanguage\":\"fr-FR\",\"potentialAction\":[{\"@type\":\"ReadAction\",\"target\":[\"https:\\\/\\\/www.coatresa.com\\\/fr\\\/revetements-bechem\\\/\"]}]},{\"@type\":\"ImageObject\",\"inLanguage\":\"fr-FR\",\"@id\":\"https:\\\/\\\/www.coatresa.com\\\/fr\\\/revetements-bechem\\\/#primaryimage\",\"url\":\"https:\\\/\\\/www.coatresa.com\\\/wp-content\\\/uploads\\\/2018\\\/07\\\/recubrimientos-bechem.png\",\"contentUrl\":\"https:\\\/\\\/www.coatresa.com\\\/wp-content\\\/uploads\\\/2018\\\/07\\\/recubrimientos-bechem.png\",\"width\":124,\"height\":120,\"caption\":\"recubrimientos bechem\"},{\"@type\":\"BreadcrumbList\",\"@id\":\"https:\\\/\\\/www.coatresa.com\\\/fr\\\/revetements-bechem\\\/#breadcrumb\",\"itemListElement\":[{\"@type\":\"ListItem\",\"position\":1,\"name\":\"Portada\",\"item\":\"https:\\\/\\\/www.coatresa.com\\\/fr\\\/\"},{\"@type\":\"ListItem\",\"position\":2,\"name\":\"Rev\u00eatements Bechem\"}]},{\"@type\":\"WebSite\",\"@id\":\"https:\\\/\\\/www.coatresa.com\\\/fr\\\/#website\",\"url\":\"https:\\\/\\\/www.coatresa.com\\\/fr\\\/\",\"name\":\"Coatresa\",\"description\":\"Aplicaci\u00f3n de recubrimientos antiadherentes y anticorrosivos como el Teflon. Expertos del Powder Coating\",\"publisher\":{\"@id\":\"https:\\\/\\\/www.coatresa.com\\\/fr\\\/#organization\"},\"potentialAction\":[{\"@type\":\"SearchAction\",\"target\":{\"@type\":\"EntryPoint\",\"urlTemplate\":\"https:\\\/\\\/www.coatresa.com\\\/fr\\\/?s={search_term_string}\"},\"query-input\":{\"@type\":\"PropertyValueSpecification\",\"valueRequired\":true,\"valueName\":\"search_term_string\"}}],\"inLanguage\":\"fr-FR\"},{\"@type\":\"Organization\",\"@id\":\"https:\\\/\\\/www.coatresa.com\\\/fr\\\/#organization\",\"name\":\"Coatresa\",\"url\":\"https:\\\/\\\/www.coatresa.com\\\/fr\\\/\",\"logo\":{\"@type\":\"ImageObject\",\"inLanguage\":\"fr-FR\",\"@id\":\"https:\\\/\\\/www.coatresa.com\\\/fr\\\/#\\\/schema\\\/logo\\\/image\\\/\",\"url\":\"https:\\\/\\\/www.coatresa.com\\\/wp-content\\\/uploads\\\/2022\\\/07\\\/A_blava_mitja_transp.png\",\"contentUrl\":\"https:\\\/\\\/www.coatresa.com\\\/wp-content\\\/uploads\\\/2022\\\/07\\\/A_blava_mitja_transp.png\",\"width\":340,\"height\":326,\"caption\":\"Coatresa\"},\"image\":{\"@id\":\"https:\\\/\\\/www.coatresa.com\\\/fr\\\/#\\\/schema\\\/logo\\\/image\\\/\"},\"sameAs\":[\"https:\\\/\\\/www.facebook.com\\\/Coatresa\\\/\",\"https:\\\/\\\/x.com\\\/Coatresa\",\"https:\\\/\\\/www.linkedin.com\\\/company\\\/coatresa\\\/\",\"https:\\\/\\\/www.youtube.com\\\/user\\\/CoatresaCoatings\"]}]}<\/script>\n<!-- \/ Yoast SEO plugin. -->","yoast_head_json":{"title":"Rev\u00eatements Bechem - Coatresa","description":"Rev\u00eatements Bechem : lubrification \u00e0 base d\u2019eau et syst\u00e8mes de rev\u00eatement anti-friction sans phosphates. Berufluid, Beruforge 150 et Berucoat.","robots":{"index":"index","follow":"follow","max-snippet":"max-snippet:-1","max-image-preview":"max-image-preview:large","max-video-preview":"max-video-preview:-1"},"canonical":"https:\/\/www.coatresa.com\/fr\/revetements-bechem\/","og_locale":"fr_FR","og_type":"article","og_title":"Rev\u00eatements Bechem - Coatresa","og_description":"Rev\u00eatements Bechem : lubrification \u00e0 base d\u2019eau et syst\u00e8mes de rev\u00eatement anti-friction sans phosphates. Berufluid, Beruforge 150 et Berucoat.","og_url":"https:\/\/www.coatresa.com\/fr\/revetements-bechem\/","og_site_name":"Coatresa","article_publisher":"https:\/\/www.facebook.com\/Coatresa\/","article_modified_time":"2018-09-03T11:30:22+00:00","og_image":[{"width":124,"height":120,"url":"https:\/\/www.coatresa.com\/wp-content\/uploads\/2018\/07\/recubrimientos-bechem.png","type":"image\/png"}],"twitter_card":"summary_large_image","twitter_site":"@Coatresa","twitter_misc":{"Dur\u00e9e de lecture estim\u00e9e":"2 minutes"},"schema":{"@context":"https:\/\/schema.org","@graph":[{"@type":"WebPage","@id":"https:\/\/www.coatresa.com\/fr\/revetements-bechem\/","url":"https:\/\/www.coatresa.com\/fr\/revetements-bechem\/","name":"Rev\u00eatements Bechem - Coatresa","isPartOf":{"@id":"https:\/\/www.coatresa.com\/fr\/#website"},"primaryImageOfPage":{"@id":"https:\/\/www.coatresa.com\/fr\/revetements-bechem\/#primaryimage"},"image":{"@id":"https:\/\/www.coatresa.com\/fr\/revetements-bechem\/#primaryimage"},"thumbnailUrl":"https:\/\/www.coatresa.com\/wp-content\/uploads\/2018\/07\/recubrimientos-bechem.png","datePublished":"2018-07-12T15:29:52+00:00","dateModified":"2018-09-03T11:30:22+00:00","description":"Rev\u00eatements Bechem : lubrification \u00e0 base d\u2019eau et syst\u00e8mes de rev\u00eatement anti-friction sans phosphates. Berufluid, Beruforge 150 et Berucoat.","breadcrumb":{"@id":"https:\/\/www.coatresa.com\/fr\/revetements-bechem\/#breadcrumb"},"inLanguage":"fr-FR","potentialAction":[{"@type":"ReadAction","target":["https:\/\/www.coatresa.com\/fr\/revetements-bechem\/"]}]},{"@type":"ImageObject","inLanguage":"fr-FR","@id":"https:\/\/www.coatresa.com\/fr\/revetements-bechem\/#primaryimage","url":"https:\/\/www.coatresa.com\/wp-content\/uploads\/2018\/07\/recubrimientos-bechem.png","contentUrl":"https:\/\/www.coatresa.com\/wp-content\/uploads\/2018\/07\/recubrimientos-bechem.png","width":124,"height":120,"caption":"recubrimientos bechem"},{"@type":"BreadcrumbList","@id":"https:\/\/www.coatresa.com\/fr\/revetements-bechem\/#breadcrumb","itemListElement":[{"@type":"ListItem","position":1,"name":"Portada","item":"https:\/\/www.coatresa.com\/fr\/"},{"@type":"ListItem","position":2,"name":"Rev\u00eatements Bechem"}]},{"@type":"WebSite","@id":"https:\/\/www.coatresa.com\/fr\/#website","url":"https:\/\/www.coatresa.com\/fr\/","name":"Coatresa","description":"Aplicaci\u00f3n de recubrimientos antiadherentes y anticorrosivos como el Teflon. Expertos del Powder Coating","publisher":{"@id":"https:\/\/www.coatresa.com\/fr\/#organization"},"potentialAction":[{"@type":"SearchAction","target":{"@type":"EntryPoint","urlTemplate":"https:\/\/www.coatresa.com\/fr\/?s={search_term_string}"},"query-input":{"@type":"PropertyValueSpecification","valueRequired":true,"valueName":"search_term_string"}}],"inLanguage":"fr-FR"},{"@type":"Organization","@id":"https:\/\/www.coatresa.com\/fr\/#organization","name":"Coatresa","url":"https:\/\/www.coatresa.com\/fr\/","logo":{"@type":"ImageObject","inLanguage":"fr-FR","@id":"https:\/\/www.coatresa.com\/fr\/#\/schema\/logo\/image\/","url":"https:\/\/www.coatresa.com\/wp-content\/uploads\/2022\/07\/A_blava_mitja_transp.png","contentUrl":"https:\/\/www.coatresa.com\/wp-content\/uploads\/2022\/07\/A_blava_mitja_transp.png","width":340,"height":326,"caption":"Coatresa"},"image":{"@id":"https:\/\/www.coatresa.com\/fr\/#\/schema\/logo\/image\/"},"sameAs":["https:\/\/www.facebook.com\/Coatresa\/","https:\/\/x.com\/Coatresa","https:\/\/www.linkedin.com\/company\/coatresa\/","https:\/\/www.youtube.com\/user\/CoatresaCoatings"]}]}},"_links":{"self":[{"href":"https:\/\/www.coatresa.com\/fr\/wp-json\/wp\/v2\/pages\/10351","targetHints":{"allow":["GET"]}}],"collection":[{"href":"https:\/\/www.coatresa.com\/fr\/wp-json\/wp\/v2\/pages"}],"about":[{"href":"https:\/\/www.coatresa.com\/fr\/wp-json\/wp\/v2\/types\/page"}],"author":[{"embeddable":true,"href":"https:\/\/www.coatresa.com\/fr\/wp-json\/wp\/v2\/users\/1"}],"replies":[{"embeddable":true,"href":"https:\/\/www.coatresa.com\/fr\/wp-json\/wp\/v2\/comments?post=10351"}],"version-history":[{"count":0,"href":"https:\/\/www.coatresa.com\/fr\/wp-json\/wp\/v2\/pages\/10351\/revisions"}],"wp:featuredmedia":[{"embeddable":true,"href":"https:\/\/www.coatresa.com\/fr\/wp-json\/wp\/v2\/media\/7401"}],"wp:attachment":[{"href":"https:\/\/www.coatresa.com\/fr\/wp-json\/wp\/v2\/media?parent=10351"}],"curies":[{"name":"wp","href":"https:\/\/api.w.org\/{rel}","templated":true}]}}