{"id":10355,"date":"2018-07-12T17:40:21","date_gmt":"2018-07-12T15:40:21","guid":{"rendered":"http:\/\/coatresa.com\/recubrimientos-bechem-berucoat\/"},"modified":"2019-05-08T09:50:20","modified_gmt":"2019-05-08T07:50:20","slug":"revetement-bechem-berucoat","status":"publish","type":"page","link":"https:\/\/www.coatresa.com\/fr\/revetement-bechem-berucoat\/","title":{"rendered":"Rev\u00eatement Berucoat"},"content":{"rendered":"<div id=\"pl-10355\"  class=\"panel-layout\" ><div id=\"pg-10355-0\"  class=\"panel-grid panel-has-style\" ><div style=\"padding: 0px 0; \" data-overlay=\"true\" data-overlay-color=\"#000000\" class=\"panel-row-style panel-row-style-for-10355-0\" ><div id=\"pgc-10355-0-0\"  class=\"panel-grid-cell\" ><div id=\"panel-10355-0-0-0\" class=\"so-panel widget_sow-image panel-first-child panel-last-child\" data-index=\"0\" ><div style=\"text-align: left;\" data-title-color=\"#47425d\" data-headings-color=\"#443f3f\" data-title_alignment=\"center\" class=\"panel-widget-style panel-widget-style-for-10355-0-0-0\" ><div\n\t\t\t\n\t\t\tclass=\"so-widget-sow-image so-widget-sow-image-default-c67d20f9f743-10355\"\n\t\t\t\n\t\t>\n<div class=\"sow-image-container\">\n\t\t<img \n\tsrc=\"https:\/\/www.coatresa.com\/wp-content\/uploads\/2018\/07\/recubrimientos-bechem-berucoat.png\" width=\"197\" height=\"197\" srcset=\"https:\/\/www.coatresa.com\/wp-content\/uploads\/2018\/07\/recubrimientos-bechem-berucoat.png 197w, https:\/\/www.coatresa.com\/wp-content\/uploads\/2018\/07\/recubrimientos-bechem-berucoat-150x150.png 150w\" sizes=\"(max-width: 197px) 100vw, 197px\" title=\"recubrimientos Bechem Berucoat\" alt=\"recubrimientos Bechem Berucoat\" \t\tclass=\"so-widget-image\"\/>\n\t<\/div>\n\n<\/div><\/div><\/div><\/div><div id=\"pgc-10355-0-1\"  class=\"panel-grid-cell\" ><div id=\"panel-10355-0-1-0\" class=\"so-panel widget_sow-editor panel-first-child panel-last-child\" data-index=\"1\" ><div style=\"text-align: left;\" data-title-color=\"#47425d\" data-headings-color=\"#000000\" data-title_alignment=\"center\" class=\"panel-widget-style panel-widget-style-for-10355-0-1-0\" ><div\n\t\t\t\n\t\t\tclass=\"so-widget-sow-editor so-widget-sow-editor-base\"\n\t\t\t\n\t\t>\n<div class=\"siteorigin-widget-tinymce textwidget\">\n\t<h1 style=\"text-align: left;\">Rev\u00eatement Berucoat \u00ae<\/h1>\n<hr align=\"left\" \/>\n<p style=\"text-align: justify;\"><b>Berucoat<\/b>\u00ae est la marque de Bechem sous laquelle sont commercialis\u00e9s les rev\u00eatements anti-friction. Ce sont des lubrifiants secs semblables aux laques industrielles ; la plupart se composent de disulfure de molybd\u00e8ne, de graphite et de PTFE.<\/p>\n<\/div>\n<\/div><\/div><\/div><\/div><\/div><\/div><div id=\"pg-10355-1\"  class=\"panel-grid panel-has-style\" ><div class=\"FRANJA-BLAVA-TITOL siteorigin-panels-stretch panel-row-style panel-row-style-for-10355-1\" style=\"padding: 0px 0; \" data-stretch-type=\"full\" data-overlay=\"true\" data-overlay-color=\"#000000\" ><div id=\"pgc-10355-1-0\"  class=\"panel-grid-cell\" ><div id=\"panel-10355-1-0-0\" class=\"so-panel widget_sow-editor panel-first-child panel-last-child\" data-index=\"2\" ><div class=\"blanc panel-widget-style panel-widget-style-for-10355-1-0-0\" style=\"text-align: left;\" data-title-color=\"#47425d\" data-headings-color=\"#443f3f\" data-title_alignment=\"center\" ><div\n\t\t\t\n\t\t\tclass=\"so-widget-sow-editor so-widget-sow-editor-base\"\n\t\t\t\n\t\t>\n<div class=\"siteorigin-widget-tinymce textwidget\">\n\t<h2 style=\"text-align: center;\">Propri\u00e9t\u00e9s et application de rev\u00eatement Berucoat \u00ae<\/h2>\n<\/div>\n<\/div><\/div><\/div><\/div><\/div><\/div><div id=\"pg-10355-2\"  class=\"panel-grid panel-has-style\" ><div class=\"BGC-GRIS siteorigin-panels-stretch panel-row-style panel-row-style-for-10355-2\" style=\"padding: 40px 0; \" data-stretch-type=\"full\" data-overlay=\"true\" data-overlay-color=\"#000000\" ><div id=\"pgc-10355-2-0\"  class=\"panel-grid-cell\" ><div id=\"panel-10355-2-0-0\" class=\"so-panel widget_sow-image panel-first-child\" data-index=\"3\" ><div class=\"ICONA-MITJANA panel-widget-style panel-widget-style-for-10355-2-0-0\" style=\"text-align: left;\" data-title-color=\"#47425d\" data-headings-color=\"#443f3f\" data-title_alignment=\"center\" ><div\n\t\t\t\n\t\t\tclass=\"so-widget-sow-image so-widget-sow-image-default-c67d20f9f743-10355\"\n\t\t\t\n\t\t>\n<div class=\"sow-image-container\">\n\t\t<img \n\tsrc=\"https:\/\/www.coatresa.com\/wp-content\/uploads\/2018\/02\/recubrimiento-bajo-coeficiente-friccion-B.png\" width=\"227\" height=\"227\" srcset=\"https:\/\/www.coatresa.com\/wp-content\/uploads\/2018\/02\/recubrimiento-bajo-coeficiente-friccion-B.png 227w, https:\/\/www.coatresa.com\/wp-content\/uploads\/2018\/02\/recubrimiento-bajo-coeficiente-friccion-B-150x150.png 150w\" sizes=\"(max-width: 227px) 100vw, 227px\" title=\"recubrimiento con bajo coeficiente de fricci\u00f3n\" alt=\"recubrimiento con bajo coeficiente de fricci\u00f3n\" \t\tclass=\"so-widget-image\"\/>\n\t<\/div>\n\n<\/div><\/div><\/div><div id=\"panel-10355-2-0-1\" class=\"so-panel widget_sow-editor\" data-index=\"4\" ><div class=\"TEXTOS-DESTACATS panel-widget-style panel-widget-style-for-10355-2-0-1\" style=\"text-align: left;\" data-title-color=\"#47425d\" data-headings-color=\"#443f3f\" data-title_alignment=\"center\" ><div\n\t\t\t\n\t\t\tclass=\"so-widget-sow-editor so-widget-sow-editor-base\"\n\t\t\t\n\t\t>\n<div class=\"siteorigin-widget-tinymce textwidget\">\n\t<p style=\"text-align: center;\">La technologie de microcapsules de Berucoat \u00ae est sup\u00e9rieure aux rev\u00eatements anti-friction classiques MoS2. Benchem est le premier fabricant \u00e0 produire ce rev\u00eatement antifriction en s\u00e9rie.<\/p>\n<\/div>\n<\/div><\/div><\/div><div id=\"panel-10355-2-0-2\" class=\"so-panel widget_sow-editor panel-last-child\" data-index=\"5\" ><div style=\"text-align: left;\" data-title-color=\"#47425d\" data-headings-color=\"#443f3f\" data-title_alignment=\"center\" class=\"panel-widget-style panel-widget-style-for-10355-2-0-2\" ><div\n\t\t\t\n\t\t\tclass=\"so-widget-sow-editor so-widget-sow-editor-base\"\n\t\t\t\n\t\t>\n<div class=\"siteorigin-widget-tinymce textwidget\">\n\t<p style=\"text-align: justify;\">On applique ce genre de rev\u00eatements par pulv\u00e9risation et immersion sur des surfaces pr\u00e9alablement graiss\u00e9es, encore qu\u2019on puisse aussi employer beaucoup d\u2019autres techniques.<\/p>\n<p style=\"text-align: justify;\">Parmi les pi\u00e8ces susceptibles de requ\u00e9rir ce type de traitement, citons les \u00e9crous, les ressorts, les rondelles, les manettes, les rails, la visserie, les engrenages, etc. C\u2019est dans le secteur de l\u2019automobile que ce type de lubrifiants est le plus largement utilis\u00e9.<\/p>\n<\/div>\n<\/div><\/div><\/div><\/div><\/div><\/div><div id=\"pg-10355-3\"  class=\"panel-grid panel-has-style\" ><div class=\"siteorigin-panels-stretch panel-row-style panel-row-style-for-10355-3\" style=\"padding: 50px 0; \" data-stretch-type=\"full\" data-overlay=\"true\" data-overlay-color=\"#000000\" ><div id=\"pgc-10355-3-0\"  class=\"panel-grid-cell\" ><div id=\"panel-10355-3-0-0\" class=\"so-panel widget_siteorigin-panels-builder panel-first-child panel-last-child\" data-index=\"6\" ><div style=\"text-align: left;\" data-title-color=\"#47425d\" data-headings-color=\"#443f3f\" data-title_alignment=\"center\" class=\"panel-widget-style panel-widget-style-for-10355-3-0-0\" ><div id=\"pl-w5cd28a3c8d839\"  class=\"panel-layout\" ><div id=\"pg-w5cd28a3c8d839-0\"  class=\"panel-grid panel-has-style\" ><div style=\"padding: 0px 0; \" data-overlay=\"true\" data-overlay-color=\"#000000\" class=\"panel-row-style panel-row-style-for-w5cd28a3c8d839-0\" ><div id=\"pgc-w5cd28a3c8d839-0-0\"  class=\"panel-grid-cell\" ><div id=\"panel-w5cd28a3c8d839-0-0-0\" class=\"so-panel widget_sow-editor panel-first-child panel-last-child\" data-index=\"0\" ><div style=\"text-align: left;\" data-title-color=\"#47425d\" data-headings-color=\"#443f3f\" data-title_alignment=\"center\" class=\"panel-widget-style panel-widget-style-for-w5cd28a3c8d839-0-0-0\" ><div\n\t\t\t\n\t\t\tclass=\"so-widget-sow-editor so-widget-sow-editor-base\"\n\t\t\t\n\t\t>\n<div class=\"siteorigin-widget-tinymce textwidget\">\n\t<h2 class=\"BLAU-FOSC\" style=\"text-align: center;\">R\u00e9f\u00e9rences Berucoat\u00ae<\/h2>\n<\/div>\n<\/div><\/div><\/div><\/div><\/div><\/div><div id=\"pg-w5cd28a3c8d839-1\"  class=\"panel-grid panel-has-style\" ><div style=\"padding: 0px 0; \" data-overlay=\"true\" data-overlay-color=\"#000000\" class=\"panel-row-style panel-row-style-for-w5cd28a3c8d839-1\" ><div id=\"pgc-w5cd28a3c8d839-1-0\"  class=\"panel-grid-cell\" ><div id=\"panel-w5cd28a3c8d839-1-0-0\" class=\"so-panel widget_sow-editor panel-first-child panel-last-child\" data-index=\"1\" ><div style=\"text-align: left;\" data-title-color=\"#47425d\" data-headings-color=\"#443f3f\" data-title_alignment=\"center\" class=\"panel-widget-style panel-widget-style-for-w5cd28a3c8d839-1-0-0\" ><div\n\t\t\t\n\t\t\tclass=\"so-widget-sow-editor so-widget-sow-editor-base\"\n\t\t\t\n\t\t>\n<div class=\"siteorigin-widget-tinymce textwidget\">\n\t<p style=\"text-align: center; padding-top: 40px;\"><b>AF 320 E<\/b><br \/>\n<b>AK 978<\/b><br \/>\n<b>AK 376<\/b><br \/>\n<b>FX 876<\/b><br \/>\n<b>FX 670<\/b><br \/>\n<b>FX 270<\/b><\/p>\n<\/div>\n<\/div><\/div><\/div><\/div><div id=\"pgc-w5cd28a3c8d839-1-1\"  class=\"panel-grid-cell\" ><div id=\"panel-w5cd28a3c8d839-1-1-0\" class=\"so-panel widget_sow-editor panel-first-child panel-last-child\" data-index=\"2\" ><div style=\"text-align: left;\" data-title-color=\"#47425d\" data-headings-color=\"#443f3f\" data-title_alignment=\"center\" class=\"panel-widget-style panel-widget-style-for-w5cd28a3c8d839-1-1-0\" ><div\n\t\t\t\n\t\t\tclass=\"so-widget-sow-editor so-widget-sow-editor-base\"\n\t\t\t\n\t\t>\n<div class=\"siteorigin-widget-tinymce textwidget\">\n\t<p style=\"text-align: center; padding-top: 40px;\"><b>AF 732<\/b><br \/>\n<b>AF 481<\/b><br \/>\n<b>AF 438<\/b><br \/>\n<b>AF 291<\/b><br \/>\n<b>AF 130<\/b><br \/>\n<b>AF 438 Spray<\/b><\/p>\n<\/div>\n<\/div><\/div><\/div><\/div><\/div><\/div><\/div><\/div><\/div><\/div><\/div><\/div><\/div>","protected":false},"excerpt":{"rendered":"<p>Rev\u00eatement Berucoat \u00ae Berucoat\u00ae est la marque de Bechem sous laquelle sont commercialis\u00e9s les rev\u00eatements anti-friction. Ce sont des lubrifiants secs semblables [&hellip;]<\/p>\n","protected":false},"author":1,"featured_media":7699,"parent":0,"menu_order":0,"comment_status":"closed","ping_status":"closed","template":"page-templates\/page_fullwidth.php","meta":{"footnotes":""},"class_list":["post-10355","page","type-page","status-publish","has-post-thumbnail","hentry"],"yoast_head":"<!-- This site is optimized with the Yoast SEO plugin v27.6 - https:\/\/yoast.com\/product\/yoast-seo-wordpress\/ -->\n<title>Rev\u00eatement Berucoat - Coatresa<\/title>\n<meta name=\"description\" content=\"Rev\u00eatement Berucoat Bechem : rev\u00eatement antifriction pour le secteur automobile. Compos\u00e9 de disulfure de molibd\u00e8ne, graphite et PFTE, il surpasse le MoS2.\" \/>\n<meta name=\"robots\" content=\"index, follow, max-snippet:-1, max-image-preview:large, max-video-preview:-1\" \/>\n<link rel=\"canonical\" href=\"https:\/\/www.coatresa.com\/fr\/revetement-bechem-berucoat\/\" \/>\n<meta property=\"og:locale\" content=\"fr_FR\" \/>\n<meta property=\"og:type\" content=\"article\" \/>\n<meta property=\"og:title\" content=\"Rev\u00eatement Berucoat - Coatresa\" \/>\n<meta property=\"og:description\" content=\"Rev\u00eatement Berucoat Bechem : rev\u00eatement antifriction pour le secteur automobile. Compos\u00e9 de disulfure de molibd\u00e8ne, graphite et PFTE, il surpasse le MoS2.\" \/>\n<meta property=\"og:url\" content=\"https:\/\/www.coatresa.com\/fr\/revetement-bechem-berucoat\/\" \/>\n<meta property=\"og:site_name\" content=\"Coatresa\" \/>\n<meta property=\"article:publisher\" content=\"https:\/\/www.facebook.com\/Coatresa\/\" \/>\n<meta property=\"article:modified_time\" content=\"2019-05-08T07:50:20+00:00\" \/>\n<meta property=\"og:image\" content=\"https:\/\/www.coatresa.com\/wp-content\/uploads\/2018\/07\/recubrimientos-bechem-berucoat.png\" \/>\n\t<meta property=\"og:image:width\" content=\"197\" \/>\n\t<meta property=\"og:image:height\" content=\"197\" \/>\n\t<meta property=\"og:image:type\" content=\"image\/png\" \/>\n<meta name=\"twitter:card\" content=\"summary_large_image\" \/>\n<meta name=\"twitter:site\" content=\"@Coatresa\" \/>\n<meta name=\"twitter:label1\" content=\"Dur\u00e9e de lecture estim\u00e9e\" \/>\n\t<meta name=\"twitter:data1\" content=\"1 minute\" \/>\n<script type=\"application\/ld+json\" class=\"yoast-schema-graph\">{\"@context\":\"https:\\\/\\\/schema.org\",\"@graph\":[{\"@type\":\"WebPage\",\"@id\":\"https:\\\/\\\/www.coatresa.com\\\/fr\\\/revetement-bechem-berucoat\\\/\",\"url\":\"https:\\\/\\\/www.coatresa.com\\\/fr\\\/revetement-bechem-berucoat\\\/\",\"name\":\"Rev\u00eatement Berucoat - Coatresa\",\"isPartOf\":{\"@id\":\"https:\\\/\\\/www.coatresa.com\\\/fr\\\/#website\"},\"primaryImageOfPage\":{\"@id\":\"https:\\\/\\\/www.coatresa.com\\\/fr\\\/revetement-bechem-berucoat\\\/#primaryimage\"},\"image\":{\"@id\":\"https:\\\/\\\/www.coatresa.com\\\/fr\\\/revetement-bechem-berucoat\\\/#primaryimage\"},\"thumbnailUrl\":\"https:\\\/\\\/www.coatresa.com\\\/wp-content\\\/uploads\\\/2018\\\/07\\\/recubrimientos-bechem-berucoat.png\",\"datePublished\":\"2018-07-12T15:40:21+00:00\",\"dateModified\":\"2019-05-08T07:50:20+00:00\",\"description\":\"Rev\u00eatement Berucoat Bechem : rev\u00eatement antifriction pour le secteur automobile. Compos\u00e9 de disulfure de molibd\u00e8ne, graphite et PFTE, il surpasse le MoS2.\",\"breadcrumb\":{\"@id\":\"https:\\\/\\\/www.coatresa.com\\\/fr\\\/revetement-bechem-berucoat\\\/#breadcrumb\"},\"inLanguage\":\"fr-FR\",\"potentialAction\":[{\"@type\":\"ReadAction\",\"target\":[\"https:\\\/\\\/www.coatresa.com\\\/fr\\\/revetement-bechem-berucoat\\\/\"]}]},{\"@type\":\"ImageObject\",\"inLanguage\":\"fr-FR\",\"@id\":\"https:\\\/\\\/www.coatresa.com\\\/fr\\\/revetement-bechem-berucoat\\\/#primaryimage\",\"url\":\"https:\\\/\\\/www.coatresa.com\\\/wp-content\\\/uploads\\\/2018\\\/07\\\/recubrimientos-bechem-berucoat.png\",\"contentUrl\":\"https:\\\/\\\/www.coatresa.com\\\/wp-content\\\/uploads\\\/2018\\\/07\\\/recubrimientos-bechem-berucoat.png\",\"width\":197,\"height\":197,\"caption\":\"recubrimientos Bechem Berucoat\"},{\"@type\":\"BreadcrumbList\",\"@id\":\"https:\\\/\\\/www.coatresa.com\\\/fr\\\/revetement-bechem-berucoat\\\/#breadcrumb\",\"itemListElement\":[{\"@type\":\"ListItem\",\"position\":1,\"name\":\"Portada\",\"item\":\"https:\\\/\\\/www.coatresa.com\\\/fr\\\/\"},{\"@type\":\"ListItem\",\"position\":2,\"name\":\"Rev\u00eatement Berucoat\"}]},{\"@type\":\"WebSite\",\"@id\":\"https:\\\/\\\/www.coatresa.com\\\/fr\\\/#website\",\"url\":\"https:\\\/\\\/www.coatresa.com\\\/fr\\\/\",\"name\":\"Coatresa\",\"description\":\"Aplicaci\u00f3n de recubrimientos antiadherentes y anticorrosivos como el Teflon. Expertos del Powder Coating\",\"publisher\":{\"@id\":\"https:\\\/\\\/www.coatresa.com\\\/fr\\\/#organization\"},\"potentialAction\":[{\"@type\":\"SearchAction\",\"target\":{\"@type\":\"EntryPoint\",\"urlTemplate\":\"https:\\\/\\\/www.coatresa.com\\\/fr\\\/?s={search_term_string}\"},\"query-input\":{\"@type\":\"PropertyValueSpecification\",\"valueRequired\":true,\"valueName\":\"search_term_string\"}}],\"inLanguage\":\"fr-FR\"},{\"@type\":\"Organization\",\"@id\":\"https:\\\/\\\/www.coatresa.com\\\/fr\\\/#organization\",\"name\":\"Coatresa\",\"url\":\"https:\\\/\\\/www.coatresa.com\\\/fr\\\/\",\"logo\":{\"@type\":\"ImageObject\",\"inLanguage\":\"fr-FR\",\"@id\":\"https:\\\/\\\/www.coatresa.com\\\/fr\\\/#\\\/schema\\\/logo\\\/image\\\/\",\"url\":\"https:\\\/\\\/www.coatresa.com\\\/wp-content\\\/uploads\\\/2022\\\/07\\\/A_blava_mitja_transp.png\",\"contentUrl\":\"https:\\\/\\\/www.coatresa.com\\\/wp-content\\\/uploads\\\/2022\\\/07\\\/A_blava_mitja_transp.png\",\"width\":340,\"height\":326,\"caption\":\"Coatresa\"},\"image\":{\"@id\":\"https:\\\/\\\/www.coatresa.com\\\/fr\\\/#\\\/schema\\\/logo\\\/image\\\/\"},\"sameAs\":[\"https:\\\/\\\/www.facebook.com\\\/Coatresa\\\/\",\"https:\\\/\\\/x.com\\\/Coatresa\",\"https:\\\/\\\/www.linkedin.com\\\/company\\\/coatresa\\\/\",\"https:\\\/\\\/www.youtube.com\\\/user\\\/CoatresaCoatings\"]}]}<\/script>\n<!-- \/ Yoast SEO plugin. -->","yoast_head_json":{"title":"Rev\u00eatement Berucoat - Coatresa","description":"Rev\u00eatement Berucoat Bechem : rev\u00eatement antifriction pour le secteur automobile. Compos\u00e9 de disulfure de molibd\u00e8ne, graphite et PFTE, il surpasse le MoS2.","robots":{"index":"index","follow":"follow","max-snippet":"max-snippet:-1","max-image-preview":"max-image-preview:large","max-video-preview":"max-video-preview:-1"},"canonical":"https:\/\/www.coatresa.com\/fr\/revetement-bechem-berucoat\/","og_locale":"fr_FR","og_type":"article","og_title":"Rev\u00eatement Berucoat - Coatresa","og_description":"Rev\u00eatement Berucoat Bechem : rev\u00eatement antifriction pour le secteur automobile. Compos\u00e9 de disulfure de molibd\u00e8ne, graphite et PFTE, il surpasse le MoS2.","og_url":"https:\/\/www.coatresa.com\/fr\/revetement-bechem-berucoat\/","og_site_name":"Coatresa","article_publisher":"https:\/\/www.facebook.com\/Coatresa\/","article_modified_time":"2019-05-08T07:50:20+00:00","og_image":[{"width":197,"height":197,"url":"https:\/\/www.coatresa.com\/wp-content\/uploads\/2018\/07\/recubrimientos-bechem-berucoat.png","type":"image\/png"}],"twitter_card":"summary_large_image","twitter_site":"@Coatresa","twitter_misc":{"Dur\u00e9e de lecture estim\u00e9e":"1 minute"},"schema":{"@context":"https:\/\/schema.org","@graph":[{"@type":"WebPage","@id":"https:\/\/www.coatresa.com\/fr\/revetement-bechem-berucoat\/","url":"https:\/\/www.coatresa.com\/fr\/revetement-bechem-berucoat\/","name":"Rev\u00eatement Berucoat - Coatresa","isPartOf":{"@id":"https:\/\/www.coatresa.com\/fr\/#website"},"primaryImageOfPage":{"@id":"https:\/\/www.coatresa.com\/fr\/revetement-bechem-berucoat\/#primaryimage"},"image":{"@id":"https:\/\/www.coatresa.com\/fr\/revetement-bechem-berucoat\/#primaryimage"},"thumbnailUrl":"https:\/\/www.coatresa.com\/wp-content\/uploads\/2018\/07\/recubrimientos-bechem-berucoat.png","datePublished":"2018-07-12T15:40:21+00:00","dateModified":"2019-05-08T07:50:20+00:00","description":"Rev\u00eatement Berucoat Bechem : rev\u00eatement antifriction pour le secteur automobile. Compos\u00e9 de disulfure de molibd\u00e8ne, graphite et PFTE, il surpasse le MoS2.","breadcrumb":{"@id":"https:\/\/www.coatresa.com\/fr\/revetement-bechem-berucoat\/#breadcrumb"},"inLanguage":"fr-FR","potentialAction":[{"@type":"ReadAction","target":["https:\/\/www.coatresa.com\/fr\/revetement-bechem-berucoat\/"]}]},{"@type":"ImageObject","inLanguage":"fr-FR","@id":"https:\/\/www.coatresa.com\/fr\/revetement-bechem-berucoat\/#primaryimage","url":"https:\/\/www.coatresa.com\/wp-content\/uploads\/2018\/07\/recubrimientos-bechem-berucoat.png","contentUrl":"https:\/\/www.coatresa.com\/wp-content\/uploads\/2018\/07\/recubrimientos-bechem-berucoat.png","width":197,"height":197,"caption":"recubrimientos Bechem Berucoat"},{"@type":"BreadcrumbList","@id":"https:\/\/www.coatresa.com\/fr\/revetement-bechem-berucoat\/#breadcrumb","itemListElement":[{"@type":"ListItem","position":1,"name":"Portada","item":"https:\/\/www.coatresa.com\/fr\/"},{"@type":"ListItem","position":2,"name":"Rev\u00eatement Berucoat"}]},{"@type":"WebSite","@id":"https:\/\/www.coatresa.com\/fr\/#website","url":"https:\/\/www.coatresa.com\/fr\/","name":"Coatresa","description":"Aplicaci\u00f3n de recubrimientos antiadherentes y anticorrosivos como el Teflon. Expertos del Powder Coating","publisher":{"@id":"https:\/\/www.coatresa.com\/fr\/#organization"},"potentialAction":[{"@type":"SearchAction","target":{"@type":"EntryPoint","urlTemplate":"https:\/\/www.coatresa.com\/fr\/?s={search_term_string}"},"query-input":{"@type":"PropertyValueSpecification","valueRequired":true,"valueName":"search_term_string"}}],"inLanguage":"fr-FR"},{"@type":"Organization","@id":"https:\/\/www.coatresa.com\/fr\/#organization","name":"Coatresa","url":"https:\/\/www.coatresa.com\/fr\/","logo":{"@type":"ImageObject","inLanguage":"fr-FR","@id":"https:\/\/www.coatresa.com\/fr\/#\/schema\/logo\/image\/","url":"https:\/\/www.coatresa.com\/wp-content\/uploads\/2022\/07\/A_blava_mitja_transp.png","contentUrl":"https:\/\/www.coatresa.com\/wp-content\/uploads\/2022\/07\/A_blava_mitja_transp.png","width":340,"height":326,"caption":"Coatresa"},"image":{"@id":"https:\/\/www.coatresa.com\/fr\/#\/schema\/logo\/image\/"},"sameAs":["https:\/\/www.facebook.com\/Coatresa\/","https:\/\/x.com\/Coatresa","https:\/\/www.linkedin.com\/company\/coatresa\/","https:\/\/www.youtube.com\/user\/CoatresaCoatings"]}]}},"_links":{"self":[{"href":"https:\/\/www.coatresa.com\/fr\/wp-json\/wp\/v2\/pages\/10355","targetHints":{"allow":["GET"]}}],"collection":[{"href":"https:\/\/www.coatresa.com\/fr\/wp-json\/wp\/v2\/pages"}],"about":[{"href":"https:\/\/www.coatresa.com\/fr\/wp-json\/wp\/v2\/types\/page"}],"author":[{"embeddable":true,"href":"https:\/\/www.coatresa.com\/fr\/wp-json\/wp\/v2\/users\/1"}],"replies":[{"embeddable":true,"href":"https:\/\/www.coatresa.com\/fr\/wp-json\/wp\/v2\/comments?post=10355"}],"version-history":[{"count":0,"href":"https:\/\/www.coatresa.com\/fr\/wp-json\/wp\/v2\/pages\/10355\/revisions"}],"wp:featuredmedia":[{"embeddable":true,"href":"https:\/\/www.coatresa.com\/fr\/wp-json\/wp\/v2\/media\/7699"}],"wp:attachment":[{"href":"https:\/\/www.coatresa.com\/fr\/wp-json\/wp\/v2\/media?parent=10355"}],"curies":[{"name":"wp","href":"https:\/\/api.w.org\/{rel}","templated":true}]}}