{"id":10358,"date":"2018-07-12T22:50:10","date_gmt":"2018-07-12T20:50:10","guid":{"rendered":"http:\/\/coatresa.com\/recubrimientos-daikin\/"},"modified":"2019-07-04T17:07:39","modified_gmt":"2019-07-04T15:07:39","slug":"revetements-daikin","status":"publish","type":"page","link":"https:\/\/www.coatresa.com\/fr\/revetements-daikin\/","title":{"rendered":"Rev\u00eatements Daikin"},"content":{"rendered":"<div id=\"pl-10358\"  class=\"panel-layout\" ><div id=\"pg-10358-0\"  class=\"panel-grid panel-has-style\" ><div style=\"padding: 0px 0; \" data-overlay=\"true\" data-overlay-color=\"#000000\" class=\"panel-row-style panel-row-style-for-10358-0\" ><div id=\"pgc-10358-0-0\"  class=\"panel-grid-cell\" ><div id=\"panel-10358-0-0-0\" class=\"so-panel widget_sow-image panel-first-child\" data-index=\"0\" ><div style=\"text-align: left;\" data-title-color=\"#47425d\" data-headings-color=\"#443f3f\" data-title_alignment=\"center\" class=\"panel-widget-style panel-widget-style-for-10358-0-0-0\" ><div\n\t\t\t\n\t\t\tclass=\"so-widget-sow-image so-widget-sow-image-default-c67d20f9f743-10358\"\n\t\t\t\n\t\t>\n<div class=\"sow-image-container\">\n\t\t<img \n\tsrc=\"https:\/\/www.coatresa.com\/wp-content\/uploads\/2018\/07\/recubrimientos-daikin.png\" width=\"200\" height=\"120\" sizes=\"(max-width: 200px) 100vw, 200px\" title=\"recubrimientos Daikin\" alt=\"recubrimientos Daikin\" \t\tclass=\"so-widget-image\"\/>\n\t<\/div>\n\n<\/div><\/div><\/div><div id=\"panel-10358-0-0-1\" class=\"so-panel widget_sow-editor panel-last-child\" data-index=\"1\" ><div style=\"text-align: left;\" data-title-color=\"#47425d\" data-headings-color=\"#000000\" data-title_alignment=\"center\" class=\"panel-widget-style panel-widget-style-for-10358-0-0-1\" ><div\n\t\t\t\n\t\t\tclass=\"so-widget-sow-editor so-widget-sow-editor-base\"\n\t\t\t\n\t\t>\n<div class=\"siteorigin-widget-tinymce textwidget\">\n\t<h1 style=\"text-align: center;\">Rev\u00eatements Daikin<\/h1>\n<hr \/>\n<p style=\"text-align: justify;\">Daikin est une multinationale japonaise dont le si\u00e8ge se trouve \u00e0 Osaka ; elle a \u00e9t\u00e9 fond\u00e9e ne 1924 et op\u00e8re sur tous les continents. En 1963, Daikin a cr\u00e9\u00e9 son fluoropolym\u00e8re vedette\u00a0Neoflon\u00ae. Plus tard, elle a invent\u00e9 les syst\u00e8mes \u00e0 volume variable de r\u00e9frig\u00e9rant (VRV), une innovation par rapport \u00e0 ceux qui existaient alors, et les a lanc\u00e9s sur le march\u00e9 en 1982. Daikin reste le leader du march\u00e9 pour ces syst\u00e8mes. Ce secteur de la climatisation est sans doute le plus connu car il touche directement le consommateur final, mais Daikin compte \u00e9galement d\u2019autres unit\u00e9s d\u2019activit\u00e9 : Syst\u00e8mes hydrauliques, syst\u00e8mes de d\u00e9fense et de chimie, subdivis\u00e9 en Fluorocarbones, Fluoroplastiques et Fluoro\u00e9lastom\u00e8res, entre autres.<\/p>\n<\/div>\n<\/div><\/div><\/div><\/div><\/div><\/div><div id=\"pg-10358-1\"  class=\"panel-grid panel-has-style\" ><div class=\"FRANJA-BLAVA-TITOL siteorigin-panels-stretch panel-row-style panel-row-style-for-10358-1\" style=\"padding: 0px 0; \" data-stretch-type=\"full\" data-overlay=\"true\" data-overlay-color=\"#000000\" ><div id=\"pgc-10358-1-0\"  class=\"panel-grid-cell\" ><div id=\"panel-10358-1-0-0\" class=\"so-panel widget_sow-editor panel-first-child panel-last-child\" data-index=\"2\" ><div class=\"blanc panel-widget-style panel-widget-style-for-10358-1-0-0\" style=\"text-align: left;\" data-title-color=\"#47425d\" data-headings-color=\"#443f3f\" data-title_alignment=\"center\" ><div\n\t\t\t\n\t\t\tclass=\"so-widget-sow-editor so-widget-sow-editor-base\"\n\t\t\t\n\t\t>\n<div class=\"siteorigin-widget-tinymce textwidget\">\n\t<h2 style=\"text-align: center;\">Produits Daikin<\/h2>\n<\/div>\n<\/div><\/div><\/div><\/div><\/div><\/div><div id=\"pg-10358-2\"  class=\"panel-grid panel-has-style\" ><div class=\"BGC-GRIS siteorigin-panels-stretch panel-row-style panel-row-style-for-10358-2\" style=\"padding: 50px 0; \" data-stretch-type=\"full\" data-overlay=\"true\" data-overlay-color=\"#000000\" ><div id=\"pgc-10358-2-0\"  class=\"panel-grid-cell\" ><div id=\"panel-10358-2-0-0\" class=\"so-panel widget_siteorigin-panels-builder panel-first-child panel-last-child\" data-index=\"3\" ><div style=\"text-align: left;\" data-title-color=\"#47425d\" data-headings-color=\"#443f3f\" data-title_alignment=\"center\" class=\"panel-widget-style panel-widget-style-for-10358-2-0-0\" ><div id=\"pl-w5b8d1d64a9bc5\"  class=\"panel-layout\" ><div id=\"pg-w5b8d1d64a9bc5-0\"  class=\"panel-grid panel-has-style\" ><div style=\"padding: 0px 0; \" data-overlay=\"true\" data-overlay-color=\"#000000\" class=\"panel-row-style panel-row-style-for-w5b8d1d64a9bc5-0\" ><div id=\"pgc-w5b8d1d64a9bc5-0-0\"  class=\"panel-grid-cell\" ><div id=\"panel-w5b8d1d64a9bc5-0-0-0\" class=\"so-panel widget_sow-editor panel-first-child panel-last-child\" data-index=\"0\" ><div style=\"text-align: left;\" data-title-color=\"#47425d\" data-headings-color=\"#443f3f\" data-title_alignment=\"center\" class=\"panel-widget-style panel-widget-style-for-w5b8d1d64a9bc5-0-0-0\" ><div\n\t\t\t\n\t\t\tclass=\"so-widget-sow-editor so-widget-sow-editor-base\"\n\t\t\t\n\t\t>\n<div class=\"siteorigin-widget-tinymce textwidget\">\n\t<p style=\"text-align: justify;\">Parmi les fluoropolym\u00e8res Daikin qu\u2019applique Coatresa, citons les fameux <b>Polyflon<\/b>\u00ae (PTFE) et toute la gamme de\u00a0<b>Neoflon<\/b>\u00ae, existant en PFA, FEP, PCTFE, CPT, ETFE et EFEP.<\/p>\n<\/div>\n<\/div><\/div><\/div><\/div><\/div><\/div><div id=\"pg-w5b8d1d64a9bc5-1\"  class=\"panel-grid panel-has-style\" ><div style=\"padding: 0px 0; \" data-overlay=\"true\" data-overlay-color=\"#000000\" class=\"panel-row-style panel-row-style-for-w5b8d1d64a9bc5-1\" ><div id=\"pgc-w5b8d1d64a9bc5-1-0\"  class=\"panel-grid-cell panel-grid-cell-empty\" ><\/div><div id=\"pgc-w5b8d1d64a9bc5-1-1\"  class=\"panel-grid-cell\" ><div class=\"BGC-BLANC panel-cell-style panel-cell-style-for-w5b8d1d64a9bc5-1-1\" ><div id=\"panel-w5b8d1d64a9bc5-1-1-0\" class=\"so-panel widget_sow-image panel-first-child panel-last-child\" data-index=\"1\" ><div class=\"PADDING-H-1 AUGMENTAR-ICONA panel-widget-style panel-widget-style-for-w5b8d1d64a9bc5-1-1-0\" style=\"text-align: left;\" data-title-color=\"#47425d\" data-headings-color=\"#443f3f\" data-title_alignment=\"center\" ><div\n\t\t\t\n\t\t\tclass=\"so-widget-sow-image so-widget-sow-image-default-c67d20f9f743\"\n\t\t\t\n\t\t>\n<div class=\"sow-image-container\">\n\t\t\t<a href=\"\/fr\/revetement-daikin-neoflon\"\n\t\t\t\t\t>\n\t\t\t<img \n\tsrc=\"https:\/\/www.coatresa.com\/wp-content\/uploads\/2018\/07\/recubrimientos-daikin-neoflon-1.png\" width=\"197\" height=\"197\" srcset=\"https:\/\/www.coatresa.com\/wp-content\/uploads\/2018\/07\/recubrimientos-daikin-neoflon-1.png 197w, https:\/\/www.coatresa.com\/wp-content\/uploads\/2018\/07\/recubrimientos-daikin-neoflon-1-150x150.png 150w\" sizes=\"(max-width: 197px) 100vw, 197px\" title=\"recubrimientos Daikin Neoflon\" alt=\"recubrimientos Daikin Neoflon\" \t\tclass=\"so-widget-image\"\/>\n\t\t\t<\/a><\/div>\n\n<\/div><\/div><\/div><\/div><\/div><div id=\"pgc-w5b8d1d64a9bc5-1-2\"  class=\"panel-grid-cell panel-grid-cell-mobile-last\" ><div class=\"BGC-GRIS-CLAR panel-cell-style panel-cell-style-for-w5b8d1d64a9bc5-1-2\" ><div id=\"panel-w5b8d1d64a9bc5-1-2-0\" class=\"so-panel widget_sow-image panel-first-child panel-last-child\" data-index=\"2\" ><div class=\"PADDING-H-1 panel-widget-style panel-widget-style-for-w5b8d1d64a9bc5-1-2-0\" style=\"text-align: left;\" data-title-color=\"#47425d\" data-headings-color=\"#443f3f\" data-title_alignment=\"center\" ><div\n\t\t\t\n\t\t\tclass=\"so-widget-sow-image so-widget-sow-image-default-c67d20f9f743\"\n\t\t\t\n\t\t>\n<div class=\"sow-image-container\">\n\t\t<img \n\tsrc=\"https:\/\/www.coatresa.com\/wp-content\/uploads\/2018\/07\/recubrimientos-daikin-polyflon.png\" width=\"197\" height=\"197\" srcset=\"https:\/\/www.coatresa.com\/wp-content\/uploads\/2018\/07\/recubrimientos-daikin-polyflon.png 197w, https:\/\/www.coatresa.com\/wp-content\/uploads\/2018\/07\/recubrimientos-daikin-polyflon-150x150.png 150w\" sizes=\"(max-width: 197px) 100vw, 197px\" title=\"recubrimientos Daikin Polyflon\" alt=\"recubrimientos Daikin Polyflon\" \t\tclass=\"so-widget-image\"\/>\n\t<\/div>\n\n<\/div><\/div><\/div><\/div><\/div><div id=\"pgc-w5b8d1d64a9bc5-1-3\"  class=\"panel-grid-cell panel-grid-cell-empty\" ><\/div><\/div><\/div><div id=\"pg-w5b8d1d64a9bc5-2\"  class=\"panel-grid panel-has-style\" ><div style=\"padding: 0px 0; \" data-overlay=\"true\" data-overlay-color=\"#000000\" class=\"panel-row-style panel-row-style-for-w5b8d1d64a9bc5-2\" ><div id=\"pgc-w5b8d1d64a9bc5-2-0\"  class=\"panel-grid-cell\" ><div id=\"panel-w5b8d1d64a9bc5-2-0-0\" class=\"so-panel widget_sow-editor panel-first-child panel-last-child\" data-index=\"3\" ><div style=\"text-align: left;\" data-title-color=\"#47425d\" data-headings-color=\"#443f3f\" data-title_alignment=\"center\" class=\"panel-widget-style panel-widget-style-for-w5b8d1d64a9bc5-2-0-0\" ><div\n\t\t\t\n\t\t\tclass=\"so-widget-sow-editor so-widget-sow-editor-base\"\n\t\t\t\n\t\t>\n<div class=\"siteorigin-widget-tinymce textwidget\">\n\t<p><b>Neoflon<\/b>\u00ae est la marque sous laquelle Daikin commercialise ses fluoropolym\u00e8res.<\/p>\n<p style=\"text-align: justify;\"><b>Polyflon<\/b>\u00ae est la marque sous laquelle Daikin commercialise le polyt\u00e9trafluoro\u00e9thyl\u00e8ne, r\u00e9sistant aux hautes temp\u00e9ratures et aux agents chimique, propri\u00e9t\u00e9s obtenues gr\u00e2ce \u00e0 sa structure chimique compos\u00e9e d\u2019atomes de carbone et de fluor \u00e0 \u00e9lectron\u00e9gativit\u00e9 \u00e9lev\u00e9e. En outre, son faible coefficient de friction et ses excellentes propri\u00e9t\u00e9s thermiques, m\u00e9caniques et \u00e9lectriques, en font le rev\u00eatement appropri\u00e9 pour une grande vari\u00e9t\u00e9 d\u2019applications exigeantes du secteur alimentaire, chimique et de l\u2019emballage, entre autres.<br \/>\nLa gamme\u00a0<b>Polyflon<\/b>\u00ae est disponible en poudre comme en dispersion.<\/p>\n<\/div>\n<\/div><\/div><\/div><\/div><\/div><\/div><\/div><\/div><\/div><\/div><\/div><\/div><div id=\"pg-10358-3\"  class=\"panel-grid panel-has-style\" ><div style=\"padding: 50px 0; \" data-overlay=\"true\" data-overlay-color=\"#000000\" class=\"panel-row-style panel-row-style-for-10358-3\" ><div id=\"pgc-10358-3-0\"  class=\"panel-grid-cell\" ><div id=\"panel-10358-3-0-0\" class=\"so-panel widget_siteorigin-panels-builder panel-first-child panel-last-child\" data-index=\"4\" ><div style=\"text-align: left;\" data-title-color=\"#47425d\" data-headings-color=\"#443f3f\" data-title_alignment=\"center\" class=\"panel-widget-style panel-widget-style-for-10358-3-0-0\" ><div id=\"pl-w5d1e163b9e521\"  class=\"panel-layout\" ><div id=\"pg-w5d1e163b9e521-0\"  class=\"panel-grid panel-has-style\" ><div style=\"padding: 0px 0; \" data-overlay=\"true\" data-overlay-color=\"#000000\" class=\"panel-row-style panel-row-style-for-w5d1e163b9e521-0\" ><div id=\"pgc-w5d1e163b9e521-0-0\"  class=\"panel-grid-cell\" ><div id=\"panel-w5d1e163b9e521-0-0-0\" class=\"so-panel widget_sow-editor panel-first-child\" data-index=\"0\" ><div style=\"text-align: left;\" data-title-color=\"#47425d\" data-headings-color=\"#443f3f\" data-title_alignment=\"center\" class=\"panel-widget-style panel-widget-style-for-w5d1e163b9e521-0-0-0\" ><div\n\t\t\t\n\t\t\tclass=\"so-widget-sow-editor so-widget-sow-editor-base\"\n\t\t\t\n\t\t>\n<div class=\"siteorigin-widget-tinymce textwidget\">\n\t<h3 class=\"BLAU-FOSC\" style=\"text-align: center;\">R\u00e9f\u00e9rences Polyflon\u00ae<\/h3>\n<\/div>\n<\/div><\/div><\/div><div id=\"panel-w5d1e163b9e521-0-0-1\" class=\"so-panel widget_siteorigin-panels-builder panel-last-child\" data-index=\"1\" ><div style=\"text-align: left;\" data-title-color=\"#47425d\" data-headings-color=\"#443f3f\" data-title_alignment=\"center\" class=\"panel-widget-style panel-widget-style-for-w5d1e163b9e521-0-0-1\" ><div id=\"pl-w5d1e160d3939b\"  class=\"panel-layout\" ><div id=\"pg-w5d1e160d3939b-0\"  class=\"panel-grid panel-has-style\" ><div style=\"padding: 0px 0; \" data-overlay=\"true\" data-overlay-color=\"#000000\" class=\"panel-row-style panel-row-style-for-w5d1e160d3939b-0\" ><div id=\"pgc-w5d1e160d3939b-0-0\"  class=\"panel-grid-cell\" ><div id=\"panel-w5d1e160d3939b-0-0-0\" class=\"so-panel widget_sow-editor panel-first-child panel-last-child\" data-index=\"0\" ><div style=\"text-align: left;\" data-title-color=\"#47425d\" data-headings-color=\"#443f3f\" data-title_alignment=\"center\" class=\"panel-widget-style panel-widget-style-for-w5d1e160d3939b-0-0-0\" ><div\n\t\t\t\n\t\t\tclass=\"so-widget-sow-editor so-widget-sow-editor-base\"\n\t\t\t\n\t\t>\n<div class=\"siteorigin-widget-tinymce textwidget\">\n\t<p style=\"text-align: center;\"><b>PTFE TC-7109BK<\/b><br \/>\n<b>PTFE TC-11000<\/b><br \/>\n<b>PTFE TC-1509M1<\/b><br \/>\n<b>PTFE TC-1559M2<\/b><br \/>\n<b>PTFE TC-7105GN<\/b><br \/>\n<b>PTFE TC-7113LB<\/b><br \/>\n<b>PTFE TC-7400CR<\/b><br \/>\n<b>PTFE TC-7405GN<\/b><br \/>\n<b>PTFE TC-7408GY<\/b><br \/>\n<b>PTFE TC-7409BK<\/b><br \/>\n<b>PTFE TC-7609M1<\/b><\/p>\n<\/div>\n<\/div><\/div><\/div><\/div><div id=\"pgc-w5d1e160d3939b-0-1\"  class=\"panel-grid-cell\" ><div id=\"panel-w5d1e160d3939b-0-1-0\" class=\"so-panel widget_sow-editor panel-first-child panel-last-child\" data-index=\"1\" ><div style=\"text-align: left;\" data-title-color=\"#47425d\" data-headings-color=\"#443f3f\" data-title_alignment=\"center\" class=\"panel-widget-style panel-widget-style-for-w5d1e160d3939b-0-1-0\" ><div\n\t\t\t\n\t\t\tclass=\"so-widget-sow-editor so-widget-sow-editor-base\"\n\t\t\t\n\t\t>\n<div class=\"siteorigin-widget-tinymce textwidget\">\n\t<p style=\"text-align: center;\"><b>PTFE TC-7808GY<\/b><br \/>\n<b>PTFE TC-7809BK<\/b><br \/>\n<b>PTFE TD-7139BD<\/b><br \/>\n<b>PTFE TT-7100<\/b><br \/>\n<b>PTFE TT-7400<\/b><br \/>\n<b>PTFE E-3705S21R<\/b><br \/>\n<b>PTFE EK-1209BKER<\/b><br \/>\n<b>PTFE EK-1209M10R<\/b><br \/>\n<b>PTFE EK-1908S21R<\/b><br \/>\n<b>PTFE EK-1909S21R<\/b><\/p>\n<\/div>\n<\/div><\/div><\/div><\/div><div id=\"pgc-w5d1e160d3939b-0-2\"  class=\"panel-grid-cell\" ><div id=\"panel-w5d1e160d3939b-0-2-0\" class=\"so-panel widget_sow-editor panel-first-child panel-last-child\" data-index=\"2\" ><div style=\"text-align: left;\" data-title-color=\"#47425d\" data-headings-color=\"#443f3f\" data-title_alignment=\"center\" class=\"panel-widget-style panel-widget-style-for-w5d1e160d3939b-0-2-0\" ><div\n\t\t\t\n\t\t\tclass=\"so-widget-sow-editor so-widget-sow-editor-base\"\n\t\t\t\n\t\t>\n<div class=\"siteorigin-widget-tinymce textwidget\">\n\t<p style=\"text-align: center;\"><b>PTFE EK-1959S21R<\/b><br \/>\n<b>PTFE EK-1983S21R<\/b><br \/>\n<b>PTFE EK-3700C21R<\/b><br \/>\n<b>PTFE EK-3707M21R<\/b><br \/>\n<b>PTFE EK-3708S21R<\/b><br \/>\n<b>PTFE EK-3709M21R<\/b><br \/>\n<b>PTFE EK-3709S21R<\/b><br \/>\n<b>PTFE EK-3712M21R<\/b><br \/>\n<b>PTFE EK-3781M21R<\/b><br \/>\n<b>PTFE EK-3783S21R<\/b><\/p>\n<\/div>\n<\/div><\/div><\/div><\/div><div id=\"pgc-w5d1e160d3939b-0-3\"  class=\"panel-grid-cell\" ><div id=\"panel-w5d1e160d3939b-0-3-0\" class=\"so-panel widget_sow-editor panel-first-child panel-last-child\" data-index=\"3\" ><div style=\"text-align: left;\" data-title-color=\"#47425d\" data-headings-color=\"#443f3f\" data-title_alignment=\"center\" class=\"panel-widget-style panel-widget-style-for-w5d1e160d3939b-0-3-0\" ><div\n\t\t\t\n\t\t\tclass=\"so-widget-sow-editor so-widget-sow-editor-base\"\n\t\t\t\n\t\t>\n<div class=\"siteorigin-widget-tinymce textwidget\">\n\t<p style=\"text-align: center;\"><b>PTFE EK-3793S21R<\/b><br \/>\n<b>PTFE EK-3798M21R<\/b><br \/>\n<b>PTFE ED-1939D21R<\/b><br \/>\n<b>PTFE ED-3239S1R<\/b><br \/>\n<b>PTFE ED-3293SW1R<\/b><br \/>\n<b>PTFE ND-110<\/b><br \/>\n<b>PTFE ND-2R<\/b><br \/>\n<b>PTFE ND-4GYHR<\/b><br \/>\n<b>PTFE ND-4R<\/b><br \/>\n<b>PTFE AD-2CRER<\/b><\/p>\n<\/div>\n<\/div><\/div><\/div><\/div><\/div><\/div><\/div><\/div><\/div><\/div><\/div><\/div><\/div><\/div><\/div><\/div><\/div><\/div><\/div>","protected":false},"excerpt":{"rendered":"<p>Rev\u00eatements Daikin Daikin est une multinationale japonaise dont le si\u00e8ge se trouve \u00e0 Osaka ; elle a \u00e9t\u00e9 fond\u00e9e ne 1924 et [&hellip;]<\/p>\n","protected":false},"author":1,"featured_media":7407,"parent":0,"menu_order":0,"comment_status":"closed","ping_status":"closed","template":"page-templates\/page_fullwidth.php","meta":{"footnotes":""},"class_list":["post-10358","page","type-page","status-publish","has-post-thumbnail","hentry"],"yoast_head":"<!-- This site is optimized with the Yoast SEO plugin v27.6 - https:\/\/yoast.com\/product\/yoast-seo-wordpress\/ -->\n<title>Rev\u00eatements Daikin - Coatresa<\/title>\n<meta name=\"description\" content=\"Rev\u00eatements Daikin : application de fluoropolym\u00e8res Polyflon PTFE et Neoflon en PFA, FEP, PCTFE, CPT, ETFE et EFEP. Faible coefficient de friction.\" \/>\n<meta name=\"robots\" content=\"index, follow, max-snippet:-1, max-image-preview:large, max-video-preview:-1\" \/>\n<link rel=\"canonical\" href=\"https:\/\/www.coatresa.com\/fr\/revetements-daikin\/\" \/>\n<meta property=\"og:locale\" content=\"fr_FR\" \/>\n<meta property=\"og:type\" content=\"article\" \/>\n<meta property=\"og:title\" content=\"Rev\u00eatements Daikin - Coatresa\" \/>\n<meta property=\"og:description\" content=\"Rev\u00eatements Daikin : application de fluoropolym\u00e8res Polyflon PTFE et Neoflon en PFA, FEP, PCTFE, CPT, ETFE et EFEP. Faible coefficient de friction.\" \/>\n<meta property=\"og:url\" content=\"https:\/\/www.coatresa.com\/fr\/revetements-daikin\/\" \/>\n<meta property=\"og:site_name\" content=\"Coatresa\" \/>\n<meta property=\"article:publisher\" content=\"https:\/\/www.facebook.com\/Coatresa\/\" \/>\n<meta property=\"article:modified_time\" content=\"2019-07-04T15:07:39+00:00\" \/>\n<meta property=\"og:image\" content=\"https:\/\/www.coatresa.com\/wp-content\/uploads\/2018\/07\/recubrimientos-daikin.png\" \/>\n\t<meta property=\"og:image:width\" content=\"200\" \/>\n\t<meta property=\"og:image:height\" content=\"120\" \/>\n\t<meta property=\"og:image:type\" content=\"image\/png\" \/>\n<meta name=\"twitter:card\" content=\"summary_large_image\" \/>\n<meta name=\"twitter:site\" content=\"@Coatresa\" \/>\n<meta name=\"twitter:label1\" content=\"Dur\u00e9e de lecture estim\u00e9e\" \/>\n\t<meta name=\"twitter:data1\" content=\"2 minutes\" \/>\n<script type=\"application\/ld+json\" class=\"yoast-schema-graph\">{\"@context\":\"https:\\\/\\\/schema.org\",\"@graph\":[{\"@type\":\"WebPage\",\"@id\":\"https:\\\/\\\/www.coatresa.com\\\/fr\\\/revetements-daikin\\\/\",\"url\":\"https:\\\/\\\/www.coatresa.com\\\/fr\\\/revetements-daikin\\\/\",\"name\":\"Rev\u00eatements Daikin - Coatresa\",\"isPartOf\":{\"@id\":\"https:\\\/\\\/www.coatresa.com\\\/fr\\\/#website\"},\"primaryImageOfPage\":{\"@id\":\"https:\\\/\\\/www.coatresa.com\\\/fr\\\/revetements-daikin\\\/#primaryimage\"},\"image\":{\"@id\":\"https:\\\/\\\/www.coatresa.com\\\/fr\\\/revetements-daikin\\\/#primaryimage\"},\"thumbnailUrl\":\"https:\\\/\\\/www.coatresa.com\\\/wp-content\\\/uploads\\\/2018\\\/07\\\/recubrimientos-daikin.png\",\"datePublished\":\"2018-07-12T20:50:10+00:00\",\"dateModified\":\"2019-07-04T15:07:39+00:00\",\"description\":\"Rev\u00eatements Daikin : application de fluoropolym\u00e8res Polyflon PTFE et Neoflon en PFA, FEP, PCTFE, CPT, ETFE et EFEP. Faible coefficient de friction.\",\"breadcrumb\":{\"@id\":\"https:\\\/\\\/www.coatresa.com\\\/fr\\\/revetements-daikin\\\/#breadcrumb\"},\"inLanguage\":\"fr-FR\",\"potentialAction\":[{\"@type\":\"ReadAction\",\"target\":[\"https:\\\/\\\/www.coatresa.com\\\/fr\\\/revetements-daikin\\\/\"]}]},{\"@type\":\"ImageObject\",\"inLanguage\":\"fr-FR\",\"@id\":\"https:\\\/\\\/www.coatresa.com\\\/fr\\\/revetements-daikin\\\/#primaryimage\",\"url\":\"https:\\\/\\\/www.coatresa.com\\\/wp-content\\\/uploads\\\/2018\\\/07\\\/recubrimientos-daikin.png\",\"contentUrl\":\"https:\\\/\\\/www.coatresa.com\\\/wp-content\\\/uploads\\\/2018\\\/07\\\/recubrimientos-daikin.png\",\"width\":200,\"height\":120,\"caption\":\"recubrimientos daikin\"},{\"@type\":\"BreadcrumbList\",\"@id\":\"https:\\\/\\\/www.coatresa.com\\\/fr\\\/revetements-daikin\\\/#breadcrumb\",\"itemListElement\":[{\"@type\":\"ListItem\",\"position\":1,\"name\":\"Portada\",\"item\":\"https:\\\/\\\/www.coatresa.com\\\/fr\\\/\"},{\"@type\":\"ListItem\",\"position\":2,\"name\":\"Rev\u00eatements Daikin\"}]},{\"@type\":\"WebSite\",\"@id\":\"https:\\\/\\\/www.coatresa.com\\\/fr\\\/#website\",\"url\":\"https:\\\/\\\/www.coatresa.com\\\/fr\\\/\",\"name\":\"Coatresa\",\"description\":\"Aplicaci\u00f3n de recubrimientos antiadherentes y anticorrosivos como el Teflon. Expertos del Powder Coating\",\"publisher\":{\"@id\":\"https:\\\/\\\/www.coatresa.com\\\/fr\\\/#organization\"},\"potentialAction\":[{\"@type\":\"SearchAction\",\"target\":{\"@type\":\"EntryPoint\",\"urlTemplate\":\"https:\\\/\\\/www.coatresa.com\\\/fr\\\/?s={search_term_string}\"},\"query-input\":{\"@type\":\"PropertyValueSpecification\",\"valueRequired\":true,\"valueName\":\"search_term_string\"}}],\"inLanguage\":\"fr-FR\"},{\"@type\":\"Organization\",\"@id\":\"https:\\\/\\\/www.coatresa.com\\\/fr\\\/#organization\",\"name\":\"Coatresa\",\"url\":\"https:\\\/\\\/www.coatresa.com\\\/fr\\\/\",\"logo\":{\"@type\":\"ImageObject\",\"inLanguage\":\"fr-FR\",\"@id\":\"https:\\\/\\\/www.coatresa.com\\\/fr\\\/#\\\/schema\\\/logo\\\/image\\\/\",\"url\":\"https:\\\/\\\/www.coatresa.com\\\/wp-content\\\/uploads\\\/2022\\\/07\\\/A_blava_mitja_transp.png\",\"contentUrl\":\"https:\\\/\\\/www.coatresa.com\\\/wp-content\\\/uploads\\\/2022\\\/07\\\/A_blava_mitja_transp.png\",\"width\":340,\"height\":326,\"caption\":\"Coatresa\"},\"image\":{\"@id\":\"https:\\\/\\\/www.coatresa.com\\\/fr\\\/#\\\/schema\\\/logo\\\/image\\\/\"},\"sameAs\":[\"https:\\\/\\\/www.facebook.com\\\/Coatresa\\\/\",\"https:\\\/\\\/x.com\\\/Coatresa\",\"https:\\\/\\\/www.linkedin.com\\\/company\\\/coatresa\\\/\",\"https:\\\/\\\/www.youtube.com\\\/user\\\/CoatresaCoatings\"]}]}<\/script>\n<!-- \/ Yoast SEO plugin. -->","yoast_head_json":{"title":"Rev\u00eatements Daikin - Coatresa","description":"Rev\u00eatements Daikin : application de fluoropolym\u00e8res Polyflon PTFE et Neoflon en PFA, FEP, PCTFE, CPT, ETFE et EFEP. Faible coefficient de friction.","robots":{"index":"index","follow":"follow","max-snippet":"max-snippet:-1","max-image-preview":"max-image-preview:large","max-video-preview":"max-video-preview:-1"},"canonical":"https:\/\/www.coatresa.com\/fr\/revetements-daikin\/","og_locale":"fr_FR","og_type":"article","og_title":"Rev\u00eatements Daikin - Coatresa","og_description":"Rev\u00eatements Daikin : application de fluoropolym\u00e8res Polyflon PTFE et Neoflon en PFA, FEP, PCTFE, CPT, ETFE et EFEP. Faible coefficient de friction.","og_url":"https:\/\/www.coatresa.com\/fr\/revetements-daikin\/","og_site_name":"Coatresa","article_publisher":"https:\/\/www.facebook.com\/Coatresa\/","article_modified_time":"2019-07-04T15:07:39+00:00","og_image":[{"width":200,"height":120,"url":"https:\/\/www.coatresa.com\/wp-content\/uploads\/2018\/07\/recubrimientos-daikin.png","type":"image\/png"}],"twitter_card":"summary_large_image","twitter_site":"@Coatresa","twitter_misc":{"Dur\u00e9e de lecture estim\u00e9e":"2 minutes"},"schema":{"@context":"https:\/\/schema.org","@graph":[{"@type":"WebPage","@id":"https:\/\/www.coatresa.com\/fr\/revetements-daikin\/","url":"https:\/\/www.coatresa.com\/fr\/revetements-daikin\/","name":"Rev\u00eatements Daikin - Coatresa","isPartOf":{"@id":"https:\/\/www.coatresa.com\/fr\/#website"},"primaryImageOfPage":{"@id":"https:\/\/www.coatresa.com\/fr\/revetements-daikin\/#primaryimage"},"image":{"@id":"https:\/\/www.coatresa.com\/fr\/revetements-daikin\/#primaryimage"},"thumbnailUrl":"https:\/\/www.coatresa.com\/wp-content\/uploads\/2018\/07\/recubrimientos-daikin.png","datePublished":"2018-07-12T20:50:10+00:00","dateModified":"2019-07-04T15:07:39+00:00","description":"Rev\u00eatements Daikin : application de fluoropolym\u00e8res Polyflon PTFE et Neoflon en PFA, FEP, PCTFE, CPT, ETFE et EFEP. Faible coefficient de friction.","breadcrumb":{"@id":"https:\/\/www.coatresa.com\/fr\/revetements-daikin\/#breadcrumb"},"inLanguage":"fr-FR","potentialAction":[{"@type":"ReadAction","target":["https:\/\/www.coatresa.com\/fr\/revetements-daikin\/"]}]},{"@type":"ImageObject","inLanguage":"fr-FR","@id":"https:\/\/www.coatresa.com\/fr\/revetements-daikin\/#primaryimage","url":"https:\/\/www.coatresa.com\/wp-content\/uploads\/2018\/07\/recubrimientos-daikin.png","contentUrl":"https:\/\/www.coatresa.com\/wp-content\/uploads\/2018\/07\/recubrimientos-daikin.png","width":200,"height":120,"caption":"recubrimientos daikin"},{"@type":"BreadcrumbList","@id":"https:\/\/www.coatresa.com\/fr\/revetements-daikin\/#breadcrumb","itemListElement":[{"@type":"ListItem","position":1,"name":"Portada","item":"https:\/\/www.coatresa.com\/fr\/"},{"@type":"ListItem","position":2,"name":"Rev\u00eatements Daikin"}]},{"@type":"WebSite","@id":"https:\/\/www.coatresa.com\/fr\/#website","url":"https:\/\/www.coatresa.com\/fr\/","name":"Coatresa","description":"Aplicaci\u00f3n de recubrimientos antiadherentes y anticorrosivos como el Teflon. Expertos del Powder Coating","publisher":{"@id":"https:\/\/www.coatresa.com\/fr\/#organization"},"potentialAction":[{"@type":"SearchAction","target":{"@type":"EntryPoint","urlTemplate":"https:\/\/www.coatresa.com\/fr\/?s={search_term_string}"},"query-input":{"@type":"PropertyValueSpecification","valueRequired":true,"valueName":"search_term_string"}}],"inLanguage":"fr-FR"},{"@type":"Organization","@id":"https:\/\/www.coatresa.com\/fr\/#organization","name":"Coatresa","url":"https:\/\/www.coatresa.com\/fr\/","logo":{"@type":"ImageObject","inLanguage":"fr-FR","@id":"https:\/\/www.coatresa.com\/fr\/#\/schema\/logo\/image\/","url":"https:\/\/www.coatresa.com\/wp-content\/uploads\/2022\/07\/A_blava_mitja_transp.png","contentUrl":"https:\/\/www.coatresa.com\/wp-content\/uploads\/2022\/07\/A_blava_mitja_transp.png","width":340,"height":326,"caption":"Coatresa"},"image":{"@id":"https:\/\/www.coatresa.com\/fr\/#\/schema\/logo\/image\/"},"sameAs":["https:\/\/www.facebook.com\/Coatresa\/","https:\/\/x.com\/Coatresa","https:\/\/www.linkedin.com\/company\/coatresa\/","https:\/\/www.youtube.com\/user\/CoatresaCoatings"]}]}},"_links":{"self":[{"href":"https:\/\/www.coatresa.com\/fr\/wp-json\/wp\/v2\/pages\/10358","targetHints":{"allow":["GET"]}}],"collection":[{"href":"https:\/\/www.coatresa.com\/fr\/wp-json\/wp\/v2\/pages"}],"about":[{"href":"https:\/\/www.coatresa.com\/fr\/wp-json\/wp\/v2\/types\/page"}],"author":[{"embeddable":true,"href":"https:\/\/www.coatresa.com\/fr\/wp-json\/wp\/v2\/users\/1"}],"replies":[{"embeddable":true,"href":"https:\/\/www.coatresa.com\/fr\/wp-json\/wp\/v2\/comments?post=10358"}],"version-history":[{"count":0,"href":"https:\/\/www.coatresa.com\/fr\/wp-json\/wp\/v2\/pages\/10358\/revisions"}],"wp:featuredmedia":[{"embeddable":true,"href":"https:\/\/www.coatresa.com\/fr\/wp-json\/wp\/v2\/media\/7407"}],"wp:attachment":[{"href":"https:\/\/www.coatresa.com\/fr\/wp-json\/wp\/v2\/media?parent=10358"}],"curies":[{"name":"wp","href":"https:\/\/api.w.org\/{rel}","templated":true}]}}