{"id":10362,"date":"2018-07-12T23:10:30","date_gmt":"2018-07-12T21:10:30","guid":{"rendered":"http:\/\/coatresa.com\/recubrimientos-daikin-neoflon\/"},"modified":"2019-03-25T12:18:18","modified_gmt":"2019-03-25T11:18:18","slug":"revetement-daikin-neoflon","status":"publish","type":"page","link":"https:\/\/www.coatresa.com\/fr\/revetement-daikin-neoflon\/","title":{"rendered":"Rev\u00eatement Neoflon"},"content":{"rendered":"<div id=\"pl-10362\"  class=\"panel-layout\" ><div id=\"pg-10362-0\"  class=\"panel-grid panel-has-style\" ><div style=\"padding: 0px 0; \" data-overlay=\"true\" data-overlay-color=\"#000000\" class=\"panel-row-style panel-row-style-for-10362-0\" ><div id=\"pgc-10362-0-0\"  class=\"panel-grid-cell\" ><div id=\"panel-10362-0-0-0\" class=\"so-panel widget_sow-image panel-first-child panel-last-child\" data-index=\"0\" ><div style=\"text-align: left;\" data-title-color=\"#47425d\" data-headings-color=\"#443f3f\" data-title_alignment=\"center\" class=\"panel-widget-style panel-widget-style-for-10362-0-0-0\" ><div\n\t\t\t\n\t\t\tclass=\"so-widget-sow-image so-widget-sow-image-default-c67d20f9f743-10362\"\n\t\t\t\n\t\t>\n<div class=\"sow-image-container\">\n\t\t<img \n\tsrc=\"https:\/\/www.coatresa.com\/wp-content\/uploads\/2018\/07\/recubrimientos-daikin-neoflon-1.png\" width=\"197\" height=\"197\" srcset=\"https:\/\/www.coatresa.com\/wp-content\/uploads\/2018\/07\/recubrimientos-daikin-neoflon-1.png 197w, https:\/\/www.coatresa.com\/wp-content\/uploads\/2018\/07\/recubrimientos-daikin-neoflon-1-150x150.png 150w\" sizes=\"(max-width: 197px) 100vw, 197px\" title=\"recubrimientos Daikin Neoflon\" alt=\"recubrimientos Daikin Neoflon\" \t\tclass=\"so-widget-image\"\/>\n\t<\/div>\n\n<\/div><\/div><\/div><\/div><div id=\"pgc-10362-0-1\"  class=\"panel-grid-cell\" ><div id=\"panel-10362-0-1-0\" class=\"so-panel widget_sow-editor panel-first-child panel-last-child\" data-index=\"1\" ><div style=\"text-align: left;\" data-title-color=\"#47425d\" data-headings-color=\"#000000\" data-title_alignment=\"center\" class=\"panel-widget-style panel-widget-style-for-10362-0-1-0\" ><div\n\t\t\t\n\t\t\tclass=\"so-widget-sow-editor so-widget-sow-editor-base\"\n\t\t\t\n\t\t>\n<div class=\"siteorigin-widget-tinymce textwidget\">\n\t<h1 style=\"text-align: left;\">Rev\u00eatement Neoflon \u00ae<\/h1>\n<hr align=\"left\" \/>\n<p style=\"text-align: justify;\"><b>Neoflon<\/b>\u00ae est la marque sous laquelle Daikin commercialise ses fluoropolym\u00e8res. Ces produits sont utilis\u00e9s essentiellement dans l\u2019automobile, l\u2019aviation, les semi-conducteurs, les technologies de l\u2019information, les articles domestiques et l\u2019\u00e9lectrom\u00e9nager, en raison de leur antiadh\u00e9rence et de leur faible coefficient de friction, outre une r\u00e9sistance thermique et chimique et des propri\u00e9t\u00e9s \u00e9lectriques que n\u2019ont pas d\u2019autres polym\u00e8res.<\/p>\n<\/div>\n<\/div><\/div><\/div><\/div><\/div><\/div><div id=\"pg-10362-1\"  class=\"panel-grid panel-has-style\" ><div class=\"FRANJA-BLAVA-TITOL siteorigin-panels-stretch panel-row-style panel-row-style-for-10362-1\" style=\"padding: 0px 0; \" data-stretch-type=\"full\" data-overlay=\"true\" data-overlay-color=\"#000000\" ><div id=\"pgc-10362-1-0\"  class=\"panel-grid-cell\" ><div id=\"panel-10362-1-0-0\" class=\"so-panel widget_sow-editor panel-first-child panel-last-child\" data-index=\"2\" ><div class=\"blanc panel-widget-style panel-widget-style-for-10362-1-0-0\" style=\"text-align: left;\" data-title-color=\"#47425d\" data-headings-color=\"#443f3f\" data-title_alignment=\"center\" ><div\n\t\t\t\n\t\t\tclass=\"so-widget-sow-editor so-widget-sow-editor-base\"\n\t\t\t\n\t\t>\n<div class=\"siteorigin-widget-tinymce textwidget\">\n\t<h2 style=\"text-align: center;\">Gamme de produits Neoflon \u00ae<\/h2>\n<\/div>\n<\/div><\/div><\/div><\/div><\/div><\/div><div id=\"pg-10362-2\"  class=\"panel-grid panel-has-style\" ><div class=\"BGC-GRIS siteorigin-panels-stretch panel-row-style panel-row-style-for-10362-2\" style=\"padding: 50px 0; \" data-stretch-type=\"full\" data-overlay=\"true\" data-overlay-color=\"#000000\" ><div id=\"pgc-10362-2-0\"  class=\"panel-grid-cell\" ><div id=\"panel-10362-2-0-0\" class=\"so-panel widget_sow-editor panel-first-child\" data-index=\"3\" ><div class=\"TEXTOS-DESTACATS panel-widget-style panel-widget-style-for-10362-2-0-0\" style=\"text-align: left;\" data-title-color=\"#47425d\" data-headings-color=\"#443f3f\" data-title_alignment=\"center\" ><div\n\t\t\t\n\t\t\tclass=\"so-widget-sow-editor so-widget-sow-editor-base\"\n\t\t\t\n\t\t>\n<div class=\"siteorigin-widget-tinymce textwidget\">\n\t<p style=\"text-align: center;\"><b>Neoflon<\/b>\u00ae comprend une large gamme de produits, qui sont tous les d\u00e9riv\u00e9s du PTFE ou polyt\u00e9trafluoro\u00e9thyl\u00e8ne :<\/p>\n<\/div>\n<\/div><\/div><\/div><div id=\"panel-10362-2-0-1\" class=\"so-panel widget_siteorigin-panels-builder panel-last-child\" data-index=\"4\" ><div class=\"MARGE-LLISTA panel-widget-style panel-widget-style-for-10362-2-0-1\" style=\"text-align: left;\" data-title-color=\"#47425d\" data-headings-color=\"#443f3f\" data-title_alignment=\"center\" ><div id=\"pl-w5b8d201532313\"  class=\"panel-layout\" ><div id=\"pg-w5b8d201532313-0\"  class=\"panel-grid panel-has-style\" ><div style=\"padding: 0px 0; \" data-overlay=\"true\" data-overlay-color=\"#000000\" class=\"panel-row-style panel-row-style-for-w5b8d201532313-0\" ><div id=\"pgc-w5b8d201532313-0-0\"  class=\"panel-grid-cell\" ><div id=\"panel-w5b8d201532313-0-0-0\" class=\"so-panel widget_sow-editor panel-first-child\" data-index=\"0\" ><div style=\"text-align: left;\" data-title-color=\"#47425d\" data-headings-color=\"#443f3f\" data-title_alignment=\"center\" class=\"panel-widget-style panel-widget-style-for-w5b8d201532313-0-0-0\" ><div\n\t\t\t\n\t\t\tclass=\"so-widget-sow-editor so-widget-sow-editor-base\"\n\t\t\t\n\t\t>\n<div class=\"siteorigin-widget-tinymce textwidget\">\n\t<p style=\"text-align: justify;\"><b>Neoflon<\/b>\u00ae\u00a0<b>PFA<\/b>\u00a0ou perfluoroalcoxy est un copolym\u00e8re de t\u00e9trafluoro\u00e9thyl\u00e8ne et de perfluoroalkyl vinyl \u00e9ther. Il s\u2019agit d\u2019un perfluoropolym\u00e8re compos\u00e9 uniquement d\u2019atomes de carbone et de fluor, sans atome d\u2019hydrog\u00e8ne. Il pr\u00e9sente les m\u00eames avantages que le PTFE dans une large fourchette de temp\u00e9ratures, avec en plus une excellente transparence et une grande force m\u00e9canique \u00e0 temp\u00e9rature \u00e9lev\u00e9e.<\/p>\n<\/div>\n<\/div><\/div><\/div><div id=\"panel-w5b8d201532313-0-0-1\" class=\"so-panel widget_sow-editor\" data-index=\"1\" ><div style=\"text-align: left;\" data-title-color=\"#47425d\" data-headings-color=\"#443f3f\" data-title_alignment=\"center\" class=\"panel-widget-style panel-widget-style-for-w5b8d201532313-0-0-1\" ><div\n\t\t\t\n\t\t\tclass=\"so-widget-sow-editor so-widget-sow-editor-base\"\n\t\t\t\n\t\t>\n<div class=\"siteorigin-widget-tinymce textwidget\">\n\t<p style=\"text-align: justify;\"><b>Neoflon<\/b>\u00ae\u00a0<b>FEP<\/b>\u00a0est un copolym\u00e8re perfluor\u00e9 de t\u00e9trafluoro\u00e9thyl\u00e8ne et d\u2019hexafluoro\u00e9thyl\u00e8ne. \u00c9tant compos\u00e9 uniquement d\u2019atomes de fluor et de carbone, il a d\u2019excellentes propri\u00e9t\u00e9s \u00e9lectriques comme le PTFE. Il pr\u00e9sente la m\u00eame r\u00e9sistance chimique et m\u00e9canique que le PFA, mais r\u00e9siste moins bien \u00e0 hautes temp\u00e9ratures que le PFA.<\/p>\n<\/div>\n<\/div><\/div><\/div><div id=\"panel-w5b8d201532313-0-0-2\" class=\"so-panel widget_sow-editor\" data-index=\"2\" ><div style=\"text-align: left;\" data-title-color=\"#47425d\" data-headings-color=\"#443f3f\" data-title_alignment=\"center\" class=\"panel-widget-style panel-widget-style-for-w5b8d201532313-0-0-2\" ><div\n\t\t\t\n\t\t\tclass=\"so-widget-sow-editor so-widget-sow-editor-base\"\n\t\t\t\n\t\t>\n<div class=\"siteorigin-widget-tinymce textwidget\">\n\t<p style=\"text-align: justify;\"><b>Neoflon<\/b>\u00ae\u00a0<b>PCTFE<\/b>\u00a0forme une excellente barri\u00e8re aux gaz, en raison surtout de sa faible p\u00e9n\u00e9tration \u00e0 l\u2019humidit\u00e9 et \u00e0 la vapeur, comparativement \u00e0 d\u2019autres plastiques. Sa r\u00e9sistance aux hautes temp\u00e9ratures et aux agents chimique est inf\u00e9rieure \u00e0 celle du PFA et du FEP, mais ses caract\u00e9ristiques m\u00e9caniques (en particulier la duret\u00e9) sont sup\u00e9rieures.<\/p>\n<\/div>\n<\/div><\/div><\/div><div id=\"panel-w5b8d201532313-0-0-3\" class=\"so-panel widget_sow-editor\" data-index=\"3\" ><div style=\"text-align: left;\" data-title-color=\"#47425d\" data-headings-color=\"#443f3f\" data-title_alignment=\"center\" class=\"panel-widget-style panel-widget-style-for-w5b8d201532313-0-0-3\" ><div\n\t\t\t\n\t\t\tclass=\"so-widget-sow-editor so-widget-sow-editor-base\"\n\t\t\t\n\t\t>\n<div class=\"siteorigin-widget-tinymce textwidget\">\n\t<p style=\"text-align: justify;\"><b>Neoflon<\/b>\u00ae\u00a0<b>CPT<\/b>\u00a0est un nouveau type de fluoropolym\u00e8re ayant d\u2019excellentes propri\u00e9t\u00e9s d\u2019\u00e9tanch\u00e9it\u00e9 face \u00e0 tout type de solvants organiques et acides tr\u00e8s actifs comme HF, HCl, HNO3. On le fabrique pour le coller \u00e0 d\u2019autres plastiques.<\/p>\n<\/div>\n<\/div><\/div><\/div><div id=\"panel-w5b8d201532313-0-0-4\" class=\"so-panel widget_sow-editor\" data-index=\"4\" ><div style=\"text-align: left;\" data-title-color=\"#47425d\" data-headings-color=\"#443f3f\" data-title_alignment=\"center\" class=\"panel-widget-style panel-widget-style-for-w5b8d201532313-0-0-4\" ><div\n\t\t\t\n\t\t\tclass=\"so-widget-sow-editor so-widget-sow-editor-base\"\n\t\t\t\n\t\t>\n<div class=\"siteorigin-widget-tinymce textwidget\">\n\t<p style=\"text-align: justify;\"><b>Neoflon<\/b>\u00ae\u00a0<b>ETFE<\/b>\u00a0est un copolym\u00e8re de t\u00e9trafluoro\u00e9thyl\u00e8ne et d\u2019\u00e9thyl\u00e8ne qui pr\u00e9sente la gravit\u00e9 sp\u00e9cifique la plus basse de tous les fluoropolym\u00e8res. Il pr\u00e9sente des caract\u00e9ristiques de fusion et des propri\u00e9t\u00e9s m\u00e9caniques sup\u00e9rieures comparativement au PTFE et au FEP, ainsi que de bonnes propri\u00e9t\u00e9s \u00e9lectriques et chimiques. Il est appropri\u00e9 pour des applications requ\u00e9rant duret\u00e9 m\u00e9canique, r\u00e9sistance chimique, r\u00e9sistance aux hautes temp\u00e9ratures et propri\u00e9t\u00e9s \u00e9lectriques.<\/p>\n<\/div>\n<\/div><\/div><\/div><div id=\"panel-w5b8d201532313-0-0-5\" class=\"so-panel widget_sow-editor panel-last-child\" data-index=\"5\" ><div style=\"text-align: left;\" data-title-color=\"#47425d\" data-headings-color=\"#443f3f\" data-title_alignment=\"center\" class=\"panel-widget-style panel-widget-style-for-w5b8d201532313-0-0-5\" ><div\n\t\t\t\n\t\t\tclass=\"so-widget-sow-editor so-widget-sow-editor-base\"\n\t\t\t\n\t\t>\n<div class=\"siteorigin-widget-tinymce textwidget\">\n\t<p style=\"text-align: justify;\"><b>Neoflon<\/b>\u00ae\u00a0<b>EFEP<\/b>\u00a0est un nouveau fluoropolym\u00e8re capable d\u2019adh\u00e9rer \u00e0 des mat\u00e9riaux autres que les fluoropolym\u00e8res antiadh\u00e9sifs. De plus, il pr\u00e9sente la m\u00eame r\u00e9sistance chimique que d\u2019autres fluoropolym\u00e8res. Il est plus transparent que les fluoropolym\u00e8res classiques et Daikin affirme qu\u2019il constitue la g\u00e9n\u00e9ration future de mat\u00e9riaux destin\u00e9e \u00e0 multiplier les possibilit\u00e9s d\u2019applications \u00e0 base de fluoropolym\u00e8res.<\/p>\n<\/div>\n<\/div><\/div><\/div><\/div><\/div><\/div><\/div><\/div><\/div><\/div><\/div><\/div><div id=\"pg-10362-3\"  class=\"panel-grid panel-has-style\" ><div class=\"siteorigin-panels-stretch panel-row-style panel-row-style-for-10362-3\" style=\"padding: 50px 0; \" data-stretch-type=\"full\" data-overlay=\"true\" data-overlay-color=\"#000000\" ><div id=\"pgc-10362-3-0\"  class=\"panel-grid-cell\" ><div id=\"panel-10362-3-0-0\" class=\"so-panel widget_siteorigin-panels-builder panel-first-child panel-last-child\" data-index=\"5\" ><div style=\"text-align: left;\" data-title-color=\"#47425d\" data-headings-color=\"#443f3f\" data-title_alignment=\"center\" class=\"panel-widget-style panel-widget-style-for-10362-3-0-0\" ><div id=\"pl-w5c98b8fa58330\"  class=\"panel-layout\" ><div id=\"pg-w5c98b8fa58330-0\"  class=\"panel-grid panel-has-style\" ><div style=\"padding: 0px 0; \" data-overlay=\"true\" data-overlay-color=\"#000000\" class=\"panel-row-style panel-row-style-for-w5c98b8fa58330-0\" ><div id=\"pgc-w5c98b8fa58330-0-0\"  class=\"panel-grid-cell\" ><div id=\"panel-w5c98b8fa58330-0-0-0\" class=\"so-panel widget_sow-editor panel-first-child panel-last-child\" data-index=\"0\" ><div style=\"text-align: left;\" data-title-color=\"#47425d\" data-headings-color=\"#443f3f\" data-title_alignment=\"center\" class=\"panel-widget-style panel-widget-style-for-w5c98b8fa58330-0-0-0\" ><div\n\t\t\t\n\t\t\tclass=\"so-widget-sow-editor so-widget-sow-editor-base\"\n\t\t\t\n\t\t>\n<div class=\"siteorigin-widget-tinymce textwidget\">\n\t<h2 class=\"BLAU-FOSC\" style=\"text-align: center;\">R\u00e9f\u00e9rences Neoflon\u00ae<\/h2>\n<\/div>\n<\/div><\/div><\/div><\/div><\/div><\/div><div id=\"pg-w5c98b8fa58330-1\"  class=\"panel-grid panel-has-style\" ><div style=\"padding: 0px 0; \" data-overlay=\"true\" data-overlay-color=\"#000000\" class=\"panel-row-style panel-row-style-for-w5c98b8fa58330-1\" ><div id=\"pgc-w5c98b8fa58330-1-0\"  class=\"panel-grid-cell\" ><div id=\"panel-w5c98b8fa58330-1-0-0\" class=\"so-panel widget_sow-editor panel-first-child panel-last-child\" data-index=\"1\" ><div style=\"text-align: left;\" data-title-color=\"#47425d\" data-headings-color=\"#443f3f\" data-title_alignment=\"center\" class=\"panel-widget-style panel-widget-style-for-w5c98b8fa58330-1-0-0\" ><div\n\t\t\t\n\t\t\tclass=\"so-widget-sow-editor so-widget-sow-editor-base\"\n\t\t\t\n\t\t>\n<div class=\"siteorigin-widget-tinymce textwidget\">\n\t<p style=\"text-align: center; padding-top: 40px;\"><b>FEP NC-1500<\/b><br \/>\n<b>FEP NC-1511<\/b><br \/>\n<b>FEP NC-1515<\/b><br \/>\n<b>FEP NC-1519<\/b><br \/>\n<b>FEP NC-1539N<\/b><br \/>\n<b>FEP NCX-1<\/b><br \/>\n<b>FEP NCX-11<\/b><br \/>\n<b>EFEP RC-4520<\/b><\/p>\n<\/div>\n<\/div><\/div><\/div><\/div><div id=\"pgc-w5c98b8fa58330-1-1\"  class=\"panel-grid-cell\" ><div id=\"panel-w5c98b8fa58330-1-1-0\" class=\"so-panel widget_sow-editor panel-first-child panel-last-child\" data-index=\"2\" ><div style=\"text-align: left;\" data-title-color=\"#47425d\" data-headings-color=\"#443f3f\" data-title_alignment=\"center\" class=\"panel-widget-style panel-widget-style-for-w5c98b8fa58330-1-1-0\" ><div\n\t\t\t\n\t\t\tclass=\"so-widget-sow-editor so-widget-sow-editor-base\"\n\t\t\t\n\t\t>\n<div class=\"siteorigin-widget-tinymce textwidget\">\n\t<p style=\"text-align: center; padding-top: 40px;\"><b>ETFE EC-6510<\/b><br \/>\n<b>ETFE EC-6511<\/b><br \/>\n<b>ETFE EC-6515<\/b><br \/>\n<b>ETFE EC-6516<\/b><br \/>\n<b>ETFE EC-6519<\/b><br \/>\n<b>ETFE EC-6820<\/b><br \/>\n<b>ETFE EPW-1606BL<\/b><br \/>\n<b>ETFE EPW-1609BK<\/b><\/p>\n<\/div>\n<\/div><\/div><\/div><\/div><div id=\"pgc-w5c98b8fa58330-1-2\"  class=\"panel-grid-cell\" ><div id=\"panel-w5c98b8fa58330-1-2-0\" class=\"so-panel widget_sow-editor panel-first-child panel-last-child\" data-index=\"3\" ><div style=\"text-align: left;\" data-title-color=\"#47425d\" data-headings-color=\"#443f3f\" data-title_alignment=\"center\" class=\"panel-widget-style panel-widget-style-for-w5c98b8fa58330-1-2-0\" ><div\n\t\t\t\n\t\t\tclass=\"so-widget-sow-editor so-widget-sow-editor-base\"\n\t\t\t\n\t\t>\n<div class=\"siteorigin-widget-tinymce textwidget\">\n\t<p style=\"text-align: center; padding-top: 40px;\"><b>PFA AC-5539<\/b><br \/>\n<b>PFA AC-5600<\/b><br \/>\n<b>PFA AC-5820<\/b><br \/>\n<b>PFA AC-5830<\/b><br \/>\n<b>PFA AC-5840<\/b><br \/>\n<b>PFA ACX-21<\/b><br \/>\n<b>PFA ACX-31<\/b><br \/>\n<b>PFA ACX-34<\/b><br \/>\n<b>PFA ACX-41<\/b><\/p>\n<\/div>\n<\/div><\/div><\/div><\/div><\/div><\/div><\/div><\/div><\/div><\/div><\/div><\/div><\/div>","protected":false},"excerpt":{"rendered":"<p>Rev\u00eatement Neoflon \u00ae Neoflon\u00ae est la marque sous laquelle Daikin commercialise ses fluoropolym\u00e8res. Ces produits sont utilis\u00e9s essentiellement dans l\u2019automobile, l\u2019aviation, les [&hellip;]<\/p>\n","protected":false},"author":1,"featured_media":7843,"parent":0,"menu_order":0,"comment_status":"closed","ping_status":"closed","template":"page-templates\/page_fullwidth.php","meta":{"footnotes":""},"class_list":["post-10362","page","type-page","status-publish","has-post-thumbnail","hentry"],"yoast_head":"<!-- This site is optimized with the Yoast SEO plugin v27.6 - https:\/\/yoast.com\/product\/yoast-seo-wordpress\/ -->\n<title>Rev\u00eatement Neoflon - Coatresa<\/title>\n<meta name=\"description\" content=\"Rev\u00eatement Neoflon Daikin : application de fluoropolym\u00e8res comme Neoflon PFA, Neoflon FEP, Neoflon PCTFE, Neoflon CPT, Neoflon ETFE et Neoflon EFEP.\" \/>\n<meta name=\"robots\" content=\"index, follow, max-snippet:-1, max-image-preview:large, max-video-preview:-1\" \/>\n<link rel=\"canonical\" href=\"https:\/\/www.coatresa.com\/fr\/revetement-daikin-neoflon\/\" \/>\n<meta property=\"og:locale\" content=\"fr_FR\" \/>\n<meta property=\"og:type\" content=\"article\" \/>\n<meta property=\"og:title\" content=\"Rev\u00eatement Neoflon - Coatresa\" \/>\n<meta property=\"og:description\" content=\"Rev\u00eatement Neoflon Daikin : application de fluoropolym\u00e8res comme Neoflon PFA, Neoflon FEP, Neoflon PCTFE, Neoflon CPT, Neoflon ETFE et Neoflon EFEP.\" \/>\n<meta property=\"og:url\" content=\"https:\/\/www.coatresa.com\/fr\/revetement-daikin-neoflon\/\" \/>\n<meta property=\"og:site_name\" content=\"Coatresa\" \/>\n<meta property=\"article:publisher\" content=\"https:\/\/www.facebook.com\/Coatresa\/\" \/>\n<meta property=\"article:modified_time\" content=\"2019-03-25T11:18:18+00:00\" \/>\n<meta property=\"og:image\" content=\"https:\/\/www.coatresa.com\/wp-content\/uploads\/2018\/07\/recubrimientos-daikin-neoflon-1.png\" \/>\n\t<meta property=\"og:image:width\" content=\"197\" \/>\n\t<meta property=\"og:image:height\" content=\"197\" \/>\n\t<meta property=\"og:image:type\" content=\"image\/png\" \/>\n<meta name=\"twitter:card\" content=\"summary_large_image\" \/>\n<meta name=\"twitter:site\" content=\"@Coatresa\" \/>\n<meta name=\"twitter:label1\" content=\"Dur\u00e9e de lecture estim\u00e9e\" \/>\n\t<meta name=\"twitter:data1\" content=\"3 minutes\" \/>\n<script type=\"application\/ld+json\" class=\"yoast-schema-graph\">{\"@context\":\"https:\\\/\\\/schema.org\",\"@graph\":[{\"@type\":\"WebPage\",\"@id\":\"https:\\\/\\\/www.coatresa.com\\\/fr\\\/revetement-daikin-neoflon\\\/\",\"url\":\"https:\\\/\\\/www.coatresa.com\\\/fr\\\/revetement-daikin-neoflon\\\/\",\"name\":\"Rev\u00eatement Neoflon - Coatresa\",\"isPartOf\":{\"@id\":\"https:\\\/\\\/www.coatresa.com\\\/fr\\\/#website\"},\"primaryImageOfPage\":{\"@id\":\"https:\\\/\\\/www.coatresa.com\\\/fr\\\/revetement-daikin-neoflon\\\/#primaryimage\"},\"image\":{\"@id\":\"https:\\\/\\\/www.coatresa.com\\\/fr\\\/revetement-daikin-neoflon\\\/#primaryimage\"},\"thumbnailUrl\":\"https:\\\/\\\/www.coatresa.com\\\/wp-content\\\/uploads\\\/2018\\\/07\\\/recubrimientos-daikin-neoflon-1.png\",\"datePublished\":\"2018-07-12T21:10:30+00:00\",\"dateModified\":\"2019-03-25T11:18:18+00:00\",\"description\":\"Rev\u00eatement Neoflon Daikin : application de fluoropolym\u00e8res comme Neoflon PFA, Neoflon FEP, Neoflon PCTFE, Neoflon CPT, Neoflon ETFE et Neoflon EFEP.\",\"breadcrumb\":{\"@id\":\"https:\\\/\\\/www.coatresa.com\\\/fr\\\/revetement-daikin-neoflon\\\/#breadcrumb\"},\"inLanguage\":\"fr-FR\",\"potentialAction\":[{\"@type\":\"ReadAction\",\"target\":[\"https:\\\/\\\/www.coatresa.com\\\/fr\\\/revetement-daikin-neoflon\\\/\"]}]},{\"@type\":\"ImageObject\",\"inLanguage\":\"fr-FR\",\"@id\":\"https:\\\/\\\/www.coatresa.com\\\/fr\\\/revetement-daikin-neoflon\\\/#primaryimage\",\"url\":\"https:\\\/\\\/www.coatresa.com\\\/wp-content\\\/uploads\\\/2018\\\/07\\\/recubrimientos-daikin-neoflon-1.png\",\"contentUrl\":\"https:\\\/\\\/www.coatresa.com\\\/wp-content\\\/uploads\\\/2018\\\/07\\\/recubrimientos-daikin-neoflon-1.png\",\"width\":197,\"height\":197,\"caption\":\"recubrimientos Daikin Neoflon\"},{\"@type\":\"BreadcrumbList\",\"@id\":\"https:\\\/\\\/www.coatresa.com\\\/fr\\\/revetement-daikin-neoflon\\\/#breadcrumb\",\"itemListElement\":[{\"@type\":\"ListItem\",\"position\":1,\"name\":\"Portada\",\"item\":\"https:\\\/\\\/www.coatresa.com\\\/fr\\\/\"},{\"@type\":\"ListItem\",\"position\":2,\"name\":\"Rev\u00eatement Neoflon\"}]},{\"@type\":\"WebSite\",\"@id\":\"https:\\\/\\\/www.coatresa.com\\\/fr\\\/#website\",\"url\":\"https:\\\/\\\/www.coatresa.com\\\/fr\\\/\",\"name\":\"Coatresa\",\"description\":\"Aplicaci\u00f3n de recubrimientos antiadherentes y anticorrosivos como el Teflon. Expertos del Powder Coating\",\"publisher\":{\"@id\":\"https:\\\/\\\/www.coatresa.com\\\/fr\\\/#organization\"},\"potentialAction\":[{\"@type\":\"SearchAction\",\"target\":{\"@type\":\"EntryPoint\",\"urlTemplate\":\"https:\\\/\\\/www.coatresa.com\\\/fr\\\/?s={search_term_string}\"},\"query-input\":{\"@type\":\"PropertyValueSpecification\",\"valueRequired\":true,\"valueName\":\"search_term_string\"}}],\"inLanguage\":\"fr-FR\"},{\"@type\":\"Organization\",\"@id\":\"https:\\\/\\\/www.coatresa.com\\\/fr\\\/#organization\",\"name\":\"Coatresa\",\"url\":\"https:\\\/\\\/www.coatresa.com\\\/fr\\\/\",\"logo\":{\"@type\":\"ImageObject\",\"inLanguage\":\"fr-FR\",\"@id\":\"https:\\\/\\\/www.coatresa.com\\\/fr\\\/#\\\/schema\\\/logo\\\/image\\\/\",\"url\":\"https:\\\/\\\/www.coatresa.com\\\/wp-content\\\/uploads\\\/2022\\\/07\\\/A_blava_mitja_transp.png\",\"contentUrl\":\"https:\\\/\\\/www.coatresa.com\\\/wp-content\\\/uploads\\\/2022\\\/07\\\/A_blava_mitja_transp.png\",\"width\":340,\"height\":326,\"caption\":\"Coatresa\"},\"image\":{\"@id\":\"https:\\\/\\\/www.coatresa.com\\\/fr\\\/#\\\/schema\\\/logo\\\/image\\\/\"},\"sameAs\":[\"https:\\\/\\\/www.facebook.com\\\/Coatresa\\\/\",\"https:\\\/\\\/x.com\\\/Coatresa\",\"https:\\\/\\\/www.linkedin.com\\\/company\\\/coatresa\\\/\",\"https:\\\/\\\/www.youtube.com\\\/user\\\/CoatresaCoatings\"]}]}<\/script>\n<!-- \/ Yoast SEO plugin. -->","yoast_head_json":{"title":"Rev\u00eatement Neoflon - Coatresa","description":"Rev\u00eatement Neoflon Daikin : application de fluoropolym\u00e8res comme Neoflon PFA, Neoflon FEP, Neoflon PCTFE, Neoflon CPT, Neoflon ETFE et Neoflon EFEP.","robots":{"index":"index","follow":"follow","max-snippet":"max-snippet:-1","max-image-preview":"max-image-preview:large","max-video-preview":"max-video-preview:-1"},"canonical":"https:\/\/www.coatresa.com\/fr\/revetement-daikin-neoflon\/","og_locale":"fr_FR","og_type":"article","og_title":"Rev\u00eatement Neoflon - Coatresa","og_description":"Rev\u00eatement Neoflon Daikin : application de fluoropolym\u00e8res comme Neoflon PFA, Neoflon FEP, Neoflon PCTFE, Neoflon CPT, Neoflon ETFE et Neoflon EFEP.","og_url":"https:\/\/www.coatresa.com\/fr\/revetement-daikin-neoflon\/","og_site_name":"Coatresa","article_publisher":"https:\/\/www.facebook.com\/Coatresa\/","article_modified_time":"2019-03-25T11:18:18+00:00","og_image":[{"width":197,"height":197,"url":"https:\/\/www.coatresa.com\/wp-content\/uploads\/2018\/07\/recubrimientos-daikin-neoflon-1.png","type":"image\/png"}],"twitter_card":"summary_large_image","twitter_site":"@Coatresa","twitter_misc":{"Dur\u00e9e de lecture estim\u00e9e":"3 minutes"},"schema":{"@context":"https:\/\/schema.org","@graph":[{"@type":"WebPage","@id":"https:\/\/www.coatresa.com\/fr\/revetement-daikin-neoflon\/","url":"https:\/\/www.coatresa.com\/fr\/revetement-daikin-neoflon\/","name":"Rev\u00eatement Neoflon - Coatresa","isPartOf":{"@id":"https:\/\/www.coatresa.com\/fr\/#website"},"primaryImageOfPage":{"@id":"https:\/\/www.coatresa.com\/fr\/revetement-daikin-neoflon\/#primaryimage"},"image":{"@id":"https:\/\/www.coatresa.com\/fr\/revetement-daikin-neoflon\/#primaryimage"},"thumbnailUrl":"https:\/\/www.coatresa.com\/wp-content\/uploads\/2018\/07\/recubrimientos-daikin-neoflon-1.png","datePublished":"2018-07-12T21:10:30+00:00","dateModified":"2019-03-25T11:18:18+00:00","description":"Rev\u00eatement Neoflon Daikin : application de fluoropolym\u00e8res comme Neoflon PFA, Neoflon FEP, Neoflon PCTFE, Neoflon CPT, Neoflon ETFE et Neoflon EFEP.","breadcrumb":{"@id":"https:\/\/www.coatresa.com\/fr\/revetement-daikin-neoflon\/#breadcrumb"},"inLanguage":"fr-FR","potentialAction":[{"@type":"ReadAction","target":["https:\/\/www.coatresa.com\/fr\/revetement-daikin-neoflon\/"]}]},{"@type":"ImageObject","inLanguage":"fr-FR","@id":"https:\/\/www.coatresa.com\/fr\/revetement-daikin-neoflon\/#primaryimage","url":"https:\/\/www.coatresa.com\/wp-content\/uploads\/2018\/07\/recubrimientos-daikin-neoflon-1.png","contentUrl":"https:\/\/www.coatresa.com\/wp-content\/uploads\/2018\/07\/recubrimientos-daikin-neoflon-1.png","width":197,"height":197,"caption":"recubrimientos Daikin Neoflon"},{"@type":"BreadcrumbList","@id":"https:\/\/www.coatresa.com\/fr\/revetement-daikin-neoflon\/#breadcrumb","itemListElement":[{"@type":"ListItem","position":1,"name":"Portada","item":"https:\/\/www.coatresa.com\/fr\/"},{"@type":"ListItem","position":2,"name":"Rev\u00eatement Neoflon"}]},{"@type":"WebSite","@id":"https:\/\/www.coatresa.com\/fr\/#website","url":"https:\/\/www.coatresa.com\/fr\/","name":"Coatresa","description":"Aplicaci\u00f3n de recubrimientos antiadherentes y anticorrosivos como el Teflon. Expertos del Powder Coating","publisher":{"@id":"https:\/\/www.coatresa.com\/fr\/#organization"},"potentialAction":[{"@type":"SearchAction","target":{"@type":"EntryPoint","urlTemplate":"https:\/\/www.coatresa.com\/fr\/?s={search_term_string}"},"query-input":{"@type":"PropertyValueSpecification","valueRequired":true,"valueName":"search_term_string"}}],"inLanguage":"fr-FR"},{"@type":"Organization","@id":"https:\/\/www.coatresa.com\/fr\/#organization","name":"Coatresa","url":"https:\/\/www.coatresa.com\/fr\/","logo":{"@type":"ImageObject","inLanguage":"fr-FR","@id":"https:\/\/www.coatresa.com\/fr\/#\/schema\/logo\/image\/","url":"https:\/\/www.coatresa.com\/wp-content\/uploads\/2022\/07\/A_blava_mitja_transp.png","contentUrl":"https:\/\/www.coatresa.com\/wp-content\/uploads\/2022\/07\/A_blava_mitja_transp.png","width":340,"height":326,"caption":"Coatresa"},"image":{"@id":"https:\/\/www.coatresa.com\/fr\/#\/schema\/logo\/image\/"},"sameAs":["https:\/\/www.facebook.com\/Coatresa\/","https:\/\/x.com\/Coatresa","https:\/\/www.linkedin.com\/company\/coatresa\/","https:\/\/www.youtube.com\/user\/CoatresaCoatings"]}]}},"_links":{"self":[{"href":"https:\/\/www.coatresa.com\/fr\/wp-json\/wp\/v2\/pages\/10362","targetHints":{"allow":["GET"]}}],"collection":[{"href":"https:\/\/www.coatresa.com\/fr\/wp-json\/wp\/v2\/pages"}],"about":[{"href":"https:\/\/www.coatresa.com\/fr\/wp-json\/wp\/v2\/types\/page"}],"author":[{"embeddable":true,"href":"https:\/\/www.coatresa.com\/fr\/wp-json\/wp\/v2\/users\/1"}],"replies":[{"embeddable":true,"href":"https:\/\/www.coatresa.com\/fr\/wp-json\/wp\/v2\/comments?post=10362"}],"version-history":[{"count":0,"href":"https:\/\/www.coatresa.com\/fr\/wp-json\/wp\/v2\/pages\/10362\/revisions"}],"wp:featuredmedia":[{"embeddable":true,"href":"https:\/\/www.coatresa.com\/fr\/wp-json\/wp\/v2\/media\/7843"}],"wp:attachment":[{"href":"https:\/\/www.coatresa.com\/fr\/wp-json\/wp\/v2\/media?parent=10362"}],"curies":[{"name":"wp","href":"https:\/\/api.w.org\/{rel}","templated":true}]}}