{"id":10368,"date":"2018-07-12T23:31:54","date_gmt":"2018-07-12T21:31:54","guid":{"rendered":"http:\/\/coatresa.com\/recubrimientos-dupont-chemours\/"},"modified":"2020-01-10T17:20:00","modified_gmt":"2020-01-10T16:20:00","slug":"revetements-dupont-chemours","status":"publish","type":"page","link":"https:\/\/www.coatresa.com\/fr\/revetements-dupont-chemours\/","title":{"rendered":"Rev\u00eatements Dupont Chemours"},"content":{"rendered":"<div id=\"pl-10368\"  class=\"panel-layout\" ><div id=\"pg-10368-0\"  class=\"panel-grid panel-has-style\" ><div style=\"padding: 0px 0; \" data-overlay=\"true\" data-overlay-color=\"#000000\" class=\"panel-row-style panel-row-style-for-10368-0\" ><div id=\"pgc-10368-0-0\"  class=\"panel-grid-cell\" ><div id=\"panel-10368-0-0-0\" class=\"so-panel widget_sow-image panel-first-child\" data-index=\"0\" ><div style=\"text-align: left;\" data-title-color=\"#47425d\" data-headings-color=\"#443f3f\" data-title_alignment=\"center\" class=\"panel-widget-style panel-widget-style-for-10368-0-0-0\" ><div\n\t\t\t\n\t\t\tclass=\"so-widget-sow-image so-widget-sow-image-default-c67d20f9f743-10368\"\n\t\t\t\n\t\t>\n<div class=\"sow-image-container\">\n\t\t<img \n\tsrc=\"https:\/\/www.coatresa.com\/wp-content\/uploads\/2018\/07\/recubrimientos-chemours-dupont.png\" width=\"274\" height=\"120\" srcset=\"https:\/\/www.coatresa.com\/wp-content\/uploads\/2018\/07\/recubrimientos-chemours-dupont.png 274w, https:\/\/www.coatresa.com\/wp-content\/uploads\/2018\/07\/recubrimientos-chemours-dupont-230x101.png 230w, https:\/\/www.coatresa.com\/wp-content\/uploads\/2018\/07\/recubrimientos-chemours-dupont-272x120.png 272w\" sizes=\"(max-width: 274px) 100vw, 274px\" title=\"recubrimientos Chemours ( Dupont )\" alt=\"recubrimientos Chemours ( Dupont )\" \t\tclass=\"so-widget-image\"\/>\n\t<\/div>\n\n<\/div><\/div><\/div><div id=\"panel-10368-0-0-1\" class=\"so-panel widget_sow-editor panel-last-child\" data-index=\"1\" ><div style=\"text-align: left;\" data-title-color=\"#47425d\" data-headings-color=\"#000000\" data-title_alignment=\"center\" class=\"panel-widget-style panel-widget-style-for-10368-0-0-1\" ><div\n\t\t\t\n\t\t\tclass=\"so-widget-sow-editor so-widget-sow-editor-base\"\n\t\t\t\n\t\t>\n<div class=\"siteorigin-widget-tinymce textwidget\">\n\t<h1 style=\"text-align: center;\">Rev\u00eatements Chemours (Dupont)<\/h1>\n<hr \/>\n<p style=\"text-align: justify;\">Chemours est une entreprise am\u00e9ricaine n\u00e9e en 2015 \u00e0 la suite d\u2019une scission entre le g\u00e9ant DuPont et sa division Sp\u00e9cialit\u00e9s chimiques hautes prestations, laquelle se constitua alors en entreprise qui fut cot\u00e9e en bourse le jour m\u00eame de sa cr\u00e9ation.<\/p>\n<p style=\"text-align: justify;\">Chemours se consacre \u00e0 la fabrication et \u00e0 la distribution des produis de trois unit\u00e9s d\u2019activit\u00e9s : Produits fluor\u00e9s (y compris des r\u00e9sines fluoropolym\u00e8res industrielles sous les marques <b>T\u00e9flon<\/b>\u00ae,\u00a0<b>Freon<\/b>\u00ae et\u00a0<b>Viton<\/b>\u00ae), solutions chimiques et technologies du titane.<\/p>\n<p style=\"text-align: justify;\">Chemours, qui compte plus de 200 ans d\u2019exp\u00e9rience dans le secteur, est pr\u00e9sente dans quelque 130 pays, totalisant plus de 45 centres de recherche et de fabrication. Sa marque phare est T\u00e9flon\u00ae, brevet\u00e9e par DuPont en 1941, premier rev\u00eatement \u00e0 base de PTFE du march\u00e9.<\/p>\n<\/div>\n<\/div><\/div><\/div><\/div><\/div><\/div><div id=\"pg-10368-1\"  class=\"panel-grid panel-has-style\" ><div class=\"FRANJA-BLAVA-TITOL siteorigin-panels-stretch panel-row-style panel-row-style-for-10368-1\" style=\"padding: 0px 0; \" data-stretch-type=\"full\" data-overlay=\"true\" data-overlay-color=\"#000000\" ><div id=\"pgc-10368-1-0\"  class=\"panel-grid-cell\" ><div id=\"panel-10368-1-0-0\" class=\"so-panel widget_sow-editor panel-first-child panel-last-child\" data-index=\"2\" ><div class=\"blanc panel-widget-style panel-widget-style-for-10368-1-0-0\" style=\"text-align: left;\" data-title-color=\"#47425d\" data-headings-color=\"#443f3f\" data-title_alignment=\"center\" ><div\n\t\t\t\n\t\t\tclass=\"so-widget-sow-editor so-widget-sow-editor-base\"\n\t\t\t\n\t\t>\n<div class=\"siteorigin-widget-tinymce textwidget\">\n\t<h2 style=\"text-align: center;\">Produits Chemours ( Dupont )<\/h2>\n<\/div>\n<\/div><\/div><\/div><\/div><\/div><\/div><div id=\"pg-10368-2\"  class=\"panel-grid panel-has-style\" ><div class=\"BGC-GRIS siteorigin-panels-stretch panel-row-style panel-row-style-for-10368-2\" style=\"padding: 50px 0; \" data-stretch-type=\"full\" data-overlay=\"true\" data-overlay-color=\"#000000\" ><div id=\"pgc-10368-2-0\"  class=\"panel-grid-cell\" ><div id=\"panel-10368-2-0-0\" class=\"so-panel widget_siteorigin-panels-builder panel-first-child panel-last-child\" data-index=\"3\" ><div style=\"text-align: left;\" data-title-color=\"#47425d\" data-headings-color=\"#443f3f\" data-title_alignment=\"center\" class=\"panel-widget-style panel-widget-style-for-10368-2-0-0\" ><div id=\"pl-w5e18a430399af\"  class=\"panel-layout\" ><div id=\"pg-w5e18a430399af-0\"  class=\"panel-grid panel-has-style\" ><div style=\"padding: 0px 0; \" data-overlay=\"true\" data-overlay-color=\"#000000\" class=\"panel-row-style panel-row-style-for-w5e18a430399af-0\" ><div id=\"pgc-w5e18a430399af-0-0\"  class=\"panel-grid-cell\" ><div id=\"panel-w5e18a430399af-0-0-0\" class=\"so-panel widget_sow-editor panel-first-child panel-last-child\" data-index=\"0\" ><div style=\"text-align: left;\" data-title-color=\"#47425d\" data-headings-color=\"#443f3f\" data-title_alignment=\"center\" class=\"panel-widget-style panel-widget-style-for-w5e18a430399af-0-0-0\" ><div\n\t\t\t\n\t\t\tclass=\"so-widget-sow-editor so-widget-sow-editor-base\"\n\t\t\t\n\t\t>\n<div class=\"siteorigin-widget-tinymce textwidget\">\n\t<p style=\"text-align: justify;\">Avec l\u2019h\u00e9ritage du\u00a0<b>T\u00e9flon<\/b>\u00ae de Dupont, Chemours continue d\u2019innover et de miser sur ce produit, en lan\u00e7ant sur le march\u00e9 des am\u00e9liorations et de nouvelles versions : T\u00e9flon\u00ae Platinum, T\u00e9flon\u00ae Platinum Plus, T\u00e9flon\u00ae Select, T\u00e9flon\u00ae Xtra\u2026 surtout pour le secteur des ustensiles m\u00e9nagers et du petit \u00e9lectrom\u00e9nager.  Il en existe \u00e9galement une vari\u00e9t\u00e9 plus r\u00e9sistante, associant PTFE et PFA,\u00a0SilverStone\u00ae et ses variantes <b>SilverStone<\/b>\u00ae Select et SilverStone\u00ae Professional.<\/p>\n<p style=\"text-align: justify;\">Les fluoropolym\u00e8res de Chemours \u00e0 base de <b>PTFE<\/b>, <b>ETFE<\/b>, <b>FEP<\/b> et <b>PFA<\/b> qu\u2019utilise Coatresa poss\u00e8de un degr\u00e9 d\u2019antiadh\u00e9rence \u00e9lev\u00e9 et un comportement anticorrosif excellent. Le Teflon\u00ae pour secteurs industriels peut \u00eatre appliqu\u00e9 sur n\u2019importe quelle partie m\u00e9tallique requ\u00e9rant des qualit\u00e9s d\u2019antiadh\u00e9rence et de r\u00e9sistance \u00e0 la corrosion, un entretien facile et de faibles coefficients de friction, ce qui est le cas, par exemple, des industries chimiques, textiles, graphiques...<\/p>\n<p style=\"text-align: justify;\">Au portefeuille des produits pour application de rev\u00eatements techniques r\u00e9alis\u00e9s par Coatresa, on trouve aussi le <b>Tefzel<\/b>\u00ae, un fluoroplastique ETFE (\u00e9thyl\u00e8ne t\u00e9trafluoro\u00e9thyl\u00e8ne) modifi\u00e9, destin\u00e9 surtout \u00e0 l\u2019industrie chimique et aux unit\u00e9s de potabilisation de l\u2019eau. Cette r\u00e9sine chimiquement inerte pr\u00e9sente une duret\u00e9 tr\u00e8s \u00e9lev\u00e9e et s\u2019applique par couches jusqu\u2019\u00e0 1000 microns.<\/p>\n<\/div>\n<\/div><\/div><\/div><\/div><\/div><\/div><div id=\"pg-w5e18a430399af-1\"  class=\"panel-grid panel-has-style\" ><div style=\"padding: 0px 0; \" data-overlay=\"true\" data-overlay-color=\"#000000\" class=\"panel-row-style panel-row-style-for-w5e18a430399af-1\" ><div id=\"pgc-w5e18a430399af-1-0\"  class=\"panel-grid-cell\" ><div class=\"BGC-BLANC panel-cell-style panel-cell-style-for-w5e18a430399af-1-0\" ><div id=\"panel-w5e18a430399af-1-0-0\" class=\"so-panel widget_sow-image panel-first-child panel-last-child\" data-index=\"1\" ><div class=\"PADDING-H-1 AUGMENTAR-ICONA panel-widget-style panel-widget-style-for-w5e18a430399af-1-0-0\" style=\"text-align: left;\" data-title-color=\"#47425d\" data-headings-color=\"#443f3f\" data-title_alignment=\"center\" ><div\n\t\t\t\n\t\t\tclass=\"so-widget-sow-image so-widget-sow-image-default-c67d20f9f743\"\n\t\t\t\n\t\t>\n<div class=\"sow-image-container\">\n\t\t\t<a href=\"\/fr\/teflon-revetement-dupont-chemours\"\n\t\t\t\t\t>\n\t\t\t<img \n\tsrc=\"https:\/\/www.coatresa.com\/wp-content\/uploads\/2018\/07\/recubrimientos-dupont-chemours-teflon.png\" width=\"197\" height=\"197\" srcset=\"https:\/\/www.coatresa.com\/wp-content\/uploads\/2018\/07\/recubrimientos-dupont-chemours-teflon.png 197w, https:\/\/www.coatresa.com\/wp-content\/uploads\/2018\/07\/recubrimientos-dupont-chemours-teflon-150x150.png 150w\" sizes=\"(max-width: 197px) 100vw, 197px\" title=\"recubrimientos Dupont Chemours Teflon\" alt=\"recubrimientos Dupont Chemours Teflon\" \t\tclass=\"so-widget-image\"\/>\n\t\t\t<\/a><\/div>\n\n<\/div><\/div><\/div><\/div><\/div><div id=\"pgc-w5e18a430399af-1-1\"  class=\"panel-grid-cell\" ><div class=\"BGC-BLANC panel-cell-style panel-cell-style-for-w5e18a430399af-1-1\" ><div id=\"panel-w5e18a430399af-1-1-0\" class=\"so-panel widget_sow-image panel-first-child panel-last-child\" data-index=\"2\" ><div class=\"PADDING-H-1 AUGMENTAR-ICONA panel-widget-style panel-widget-style-for-w5e18a430399af-1-1-0\" style=\"text-align: left;\" data-title-color=\"#47425d\" data-headings-color=\"#443f3f\" data-title_alignment=\"center\" ><div\n\t\t\t\n\t\t\tclass=\"so-widget-sow-image so-widget-sow-image-default-c67d20f9f743\"\n\t\t\t\n\t\t>\n<div class=\"sow-image-container\">\n\t\t\t<a href=\"\/fr\/revetement-chemours-tefzel\"\n\t\t\t\t\t>\n\t\t\t<img \n\tsrc=\"https:\/\/www.coatresa.com\/wp-content\/uploads\/2018\/07\/recubrimientos-dupont-chemours-tefzel.png\" width=\"197\" height=\"197\" srcset=\"https:\/\/www.coatresa.com\/wp-content\/uploads\/2018\/07\/recubrimientos-dupont-chemours-tefzel.png 197w, https:\/\/www.coatresa.com\/wp-content\/uploads\/2018\/07\/recubrimientos-dupont-chemours-tefzel-150x150.png 150w\" sizes=\"(max-width: 197px) 100vw, 197px\" title=\"recubrimientos Dupont Chemours Tefzel\" alt=\"recubrimientos Dupont Chemours Tefzel\" \t\tclass=\"so-widget-image\"\/>\n\t\t\t<\/a><\/div>\n\n<\/div><\/div><\/div><\/div><\/div><div id=\"pgc-w5e18a430399af-1-2\"  class=\"panel-grid-cell\" ><div class=\"BGC-GRIS-CLAR panel-cell-style panel-cell-style-for-w5e18a430399af-1-2\" ><div id=\"panel-w5e18a430399af-1-2-0\" class=\"so-panel widget_sow-image panel-first-child panel-last-child\" data-index=\"3\" ><div class=\"PADDING-H-1 panel-widget-style panel-widget-style-for-w5e18a430399af-1-2-0\" style=\"text-align: left;\" data-title-color=\"#47425d\" data-headings-color=\"#443f3f\" data-title_alignment=\"center\" ><div\n\t\t\t\n\t\t\tclass=\"so-widget-sow-image so-widget-sow-image-default-c67d20f9f743\"\n\t\t\t\n\t\t>\n<div class=\"sow-image-container\">\n\t\t<img \n\tsrc=\"https:\/\/www.coatresa.com\/wp-content\/uploads\/2018\/07\/recubrimientos-dupont-chemours-SilverStone.png\" width=\"197\" height=\"197\" srcset=\"https:\/\/www.coatresa.com\/wp-content\/uploads\/2018\/07\/recubrimientos-dupont-chemours-SilverStone.png 197w, https:\/\/www.coatresa.com\/wp-content\/uploads\/2018\/07\/recubrimientos-dupont-chemours-SilverStone-150x150.png 150w\" sizes=\"(max-width: 197px) 100vw, 197px\" title=\"recubrimientos Dupont Chemours SilverStone\" alt=\"recubrimientos Dupont Chemours SilverStone\" \t\tclass=\"so-widget-image\"\/>\n\t<\/div>\n\n<\/div><\/div><\/div><\/div><\/div><\/div><\/div><div id=\"pg-w5e18a430399af-2\"  class=\"panel-grid panel-has-style\" ><div style=\"padding: 0px 0; \" data-overlay=\"true\" data-overlay-color=\"#000000\" class=\"panel-row-style panel-row-style-for-w5e18a430399af-2\" ><div id=\"pgc-w5e18a430399af-2-0\"  class=\"panel-grid-cell\" ><div id=\"panel-w5e18a430399af-2-0-0\" class=\"so-panel widget_sow-editor panel-first-child panel-last-child\" data-index=\"4\" ><div class=\"TEXTOS-DESTACATS panel-widget-style panel-widget-style-for-w5e18a430399af-2-0-0\" style=\"text-align: left;\" data-title-color=\"#47425d\" data-headings-color=\"#443f3f\" data-title_alignment=\"center\" ><div\n\t\t\t\n\t\t\tclass=\"so-widget-sow-editor so-widget-sow-editor-base\"\n\t\t\t\n\t\t>\n<div class=\"siteorigin-widget-tinymce textwidget\">\n\t<p style=\"text-align: center;\">COATRESA est \u00ab\u00a0Licensed Industrial Applicator\u00a0\u00bb (LIA) de Chemours pour toute l\u2019Espagne.<\/p>\n<\/div>\n<\/div><\/div><\/div><\/div><\/div><\/div><\/div><\/div><\/div><\/div><\/div><\/div><\/div>","protected":false},"excerpt":{"rendered":"<p>Rev\u00eatements Chemours (Dupont) Chemours est une entreprise am\u00e9ricaine n\u00e9e en 2015 \u00e0 la suite d\u2019une scission entre le g\u00e9ant DuPont et sa [&hellip;]<\/p>\n","protected":false},"author":1,"featured_media":9749,"parent":0,"menu_order":0,"comment_status":"closed","ping_status":"closed","template":"page-templates\/page_fullwidth.php","meta":{"footnotes":""},"class_list":["post-10368","page","type-page","status-publish","has-post-thumbnail","hentry"],"yoast_head":"<!-- This site is optimized with the Yoast SEO plugin v27.4 - https:\/\/yoast.com\/product\/yoast-seo-wordpress\/ -->\n<title>Rev\u00eatements Dupont Chemours - Coatresa<\/title>\n<meta name=\"description\" content=\"Rev\u00eatements Dupont Chemours : fluoropolym\u00e8res PTFE, ETFE, FEP et PFA comme Freon et Viton. Application de Teflon, SilverStone et Tefzel fluoroplastique. LIA\" \/>\n<meta name=\"robots\" content=\"index, follow, max-snippet:-1, max-image-preview:large, max-video-preview:-1\" \/>\n<link rel=\"canonical\" href=\"https:\/\/www.coatresa.com\/fr\/revetements-dupont-chemours\/\" \/>\n<meta property=\"og:locale\" content=\"fr_FR\" \/>\n<meta property=\"og:type\" content=\"article\" \/>\n<meta property=\"og:title\" content=\"Rev\u00eatements Dupont Chemours - Coatresa\" \/>\n<meta property=\"og:description\" content=\"Rev\u00eatements Dupont Chemours : fluoropolym\u00e8res PTFE, ETFE, FEP et PFA comme Freon et Viton. Application de Teflon, SilverStone et Tefzel fluoroplastique. LIA\" \/>\n<meta property=\"og:url\" content=\"https:\/\/www.coatresa.com\/fr\/revetements-dupont-chemours\/\" \/>\n<meta property=\"og:site_name\" content=\"Coatresa\" \/>\n<meta property=\"article:publisher\" content=\"https:\/\/www.facebook.com\/Coatresa\/\" \/>\n<meta property=\"article:modified_time\" content=\"2020-01-10T16:20:00+00:00\" \/>\n<meta property=\"og:image\" content=\"https:\/\/www.coatresa.com\/wp-content\/uploads\/2018\/07\/recubrimientos-chemours-dupont.png\" \/>\n\t<meta property=\"og:image:width\" content=\"274\" \/>\n\t<meta property=\"og:image:height\" content=\"120\" \/>\n\t<meta property=\"og:image:type\" content=\"image\/png\" \/>\n<meta name=\"twitter:card\" content=\"summary_large_image\" \/>\n<meta name=\"twitter:site\" content=\"@Coatresa\" \/>\n<meta name=\"twitter:label1\" content=\"Dur\u00e9e de lecture estim\u00e9e\" \/>\n\t<meta name=\"twitter:data1\" content=\"2 minutes\" \/>\n<script type=\"application\/ld+json\" class=\"yoast-schema-graph\">{\"@context\":\"https:\\\/\\\/schema.org\",\"@graph\":[{\"@type\":\"WebPage\",\"@id\":\"https:\\\/\\\/www.coatresa.com\\\/fr\\\/revetements-dupont-chemours\\\/\",\"url\":\"https:\\\/\\\/www.coatresa.com\\\/fr\\\/revetements-dupont-chemours\\\/\",\"name\":\"Rev\u00eatements Dupont Chemours - Coatresa\",\"isPartOf\":{\"@id\":\"https:\\\/\\\/www.coatresa.com\\\/fr\\\/#website\"},\"primaryImageOfPage\":{\"@id\":\"https:\\\/\\\/www.coatresa.com\\\/fr\\\/revetements-dupont-chemours\\\/#primaryimage\"},\"image\":{\"@id\":\"https:\\\/\\\/www.coatresa.com\\\/fr\\\/revetements-dupont-chemours\\\/#primaryimage\"},\"thumbnailUrl\":\"https:\\\/\\\/www.coatresa.com\\\/wp-content\\\/uploads\\\/2018\\\/07\\\/recubrimientos-chemours-dupont.png\",\"datePublished\":\"2018-07-12T21:31:54+00:00\",\"dateModified\":\"2020-01-10T16:20:00+00:00\",\"description\":\"Rev\u00eatements Dupont Chemours : fluoropolym\u00e8res PTFE, ETFE, FEP et PFA comme Freon et Viton. Application de Teflon, SilverStone et Tefzel fluoroplastique. LIA\",\"breadcrumb\":{\"@id\":\"https:\\\/\\\/www.coatresa.com\\\/fr\\\/revetements-dupont-chemours\\\/#breadcrumb\"},\"inLanguage\":\"fr-FR\",\"potentialAction\":[{\"@type\":\"ReadAction\",\"target\":[\"https:\\\/\\\/www.coatresa.com\\\/fr\\\/revetements-dupont-chemours\\\/\"]}]},{\"@type\":\"ImageObject\",\"inLanguage\":\"fr-FR\",\"@id\":\"https:\\\/\\\/www.coatresa.com\\\/fr\\\/revetements-dupont-chemours\\\/#primaryimage\",\"url\":\"https:\\\/\\\/www.coatresa.com\\\/wp-content\\\/uploads\\\/2018\\\/07\\\/recubrimientos-chemours-dupont.png\",\"contentUrl\":\"https:\\\/\\\/www.coatresa.com\\\/wp-content\\\/uploads\\\/2018\\\/07\\\/recubrimientos-chemours-dupont.png\",\"width\":274,\"height\":120,\"caption\":\"recubrimientos chemours ( dupont )\"},{\"@type\":\"BreadcrumbList\",\"@id\":\"https:\\\/\\\/www.coatresa.com\\\/fr\\\/revetements-dupont-chemours\\\/#breadcrumb\",\"itemListElement\":[{\"@type\":\"ListItem\",\"position\":1,\"name\":\"Portada\",\"item\":\"https:\\\/\\\/www.coatresa.com\\\/fr\\\/\"},{\"@type\":\"ListItem\",\"position\":2,\"name\":\"Rev\u00eatements Dupont Chemours\"}]},{\"@type\":\"WebSite\",\"@id\":\"https:\\\/\\\/www.coatresa.com\\\/fr\\\/#website\",\"url\":\"https:\\\/\\\/www.coatresa.com\\\/fr\\\/\",\"name\":\"Coatresa\",\"description\":\"Aplicaci\u00f3n de recubrimientos antiadherentes y anticorrosivos como el Teflon. Expertos del Powder Coating\",\"publisher\":{\"@id\":\"https:\\\/\\\/www.coatresa.com\\\/fr\\\/#organization\"},\"potentialAction\":[{\"@type\":\"SearchAction\",\"target\":{\"@type\":\"EntryPoint\",\"urlTemplate\":\"https:\\\/\\\/www.coatresa.com\\\/fr\\\/?s={search_term_string}\"},\"query-input\":{\"@type\":\"PropertyValueSpecification\",\"valueRequired\":true,\"valueName\":\"search_term_string\"}}],\"inLanguage\":\"fr-FR\"},{\"@type\":\"Organization\",\"@id\":\"https:\\\/\\\/www.coatresa.com\\\/fr\\\/#organization\",\"name\":\"Coatresa\",\"url\":\"https:\\\/\\\/www.coatresa.com\\\/fr\\\/\",\"logo\":{\"@type\":\"ImageObject\",\"inLanguage\":\"fr-FR\",\"@id\":\"https:\\\/\\\/www.coatresa.com\\\/fr\\\/#\\\/schema\\\/logo\\\/image\\\/\",\"url\":\"https:\\\/\\\/www.coatresa.com\\\/wp-content\\\/uploads\\\/2022\\\/07\\\/A_blava_mitja_transp.png\",\"contentUrl\":\"https:\\\/\\\/www.coatresa.com\\\/wp-content\\\/uploads\\\/2022\\\/07\\\/A_blava_mitja_transp.png\",\"width\":340,\"height\":326,\"caption\":\"Coatresa\"},\"image\":{\"@id\":\"https:\\\/\\\/www.coatresa.com\\\/fr\\\/#\\\/schema\\\/logo\\\/image\\\/\"},\"sameAs\":[\"https:\\\/\\\/www.facebook.com\\\/Coatresa\\\/\",\"https:\\\/\\\/x.com\\\/Coatresa\",\"https:\\\/\\\/www.linkedin.com\\\/company\\\/coatresa\\\/\",\"https:\\\/\\\/www.youtube.com\\\/user\\\/CoatresaCoatings\"]}]}<\/script>\n<!-- \/ Yoast SEO plugin. -->","yoast_head_json":{"title":"Rev\u00eatements Dupont Chemours - Coatresa","description":"Rev\u00eatements Dupont Chemours : fluoropolym\u00e8res PTFE, ETFE, FEP et PFA comme Freon et Viton. Application de Teflon, SilverStone et Tefzel fluoroplastique. LIA","robots":{"index":"index","follow":"follow","max-snippet":"max-snippet:-1","max-image-preview":"max-image-preview:large","max-video-preview":"max-video-preview:-1"},"canonical":"https:\/\/www.coatresa.com\/fr\/revetements-dupont-chemours\/","og_locale":"fr_FR","og_type":"article","og_title":"Rev\u00eatements Dupont Chemours - Coatresa","og_description":"Rev\u00eatements Dupont Chemours : fluoropolym\u00e8res PTFE, ETFE, FEP et PFA comme Freon et Viton. Application de Teflon, SilverStone et Tefzel fluoroplastique. LIA","og_url":"https:\/\/www.coatresa.com\/fr\/revetements-dupont-chemours\/","og_site_name":"Coatresa","article_publisher":"https:\/\/www.facebook.com\/Coatresa\/","article_modified_time":"2020-01-10T16:20:00+00:00","og_image":[{"width":274,"height":120,"url":"https:\/\/www.coatresa.com\/wp-content\/uploads\/2018\/07\/recubrimientos-chemours-dupont.png","type":"image\/png"}],"twitter_card":"summary_large_image","twitter_site":"@Coatresa","twitter_misc":{"Dur\u00e9e de lecture estim\u00e9e":"2 minutes"},"schema":{"@context":"https:\/\/schema.org","@graph":[{"@type":"WebPage","@id":"https:\/\/www.coatresa.com\/fr\/revetements-dupont-chemours\/","url":"https:\/\/www.coatresa.com\/fr\/revetements-dupont-chemours\/","name":"Rev\u00eatements Dupont Chemours - Coatresa","isPartOf":{"@id":"https:\/\/www.coatresa.com\/fr\/#website"},"primaryImageOfPage":{"@id":"https:\/\/www.coatresa.com\/fr\/revetements-dupont-chemours\/#primaryimage"},"image":{"@id":"https:\/\/www.coatresa.com\/fr\/revetements-dupont-chemours\/#primaryimage"},"thumbnailUrl":"https:\/\/www.coatresa.com\/wp-content\/uploads\/2018\/07\/recubrimientos-chemours-dupont.png","datePublished":"2018-07-12T21:31:54+00:00","dateModified":"2020-01-10T16:20:00+00:00","description":"Rev\u00eatements Dupont Chemours : fluoropolym\u00e8res PTFE, ETFE, FEP et PFA comme Freon et Viton. Application de Teflon, SilverStone et Tefzel fluoroplastique. LIA","breadcrumb":{"@id":"https:\/\/www.coatresa.com\/fr\/revetements-dupont-chemours\/#breadcrumb"},"inLanguage":"fr-FR","potentialAction":[{"@type":"ReadAction","target":["https:\/\/www.coatresa.com\/fr\/revetements-dupont-chemours\/"]}]},{"@type":"ImageObject","inLanguage":"fr-FR","@id":"https:\/\/www.coatresa.com\/fr\/revetements-dupont-chemours\/#primaryimage","url":"https:\/\/www.coatresa.com\/wp-content\/uploads\/2018\/07\/recubrimientos-chemours-dupont.png","contentUrl":"https:\/\/www.coatresa.com\/wp-content\/uploads\/2018\/07\/recubrimientos-chemours-dupont.png","width":274,"height":120,"caption":"recubrimientos chemours ( dupont )"},{"@type":"BreadcrumbList","@id":"https:\/\/www.coatresa.com\/fr\/revetements-dupont-chemours\/#breadcrumb","itemListElement":[{"@type":"ListItem","position":1,"name":"Portada","item":"https:\/\/www.coatresa.com\/fr\/"},{"@type":"ListItem","position":2,"name":"Rev\u00eatements Dupont Chemours"}]},{"@type":"WebSite","@id":"https:\/\/www.coatresa.com\/fr\/#website","url":"https:\/\/www.coatresa.com\/fr\/","name":"Coatresa","description":"Aplicaci\u00f3n de recubrimientos antiadherentes y anticorrosivos como el Teflon. Expertos del Powder Coating","publisher":{"@id":"https:\/\/www.coatresa.com\/fr\/#organization"},"potentialAction":[{"@type":"SearchAction","target":{"@type":"EntryPoint","urlTemplate":"https:\/\/www.coatresa.com\/fr\/?s={search_term_string}"},"query-input":{"@type":"PropertyValueSpecification","valueRequired":true,"valueName":"search_term_string"}}],"inLanguage":"fr-FR"},{"@type":"Organization","@id":"https:\/\/www.coatresa.com\/fr\/#organization","name":"Coatresa","url":"https:\/\/www.coatresa.com\/fr\/","logo":{"@type":"ImageObject","inLanguage":"fr-FR","@id":"https:\/\/www.coatresa.com\/fr\/#\/schema\/logo\/image\/","url":"https:\/\/www.coatresa.com\/wp-content\/uploads\/2022\/07\/A_blava_mitja_transp.png","contentUrl":"https:\/\/www.coatresa.com\/wp-content\/uploads\/2022\/07\/A_blava_mitja_transp.png","width":340,"height":326,"caption":"Coatresa"},"image":{"@id":"https:\/\/www.coatresa.com\/fr\/#\/schema\/logo\/image\/"},"sameAs":["https:\/\/www.facebook.com\/Coatresa\/","https:\/\/x.com\/Coatresa","https:\/\/www.linkedin.com\/company\/coatresa\/","https:\/\/www.youtube.com\/user\/CoatresaCoatings"]}]}},"_links":{"self":[{"href":"https:\/\/www.coatresa.com\/fr\/wp-json\/wp\/v2\/pages\/10368","targetHints":{"allow":["GET"]}}],"collection":[{"href":"https:\/\/www.coatresa.com\/fr\/wp-json\/wp\/v2\/pages"}],"about":[{"href":"https:\/\/www.coatresa.com\/fr\/wp-json\/wp\/v2\/types\/page"}],"author":[{"embeddable":true,"href":"https:\/\/www.coatresa.com\/fr\/wp-json\/wp\/v2\/users\/1"}],"replies":[{"embeddable":true,"href":"https:\/\/www.coatresa.com\/fr\/wp-json\/wp\/v2\/comments?post=10368"}],"version-history":[{"count":0,"href":"https:\/\/www.coatresa.com\/fr\/wp-json\/wp\/v2\/pages\/10368\/revisions"}],"wp:featuredmedia":[{"embeddable":true,"href":"https:\/\/www.coatresa.com\/fr\/wp-json\/wp\/v2\/media\/9749"}],"wp:attachment":[{"href":"https:\/\/www.coatresa.com\/fr\/wp-json\/wp\/v2\/media?parent=10368"}],"curies":[{"name":"wp","href":"https:\/\/api.w.org\/{rel}","templated":true}]}}