{"id":10376,"date":"2018-07-17T19:48:21","date_gmt":"2018-07-17T17:48:21","guid":{"rendered":"http:\/\/coatresa.com\/recubrimientos-hempel\/"},"modified":"2018-09-03T14:12:39","modified_gmt":"2018-09-03T12:12:39","slug":"revetements-hempel","status":"publish","type":"page","link":"https:\/\/www.coatresa.com\/fr\/revetements-hempel\/","title":{"rendered":"Rev\u00eatements Hempel"},"content":{"rendered":"<div id=\"pl-10376\"  class=\"panel-layout\" ><div id=\"pg-10376-0\"  class=\"panel-grid panel-has-style\" ><div style=\"padding: 0px 0; \" data-overlay=\"true\" data-overlay-color=\"#000000\" class=\"panel-row-style panel-row-style-for-10376-0\" ><div id=\"pgc-10376-0-0\"  class=\"panel-grid-cell\" ><div id=\"panel-10376-0-0-0\" class=\"so-panel widget_sow-image panel-first-child\" data-index=\"0\" ><div style=\"text-align: left;\" data-title-color=\"#47425d\" data-headings-color=\"#443f3f\" data-title_alignment=\"center\" class=\"panel-widget-style panel-widget-style-for-10376-0-0-0\" ><div\n\t\t\t\n\t\t\tclass=\"so-widget-sow-image so-widget-sow-image-default-c67d20f9f743-10376\"\n\t\t\t\n\t\t>\n<div class=\"sow-image-container\">\n\t\t<img \n\tsrc=\"https:\/\/www.coatresa.com\/wp-content\/uploads\/2018\/07\/recubrimientos-hempel.png\" width=\"204\" height=\"120\" sizes=\"(max-width: 204px) 100vw, 204px\" title=\"recubrimientos Hempel\" alt=\"recubrimientos Hempel\" \t\tclass=\"so-widget-image\"\/>\n\t<\/div>\n\n<\/div><\/div><\/div><div id=\"panel-10376-0-0-1\" class=\"so-panel widget_sow-editor panel-last-child\" data-index=\"1\" ><div style=\"text-align: left;\" data-title-color=\"#47425d\" data-headings-color=\"#000000\" data-title_alignment=\"center\" class=\"panel-widget-style panel-widget-style-for-10376-0-0-1\" ><div\n\t\t\t\n\t\t\tclass=\"so-widget-sow-editor so-widget-sow-editor-base\"\n\t\t\t\n\t\t>\n<div class=\"siteorigin-widget-tinymce textwidget\">\n\t<h1 style=\"text-align: center;\">Rev\u00eatements Hempel<\/h1>\n<hr \/>\n<p style=\"text-align: justify;\">Hempel est un important fabricant de peintures et de rev\u00eatements depuis 1915. Gr\u00e2ce \u00e0 sa longue exp\u00e9rience du secteur naval, l\u2019entreprise propose des agents anticorrosifs capables de prot\u00e9ger pratiquement toutes les structures en acier. Un gros investissement consenti en mati\u00e8re de R&D l\u2019a amen\u00e9e \u00e0 fournir ces agents \u00e0 diff\u00e9rents secteurs industriels exigeants, dont l\u2019industrie navale. On peut \u00e9galement citer les secteurs de la cr\u00e9ation d\u2019\u00e9nergie et les usines chimiques et p\u00e9trochimiques.<\/p>\n<\/div>\n<\/div><\/div><\/div><\/div><\/div><\/div><div id=\"pg-10376-1\"  class=\"panel-grid panel-has-style\" ><div class=\"FRANJA-BLAVA-TITOL siteorigin-panels-stretch panel-row-style panel-row-style-for-10376-1\" style=\"padding: 0px 0; \" data-stretch-type=\"full\" data-overlay=\"true\" data-overlay-color=\"#000000\" ><div id=\"pgc-10376-1-0\"  class=\"panel-grid-cell\" ><div id=\"panel-10376-1-0-0\" class=\"so-panel widget_sow-editor panel-first-child panel-last-child\" data-index=\"2\" ><div class=\"blanc panel-widget-style panel-widget-style-for-10376-1-0-0\" style=\"text-align: left;\" data-title-color=\"#47425d\" data-headings-color=\"#443f3f\" data-title_alignment=\"center\" ><div\n\t\t\t\n\t\t\tclass=\"so-widget-sow-editor so-widget-sow-editor-base\"\n\t\t\t\n\t\t>\n<div class=\"siteorigin-widget-tinymce textwidget\">\n\t<h2 style=\"text-align: center;\">Produits Hempel<\/h2>\n<\/div>\n<\/div><\/div><\/div><\/div><\/div><\/div><div id=\"pg-10376-2\"  class=\"panel-grid panel-has-style\" ><div class=\"BGC-GRIS siteorigin-panels-stretch panel-row-style panel-row-style-for-10376-2\" style=\"padding: 50px 0; \" data-stretch-type=\"full\" data-overlay=\"true\" data-overlay-color=\"#000000\" ><div id=\"pgc-10376-2-0\"  class=\"panel-grid-cell\" ><div id=\"panel-10376-2-0-0\" class=\"so-panel widget_siteorigin-panels-builder panel-first-child panel-last-child\" data-index=\"3\" ><div style=\"text-align: left;\" data-title-color=\"#47425d\" data-headings-color=\"#443f3f\" data-title_alignment=\"center\" class=\"panel-widget-style panel-widget-style-for-10376-2-0-0\" ><div id=\"pl-w5b8d2511dbb88\"  class=\"panel-layout\" ><div id=\"pg-w5b8d2511dbb88-0\"  class=\"panel-grid panel-has-style\" ><div style=\"padding: 0px 0; \" data-overlay=\"true\" data-overlay-color=\"#000000\" class=\"panel-row-style panel-row-style-for-w5b8d2511dbb88-0\" ><div id=\"pgc-w5b8d2511dbb88-0-0\"  class=\"panel-grid-cell\" ><div id=\"panel-w5b8d2511dbb88-0-0-0\" class=\"so-panel widget_sow-editor panel-first-child\" data-index=\"0\" ><div style=\"text-align: left;\" data-title-color=\"#47425d\" data-headings-color=\"#443f3f\" data-title_alignment=\"center\" class=\"panel-widget-style panel-widget-style-for-w5b8d2511dbb88-0-0-0\" ><div\n\t\t\t\n\t\t\tclass=\"so-widget-sow-editor so-widget-sow-editor-base\"\n\t\t\t\n\t\t>\n<div class=\"siteorigin-widget-tinymce textwidget\">\n\t<p style=\"text-align: justify;\">Ayant beaucoup investi en R&D, Hempel a bas\u00e9 le d\u00e9veloppement de ses rev\u00eatements sur une technologie avanc\u00e9e : ils prot\u00e8gent ainsi diff\u00e9rentes surfaces soumises \u00e0 des atmosph\u00e8res corrosives, mais \u00e9galement \u00e0 une forte contamination chimique. Leur efficacit\u00e9 \u00e0 long terme est prouv\u00e9e.<\/p>\n<\/div>\n<\/div><\/div><\/div><div id=\"panel-w5b8d2511dbb88-0-0-1\" class=\"so-panel widget_sow-editor panel-last-child\" data-index=\"1\" ><div class=\"TEXTOS-DESTACATS panel-widget-style panel-widget-style-for-w5b8d2511dbb88-0-0-1\" style=\"text-align: left;\" data-title-color=\"#47425d\" data-headings-color=\"#443f3f\" data-title_alignment=\"center\" ><div\n\t\t\t\n\t\t\tclass=\"so-widget-sow-editor so-widget-sow-editor-base\"\n\t\t\t\n\t\t>\n<div class=\"siteorigin-widget-tinymce textwidget\">\n\t<p style=\"text-align: center;\">Gr\u00e2ce \u00e0 cette technologie de pointe, l\u2019application de l\u2019appr\u00eat anticorrosif couvre diff\u00e9rents secteurs\u00a0:<\/p>\n<\/div>\n<\/div><\/div><\/div><\/div><\/div><\/div><div id=\"pg-w5b8d2511dbb88-1\"  class=\"panel-grid panel-has-style\" ><div class=\"MARGE-LLISTA panel-row-style panel-row-style-for-w5b8d2511dbb88-1\" style=\"padding: 0px 0; \" data-overlay=\"true\" data-overlay-color=\"#000000\" ><div id=\"pgc-w5b8d2511dbb88-1-0\"  class=\"panel-grid-cell\" ><div id=\"panel-w5b8d2511dbb88-1-0-0\" class=\"so-panel widget_sow-editor panel-first-child\" data-index=\"2\" ><div style=\"text-align: left;\" data-title-color=\"#47425d\" data-headings-color=\"#000000\" data-title_alignment=\"center\" class=\"panel-widget-style panel-widget-style-for-w5b8d2511dbb88-1-0-0\" ><div\n\t\t\t\n\t\t\tclass=\"so-widget-sow-editor so-widget-sow-editor-base\"\n\t\t\t\n\t\t>\n<div class=\"siteorigin-widget-tinymce textwidget\">\n\t<h3 style=\"font-size: 16px;\">Gaz et p\u00e9trole<\/h3>\n<p style=\"text-align: justify;\">Le secteur de l\u2019exploration, de la production et de la distribution de gaz et de p\u00e9trole requiert des rev\u00eatements aux performances \u00e9lev\u00e9es. Ils assurent une protection anticorrosive int\u00e9grale, y compris dans les environnements les plus agressifs.<\/p>\n<\/div>\n<\/div><\/div><\/div><div id=\"panel-w5b8d2511dbb88-1-0-1\" class=\"so-panel widget_sow-editor\" data-index=\"3\" ><div style=\"text-align: left;\" data-title-color=\"#47425d\" data-headings-color=\"#000000\" data-title_alignment=\"center\" class=\"panel-widget-style panel-widget-style-for-w5b8d2511dbb88-1-0-1\" ><div\n\t\t\t\n\t\t\tclass=\"so-widget-sow-editor so-widget-sow-editor-base\"\n\t\t\t\n\t\t>\n<div class=\"siteorigin-widget-tinymce textwidget\">\n\t<h3 style=\"font-size: 16px;\">Usines chimiques<\/h3>\n<p style=\"text-align: justify;\">Son exp\u00e9rience dans ce secteur exigeant permet \u00e0 l\u2019entreprise de personnaliser ses interventions au cas par cas, procurant le meilleur rev\u00eatement anticorrosif en fonction des besoins du client.<\/p>\n<\/div>\n<\/div><\/div><\/div><div id=\"panel-w5b8d2511dbb88-1-0-2\" class=\"so-panel widget_sow-editor\" data-index=\"4\" ><div style=\"text-align: left;\" data-title-color=\"#47425d\" data-headings-color=\"#000000\" data-title_alignment=\"center\" class=\"panel-widget-style panel-widget-style-for-w5b8d2511dbb88-1-0-2\" ><div\n\t\t\t\n\t\t\tclass=\"so-widget-sow-editor so-widget-sow-editor-base\"\n\t\t\t\n\t\t>\n<div class=\"siteorigin-widget-tinymce textwidget\">\n\t<h3 style=\"font-size: 16px;\">Production \u00e9lectrique<\/h3>\n<p style=\"text-align: justify;\">La technologie de pointe du secteur \u00e9nerg\u00e9tique requiert des rev\u00eatements pour fonctionner de mani\u00e8re optimale. Ces rev\u00eatements sont employ\u00e9s dans des secteurs tels que l\u2019\u00e9nergie nucl\u00e9aire ou la novatrice \u00e9nergie \u00e9olienne, auxquels, forte de son exp\u00e9rience, l\u2019entreprise propose des rev\u00eatements sp\u00e9cialis\u00e9s pour les composants d\u2019a\u00e9rog\u00e9n\u00e9rateurs.<\/p>\n<\/div>\n<\/div><\/div><\/div><div id=\"panel-w5b8d2511dbb88-1-0-3\" class=\"so-panel widget_sow-editor panel-last-child\" data-index=\"5\" ><div style=\"text-align: left;\" data-title-color=\"#47425d\" data-headings-color=\"#000000\" data-title_alignment=\"center\" class=\"panel-widget-style panel-widget-style-for-w5b8d2511dbb88-1-0-3\" ><div\n\t\t\t\n\t\t\tclass=\"so-widget-sow-editor so-widget-sow-editor-base\"\n\t\t\t\n\t\t>\n<div class=\"siteorigin-widget-tinymce textwidget\">\n\t<h3 style=\"font-size: 16px;\">Infrastructures.<\/h3>\n<p style=\"text-align: justify;\">Le secteur des infrastructures requiert une protection pour ses surfaces. Les rev\u00eatements Hempel assurent la protection des machines portuaires, des ponts, autoroutes et projets immobiliers.<\/p>\n<\/div>\n<\/div><\/div><\/div><\/div><\/div><\/div><div id=\"pg-w5b8d2511dbb88-2\"  class=\"panel-grid panel-has-style\" ><div style=\"padding: 20px 0; \" data-overlay=\"true\" data-overlay-color=\"#000000\" class=\"panel-row-style panel-row-style-for-w5b8d2511dbb88-2\" ><div id=\"pgc-w5b8d2511dbb88-2-0\"  class=\"panel-grid-cell\" ><div id=\"panel-w5b8d2511dbb88-2-0-0\" class=\"so-panel widget_sow-editor panel-first-child panel-last-child\" data-index=\"6\" ><div style=\"text-align: left;\" data-title-color=\"#47425d\" data-headings-color=\"#443f3f\" data-title_alignment=\"center\" class=\"panel-widget-style panel-widget-style-for-w5b8d2511dbb88-2-0-0\" ><div\n\t\t\t\n\t\t\tclass=\"so-widget-sow-editor so-widget-sow-editor-base\"\n\t\t\t\n\t\t>\n<div class=\"siteorigin-widget-tinymce textwidget\">\n\t<p style=\"text-align: justify;\">Parmi ses diff\u00e9rents produits, citons le <b>rev\u00eatement Avantguard<\/b>, auquel une technologie au zinc avanc\u00e9e procure d\u2019excellentes propri\u00e9t\u00e9s contre la corrosion, en am\u00e9liorant le syst\u00e8me de peinture, la protection, la productivit\u00e9 et la long\u00e9vit\u00e9 du mat\u00e9riau.<\/p>\n<\/div>\n<\/div><\/div><\/div><\/div><\/div><\/div><div id=\"pg-w5b8d2511dbb88-3\"  class=\"panel-grid panel-has-style\" ><div style=\"padding: 0px 0; \" data-overlay=\"true\" data-overlay-color=\"#000000\" class=\"panel-row-style panel-row-style-for-w5b8d2511dbb88-3\" ><div id=\"pgc-w5b8d2511dbb88-3-0\"  class=\"panel-grid-cell panel-grid-cell-empty\" ><\/div><div id=\"pgc-w5b8d2511dbb88-3-1\"  class=\"panel-grid-cell panel-grid-cell-mobile-last\" ><div class=\"BGC-BLANC panel-cell-style panel-cell-style-for-w5b8d2511dbb88-3-1\" ><div id=\"panel-w5b8d2511dbb88-3-1-0\" class=\"so-panel widget_sow-image panel-first-child panel-last-child\" data-index=\"7\" ><div class=\"PADDING-H-1 AUGMENTAR-ICONA panel-widget-style panel-widget-style-for-w5b8d2511dbb88-3-1-0\" style=\"text-align: left;\" data-title-color=\"#47425d\" data-headings-color=\"#443f3f\" data-title_alignment=\"center\" ><div\n\t\t\t\n\t\t\tclass=\"so-widget-sow-image so-widget-sow-image-default-c67d20f9f743\"\n\t\t\t\n\t\t>\n<div class=\"sow-image-container\">\n\t\t\t<a href=\"\/fr\/revetement-hempel-avantguard\"\n\t\t\t\t\t>\n\t\t\t<img \n\tsrc=\"https:\/\/www.coatresa.com\/wp-content\/uploads\/2018\/07\/recubrimientos-avantguard.png\" width=\"197\" height=\"197\" srcset=\"https:\/\/www.coatresa.com\/wp-content\/uploads\/2018\/07\/recubrimientos-avantguard.png 197w, https:\/\/www.coatresa.com\/wp-content\/uploads\/2018\/07\/recubrimientos-avantguard-150x150.png 150w\" sizes=\"(max-width: 197px) 100vw, 197px\" title=\"recubrimientos Avantguard\" alt=\"recubrimientos Avantguard\" \t\tclass=\"so-widget-image\"\/>\n\t\t\t<\/a><\/div>\n\n<\/div><\/div><\/div><\/div><\/div><div id=\"pgc-w5b8d2511dbb88-3-2\"  class=\"panel-grid-cell panel-grid-cell-empty\" ><div class=\"BGC-GRIS-CLAR panel-cell-style panel-cell-style-for-w5b8d2511dbb88-3-2\" ><\/div><\/div><\/div><\/div><\/div><\/div><\/div><\/div><\/div><\/div><\/div>","protected":false},"excerpt":{"rendered":"<p>Rev\u00eatements Hempel Hempel est un important fabricant de peintures et de rev\u00eatements depuis 1915. Gr\u00e2ce \u00e0 sa longue exp\u00e9rience du secteur naval, [&hellip;]<\/p>\n","protected":false},"author":1,"featured_media":7419,"parent":0,"menu_order":0,"comment_status":"closed","ping_status":"closed","template":"page-templates\/page_fullwidth.php","meta":{"footnotes":""},"class_list":["post-10376","page","type-page","status-publish","has-post-thumbnail","hentry"],"yoast_head":"<!-- This site is optimized with the Yoast SEO plugin v27.4 - https:\/\/yoast.com\/product\/yoast-seo-wordpress\/ -->\n<title>Rev\u00eatements Hempel - Coatresa<\/title>\n<meta name=\"description\" content=\"Rev\u00eatements Hempel : application de rev\u00eatements anticorrosifs pour le secteur du gaz et du p\u00e9trole, de la chimie, de l\u2019\u00e9lectricit\u00e9 et des infrastructures.\" \/>\n<meta name=\"robots\" content=\"index, follow, max-snippet:-1, max-image-preview:large, max-video-preview:-1\" \/>\n<link rel=\"canonical\" href=\"https:\/\/www.coatresa.com\/fr\/revetements-hempel\/\" \/>\n<meta property=\"og:locale\" content=\"fr_FR\" \/>\n<meta property=\"og:type\" content=\"article\" \/>\n<meta property=\"og:title\" content=\"Rev\u00eatements Hempel - Coatresa\" \/>\n<meta property=\"og:description\" content=\"Rev\u00eatements Hempel : application de rev\u00eatements anticorrosifs pour le secteur du gaz et du p\u00e9trole, de la chimie, de l\u2019\u00e9lectricit\u00e9 et des infrastructures.\" \/>\n<meta property=\"og:url\" content=\"https:\/\/www.coatresa.com\/fr\/revetements-hempel\/\" \/>\n<meta property=\"og:site_name\" content=\"Coatresa\" \/>\n<meta property=\"article:publisher\" content=\"https:\/\/www.facebook.com\/Coatresa\/\" \/>\n<meta property=\"article:modified_time\" content=\"2018-09-03T12:12:39+00:00\" \/>\n<meta property=\"og:image\" content=\"https:\/\/www.coatresa.com\/wp-content\/uploads\/2018\/07\/recubrimientos-hempel.png\" \/>\n\t<meta property=\"og:image:width\" content=\"204\" \/>\n\t<meta property=\"og:image:height\" content=\"120\" \/>\n\t<meta property=\"og:image:type\" content=\"image\/png\" \/>\n<meta name=\"twitter:card\" content=\"summary_large_image\" \/>\n<meta name=\"twitter:site\" content=\"@Coatresa\" \/>\n<meta name=\"twitter:label1\" content=\"Dur\u00e9e de lecture estim\u00e9e\" \/>\n\t<meta name=\"twitter:data1\" content=\"2 minutes\" \/>\n<script type=\"application\/ld+json\" class=\"yoast-schema-graph\">{\"@context\":\"https:\\\/\\\/schema.org\",\"@graph\":[{\"@type\":\"WebPage\",\"@id\":\"https:\\\/\\\/www.coatresa.com\\\/fr\\\/revetements-hempel\\\/\",\"url\":\"https:\\\/\\\/www.coatresa.com\\\/fr\\\/revetements-hempel\\\/\",\"name\":\"Rev\u00eatements Hempel - Coatresa\",\"isPartOf\":{\"@id\":\"https:\\\/\\\/www.coatresa.com\\\/fr\\\/#website\"},\"primaryImageOfPage\":{\"@id\":\"https:\\\/\\\/www.coatresa.com\\\/fr\\\/revetements-hempel\\\/#primaryimage\"},\"image\":{\"@id\":\"https:\\\/\\\/www.coatresa.com\\\/fr\\\/revetements-hempel\\\/#primaryimage\"},\"thumbnailUrl\":\"https:\\\/\\\/www.coatresa.com\\\/wp-content\\\/uploads\\\/2018\\\/07\\\/recubrimientos-hempel.png\",\"datePublished\":\"2018-07-17T17:48:21+00:00\",\"dateModified\":\"2018-09-03T12:12:39+00:00\",\"description\":\"Rev\u00eatements Hempel : application de rev\u00eatements anticorrosifs pour le secteur du gaz et du p\u00e9trole, de la chimie, de l\u2019\u00e9lectricit\u00e9 et des infrastructures.\",\"breadcrumb\":{\"@id\":\"https:\\\/\\\/www.coatresa.com\\\/fr\\\/revetements-hempel\\\/#breadcrumb\"},\"inLanguage\":\"fr-FR\",\"potentialAction\":[{\"@type\":\"ReadAction\",\"target\":[\"https:\\\/\\\/www.coatresa.com\\\/fr\\\/revetements-hempel\\\/\"]}]},{\"@type\":\"ImageObject\",\"inLanguage\":\"fr-FR\",\"@id\":\"https:\\\/\\\/www.coatresa.com\\\/fr\\\/revetements-hempel\\\/#primaryimage\",\"url\":\"https:\\\/\\\/www.coatresa.com\\\/wp-content\\\/uploads\\\/2018\\\/07\\\/recubrimientos-hempel.png\",\"contentUrl\":\"https:\\\/\\\/www.coatresa.com\\\/wp-content\\\/uploads\\\/2018\\\/07\\\/recubrimientos-hempel.png\",\"width\":204,\"height\":120,\"caption\":\"recubrimientos hempel\"},{\"@type\":\"BreadcrumbList\",\"@id\":\"https:\\\/\\\/www.coatresa.com\\\/fr\\\/revetements-hempel\\\/#breadcrumb\",\"itemListElement\":[{\"@type\":\"ListItem\",\"position\":1,\"name\":\"Portada\",\"item\":\"https:\\\/\\\/www.coatresa.com\\\/fr\\\/\"},{\"@type\":\"ListItem\",\"position\":2,\"name\":\"Rev\u00eatements Hempel\"}]},{\"@type\":\"WebSite\",\"@id\":\"https:\\\/\\\/www.coatresa.com\\\/fr\\\/#website\",\"url\":\"https:\\\/\\\/www.coatresa.com\\\/fr\\\/\",\"name\":\"Coatresa\",\"description\":\"Aplicaci\u00f3n de recubrimientos antiadherentes y anticorrosivos como el Teflon. Expertos del Powder Coating\",\"publisher\":{\"@id\":\"https:\\\/\\\/www.coatresa.com\\\/fr\\\/#organization\"},\"potentialAction\":[{\"@type\":\"SearchAction\",\"target\":{\"@type\":\"EntryPoint\",\"urlTemplate\":\"https:\\\/\\\/www.coatresa.com\\\/fr\\\/?s={search_term_string}\"},\"query-input\":{\"@type\":\"PropertyValueSpecification\",\"valueRequired\":true,\"valueName\":\"search_term_string\"}}],\"inLanguage\":\"fr-FR\"},{\"@type\":\"Organization\",\"@id\":\"https:\\\/\\\/www.coatresa.com\\\/fr\\\/#organization\",\"name\":\"Coatresa\",\"url\":\"https:\\\/\\\/www.coatresa.com\\\/fr\\\/\",\"logo\":{\"@type\":\"ImageObject\",\"inLanguage\":\"fr-FR\",\"@id\":\"https:\\\/\\\/www.coatresa.com\\\/fr\\\/#\\\/schema\\\/logo\\\/image\\\/\",\"url\":\"https:\\\/\\\/www.coatresa.com\\\/wp-content\\\/uploads\\\/2022\\\/07\\\/A_blava_mitja_transp.png\",\"contentUrl\":\"https:\\\/\\\/www.coatresa.com\\\/wp-content\\\/uploads\\\/2022\\\/07\\\/A_blava_mitja_transp.png\",\"width\":340,\"height\":326,\"caption\":\"Coatresa\"},\"image\":{\"@id\":\"https:\\\/\\\/www.coatresa.com\\\/fr\\\/#\\\/schema\\\/logo\\\/image\\\/\"},\"sameAs\":[\"https:\\\/\\\/www.facebook.com\\\/Coatresa\\\/\",\"https:\\\/\\\/x.com\\\/Coatresa\",\"https:\\\/\\\/www.linkedin.com\\\/company\\\/coatresa\\\/\",\"https:\\\/\\\/www.youtube.com\\\/user\\\/CoatresaCoatings\"]}]}<\/script>\n<!-- \/ Yoast SEO plugin. -->","yoast_head_json":{"title":"Rev\u00eatements Hempel - Coatresa","description":"Rev\u00eatements Hempel : application de rev\u00eatements anticorrosifs pour le secteur du gaz et du p\u00e9trole, de la chimie, de l\u2019\u00e9lectricit\u00e9 et des infrastructures.","robots":{"index":"index","follow":"follow","max-snippet":"max-snippet:-1","max-image-preview":"max-image-preview:large","max-video-preview":"max-video-preview:-1"},"canonical":"https:\/\/www.coatresa.com\/fr\/revetements-hempel\/","og_locale":"fr_FR","og_type":"article","og_title":"Rev\u00eatements Hempel - Coatresa","og_description":"Rev\u00eatements Hempel : application de rev\u00eatements anticorrosifs pour le secteur du gaz et du p\u00e9trole, de la chimie, de l\u2019\u00e9lectricit\u00e9 et des infrastructures.","og_url":"https:\/\/www.coatresa.com\/fr\/revetements-hempel\/","og_site_name":"Coatresa","article_publisher":"https:\/\/www.facebook.com\/Coatresa\/","article_modified_time":"2018-09-03T12:12:39+00:00","og_image":[{"width":204,"height":120,"url":"https:\/\/www.coatresa.com\/wp-content\/uploads\/2018\/07\/recubrimientos-hempel.png","type":"image\/png"}],"twitter_card":"summary_large_image","twitter_site":"@Coatresa","twitter_misc":{"Dur\u00e9e de lecture estim\u00e9e":"2 minutes"},"schema":{"@context":"https:\/\/schema.org","@graph":[{"@type":"WebPage","@id":"https:\/\/www.coatresa.com\/fr\/revetements-hempel\/","url":"https:\/\/www.coatresa.com\/fr\/revetements-hempel\/","name":"Rev\u00eatements Hempel - Coatresa","isPartOf":{"@id":"https:\/\/www.coatresa.com\/fr\/#website"},"primaryImageOfPage":{"@id":"https:\/\/www.coatresa.com\/fr\/revetements-hempel\/#primaryimage"},"image":{"@id":"https:\/\/www.coatresa.com\/fr\/revetements-hempel\/#primaryimage"},"thumbnailUrl":"https:\/\/www.coatresa.com\/wp-content\/uploads\/2018\/07\/recubrimientos-hempel.png","datePublished":"2018-07-17T17:48:21+00:00","dateModified":"2018-09-03T12:12:39+00:00","description":"Rev\u00eatements Hempel : application de rev\u00eatements anticorrosifs pour le secteur du gaz et du p\u00e9trole, de la chimie, de l\u2019\u00e9lectricit\u00e9 et des infrastructures.","breadcrumb":{"@id":"https:\/\/www.coatresa.com\/fr\/revetements-hempel\/#breadcrumb"},"inLanguage":"fr-FR","potentialAction":[{"@type":"ReadAction","target":["https:\/\/www.coatresa.com\/fr\/revetements-hempel\/"]}]},{"@type":"ImageObject","inLanguage":"fr-FR","@id":"https:\/\/www.coatresa.com\/fr\/revetements-hempel\/#primaryimage","url":"https:\/\/www.coatresa.com\/wp-content\/uploads\/2018\/07\/recubrimientos-hempel.png","contentUrl":"https:\/\/www.coatresa.com\/wp-content\/uploads\/2018\/07\/recubrimientos-hempel.png","width":204,"height":120,"caption":"recubrimientos hempel"},{"@type":"BreadcrumbList","@id":"https:\/\/www.coatresa.com\/fr\/revetements-hempel\/#breadcrumb","itemListElement":[{"@type":"ListItem","position":1,"name":"Portada","item":"https:\/\/www.coatresa.com\/fr\/"},{"@type":"ListItem","position":2,"name":"Rev\u00eatements Hempel"}]},{"@type":"WebSite","@id":"https:\/\/www.coatresa.com\/fr\/#website","url":"https:\/\/www.coatresa.com\/fr\/","name":"Coatresa","description":"Aplicaci\u00f3n de recubrimientos antiadherentes y anticorrosivos como el Teflon. Expertos del Powder Coating","publisher":{"@id":"https:\/\/www.coatresa.com\/fr\/#organization"},"potentialAction":[{"@type":"SearchAction","target":{"@type":"EntryPoint","urlTemplate":"https:\/\/www.coatresa.com\/fr\/?s={search_term_string}"},"query-input":{"@type":"PropertyValueSpecification","valueRequired":true,"valueName":"search_term_string"}}],"inLanguage":"fr-FR"},{"@type":"Organization","@id":"https:\/\/www.coatresa.com\/fr\/#organization","name":"Coatresa","url":"https:\/\/www.coatresa.com\/fr\/","logo":{"@type":"ImageObject","inLanguage":"fr-FR","@id":"https:\/\/www.coatresa.com\/fr\/#\/schema\/logo\/image\/","url":"https:\/\/www.coatresa.com\/wp-content\/uploads\/2022\/07\/A_blava_mitja_transp.png","contentUrl":"https:\/\/www.coatresa.com\/wp-content\/uploads\/2022\/07\/A_blava_mitja_transp.png","width":340,"height":326,"caption":"Coatresa"},"image":{"@id":"https:\/\/www.coatresa.com\/fr\/#\/schema\/logo\/image\/"},"sameAs":["https:\/\/www.facebook.com\/Coatresa\/","https:\/\/x.com\/Coatresa","https:\/\/www.linkedin.com\/company\/coatresa\/","https:\/\/www.youtube.com\/user\/CoatresaCoatings"]}]}},"_links":{"self":[{"href":"https:\/\/www.coatresa.com\/fr\/wp-json\/wp\/v2\/pages\/10376","targetHints":{"allow":["GET"]}}],"collection":[{"href":"https:\/\/www.coatresa.com\/fr\/wp-json\/wp\/v2\/pages"}],"about":[{"href":"https:\/\/www.coatresa.com\/fr\/wp-json\/wp\/v2\/types\/page"}],"author":[{"embeddable":true,"href":"https:\/\/www.coatresa.com\/fr\/wp-json\/wp\/v2\/users\/1"}],"replies":[{"embeddable":true,"href":"https:\/\/www.coatresa.com\/fr\/wp-json\/wp\/v2\/comments?post=10376"}],"version-history":[{"count":0,"href":"https:\/\/www.coatresa.com\/fr\/wp-json\/wp\/v2\/pages\/10376\/revisions"}],"wp:featuredmedia":[{"embeddable":true,"href":"https:\/\/www.coatresa.com\/fr\/wp-json\/wp\/v2\/media\/7419"}],"wp:attachment":[{"href":"https:\/\/www.coatresa.com\/fr\/wp-json\/wp\/v2\/media?parent=10376"}],"curies":[{"name":"wp","href":"https:\/\/api.w.org\/{rel}","templated":true}]}}