{"id":12058,"date":"2018-05-18T11:35:27","date_gmt":"2018-05-18T09:35:27","guid":{"rendered":"http:\/\/coatresa.com\/datenschutzerklaerung\/"},"modified":"2023-04-18T16:08:15","modified_gmt":"2023-04-18T14:08:15","slug":"politique-de-confidentialite","status":"publish","type":"page","link":"https:\/\/www.coatresa.com\/fr\/politique-de-confidentialite\/","title":{"rendered":"Politique de confidentialit\u00e9"},"content":{"rendered":"<div id=\"pl-12058\"  class=\"panel-layout\" ><div id=\"pg-12058-0\"  class=\"panel-grid panel-has-style\" ><div style=\"padding: 0px 0; \" data-overlay=\"true\" data-overlay-color=\"#000000\" class=\"panel-row-style panel-row-style-for-12058-0\" ><div id=\"pgc-12058-0-0\"  class=\"panel-grid-cell\" ><div id=\"panel-12058-0-0-0\" class=\"so-panel widget_sow-editor panel-first-child panel-last-child\" data-index=\"0\" ><div style=\"text-align: left;\" data-title-color=\"#47425d\" data-headings-color=\"#443f3f\" data-title_alignment=\"center\" class=\"panel-widget-style panel-widget-style-for-12058-0-0-0\" ><div\n\t\t\t\n\t\t\tclass=\"so-widget-sow-editor so-widget-sow-editor-base\"\n\t\t\t\n\t\t>\n<div class=\"siteorigin-widget-tinymce textwidget\">\n\t<h1 style=\"text-align: center;\">Politique de confidentialit\u00e9<\/h1>\n<p><strong>INTRODUCTION<\/strong><br \/>\nVotre vie priv\u00e9e est importante pour nous, c'est pourquoi, \u00e0 travers ce document, nous expliquons quelles donn\u00e9es nous collectons aupr\u00e8s des utilisateurs, comment nous les utilisons et pour quoi, entre autres indications.<br \/>\nPour votre information, nous ne demanderons jamais plus d'informations que ce dont nous avons r\u00e9ellement besoin pour les services requis ; nous ne les partagerons jamais avec des tiers, sauf obligation l\u00e9gale ou avec votre autorisation pr\u00e9alable ; et nous n'utiliserons jamais vos donn\u00e9es \u00e0 d'autres fins non indiqu\u00e9es pr\u00e9c\u00e9demment.<br \/>\nEn tant qu'utilisateurs, vous devez lire attentivement cette politique de confidentialit\u00e9 r\u00e9guli\u00e8rement et chaque fois que vous entrez vos donn\u00e9es personnelles, car ce document peut \u00eatre modifi\u00e9 car le pr\u00eateur peut modifier tout type d'information pouvant appara\u00eetre sur le Web pour se conformer \u00e0 la r\u00e9glementation ou mettre \u00e0 jour la politique, et sans qu'il y ait obligation de notifier ou d'informer les utilisateurs desdites obligations, une publication sur le site internet du prestataire \u00e9tant suffisante.<\/p>\n<p><strong>ENTREPRISES AUXQUELLES CETTE POLITIQUE DE CONFIDENTIALIT\u00c9 S'APPLIQUE<\/strong><br \/>\n<strong>COATRESA, S.L.U<\/strong>. avec NIF B61370714, adresse C\/ Empord\u00e0 3-5, 08130, Santa Perp\u00e8tua de la Mogoda, Barcelone et donn\u00e9es du registre du Registre du Commerce de Barcelone, dans le Volume 29855, Folio 84, Page B-163157, Inscription 1.<br \/>\n<strong>ANTRESA INTL, S.L.U.<\/strong> avec NIF B65748709, domicili\u00e9 \u00e0 C\/ Empord\u00e0 3-5, 08130, Santa Perp\u00e8tua de la Mogoda, Barcelone et donn\u00e9es du Registre du Commerce de Barcelone, dans le Volume 43093, Folio 1, Page 421466, Inscription 1.<br \/>\n<strong>MANTEAU RETANSA, S.L<\/strong>. avec CIF B01041789, adresse C\/ Empord\u00e0 3-5, 08130, Santa Perp\u00e8tua de la Mogoda, Barcelone et donn\u00e9es d'enregistrement du Registre du Commerce d'\u00c1lava, dans le Volume 1003, Folio 133, Feuille VI-3073, entr\u00e9e 1.<br \/>\nD\u00e9sormais<strong> \"GROUPE COATRESA\".<\/strong><br \/>\nCourriel : info@coatresa.com<\/p>\n<p><strong>COATRESA GROUP,<\/strong> en tant que responsable du site, conform\u00e9ment aux dispositions du R\u00e8glement (UE) 2016\/679 du 27 avril 2016 (RGPD) relatif \u00e0 la protection des personnes physiques \u00e0 l'\u00e9gard du traitement des donn\u00e9es \u00e0 caract\u00e8re personnel et \u00e0 la libre circulation de celles-ci donn\u00e9es et autres r\u00e9glementations en vigueur sur la protection des donn\u00e9es personnelles, et par la loi 34\/2002, du 11 juillet, sur les services de la soci\u00e9t\u00e9 de l'information et du commerce \u00e9lectronique (LSSICE), vous informe qu'il a mis en \u0153uvre les mesures de s\u00e9curit\u00e9 n\u00e9cessaires, d'une technique et nature organisationnelle, pour garantir et prot\u00e9ger la confidentialit\u00e9, l'int\u00e9grit\u00e9 et la disponibilit\u00e9 des donn\u00e9es saisies.<\/p>\n<p style=\"text-align: left;\"><strong>M\u00c9THODE D'OBTENTION DES DONN\u00c9ES ET DONN\u00c9ES QUE NOUS COLLECTONS:<\/strong> Les donn\u00e9es que nous collectons et comment nous les obtenons sont les suivantes :<br \/>\n<strong>1. Formulaire de contact :<\/strong><br \/>\n\u25e6 Donn\u00e9es requises : nom, email, \u00e2ge, t\u00e9l\u00e9phone,<br \/>\n\u25e6 Finalit\u00e9 : r\u00e9pondre aux questions et\/ou fournir les informations requises par l'Utilisateur<br \/>\n\u25e6 L\u00e9gitimation : consentement de l'utilisateur<br \/>\n<strong>2. Effectuer la relation contractuelle et les proc\u00e9dures administratives, fiscales et comptables similaires et qui sont n\u00e9cessaires en vertu de la l\u00e9gislation en vigueur<\/strong><br \/>\n\u25e6 Donn\u00e9es requises : nom et pr\u00e9nom, t\u00e9l\u00e9phone, adresse, pi\u00e8ce d'identit\u00e9, email, signature<br \/>\n\u25e6 Objet : effectuer la gestion commerciale fiscale et administrative interne<br \/>\n\u25e6 L\u00e9gitimation : Consentement de l'int\u00e9ress\u00e9 et relation contractuelle<br \/>\n<strong>3. WhatsApp :<\/strong> son utilisation est d\u00e9taill\u00e9e dans la section WhatsApp de cette politique.<br \/>\nLes responsables faisant partie de GRUPO COATRESA peuvent soutenir la transmission de donn\u00e9es personnelles \u00e0 des fins administratives internes entre eux, dans l'int\u00e9r\u00eat l\u00e9gitime conform\u00e9ment \u00e0 ce qui est r\u00e9glement\u00e9 au consid\u00e9rant 48 du GDPR.<br \/>\nVous pouvez r\u00e9voquer votre consentement \u00e0 tout moment en envoyant une lettre avec pour objet \"Se d\u00e9sabonner\" dans l'e-mail examin\u00e9.<\/p>\n<p>Conform\u00e9ment \u00e0 la LSSICE, <strong>GRUPO COATRESA<\/strong> n'effectue pas de pratiques de SPAM, par cons\u00e9quent, il n'envoie pas d'e-mails commerciaux qui n'ont pas \u00e9t\u00e9 pr\u00e9alablement demand\u00e9s ou autoris\u00e9s par l'Utilisateur. Par cons\u00e9quent, dans toutes les communications que vous recevrez du fournisseur, l'utilisateur a la possibilit\u00e9 d'annuler son consentement expr\u00e8s \u00e0 recevoir nos communications.<br \/>\nNous ne traiterons pas vos donn\u00e9es personnelles \u00e0 d'autres fins que celles d\u00e9crites, sauf par obligation l\u00e9gale ou exigence judiciaire.<br \/>\nVous ne serez pas soumis \u00e0 des d\u00e9cisions fond\u00e9es sur des traitements automatis\u00e9s ayant des effets sur vos donn\u00e9es.<\/p>\n<p><strong>DUREE DE CONSERVATION DES DONNEES :<\/strong><br \/>\nVos donn\u00e9es seront conserv\u00e9es pendant toute la dur\u00e9e de la relation commerciale avec nous ou vous exercez votre droit de r\u00e9tractation ou d'opposition, ou de limitation de traitement. Cependant, nous conserverons vos donn\u00e9es dans les termes l\u00e9galement \u00e9tablis dans les dispositions applicables.<\/p>\n<p><strong>B\u00c9N\u00c9FICIAIRES DES AFFECTATIONS OU TRANSFERTS :<\/strong><br \/>\n<strong>GRUPO COATRESA<\/strong> peut contracter certains services, dont la fourniture sera effectu\u00e9e par des soci\u00e9t\u00e9s tierces (Processeurs) auxquelles vos donn\u00e9es seront communiqu\u00e9es. Le contrat de responsable de traitement correspondant est sign\u00e9 avec toutes ces soci\u00e9t\u00e9s pour garantir que l'utilisation des donn\u00e9es personnelles auxquelles nous leur donnons acc\u00e8s pour la fourniture du service est effectu\u00e9e conform\u00e9ment \u00e0 la l\u00e9gislation en vigueur sur la protection des donn\u00e9es.<\/p>\n<p>Vos donn\u00e9es peuvent \u00eatre transf\u00e9r\u00e9es entre les soci\u00e9t\u00e9s du <strong>GRUPO COATRESA<\/strong> et aux forces et organismes de s\u00e9curit\u00e9 sur ordre du tribunal ou par obligation d'une norme l\u00e9gale, sans pr\u00e9judice de la possibilit\u00e9 de bloquer ou d'annuler votre compte s'il existe des indices de la commission de tout crime par l'utilisateur. Les informations fournies seront uniquement celles disponibles \u00e0 ce moment-l\u00e0 pour le fournisseur.<br \/>\nLes informations que vous nous fournissez via ce site Web seront stock\u00e9es sur les serveurs de<strong> COATRESA, S.L.U.,<\/strong> sous contrat avec la soci\u00e9t\u00e9 qui fournit le service d'h\u00e9bergement Web. Le traitement des donn\u00e9es de l'entit\u00e9 est r\u00e9glement\u00e9 par un contrat de traitement de donn\u00e9es entre le fournisseur et cette soci\u00e9t\u00e9.<br \/>\nDe m\u00eame, le fournisseur utilise certains outils pour fournir les services n\u00e9cessaires au d\u00e9veloppement de l'activit\u00e9, pouvant stocker vos donn\u00e9es. Ces outils sont les suivants :<br \/>\n<strong>Plateformes de messagerie :<\/strong><br \/>\n\u2022 Mailchimp : The Rocket Science Group, LLC, 675 Ponce de Leon Ave NE, Suite 5000, Atlanta, GA 30308 \u00c9tats-Unis.<br \/>\n\u2022 ZOHO : D\u00e9l\u00e9gu\u00e9 \u00e0 la protection des donn\u00e9es, Zoho Corporation BV, Beneluxlaan 4B, 3527 HT Utrecht, Pays-Bas.<\/p>\n<p><strong>DROITS DES PERSONNES INT\u00c9RESS\u00c9ES :<\/strong><br \/>\nEn tant qu'utilisateur int\u00e9ress\u00e9, vous pouvez demander l'exercice des droits suivants aupr\u00e8s de <strong>GRUPO COATRESA<\/strong> en adressant une lettre \u00e0 l'adresse postale indiqu\u00e9e dans l'en-t\u00eate ou en envoyant un e-mail \u00e0 info@coatresa.com, en indiquant comme Objet : \"PROTECTION DES DONN\u00c9ES : DROITS DES PERSONNES AFFECT\u00c9ES \u00bb.<\/p>\n<p><strong>Droits:<\/strong><br \/>\n\u2022<strong> Droit d'acc\u00e8s :<\/strong> permet \u00e0 l'int\u00e9ress\u00e9 de conna\u00eetre et d'obtenir des informations sur ses donn\u00e9es personnelles soumises au traitement.<br \/>\n\u2022<strong> Droit de rectification ou de suppression :<\/strong> permet de corriger les erreurs et de modifier les donn\u00e9es qui s'av\u00e8rent inexactes ou incompl\u00e8tes.<br \/>\n\u2022<strong> Droit d'annulation :<\/strong> permet de supprimer les donn\u00e9es insuffisantes ou excessives<br \/>\n<strong>\u2022 Droit d'opposition :<\/strong> droit de l'int\u00e9ress\u00e9 de ne pas proc\u00e9der au traitement de ses donn\u00e9es personnelles ou d'y mettre fin.<br \/>\n<strong>\u2022 Limitation du traitement :<\/strong> implique le marquage des donn\u00e9es personnelles conserv\u00e9es, afin de limiter leur traitement futur, pour l'exercice ou la d\u00e9fense de r\u00e9clamations.<br \/>\n<strong>\u2022 Portabilit\u00e9 des donn\u00e9es :<\/strong> mise \u00e0 disposition des donn\u00e9es faisant l'objet du traitement \u00e0 l'int\u00e9ress\u00e9, afin que celui-ci puisse les transmettre \u00e0 un autre responsable, sans entraves.<br \/>\n<strong>\u2022 Droit de ne pas faire l'objet de d\u00e9cisions individuelles automatis\u00e9es (y compris le profilage) :<\/strong> droit de ne pas faire l'objet d'une d\u00e9cision fond\u00e9e sur un traitement automatis\u00e9 produisant des effets ou affectant de mani\u00e8re significative<\/p>\n<p>En tant qu'utilisateur, vous avez le droit de retirer le consentement donn\u00e9 \u00e0 tout moment. Le retrait du consentement n'affectera pas la l\u00e9galit\u00e9 du traitement effectu\u00e9 avant le retrait du consentement.<br \/>\nVous avez \u00e9galement le droit de d\u00e9poser une r\u00e9clamation aupr\u00e8s de l'autorit\u00e9 de contr\u00f4le si vous consid\u00e9rez que vos droits peuvent avoir \u00e9t\u00e9 viol\u00e9s en ce qui concerne la protection de vos donn\u00e9es (aepd.es).<\/p>\n<p><strong>INFORMATIONS COMPL\u00c9MENTAIRES<\/strong><br \/>\n<strong>MESURE DE S\u00c9CURIT\u00c9:<\/strong><br \/>\nLes donn\u00e9es que vous nous fournissez seront trait\u00e9es de mani\u00e8re confidentielle. Le fournisseur a adopt\u00e9 toutes les mesures techniques et organisationnelles et tous les niveaux de protection n\u00e9cessaires pour garantir la s\u00e9curit\u00e9 dans le traitement des donn\u00e9es et pour \u00e9viter leur alt\u00e9ration, perte, vol, traitement ou acc\u00e8s non autoris\u00e9, selon l'\u00e9tat de la technologie et nature des donn\u00e9es stock\u00e9es. De m\u00eame, il est \u00e9galement garanti que le traitement et l'enregistrement dans les fichiers, programmes, syst\u00e8mes ou \u00e9quipements, locaux et centres sont conformes aux exigences et conditions d'int\u00e9grit\u00e9 et de s\u00e9curit\u00e9 \u00e9tablies dans la r\u00e9glementation en vigueur.<\/p>\n<p><strong>LANGAGE<\/strong><br \/>\nLa langue applicable \u00e0 cette politique de confidentialit\u00e9 est l'espagnol. Par cons\u00e9quent, en cas de contradiction dans l'une des versions fournies dans d'autres langues, la version espagnole pr\u00e9vaudra.<\/p>\n<p><strong>R\u00c9SEAUX SOCIAUX<\/strong><\/p>\n<p>Nous vous informons que<strong> GRUPO COATRESA<\/strong> peut avoir une pr\u00e9sence sur les r\u00e9seaux sociaux. Le traitement des donn\u00e9es qui est effectu\u00e9 des personnes qui deviennent adeptes dans les r\u00e9seaux sociaux (et \/ ou effectuent toute action de lien ou de connexion via les r\u00e9seaux sociaux) des pages officielles de <strong>GRUPO COATRESA<\/strong> sera r\u00e9gi par cette section, comme ainsi que pour les conditions d'utilisation, les politiques de confidentialit\u00e9 et les r\u00e8gles d'acc\u00e8s qui appartiennent au r\u00e9seau social qui sont appropri\u00e9es dans chaque cas et pr\u00e9alablement accept\u00e9es par l'utilisateur.<br \/>\n<strong>GRUPO COATRESA<\/strong> traitera vos donn\u00e9es dans le but de g\u00e9rer correctement votre pr\u00e9sence sur le r\u00e9seau social, d'informer sur les activit\u00e9s, produits ou services du fournisseur, ainsi que pour toute autre finalit\u00e9 autoris\u00e9e par la r\u00e9glementation des r\u00e9seaux sociaux.<br \/>\nLa publication de contenus est interdite :<\/p>\n<p>\u2022 Qui sont pr\u00e9tendument ill\u00e9gales par des r\u00e9glementations nationales, communautaires ou internationales ou qui m\u00e8nent des activit\u00e9s pr\u00e9tendument ill\u00e9gales ou contreviennent aux principes de bonne foi.<br \/>\n\u2022 Qui violent les droits fondamentaux des personnes, manquent de courtoisie sur le r\u00e9seau, agacent ou peuvent g\u00e9n\u00e9rer des opinions n\u00e9gatives chez nos utilisateurs ou des tiers et en g\u00e9n\u00e9ral quel que soit le contenu que <strong>GRUPO COATRESA<\/strong> juge inappropri\u00e9.<br \/>\n\u2022 Et en g\u00e9n\u00e9ral qui contreviennent aux principes de l\u00e9galit\u00e9, d'honn\u00eatet\u00e9, de responsabilit\u00e9, de protection de la dignit\u00e9 humaine, de protection des mineurs, de protection de l'ordre public, de protection de la vie priv\u00e9e, de protection des consommateurs et des droits de propri\u00e9t\u00e9 intellectuelle et industrielle.<br \/>\nDe m\u00eame, <strong>GRUPO COATRESA<\/strong> se r\u00e9serve le droit de supprimer, sans pr\u00e9avis, du site Web ou du r\u00e9seau social d'entreprise, les contenus jug\u00e9s inappropri\u00e9s.<br \/>\nDans tous les cas, si vous envoyez des informations personnelles via le r\u00e9seau social, <strong>GRUPO COATRESA<\/strong> sera exon\u00e9r\u00e9 de toute responsabilit\u00e9 en ce qui concerne les mesures de s\u00e9curit\u00e9 applicables \u00e0 cette plate-forme et l'utilisateur, s'il souhaite les conna\u00eetre, doit consulter les conditions correspondantes. du r\u00e9seau en question.<\/p>\n<p><strong>WHATSAPP<\/strong><br \/>\nLe traitement des donn\u00e9es effectu\u00e9 par les personnes qui effectuent une requ\u00eate via WhatsApp de GRUPO COATRESA sera r\u00e9gi par cette section, ainsi que les conditions d'utilisation, les politiques de confidentialit\u00e9 et les r\u00e8gles d'acc\u00e8s qui appartiennent \u00e0 l'application qui proc\u00e8de dans chaque cas et pr\u00e9c\u00e9demment accept\u00e9e par l'utilisateur. GRUPO COATRESA, traitera vos donn\u00e9es afin de g\u00e9rer correctement votre demande, ainsi que toute autre finalit\u00e9 de la gestion administrative du service. L'utilisation de WhatsApp de GRUPO COATRESA est interdite, pour l'envoi de contenus qui ne sont pas n\u00e9cessaires \u00e0 la r\u00e9ponse \u00e0 la requ\u00eate et qui sont ill\u00e9gaux par des r\u00e9glementations nationales ou internationales qui violent les droits fondamentaux des personnes et en g\u00e9n\u00e9ral qui contreviennent aux principes de l\u00e9galit\u00e9, honn\u00eatet\u00e9, responsabilit\u00e9, protection de la vie priv\u00e9e, protection des consommateurs et droits de propri\u00e9t\u00e9 intellectuelle et industrielle.<\/p>\n<p><strong>MODIFICATIONS DE CETTE POLITIQUE DE CONFIDENTIALIT\u00c9<\/strong><br \/>\n<strong>GRUPO COATRESA<\/strong> se r\u00e9serve le droit de modifier cette politique pour l'adapter \u00e0 la nouvelle l\u00e9gislation ou jurisprudence.<\/p>\n<p><strong>R\u00c9VOCABILIT\u00c9<\/strong><br \/>\nLe consentement donn\u00e9, tant pour le traitement que pour le transfert des donn\u00e9es des parties int\u00e9ress\u00e9es, est r\u00e9vocable \u00e0 tout moment en notifiant GRUPO COATRESA dans les termes \u00e9tablis dans la pr\u00e9sente Politique pour l'exercice des droits. Cette r\u00e9vocation ne sera en aucun cas r\u00e9troactive.<\/p>\n<p><strong>L\u00c9GISLATION<\/strong><br \/>\nEn g\u00e9n\u00e9ral, les relations entre GRUPO COATRESA et les Utilisateurs de ses services t\u00e9l\u00e9matiques, pr\u00e9sents sur ce site, sont soumises \u00e0 la l\u00e9gislation et \u00e0 la juridiction espagnoles auxquelles les parties se soumettent express\u00e9ment, \u00e9tant comp\u00e9tentes pour la r\u00e9solution de tous les conflits d\u00e9riv\u00e9s ou li\u00e9s \u00e0 son utilisation. les Cours et Tribunaux de Barcelone.<\/p>\n<p>&nbsp;<\/p>\n<\/div>\n<\/div><\/div><\/div><\/div><\/div><\/div><\/div>","protected":false},"excerpt":{"rendered":"<p>Politique de confidentialit\u00e9 INTRODUCTION Votre vie priv\u00e9e est importante pour nous, c&rsquo;est pourquoi, \u00e0 travers ce document, nous expliquons quelles donn\u00e9es nous [&hellip;]<\/p>\n","protected":false},"author":1,"featured_media":0,"parent":0,"menu_order":0,"comment_status":"closed","ping_status":"closed","template":"page-templates\/page_fullwidth.php","meta":{"footnotes":""},"class_list":["post-12058","page","type-page","status-publish","hentry"],"yoast_head":"<!-- This site is optimized with the Yoast SEO plugin v27.6 - https:\/\/yoast.com\/product\/yoast-seo-wordpress\/ -->\n<title>Politique de confidentialit\u00e9 - Coatresa<\/title>\n<meta name=\"robots\" content=\"noindex, follow\" \/>\n<meta property=\"og:locale\" content=\"fr_FR\" \/>\n<meta property=\"og:type\" content=\"article\" \/>\n<meta property=\"og:title\" content=\"Politique de confidentialit\u00e9 - Coatresa\" \/>\n<meta property=\"og:description\" content=\"Politique de confidentialit\u00e9 INTRODUCTION Votre vie priv\u00e9e est importante pour nous, c&#039;est pourquoi, \u00e0 travers ce document, nous expliquons quelles donn\u00e9es nous [&hellip;]\" \/>\n<meta property=\"og:url\" content=\"https:\/\/www.coatresa.com\/fr\/politique-de-confidentialite\/\" \/>\n<meta property=\"og:site_name\" content=\"Coatresa\" \/>\n<meta property=\"article:publisher\" content=\"https:\/\/www.facebook.com\/Coatresa\/\" \/>\n<meta property=\"article:modified_time\" content=\"2023-04-18T14:08:15+00:00\" \/>\n<meta name=\"twitter:card\" content=\"summary_large_image\" \/>\n<meta name=\"twitter:site\" content=\"@Coatresa\" \/>\n<meta name=\"twitter:label1\" content=\"Dur\u00e9e de lecture estim\u00e9e\" \/>\n\t<meta name=\"twitter:data1\" content=\"13 minutes\" \/>\n<script type=\"application\/ld+json\" class=\"yoast-schema-graph\">{\"@context\":\"https:\\\/\\\/schema.org\",\"@graph\":[{\"@type\":\"WebPage\",\"@id\":\"https:\\\/\\\/www.coatresa.com\\\/fr\\\/politique-de-confidentialite\\\/\",\"url\":\"https:\\\/\\\/www.coatresa.com\\\/fr\\\/politique-de-confidentialite\\\/\",\"name\":\"Politique de confidentialit\u00e9 - Coatresa\",\"isPartOf\":{\"@id\":\"https:\\\/\\\/www.coatresa.com\\\/fr\\\/#website\"},\"datePublished\":\"2018-05-18T09:35:27+00:00\",\"dateModified\":\"2023-04-18T14:08:15+00:00\",\"breadcrumb\":{\"@id\":\"https:\\\/\\\/www.coatresa.com\\\/fr\\\/politique-de-confidentialite\\\/#breadcrumb\"},\"inLanguage\":\"fr-FR\",\"potentialAction\":[{\"@type\":\"ReadAction\",\"target\":[\"https:\\\/\\\/www.coatresa.com\\\/fr\\\/politique-de-confidentialite\\\/\"]}]},{\"@type\":\"BreadcrumbList\",\"@id\":\"https:\\\/\\\/www.coatresa.com\\\/fr\\\/politique-de-confidentialite\\\/#breadcrumb\",\"itemListElement\":[{\"@type\":\"ListItem\",\"position\":1,\"name\":\"Portada\",\"item\":\"https:\\\/\\\/www.coatresa.com\\\/fr\\\/\"},{\"@type\":\"ListItem\",\"position\":2,\"name\":\"Politique de confidentialit\u00e9\"}]},{\"@type\":\"WebSite\",\"@id\":\"https:\\\/\\\/www.coatresa.com\\\/fr\\\/#website\",\"url\":\"https:\\\/\\\/www.coatresa.com\\\/fr\\\/\",\"name\":\"Coatresa\",\"description\":\"Aplicaci\u00f3n de recubrimientos antiadherentes y anticorrosivos como el Teflon. Expertos del Powder Coating\",\"publisher\":{\"@id\":\"https:\\\/\\\/www.coatresa.com\\\/fr\\\/#organization\"},\"potentialAction\":[{\"@type\":\"SearchAction\",\"target\":{\"@type\":\"EntryPoint\",\"urlTemplate\":\"https:\\\/\\\/www.coatresa.com\\\/fr\\\/?s={search_term_string}\"},\"query-input\":{\"@type\":\"PropertyValueSpecification\",\"valueRequired\":true,\"valueName\":\"search_term_string\"}}],\"inLanguage\":\"fr-FR\"},{\"@type\":\"Organization\",\"@id\":\"https:\\\/\\\/www.coatresa.com\\\/fr\\\/#organization\",\"name\":\"Coatresa\",\"url\":\"https:\\\/\\\/www.coatresa.com\\\/fr\\\/\",\"logo\":{\"@type\":\"ImageObject\",\"inLanguage\":\"fr-FR\",\"@id\":\"https:\\\/\\\/www.coatresa.com\\\/fr\\\/#\\\/schema\\\/logo\\\/image\\\/\",\"url\":\"https:\\\/\\\/www.coatresa.com\\\/wp-content\\\/uploads\\\/2022\\\/07\\\/A_blava_mitja_transp.png\",\"contentUrl\":\"https:\\\/\\\/www.coatresa.com\\\/wp-content\\\/uploads\\\/2022\\\/07\\\/A_blava_mitja_transp.png\",\"width\":340,\"height\":326,\"caption\":\"Coatresa\"},\"image\":{\"@id\":\"https:\\\/\\\/www.coatresa.com\\\/fr\\\/#\\\/schema\\\/logo\\\/image\\\/\"},\"sameAs\":[\"https:\\\/\\\/www.facebook.com\\\/Coatresa\\\/\",\"https:\\\/\\\/x.com\\\/Coatresa\",\"https:\\\/\\\/www.linkedin.com\\\/company\\\/coatresa\\\/\",\"https:\\\/\\\/www.youtube.com\\\/user\\\/CoatresaCoatings\"]}]}<\/script>\n<!-- \/ Yoast SEO plugin. -->","yoast_head_json":{"title":"Politique de confidentialit\u00e9 - Coatresa","robots":{"index":"noindex","follow":"follow"},"og_locale":"fr_FR","og_type":"article","og_title":"Politique de confidentialit\u00e9 - Coatresa","og_description":"Politique de confidentialit\u00e9 INTRODUCTION Votre vie priv\u00e9e est importante pour nous, c'est pourquoi, \u00e0 travers ce document, nous expliquons quelles donn\u00e9es nous [&hellip;]","og_url":"https:\/\/www.coatresa.com\/fr\/politique-de-confidentialite\/","og_site_name":"Coatresa","article_publisher":"https:\/\/www.facebook.com\/Coatresa\/","article_modified_time":"2023-04-18T14:08:15+00:00","twitter_card":"summary_large_image","twitter_site":"@Coatresa","twitter_misc":{"Dur\u00e9e de lecture estim\u00e9e":"13 minutes"},"schema":{"@context":"https:\/\/schema.org","@graph":[{"@type":"WebPage","@id":"https:\/\/www.coatresa.com\/fr\/politique-de-confidentialite\/","url":"https:\/\/www.coatresa.com\/fr\/politique-de-confidentialite\/","name":"Politique de confidentialit\u00e9 - Coatresa","isPartOf":{"@id":"https:\/\/www.coatresa.com\/fr\/#website"},"datePublished":"2018-05-18T09:35:27+00:00","dateModified":"2023-04-18T14:08:15+00:00","breadcrumb":{"@id":"https:\/\/www.coatresa.com\/fr\/politique-de-confidentialite\/#breadcrumb"},"inLanguage":"fr-FR","potentialAction":[{"@type":"ReadAction","target":["https:\/\/www.coatresa.com\/fr\/politique-de-confidentialite\/"]}]},{"@type":"BreadcrumbList","@id":"https:\/\/www.coatresa.com\/fr\/politique-de-confidentialite\/#breadcrumb","itemListElement":[{"@type":"ListItem","position":1,"name":"Portada","item":"https:\/\/www.coatresa.com\/fr\/"},{"@type":"ListItem","position":2,"name":"Politique de confidentialit\u00e9"}]},{"@type":"WebSite","@id":"https:\/\/www.coatresa.com\/fr\/#website","url":"https:\/\/www.coatresa.com\/fr\/","name":"Coatresa","description":"Aplicaci\u00f3n de recubrimientos antiadherentes y anticorrosivos como el Teflon. Expertos del Powder Coating","publisher":{"@id":"https:\/\/www.coatresa.com\/fr\/#organization"},"potentialAction":[{"@type":"SearchAction","target":{"@type":"EntryPoint","urlTemplate":"https:\/\/www.coatresa.com\/fr\/?s={search_term_string}"},"query-input":{"@type":"PropertyValueSpecification","valueRequired":true,"valueName":"search_term_string"}}],"inLanguage":"fr-FR"},{"@type":"Organization","@id":"https:\/\/www.coatresa.com\/fr\/#organization","name":"Coatresa","url":"https:\/\/www.coatresa.com\/fr\/","logo":{"@type":"ImageObject","inLanguage":"fr-FR","@id":"https:\/\/www.coatresa.com\/fr\/#\/schema\/logo\/image\/","url":"https:\/\/www.coatresa.com\/wp-content\/uploads\/2022\/07\/A_blava_mitja_transp.png","contentUrl":"https:\/\/www.coatresa.com\/wp-content\/uploads\/2022\/07\/A_blava_mitja_transp.png","width":340,"height":326,"caption":"Coatresa"},"image":{"@id":"https:\/\/www.coatresa.com\/fr\/#\/schema\/logo\/image\/"},"sameAs":["https:\/\/www.facebook.com\/Coatresa\/","https:\/\/x.com\/Coatresa","https:\/\/www.linkedin.com\/company\/coatresa\/","https:\/\/www.youtube.com\/user\/CoatresaCoatings"]}]}},"_links":{"self":[{"href":"https:\/\/www.coatresa.com\/fr\/wp-json\/wp\/v2\/pages\/12058","targetHints":{"allow":["GET"]}}],"collection":[{"href":"https:\/\/www.coatresa.com\/fr\/wp-json\/wp\/v2\/pages"}],"about":[{"href":"https:\/\/www.coatresa.com\/fr\/wp-json\/wp\/v2\/types\/page"}],"author":[{"embeddable":true,"href":"https:\/\/www.coatresa.com\/fr\/wp-json\/wp\/v2\/users\/1"}],"replies":[{"embeddable":true,"href":"https:\/\/www.coatresa.com\/fr\/wp-json\/wp\/v2\/comments?post=12058"}],"version-history":[{"count":0,"href":"https:\/\/www.coatresa.com\/fr\/wp-json\/wp\/v2\/pages\/12058\/revisions"}],"wp:attachment":[{"href":"https:\/\/www.coatresa.com\/fr\/wp-json\/wp\/v2\/media?parent=12058"}],"curies":[{"name":"wp","href":"https:\/\/api.w.org\/{rel}","templated":true}]}}