{"id":12064,"date":"2018-05-18T10:58:09","date_gmt":"2018-05-18T08:58:09","guid":{"rendered":"http:\/\/coatresa.com\/rechtlicher-hinweis\/"},"modified":"2023-04-18T16:15:08","modified_gmt":"2023-04-18T14:15:08","slug":"avertissement-legal","status":"publish","type":"page","link":"https:\/\/www.coatresa.com\/fr\/avertissement-legal\/","title":{"rendered":"Avertissement l\u00e9gal"},"content":{"rendered":"<div id=\"pl-12064\"  class=\"panel-layout\" ><div id=\"pg-12064-0\"  class=\"panel-grid panel-has-style\" ><div style=\"padding: 0px 0; \" data-overlay=\"true\" data-overlay-color=\"#000000\" class=\"panel-row-style panel-row-style-for-12064-0\" ><div id=\"pgc-12064-0-0\"  class=\"panel-grid-cell\" ><div id=\"panel-12064-0-0-0\" class=\"so-panel widget_sow-editor panel-first-child panel-last-child\" data-index=\"0\" ><div style=\"text-align: left;\" data-title-color=\"#47425d\" data-headings-color=\"#443f3f\" data-title_alignment=\"center\" class=\"panel-widget-style panel-widget-style-for-12064-0-0-0\" ><div\n\t\t\t\n\t\t\tclass=\"so-widget-sow-editor so-widget-sow-editor-base\"\n\t\t\t\n\t\t>\n<div class=\"siteorigin-widget-tinymce textwidget\">\n\t<h1 style=\"text-align: center;\"><strong>Avertissement Legal<\/strong><\/h1>\n<p>Pour se conformer \u00e0 l'article 10 de la loi 34\/2002 sur les services de la soci\u00e9t\u00e9 de l'information et du commerce \u00e9lectronique, nous informons les utilisateurs de nos donn\u00e9es :<\/p>\n<p>Nom de l'entreprise : COATRESA, S.L.U. avec CIF B61370714, et donn\u00e9es de registre Inscrit au Registre du Commerce de Barcelone, dans le Volume 29855, Folio 84, Page B-163157, Inscription 1, <strong>ANTRESA INTL,<\/strong> S.L.U. avec CIF B65748709 et donn\u00e9es de registre Inscrit au Registre du Commerce de Barcelone, dans le Volume 43093, Folio 1, Page 421466, Inscription 1 et<strong> RETANSA COAT, S.L.<\/strong> avec CIF B01041789, et donn\u00e9es de registre Inscrit au Registre du Commerce d'\u00c1lava, dans le Volume 1003, Folio 133, Feuille VI-3073, entr\u00e9e 1 d\u00e9sormais \"<strong>GRUPO COATRESA\".<\/strong><br \/>\nAdresse : <strong>C\/ Empord\u00e0 3-5, 08130, Santa Perp\u00e8tua de la Mogoda, Barcelone<\/strong><br \/>\nT\u00e9l\u00e9phone : <strong>937 189 402<\/strong><br \/>\nCourriel : <strong>info@coatresa.com<\/strong><br \/>\nWeb : <strong>www.coatresa.com<\/strong><\/p>\n<p><strong>1. OBJET<\/strong><br \/>\n<strong>GRUPO COATRESA<\/strong> (D\u00e9sormais \u00e9galement le fournisseur) en tant que responsable du site Web, met \u00e0 la disposition des utilisateurs ce document, qui r\u00e9glemente l'utilisation du site Web www.coatresa.com, avec lequel nous entendons respecter les obligations \u00e9tablies par la loi 34 \/2002 sur les services de la soci\u00e9t\u00e9 de l'information et du commerce \u00e9lectronique (LSSICE ou LSSI), ainsi que l'information de tous les utilisateurs du site Web sur les conditions d'utilisation du site Web.<br \/>\n\u00c0 travers le Web, <strong>GRUPO COATRESA<\/strong> offre aux utilisateurs l'acc\u00e8s et l'utilisation de diff\u00e9rents services et contenus mis \u00e0 disposition sur le Web.<br \/>\nToute personne qui acc\u00e8de \u00e0 ce site Web assume le r\u00f4le d'utilisateur (ci-apr\u00e8s l'utilisateur) et implique l'acceptation pleine et enti\u00e8re de chacune des dispositions incluses dans les pr\u00e9sentes mentions l\u00e9gales, ainsi que de toute autre disposition l\u00e9gale qui pourrait \u00eatre d'application.<br \/>\nEn tant qu'utilisateurs, ils doivent lire attentivement le pr\u00e9sent avis juridique \u00e0 chaque fois qu'ils acc\u00e8dent au Web, car il peut \u00eatre modifi\u00e9 puisque le fournisseur se r\u00e9serve le droit de modifier tout type d'information pouvant appara\u00eetre sur le Web, sans obligation de notifier ou informer les utilisateurs de ces obligations, une publication sur le site Internet du prestataire \u00e9tant suffisante.<\/p>\n<p><strong>2. CONDITIONS D'ACC\u00c8S ET D'UTILISATION DU WEB<\/strong><br \/>\n<strong>2.1. Libre acc\u00e8s et utilisation du web.<\/strong><br \/>\nLa prestation de services par GRUPO COATRESA est gratuite pour tous les utilisateurs.<br \/>\n<strong>2.2. Registre des utilisateurs.<\/strong><br \/>\nDe mani\u00e8re g\u00e9n\u00e9rale, la fourniture des Services ne n\u00e9cessite pas de souscription ou d'enregistrement pr\u00e9alable des Utilisateurs.<br \/>\n<strong>23. V\u00e9racit\u00e9 des informations.<\/strong><br \/>\nToutes les informations fournies par l'Utilisateur doivent \u00eatre v\u00e9ridiques. A ces effets, l'Utilisateur garantit l'authenticit\u00e9 des donn\u00e9es communiqu\u00e9es par le biais des formulaires de souscription des Services. Il sera de la responsabilit\u00e9 de l'Utilisateur de maintenir \u00e0 jour en permanence toutes les informations fournies \u00e0 GRUPO COATRESA afin qu'elles r\u00e9pondent, \u00e0 tout moment, \u00e0 sa situation r\u00e9elle. Dans tous les cas, l'Utilisateur sera seul responsable des d\u00e9clarations fausses ou inexactes faites et des dommages caus\u00e9s au fournisseur ou \u00e0 des tiers.<br \/>\n<strong>2.4. Mineurs.<\/strong><br \/>\nPour l'utilisation des services, les mineurs doivent toujours obtenir au pr\u00e9alable le consentement des parents, tuteurs ou repr\u00e9sentants l\u00e9gaux, qui sont responsables en dernier ressort de tous les actes accomplis par les mineurs dont ils ont la charge. La responsabilit\u00e9 de d\u00e9terminer le contenu sp\u00e9cifique auquel les mineurs acc\u00e8dent correspond \u00e0 ceux-ci, c'est pourquoi s'ils acc\u00e8dent \u00e0 un contenu qui n'est pas appropri\u00e9 pour Internet, des m\u00e9canismes doivent \u00eatre mis en place sur leurs ordinateurs, notamment des programmes informatiques, des filtres et des blocages, qui permettent de limiter le contenu disponible et, bien qu'ils ne soient pas infaillibles, ils sont particuli\u00e8rement utiles pour contr\u00f4ler et restreindre les contenus auxquels les mineurs peuvent acc\u00e9der.<br \/>\n<strong>2.5. Obligation de faire un usage correct du web.<\/strong><br \/>\nL'utilisateur s'engage \u00e0 utiliser le site Web conform\u00e9ment \u00e0 la loi et aux pr\u00e9sentes mentions l\u00e9gales, ainsi qu'aux bonnes m\u0153urs et bonnes m\u0153urs. En effet, l'Utilisateur s'abstiendra d'utiliser la page \u00e0 des fins ill\u00e9gales ou interdites, pr\u00e9judiciables aux droits et int\u00e9r\u00eats de tiers, ou pouvant de quelque mani\u00e8re que ce soit endommager, d\u00e9sactiver, surcharger, d\u00e9t\u00e9riorer ou emp\u00eacher l'utilisation normale d'\u00e9quipements ou de documents informatiques, fichiers et toutes sortes de contenus stock\u00e9s sur tout \u00e9quipement informatique du fournisseur.<\/p>\n<p>En particulier, et \u00e0 titre indicatif mais non exhaustif, l'Utilisateur s'engage \u00e0 ne pas transmettre, diffuser ou mettre \u00e0 la disposition de tiers des informations, donn\u00e9es, contenus, messages, graphiques, dessins, fichiers son ou image, photographies, enregistrements, logiciels et En g\u00e9n\u00e9ral, tout type de mat\u00e9riel qui :<br \/>\n(A) est contraire, rabaisse ou viole les droits fondamentaux et les libert\u00e9s publiques reconnus constitutionnellement, dans les trait\u00e9s internationaux et autres r\u00e9glementations en vigueur ;<br \/>\n(B) induire, inciter ou promouvoir des actes criminels, d\u00e9nigrants, diffamatoires, violents ou, en g\u00e9n\u00e9ral, contraires \u00e0 la loi, aux bonnes m\u0153urs et \u00e0 l'ordre public ;<br \/>\n(C) induire, inciter ou promouvoir des actions, attitudes ou pens\u00e9es discriminatoires fond\u00e9es sur le sexe, la race, la religion, les croyances, l'\u00e2ge ou la condition ;<br \/>\n(D) est contraire au droit \u00e0 l'honneur, \u00e0 l'intimit\u00e9 personnelle ou familiale ou \u00e0 l'image des personnes ;<br \/>\n(E) nuit de quelque mani\u00e8re que ce soit \u00e0 la cr\u00e9dibilit\u00e9 du fournisseur ou de tiers ; et<br \/>\n(F) constitue une publicit\u00e9 ill\u00e9gale, trompeuse ou d\u00e9loyale.<\/p>\n<p><strong>3. EXCLUSION DE GARANTIES ET DE RESPONSABILIT\u00c9<\/strong><br \/>\nLe fournisseur est exon\u00e9r\u00e9 de tout type de responsabilit\u00e9 d\u00e9coulant des informations publi\u00e9es sur notre site Web, \u00e0 condition que ces informations aient \u00e9t\u00e9 manipul\u00e9es ou introduites par un tiers.<br \/>\nCe site Web a \u00e9t\u00e9 r\u00e9vis\u00e9 et test\u00e9 afin qu'il fonctionne correctement. En principe, un fonctionnement correct peut \u00eatre garanti 365 jours par an, 24 heures sur 24. Cependant, le fournisseur n'exclut pas la possibilit\u00e9 de certaines erreurs de programmation, ni la survenance de cas de force majeure, de catastrophes naturelles, de gr\u00e8ves ou de circonstances similaires rendant impossible l'acc\u00e8s au site Web.<br \/>\n<strong>GRUPO COATRESA<\/strong> n'accorde aucune garantie et n'est en aucun cas responsable des dommages de toute nature pouvant r\u00e9sulter du manque de disponibilit\u00e9, de maintenance et de fonctionnement efficace du site Web ou de ses services et contenus ; l'existence de virus, de programmes malveillants ou nuisibles dans le contenu ; de l'utilisation illicite, n\u00e9gligente, frauduleuse ou contraire aux pr\u00e9sentes mentions l\u00e9gales et conditions d'utilisation ; ou le manque de l\u00e9galit\u00e9, de qualit\u00e9, de fiabilit\u00e9, d'utilit\u00e9 et de disponibilit\u00e9 des services fournis par des tiers et mis \u00e0 la disposition des utilisateurs sur le site Web.<br \/>\nLe fournisseur n'est en aucun cas responsable des dommages pouvant r\u00e9sulter de l'utilisation ill\u00e9gale ou inappropri\u00e9e de ce site Web.<\/p>\n<p><strong>4. COOKIES<\/strong><br \/>\nLe site Web du fournisseur peut utiliser des cookies (petits fichiers d'informations que le serveur envoie \u00e0 l'ordinateur de la personne acc\u00e9dant \u00e0 la page) pour ex\u00e9cuter certaines fonctions consid\u00e9r\u00e9es comme essentielles au bon fonctionnement et \u00e0 l'affichage du site. Les cookies utilis\u00e9s sont, en tout \u00e9tat de cause, temporaires, dans le seul but de rendre la navigation plus efficace, et ils disparaissent \u00e0 la fin de la session de l'utilisateur. En aucun cas les cookies ne seront utilis\u00e9s pour collecter des informations personnelles. Pour plus d'informations, consultez notre <a href=\"https:\/\/www.coatresa.com\/fr\/politica-de-cookies-ue\/\">Politique relative aux cookies.<\/a><\/p>\n<p><strong>5. LIENS<\/strong><br \/>\n\u00c0 partir du site Web, il est possible d'\u00eatre redirig\u00e9 vers des contenus sponsoris\u00e9s, des publicit\u00e9s et\/ou des liens d'affiliation et\/ou des sites Web tiers.<br \/>\nParmi les liens fournis, il y a la possibilit\u00e9 d'informer ou de renvoyer \u00e0 des produits et\/ou services de tiers. \u00c9tant donn\u00e9 que nous ne pouvons pas contr\u00f4ler le contenu introduit par des tiers \u00e0 partir du site Web, <strong>GRUPO COATRESA<\/strong> n'assume aucun type de responsabilit\u00e9 \u00e0 l'\u00e9gard dudit contenu, ni ne garantit l'exp\u00e9rience, l'int\u00e9grit\u00e9 ou la qualit\u00e9 de ses produits. Dans tous les cas, le fournisseur d\u00e9clare qu'il proc\u00e9dera au retrait imm\u00e9diat de tout contenu qui pourrait contrevenir \u00e0 la l\u00e9gislation nationale ou internationale, aux bonnes m\u0153urs ou \u00e0 l'ordre public, en proc\u00e9dant au retrait imm\u00e9diat de la redirection vers ces sites, en informant les autorit\u00e9s comp\u00e9tentes du contenu en question<br \/>\n<strong>GRUPO COATRESA<\/strong> fera publier ces liens jusqu'\u00e0 ce qu'ils soient supprim\u00e9s ou suspendus par le fournisseur ou l'annonceur, et ne sera pas responsable m\u00eame si ces annonces peuvent \u00eatre index\u00e9es par d'autres moteurs de recherche en dehors de ce site.<br \/>\nLe fournisseur n'est pas responsable des informations et du contenu stock\u00e9s, \u00e0 titre d'exemple mais non limitatif, dans les forums, les chats, les g\u00e9n\u00e9rateurs de blogs, les commentaires, les r\u00e9seaux sociaux ou tout autre moyen permettant \u00e0 des tiers de publier du contenu de mani\u00e8re ind\u00e9pendante sur le site Web du fournisseur. .. pr\u00eateur. Nonobstant, et dans le respect des dispositions de l'art. 11 et 16 de la LSSICE, le fournisseur se met \u00e0 la disposition de tous les utilisateurs, autorit\u00e9s et forces de s\u00e9curit\u00e9, et collabore activement au retrait ou, le cas \u00e9ch\u00e9ant, au blocage de tout contenu susceptible d'affecter ou de contrevenir \u00e0 la l\u00e9gislation nationale ou internationale, aux droits des tiers ou aux bonnes m\u0153urs et \u00e0 l'ordre public. Dans le cas o\u00f9 l'utilisateur consid\u00e8re que certains contenus pourraient \u00eatre susceptibles d'\u00eatre class\u00e9s, veuillez en informer imm\u00e9diatement l'administrateur du site Web.<\/p>\n<p>Cependant, GRUPO COATRESA vous informe que toute relation contractuelle ou non contractuelle que l'utilisateur formalise avec ces tiers, affili\u00e9s ou annonceurs via le lien fourni par ce site Web, sera valable uniquement et exclusivement entre l'utilisateur et l'annonceur et\/ou le tiers COATRESA n'aura aucun type de responsabilit\u00e9 pour les dommages ou pertes qui pourraient \u00eatre caus\u00e9s par la fourniture de services et \/ ou les relations contractuelles ou extracontractuelles \u00e9tablies entre l'utilisateur et les annonceurs ou tiers contact\u00e9s via ce portail \u00e9tant donn\u00e9 que le fournisseur n'agit qu'en tant qu'interm\u00e9diaire ou support publicitaire.<\/p>\n<p><strong>6. PROTECTION DES DONNEES PERSONNELLES<\/strong><br \/>\nLe fournisseur s'engage profond\u00e9ment \u00e0 respecter la r\u00e9glementation en mati\u00e8re de protection des donn\u00e9es personnelles et garantit le plein respect des obligations pr\u00e9vues, ainsi que la mise en \u0153uvre des mesures de s\u00e9curit\u00e9 pr\u00e9vues par le r\u00e8glement europ\u00e9en sur la protection des donn\u00e9es et la r\u00e9glementation espagnole sur la protection des donn\u00e9es. Pour plus d'informations, consultez notre <a href=\"https:\/\/www.coatresa.com\/fr\/politique-de-confidentialite\/\">politique de confidentialit\u00e9.<\/a><\/p>\n<p><strong>7. PROPRIETE INTELLECTUELLE ET INDUSTRIELLE<\/strong><br \/>\nLe site Web, y compris mais sans s'y limiter\u00a0: la programmation, l'\u00e9dition, la compilation et d'autres \u00e9l\u00e9ments n\u00e9cessaires \u00e0 son fonctionnement, les dessins, logos, textes, photographies et \/ ou graphiques sont la propri\u00e9t\u00e9 du fournisseur ou, si cela \u00e9tait n\u00e9cessaire, a le licence ou autorisation expresse des auteurs. Tous les contenus du site Web sont d\u00fbment prot\u00e9g\u00e9s par les r\u00e9glementations sur la propri\u00e9t\u00e9 intellectuelle et industrielle.<br \/>\nQuelle que soit la finalit\u00e9 pour laquelle ils sont destin\u00e9s, la reproduction totale ou partielle, l'utilisation, la diffusion et la communication publique n\u00e9cessitent l'autorisation \u00e9crite pr\u00e9alable du fournisseur. Toute utilisation non pr\u00e9alablement autoris\u00e9e par le fournisseur sera consid\u00e9r\u00e9e comme une violation grave des droits de propri\u00e9t\u00e9 intellectuelle ou industrielle de l'auteur.<br \/>\nLes dessins, logos, textes et \/ ou graphiques ext\u00e9rieurs au fournisseur et pouvant appara\u00eetre sur le site Web appartiennent \u00e0 leurs propri\u00e9taires respectifs, \u00e9tant eux-m\u00eames responsables de toute controverse \u00e9ventuelle pouvant survenir \u00e0 leur sujet. En tout \u00e9tat de cause, le prestataire dispose de l'autorisation expresse et pr\u00e9alable de leur part.<br \/>\nEl prestador reconoce a favor de sus titulares los correspondientes derechos de propiedad industrial e intelectual, no implicando la menci\u00f3n o aparici\u00f3n en el sitio web, de la existencia de derechos o responsabilidad del prestador sobre los mismos, como tampoco respaldo, patrocinio o recomendaci\u00f3n por parte du m\u00eame.<br \/>\nPour faire tout type d'observation concernant d'\u00e9ventuelles violations des droits de propri\u00e9t\u00e9 intellectuelle ou industrielle, ainsi que de tout contenu du site Web, vous pouvez le faire via l'adresse e-mail mentionn\u00e9e ci-dessus.<\/p>\n<p><strong>8. LOI APPLICABLE ET JURIDICTION<\/strong><br \/>\nPour la r\u00e9solution des controverses ou des probl\u00e8mes li\u00e9s \u00e0 ce site Web ou aux activit\u00e9s qui y sont men\u00e9es, la l\u00e9gislation espagnole s'appliquera, \u00e0 laquelle les parties se soumettent express\u00e9ment, \u00e9tant comp\u00e9tente pour r\u00e9soudre tous les conflits d\u00e9riv\u00e9s ou li\u00e9s \u00e0 son utilisation les Cours et Tribunaux de Barcelone .<\/p>\n<p>&nbsp;<\/p>\n<p>&nbsp;<\/p>\n<\/div>\n<\/div><\/div><\/div><\/div><\/div><\/div><\/div>","protected":false},"excerpt":{"rendered":"<p>Avertissement Legal Pour se conformer \u00e0 l&rsquo;article 10 de la loi 34\/2002 sur les services de la soci\u00e9t\u00e9 de l&rsquo;information et du [&hellip;]<\/p>\n","protected":false},"author":1,"featured_media":0,"parent":0,"menu_order":0,"comment_status":"closed","ping_status":"closed","template":"page-templates\/page_fullwidth.php","meta":{"footnotes":""},"class_list":["post-12064","page","type-page","status-publish","hentry"],"yoast_head":"<!-- This site is optimized with the Yoast SEO plugin v27.6 - https:\/\/yoast.com\/product\/yoast-seo-wordpress\/ -->\n<title>Avertissement l\u00e9gal - Coatresa<\/title>\n<meta name=\"robots\" content=\"noindex, follow\" \/>\n<meta property=\"og:locale\" content=\"fr_FR\" \/>\n<meta property=\"og:type\" content=\"article\" \/>\n<meta property=\"og:title\" content=\"Avertissement l\u00e9gal - Coatresa\" \/>\n<meta property=\"og:description\" content=\"Avertissement Legal Pour se conformer \u00e0 l&#039;article 10 de la loi 34\/2002 sur les services de la soci\u00e9t\u00e9 de l&#039;information et du [&hellip;]\" \/>\n<meta property=\"og:url\" content=\"https:\/\/www.coatresa.com\/fr\/avertissement-legal\/\" \/>\n<meta property=\"og:site_name\" content=\"Coatresa\" \/>\n<meta property=\"article:publisher\" content=\"https:\/\/www.facebook.com\/Coatresa\/\" \/>\n<meta property=\"article:modified_time\" content=\"2023-04-18T14:15:08+00:00\" \/>\n<meta name=\"twitter:card\" content=\"summary_large_image\" \/>\n<meta name=\"twitter:site\" content=\"@Coatresa\" \/>\n<meta name=\"twitter:label1\" content=\"Dur\u00e9e de lecture estim\u00e9e\" \/>\n\t<meta name=\"twitter:data1\" content=\"7 minutes\" \/>\n<script type=\"application\/ld+json\" class=\"yoast-schema-graph\">{\"@context\":\"https:\\\/\\\/schema.org\",\"@graph\":[{\"@type\":\"WebPage\",\"@id\":\"https:\\\/\\\/www.coatresa.com\\\/fr\\\/avertissement-legal\\\/\",\"url\":\"https:\\\/\\\/www.coatresa.com\\\/fr\\\/avertissement-legal\\\/\",\"name\":\"Avertissement l\u00e9gal - Coatresa\",\"isPartOf\":{\"@id\":\"https:\\\/\\\/www.coatresa.com\\\/fr\\\/#website\"},\"datePublished\":\"2018-05-18T08:58:09+00:00\",\"dateModified\":\"2023-04-18T14:15:08+00:00\",\"breadcrumb\":{\"@id\":\"https:\\\/\\\/www.coatresa.com\\\/fr\\\/avertissement-legal\\\/#breadcrumb\"},\"inLanguage\":\"fr-FR\",\"potentialAction\":[{\"@type\":\"ReadAction\",\"target\":[\"https:\\\/\\\/www.coatresa.com\\\/fr\\\/avertissement-legal\\\/\"]}]},{\"@type\":\"BreadcrumbList\",\"@id\":\"https:\\\/\\\/www.coatresa.com\\\/fr\\\/avertissement-legal\\\/#breadcrumb\",\"itemListElement\":[{\"@type\":\"ListItem\",\"position\":1,\"name\":\"Portada\",\"item\":\"https:\\\/\\\/www.coatresa.com\\\/fr\\\/\"},{\"@type\":\"ListItem\",\"position\":2,\"name\":\"Avertissement l\u00e9gal\"}]},{\"@type\":\"WebSite\",\"@id\":\"https:\\\/\\\/www.coatresa.com\\\/fr\\\/#website\",\"url\":\"https:\\\/\\\/www.coatresa.com\\\/fr\\\/\",\"name\":\"Coatresa\",\"description\":\"Aplicaci\u00f3n de recubrimientos antiadherentes y anticorrosivos como el Teflon. Expertos del Powder Coating\",\"publisher\":{\"@id\":\"https:\\\/\\\/www.coatresa.com\\\/fr\\\/#organization\"},\"potentialAction\":[{\"@type\":\"SearchAction\",\"target\":{\"@type\":\"EntryPoint\",\"urlTemplate\":\"https:\\\/\\\/www.coatresa.com\\\/fr\\\/?s={search_term_string}\"},\"query-input\":{\"@type\":\"PropertyValueSpecification\",\"valueRequired\":true,\"valueName\":\"search_term_string\"}}],\"inLanguage\":\"fr-FR\"},{\"@type\":\"Organization\",\"@id\":\"https:\\\/\\\/www.coatresa.com\\\/fr\\\/#organization\",\"name\":\"Coatresa\",\"url\":\"https:\\\/\\\/www.coatresa.com\\\/fr\\\/\",\"logo\":{\"@type\":\"ImageObject\",\"inLanguage\":\"fr-FR\",\"@id\":\"https:\\\/\\\/www.coatresa.com\\\/fr\\\/#\\\/schema\\\/logo\\\/image\\\/\",\"url\":\"https:\\\/\\\/www.coatresa.com\\\/wp-content\\\/uploads\\\/2022\\\/07\\\/A_blava_mitja_transp.png\",\"contentUrl\":\"https:\\\/\\\/www.coatresa.com\\\/wp-content\\\/uploads\\\/2022\\\/07\\\/A_blava_mitja_transp.png\",\"width\":340,\"height\":326,\"caption\":\"Coatresa\"},\"image\":{\"@id\":\"https:\\\/\\\/www.coatresa.com\\\/fr\\\/#\\\/schema\\\/logo\\\/image\\\/\"},\"sameAs\":[\"https:\\\/\\\/www.facebook.com\\\/Coatresa\\\/\",\"https:\\\/\\\/x.com\\\/Coatresa\",\"https:\\\/\\\/www.linkedin.com\\\/company\\\/coatresa\\\/\",\"https:\\\/\\\/www.youtube.com\\\/user\\\/CoatresaCoatings\"]}]}<\/script>\n<!-- \/ Yoast SEO plugin. -->","yoast_head_json":{"title":"Avertissement l\u00e9gal - Coatresa","robots":{"index":"noindex","follow":"follow"},"og_locale":"fr_FR","og_type":"article","og_title":"Avertissement l\u00e9gal - Coatresa","og_description":"Avertissement Legal Pour se conformer \u00e0 l'article 10 de la loi 34\/2002 sur les services de la soci\u00e9t\u00e9 de l'information et du [&hellip;]","og_url":"https:\/\/www.coatresa.com\/fr\/avertissement-legal\/","og_site_name":"Coatresa","article_publisher":"https:\/\/www.facebook.com\/Coatresa\/","article_modified_time":"2023-04-18T14:15:08+00:00","twitter_card":"summary_large_image","twitter_site":"@Coatresa","twitter_misc":{"Dur\u00e9e de lecture estim\u00e9e":"7 minutes"},"schema":{"@context":"https:\/\/schema.org","@graph":[{"@type":"WebPage","@id":"https:\/\/www.coatresa.com\/fr\/avertissement-legal\/","url":"https:\/\/www.coatresa.com\/fr\/avertissement-legal\/","name":"Avertissement l\u00e9gal - Coatresa","isPartOf":{"@id":"https:\/\/www.coatresa.com\/fr\/#website"},"datePublished":"2018-05-18T08:58:09+00:00","dateModified":"2023-04-18T14:15:08+00:00","breadcrumb":{"@id":"https:\/\/www.coatresa.com\/fr\/avertissement-legal\/#breadcrumb"},"inLanguage":"fr-FR","potentialAction":[{"@type":"ReadAction","target":["https:\/\/www.coatresa.com\/fr\/avertissement-legal\/"]}]},{"@type":"BreadcrumbList","@id":"https:\/\/www.coatresa.com\/fr\/avertissement-legal\/#breadcrumb","itemListElement":[{"@type":"ListItem","position":1,"name":"Portada","item":"https:\/\/www.coatresa.com\/fr\/"},{"@type":"ListItem","position":2,"name":"Avertissement l\u00e9gal"}]},{"@type":"WebSite","@id":"https:\/\/www.coatresa.com\/fr\/#website","url":"https:\/\/www.coatresa.com\/fr\/","name":"Coatresa","description":"Aplicaci\u00f3n de recubrimientos antiadherentes y anticorrosivos como el Teflon. Expertos del Powder Coating","publisher":{"@id":"https:\/\/www.coatresa.com\/fr\/#organization"},"potentialAction":[{"@type":"SearchAction","target":{"@type":"EntryPoint","urlTemplate":"https:\/\/www.coatresa.com\/fr\/?s={search_term_string}"},"query-input":{"@type":"PropertyValueSpecification","valueRequired":true,"valueName":"search_term_string"}}],"inLanguage":"fr-FR"},{"@type":"Organization","@id":"https:\/\/www.coatresa.com\/fr\/#organization","name":"Coatresa","url":"https:\/\/www.coatresa.com\/fr\/","logo":{"@type":"ImageObject","inLanguage":"fr-FR","@id":"https:\/\/www.coatresa.com\/fr\/#\/schema\/logo\/image\/","url":"https:\/\/www.coatresa.com\/wp-content\/uploads\/2022\/07\/A_blava_mitja_transp.png","contentUrl":"https:\/\/www.coatresa.com\/wp-content\/uploads\/2022\/07\/A_blava_mitja_transp.png","width":340,"height":326,"caption":"Coatresa"},"image":{"@id":"https:\/\/www.coatresa.com\/fr\/#\/schema\/logo\/image\/"},"sameAs":["https:\/\/www.facebook.com\/Coatresa\/","https:\/\/x.com\/Coatresa","https:\/\/www.linkedin.com\/company\/coatresa\/","https:\/\/www.youtube.com\/user\/CoatresaCoatings"]}]}},"_links":{"self":[{"href":"https:\/\/www.coatresa.com\/fr\/wp-json\/wp\/v2\/pages\/12064","targetHints":{"allow":["GET"]}}],"collection":[{"href":"https:\/\/www.coatresa.com\/fr\/wp-json\/wp\/v2\/pages"}],"about":[{"href":"https:\/\/www.coatresa.com\/fr\/wp-json\/wp\/v2\/types\/page"}],"author":[{"embeddable":true,"href":"https:\/\/www.coatresa.com\/fr\/wp-json\/wp\/v2\/users\/1"}],"replies":[{"embeddable":true,"href":"https:\/\/www.coatresa.com\/fr\/wp-json\/wp\/v2\/comments?post=12064"}],"version-history":[{"count":0,"href":"https:\/\/www.coatresa.com\/fr\/wp-json\/wp\/v2\/pages\/12064\/revisions"}],"wp:attachment":[{"href":"https:\/\/www.coatresa.com\/fr\/wp-json\/wp\/v2\/media?parent=12064"}],"curies":[{"name":"wp","href":"https:\/\/api.w.org\/{rel}","templated":true}]}}