{"id":17719,"date":"2019-10-16T16:45:32","date_gmt":"2019-10-16T14:45:32","guid":{"rendered":"https:\/\/www.coatresa.com\/recubrimientos-dow\/"},"modified":"2020-01-10T11:11:36","modified_gmt":"2020-01-10T10:11:36","slug":"revetements-dow","status":"publish","type":"page","link":"https:\/\/www.coatresa.com\/fr\/revetements-dow\/","title":{"rendered":"Rev\u00eatements DOW"},"content":{"rendered":"<div id=\"pl-17719\"  class=\"panel-layout\" ><div id=\"pg-17719-0\"  class=\"panel-grid panel-has-style\" ><div style=\"padding: 0px 0; \" data-overlay=\"true\" data-overlay-color=\"#000000\" class=\"panel-row-style panel-row-style-for-17719-0\" ><div id=\"pgc-17719-0-0\"  class=\"panel-grid-cell\" ><div id=\"panel-17719-0-0-0\" class=\"so-panel widget_sow-image panel-first-child\" data-index=\"0\" ><div style=\"text-align: left;\" data-title-color=\"#47425d\" data-headings-color=\"#443f3f\" data-title_alignment=\"center\" class=\"panel-widget-style panel-widget-style-for-17719-0-0-0\" ><div\n\t\t\t\n\t\t\tclass=\"so-widget-sow-image so-widget-sow-image-default-c67d20f9f743-17719\"\n\t\t\t\n\t\t>\n<div class=\"sow-image-container\">\n\t\t<img \n\tsrc=\"https:\/\/www.coatresa.com\/wp-content\/uploads\/2019\/10\/recubrimientos-dow-1.png\" width=\"240\" height=\"120\" srcset=\"https:\/\/www.coatresa.com\/wp-content\/uploads\/2019\/10\/recubrimientos-dow-1.png 240w, https:\/\/www.coatresa.com\/wp-content\/uploads\/2019\/10\/recubrimientos-dow-1-230x115.png 230w\" sizes=\"(max-width: 240px) 100vw, 240px\" title=\"recubrimientos DOW\" alt=\"recubrimientos DOW\" \t\tclass=\"so-widget-image\"\/>\n\t<\/div>\n\n<\/div><\/div><\/div><div id=\"panel-17719-0-0-1\" class=\"so-panel widget_sow-editor panel-last-child\" data-index=\"1\" ><div style=\"text-align: left;\" data-title-color=\"#47425d\" data-headings-color=\"#000000\" data-title_alignment=\"center\" class=\"panel-widget-style panel-widget-style-for-17719-0-0-1\" ><div\n\t\t\t\n\t\t\tclass=\"so-widget-sow-editor so-widget-sow-editor-base\"\n\t\t\t\n\t\t>\n<div class=\"siteorigin-widget-tinymce textwidget\">\n\t<h1 style=\"text-align: center;\">Rev\u00eatements DOW<\/h1>\n<hr \/>\n<p style=\"text-align: justify;\">Dow est une soci\u00e9t\u00e9 am\u00e9ricaine cl\u00e9 dans le d\u00e9veloppement de l'innovation technologique, fournissant des solutions durables qui apportent de la valeur \u00e0 partir des <b>sciences biologiques<\/b>, <b>chimiques<\/b> et de la science des <b>polym\u00e8res<\/b> pour r\u00e9pondre \u00e0 des d\u00e9fis tels que la production et la conservation de l'\u00e9nergie renouvelable. Chef de file de l'industrie des produits chimiques de sp\u00e9cialit\u00e9, des mat\u00e9riaux de pointe et des plastiques, elle offre une vaste gamme de produits et de solutions technologiques \u00e0 des clients dans 180 pays, dans des secteurs \u00e0 forte croissance comme l'<b>emballage<\/b>, les <b>rev\u00eatements<\/b> et l'<b>efficacit\u00e9 \u00e9nerg\u00e9tique<\/b>.<\/p>\n<\/div>\n<\/div><\/div><\/div><\/div><\/div><\/div><div id=\"pg-17719-1\"  class=\"panel-grid panel-has-style\" ><div class=\"FRANJA-BLAVA-TITOL siteorigin-panels-stretch panel-row-style panel-row-style-for-17719-1\" style=\"padding: 0px 0; \" data-stretch-type=\"full\" data-overlay=\"true\" data-overlay-color=\"#000000\" ><div id=\"pgc-17719-1-0\"  class=\"panel-grid-cell\" ><div id=\"panel-17719-1-0-0\" class=\"so-panel widget_sow-editor panel-first-child panel-last-child\" data-index=\"2\" ><div class=\"blanc panel-widget-style panel-widget-style-for-17719-1-0-0\" style=\"text-align: left;\" data-title-color=\"#47425d\" data-headings-color=\"#443f3f\" data-title_alignment=\"center\" ><div\n\t\t\t\n\t\t\tclass=\"so-widget-sow-editor so-widget-sow-editor-base\"\n\t\t\t\n\t\t>\n<div class=\"siteorigin-widget-tinymce textwidget\">\n\t<h2 style=\"text-align: center;\">Produits DOW<\/h2>\n<\/div>\n<\/div><\/div><\/div><\/div><\/div><\/div><div id=\"pg-17719-2\"  class=\"panel-grid panel-has-style\" ><div class=\"BGC-GRIS siteorigin-panels-stretch panel-row-style panel-row-style-for-17719-2\" style=\"padding: 50px 0; \" data-stretch-type=\"full\" data-overlay=\"true\" data-overlay-color=\"#000000\" ><div id=\"pgc-17719-2-0\"  class=\"panel-grid-cell\" ><div id=\"panel-17719-2-0-0\" class=\"so-panel widget_siteorigin-panels-builder panel-first-child panel-last-child\" data-index=\"3\" ><div style=\"text-align: left;\" data-title-color=\"#47425d\" data-headings-color=\"#443f3f\" data-title_alignment=\"center\" class=\"panel-widget-style panel-widget-style-for-17719-2-0-0\" ><div id=\"pl-w5e184d47c91a1\"  class=\"panel-layout\" ><div id=\"pg-w5e184d47c91a1-0\"  class=\"panel-grid panel-has-style\" ><div style=\"padding: 0px 0; \" data-overlay=\"true\" data-overlay-color=\"#000000\" class=\"panel-row-style panel-row-style-for-w5e184d47c91a1-0\" ><div id=\"pgc-w5e184d47c91a1-0-0\"  class=\"panel-grid-cell\" ><div id=\"panel-w5e184d47c91a1-0-0-0\" class=\"so-panel widget_sow-editor panel-first-child panel-last-child\" data-index=\"0\" ><div style=\"text-align: left;\" data-title-color=\"#47425d\" data-headings-color=\"#443f3f\" data-title_alignment=\"center\" class=\"panel-widget-style panel-widget-style-for-w5e184d47c91a1-0-0-0\" ><div\n\t\t\t\n\t\t\tclass=\"so-widget-sow-editor so-widget-sow-editor-base\"\n\t\t\t\n\t\t>\n<div class=\"siteorigin-widget-tinymce textwidget\">\n\t<p style=\"text-align: justify;\">DOW poss\u00e8de une vaste exp\u00e9rience technique dans le domaine de la <b>science des rev\u00eatements<\/b>, \u00e0 la recherche de solutions innovantes am\u00e9liorant les <b>performances<\/b>, l'<b>esth\u00e9tique<\/b> et la <b>durabilit\u00e9<\/b>. Sa large gamme de mat\u00e9riaux offre la solution adapt\u00e9e aux besoins et aux applications sp\u00e9cifiques des <b>rev\u00eatements industriels<\/b>:<\/p>\n<\/div>\n<\/div><\/div><\/div><\/div><\/div><\/div><div id=\"pg-w5e184d47c91a1-1\"  class=\"panel-grid panel-has-style\" ><div style=\"padding: 0px 0; \" data-overlay=\"true\" data-overlay-color=\"#000000\" class=\"panel-row-style panel-row-style-for-w5e184d47c91a1-1\" ><div id=\"pgc-w5e184d47c91a1-1-0\"  class=\"panel-grid-cell panel-grid-cell-empty\" ><\/div><div id=\"pgc-w5e184d47c91a1-1-1\"  class=\"panel-grid-cell\" ><div id=\"panel-w5e184d47c91a1-1-1-0\" class=\"so-panel widget_sow-editor panel-first-child panel-last-child\" data-index=\"1\" ><div style=\"text-align: left;\" data-title-color=\"#47425d\" data-headings-color=\"#443f3f\" data-title_alignment=\"center\" class=\"panel-widget-style panel-widget-style-for-w5e184d47c91a1-1-1-0\" ><div\n\t\t\t\n\t\t\tclass=\"so-widget-sow-editor so-widget-sow-editor-base\"\n\t\t\t\n\t\t>\n<div class=\"siteorigin-widget-tinymce textwidget\">\n\t<ul>\n<li>Acryliques \u00e0 base d'eau et solvants pour les finitions industrielles et la maintenance<\/li>\n<li>Solutions techniques pour l'insonorisation<\/li>\n<li>Technologie \u00e0 base de r\u00e9sine de silicone pour une facilit\u00e9 d'utilisation<\/li>\n<\/ul>\n<\/div>\n<\/div><\/div><\/div><\/div><div id=\"pgc-w5e184d47c91a1-1-2\"  class=\"panel-grid-cell panel-grid-cell-mobile-last\" ><div id=\"panel-w5e184d47c91a1-1-2-0\" class=\"so-panel widget_sow-editor panel-first-child panel-last-child\" data-index=\"2\" ><div style=\"text-align: left;\" data-title-color=\"#47425d\" data-headings-color=\"#443f3f\" data-title_alignment=\"center\" class=\"panel-widget-style panel-widget-style-for-w5e184d47c91a1-1-2-0\" ><div\n\t\t\t\n\t\t\tclass=\"so-widget-sow-editor so-widget-sow-editor-base\"\n\t\t\t\n\t\t>\n<div class=\"siteorigin-widget-tinymce textwidget\">\n\t<ul>\n<li>Additifs pour am\u00e9liorer les propri\u00e9t\u00e9s de surface<\/li>\n<li>Solvants avec diff\u00e9rentes vitesses d'\u00e9vaporation<\/li>\n<li>Agents de coalescence et co-solvants pour applications industrielles \u00e0 base d'eau<\/li>\n<\/ul>\n<\/div>\n<\/div><\/div><\/div><\/div><div id=\"pgc-w5e184d47c91a1-1-3\"  class=\"panel-grid-cell panel-grid-cell-empty\" ><\/div><\/div><\/div><div id=\"pg-w5e184d47c91a1-2\"  class=\"panel-grid panel-has-style\" ><div style=\"padding: 0px 0; \" data-overlay=\"true\" data-overlay-color=\"#000000\" class=\"panel-row-style panel-row-style-for-w5e184d47c91a1-2\" ><div id=\"pgc-w5e184d47c91a1-2-0\"  class=\"panel-grid-cell panel-grid-cell-empty\" ><\/div><div id=\"pgc-w5e184d47c91a1-2-1\"  class=\"panel-grid-cell\" ><div class=\"BGC-BLANC panel-cell-style panel-cell-style-for-w5e184d47c91a1-2-1\" ><div id=\"panel-w5e184d47c91a1-2-1-0\" class=\"so-panel widget_sow-image panel-first-child panel-last-child\" data-index=\"3\" ><div class=\"PADDING-H-1 AUGMENTAR-ICONA panel-widget-style panel-widget-style-for-w5e184d47c91a1-2-1-0\" style=\"text-align: left;\" data-title-color=\"#47425d\" data-headings-color=\"#443f3f\" data-title_alignment=\"center\" ><div\n\t\t\t\n\t\t\tclass=\"so-widget-sow-image so-widget-sow-image-default-c67d20f9f743\"\n\t\t\t\n\t\t>\n<div class=\"sow-image-container\">\n\t\t\t<a href=\"\/fr\/revetement-dow-molykote\"\n\t\t\t\t\t>\n\t\t\t<img \n\tsrc=\"https:\/\/www.coatresa.com\/wp-content\/uploads\/2019\/10\/recubrimientos-dow-molykote.png\" width=\"240\" height=\"197\" srcset=\"https:\/\/www.coatresa.com\/wp-content\/uploads\/2019\/10\/recubrimientos-dow-molykote.png 240w, https:\/\/www.coatresa.com\/wp-content\/uploads\/2019\/10\/recubrimientos-dow-molykote-230x189.png 230w\" sizes=\"(max-width: 240px) 100vw, 240px\" title=\"recubrimientos Molykote de DOW\" alt=\"recubrimientos Molykote de DOW\" \t\tclass=\"so-widget-image\"\/>\n\t\t\t<\/a><\/div>\n\n<\/div><\/div><\/div><\/div><\/div><div id=\"pgc-w5e184d47c91a1-2-2\"  class=\"panel-grid-cell panel-grid-cell-mobile-last\" ><div class=\"BGC-GRIS-CLAR panel-cell-style panel-cell-style-for-w5e184d47c91a1-2-2\" ><div id=\"panel-w5e184d47c91a1-2-2-0\" class=\"so-panel widget_sow-image panel-first-child panel-last-child\" data-index=\"4\" ><div class=\"PADDING-H-1 panel-widget-style panel-widget-style-for-w5e184d47c91a1-2-2-0\" style=\"text-align: left;\" data-title-color=\"#47425d\" data-headings-color=\"#443f3f\" data-title_alignment=\"center\" ><div\n\t\t\t\n\t\t\tclass=\"so-widget-sow-image so-widget-sow-image-default-c67d20f9f743\"\n\t\t\t\n\t\t>\n<div class=\"sow-image-container\">\n\t\t<img \n\tsrc=\"https:\/\/www.coatresa.com\/wp-content\/uploads\/2019\/10\/recubrimientos-dow-xiameter.png\" width=\"240\" height=\"197\" srcset=\"https:\/\/www.coatresa.com\/wp-content\/uploads\/2019\/10\/recubrimientos-dow-xiameter.png 240w, https:\/\/www.coatresa.com\/wp-content\/uploads\/2019\/10\/recubrimientos-dow-xiameter-230x189.png 230w\" sizes=\"(max-width: 240px) 100vw, 240px\" title=\"recubrimientos Xiameter de DOW\" alt=\"\" \t\tclass=\"so-widget-image\"\/>\n\t<\/div>\n\n<\/div><\/div><\/div><\/div><\/div><div id=\"pgc-w5e184d47c91a1-2-3\"  class=\"panel-grid-cell panel-grid-cell-empty\" ><\/div><\/div><\/div><\/div><\/div><\/div><\/div><\/div><\/div><div id=\"pg-17719-3\"  class=\"panel-grid panel-has-style\" ><div style=\"padding: 50px 0; \" data-overlay=\"true\" data-overlay-color=\"#000000\" class=\"panel-row-style panel-row-style-for-17719-3\" ><div id=\"pgc-17719-3-0\"  class=\"panel-grid-cell\" ><div id=\"panel-17719-3-0-0\" class=\"so-panel widget_siteorigin-panels-builder panel-first-child panel-last-child\" data-index=\"4\" ><div style=\"text-align: left;\" data-title-color=\"#47425d\" data-headings-color=\"#443f3f\" data-title_alignment=\"center\" class=\"panel-widget-style panel-widget-style-for-17719-3-0-0\" ><div id=\"pl-w5e184dd8105f8\"  class=\"panel-layout\" ><div id=\"pg-w5e184dd8105f8-0\"  class=\"panel-grid panel-has-style\" ><div style=\"padding: 0px 0; \" data-overlay=\"true\" data-overlay-color=\"#000000\" class=\"panel-row-style panel-row-style-for-w5e184dd8105f8-0\" ><div id=\"pgc-w5e184dd8105f8-0-0\"  class=\"panel-grid-cell\" ><div id=\"panel-w5e184dd8105f8-0-0-0\" class=\"so-panel widget_sow-editor panel-first-child panel-last-child\" data-index=\"0\" ><div style=\"text-align: left;\" data-title-color=\"#47425d\" data-headings-color=\"#443f3f\" data-title_alignment=\"center\" class=\"panel-widget-style panel-widget-style-for-w5e184dd8105f8-0-0-0\" ><div\n\t\t\t\n\t\t\tclass=\"so-widget-sow-editor so-widget-sow-editor-base\"\n\t\t\t\n\t\t>\n<div class=\"siteorigin-widget-tinymce textwidget\">\n\t<h3 class=\"BLAU-FOSC\" style=\"text-align: center;\">R\u00e9f\u00e9rences Xiameter\u00ae<\/h3>\n<p style=\"text-align: center; padding-top: 40px;\"><b>SLT-3445<\/b><br \/>\n<b>SLT-5130<\/b><br \/>\n<b>SLT-5200<\/b><br \/>\n<b>SLT-5331<\/b><br \/>\n<b>SLT-5400<\/b><br \/>\n<b>SLT-7000<\/b><br \/>\n<b>SLT-7460<\/b><br \/>\n<b>SLT-7160<\/b><\/p>\n<\/div>\n<\/div><\/div><\/div><\/div><\/div><\/div><\/div><\/div><\/div><\/div><\/div><\/div><\/div>","protected":false},"excerpt":{"rendered":"<p>Rev\u00eatements DOW Dow est une soci\u00e9t\u00e9 am\u00e9ricaine cl\u00e9 dans le d\u00e9veloppement de l&rsquo;innovation technologique, fournissant des solutions durables qui apportent de la [&hellip;]<\/p>\n","protected":false},"author":1,"featured_media":16000,"parent":0,"menu_order":0,"comment_status":"closed","ping_status":"closed","template":"page-templates\/page_fullwidth.php","meta":{"footnotes":""},"class_list":["post-17719","page","type-page","status-publish","has-post-thumbnail","hentry"],"yoast_head":"<!-- This site is optimized with the Yoast SEO plugin v27.6 - https:\/\/yoast.com\/product\/yoast-seo-wordpress\/ -->\n<title>Rev\u00eatements DOW - Coatresa<\/title>\n<meta name=\"description\" content=\"Rev\u00eatements DOW: large gamme de produits pour am\u00e9liorer les performances, l&#039;esth\u00e9tique et la durabilit\u00e9. Polym\u00e8res haute performance. En savoir plus.\" \/>\n<meta name=\"robots\" content=\"index, follow, max-snippet:-1, max-image-preview:large, max-video-preview:-1\" \/>\n<link rel=\"canonical\" href=\"https:\/\/www.coatresa.com\/fr\/revetements-dow\/\" \/>\n<meta property=\"og:locale\" content=\"fr_FR\" \/>\n<meta property=\"og:type\" content=\"article\" \/>\n<meta property=\"og:title\" content=\"Rev\u00eatements DOW - Coatresa\" \/>\n<meta property=\"og:description\" content=\"Rev\u00eatements DOW: large gamme de produits pour am\u00e9liorer les performances, l&#039;esth\u00e9tique et la durabilit\u00e9. Polym\u00e8res haute performance. En savoir plus.\" \/>\n<meta property=\"og:url\" content=\"https:\/\/www.coatresa.com\/fr\/revetements-dow\/\" \/>\n<meta property=\"og:site_name\" content=\"Coatresa\" \/>\n<meta property=\"article:publisher\" content=\"https:\/\/www.facebook.com\/Coatresa\/\" \/>\n<meta property=\"article:modified_time\" content=\"2020-01-10T10:11:36+00:00\" \/>\n<meta property=\"og:image\" content=\"https:\/\/www.coatresa.com\/wp-content\/uploads\/2019\/10\/recubrimientos-dow-1.png\" \/>\n\t<meta property=\"og:image:width\" content=\"240\" \/>\n\t<meta property=\"og:image:height\" content=\"120\" \/>\n\t<meta property=\"og:image:type\" content=\"image\/png\" \/>\n<meta name=\"twitter:card\" content=\"summary_large_image\" \/>\n<meta name=\"twitter:site\" content=\"@Coatresa\" \/>\n<meta name=\"twitter:label1\" content=\"Dur\u00e9e de lecture estim\u00e9e\" \/>\n\t<meta name=\"twitter:data1\" content=\"1 minute\" \/>\n<script type=\"application\/ld+json\" class=\"yoast-schema-graph\">{\"@context\":\"https:\\\/\\\/schema.org\",\"@graph\":[{\"@type\":\"WebPage\",\"@id\":\"https:\\\/\\\/www.coatresa.com\\\/fr\\\/revetements-dow\\\/\",\"url\":\"https:\\\/\\\/www.coatresa.com\\\/fr\\\/revetements-dow\\\/\",\"name\":\"Rev\u00eatements DOW - Coatresa\",\"isPartOf\":{\"@id\":\"https:\\\/\\\/www.coatresa.com\\\/fr\\\/#website\"},\"primaryImageOfPage\":{\"@id\":\"https:\\\/\\\/www.coatresa.com\\\/fr\\\/revetements-dow\\\/#primaryimage\"},\"image\":{\"@id\":\"https:\\\/\\\/www.coatresa.com\\\/fr\\\/revetements-dow\\\/#primaryimage\"},\"thumbnailUrl\":\"https:\\\/\\\/www.coatresa.com\\\/wp-content\\\/uploads\\\/2019\\\/10\\\/recubrimientos-dow-1.png\",\"datePublished\":\"2019-10-16T14:45:32+00:00\",\"dateModified\":\"2020-01-10T10:11:36+00:00\",\"description\":\"Rev\u00eatements DOW: large gamme de produits pour am\u00e9liorer les performances, l'esth\u00e9tique et la durabilit\u00e9. Polym\u00e8res haute performance. En savoir plus.\",\"breadcrumb\":{\"@id\":\"https:\\\/\\\/www.coatresa.com\\\/fr\\\/revetements-dow\\\/#breadcrumb\"},\"inLanguage\":\"fr-FR\",\"potentialAction\":[{\"@type\":\"ReadAction\",\"target\":[\"https:\\\/\\\/www.coatresa.com\\\/fr\\\/revetements-dow\\\/\"]}]},{\"@type\":\"ImageObject\",\"inLanguage\":\"fr-FR\",\"@id\":\"https:\\\/\\\/www.coatresa.com\\\/fr\\\/revetements-dow\\\/#primaryimage\",\"url\":\"https:\\\/\\\/www.coatresa.com\\\/wp-content\\\/uploads\\\/2019\\\/10\\\/recubrimientos-dow-1.png\",\"contentUrl\":\"https:\\\/\\\/www.coatresa.com\\\/wp-content\\\/uploads\\\/2019\\\/10\\\/recubrimientos-dow-1.png\",\"width\":240,\"height\":120,\"caption\":\"rev\u00eatements DOW\"},{\"@type\":\"BreadcrumbList\",\"@id\":\"https:\\\/\\\/www.coatresa.com\\\/fr\\\/revetements-dow\\\/#breadcrumb\",\"itemListElement\":[{\"@type\":\"ListItem\",\"position\":1,\"name\":\"Portada\",\"item\":\"https:\\\/\\\/www.coatresa.com\\\/fr\\\/\"},{\"@type\":\"ListItem\",\"position\":2,\"name\":\"Rev\u00eatements DOW\"}]},{\"@type\":\"WebSite\",\"@id\":\"https:\\\/\\\/www.coatresa.com\\\/fr\\\/#website\",\"url\":\"https:\\\/\\\/www.coatresa.com\\\/fr\\\/\",\"name\":\"Coatresa\",\"description\":\"Aplicaci\u00f3n de recubrimientos antiadherentes y anticorrosivos como el Teflon. Expertos del Powder Coating\",\"publisher\":{\"@id\":\"https:\\\/\\\/www.coatresa.com\\\/fr\\\/#organization\"},\"potentialAction\":[{\"@type\":\"SearchAction\",\"target\":{\"@type\":\"EntryPoint\",\"urlTemplate\":\"https:\\\/\\\/www.coatresa.com\\\/fr\\\/?s={search_term_string}\"},\"query-input\":{\"@type\":\"PropertyValueSpecification\",\"valueRequired\":true,\"valueName\":\"search_term_string\"}}],\"inLanguage\":\"fr-FR\"},{\"@type\":\"Organization\",\"@id\":\"https:\\\/\\\/www.coatresa.com\\\/fr\\\/#organization\",\"name\":\"Coatresa\",\"url\":\"https:\\\/\\\/www.coatresa.com\\\/fr\\\/\",\"logo\":{\"@type\":\"ImageObject\",\"inLanguage\":\"fr-FR\",\"@id\":\"https:\\\/\\\/www.coatresa.com\\\/fr\\\/#\\\/schema\\\/logo\\\/image\\\/\",\"url\":\"https:\\\/\\\/www.coatresa.com\\\/wp-content\\\/uploads\\\/2022\\\/07\\\/A_blava_mitja_transp.png\",\"contentUrl\":\"https:\\\/\\\/www.coatresa.com\\\/wp-content\\\/uploads\\\/2022\\\/07\\\/A_blava_mitja_transp.png\",\"width\":340,\"height\":326,\"caption\":\"Coatresa\"},\"image\":{\"@id\":\"https:\\\/\\\/www.coatresa.com\\\/fr\\\/#\\\/schema\\\/logo\\\/image\\\/\"},\"sameAs\":[\"https:\\\/\\\/www.facebook.com\\\/Coatresa\\\/\",\"https:\\\/\\\/x.com\\\/Coatresa\",\"https:\\\/\\\/www.linkedin.com\\\/company\\\/coatresa\\\/\",\"https:\\\/\\\/www.youtube.com\\\/user\\\/CoatresaCoatings\"]}]}<\/script>\n<!-- \/ Yoast SEO plugin. -->","yoast_head_json":{"title":"Rev\u00eatements DOW - Coatresa","description":"Rev\u00eatements DOW: large gamme de produits pour am\u00e9liorer les performances, l'esth\u00e9tique et la durabilit\u00e9. Polym\u00e8res haute performance. En savoir plus.","robots":{"index":"index","follow":"follow","max-snippet":"max-snippet:-1","max-image-preview":"max-image-preview:large","max-video-preview":"max-video-preview:-1"},"canonical":"https:\/\/www.coatresa.com\/fr\/revetements-dow\/","og_locale":"fr_FR","og_type":"article","og_title":"Rev\u00eatements DOW - Coatresa","og_description":"Rev\u00eatements DOW: large gamme de produits pour am\u00e9liorer les performances, l'esth\u00e9tique et la durabilit\u00e9. Polym\u00e8res haute performance. En savoir plus.","og_url":"https:\/\/www.coatresa.com\/fr\/revetements-dow\/","og_site_name":"Coatresa","article_publisher":"https:\/\/www.facebook.com\/Coatresa\/","article_modified_time":"2020-01-10T10:11:36+00:00","og_image":[{"width":240,"height":120,"url":"https:\/\/www.coatresa.com\/wp-content\/uploads\/2019\/10\/recubrimientos-dow-1.png","type":"image\/png"}],"twitter_card":"summary_large_image","twitter_site":"@Coatresa","twitter_misc":{"Dur\u00e9e de lecture estim\u00e9e":"1 minute"},"schema":{"@context":"https:\/\/schema.org","@graph":[{"@type":"WebPage","@id":"https:\/\/www.coatresa.com\/fr\/revetements-dow\/","url":"https:\/\/www.coatresa.com\/fr\/revetements-dow\/","name":"Rev\u00eatements DOW - Coatresa","isPartOf":{"@id":"https:\/\/www.coatresa.com\/fr\/#website"},"primaryImageOfPage":{"@id":"https:\/\/www.coatresa.com\/fr\/revetements-dow\/#primaryimage"},"image":{"@id":"https:\/\/www.coatresa.com\/fr\/revetements-dow\/#primaryimage"},"thumbnailUrl":"https:\/\/www.coatresa.com\/wp-content\/uploads\/2019\/10\/recubrimientos-dow-1.png","datePublished":"2019-10-16T14:45:32+00:00","dateModified":"2020-01-10T10:11:36+00:00","description":"Rev\u00eatements DOW: large gamme de produits pour am\u00e9liorer les performances, l'esth\u00e9tique et la durabilit\u00e9. Polym\u00e8res haute performance. En savoir plus.","breadcrumb":{"@id":"https:\/\/www.coatresa.com\/fr\/revetements-dow\/#breadcrumb"},"inLanguage":"fr-FR","potentialAction":[{"@type":"ReadAction","target":["https:\/\/www.coatresa.com\/fr\/revetements-dow\/"]}]},{"@type":"ImageObject","inLanguage":"fr-FR","@id":"https:\/\/www.coatresa.com\/fr\/revetements-dow\/#primaryimage","url":"https:\/\/www.coatresa.com\/wp-content\/uploads\/2019\/10\/recubrimientos-dow-1.png","contentUrl":"https:\/\/www.coatresa.com\/wp-content\/uploads\/2019\/10\/recubrimientos-dow-1.png","width":240,"height":120,"caption":"rev\u00eatements DOW"},{"@type":"BreadcrumbList","@id":"https:\/\/www.coatresa.com\/fr\/revetements-dow\/#breadcrumb","itemListElement":[{"@type":"ListItem","position":1,"name":"Portada","item":"https:\/\/www.coatresa.com\/fr\/"},{"@type":"ListItem","position":2,"name":"Rev\u00eatements DOW"}]},{"@type":"WebSite","@id":"https:\/\/www.coatresa.com\/fr\/#website","url":"https:\/\/www.coatresa.com\/fr\/","name":"Coatresa","description":"Aplicaci\u00f3n de recubrimientos antiadherentes y anticorrosivos como el Teflon. Expertos del Powder Coating","publisher":{"@id":"https:\/\/www.coatresa.com\/fr\/#organization"},"potentialAction":[{"@type":"SearchAction","target":{"@type":"EntryPoint","urlTemplate":"https:\/\/www.coatresa.com\/fr\/?s={search_term_string}"},"query-input":{"@type":"PropertyValueSpecification","valueRequired":true,"valueName":"search_term_string"}}],"inLanguage":"fr-FR"},{"@type":"Organization","@id":"https:\/\/www.coatresa.com\/fr\/#organization","name":"Coatresa","url":"https:\/\/www.coatresa.com\/fr\/","logo":{"@type":"ImageObject","inLanguage":"fr-FR","@id":"https:\/\/www.coatresa.com\/fr\/#\/schema\/logo\/image\/","url":"https:\/\/www.coatresa.com\/wp-content\/uploads\/2022\/07\/A_blava_mitja_transp.png","contentUrl":"https:\/\/www.coatresa.com\/wp-content\/uploads\/2022\/07\/A_blava_mitja_transp.png","width":340,"height":326,"caption":"Coatresa"},"image":{"@id":"https:\/\/www.coatresa.com\/fr\/#\/schema\/logo\/image\/"},"sameAs":["https:\/\/www.facebook.com\/Coatresa\/","https:\/\/x.com\/Coatresa","https:\/\/www.linkedin.com\/company\/coatresa\/","https:\/\/www.youtube.com\/user\/CoatresaCoatings"]}]}},"_links":{"self":[{"href":"https:\/\/www.coatresa.com\/fr\/wp-json\/wp\/v2\/pages\/17719","targetHints":{"allow":["GET"]}}],"collection":[{"href":"https:\/\/www.coatresa.com\/fr\/wp-json\/wp\/v2\/pages"}],"about":[{"href":"https:\/\/www.coatresa.com\/fr\/wp-json\/wp\/v2\/types\/page"}],"author":[{"embeddable":true,"href":"https:\/\/www.coatresa.com\/fr\/wp-json\/wp\/v2\/users\/1"}],"replies":[{"embeddable":true,"href":"https:\/\/www.coatresa.com\/fr\/wp-json\/wp\/v2\/comments?post=17719"}],"version-history":[{"count":0,"href":"https:\/\/www.coatresa.com\/fr\/wp-json\/wp\/v2\/pages\/17719\/revisions"}],"wp:featuredmedia":[{"embeddable":true,"href":"https:\/\/www.coatresa.com\/fr\/wp-json\/wp\/v2\/media\/16000"}],"wp:attachment":[{"href":"https:\/\/www.coatresa.com\/fr\/wp-json\/wp\/v2\/media?parent=17719"}],"curies":[{"name":"wp","href":"https:\/\/api.w.org\/{rel}","templated":true}]}}