{"id":17726,"date":"2019-10-03T11:17:20","date_gmt":"2019-10-03T09:17:20","guid":{"rendered":"https:\/\/www.coatresa.com\/recubrimiento-whitford-eclipse\/"},"modified":"2023-06-13T13:09:23","modified_gmt":"2023-06-13T11:09:23","slug":"revetement-whitford-eclipse","status":"publish","type":"page","link":"https:\/\/www.coatresa.com\/fr\/revetement-whitford-eclipse\/","title":{"rendered":"Rev\u00eatement Eclipse"},"content":{"rendered":"<div id=\"pl-17726\"  class=\"panel-layout\" ><div id=\"pg-17726-0\"  class=\"panel-grid panel-has-style\" ><div style=\"padding: 0px 0; \" data-overlay=\"true\" data-overlay-color=\"#000000\" class=\"panel-row-style panel-row-style-for-17726-0\" ><div id=\"pgc-17726-0-0\"  class=\"panel-grid-cell\" ><div id=\"panel-17726-0-0-0\" class=\"so-panel widget_sow-image panel-first-child panel-last-child\" data-index=\"0\" ><div style=\"text-align: left;\" data-title-color=\"#47425d\" data-headings-color=\"#443f3f\" data-title_alignment=\"center\" class=\"panel-widget-style panel-widget-style-for-17726-0-0-0\" ><div\n\t\t\t\n\t\t\tclass=\"so-widget-sow-image so-widget-sow-image-default-c67d20f9f743-17726\"\n\t\t\t\n\t\t>\n<div class=\"sow-image-container\">\n\t\t<img \n\tsrc=\"https:\/\/www.coatresa.com\/wp-content\/uploads\/2023\/06\/Recubrimiento-Whitford_Eclipse.png\" width=\"197\" height=\"197\" srcset=\"https:\/\/www.coatresa.com\/wp-content\/uploads\/2023\/06\/Recubrimiento-Whitford_Eclipse.png 197w, https:\/\/www.coatresa.com\/wp-content\/uploads\/2023\/06\/Recubrimiento-Whitford_Eclipse-150x150.png 150w\" sizes=\"(max-width: 197px) 100vw, 197px\" title=\"Recubrimiento Whitford_Eclipse\" alt=\"\" \t\tclass=\"so-widget-image\"\/>\n\t<\/div>\n\n<\/div><\/div><\/div><\/div><div id=\"pgc-17726-0-1\"  class=\"panel-grid-cell\" ><div id=\"panel-17726-0-1-0\" class=\"so-panel widget_sow-editor panel-first-child panel-last-child\" data-index=\"1\" ><div style=\"text-align: left;\" data-title-color=\"#47425d\" data-headings-color=\"#000000\" data-title_alignment=\"center\" class=\"panel-widget-style panel-widget-style-for-17726-0-1-0\" ><div\n\t\t\t\n\t\t\tclass=\"so-widget-sow-editor so-widget-sow-editor-base\"\n\t\t\t\n\t\t>\n<div class=\"siteorigin-widget-tinymce textwidget\">\n\t<h1 style=\"text-align: left;\">Rev\u00eatement Eclipse \u00ae<\/h1>\n<hr align=\"left\" \/>\n<p style=\"text-align: justify;\">Le rev\u00eatement Eclipse\u00ae est un syst\u00e8me antiadh\u00e9sif renforc\u00e9 \u00e0 l'int\u00e9rieur con\u00e7u pour durer plus longtemps que les autres rev\u00eatements du m\u00eame type.<br \/>\nLa gamme de rev\u00eatements Eclipse\u00ae (Eclipse et Eclipse High-Build pour les ustensiles de cuisine et Eclipse pour les ustensiles de cuisson) pr\u00e9sente une r\u00e9sistance remarquable \u00e0 l'usure caract\u00e9ristique de la cuisine moyenne actuelle.<\/p>\n<\/div>\n<\/div><\/div><\/div><\/div><\/div><\/div><div id=\"pg-17726-1\"  class=\"panel-grid panel-has-style\" ><div class=\"FRANJA-BLAVA-TITOL siteorigin-panels-stretch panel-row-style panel-row-style-for-17726-1\" style=\"padding: 0px 0; \" data-stretch-type=\"full\" data-overlay=\"true\" data-overlay-color=\"#000000\" ><div id=\"pgc-17726-1-0\"  class=\"panel-grid-cell\" ><div id=\"panel-17726-1-0-0\" class=\"so-panel widget_sow-editor panel-first-child panel-last-child\" data-index=\"2\" ><div style=\"text-align: left;\" data-title-color=\"#47425d\" data-headings-color=\"#443f3f\" data-title_alignment=\"center\" class=\"panel-widget-style panel-widget-style-for-17726-1-0-0\" ><div\n\t\t\t\n\t\t\tclass=\"so-widget-sow-editor so-widget-sow-editor-base\"\n\t\t\t\n\t\t>\n<div class=\"siteorigin-widget-tinymce textwidget\">\n\t<h2 style=\"text-align: center;\">Propri\u00e9t\u00e9s des rev\u00eatements Eclipse \u00ae<\/h2>\n<\/div>\n<\/div><\/div><\/div><\/div><\/div><\/div><div id=\"pg-17726-2\"  class=\"panel-grid panel-has-style\" ><div class=\"BGC-GRIS siteorigin-panels-stretch panel-row-style panel-row-style-for-17726-2\" style=\"padding: 50px 0; \" data-stretch-type=\"full\" data-overlay=\"true\" data-overlay-color=\"#000000\" ><div id=\"pgc-17726-2-0\"  class=\"panel-grid-cell\" ><div id=\"panel-17726-2-0-0\" class=\"so-panel widget_sow-editor panel-first-child panel-last-child\" data-index=\"3\" ><div style=\"text-align: left;\" data-title-color=\"#47425d\" data-headings-color=\"#443f3f\" data-title_alignment=\"center\" class=\"panel-widget-style panel-widget-style-for-17726-2-0-0\" ><div\n\t\t\t\n\t\t\tclass=\"so-widget-sow-editor so-widget-sow-editor-base\"\n\t\t\t\n\t\t>\n<div class=\"siteorigin-widget-tinymce textwidget\">\n\t<h3>Eclipse pour ustensiles de cuisine<\/h3>\n<ul>\n<li>Rev\u00eatement \u00e0 trois couches<\/li>\n<li>L'appr\u00eat de base contient une combinaison soigneusement s\u00e9lectionn\u00e9e de r\u00e9sines et de mat\u00e9riaux particuli\u00e8rement durs, ce qui permet un pourcentage bien plus \u00e9lev\u00e9 d'\u00e9l\u00e9ments de renforcement sp\u00e9ciaux que la normale<\/li>\n<li>La couche sup\u00e9rieure riche en fluoropolym\u00e8re est enti\u00e8rement d\u00e9di\u00e9e \u00e0 l'anti-adh\u00e9rence<\/li>\n<li>Excellents r\u00e9sultats aux tests d'abrasion par mouvement alternatif: plus de 700.000 cycles, le rev\u00eatement interne renforc\u00e9 le plus r\u00e9sistant \u00e0 l'abrasion pr\u00e9c\u00e9demment test\u00e9 ayant atteint 20.000 cycles<\/li>\n<\/ul>\n<\/div>\n<\/div><\/div><\/div><\/div><div id=\"pgc-17726-2-1\"  class=\"panel-grid-cell\" ><div id=\"panel-17726-2-1-0\" class=\"so-panel widget_sow-editor panel-first-child panel-last-child\" data-index=\"4\" ><div style=\"text-align: left;\" data-title-color=\"#47425d\" data-headings-color=\"#443f3f\" data-title_alignment=\"center\" class=\"panel-widget-style panel-widget-style-for-17726-2-1-0\" ><div\n\t\t\t\n\t\t\tclass=\"so-widget-sow-editor so-widget-sow-editor-base\"\n\t\t\t\n\t\t>\n<div class=\"siteorigin-widget-tinymce textwidget\">\n\t<h3>Eclipse High-Build pour ustensiles de cuisine<\/h3>\n<ul>\n<li>Am\u00e9lior\u00e9 gr\u00e2ce \u00e0 une recherche et un d\u00e9veloppement intensifs afin d\u2019atteindre un niveau de performance bien sup\u00e9rieur \u00e0 celui de tous les rev\u00eatements renforc\u00e9s \u00e0 l'int\u00e9rieur<\/li>\n<li>Conforme \u00e0 toutes les r\u00e9glementations am\u00e9ricaines et europ\u00e9ennes en mati\u00e8re de s\u00e9curit\u00e9 alimentaire<\/li>\n<li>Peut \u00eatre appliqu\u00e9 jusqu'\u00e0 60 microns sans fissuration (la plupart des syst\u00e8mes antiadh\u00e9sifs se fissurent s'ils sont appliqu\u00e9s \u00e0 plus de 40 microns)<\/li>\n<\/ul>\n<\/div>\n<\/div><\/div><\/div><\/div><div id=\"pgc-17726-2-2\"  class=\"panel-grid-cell\" ><div id=\"panel-17726-2-2-0\" class=\"so-panel widget_sow-editor panel-first-child panel-last-child\" data-index=\"5\" ><div style=\"text-align: left;\" data-title-color=\"#47425d\" data-headings-color=\"#443f3f\" data-title_alignment=\"center\" class=\"panel-widget-style panel-widget-style-for-17726-2-2-0\" ><div\n\t\t\t\n\t\t\tclass=\"so-widget-sow-editor so-widget-sow-editor-base\"\n\t\t\t\n\t\t>\n<div class=\"siteorigin-widget-tinymce textwidget\">\n\t<h3>Eclipse pour ustensiles de cuisson<\/h3>\n<ul>\n<li>Un syst\u00e8me antiadh\u00e9sif \u00e0 deux couches, renforc\u00e9 \u00e0 l'int\u00e9rieur<\/li>\n<li>Con\u00e7u pour durer plus longtemps que d'autres rev\u00eatements de cuisson renforc\u00e9s \u00e0 l'int\u00e9rieur<\/li>\n<li>Excellente anti-adh\u00e9rence gr\u00e2ce au silicone, permettant \u00e0 la version a\u00e9rosol d'Eclipse pour ustensiles de cuisson de porter la mention \u00ab<b>Fabriqu\u00e9 sans PFOA<\/b>\u00bb<\/li>\n<li>Id\u00e9al pour les substrats d\u2019aluminium et d\u2019aciers au phosphate de carbone<\/li>\n<\/ul>\n<\/div>\n<\/div><\/div><\/div><\/div><\/div><\/div><div id=\"pg-17726-3\"  class=\"panel-grid panel-has-style\" ><div class=\"siteorigin-panels-stretch panel-row-style panel-row-style-for-17726-3\" style=\"padding: 50px 0; \" data-stretch-type=\"full\" data-overlay=\"true\" data-overlay-color=\"#000000\" ><div id=\"pgc-17726-3-0\"  class=\"panel-grid-cell\" ><div id=\"panel-17726-3-0-0\" class=\"so-panel widget_siteorigin-panels-builder panel-first-child panel-last-child\" data-index=\"6\" ><div style=\"text-align: left;\" data-title-color=\"#47425d\" data-headings-color=\"#443f3f\" data-title_alignment=\"center\" class=\"panel-widget-style panel-widget-style-for-17726-3-0-0\" ><div id=\"pl-w64884e635c23b\"  class=\"panel-layout\" ><div id=\"pg-w64884e635c23b-0\"  class=\"panel-grid panel-has-style\" ><div style=\"padding: 0px 0; \" data-overlay=\"true\" data-overlay-color=\"#000000\" class=\"panel-row-style panel-row-style-for-w64884e635c23b-0\" ><div id=\"pgc-w64884e635c23b-0-0\"  class=\"panel-grid-cell\" ><div id=\"panel-w64884e635c23b-0-0-0\" class=\"so-panel widget_sow-editor panel-first-child panel-last-child\" data-index=\"0\" ><div style=\"text-align: left;\" data-title-color=\"#47425d\" data-headings-color=\"#443f3f\" data-title_alignment=\"center\" class=\"panel-widget-style panel-widget-style-for-w64884e635c23b-0-0-0\" ><div\n\t\t\t\n\t\t\tclass=\"so-widget-sow-editor so-widget-sow-editor-base\"\n\t\t\t\n\t\t>\n<div class=\"siteorigin-widget-tinymce textwidget\">\n\t<h2 class=\"BLAU-FOSC\" style=\"text-align: center;\">R\u00e9f\u00e9rences Eclipse\u00ae<\/h2>\n<p style=\"text-align: center; padding-top: 40px;\"><b>Eclipse 7050<\/b><br \/>\n<b>Eclipse 7252<\/b><br \/>\n<b>Eclipse HB 70-750<\/b><br \/>\n<b>Eclipse HB 72-752<\/b><br \/>\n<b>Eclipse HB 73-753<\/b><\/p>\n<\/div>\n<\/div><\/div><\/div><\/div><\/div><\/div><\/div><\/div><\/div><\/div><\/div><\/div><\/div>","protected":false},"excerpt":{"rendered":"<p>Rev\u00eatement Eclipse \u00ae Le rev\u00eatement Eclipse\u00ae est un syst\u00e8me antiadh\u00e9sif renforc\u00e9 \u00e0 l&rsquo;int\u00e9rieur con\u00e7u pour durer plus longtemps que les autres rev\u00eatements [&hellip;]<\/p>\n","protected":false},"author":1,"featured_media":15869,"parent":0,"menu_order":0,"comment_status":"closed","ping_status":"closed","template":"page-templates\/page_fullwidth.php","meta":{"footnotes":""},"class_list":["post-17726","page","type-page","status-publish","has-post-thumbnail","hentry"],"yoast_head":"<!-- This site is optimized with the Yoast SEO plugin v27.6 - https:\/\/yoast.com\/product\/yoast-seo-wordpress\/ -->\n<title>Rev\u00eatement Eclipse - Coatresa<\/title>\n<meta name=\"description\" content=\"Rev\u00eatement Eclipse Whitford: rev\u00eatements dot\u00e9s d\u2019un syst\u00e8me antiadh\u00e9sif renforc\u00e9 \u00e0 l&#039;int\u00e9rieur. R\u00e9sistance \u00e0 l&#039;usure des ustensiles de cuisine et de cuisson\" \/>\n<meta name=\"robots\" content=\"index, follow, max-snippet:-1, max-image-preview:large, max-video-preview:-1\" \/>\n<link rel=\"canonical\" href=\"https:\/\/www.coatresa.com\/fr\/revetement-whitford-eclipse\/\" \/>\n<meta property=\"og:locale\" content=\"fr_FR\" \/>\n<meta property=\"og:type\" content=\"article\" \/>\n<meta property=\"og:title\" content=\"Rev\u00eatement Eclipse - Coatresa\" \/>\n<meta property=\"og:description\" content=\"Rev\u00eatement Eclipse Whitford: rev\u00eatements dot\u00e9s d\u2019un syst\u00e8me antiadh\u00e9sif renforc\u00e9 \u00e0 l&#039;int\u00e9rieur. R\u00e9sistance \u00e0 l&#039;usure des ustensiles de cuisine et de cuisson\" \/>\n<meta property=\"og:url\" content=\"https:\/\/www.coatresa.com\/fr\/revetement-whitford-eclipse\/\" \/>\n<meta property=\"og:site_name\" content=\"Coatresa\" \/>\n<meta property=\"article:publisher\" content=\"https:\/\/www.facebook.com\/Coatresa\/\" \/>\n<meta property=\"article:modified_time\" content=\"2023-06-13T11:09:23+00:00\" \/>\n<meta property=\"og:image\" content=\"https:\/\/www.coatresa.com\/wp-content\/uploads\/2019\/10\/recubrimientos-eclipse-whitford.png\" \/>\n\t<meta property=\"og:image:width\" content=\"197\" \/>\n\t<meta property=\"og:image:height\" content=\"197\" \/>\n\t<meta property=\"og:image:type\" content=\"image\/png\" \/>\n<meta name=\"twitter:card\" content=\"summary_large_image\" \/>\n<meta name=\"twitter:site\" content=\"@Coatresa\" \/>\n<meta name=\"twitter:label1\" content=\"Dur\u00e9e de lecture estim\u00e9e\" \/>\n\t<meta name=\"twitter:data1\" content=\"2 minutes\" \/>\n<script type=\"application\/ld+json\" class=\"yoast-schema-graph\">{\"@context\":\"https:\\\/\\\/schema.org\",\"@graph\":[{\"@type\":\"WebPage\",\"@id\":\"https:\\\/\\\/www.coatresa.com\\\/fr\\\/revetement-whitford-eclipse\\\/\",\"url\":\"https:\\\/\\\/www.coatresa.com\\\/fr\\\/revetement-whitford-eclipse\\\/\",\"name\":\"Rev\u00eatement Eclipse - Coatresa\",\"isPartOf\":{\"@id\":\"https:\\\/\\\/www.coatresa.com\\\/fr\\\/#website\"},\"primaryImageOfPage\":{\"@id\":\"https:\\\/\\\/www.coatresa.com\\\/fr\\\/revetement-whitford-eclipse\\\/#primaryimage\"},\"image\":{\"@id\":\"https:\\\/\\\/www.coatresa.com\\\/fr\\\/revetement-whitford-eclipse\\\/#primaryimage\"},\"thumbnailUrl\":\"https:\\\/\\\/www.coatresa.com\\\/wp-content\\\/uploads\\\/2019\\\/10\\\/recubrimientos-eclipse-whitford.png\",\"datePublished\":\"2019-10-03T09:17:20+00:00\",\"dateModified\":\"2023-06-13T11:09:23+00:00\",\"description\":\"Rev\u00eatement Eclipse Whitford: rev\u00eatements dot\u00e9s d\u2019un syst\u00e8me antiadh\u00e9sif renforc\u00e9 \u00e0 l'int\u00e9rieur. R\u00e9sistance \u00e0 l'usure des ustensiles de cuisine et de cuisson\",\"breadcrumb\":{\"@id\":\"https:\\\/\\\/www.coatresa.com\\\/fr\\\/revetement-whitford-eclipse\\\/#breadcrumb\"},\"inLanguage\":\"fr-FR\",\"potentialAction\":[{\"@type\":\"ReadAction\",\"target\":[\"https:\\\/\\\/www.coatresa.com\\\/fr\\\/revetement-whitford-eclipse\\\/\"]}]},{\"@type\":\"ImageObject\",\"inLanguage\":\"fr-FR\",\"@id\":\"https:\\\/\\\/www.coatresa.com\\\/fr\\\/revetement-whitford-eclipse\\\/#primaryimage\",\"url\":\"https:\\\/\\\/www.coatresa.com\\\/wp-content\\\/uploads\\\/2019\\\/10\\\/recubrimientos-eclipse-whitford.png\",\"contentUrl\":\"https:\\\/\\\/www.coatresa.com\\\/wp-content\\\/uploads\\\/2019\\\/10\\\/recubrimientos-eclipse-whitford.png\",\"width\":197,\"height\":197,\"caption\":\"Rev\u00eatement Eclipse Whitford\"},{\"@type\":\"BreadcrumbList\",\"@id\":\"https:\\\/\\\/www.coatresa.com\\\/fr\\\/revetement-whitford-eclipse\\\/#breadcrumb\",\"itemListElement\":[{\"@type\":\"ListItem\",\"position\":1,\"name\":\"Portada\",\"item\":\"https:\\\/\\\/www.coatresa.com\\\/fr\\\/\"},{\"@type\":\"ListItem\",\"position\":2,\"name\":\"Rev\u00eatement Eclipse\"}]},{\"@type\":\"WebSite\",\"@id\":\"https:\\\/\\\/www.coatresa.com\\\/fr\\\/#website\",\"url\":\"https:\\\/\\\/www.coatresa.com\\\/fr\\\/\",\"name\":\"Coatresa\",\"description\":\"Aplicaci\u00f3n de recubrimientos antiadherentes y anticorrosivos como el Teflon. Expertos del Powder Coating\",\"publisher\":{\"@id\":\"https:\\\/\\\/www.coatresa.com\\\/fr\\\/#organization\"},\"potentialAction\":[{\"@type\":\"SearchAction\",\"target\":{\"@type\":\"EntryPoint\",\"urlTemplate\":\"https:\\\/\\\/www.coatresa.com\\\/fr\\\/?s={search_term_string}\"},\"query-input\":{\"@type\":\"PropertyValueSpecification\",\"valueRequired\":true,\"valueName\":\"search_term_string\"}}],\"inLanguage\":\"fr-FR\"},{\"@type\":\"Organization\",\"@id\":\"https:\\\/\\\/www.coatresa.com\\\/fr\\\/#organization\",\"name\":\"Coatresa\",\"url\":\"https:\\\/\\\/www.coatresa.com\\\/fr\\\/\",\"logo\":{\"@type\":\"ImageObject\",\"inLanguage\":\"fr-FR\",\"@id\":\"https:\\\/\\\/www.coatresa.com\\\/fr\\\/#\\\/schema\\\/logo\\\/image\\\/\",\"url\":\"https:\\\/\\\/www.coatresa.com\\\/wp-content\\\/uploads\\\/2022\\\/07\\\/A_blava_mitja_transp.png\",\"contentUrl\":\"https:\\\/\\\/www.coatresa.com\\\/wp-content\\\/uploads\\\/2022\\\/07\\\/A_blava_mitja_transp.png\",\"width\":340,\"height\":326,\"caption\":\"Coatresa\"},\"image\":{\"@id\":\"https:\\\/\\\/www.coatresa.com\\\/fr\\\/#\\\/schema\\\/logo\\\/image\\\/\"},\"sameAs\":[\"https:\\\/\\\/www.facebook.com\\\/Coatresa\\\/\",\"https:\\\/\\\/x.com\\\/Coatresa\",\"https:\\\/\\\/www.linkedin.com\\\/company\\\/coatresa\\\/\",\"https:\\\/\\\/www.youtube.com\\\/user\\\/CoatresaCoatings\"]}]}<\/script>\n<!-- \/ Yoast SEO plugin. -->","yoast_head_json":{"title":"Rev\u00eatement Eclipse - Coatresa","description":"Rev\u00eatement Eclipse Whitford: rev\u00eatements dot\u00e9s d\u2019un syst\u00e8me antiadh\u00e9sif renforc\u00e9 \u00e0 l'int\u00e9rieur. R\u00e9sistance \u00e0 l'usure des ustensiles de cuisine et de cuisson","robots":{"index":"index","follow":"follow","max-snippet":"max-snippet:-1","max-image-preview":"max-image-preview:large","max-video-preview":"max-video-preview:-1"},"canonical":"https:\/\/www.coatresa.com\/fr\/revetement-whitford-eclipse\/","og_locale":"fr_FR","og_type":"article","og_title":"Rev\u00eatement Eclipse - Coatresa","og_description":"Rev\u00eatement Eclipse Whitford: rev\u00eatements dot\u00e9s d\u2019un syst\u00e8me antiadh\u00e9sif renforc\u00e9 \u00e0 l'int\u00e9rieur. R\u00e9sistance \u00e0 l'usure des ustensiles de cuisine et de cuisson","og_url":"https:\/\/www.coatresa.com\/fr\/revetement-whitford-eclipse\/","og_site_name":"Coatresa","article_publisher":"https:\/\/www.facebook.com\/Coatresa\/","article_modified_time":"2023-06-13T11:09:23+00:00","og_image":[{"width":197,"height":197,"url":"https:\/\/www.coatresa.com\/wp-content\/uploads\/2019\/10\/recubrimientos-eclipse-whitford.png","type":"image\/png"}],"twitter_card":"summary_large_image","twitter_site":"@Coatresa","twitter_misc":{"Dur\u00e9e de lecture estim\u00e9e":"2 minutes"},"schema":{"@context":"https:\/\/schema.org","@graph":[{"@type":"WebPage","@id":"https:\/\/www.coatresa.com\/fr\/revetement-whitford-eclipse\/","url":"https:\/\/www.coatresa.com\/fr\/revetement-whitford-eclipse\/","name":"Rev\u00eatement Eclipse - Coatresa","isPartOf":{"@id":"https:\/\/www.coatresa.com\/fr\/#website"},"primaryImageOfPage":{"@id":"https:\/\/www.coatresa.com\/fr\/revetement-whitford-eclipse\/#primaryimage"},"image":{"@id":"https:\/\/www.coatresa.com\/fr\/revetement-whitford-eclipse\/#primaryimage"},"thumbnailUrl":"https:\/\/www.coatresa.com\/wp-content\/uploads\/2019\/10\/recubrimientos-eclipse-whitford.png","datePublished":"2019-10-03T09:17:20+00:00","dateModified":"2023-06-13T11:09:23+00:00","description":"Rev\u00eatement Eclipse Whitford: rev\u00eatements dot\u00e9s d\u2019un syst\u00e8me antiadh\u00e9sif renforc\u00e9 \u00e0 l'int\u00e9rieur. R\u00e9sistance \u00e0 l'usure des ustensiles de cuisine et de cuisson","breadcrumb":{"@id":"https:\/\/www.coatresa.com\/fr\/revetement-whitford-eclipse\/#breadcrumb"},"inLanguage":"fr-FR","potentialAction":[{"@type":"ReadAction","target":["https:\/\/www.coatresa.com\/fr\/revetement-whitford-eclipse\/"]}]},{"@type":"ImageObject","inLanguage":"fr-FR","@id":"https:\/\/www.coatresa.com\/fr\/revetement-whitford-eclipse\/#primaryimage","url":"https:\/\/www.coatresa.com\/wp-content\/uploads\/2019\/10\/recubrimientos-eclipse-whitford.png","contentUrl":"https:\/\/www.coatresa.com\/wp-content\/uploads\/2019\/10\/recubrimientos-eclipse-whitford.png","width":197,"height":197,"caption":"Rev\u00eatement Eclipse Whitford"},{"@type":"BreadcrumbList","@id":"https:\/\/www.coatresa.com\/fr\/revetement-whitford-eclipse\/#breadcrumb","itemListElement":[{"@type":"ListItem","position":1,"name":"Portada","item":"https:\/\/www.coatresa.com\/fr\/"},{"@type":"ListItem","position":2,"name":"Rev\u00eatement Eclipse"}]},{"@type":"WebSite","@id":"https:\/\/www.coatresa.com\/fr\/#website","url":"https:\/\/www.coatresa.com\/fr\/","name":"Coatresa","description":"Aplicaci\u00f3n de recubrimientos antiadherentes y anticorrosivos como el Teflon. Expertos del Powder Coating","publisher":{"@id":"https:\/\/www.coatresa.com\/fr\/#organization"},"potentialAction":[{"@type":"SearchAction","target":{"@type":"EntryPoint","urlTemplate":"https:\/\/www.coatresa.com\/fr\/?s={search_term_string}"},"query-input":{"@type":"PropertyValueSpecification","valueRequired":true,"valueName":"search_term_string"}}],"inLanguage":"fr-FR"},{"@type":"Organization","@id":"https:\/\/www.coatresa.com\/fr\/#organization","name":"Coatresa","url":"https:\/\/www.coatresa.com\/fr\/","logo":{"@type":"ImageObject","inLanguage":"fr-FR","@id":"https:\/\/www.coatresa.com\/fr\/#\/schema\/logo\/image\/","url":"https:\/\/www.coatresa.com\/wp-content\/uploads\/2022\/07\/A_blava_mitja_transp.png","contentUrl":"https:\/\/www.coatresa.com\/wp-content\/uploads\/2022\/07\/A_blava_mitja_transp.png","width":340,"height":326,"caption":"Coatresa"},"image":{"@id":"https:\/\/www.coatresa.com\/fr\/#\/schema\/logo\/image\/"},"sameAs":["https:\/\/www.facebook.com\/Coatresa\/","https:\/\/x.com\/Coatresa","https:\/\/www.linkedin.com\/company\/coatresa\/","https:\/\/www.youtube.com\/user\/CoatresaCoatings"]}]}},"_links":{"self":[{"href":"https:\/\/www.coatresa.com\/fr\/wp-json\/wp\/v2\/pages\/17726","targetHints":{"allow":["GET"]}}],"collection":[{"href":"https:\/\/www.coatresa.com\/fr\/wp-json\/wp\/v2\/pages"}],"about":[{"href":"https:\/\/www.coatresa.com\/fr\/wp-json\/wp\/v2\/types\/page"}],"author":[{"embeddable":true,"href":"https:\/\/www.coatresa.com\/fr\/wp-json\/wp\/v2\/users\/1"}],"replies":[{"embeddable":true,"href":"https:\/\/www.coatresa.com\/fr\/wp-json\/wp\/v2\/comments?post=17726"}],"version-history":[{"count":0,"href":"https:\/\/www.coatresa.com\/fr\/wp-json\/wp\/v2\/pages\/17726\/revisions"}],"wp:featuredmedia":[{"embeddable":true,"href":"https:\/\/www.coatresa.com\/fr\/wp-json\/wp\/v2\/media\/15869"}],"wp:attachment":[{"href":"https:\/\/www.coatresa.com\/fr\/wp-json\/wp\/v2\/media?parent=17726"}],"curies":[{"name":"wp","href":"https:\/\/api.w.org\/{rel}","templated":true}]}}