{"id":17739,"date":"2019-10-03T10:42:11","date_gmt":"2019-10-03T08:42:11","guid":{"rendered":"https:\/\/www.coatresa.com\/recubrimiento-whitford-resilon\/"},"modified":"2023-06-09T14:18:28","modified_gmt":"2023-06-09T12:18:28","slug":"revetement-whitford-resilon","status":"publish","type":"page","link":"https:\/\/www.coatresa.com\/fr\/revetement-whitford-resilon\/","title":{"rendered":"Rev\u00eatement Resilon"},"content":{"rendered":"<div id=\"pl-17739\"  class=\"panel-layout\" ><div id=\"pg-17739-0\"  class=\"panel-grid panel-has-style\" ><div style=\"padding: 0px 0; \" data-overlay=\"true\" data-overlay-color=\"#000000\" class=\"panel-row-style panel-row-style-for-17739-0\" ><div id=\"pgc-17739-0-0\"  class=\"panel-grid-cell\" ><div id=\"panel-17739-0-0-0\" class=\"so-panel widget_sow-image panel-first-child panel-last-child\" data-index=\"0\" ><div style=\"text-align: left;\" data-title-color=\"#47425d\" data-headings-color=\"#443f3f\" data-title_alignment=\"center\" class=\"panel-widget-style panel-widget-style-for-17739-0-0-0\" ><div\n\t\t\t\n\t\t\tclass=\"so-widget-sow-image so-widget-sow-image-default-c67d20f9f743-17739\"\n\t\t\t\n\t\t>\n<div class=\"sow-image-container\">\n\t\t<img \n\tsrc=\"https:\/\/www.coatresa.com\/wp-content\/uploads\/2023\/06\/Recubrimiento-Whitford_Resilon.png\" width=\"197\" height=\"197\" srcset=\"https:\/\/www.coatresa.com\/wp-content\/uploads\/2023\/06\/Recubrimiento-Whitford_Resilon.png 197w, https:\/\/www.coatresa.com\/wp-content\/uploads\/2023\/06\/Recubrimiento-Whitford_Resilon-150x150.png 150w\" sizes=\"(max-width: 197px) 100vw, 197px\" title=\"Recubrimiento Whitford_Resilon\" alt=\"\" \t\tclass=\"so-widget-image\"\/>\n\t<\/div>\n\n<\/div><\/div><\/div><\/div><div id=\"pgc-17739-0-1\"  class=\"panel-grid-cell\" ><div id=\"panel-17739-0-1-0\" class=\"so-panel widget_sow-editor panel-first-child panel-last-child\" data-index=\"1\" ><div style=\"text-align: left;\" data-title-color=\"#47425d\" data-headings-color=\"#000000\" data-title_alignment=\"center\" class=\"panel-widget-style panel-widget-style-for-17739-0-1-0\" ><div\n\t\t\t\n\t\t\tclass=\"so-widget-sow-editor so-widget-sow-editor-base\"\n\t\t\t\n\t\t>\n<div class=\"siteorigin-widget-tinymce textwidget\">\n\t<h1 style=\"text-align: left;\">Rev\u00eatement Resilon \u00ae<\/h1>\n<hr align=\"left\" \/>\n<p style=\"text-align: justify;\">Resilon\u00ae est une gamme de rev\u00eatements monocomposants \u00e0 base d'eau destin\u00e9s aux substrats souples de l'industrie automobile. Bas\u00e9s sur la <b>technologie hybride PU\/Si<\/b>, les rev\u00eatements Resilon\u00ae sont con\u00e7us pour r\u00e9soudre une grande vari\u00e9t\u00e9 de probl\u00e8mes.<\/p>\n<p style=\"text-align: justify;\">Resilon\u00ae <b>contribue \u00e0 r\u00e9duire le frottement<\/b>, \u00e0 <b>supprime le bruit<\/b>, \u00e0 emp\u00eacher le collage et \u00e0 prot\u00e9ger des intemp\u00e9ries les syst\u00e8mes d'\u00e9tanch\u00e9it\u00e9 en caoutchouc des voitures (enveloppes de coffre, joints de porte, etc.)<\/p>\n<\/div>\n<\/div><\/div><\/div><\/div><\/div><\/div><div id=\"pg-17739-1\"  class=\"panel-grid panel-has-style\" ><div class=\"FRANJA-BLAVA-TITOL siteorigin-panels-stretch panel-row-style panel-row-style-for-17739-1\" style=\"padding: 0px 0; \" data-stretch-type=\"full\" data-overlay=\"true\" data-overlay-color=\"#000000\" ><div id=\"pgc-17739-1-0\"  class=\"panel-grid-cell\" ><div id=\"panel-17739-1-0-0\" class=\"so-panel widget_sow-editor panel-first-child panel-last-child\" data-index=\"2\" ><div style=\"text-align: left;\" data-title-color=\"#47425d\" data-headings-color=\"#443f3f\" data-title_alignment=\"center\" class=\"panel-widget-style panel-widget-style-for-17739-1-0-0\" ><div\n\t\t\t\n\t\t\tclass=\"so-widget-sow-editor so-widget-sow-editor-base\"\n\t\t\t\n\t\t>\n<div class=\"siteorigin-widget-tinymce textwidget\">\n\t<h2 style=\"text-align: center;\">Propri\u00e9t\u00e9s et applications du rev\u00eatement Resilon \u00ae<\/h2>\n<\/div>\n<\/div><\/div><\/div><\/div><\/div><\/div><div id=\"pg-17739-2\"  class=\"panel-grid panel-has-style\" ><div class=\"BGC-GRIS siteorigin-panels-stretch panel-row-style panel-row-style-for-17739-2\" style=\"padding: 0px 0; \" data-stretch-type=\"full\" data-overlay=\"true\" data-overlay-color=\"#000000\" ><div id=\"pgc-17739-2-0\"  class=\"panel-grid-cell\" ><div id=\"panel-17739-2-0-0\" class=\"so-panel widget_sow-editor panel-first-child panel-last-child\" data-index=\"3\" ><div style=\"text-align: left;\" data-title-color=\"#47425d\" data-headings-color=\"#443f3f\" data-title_alignment=\"center\" class=\"panel-widget-style panel-widget-style-for-17739-2-0-0\" ><div\n\t\t\t\n\t\t\tclass=\"so-widget-sow-editor so-widget-sow-editor-base\"\n\t\t\t\n\t\t>\n<div class=\"siteorigin-widget-tinymce textwidget\">\n\t<p style=\"text-align: center;\">La gamme de rev\u00eatements <b>Resilon<\/b>\u00ae offre des avantages significatifs:<\/p>\n<\/div>\n<\/div><\/div><\/div><\/div><\/div><\/div><div id=\"pg-17739-3\"  class=\"panel-grid panel-has-style\" ><div class=\"BGC-GRIS siteorigin-panels-stretch panel-row-style panel-row-style-for-17739-3\" style=\"padding: 0px 0; \" data-stretch-type=\"full\" data-overlay=\"true\" data-overlay-color=\"#000000\" ><div id=\"pgc-17739-3-0\"  class=\"panel-grid-cell\" ><div id=\"panel-17739-3-0-0\" class=\"so-panel widget_sow-editor panel-first-child panel-last-child\" data-index=\"4\" ><div style=\"text-align: left;\" data-title-color=\"#47425d\" data-headings-color=\"#443f3f\" data-title_alignment=\"center\" class=\"panel-widget-style panel-widget-style-for-17739-3-0-0\" ><div\n\t\t\t\n\t\t\tclass=\"so-widget-sow-editor so-widget-sow-editor-base\"\n\t\t\t\n\t\t>\n<div class=\"siteorigin-widget-tinymce textwidget\">\n\t<ul>\n<li style=\"text-align: left;\"><b>Faible teneur en COV : produit \u00e0 base d'eau et sans NMP<\/b><\/li>\n<li style=\"text-align: left;\"><b>Suppression des grincements caoutchouc\/m\u00e9tal et caoutchouc\/caoutchouc<\/b><\/li>\n<li style=\"text-align: left;\"><b>Excellente r\u00e9sistance \u00e0 l'abrasion et durabilit\u00e9 \u00e0 long terme<\/b><\/li>\n<li style=\"text-align: left;\"><b>Excellentes propri\u00e9t\u00e9s haptiques<\/b><\/li>\n<\/ul>\n<\/div>\n<\/div><\/div><\/div><\/div><div id=\"pgc-17739-3-1\"  class=\"panel-grid-cell\" ><div id=\"panel-17739-3-1-0\" class=\"so-panel widget_sow-editor panel-first-child panel-last-child\" data-index=\"5\" ><div style=\"text-align: left;\" data-title-color=\"#47425d\" data-headings-color=\"#443f3f\" data-title_alignment=\"center\" class=\"panel-widget-style panel-widget-style-for-17739-3-1-0\" ><div\n\t\t\t\n\t\t\tclass=\"so-widget-sow-editor so-widget-sow-editor-base\"\n\t\t\t\n\t\t>\n<div class=\"siteorigin-widget-tinymce textwidget\">\n\t<ul>\n<li style=\"text-align: left;\"><b>Frottement faible\/contr\u00f4l\u00e9 : 0,1 \u00e0 1,0<\/b><\/li>\n<li style=\"text-align: left;\"><b>Excellentes propri\u00e9t\u00e9s de d\u00e9gagement de chaleur et de cong\u00e9lation<\/b><\/li>\n<li style=\"text-align: left;\"><b>Excellente r\u00e9sistance aux intemp\u00e9ries et aux produits chimiques<\/b><\/li>\n<li style=\"text-align: left;\"><b>Id\u00e9al pour l'extrusion et les moulures d'angle<\/b><\/li>\n<\/ul>\n<\/div>\n<\/div><\/div><\/div><\/div><\/div><\/div><div id=\"pg-17739-4\"  class=\"panel-grid panel-has-style\" ><div class=\"BGC-GRIS siteorigin-panels-stretch panel-row-style panel-row-style-for-17739-4\" style=\"padding: 0px 0; \" data-stretch-type=\"full\" data-overlay=\"true\" data-overlay-color=\"#000000\" ><div id=\"pgc-17739-4-0\"  class=\"panel-grid-cell\" ><div id=\"panel-17739-4-0-0\" class=\"so-panel widget_sow-editor panel-first-child panel-last-child\" data-index=\"6\" ><div style=\"text-align: left;\" data-title-color=\"#47425d\" data-headings-color=\"#443f3f\" data-title_alignment=\"center\" class=\"panel-widget-style panel-widget-style-for-17739-4-0-0\" ><div\n\t\t\t\n\t\t\tclass=\"so-widget-sow-editor so-widget-sow-editor-base\"\n\t\t\t\n\t\t>\n<div class=\"siteorigin-widget-tinymce textwidget\">\n\t<p style=\"text-align: justify;\">Disponible en noir - transparent et autres couleurs sur demande, les rev\u00eatements Resilon\u00ae peuvent \u00eatre facilement appliqu\u00e9s sur <b>EPDM<\/b>, <b>TPE<\/b>, <b>NBR<\/b>, <strong>PVC<\/strong>, <b>ABS<\/b> et autres substrats sensibles \u00e0 la temp\u00e9rature. Resilon\u00ae est actuellement utilis\u00e9 sur plus de 100 plates-formes automobiles dans le monde, parmi lesquelles figurent, entre autres:<\/p>\n<p style=\"text-align: center;\"><b>Aston Martin, Bentley, BMW, Bugatti, Chevrolet, Chrysler, Fiat, Ford, GM, Honda, Hyundai, Jeep, Lotus, Mercedes-Benz, Nissan, Porsche, Renault, Rolls Royce, Skoda, Suzuki, Tesla, Toyota, VW<\/b><\/p>\n<p style=\"text-align: center;\">Con\u00e7us selon les exigences sp\u00e9cifiques des produits, les rev\u00eatements Resilon\u00ae sont d\u00e9velopp\u00e9s pour satisfaire et d\u00e9passer les sp\u00e9cifications de performance suivantes du secteur automobile:<\/p>\n<\/div>\n<\/div><\/div><\/div><\/div><\/div><\/div><div id=\"pg-17739-5\"  class=\"panel-grid panel-has-style\" ><div class=\"BGC-GRIS siteorigin-panels-stretch panel-row-style panel-row-style-for-17739-5\" style=\"padding: 0px 0; \" data-stretch-type=\"full\" data-overlay=\"true\" data-overlay-color=\"#000000\" ><div id=\"pgc-17739-5-0\"  class=\"panel-grid-cell\" ><div id=\"panel-17739-5-0-0\" class=\"so-panel widget_sow-editor panel-first-child panel-last-child\" data-index=\"7\" ><div style=\"text-align: left;\" data-title-color=\"#47425d\" data-headings-color=\"#443f3f\" data-title_alignment=\"center\" class=\"panel-widget-style panel-widget-style-for-17739-5-0-0\" ><div\n\t\t\t\n\t\t\tclass=\"so-widget-sow-editor so-widget-sow-editor-base\"\n\t\t\t\n\t\t>\n<div class=\"siteorigin-widget-tinymce textwidget\">\n\t<ul>\n<li>Adhesion Fingernail scratch<\/li>\n<li>Karcher VW 50129: 2008-02<\/li>\n<li>Coefficient of Friction \u2013 Dynamic VW 50129: 2008-02<\/li>\n<li>Coefficient of Friction \u2013 Static VW 50129: 2008-02<\/li>\n<li>Cold Flex DBL 5578.30<\/li>\n<li>Crocking \u2013 Armorall Ford \u2013 WSB-M9P9-A 900gm load<\/li>\n<li>Crocking \u2013 Dry Ford \u2013 WSS-M9P9-A 900gm load<\/li>\n<li>Crocking \u2013 IPA\/DIW (1:1) Ford \u2013 WSB-M9P9-A 900gm load<\/li>\n<li>Crocking \u2013 Soapy water Ford \u2013 WSB-M2D49A2 900gm load<\/li>\n<li>Crocking \u2013 Wet Ford \u2013 WSS-M9P9-A 900gm load<\/li>\n<\/ul>\n<\/div>\n<\/div><\/div><\/div><\/div><div id=\"pgc-17739-5-1\"  class=\"panel-grid-cell\" ><div id=\"panel-17739-5-1-0\" class=\"so-panel widget_sow-editor panel-first-child panel-last-child\" data-index=\"8\" ><div style=\"text-align: left;\" data-title-color=\"#47425d\" data-headings-color=\"#443f3f\" data-title_alignment=\"center\" class=\"panel-widget-style panel-widget-style-for-17739-5-1-0\" ><div\n\t\t\t\n\t\t\tclass=\"so-widget-sow-editor so-widget-sow-editor-base\"\n\t\t\t\n\t\t>\n<div class=\"siteorigin-widget-tinymce textwidget\">\n\t<ul>\n<li>Crocking Windex Ford \u2013 WSS-M9P9-A 900gm load<\/li>\n<li>Crocking (VW) VW 50129: 2008-02<\/li>\n<li>Elongation Whitford Test Method 133L<\/li>\n<li>Jeans Test VW 50129: 2008-02<\/li>\n<li>Noise and Vibration Harshness (NVH) Noise test GM9842P Rev.D<\/li>\n<li>Oven Aging Whitford Test Method 173K<\/li>\n<li>Toulene Double Rubs Whitford Test Method 115A<\/li>\n<li>80\u00b0C Water Immersion Whitford Test Method 153K<\/li>\n<li>Water Sealing Skoda<\/li>\n<li>VW Florida\/Kalahari Weathering PV 3930 \/ PV 3929<\/li>\n<\/ul>\n<\/div>\n<\/div><\/div><\/div><\/div><\/div><\/div><div id=\"pg-17739-6\"  class=\"panel-grid panel-has-style\" ><div class=\"siteorigin-panels-stretch panel-row-style panel-row-style-for-17739-6\" style=\"padding: 50px 0; \" data-stretch-type=\"full\" data-overlay=\"true\" data-overlay-color=\"#000000\" ><div id=\"pgc-17739-6-0\"  class=\"panel-grid-cell\" ><div id=\"panel-17739-6-0-0\" class=\"so-panel widget_siteorigin-panels-builder panel-first-child panel-last-child\" data-index=\"9\" ><div style=\"text-align: left;\" data-title-color=\"#47425d\" data-headings-color=\"#443f3f\" data-title_alignment=\"center\" class=\"panel-widget-style panel-widget-style-for-17739-6-0-0\" ><div id=\"pl-w5e185d845dec5\"  class=\"panel-layout\" ><div id=\"pg-w5e185d845dec5-0\"  class=\"panel-grid panel-has-style\" ><div style=\"padding: 0px 0; \" data-overlay=\"true\" data-overlay-color=\"#000000\" class=\"panel-row-style panel-row-style-for-w5e185d845dec5-0\" ><div id=\"pgc-w5e185d845dec5-0-0\"  class=\"panel-grid-cell\" ><div id=\"panel-w5e185d845dec5-0-0-0\" class=\"so-panel widget_sow-editor panel-first-child panel-last-child\" data-index=\"0\" ><div style=\"text-align: left;\" data-title-color=\"#47425d\" data-headings-color=\"#443f3f\" data-title_alignment=\"center\" class=\"panel-widget-style panel-widget-style-for-w5e185d845dec5-0-0-0\" ><div\n\t\t\t\n\t\t\tclass=\"so-widget-sow-editor so-widget-sow-editor-base\"\n\t\t\t\n\t\t>\n<div class=\"siteorigin-widget-tinymce textwidget\">\n\t<h2 class=\"BLAU-FOSC\" style=\"text-align: center;\">R\u00e9f\u00e9rences Resilon\u00ae<\/h2>\n<p style=\"text-align: center; padding-top: 40px;\"><b>2020<\/b><br \/>\n<b>2420<\/b><\/p>\n<\/div>\n<\/div><\/div><\/div><\/div><\/div><\/div><\/div><\/div><\/div><\/div><\/div><\/div><\/div>","protected":false},"excerpt":{"rendered":"<p>Rev\u00eatement Resilon \u00ae Resilon\u00ae est une gamme de rev\u00eatements monocomposants \u00e0 base d&rsquo;eau destin\u00e9s aux substrats souples de l&rsquo;industrie automobile. Bas\u00e9s sur [&hellip;]<\/p>\n","protected":false},"author":1,"featured_media":15881,"parent":0,"menu_order":0,"comment_status":"closed","ping_status":"closed","template":"page-templates\/page_fullwidth.php","meta":{"footnotes":""},"class_list":["post-17739","page","type-page","status-publish","has-post-thumbnail","hentry"],"yoast_head":"<!-- This site is optimized with the Yoast SEO plugin v27.4 - https:\/\/yoast.com\/product\/yoast-seo-wordpress\/ -->\n<title>Rev\u00eatement Resilon - Coatresa<\/title>\n<meta name=\"description\" content=\"Rev\u00eatement Resilon Whitford: rev\u00eatements \u00e0 base d&#039;eau destin\u00e9s \u00e0 l&#039;industrie automobile. Technologie hybride PU\/Si. R\u00e9duit le frottement et le bruit.\" \/>\n<meta name=\"robots\" content=\"index, follow, max-snippet:-1, max-image-preview:large, max-video-preview:-1\" \/>\n<link rel=\"canonical\" href=\"https:\/\/www.coatresa.com\/fr\/revetement-whitford-resilon\/\" \/>\n<meta property=\"og:locale\" content=\"fr_FR\" \/>\n<meta property=\"og:type\" content=\"article\" \/>\n<meta property=\"og:title\" content=\"Rev\u00eatement Resilon - Coatresa\" \/>\n<meta property=\"og:description\" content=\"Rev\u00eatement Resilon Whitford: rev\u00eatements \u00e0 base d&#039;eau destin\u00e9s \u00e0 l&#039;industrie automobile. Technologie hybride PU\/Si. R\u00e9duit le frottement et le bruit.\" \/>\n<meta property=\"og:url\" content=\"https:\/\/www.coatresa.com\/fr\/revetement-whitford-resilon\/\" \/>\n<meta property=\"og:site_name\" content=\"Coatresa\" \/>\n<meta property=\"article:publisher\" content=\"https:\/\/www.facebook.com\/Coatresa\/\" \/>\n<meta property=\"article:modified_time\" content=\"2023-06-09T12:18:28+00:00\" \/>\n<meta property=\"og:image\" content=\"https:\/\/www.coatresa.com\/wp-content\/uploads\/2019\/10\/recubrimientos-resilon-whitford.png\" \/>\n\t<meta property=\"og:image:width\" content=\"197\" \/>\n\t<meta property=\"og:image:height\" content=\"197\" \/>\n\t<meta property=\"og:image:type\" content=\"image\/png\" \/>\n<meta name=\"twitter:card\" content=\"summary_large_image\" \/>\n<meta name=\"twitter:site\" content=\"@Coatresa\" \/>\n<meta name=\"twitter:label1\" content=\"Dur\u00e9e de lecture estim\u00e9e\" \/>\n\t<meta name=\"twitter:data1\" content=\"2 minutes\" \/>\n<script type=\"application\/ld+json\" class=\"yoast-schema-graph\">{\"@context\":\"https:\\\/\\\/schema.org\",\"@graph\":[{\"@type\":\"WebPage\",\"@id\":\"https:\\\/\\\/www.coatresa.com\\\/fr\\\/revetement-whitford-resilon\\\/\",\"url\":\"https:\\\/\\\/www.coatresa.com\\\/fr\\\/revetement-whitford-resilon\\\/\",\"name\":\"Rev\u00eatement Resilon - Coatresa\",\"isPartOf\":{\"@id\":\"https:\\\/\\\/www.coatresa.com\\\/fr\\\/#website\"},\"primaryImageOfPage\":{\"@id\":\"https:\\\/\\\/www.coatresa.com\\\/fr\\\/revetement-whitford-resilon\\\/#primaryimage\"},\"image\":{\"@id\":\"https:\\\/\\\/www.coatresa.com\\\/fr\\\/revetement-whitford-resilon\\\/#primaryimage\"},\"thumbnailUrl\":\"https:\\\/\\\/www.coatresa.com\\\/wp-content\\\/uploads\\\/2019\\\/10\\\/recubrimientos-resilon-whitford.png\",\"datePublished\":\"2019-10-03T08:42:11+00:00\",\"dateModified\":\"2023-06-09T12:18:28+00:00\",\"description\":\"Rev\u00eatement Resilon Whitford: rev\u00eatements \u00e0 base d'eau destin\u00e9s \u00e0 l'industrie automobile. Technologie hybride PU\\\/Si. R\u00e9duit le frottement et le bruit.\",\"breadcrumb\":{\"@id\":\"https:\\\/\\\/www.coatresa.com\\\/fr\\\/revetement-whitford-resilon\\\/#breadcrumb\"},\"inLanguage\":\"fr-FR\",\"potentialAction\":[{\"@type\":\"ReadAction\",\"target\":[\"https:\\\/\\\/www.coatresa.com\\\/fr\\\/revetement-whitford-resilon\\\/\"]}]},{\"@type\":\"ImageObject\",\"inLanguage\":\"fr-FR\",\"@id\":\"https:\\\/\\\/www.coatresa.com\\\/fr\\\/revetement-whitford-resilon\\\/#primaryimage\",\"url\":\"https:\\\/\\\/www.coatresa.com\\\/wp-content\\\/uploads\\\/2019\\\/10\\\/recubrimientos-resilon-whitford.png\",\"contentUrl\":\"https:\\\/\\\/www.coatresa.com\\\/wp-content\\\/uploads\\\/2019\\\/10\\\/recubrimientos-resilon-whitford.png\",\"width\":197,\"height\":197,\"caption\":\"Rev\u00eatement Resilon Whitford\"},{\"@type\":\"BreadcrumbList\",\"@id\":\"https:\\\/\\\/www.coatresa.com\\\/fr\\\/revetement-whitford-resilon\\\/#breadcrumb\",\"itemListElement\":[{\"@type\":\"ListItem\",\"position\":1,\"name\":\"Portada\",\"item\":\"https:\\\/\\\/www.coatresa.com\\\/fr\\\/\"},{\"@type\":\"ListItem\",\"position\":2,\"name\":\"Rev\u00eatement Resilon\"}]},{\"@type\":\"WebSite\",\"@id\":\"https:\\\/\\\/www.coatresa.com\\\/fr\\\/#website\",\"url\":\"https:\\\/\\\/www.coatresa.com\\\/fr\\\/\",\"name\":\"Coatresa\",\"description\":\"Aplicaci\u00f3n de recubrimientos antiadherentes y anticorrosivos como el Teflon. Expertos del Powder Coating\",\"publisher\":{\"@id\":\"https:\\\/\\\/www.coatresa.com\\\/fr\\\/#organization\"},\"potentialAction\":[{\"@type\":\"SearchAction\",\"target\":{\"@type\":\"EntryPoint\",\"urlTemplate\":\"https:\\\/\\\/www.coatresa.com\\\/fr\\\/?s={search_term_string}\"},\"query-input\":{\"@type\":\"PropertyValueSpecification\",\"valueRequired\":true,\"valueName\":\"search_term_string\"}}],\"inLanguage\":\"fr-FR\"},{\"@type\":\"Organization\",\"@id\":\"https:\\\/\\\/www.coatresa.com\\\/fr\\\/#organization\",\"name\":\"Coatresa\",\"url\":\"https:\\\/\\\/www.coatresa.com\\\/fr\\\/\",\"logo\":{\"@type\":\"ImageObject\",\"inLanguage\":\"fr-FR\",\"@id\":\"https:\\\/\\\/www.coatresa.com\\\/fr\\\/#\\\/schema\\\/logo\\\/image\\\/\",\"url\":\"https:\\\/\\\/www.coatresa.com\\\/wp-content\\\/uploads\\\/2022\\\/07\\\/A_blava_mitja_transp.png\",\"contentUrl\":\"https:\\\/\\\/www.coatresa.com\\\/wp-content\\\/uploads\\\/2022\\\/07\\\/A_blava_mitja_transp.png\",\"width\":340,\"height\":326,\"caption\":\"Coatresa\"},\"image\":{\"@id\":\"https:\\\/\\\/www.coatresa.com\\\/fr\\\/#\\\/schema\\\/logo\\\/image\\\/\"},\"sameAs\":[\"https:\\\/\\\/www.facebook.com\\\/Coatresa\\\/\",\"https:\\\/\\\/x.com\\\/Coatresa\",\"https:\\\/\\\/www.linkedin.com\\\/company\\\/coatresa\\\/\",\"https:\\\/\\\/www.youtube.com\\\/user\\\/CoatresaCoatings\"]}]}<\/script>\n<!-- \/ Yoast SEO plugin. -->","yoast_head_json":{"title":"Rev\u00eatement Resilon - Coatresa","description":"Rev\u00eatement Resilon Whitford: rev\u00eatements \u00e0 base d'eau destin\u00e9s \u00e0 l'industrie automobile. Technologie hybride PU\/Si. R\u00e9duit le frottement et le bruit.","robots":{"index":"index","follow":"follow","max-snippet":"max-snippet:-1","max-image-preview":"max-image-preview:large","max-video-preview":"max-video-preview:-1"},"canonical":"https:\/\/www.coatresa.com\/fr\/revetement-whitford-resilon\/","og_locale":"fr_FR","og_type":"article","og_title":"Rev\u00eatement Resilon - Coatresa","og_description":"Rev\u00eatement Resilon Whitford: rev\u00eatements \u00e0 base d'eau destin\u00e9s \u00e0 l'industrie automobile. Technologie hybride PU\/Si. R\u00e9duit le frottement et le bruit.","og_url":"https:\/\/www.coatresa.com\/fr\/revetement-whitford-resilon\/","og_site_name":"Coatresa","article_publisher":"https:\/\/www.facebook.com\/Coatresa\/","article_modified_time":"2023-06-09T12:18:28+00:00","og_image":[{"width":197,"height":197,"url":"https:\/\/www.coatresa.com\/wp-content\/uploads\/2019\/10\/recubrimientos-resilon-whitford.png","type":"image\/png"}],"twitter_card":"summary_large_image","twitter_site":"@Coatresa","twitter_misc":{"Dur\u00e9e de lecture estim\u00e9e":"2 minutes"},"schema":{"@context":"https:\/\/schema.org","@graph":[{"@type":"WebPage","@id":"https:\/\/www.coatresa.com\/fr\/revetement-whitford-resilon\/","url":"https:\/\/www.coatresa.com\/fr\/revetement-whitford-resilon\/","name":"Rev\u00eatement Resilon - Coatresa","isPartOf":{"@id":"https:\/\/www.coatresa.com\/fr\/#website"},"primaryImageOfPage":{"@id":"https:\/\/www.coatresa.com\/fr\/revetement-whitford-resilon\/#primaryimage"},"image":{"@id":"https:\/\/www.coatresa.com\/fr\/revetement-whitford-resilon\/#primaryimage"},"thumbnailUrl":"https:\/\/www.coatresa.com\/wp-content\/uploads\/2019\/10\/recubrimientos-resilon-whitford.png","datePublished":"2019-10-03T08:42:11+00:00","dateModified":"2023-06-09T12:18:28+00:00","description":"Rev\u00eatement Resilon Whitford: rev\u00eatements \u00e0 base d'eau destin\u00e9s \u00e0 l'industrie automobile. Technologie hybride PU\/Si. R\u00e9duit le frottement et le bruit.","breadcrumb":{"@id":"https:\/\/www.coatresa.com\/fr\/revetement-whitford-resilon\/#breadcrumb"},"inLanguage":"fr-FR","potentialAction":[{"@type":"ReadAction","target":["https:\/\/www.coatresa.com\/fr\/revetement-whitford-resilon\/"]}]},{"@type":"ImageObject","inLanguage":"fr-FR","@id":"https:\/\/www.coatresa.com\/fr\/revetement-whitford-resilon\/#primaryimage","url":"https:\/\/www.coatresa.com\/wp-content\/uploads\/2019\/10\/recubrimientos-resilon-whitford.png","contentUrl":"https:\/\/www.coatresa.com\/wp-content\/uploads\/2019\/10\/recubrimientos-resilon-whitford.png","width":197,"height":197,"caption":"Rev\u00eatement Resilon Whitford"},{"@type":"BreadcrumbList","@id":"https:\/\/www.coatresa.com\/fr\/revetement-whitford-resilon\/#breadcrumb","itemListElement":[{"@type":"ListItem","position":1,"name":"Portada","item":"https:\/\/www.coatresa.com\/fr\/"},{"@type":"ListItem","position":2,"name":"Rev\u00eatement Resilon"}]},{"@type":"WebSite","@id":"https:\/\/www.coatresa.com\/fr\/#website","url":"https:\/\/www.coatresa.com\/fr\/","name":"Coatresa","description":"Aplicaci\u00f3n de recubrimientos antiadherentes y anticorrosivos como el Teflon. Expertos del Powder Coating","publisher":{"@id":"https:\/\/www.coatresa.com\/fr\/#organization"},"potentialAction":[{"@type":"SearchAction","target":{"@type":"EntryPoint","urlTemplate":"https:\/\/www.coatresa.com\/fr\/?s={search_term_string}"},"query-input":{"@type":"PropertyValueSpecification","valueRequired":true,"valueName":"search_term_string"}}],"inLanguage":"fr-FR"},{"@type":"Organization","@id":"https:\/\/www.coatresa.com\/fr\/#organization","name":"Coatresa","url":"https:\/\/www.coatresa.com\/fr\/","logo":{"@type":"ImageObject","inLanguage":"fr-FR","@id":"https:\/\/www.coatresa.com\/fr\/#\/schema\/logo\/image\/","url":"https:\/\/www.coatresa.com\/wp-content\/uploads\/2022\/07\/A_blava_mitja_transp.png","contentUrl":"https:\/\/www.coatresa.com\/wp-content\/uploads\/2022\/07\/A_blava_mitja_transp.png","width":340,"height":326,"caption":"Coatresa"},"image":{"@id":"https:\/\/www.coatresa.com\/fr\/#\/schema\/logo\/image\/"},"sameAs":["https:\/\/www.facebook.com\/Coatresa\/","https:\/\/x.com\/Coatresa","https:\/\/www.linkedin.com\/company\/coatresa\/","https:\/\/www.youtube.com\/user\/CoatresaCoatings"]}]}},"_links":{"self":[{"href":"https:\/\/www.coatresa.com\/fr\/wp-json\/wp\/v2\/pages\/17739","targetHints":{"allow":["GET"]}}],"collection":[{"href":"https:\/\/www.coatresa.com\/fr\/wp-json\/wp\/v2\/pages"}],"about":[{"href":"https:\/\/www.coatresa.com\/fr\/wp-json\/wp\/v2\/types\/page"}],"author":[{"embeddable":true,"href":"https:\/\/www.coatresa.com\/fr\/wp-json\/wp\/v2\/users\/1"}],"replies":[{"embeddable":true,"href":"https:\/\/www.coatresa.com\/fr\/wp-json\/wp\/v2\/comments?post=17739"}],"version-history":[{"count":0,"href":"https:\/\/www.coatresa.com\/fr\/wp-json\/wp\/v2\/pages\/17739\/revisions"}],"wp:featuredmedia":[{"embeddable":true,"href":"https:\/\/www.coatresa.com\/fr\/wp-json\/wp\/v2\/media\/15881"}],"wp:attachment":[{"href":"https:\/\/www.coatresa.com\/fr\/wp-json\/wp\/v2\/media?parent=17739"}],"curies":[{"name":"wp","href":"https:\/\/api.w.org\/{rel}","templated":true}]}}