{"id":17756,"date":"2019-07-12T12:01:39","date_gmt":"2019-07-12T10:01:39","guid":{"rendered":"https:\/\/www.coatresa.com\/recubrimiento-arkema-kynar\/"},"modified":"2022-06-14T15:45:03","modified_gmt":"2022-06-14T13:45:03","slug":"revetement-arkema-kynar","status":"publish","type":"page","link":"https:\/\/www.coatresa.com\/fr\/revetement-arkema-kynar\/","title":{"rendered":"Rev\u00eatement Kynar"},"content":{"rendered":"<div id=\"pl-17756\"  class=\"panel-layout\" ><div id=\"pg-17756-0\"  class=\"panel-grid panel-has-style\" ><div style=\"padding: 0px 0; \" data-overlay=\"true\" data-overlay-color=\"#000000\" class=\"panel-row-style panel-row-style-for-17756-0\" ><div id=\"pgc-17756-0-0\"  class=\"panel-grid-cell\" ><div id=\"panel-17756-0-0-0\" class=\"so-panel widget_sow-image panel-first-child panel-last-child\" data-index=\"0\" ><div style=\"text-align: left;\" data-title-color=\"#47425d\" data-headings-color=\"#443f3f\" data-title_alignment=\"center\" class=\"panel-widget-style panel-widget-style-for-17756-0-0-0\" ><div\n\t\t\t\n\t\t\tclass=\"so-widget-sow-image so-widget-sow-image-default-c67d20f9f743-17756\"\n\t\t\t\n\t\t>\n<div class=\"sow-image-container\">\n\t\t<img \n\tsrc=\"https:\/\/www.coatresa.com\/wp-content\/uploads\/2022\/06\/Kynar_Logo.png\" width=\"240\" height=\"197\" srcset=\"https:\/\/www.coatresa.com\/wp-content\/uploads\/2022\/06\/Kynar_Logo.png 240w, https:\/\/www.coatresa.com\/wp-content\/uploads\/2022\/06\/Kynar_Logo-230x189.png 230w\" sizes=\"(max-width: 240px) 100vw, 240px\" alt=\"\" \t\tclass=\"so-widget-image\"\/>\n\t<\/div>\n\n<\/div><\/div><\/div><\/div><div id=\"pgc-17756-0-1\"  class=\"panel-grid-cell\" ><div id=\"panel-17756-0-1-0\" class=\"so-panel widget_sow-editor panel-first-child panel-last-child\" data-index=\"1\" ><div style=\"text-align: left;\" data-title-color=\"#47425d\" data-headings-color=\"#000000\" data-title_alignment=\"center\" class=\"panel-widget-style panel-widget-style-for-17756-0-1-0\" ><div\n\t\t\t\n\t\t\tclass=\"so-widget-sow-editor so-widget-sow-editor-base\"\n\t\t\t\n\t\t>\n<div class=\"siteorigin-widget-tinymce textwidget\">\n\t<h1 style=\"text-align: left;\">Rev\u00eatement Kynar \u00ae<\/h1>\n<hr align=\"left\" \/>\n<p style=\"text-align: justify;\">Leader mondial dans la production de PVDF, Arkema travaille depuis plus de 50 ans au d\u00e9veloppement des r\u00e9sines PVDF Kynar\u00ae pour des applications de pointe telles que les \u00e9nergies renouvelables (batteries et photovolta\u00efque), la r\u00e9duction de poids dans l'industrie automobile et les rev\u00eatements \u00e0 r\u00e9sistance particuli\u00e8re aux intemp\u00e9ries.<\/p>\n<p style=\"text-align: justify;\">De nouveaux d\u00e9veloppements, tels que la r\u00e9sine Kynar 500\u00ae\u00a0FSF\u00ae et les rev\u00eatements formul\u00e9s avec Kynar Aquatec\u00ae, \u00e0 haute r\u00e9sistance aux conditions climatiques ext\u00e9rieures pour les rev\u00eatements architecturaux, d\u00e9montrent la durabilit\u00e9 des r\u00e9sines PVDF Kynar\u00ae. Arkema continue d'allouer des ressources \u00e0 ses efforts de Recherche et D\u00e9veloppement pour le d\u00e9veloppement de technologies durables dans de nouvelles applications du PVDF.<\/p>\n<\/div>\n<\/div><\/div><\/div><\/div><\/div><\/div><div id=\"pg-17756-1\"  class=\"panel-grid panel-has-style\" ><div class=\"FRANJA-BLAVA-TITOL siteorigin-panels-stretch panel-row-style panel-row-style-for-17756-1\" style=\"padding: 0px 0; \" data-stretch-type=\"full\" data-overlay=\"true\" data-overlay-color=\"#000000\" ><div id=\"pgc-17756-1-0\"  class=\"panel-grid-cell\" ><div id=\"panel-17756-1-0-0\" class=\"so-panel widget_sow-editor panel-first-child panel-last-child\" data-index=\"2\" ><div class=\"blanc panel-widget-style panel-widget-style-for-17756-1-0-0\" style=\"text-align: left;\" data-title-color=\"#47425d\" data-headings-color=\"#443f3f\" data-title_alignment=\"center\" ><div\n\t\t\t\n\t\t\tclass=\"so-widget-sow-editor so-widget-sow-editor-base\"\n\t\t\t\n\t\t>\n<div class=\"siteorigin-widget-tinymce textwidget\">\n\t<h2 style=\"text-align: center;\">Propri\u00e9t\u00e9s et avantages du rev\u00eatement Kynar \u00ae<\/h2>\n<\/div>\n<\/div><\/div><\/div><\/div><\/div><\/div><div id=\"pg-17756-2\"  class=\"panel-grid panel-has-style\" ><div class=\"BGC-GRIS siteorigin-panels-stretch panel-row-style panel-row-style-for-17756-2\" style=\"padding: 50px 0; \" data-stretch-type=\"full\" data-overlay=\"true\" data-overlay-color=\"#000000\" ><div id=\"pgc-17756-2-0\"  class=\"panel-grid-cell\" ><div id=\"panel-17756-2-0-0\" class=\"so-panel widget_sow-editor panel-first-child panel-last-child\" data-index=\"3\" ><div style=\"text-align: left;\" data-title-color=\"#47425d\" data-headings-color=\"#443f3f\" data-title_alignment=\"center\" class=\"panel-widget-style panel-widget-style-for-17756-2-0-0\" ><div\n\t\t\t\n\t\t\tclass=\"so-widget-sow-editor so-widget-sow-editor-base\"\n\t\t\t\n\t\t>\n<div class=\"siteorigin-widget-tinymce textwidget\">\n\t<p style=\"text-align: center;\">Les r\u00e9sines PVDF Kynar\u00ae offrent une r\u00e9sistance chimique \u00e9lev\u00e9e, ce qui en fait le mat\u00e9riau id\u00e9al pour la manipulation de produits chimiques agressifs, les solutions pour fibres optiques et les rev\u00eatements architecturaux.<\/p>\n<p class=\"TEXTOS-DESTACATS\" style=\"text-align: center;\">Les principales propri\u00e9t\u00e9s de Kynar\u00ae sont:<\/p>\n<ul class=\"LLISTA-SUBRATLLADA\">\n<li>Excellente r\u00e9sistance \u00e0 la lumi\u00e8re du soleil \/ \u00e0 l\u2019exposition aux rayons UV<\/li>\n<li>Haute r\u00e9sistance chimique \u00e0 une large gamme de produits chimiques agressifs<\/li>\n<li>R\u00e9sistance aux radiations<\/li>\n<li>Retardateur de flamme et de fum\u00e9es<\/li>\n<li>Facilit\u00e9 de mise en \u0153uvre avec un \u00e9quipement standard industriel et facilit\u00e9 de manipulation par la suite (soudage et fabrication)<\/li>\n<li>Une puret\u00e9 extr\u00eame pour les applications les plus exigeantes<\/li>\n<li>Stabilit\u00e9 \u00e9lectrochimique extr\u00eamement \u00e9lev\u00e9e<\/li>\n<li>Excellente r\u00e9sistance \u00e0 l'abrasion<\/li>\n<li>Plage de r\u00e9sistance thermique: RTI 150\u00baC<\/li>\n<\/ul>\n<\/div>\n<\/div><\/div><\/div><\/div><\/div><\/div><div id=\"pg-17756-3\"  class=\"panel-grid panel-has-style\" ><div class=\"siteorigin-panels-stretch panel-row-style panel-row-style-for-17756-3\" style=\"padding: 50px 0; \" data-stretch-type=\"full\" data-overlay=\"true\" data-overlay-color=\"#000000\" ><div id=\"pgc-17756-3-0\"  class=\"panel-grid-cell\" ><div id=\"panel-17756-3-0-0\" class=\"so-panel widget_siteorigin-panels-builder panel-first-child panel-last-child\" data-index=\"4\" ><div style=\"text-align: left;\" data-title-color=\"#47425d\" data-headings-color=\"#443f3f\" data-title_alignment=\"center\" class=\"panel-widget-style panel-widget-style-for-17756-3-0-0\" ><div id=\"pl-w5e1864884b3bf\"  class=\"panel-layout\" ><div id=\"pg-w5e1864884b3bf-0\"  class=\"panel-grid panel-has-style\" ><div style=\"padding: 0px 0; \" data-overlay=\"true\" data-overlay-color=\"#000000\" class=\"panel-row-style panel-row-style-for-w5e1864884b3bf-0\" ><div id=\"pgc-w5e1864884b3bf-0-0\"  class=\"panel-grid-cell\" ><div id=\"panel-w5e1864884b3bf-0-0-0\" class=\"so-panel widget_sow-editor panel-first-child panel-last-child\" data-index=\"0\" ><div style=\"text-align: left;\" data-title-color=\"#47425d\" data-headings-color=\"#443f3f\" data-title_alignment=\"center\" class=\"panel-widget-style panel-widget-style-for-w5e1864884b3bf-0-0-0\" ><div\n\t\t\t\n\t\t\tclass=\"so-widget-sow-editor so-widget-sow-editor-base\"\n\t\t\t\n\t\t>\n<div class=\"siteorigin-widget-tinymce textwidget\">\n\t<h2 class=\"BLAU-FOSC\" style=\"text-align: center;\">R\u00e9f\u00e9rences Kynar \u00ae<\/h2>\n<\/div>\n<\/div><\/div><\/div><\/div><\/div><\/div><div id=\"pg-w5e1864884b3bf-1\"  class=\"panel-grid panel-has-style\" ><div style=\"padding: 0px 0; \" data-overlay=\"true\" data-overlay-color=\"#000000\" class=\"panel-row-style panel-row-style-for-w5e1864884b3bf-1\" ><div id=\"pgc-w5e1864884b3bf-1-0\"  class=\"panel-grid-cell\" ><div id=\"panel-w5e1864884b3bf-1-0-0\" class=\"so-panel widget_sow-editor panel-first-child panel-last-child\" data-index=\"1\" ><div style=\"text-align: left;\" data-title-color=\"#47425d\" data-headings-color=\"#443f3f\" data-title_alignment=\"center\" class=\"panel-widget-style panel-widget-style-for-w5e1864884b3bf-1-0-0\" ><div\n\t\t\t\n\t\t\tclass=\"so-widget-sow-editor so-widget-sow-editor-base\"\n\t\t\t\n\t\t>\n<div class=\"siteorigin-widget-tinymce textwidget\">\n\t<p style=\"text-align: center; padding-top: 40px;\"><b>500<\/b><br \/>\n<b>740<\/b><br \/>\n<b>720<\/b><br \/>\n<b>710<\/b><br \/>\n<b>760<\/b><br \/>\n<b>761<\/b><br \/>\n<b>700<\/b><\/p>\n<\/div>\n<\/div><\/div><\/div><\/div><\/div><\/div><\/div><\/div><\/div><\/div><\/div><\/div><\/div>","protected":false},"excerpt":{"rendered":"<p>Rev\u00eatement Kynar \u00ae Leader mondial dans la production de PVDF, Arkema travaille depuis plus de 50 ans au d\u00e9veloppement des r\u00e9sines PVDF [&hellip;]<\/p>\n","protected":false},"author":1,"featured_media":15249,"parent":0,"menu_order":0,"comment_status":"closed","ping_status":"closed","template":"page-templates\/page_fullwidth.php","meta":{"footnotes":""},"class_list":["post-17756","page","type-page","status-publish","has-post-thumbnail","hentry"],"yoast_head":"<!-- This site is optimized with the Yoast SEO plugin v27.6 - https:\/\/yoast.com\/product\/yoast-seo-wordpress\/ -->\n<title>Rev\u00eatement Kynar - Coatresa<\/title>\n<meta name=\"description\" content=\"Rev\u00eatement Kynar Arkema: R\u00e9sines PVDF \u00e0 haute r\u00e9sistance chimique pour les applications dans les \u00e9nergies renouvelables et l&#039;automobile.\" \/>\n<meta name=\"robots\" content=\"index, follow, max-snippet:-1, max-image-preview:large, max-video-preview:-1\" \/>\n<link rel=\"canonical\" href=\"https:\/\/www.coatresa.com\/fr\/revetement-arkema-kynar\/\" \/>\n<meta property=\"og:locale\" content=\"fr_FR\" \/>\n<meta property=\"og:type\" content=\"article\" \/>\n<meta property=\"og:title\" content=\"Rev\u00eatement Kynar - Coatresa\" \/>\n<meta property=\"og:description\" content=\"Rev\u00eatement Kynar Arkema: R\u00e9sines PVDF \u00e0 haute r\u00e9sistance chimique pour les applications dans les \u00e9nergies renouvelables et l&#039;automobile.\" \/>\n<meta property=\"og:url\" content=\"https:\/\/www.coatresa.com\/fr\/revetement-arkema-kynar\/\" \/>\n<meta property=\"og:site_name\" content=\"Coatresa\" \/>\n<meta property=\"article:publisher\" content=\"https:\/\/www.facebook.com\/Coatresa\/\" \/>\n<meta property=\"article:modified_time\" content=\"2022-06-14T13:45:03+00:00\" \/>\n<meta property=\"og:image\" content=\"https:\/\/www.coatresa.com\/wp-content\/uploads\/2019\/07\/recubrimientos-arkema-kynar.png\" \/>\n\t<meta property=\"og:image:width\" content=\"197\" \/>\n\t<meta property=\"og:image:height\" content=\"197\" \/>\n\t<meta property=\"og:image:type\" content=\"image\/png\" \/>\n<meta name=\"twitter:card\" content=\"summary_large_image\" \/>\n<meta name=\"twitter:site\" content=\"@Coatresa\" \/>\n<meta name=\"twitter:label1\" content=\"Dur\u00e9e de lecture estim\u00e9e\" \/>\n\t<meta name=\"twitter:data1\" content=\"1 minute\" \/>\n<script type=\"application\/ld+json\" class=\"yoast-schema-graph\">{\"@context\":\"https:\\\/\\\/schema.org\",\"@graph\":[{\"@type\":\"WebPage\",\"@id\":\"https:\\\/\\\/www.coatresa.com\\\/fr\\\/revetement-arkema-kynar\\\/\",\"url\":\"https:\\\/\\\/www.coatresa.com\\\/fr\\\/revetement-arkema-kynar\\\/\",\"name\":\"Rev\u00eatement Kynar - Coatresa\",\"isPartOf\":{\"@id\":\"https:\\\/\\\/www.coatresa.com\\\/fr\\\/#website\"},\"primaryImageOfPage\":{\"@id\":\"https:\\\/\\\/www.coatresa.com\\\/fr\\\/revetement-arkema-kynar\\\/#primaryimage\"},\"image\":{\"@id\":\"https:\\\/\\\/www.coatresa.com\\\/fr\\\/revetement-arkema-kynar\\\/#primaryimage\"},\"thumbnailUrl\":\"https:\\\/\\\/www.coatresa.com\\\/wp-content\\\/uploads\\\/2019\\\/07\\\/recubrimientos-arkema-kynar.png\",\"datePublished\":\"2019-07-12T10:01:39+00:00\",\"dateModified\":\"2022-06-14T13:45:03+00:00\",\"description\":\"Rev\u00eatement Kynar Arkema: R\u00e9sines PVDF \u00e0 haute r\u00e9sistance chimique pour les applications dans les \u00e9nergies renouvelables et l'automobile.\",\"breadcrumb\":{\"@id\":\"https:\\\/\\\/www.coatresa.com\\\/fr\\\/revetement-arkema-kynar\\\/#breadcrumb\"},\"inLanguage\":\"fr-FR\",\"potentialAction\":[{\"@type\":\"ReadAction\",\"target\":[\"https:\\\/\\\/www.coatresa.com\\\/fr\\\/revetement-arkema-kynar\\\/\"]}]},{\"@type\":\"ImageObject\",\"inLanguage\":\"fr-FR\",\"@id\":\"https:\\\/\\\/www.coatresa.com\\\/fr\\\/revetement-arkema-kynar\\\/#primaryimage\",\"url\":\"https:\\\/\\\/www.coatresa.com\\\/wp-content\\\/uploads\\\/2019\\\/07\\\/recubrimientos-arkema-kynar.png\",\"contentUrl\":\"https:\\\/\\\/www.coatresa.com\\\/wp-content\\\/uploads\\\/2019\\\/07\\\/recubrimientos-arkema-kynar.png\",\"width\":197,\"height\":197,\"caption\":\"recubrimientos Arkema Kynar\"},{\"@type\":\"BreadcrumbList\",\"@id\":\"https:\\\/\\\/www.coatresa.com\\\/fr\\\/revetement-arkema-kynar\\\/#breadcrumb\",\"itemListElement\":[{\"@type\":\"ListItem\",\"position\":1,\"name\":\"Portada\",\"item\":\"https:\\\/\\\/www.coatresa.com\\\/fr\\\/\"},{\"@type\":\"ListItem\",\"position\":2,\"name\":\"Rev\u00eatement Kynar\"}]},{\"@type\":\"WebSite\",\"@id\":\"https:\\\/\\\/www.coatresa.com\\\/fr\\\/#website\",\"url\":\"https:\\\/\\\/www.coatresa.com\\\/fr\\\/\",\"name\":\"Coatresa\",\"description\":\"Aplicaci\u00f3n de recubrimientos antiadherentes y anticorrosivos como el Teflon. Expertos del Powder Coating\",\"publisher\":{\"@id\":\"https:\\\/\\\/www.coatresa.com\\\/fr\\\/#organization\"},\"potentialAction\":[{\"@type\":\"SearchAction\",\"target\":{\"@type\":\"EntryPoint\",\"urlTemplate\":\"https:\\\/\\\/www.coatresa.com\\\/fr\\\/?s={search_term_string}\"},\"query-input\":{\"@type\":\"PropertyValueSpecification\",\"valueRequired\":true,\"valueName\":\"search_term_string\"}}],\"inLanguage\":\"fr-FR\"},{\"@type\":\"Organization\",\"@id\":\"https:\\\/\\\/www.coatresa.com\\\/fr\\\/#organization\",\"name\":\"Coatresa\",\"url\":\"https:\\\/\\\/www.coatresa.com\\\/fr\\\/\",\"logo\":{\"@type\":\"ImageObject\",\"inLanguage\":\"fr-FR\",\"@id\":\"https:\\\/\\\/www.coatresa.com\\\/fr\\\/#\\\/schema\\\/logo\\\/image\\\/\",\"url\":\"https:\\\/\\\/www.coatresa.com\\\/wp-content\\\/uploads\\\/2022\\\/07\\\/A_blava_mitja_transp.png\",\"contentUrl\":\"https:\\\/\\\/www.coatresa.com\\\/wp-content\\\/uploads\\\/2022\\\/07\\\/A_blava_mitja_transp.png\",\"width\":340,\"height\":326,\"caption\":\"Coatresa\"},\"image\":{\"@id\":\"https:\\\/\\\/www.coatresa.com\\\/fr\\\/#\\\/schema\\\/logo\\\/image\\\/\"},\"sameAs\":[\"https:\\\/\\\/www.facebook.com\\\/Coatresa\\\/\",\"https:\\\/\\\/x.com\\\/Coatresa\",\"https:\\\/\\\/www.linkedin.com\\\/company\\\/coatresa\\\/\",\"https:\\\/\\\/www.youtube.com\\\/user\\\/CoatresaCoatings\"]}]}<\/script>\n<!-- \/ Yoast SEO plugin. -->","yoast_head_json":{"title":"Rev\u00eatement Kynar - Coatresa","description":"Rev\u00eatement Kynar Arkema: R\u00e9sines PVDF \u00e0 haute r\u00e9sistance chimique pour les applications dans les \u00e9nergies renouvelables et l'automobile.","robots":{"index":"index","follow":"follow","max-snippet":"max-snippet:-1","max-image-preview":"max-image-preview:large","max-video-preview":"max-video-preview:-1"},"canonical":"https:\/\/www.coatresa.com\/fr\/revetement-arkema-kynar\/","og_locale":"fr_FR","og_type":"article","og_title":"Rev\u00eatement Kynar - Coatresa","og_description":"Rev\u00eatement Kynar Arkema: R\u00e9sines PVDF \u00e0 haute r\u00e9sistance chimique pour les applications dans les \u00e9nergies renouvelables et l'automobile.","og_url":"https:\/\/www.coatresa.com\/fr\/revetement-arkema-kynar\/","og_site_name":"Coatresa","article_publisher":"https:\/\/www.facebook.com\/Coatresa\/","article_modified_time":"2022-06-14T13:45:03+00:00","og_image":[{"width":197,"height":197,"url":"https:\/\/www.coatresa.com\/wp-content\/uploads\/2019\/07\/recubrimientos-arkema-kynar.png","type":"image\/png"}],"twitter_card":"summary_large_image","twitter_site":"@Coatresa","twitter_misc":{"Dur\u00e9e de lecture estim\u00e9e":"1 minute"},"schema":{"@context":"https:\/\/schema.org","@graph":[{"@type":"WebPage","@id":"https:\/\/www.coatresa.com\/fr\/revetement-arkema-kynar\/","url":"https:\/\/www.coatresa.com\/fr\/revetement-arkema-kynar\/","name":"Rev\u00eatement Kynar - Coatresa","isPartOf":{"@id":"https:\/\/www.coatresa.com\/fr\/#website"},"primaryImageOfPage":{"@id":"https:\/\/www.coatresa.com\/fr\/revetement-arkema-kynar\/#primaryimage"},"image":{"@id":"https:\/\/www.coatresa.com\/fr\/revetement-arkema-kynar\/#primaryimage"},"thumbnailUrl":"https:\/\/www.coatresa.com\/wp-content\/uploads\/2019\/07\/recubrimientos-arkema-kynar.png","datePublished":"2019-07-12T10:01:39+00:00","dateModified":"2022-06-14T13:45:03+00:00","description":"Rev\u00eatement Kynar Arkema: R\u00e9sines PVDF \u00e0 haute r\u00e9sistance chimique pour les applications dans les \u00e9nergies renouvelables et l'automobile.","breadcrumb":{"@id":"https:\/\/www.coatresa.com\/fr\/revetement-arkema-kynar\/#breadcrumb"},"inLanguage":"fr-FR","potentialAction":[{"@type":"ReadAction","target":["https:\/\/www.coatresa.com\/fr\/revetement-arkema-kynar\/"]}]},{"@type":"ImageObject","inLanguage":"fr-FR","@id":"https:\/\/www.coatresa.com\/fr\/revetement-arkema-kynar\/#primaryimage","url":"https:\/\/www.coatresa.com\/wp-content\/uploads\/2019\/07\/recubrimientos-arkema-kynar.png","contentUrl":"https:\/\/www.coatresa.com\/wp-content\/uploads\/2019\/07\/recubrimientos-arkema-kynar.png","width":197,"height":197,"caption":"recubrimientos Arkema Kynar"},{"@type":"BreadcrumbList","@id":"https:\/\/www.coatresa.com\/fr\/revetement-arkema-kynar\/#breadcrumb","itemListElement":[{"@type":"ListItem","position":1,"name":"Portada","item":"https:\/\/www.coatresa.com\/fr\/"},{"@type":"ListItem","position":2,"name":"Rev\u00eatement Kynar"}]},{"@type":"WebSite","@id":"https:\/\/www.coatresa.com\/fr\/#website","url":"https:\/\/www.coatresa.com\/fr\/","name":"Coatresa","description":"Aplicaci\u00f3n de recubrimientos antiadherentes y anticorrosivos como el Teflon. Expertos del Powder Coating","publisher":{"@id":"https:\/\/www.coatresa.com\/fr\/#organization"},"potentialAction":[{"@type":"SearchAction","target":{"@type":"EntryPoint","urlTemplate":"https:\/\/www.coatresa.com\/fr\/?s={search_term_string}"},"query-input":{"@type":"PropertyValueSpecification","valueRequired":true,"valueName":"search_term_string"}}],"inLanguage":"fr-FR"},{"@type":"Organization","@id":"https:\/\/www.coatresa.com\/fr\/#organization","name":"Coatresa","url":"https:\/\/www.coatresa.com\/fr\/","logo":{"@type":"ImageObject","inLanguage":"fr-FR","@id":"https:\/\/www.coatresa.com\/fr\/#\/schema\/logo\/image\/","url":"https:\/\/www.coatresa.com\/wp-content\/uploads\/2022\/07\/A_blava_mitja_transp.png","contentUrl":"https:\/\/www.coatresa.com\/wp-content\/uploads\/2022\/07\/A_blava_mitja_transp.png","width":340,"height":326,"caption":"Coatresa"},"image":{"@id":"https:\/\/www.coatresa.com\/fr\/#\/schema\/logo\/image\/"},"sameAs":["https:\/\/www.facebook.com\/Coatresa\/","https:\/\/x.com\/Coatresa","https:\/\/www.linkedin.com\/company\/coatresa\/","https:\/\/www.youtube.com\/user\/CoatresaCoatings"]}]}},"_links":{"self":[{"href":"https:\/\/www.coatresa.com\/fr\/wp-json\/wp\/v2\/pages\/17756","targetHints":{"allow":["GET"]}}],"collection":[{"href":"https:\/\/www.coatresa.com\/fr\/wp-json\/wp\/v2\/pages"}],"about":[{"href":"https:\/\/www.coatresa.com\/fr\/wp-json\/wp\/v2\/types\/page"}],"author":[{"embeddable":true,"href":"https:\/\/www.coatresa.com\/fr\/wp-json\/wp\/v2\/users\/1"}],"replies":[{"embeddable":true,"href":"https:\/\/www.coatresa.com\/fr\/wp-json\/wp\/v2\/comments?post=17756"}],"version-history":[{"count":0,"href":"https:\/\/www.coatresa.com\/fr\/wp-json\/wp\/v2\/pages\/17756\/revisions"}],"wp:featuredmedia":[{"embeddable":true,"href":"https:\/\/www.coatresa.com\/fr\/wp-json\/wp\/v2\/media\/15249"}],"wp:attachment":[{"href":"https:\/\/www.coatresa.com\/fr\/wp-json\/wp\/v2\/media?parent=17756"}],"curies":[{"name":"wp","href":"https:\/\/api.w.org\/{rel}","templated":true}]}}