{"id":17765,"date":"2019-07-19T14:16:45","date_gmt":"2019-07-19T12:16:45","guid":{"rendered":"https:\/\/www.coatresa.com\/recubrimiento-acheson-molydag\/"},"modified":"2020-01-10T13:08:07","modified_gmt":"2020-01-10T12:08:07","slug":"revetement-acheson-molydag","status":"publish","type":"page","link":"https:\/\/www.coatresa.com\/fr\/revetement-acheson-molydag\/","title":{"rendered":"Rev\u00eatement Molydag"},"content":{"rendered":"<div id=\"pl-17765\"  class=\"panel-layout\" ><div id=\"pg-17765-0\"  class=\"panel-grid panel-has-style\" ><div style=\"padding: 0px 0; \" data-overlay=\"true\" data-overlay-color=\"#000000\" class=\"panel-row-style panel-row-style-for-17765-0\" ><div id=\"pgc-17765-0-0\"  class=\"panel-grid-cell\" ><div id=\"panel-17765-0-0-0\" class=\"so-panel widget_sow-image panel-first-child panel-last-child\" data-index=\"0\" ><div style=\"text-align: left;\" data-title-color=\"#47425d\" data-headings-color=\"#443f3f\" data-title_alignment=\"center\" class=\"panel-widget-style panel-widget-style-for-17765-0-0-0\" ><div\n\t\t\t\n\t\t\tclass=\"so-widget-sow-image so-widget-sow-image-default-c67d20f9f743-17765\"\n\t\t\t\n\t\t>\n<div class=\"sow-image-container\">\n\t\t<img \n\tsrc=\"https:\/\/www.coatresa.com\/wp-content\/uploads\/2018\/09\/recubrimiento-acheson-molydag.png\" width=\"197\" height=\"197\" srcset=\"https:\/\/www.coatresa.com\/wp-content\/uploads\/2018\/09\/recubrimiento-acheson-molydag.png 197w, https:\/\/www.coatresa.com\/wp-content\/uploads\/2018\/09\/recubrimiento-acheson-molydag-150x150.png 150w\" sizes=\"(max-width: 197px) 100vw, 197px\" title=\"recubrimiento Acheson Molydag\" alt=\"recubrimiento Acheson Molydag\" \t\tclass=\"so-widget-image\"\/>\n\t<\/div>\n\n<\/div><\/div><\/div><\/div><div id=\"pgc-17765-0-1\"  class=\"panel-grid-cell\" ><div id=\"panel-17765-0-1-0\" class=\"so-panel widget_sow-editor panel-first-child panel-last-child\" data-index=\"1\" ><div style=\"text-align: left;\" data-title-color=\"#47425d\" data-headings-color=\"#000000\" data-title_alignment=\"center\" class=\"panel-widget-style panel-widget-style-for-17765-0-1-0\" ><div\n\t\t\t\n\t\t\tclass=\"so-widget-sow-editor so-widget-sow-editor-base\"\n\t\t\t\n\t\t>\n<div class=\"siteorigin-widget-tinymce textwidget\">\n\t<h1 style=\"text-align: left;\"> Rev\u00eatement Molydag \u00ae<\/h1>\n<hr align=\"left\" \/>\n<p style=\"text-align: justify;\"><b>Molydag<\/b>\u00ae est une s\u00e9rie de produits du fabricant Acheson, caract\u00e9ris\u00e9s par leurs propri\u00e9t\u00e9s lubrifiantes \u00e0 base de r\u00e9sine. Ces produits sont con\u00e7us pour fournir un film <b>lubrifiant sec pour une grande vari\u00e9t\u00e9 de secteurs industriels<\/b>, de produits de consommation et d\u2019applications militaires.<\/p>\n<p style=\"text-align: justify;\">L'une des principales propri\u00e9t\u00e9s de la gamme <b>Molydag<\/b>\u00ae est l'application sur des composants qui sont inaccessibles apr\u00e8s assemblage, mais qui doivent n\u00e9anmoins continuer \u00e0 fonctionner de mani\u00e8re fiable au niveau de la lubrification. Ces rev\u00eatements offrent en outre des <b>performances efficaces, m\u00eame avec un film tr\u00e8s fin de seulement 8 microns<\/b>, de sorte qu'il n'y a aucune interf\u00e9rence avec les tol\u00e9rances m\u00e9caniques des composants lubrifi\u00e9s.<\/p>\n<\/div>\n<\/div><\/div><\/div><\/div><\/div><\/div><div id=\"pg-17765-1\"  class=\"panel-grid panel-has-style\" ><div class=\"FRANJA-BLAVA-TITOL siteorigin-panels-stretch panel-row-style panel-row-style-for-17765-1\" style=\"padding: 0px 0; \" data-stretch-type=\"full\" data-overlay=\"true\" data-overlay-color=\"#000000\" ><div id=\"pgc-17765-1-0\"  class=\"panel-grid-cell\" ><div id=\"panel-17765-1-0-0\" class=\"so-panel widget_sow-editor panel-first-child panel-last-child\" data-index=\"2\" ><div class=\"blanc panel-widget-style panel-widget-style-for-17765-1-0-0\" style=\"text-align: left;\" data-title-color=\"#47425d\" data-headings-color=\"#443f3f\" data-title_alignment=\"center\" ><div\n\t\t\t\n\t\t\tclass=\"so-widget-sow-editor so-widget-sow-editor-base\"\n\t\t\t\n\t\t>\n<div class=\"siteorigin-widget-tinymce textwidget\">\n\t<h2 style=\"text-align: center;\">Propri\u00e9t\u00e9s et avantages du rev\u00eatement Molydag \u00ae<\/h2>\n<\/div>\n<\/div><\/div><\/div><\/div><\/div><\/div><div id=\"pg-17765-2\"  class=\"panel-grid panel-has-style\" ><div class=\"BGC-GRIS siteorigin-panels-stretch panel-row-style panel-row-style-for-17765-2\" style=\"padding: 0px 0; \" data-stretch-type=\"full\" data-overlay=\"true\" data-overlay-color=\"#000000\" ><div id=\"pgc-17765-2-0\"  class=\"panel-grid-cell\" ><div id=\"panel-17765-2-0-0\" class=\"so-panel widget_sow-editor panel-first-child panel-last-child\" data-index=\"3\" ><div style=\"text-align: left;\" data-title-color=\"#47425d\" data-headings-color=\"#443f3f\" data-title_alignment=\"center\" class=\"panel-widget-style panel-widget-style-for-17765-2-0-0\" ><div\n\t\t\t\n\t\t\tclass=\"so-widget-sow-editor so-widget-sow-editor-base\"\n\t\t\t\n\t\t>\n<div class=\"siteorigin-widget-tinymce textwidget\">\n\t<p style=\"text-align: center;\">Les produits Molydag\u00ae peuvent \u00eatre appliqu\u00e9s au moyen de diff\u00e9rentes techniques, au pinceau, par immersion et centrifugation, ou par a\u00e9rographie. Applications types:<\/p>\n<\/div>\n<\/div><\/div><\/div><\/div><\/div><\/div><div id=\"pg-17765-3\"  class=\"panel-grid panel-has-style\" ><div class=\"BGC-GRIS siteorigin-panels-stretch panel-row-style panel-row-style-for-17765-3\" style=\"padding: 0px 0; \" data-stretch-type=\"full\" data-overlay=\"true\" data-overlay-color=\"#000000\" ><div id=\"pgc-17765-3-0\"  class=\"panel-grid-cell\" ><div id=\"panel-17765-3-0-0\" class=\"so-panel widget_sow-editor panel-first-child panel-last-child\" data-index=\"4\" ><div style=\"text-align: left;\" data-title-color=\"#47425d\" data-headings-color=\"#443f3f\" data-title_alignment=\"center\" class=\"panel-widget-style panel-widget-style-for-17765-3-0-0\" ><div\n\t\t\t\n\t\t\tclass=\"so-widget-sow-editor so-widget-sow-editor-base\"\n\t\t\t\n\t\t>\n<div class=\"siteorigin-widget-tinymce textwidget\">\n\t<ul>\n<li>Mat\u00e9riel de construction<\/li>\n<li>Machines de d\u00e9marrage \u00e0 froid<\/li>\n<li>Machines commerciales<\/li>\n<li>Raccords filet\u00e9s<\/li>\n<\/ul>\n<\/div>\n<\/div><\/div><\/div><\/div><div id=\"pgc-17765-3-1\"  class=\"panel-grid-cell\" ><div id=\"panel-17765-3-1-0\" class=\"so-panel widget_sow-editor panel-first-child panel-last-child\" data-index=\"5\" ><div style=\"text-align: left;\" data-title-color=\"#47425d\" data-headings-color=\"#443f3f\" data-title_alignment=\"center\" class=\"panel-widget-style panel-widget-style-for-17765-3-1-0\" ><div\n\t\t\t\n\t\t\tclass=\"so-widget-sow-editor so-widget-sow-editor-base\"\n\t\t\t\n\t\t>\n<div class=\"siteorigin-widget-tinymce textwidget\">\n\t<ul>\n<li>Pi\u00e8ces pour r\u00e9acteurs<\/li>\n<li>Machines agricoles<\/li>\n<li>Composants d'\u00e9quipement de menuiserie<\/li>\n<li>M\u00e9canismes des ceintures de s\u00e9curit\u00e9 dans l'a\u00e9ronautique<\/li>\n<\/ul>\n<\/div>\n<\/div><\/div><\/div><\/div><div id=\"pgc-17765-3-2\"  class=\"panel-grid-cell\" ><div id=\"panel-17765-3-2-0\" class=\"so-panel widget_sow-editor panel-first-child panel-last-child\" data-index=\"6\" ><div style=\"text-align: left;\" data-title-color=\"#47425d\" data-headings-color=\"#443f3f\" data-title_alignment=\"center\" class=\"panel-widget-style panel-widget-style-for-17765-3-2-0\" ><div\n\t\t\t\n\t\t\tclass=\"so-widget-sow-editor so-widget-sow-editor-base\"\n\t\t\t\n\t\t>\n<div class=\"siteorigin-widget-tinymce textwidget\">\n\t<ul>\n<li>\u00c9quipement minier<\/li>\n<li>\u00c9crous et vis haute tension<\/li>\n<li>\u00c9quipements de s\u00e9curit\u00e9<\/li>\n<\/ul>\n<\/div>\n<\/div><\/div><\/div><\/div><\/div><\/div><div id=\"pg-17765-4\"  class=\"panel-grid panel-has-style\" ><div class=\"BGC-GRIS siteorigin-panels-stretch panel-row-style panel-row-style-for-17765-4\" style=\"padding: 0px 0; \" data-stretch-type=\"full\" data-overlay=\"true\" data-overlay-color=\"#000000\" ><div id=\"pgc-17765-4-0\"  class=\"panel-grid-cell\" ><div id=\"panel-17765-4-0-0\" class=\"so-panel widget_sow-editor panel-first-child panel-last-child\" data-index=\"7\" ><div style=\"text-align: left;\" data-title-color=\"#47425d\" data-headings-color=\"#443f3f\" data-title_alignment=\"center\" class=\"panel-widget-style panel-widget-style-for-17765-4-0-0\" ><div\n\t\t\t\n\t\t\tclass=\"so-widget-sow-editor so-widget-sow-editor-base\"\n\t\t\t\n\t\t>\n<div class=\"siteorigin-widget-tinymce textwidget\">\n\t<p class=\"TEXTOS-DESTACATS\" style=\"text-align: center;\">Les principaux avantages des produits Molydag\u00ae sont:<\/p>\n<ul class=\"LLISTA-SUBRATLLADA\">\n<li>Bonne adh\u00e9rence aux m\u00e9taux<\/li>\n<li>Faible coefficient de frottement<\/li>\n<li>Bonne dur\u00e9e de vie (r\u00e9sistance \u00e0 l'abrasion et au frottement)<\/li>\n<li>R\u00e9sistance \u00e0 la corrosion<\/li>\n<li>R\u00e9sistance \u00e0 de nombreux produits chimiques et solvants (voir les exigences de r\u00e9sistance chimique MIL-L-8937-D)<\/li>\n<\/ul>\n<\/div>\n<\/div><\/div><\/div><\/div><\/div><\/div><div id=\"pg-17765-5\"  class=\"panel-grid panel-has-style\" ><div class=\"siteorigin-panels-stretch panel-row-style panel-row-style-for-17765-5\" style=\"padding: 50px 0; \" data-stretch-type=\"full\" data-overlay=\"true\" data-overlay-color=\"#000000\" ><div id=\"pgc-17765-5-0\"  class=\"panel-grid-cell\" ><div id=\"panel-17765-5-0-0\" class=\"so-panel widget_siteorigin-panels-builder panel-first-child panel-last-child\" data-index=\"8\" ><div style=\"text-align: left;\" data-title-color=\"#47425d\" data-headings-color=\"#443f3f\" data-title_alignment=\"center\" class=\"panel-widget-style panel-widget-style-for-17765-5-0-0\" ><div id=\"pl-w5e186927b414a\"  class=\"panel-layout\" ><div id=\"pg-w5e186927b414a-0\"  class=\"panel-grid panel-has-style\" ><div style=\"padding: 0px 0; \" data-overlay=\"true\" data-overlay-color=\"#000000\" class=\"panel-row-style panel-row-style-for-w5e186927b414a-0\" ><div id=\"pgc-w5e186927b414a-0-0\"  class=\"panel-grid-cell\" ><div id=\"panel-w5e186927b414a-0-0-0\" class=\"so-panel widget_sow-editor panel-first-child panel-last-child\" data-index=\"0\" ><div style=\"text-align: left;\" data-title-color=\"#47425d\" data-headings-color=\"#443f3f\" data-title_alignment=\"center\" class=\"panel-widget-style panel-widget-style-for-w5e186927b414a-0-0-0\" ><div\n\t\t\t\n\t\t\tclass=\"so-widget-sow-editor so-widget-sow-editor-base\"\n\t\t\t\n\t\t>\n<div class=\"siteorigin-widget-tinymce textwidget\">\n\t<h2 class=\"BLAU-FOSC\" style=\"text-align: center;\">R\u00e9f\u00e9rences Molydag \u00ae<\/h2>\n<\/div>\n<\/div><\/div><\/div><\/div><\/div><\/div><div id=\"pg-w5e186927b414a-1\"  class=\"panel-grid panel-has-style\" ><div style=\"padding: 0px 0; \" data-overlay=\"true\" data-overlay-color=\"#000000\" class=\"panel-row-style panel-row-style-for-w5e186927b414a-1\" ><div id=\"pgc-w5e186927b414a-1-0\"  class=\"panel-grid-cell\" ><div id=\"panel-w5e186927b414a-1-0-0\" class=\"so-panel widget_sow-editor panel-first-child panel-last-child\" data-index=\"1\" ><div style=\"text-align: left;\" data-title-color=\"#47425d\" data-headings-color=\"#443f3f\" data-title_alignment=\"center\" class=\"panel-widget-style panel-widget-style-for-w5e186927b414a-1-0-0\" ><div\n\t\t\t\n\t\t\tclass=\"so-widget-sow-editor so-widget-sow-editor-base\"\n\t\t\t\n\t\t>\n<div class=\"siteorigin-widget-tinymce textwidget\">\n\t<p style=\"text-align: center; padding-top: 40px;\"><b>210<\/b><br \/>\n<b>213<\/b><br \/>\n<b>254<\/b><br \/>\n<b>250<\/b><br \/>\n<b>200<\/b><br \/>\n<b>15<\/b><br \/>\n<b>16<\/b><br \/>\n<b>147<\/b><br \/>\n<b>709<\/b><\/p>\n<\/div>\n<\/div><\/div><\/div><\/div><\/div><\/div><\/div><\/div><\/div><\/div><\/div><\/div><\/div>","protected":false},"excerpt":{"rendered":"<p>Rev\u00eatement Molydag \u00ae Molydag\u00ae est une s\u00e9rie de produits du fabricant Acheson, caract\u00e9ris\u00e9s par leurs propri\u00e9t\u00e9s lubrifiantes \u00e0 base de r\u00e9sine. Ces [&hellip;]<\/p>\n","protected":false},"author":1,"featured_media":12158,"parent":0,"menu_order":0,"comment_status":"closed","ping_status":"closed","template":"page-templates\/page_fullwidth.php","meta":{"footnotes":""},"class_list":["post-17765","page","type-page","status-publish","has-post-thumbnail","hentry"],"yoast_head":"<!-- This site is optimized with the Yoast SEO plugin v27.4 - https:\/\/yoast.com\/product\/yoast-seo-wordpress\/ -->\n<title>Rev\u00eatement Molydag - Coatresa<\/title>\n<meta name=\"description\" content=\"Rev\u00eatement Molydag Acheson: lubrifiants \u00e0 base de r\u00e9sine con\u00e7us pour fournir un film lubrifiant sec pour les secteurs industriels. En savoir plus.\" \/>\n<meta name=\"robots\" content=\"index, follow, max-snippet:-1, max-image-preview:large, max-video-preview:-1\" \/>\n<link rel=\"canonical\" href=\"https:\/\/www.coatresa.com\/fr\/revetement-acheson-molydag\/\" \/>\n<meta property=\"og:locale\" content=\"fr_FR\" \/>\n<meta property=\"og:type\" content=\"article\" \/>\n<meta property=\"og:title\" content=\"Rev\u00eatement Molydag - Coatresa\" \/>\n<meta property=\"og:description\" content=\"Rev\u00eatement Molydag Acheson: lubrifiants \u00e0 base de r\u00e9sine con\u00e7us pour fournir un film lubrifiant sec pour les secteurs industriels. En savoir plus.\" \/>\n<meta property=\"og:url\" content=\"https:\/\/www.coatresa.com\/fr\/revetement-acheson-molydag\/\" \/>\n<meta property=\"og:site_name\" content=\"Coatresa\" \/>\n<meta property=\"article:publisher\" content=\"https:\/\/www.facebook.com\/Coatresa\/\" \/>\n<meta property=\"article:modified_time\" content=\"2020-01-10T12:08:07+00:00\" \/>\n<meta property=\"og:image\" content=\"https:\/\/www.coatresa.com\/wp-content\/uploads\/2018\/09\/recubrimiento-acheson-molydag.png\" \/>\n\t<meta property=\"og:image:width\" content=\"197\" \/>\n\t<meta property=\"og:image:height\" content=\"197\" \/>\n\t<meta property=\"og:image:type\" content=\"image\/png\" \/>\n<meta name=\"twitter:card\" content=\"summary_large_image\" \/>\n<meta name=\"twitter:site\" content=\"@Coatresa\" \/>\n<meta name=\"twitter:label1\" content=\"Dur\u00e9e de lecture estim\u00e9e\" \/>\n\t<meta name=\"twitter:data1\" content=\"1 minute\" \/>\n<script type=\"application\/ld+json\" class=\"yoast-schema-graph\">{\"@context\":\"https:\\\/\\\/schema.org\",\"@graph\":[{\"@type\":\"WebPage\",\"@id\":\"https:\\\/\\\/www.coatresa.com\\\/fr\\\/revetement-acheson-molydag\\\/\",\"url\":\"https:\\\/\\\/www.coatresa.com\\\/fr\\\/revetement-acheson-molydag\\\/\",\"name\":\"Rev\u00eatement Molydag - Coatresa\",\"isPartOf\":{\"@id\":\"https:\\\/\\\/www.coatresa.com\\\/fr\\\/#website\"},\"primaryImageOfPage\":{\"@id\":\"https:\\\/\\\/www.coatresa.com\\\/fr\\\/revetement-acheson-molydag\\\/#primaryimage\"},\"image\":{\"@id\":\"https:\\\/\\\/www.coatresa.com\\\/fr\\\/revetement-acheson-molydag\\\/#primaryimage\"},\"thumbnailUrl\":\"https:\\\/\\\/www.coatresa.com\\\/wp-content\\\/uploads\\\/2018\\\/09\\\/recubrimiento-acheson-molydag.png\",\"datePublished\":\"2019-07-19T12:16:45+00:00\",\"dateModified\":\"2020-01-10T12:08:07+00:00\",\"description\":\"Rev\u00eatement Molydag Acheson: lubrifiants \u00e0 base de r\u00e9sine con\u00e7us pour fournir un film lubrifiant sec pour les secteurs industriels. En savoir plus.\",\"breadcrumb\":{\"@id\":\"https:\\\/\\\/www.coatresa.com\\\/fr\\\/revetement-acheson-molydag\\\/#breadcrumb\"},\"inLanguage\":\"fr-FR\",\"potentialAction\":[{\"@type\":\"ReadAction\",\"target\":[\"https:\\\/\\\/www.coatresa.com\\\/fr\\\/revetement-acheson-molydag\\\/\"]}]},{\"@type\":\"ImageObject\",\"inLanguage\":\"fr-FR\",\"@id\":\"https:\\\/\\\/www.coatresa.com\\\/fr\\\/revetement-acheson-molydag\\\/#primaryimage\",\"url\":\"https:\\\/\\\/www.coatresa.com\\\/wp-content\\\/uploads\\\/2018\\\/09\\\/recubrimiento-acheson-molydag.png\",\"contentUrl\":\"https:\\\/\\\/www.coatresa.com\\\/wp-content\\\/uploads\\\/2018\\\/09\\\/recubrimiento-acheson-molydag.png\",\"width\":197,\"height\":197,\"caption\":\"Rev\u00eatement Acheson Molydag\"},{\"@type\":\"BreadcrumbList\",\"@id\":\"https:\\\/\\\/www.coatresa.com\\\/fr\\\/revetement-acheson-molydag\\\/#breadcrumb\",\"itemListElement\":[{\"@type\":\"ListItem\",\"position\":1,\"name\":\"Portada\",\"item\":\"https:\\\/\\\/www.coatresa.com\\\/fr\\\/\"},{\"@type\":\"ListItem\",\"position\":2,\"name\":\"Rev\u00eatement Molydag\"}]},{\"@type\":\"WebSite\",\"@id\":\"https:\\\/\\\/www.coatresa.com\\\/fr\\\/#website\",\"url\":\"https:\\\/\\\/www.coatresa.com\\\/fr\\\/\",\"name\":\"Coatresa\",\"description\":\"Aplicaci\u00f3n de recubrimientos antiadherentes y anticorrosivos como el Teflon. Expertos del Powder Coating\",\"publisher\":{\"@id\":\"https:\\\/\\\/www.coatresa.com\\\/fr\\\/#organization\"},\"potentialAction\":[{\"@type\":\"SearchAction\",\"target\":{\"@type\":\"EntryPoint\",\"urlTemplate\":\"https:\\\/\\\/www.coatresa.com\\\/fr\\\/?s={search_term_string}\"},\"query-input\":{\"@type\":\"PropertyValueSpecification\",\"valueRequired\":true,\"valueName\":\"search_term_string\"}}],\"inLanguage\":\"fr-FR\"},{\"@type\":\"Organization\",\"@id\":\"https:\\\/\\\/www.coatresa.com\\\/fr\\\/#organization\",\"name\":\"Coatresa\",\"url\":\"https:\\\/\\\/www.coatresa.com\\\/fr\\\/\",\"logo\":{\"@type\":\"ImageObject\",\"inLanguage\":\"fr-FR\",\"@id\":\"https:\\\/\\\/www.coatresa.com\\\/fr\\\/#\\\/schema\\\/logo\\\/image\\\/\",\"url\":\"https:\\\/\\\/www.coatresa.com\\\/wp-content\\\/uploads\\\/2022\\\/07\\\/A_blava_mitja_transp.png\",\"contentUrl\":\"https:\\\/\\\/www.coatresa.com\\\/wp-content\\\/uploads\\\/2022\\\/07\\\/A_blava_mitja_transp.png\",\"width\":340,\"height\":326,\"caption\":\"Coatresa\"},\"image\":{\"@id\":\"https:\\\/\\\/www.coatresa.com\\\/fr\\\/#\\\/schema\\\/logo\\\/image\\\/\"},\"sameAs\":[\"https:\\\/\\\/www.facebook.com\\\/Coatresa\\\/\",\"https:\\\/\\\/x.com\\\/Coatresa\",\"https:\\\/\\\/www.linkedin.com\\\/company\\\/coatresa\\\/\",\"https:\\\/\\\/www.youtube.com\\\/user\\\/CoatresaCoatings\"]}]}<\/script>\n<!-- \/ Yoast SEO plugin. -->","yoast_head_json":{"title":"Rev\u00eatement Molydag - Coatresa","description":"Rev\u00eatement Molydag Acheson: lubrifiants \u00e0 base de r\u00e9sine con\u00e7us pour fournir un film lubrifiant sec pour les secteurs industriels. En savoir plus.","robots":{"index":"index","follow":"follow","max-snippet":"max-snippet:-1","max-image-preview":"max-image-preview:large","max-video-preview":"max-video-preview:-1"},"canonical":"https:\/\/www.coatresa.com\/fr\/revetement-acheson-molydag\/","og_locale":"fr_FR","og_type":"article","og_title":"Rev\u00eatement Molydag - Coatresa","og_description":"Rev\u00eatement Molydag Acheson: lubrifiants \u00e0 base de r\u00e9sine con\u00e7us pour fournir un film lubrifiant sec pour les secteurs industriels. En savoir plus.","og_url":"https:\/\/www.coatresa.com\/fr\/revetement-acheson-molydag\/","og_site_name":"Coatresa","article_publisher":"https:\/\/www.facebook.com\/Coatresa\/","article_modified_time":"2020-01-10T12:08:07+00:00","og_image":[{"width":197,"height":197,"url":"https:\/\/www.coatresa.com\/wp-content\/uploads\/2018\/09\/recubrimiento-acheson-molydag.png","type":"image\/png"}],"twitter_card":"summary_large_image","twitter_site":"@Coatresa","twitter_misc":{"Dur\u00e9e de lecture estim\u00e9e":"1 minute"},"schema":{"@context":"https:\/\/schema.org","@graph":[{"@type":"WebPage","@id":"https:\/\/www.coatresa.com\/fr\/revetement-acheson-molydag\/","url":"https:\/\/www.coatresa.com\/fr\/revetement-acheson-molydag\/","name":"Rev\u00eatement Molydag - Coatresa","isPartOf":{"@id":"https:\/\/www.coatresa.com\/fr\/#website"},"primaryImageOfPage":{"@id":"https:\/\/www.coatresa.com\/fr\/revetement-acheson-molydag\/#primaryimage"},"image":{"@id":"https:\/\/www.coatresa.com\/fr\/revetement-acheson-molydag\/#primaryimage"},"thumbnailUrl":"https:\/\/www.coatresa.com\/wp-content\/uploads\/2018\/09\/recubrimiento-acheson-molydag.png","datePublished":"2019-07-19T12:16:45+00:00","dateModified":"2020-01-10T12:08:07+00:00","description":"Rev\u00eatement Molydag Acheson: lubrifiants \u00e0 base de r\u00e9sine con\u00e7us pour fournir un film lubrifiant sec pour les secteurs industriels. En savoir plus.","breadcrumb":{"@id":"https:\/\/www.coatresa.com\/fr\/revetement-acheson-molydag\/#breadcrumb"},"inLanguage":"fr-FR","potentialAction":[{"@type":"ReadAction","target":["https:\/\/www.coatresa.com\/fr\/revetement-acheson-molydag\/"]}]},{"@type":"ImageObject","inLanguage":"fr-FR","@id":"https:\/\/www.coatresa.com\/fr\/revetement-acheson-molydag\/#primaryimage","url":"https:\/\/www.coatresa.com\/wp-content\/uploads\/2018\/09\/recubrimiento-acheson-molydag.png","contentUrl":"https:\/\/www.coatresa.com\/wp-content\/uploads\/2018\/09\/recubrimiento-acheson-molydag.png","width":197,"height":197,"caption":"Rev\u00eatement Acheson Molydag"},{"@type":"BreadcrumbList","@id":"https:\/\/www.coatresa.com\/fr\/revetement-acheson-molydag\/#breadcrumb","itemListElement":[{"@type":"ListItem","position":1,"name":"Portada","item":"https:\/\/www.coatresa.com\/fr\/"},{"@type":"ListItem","position":2,"name":"Rev\u00eatement Molydag"}]},{"@type":"WebSite","@id":"https:\/\/www.coatresa.com\/fr\/#website","url":"https:\/\/www.coatresa.com\/fr\/","name":"Coatresa","description":"Aplicaci\u00f3n de recubrimientos antiadherentes y anticorrosivos como el Teflon. Expertos del Powder Coating","publisher":{"@id":"https:\/\/www.coatresa.com\/fr\/#organization"},"potentialAction":[{"@type":"SearchAction","target":{"@type":"EntryPoint","urlTemplate":"https:\/\/www.coatresa.com\/fr\/?s={search_term_string}"},"query-input":{"@type":"PropertyValueSpecification","valueRequired":true,"valueName":"search_term_string"}}],"inLanguage":"fr-FR"},{"@type":"Organization","@id":"https:\/\/www.coatresa.com\/fr\/#organization","name":"Coatresa","url":"https:\/\/www.coatresa.com\/fr\/","logo":{"@type":"ImageObject","inLanguage":"fr-FR","@id":"https:\/\/www.coatresa.com\/fr\/#\/schema\/logo\/image\/","url":"https:\/\/www.coatresa.com\/wp-content\/uploads\/2022\/07\/A_blava_mitja_transp.png","contentUrl":"https:\/\/www.coatresa.com\/wp-content\/uploads\/2022\/07\/A_blava_mitja_transp.png","width":340,"height":326,"caption":"Coatresa"},"image":{"@id":"https:\/\/www.coatresa.com\/fr\/#\/schema\/logo\/image\/"},"sameAs":["https:\/\/www.facebook.com\/Coatresa\/","https:\/\/x.com\/Coatresa","https:\/\/www.linkedin.com\/company\/coatresa\/","https:\/\/www.youtube.com\/user\/CoatresaCoatings"]}]}},"_links":{"self":[{"href":"https:\/\/www.coatresa.com\/fr\/wp-json\/wp\/v2\/pages\/17765","targetHints":{"allow":["GET"]}}],"collection":[{"href":"https:\/\/www.coatresa.com\/fr\/wp-json\/wp\/v2\/pages"}],"about":[{"href":"https:\/\/www.coatresa.com\/fr\/wp-json\/wp\/v2\/types\/page"}],"author":[{"embeddable":true,"href":"https:\/\/www.coatresa.com\/fr\/wp-json\/wp\/v2\/users\/1"}],"replies":[{"embeddable":true,"href":"https:\/\/www.coatresa.com\/fr\/wp-json\/wp\/v2\/comments?post=17765"}],"version-history":[{"count":0,"href":"https:\/\/www.coatresa.com\/fr\/wp-json\/wp\/v2\/pages\/17765\/revisions"}],"wp:featuredmedia":[{"embeddable":true,"href":"https:\/\/www.coatresa.com\/fr\/wp-json\/wp\/v2\/media\/12158"}],"wp:attachment":[{"href":"https:\/\/www.coatresa.com\/fr\/wp-json\/wp\/v2\/media?parent=17765"}],"curies":[{"name":"wp","href":"https:\/\/api.w.org\/{rel}","templated":true}]}}