{"id":17772,"date":"2019-09-04T17:27:58","date_gmt":"2019-09-04T15:27:58","guid":{"rendered":"https:\/\/www.coatresa.com\/recubrimiento-akzonobel-resicoat\/"},"modified":"2020-01-10T13:33:02","modified_gmt":"2020-01-10T12:33:02","slug":"revetement-akzonobel-resicoat","status":"publish","type":"page","link":"https:\/\/www.coatresa.com\/fr\/revetement-akzonobel-resicoat\/","title":{"rendered":"Rev\u00eatement Resicoat"},"content":{"rendered":"<div id=\"pl-17772\"  class=\"panel-layout\" ><div id=\"pg-17772-0\"  class=\"panel-grid panel-has-style\" ><div style=\"padding: 0px 0; \" data-overlay=\"true\" data-overlay-color=\"#000000\" class=\"panel-row-style panel-row-style-for-17772-0\" ><div id=\"pgc-17772-0-0\"  class=\"panel-grid-cell\" ><div id=\"panel-17772-0-0-0\" class=\"so-panel widget_sow-image panel-first-child panel-last-child\" data-index=\"0\" ><div style=\"text-align: left;\" data-title-color=\"#47425d\" data-headings-color=\"#443f3f\" data-title_alignment=\"center\" class=\"panel-widget-style panel-widget-style-for-17772-0-0-0\" ><div\n\t\t\t\n\t\t\tclass=\"so-widget-sow-image so-widget-sow-image-default-c67d20f9f743-17772\"\n\t\t\t\n\t\t>\n<div class=\"sow-image-container\">\n\t\t<img \n\tsrc=\"https:\/\/www.coatresa.com\/wp-content\/uploads\/2019\/09\/recubrimientos-akzonobel-resicoat.png\" width=\"197\" height=\"197\" srcset=\"https:\/\/www.coatresa.com\/wp-content\/uploads\/2019\/09\/recubrimientos-akzonobel-resicoat.png 197w, https:\/\/www.coatresa.com\/wp-content\/uploads\/2019\/09\/recubrimientos-akzonobel-resicoat-150x150.png 150w\" sizes=\"(max-width: 197px) 100vw, 197px\" title=\"recubrimiento AkzoNobel Resicoat\" alt=\"recubrimiento AkzoNobel Resicoat\" \t\tclass=\"so-widget-image\"\/>\n\t<\/div>\n\n<\/div><\/div><\/div><\/div><div id=\"pgc-17772-0-1\"  class=\"panel-grid-cell\" ><div id=\"panel-17772-0-1-0\" class=\"so-panel widget_sow-editor panel-first-child panel-last-child\" data-index=\"1\" ><div style=\"text-align: left;\" data-title-color=\"#47425d\" data-headings-color=\"#000000\" data-title_alignment=\"center\" class=\"panel-widget-style panel-widget-style-for-17772-0-1-0\" ><div\n\t\t\t\n\t\t\tclass=\"so-widget-sow-editor so-widget-sow-editor-base\"\n\t\t\t\n\t\t>\n<div class=\"siteorigin-widget-tinymce textwidget\">\n\t<h1 style=\"text-align: left;\">Rev\u00eatement Resicoat \u00ae<\/h1>\n<hr align=\"left\" \/>\n<p style=\"text-align: justify;\">Les rev\u00eatements en poudre <b>Resicoat<\/b>\u00ae d'AkzoNobel sont des peintures sans solvant qui servent \u00e0 prot\u00e9ger les pi\u00e8ces rev\u00eatues dans des environnements hostiles. Elles offrent des performances sup\u00e9rieures avec une empreinte environnementale plus faible par rapport \u00e0 leurs homologues liquides.<\/p>\n<p style=\"text-align: justify;\">Les principaux avantages de ces <b>rev\u00eatements en poudre<\/b> par rapport \u00e0 d'autres alternatives du march\u00e9 sont l'<b>absence de COV<\/b> ou de m\u00e9taux lourds dans les rev\u00eatements, une <b>certification environnementale globale SMaRT<\/b> et la <b>r\u00e9duction potentielle des co\u00fbts de rev\u00eatement<\/b>. Ils sont utilis\u00e9s pour la protection contre la corrosion dans les vannes ainsi que pour l'isolation et la protection contre la corrosion dans les composants \u00e9lectroniques entre autres.<\/p>\n<\/div>\n<\/div><\/div><\/div><\/div><\/div><\/div><div id=\"pg-17772-1\"  class=\"panel-grid panel-has-style\" ><div class=\"FRANJA-BLAVA-TITOL siteorigin-panels-stretch panel-row-style panel-row-style-for-17772-1\" style=\"padding: 0px 0; \" data-stretch-type=\"full\" data-overlay=\"true\" data-overlay-color=\"#000000\" ><div id=\"pgc-17772-1-0\"  class=\"panel-grid-cell\" ><div id=\"panel-17772-1-0-0\" class=\"so-panel widget_sow-editor panel-first-child panel-last-child\" data-index=\"2\" ><div class=\"blanc panel-widget-style panel-widget-style-for-17772-1-0-0\" style=\"text-align: left;\" data-title-color=\"#47425d\" data-headings-color=\"#443f3f\" data-title_alignment=\"center\" ><div\n\t\t\t\n\t\t\tclass=\"so-widget-sow-editor so-widget-sow-editor-base\"\n\t\t\t\n\t\t>\n<div class=\"siteorigin-widget-tinymce textwidget\">\n\t<h2 style=\"text-align: center;\">Propri\u00e9t\u00e9s du rev\u00eatement Resicoat \u00ae<\/h2>\n<\/div>\n<\/div><\/div><\/div><\/div><\/div><\/div><div id=\"pg-17772-2\"  class=\"panel-grid panel-has-style\" ><div class=\"BGC-GRIS siteorigin-panels-stretch panel-row-style panel-row-style-for-17772-2\" style=\"padding: 50px 0; \" data-stretch-type=\"full\" data-overlay=\"true\" data-overlay-color=\"#000000\" ><div id=\"pgc-17772-2-0\"  class=\"panel-grid-cell\" ><div id=\"panel-17772-2-0-0\" class=\"so-panel widget_sow-editor panel-first-child\" data-index=\"3\" ><div style=\"text-align: left;\" data-title-color=\"#47425d\" data-headings-color=\"#443f3f\" data-title_alignment=\"center\" class=\"panel-widget-style panel-widget-style-for-17772-2-0-0\" ><div\n\t\t\t\n\t\t\tclass=\"so-widget-sow-editor so-widget-sow-editor-base\"\n\t\t\t\n\t\t>\n<div class=\"siteorigin-widget-tinymce textwidget\">\n\t<p class=\"TEXTOS-DESTACATS\" style=\"text-align: center;\">La gamme de rev\u00eatements en poudre Resicoat\u00ae est appliqu\u00e9e dans de nombreux secteurs industriels et apporte les solutions suivantes:<\/p>\n<\/div>\n<\/div><\/div><\/div><div id=\"panel-17772-2-0-1\" class=\"so-panel widget_sow-editor panel-last-child\" data-index=\"4\" ><div style=\"text-align: left;\" data-title-color=\"#47425d\" data-headings-color=\"#443f3f\" data-title_alignment=\"center\" class=\"panel-widget-style panel-widget-style-for-17772-2-0-1\" ><div\n\t\t\t\n\t\t\tclass=\"so-widget-sow-editor so-widget-sow-editor-base\"\n\t\t\t\n\t\t>\n<div class=\"siteorigin-widget-tinymce textwidget\">\n\t<ul class=\"LLISTA-SUBRATLLADA\">\n<li><b>Rev\u00eatement pour isolation \u00e9lectrique<\/b><br \/>\nResicoat\u00ae a \u00e9t\u00e9 d\u00e9velopp\u00e9 pour la premi\u00e8re fois pour l'isolation \u00e9lectrique \u00e0 la fin des ann\u00e9es 1960. Depuis lors, ces rev\u00eatements en poudre ont \u00e9volu\u00e9 et se sont am\u00e9lior\u00e9s pour de nouvelles gammes d'applications di\u00e9lectriques. La s\u00e9rie Resicoat\u00ae EL contient des rev\u00eatements \u00e9poxydes en poudre pour l'isolation des cellules de laminage utilis\u00e9es pour les moteurs et des barres m\u00e9talliques utilis\u00e9es dans les syst\u00e8mes de distribution \u00e9lectrique, ainsi que pour l'isolation des petits composants tels que les noyaux magn\u00e9tiques.<\/li>\n<li><b>Rev\u00eatement ext\u00e9rieur et int\u00e9rieur de tuyaux<\/b><br \/>\nLes tuyaux sont de v\u00e9ritables autoroutes de l'\u00e9nergie. Ils constituent le principal moyen de transport du p\u00e9trole, du gaz naturel, des produits p\u00e9trochimiques et de l'eau. Il est important que les conduites fonctionnent de mani\u00e8re s\u00fbre et efficace pendant toute leur dur\u00e9e de vie. Ceci est possible gr\u00e2ce \u00e0 la combinaison d'une protection cathodique et de rev\u00eatements protecteurs tels que Resicoat\u00ae, permettant ainsi d'\u00e9viter des co\u00fbts d'entretien \u00e9lev\u00e9s et d'\u00e9ventuels dommages environnementaux en cas de fuites par corrosion.<\/li>\n<li><b>Rev\u00eatement pour tige ondul\u00e9e<\/b><br \/>\nLa gamme Resicoat\u00ae RB prot\u00e8ge les tiges ondul\u00e9es utilis\u00e9es pour renforcer les structures en b\u00e9ton arm\u00e9 contre la corrosion. Resicoat\u00ae RB est disponible en version flexible et non flexible, conforme \u00e0 la norme ASTM A775 et \u00e0 la certification U.S. DOT.<\/li>\n<li><b>Rev\u00eatement pour vannes et accessoires\u2028<\/b><br \/>\nLa s\u00e9rie Resicoat R4 offre une gamme de poudres \u00e9poxy pour ces applications avec des homologations et certifications mondiales pour l'eau potable et les applications gaz et biogaz. Les rev\u00eatements pour vannes doivent \u00eatre r\u00e9sistants \u00e0 une large gamme de temp\u00e9ratures et de conditions environnementales.\u2028La s\u00e9rie Resicoat R4 offre une surface compl\u00e8tement \u00e9tanche et sans porosit\u00e9, emp\u00eachant la corrosion et r\u00e9duisant le frottement entre le fluide transport\u00e9 et la connexion, \u00e9vitant ainsi les incrustations par les sels ou les mati\u00e8res organiques.<\/li>\n<\/ul>\n<\/div>\n<\/div><\/div><\/div><\/div><\/div><\/div><div id=\"pg-17772-3\"  class=\"panel-grid panel-has-style\" ><div class=\"siteorigin-panels-stretch panel-row-style panel-row-style-for-17772-3\" style=\"padding: 50px 0; \" data-stretch-type=\"full\" data-overlay=\"true\" data-overlay-color=\"#000000\" ><div id=\"pgc-17772-3-0\"  class=\"panel-grid-cell\" ><div id=\"panel-17772-3-0-0\" class=\"so-panel widget_sow-editor panel-first-child\" data-index=\"5\" ><div style=\"text-align: left;\" data-title-color=\"#47425d\" data-headings-color=\"#443f3f\" data-title_alignment=\"center\" class=\"panel-widget-style panel-widget-style-for-17772-3-0-0\" ><div\n\t\t\t\n\t\t\tclass=\"so-widget-sow-editor so-widget-sow-editor-base\"\n\t\t\t\n\t\t>\n<div class=\"siteorigin-widget-tinymce textwidget\">\n\t<h2 class=\"BLAU-FOSC\" style=\"text-align: center;\">R\u00e9f\u00e9rences Resicoat \u00ae<\/h2>\n<\/div>\n<\/div><\/div><\/div><div id=\"panel-17772-3-0-1\" class=\"so-panel widget_siteorigin-panels-builder panel-last-child\" data-index=\"6\" ><div style=\"text-align: left;\" data-title-color=\"#47425d\" data-headings-color=\"#443f3f\" data-title_alignment=\"center\" class=\"panel-widget-style panel-widget-style-for-17772-3-0-1\" ><div id=\"pl-w5d6fd4790b935\"  class=\"panel-layout\" ><div id=\"pg-w5d6fd4790b935-0\"  class=\"panel-grid panel-has-style\" ><div style=\"padding: 40px 0; \" data-overlay=\"true\" data-overlay-color=\"#000000\" class=\"panel-row-style panel-row-style-for-w5d6fd4790b935-0\" ><div id=\"pgc-w5d6fd4790b935-0-0\"  class=\"panel-grid-cell\" ><div id=\"panel-w5d6fd4790b935-0-0-0\" class=\"so-panel widget_sow-editor panel-first-child panel-last-child\" data-index=\"0\" ><div style=\"text-align: left;\" data-title-color=\"#47425d\" data-headings-color=\"#443f3f\" data-title_alignment=\"center\" class=\"panel-widget-style panel-widget-style-for-w5d6fd4790b935-0-0-0\" ><div\n\t\t\t\n\t\t\tclass=\"so-widget-sow-editor so-widget-sow-editor-base\"\n\t\t\t\n\t\t>\n<div class=\"siteorigin-widget-tinymce textwidget\">\n\t<p style=\"text-align: center;\"><b>HLF59R EL<\/b><br \/>\n<b>HLG03R EL201<\/b><br \/>\n<b>HKF97R EL3<\/b><br \/>\n<b>HGC20R EL<\/b><br \/>\n<b>HNE06R EL4<\/b><br \/>\n<b>HKE03R e-lock<\/b><br \/>\n<b>HNE03R e-lock<\/b><br \/>\n<b>HNH04R EL1<\/b><br \/>\n<b>HLF04R R-726<\/b><br \/>\n<b>HKF70R R-726A<\/b><\/p>\n<\/div>\n<\/div><\/div><\/div><\/div><div id=\"pgc-w5d6fd4790b935-0-1\"  class=\"panel-grid-cell\" ><div id=\"panel-w5d6fd4790b935-0-1-0\" class=\"so-panel widget_sow-editor panel-first-child panel-last-child\" data-index=\"1\" ><div style=\"text-align: left;\" data-title-color=\"#47425d\" data-headings-color=\"#443f3f\" data-title_alignment=\"center\" class=\"panel-widget-style panel-widget-style-for-w5d6fd4790b935-0-1-0\" ><div\n\t\t\t\n\t\t\tclass=\"so-widget-sow-editor so-widget-sow-editor-base\"\n\t\t\t\n\t\t>\n<div class=\"siteorigin-widget-tinymce textwidget\">\n\t<p style=\"text-align: center;\"><b>HDF01R R-726LAT<\/b><br \/>\n<b>HKF58R R-735LD<\/b><br \/>\n<b>HLF76R R-726A<\/b><br \/>\n<b>HLF75R R-735LD<\/b><br \/>\n<b>HKF30R RB-600<\/b><br \/>\n<b>HEF06R R4-ES \/ ca. RAL 1023GL<\/b><br \/>\n<b>HGF03R R4-ES \/ ca. RAL 3011GL<\/b><br \/>\n<b>HGF10R R4-ES \/ redbrown<\/b><br \/>\n<b>HGF14R R4-ES \/ ca. RAL 3000<\/b><br \/>\n<b>HGF17R R4-ES \/ rust red<\/b><\/p>\n<\/div>\n<\/div><\/div><\/div><\/div><div id=\"pgc-w5d6fd4790b935-0-2\"  class=\"panel-grid-cell\" ><div id=\"panel-w5d6fd4790b935-0-2-0\" class=\"so-panel widget_sow-editor panel-first-child panel-last-child\" data-index=\"2\" ><div style=\"text-align: left;\" data-title-color=\"#47425d\" data-headings-color=\"#443f3f\" data-title_alignment=\"center\" class=\"panel-widget-style panel-widget-style-for-w5d6fd4790b935-0-2-0\" ><div\n\t\t\t\n\t\t\tclass=\"so-widget-sow-editor so-widget-sow-editor-base\"\n\t\t\t\n\t\t>\n<div class=\"siteorigin-widget-tinymce textwidget\">\n\t<p style=\"text-align: center;\"><b>HJF01R R4-ES \/ ca. RAL 5005<\/b><br \/>\n<b>HJF10R R4-ES \/ ca. RAL 5017<\/b><br \/>\n<b>HJF13R R4-ES<\/b><br \/>\n<b>HJF14R R4-ES \/ ca. RAL 5015<\/b><br \/>\n<b>HJF19R R4-ES \/ ca. RAL 5010GL<\/b><br \/>\n<b>HJF22R R4-ES \/ ca. RAL 5015GL<\/b><br \/>\n<b>HJF23R R4-ES \/ ca. RAL 5003<\/b><br \/>\n<b>HJF24R R4-ES \/ ca. RAL 5013GL<\/b><br \/>\n<b>HJF26R R4-ES \/ ca. RAL 5005<\/b><br \/>\n<b>HJF42R R4-ES \/ blue<\/b><\/p>\n<\/div>\n<\/div><\/div><\/div><\/div><div id=\"pgc-w5d6fd4790b935-0-3\"  class=\"panel-grid-cell\" ><div id=\"panel-w5d6fd4790b935-0-3-0\" class=\"so-panel widget_sow-editor panel-first-child panel-last-child\" data-index=\"3\" ><div style=\"text-align: left;\" data-title-color=\"#47425d\" data-headings-color=\"#443f3f\" data-title_alignment=\"center\" class=\"panel-widget-style panel-widget-style-for-w5d6fd4790b935-0-3-0\" ><div\n\t\t\t\n\t\t\tclass=\"so-widget-sow-editor so-widget-sow-editor-base\"\n\t\t\t\n\t\t>\n<div class=\"siteorigin-widget-tinymce textwidget\">\n\t<p style=\"text-align: center;\"><b>HKF47R R4-ES \/ green<\/b><br \/>\n<b>HNF04R R4-ES \/ ca. RAL 9005<\/b><br \/>\n<b>HGH02R R4-ES \/ redbrown<\/b><br \/>\n<b>HEC01R R4-FB \/ ca. RAL 1023GL<\/b><br \/>\n<b>HGC07R R4-FB \/ redbrown<\/b><br \/>\n<b>HGC17R R4-FB \/ redbrown<\/b><br \/>\n<b>HJC06R R4-FB \/ ca. RAL 5005<\/b><br \/>\n<b>HJC08R R4-FB \/ ca. RAL 5017<\/b><br \/>\n<b>HKC71R R4-FB \/ green<\/b><br \/>\n<b>HNC01R R4-FB \/ black<\/b><\/p>\n<\/div>\n<\/div><\/div><\/div><\/div><\/div><\/div><\/div><\/div><\/div><\/div><\/div><\/div><\/div>","protected":false},"excerpt":{"rendered":"<p>Rev\u00eatement Resicoat \u00ae Les rev\u00eatements en poudre Resicoat\u00ae d&rsquo;AkzoNobel sont des peintures sans solvant qui servent \u00e0 prot\u00e9ger les pi\u00e8ces rev\u00eatues dans [&hellip;]<\/p>\n","protected":false},"author":1,"featured_media":15439,"parent":0,"menu_order":0,"comment_status":"closed","ping_status":"closed","template":"page-templates\/page_fullwidth.php","meta":{"footnotes":""},"class_list":["post-17772","page","type-page","status-publish","has-post-thumbnail","hentry"],"yoast_head":"<!-- This site is optimized with the Yoast SEO plugin v27.6 - https:\/\/yoast.com\/product\/yoast-seo-wordpress\/ -->\n<title>Rev\u00eatement Resicoat - Coatresa<\/title>\n<meta name=\"description\" content=\"Rev\u00eatement Resicoat d&#039;AkzoNobel: rev\u00eatements en poudre sans COV et dot\u00e9s de la certification environnementale SMaRT. Isolation \u00e9lectrique, tuyaux et vannes.\" \/>\n<meta name=\"robots\" content=\"index, follow, max-snippet:-1, max-image-preview:large, max-video-preview:-1\" \/>\n<link rel=\"canonical\" href=\"https:\/\/www.coatresa.com\/fr\/revetement-akzonobel-resicoat\/\" \/>\n<meta property=\"og:locale\" content=\"fr_FR\" \/>\n<meta property=\"og:type\" content=\"article\" \/>\n<meta property=\"og:title\" content=\"Rev\u00eatement Resicoat - Coatresa\" \/>\n<meta property=\"og:description\" content=\"Rev\u00eatement Resicoat d&#039;AkzoNobel: rev\u00eatements en poudre sans COV et dot\u00e9s de la certification environnementale SMaRT. Isolation \u00e9lectrique, tuyaux et vannes.\" \/>\n<meta property=\"og:url\" content=\"https:\/\/www.coatresa.com\/fr\/revetement-akzonobel-resicoat\/\" \/>\n<meta property=\"og:site_name\" content=\"Coatresa\" \/>\n<meta property=\"article:publisher\" content=\"https:\/\/www.facebook.com\/Coatresa\/\" \/>\n<meta property=\"article:modified_time\" content=\"2020-01-10T12:33:02+00:00\" \/>\n<meta property=\"og:image\" content=\"https:\/\/www.coatresa.com\/wp-content\/uploads\/2019\/09\/recubrimientos-akzonobel-resicoat.png\" \/>\n\t<meta property=\"og:image:width\" content=\"197\" \/>\n\t<meta property=\"og:image:height\" content=\"197\" \/>\n\t<meta property=\"og:image:type\" content=\"image\/png\" \/>\n<meta name=\"twitter:card\" content=\"summary_large_image\" \/>\n<meta name=\"twitter:site\" content=\"@Coatresa\" \/>\n<meta name=\"twitter:label1\" content=\"Dur\u00e9e de lecture estim\u00e9e\" \/>\n\t<meta name=\"twitter:data1\" content=\"3 minutes\" \/>\n<script type=\"application\/ld+json\" class=\"yoast-schema-graph\">{\"@context\":\"https:\\\/\\\/schema.org\",\"@graph\":[{\"@type\":\"WebPage\",\"@id\":\"https:\\\/\\\/www.coatresa.com\\\/fr\\\/revetement-akzonobel-resicoat\\\/\",\"url\":\"https:\\\/\\\/www.coatresa.com\\\/fr\\\/revetement-akzonobel-resicoat\\\/\",\"name\":\"Rev\u00eatement Resicoat - Coatresa\",\"isPartOf\":{\"@id\":\"https:\\\/\\\/www.coatresa.com\\\/fr\\\/#website\"},\"primaryImageOfPage\":{\"@id\":\"https:\\\/\\\/www.coatresa.com\\\/fr\\\/revetement-akzonobel-resicoat\\\/#primaryimage\"},\"image\":{\"@id\":\"https:\\\/\\\/www.coatresa.com\\\/fr\\\/revetement-akzonobel-resicoat\\\/#primaryimage\"},\"thumbnailUrl\":\"https:\\\/\\\/www.coatresa.com\\\/wp-content\\\/uploads\\\/2019\\\/09\\\/recubrimientos-akzonobel-resicoat.png\",\"datePublished\":\"2019-09-04T15:27:58+00:00\",\"dateModified\":\"2020-01-10T12:33:02+00:00\",\"description\":\"Rev\u00eatement Resicoat d'AkzoNobel: rev\u00eatements en poudre sans COV et dot\u00e9s de la certification environnementale SMaRT. Isolation \u00e9lectrique, tuyaux et vannes.\",\"breadcrumb\":{\"@id\":\"https:\\\/\\\/www.coatresa.com\\\/fr\\\/revetement-akzonobel-resicoat\\\/#breadcrumb\"},\"inLanguage\":\"fr-FR\",\"potentialAction\":[{\"@type\":\"ReadAction\",\"target\":[\"https:\\\/\\\/www.coatresa.com\\\/fr\\\/revetement-akzonobel-resicoat\\\/\"]}]},{\"@type\":\"ImageObject\",\"inLanguage\":\"fr-FR\",\"@id\":\"https:\\\/\\\/www.coatresa.com\\\/fr\\\/revetement-akzonobel-resicoat\\\/#primaryimage\",\"url\":\"https:\\\/\\\/www.coatresa.com\\\/wp-content\\\/uploads\\\/2019\\\/09\\\/recubrimientos-akzonobel-resicoat.png\",\"contentUrl\":\"https:\\\/\\\/www.coatresa.com\\\/wp-content\\\/uploads\\\/2019\\\/09\\\/recubrimientos-akzonobel-resicoat.png\",\"width\":197,\"height\":197,\"caption\":\"recubrimiento AkzoNobel Resicoat\"},{\"@type\":\"BreadcrumbList\",\"@id\":\"https:\\\/\\\/www.coatresa.com\\\/fr\\\/revetement-akzonobel-resicoat\\\/#breadcrumb\",\"itemListElement\":[{\"@type\":\"ListItem\",\"position\":1,\"name\":\"Portada\",\"item\":\"https:\\\/\\\/www.coatresa.com\\\/fr\\\/\"},{\"@type\":\"ListItem\",\"position\":2,\"name\":\"Rev\u00eatement Resicoat\"}]},{\"@type\":\"WebSite\",\"@id\":\"https:\\\/\\\/www.coatresa.com\\\/fr\\\/#website\",\"url\":\"https:\\\/\\\/www.coatresa.com\\\/fr\\\/\",\"name\":\"Coatresa\",\"description\":\"Aplicaci\u00f3n de recubrimientos antiadherentes y anticorrosivos como el Teflon. Expertos del Powder Coating\",\"publisher\":{\"@id\":\"https:\\\/\\\/www.coatresa.com\\\/fr\\\/#organization\"},\"potentialAction\":[{\"@type\":\"SearchAction\",\"target\":{\"@type\":\"EntryPoint\",\"urlTemplate\":\"https:\\\/\\\/www.coatresa.com\\\/fr\\\/?s={search_term_string}\"},\"query-input\":{\"@type\":\"PropertyValueSpecification\",\"valueRequired\":true,\"valueName\":\"search_term_string\"}}],\"inLanguage\":\"fr-FR\"},{\"@type\":\"Organization\",\"@id\":\"https:\\\/\\\/www.coatresa.com\\\/fr\\\/#organization\",\"name\":\"Coatresa\",\"url\":\"https:\\\/\\\/www.coatresa.com\\\/fr\\\/\",\"logo\":{\"@type\":\"ImageObject\",\"inLanguage\":\"fr-FR\",\"@id\":\"https:\\\/\\\/www.coatresa.com\\\/fr\\\/#\\\/schema\\\/logo\\\/image\\\/\",\"url\":\"https:\\\/\\\/www.coatresa.com\\\/wp-content\\\/uploads\\\/2022\\\/07\\\/A_blava_mitja_transp.png\",\"contentUrl\":\"https:\\\/\\\/www.coatresa.com\\\/wp-content\\\/uploads\\\/2022\\\/07\\\/A_blava_mitja_transp.png\",\"width\":340,\"height\":326,\"caption\":\"Coatresa\"},\"image\":{\"@id\":\"https:\\\/\\\/www.coatresa.com\\\/fr\\\/#\\\/schema\\\/logo\\\/image\\\/\"},\"sameAs\":[\"https:\\\/\\\/www.facebook.com\\\/Coatresa\\\/\",\"https:\\\/\\\/x.com\\\/Coatresa\",\"https:\\\/\\\/www.linkedin.com\\\/company\\\/coatresa\\\/\",\"https:\\\/\\\/www.youtube.com\\\/user\\\/CoatresaCoatings\"]}]}<\/script>\n<!-- \/ Yoast SEO plugin. -->","yoast_head_json":{"title":"Rev\u00eatement Resicoat - Coatresa","description":"Rev\u00eatement Resicoat d'AkzoNobel: rev\u00eatements en poudre sans COV et dot\u00e9s de la certification environnementale SMaRT. Isolation \u00e9lectrique, tuyaux et vannes.","robots":{"index":"index","follow":"follow","max-snippet":"max-snippet:-1","max-image-preview":"max-image-preview:large","max-video-preview":"max-video-preview:-1"},"canonical":"https:\/\/www.coatresa.com\/fr\/revetement-akzonobel-resicoat\/","og_locale":"fr_FR","og_type":"article","og_title":"Rev\u00eatement Resicoat - Coatresa","og_description":"Rev\u00eatement Resicoat d'AkzoNobel: rev\u00eatements en poudre sans COV et dot\u00e9s de la certification environnementale SMaRT. Isolation \u00e9lectrique, tuyaux et vannes.","og_url":"https:\/\/www.coatresa.com\/fr\/revetement-akzonobel-resicoat\/","og_site_name":"Coatresa","article_publisher":"https:\/\/www.facebook.com\/Coatresa\/","article_modified_time":"2020-01-10T12:33:02+00:00","og_image":[{"width":197,"height":197,"url":"https:\/\/www.coatresa.com\/wp-content\/uploads\/2019\/09\/recubrimientos-akzonobel-resicoat.png","type":"image\/png"}],"twitter_card":"summary_large_image","twitter_site":"@Coatresa","twitter_misc":{"Dur\u00e9e de lecture estim\u00e9e":"3 minutes"},"schema":{"@context":"https:\/\/schema.org","@graph":[{"@type":"WebPage","@id":"https:\/\/www.coatresa.com\/fr\/revetement-akzonobel-resicoat\/","url":"https:\/\/www.coatresa.com\/fr\/revetement-akzonobel-resicoat\/","name":"Rev\u00eatement Resicoat - Coatresa","isPartOf":{"@id":"https:\/\/www.coatresa.com\/fr\/#website"},"primaryImageOfPage":{"@id":"https:\/\/www.coatresa.com\/fr\/revetement-akzonobel-resicoat\/#primaryimage"},"image":{"@id":"https:\/\/www.coatresa.com\/fr\/revetement-akzonobel-resicoat\/#primaryimage"},"thumbnailUrl":"https:\/\/www.coatresa.com\/wp-content\/uploads\/2019\/09\/recubrimientos-akzonobel-resicoat.png","datePublished":"2019-09-04T15:27:58+00:00","dateModified":"2020-01-10T12:33:02+00:00","description":"Rev\u00eatement Resicoat d'AkzoNobel: rev\u00eatements en poudre sans COV et dot\u00e9s de la certification environnementale SMaRT. Isolation \u00e9lectrique, tuyaux et vannes.","breadcrumb":{"@id":"https:\/\/www.coatresa.com\/fr\/revetement-akzonobel-resicoat\/#breadcrumb"},"inLanguage":"fr-FR","potentialAction":[{"@type":"ReadAction","target":["https:\/\/www.coatresa.com\/fr\/revetement-akzonobel-resicoat\/"]}]},{"@type":"ImageObject","inLanguage":"fr-FR","@id":"https:\/\/www.coatresa.com\/fr\/revetement-akzonobel-resicoat\/#primaryimage","url":"https:\/\/www.coatresa.com\/wp-content\/uploads\/2019\/09\/recubrimientos-akzonobel-resicoat.png","contentUrl":"https:\/\/www.coatresa.com\/wp-content\/uploads\/2019\/09\/recubrimientos-akzonobel-resicoat.png","width":197,"height":197,"caption":"recubrimiento AkzoNobel Resicoat"},{"@type":"BreadcrumbList","@id":"https:\/\/www.coatresa.com\/fr\/revetement-akzonobel-resicoat\/#breadcrumb","itemListElement":[{"@type":"ListItem","position":1,"name":"Portada","item":"https:\/\/www.coatresa.com\/fr\/"},{"@type":"ListItem","position":2,"name":"Rev\u00eatement Resicoat"}]},{"@type":"WebSite","@id":"https:\/\/www.coatresa.com\/fr\/#website","url":"https:\/\/www.coatresa.com\/fr\/","name":"Coatresa","description":"Aplicaci\u00f3n de recubrimientos antiadherentes y anticorrosivos como el Teflon. Expertos del Powder Coating","publisher":{"@id":"https:\/\/www.coatresa.com\/fr\/#organization"},"potentialAction":[{"@type":"SearchAction","target":{"@type":"EntryPoint","urlTemplate":"https:\/\/www.coatresa.com\/fr\/?s={search_term_string}"},"query-input":{"@type":"PropertyValueSpecification","valueRequired":true,"valueName":"search_term_string"}}],"inLanguage":"fr-FR"},{"@type":"Organization","@id":"https:\/\/www.coatresa.com\/fr\/#organization","name":"Coatresa","url":"https:\/\/www.coatresa.com\/fr\/","logo":{"@type":"ImageObject","inLanguage":"fr-FR","@id":"https:\/\/www.coatresa.com\/fr\/#\/schema\/logo\/image\/","url":"https:\/\/www.coatresa.com\/wp-content\/uploads\/2022\/07\/A_blava_mitja_transp.png","contentUrl":"https:\/\/www.coatresa.com\/wp-content\/uploads\/2022\/07\/A_blava_mitja_transp.png","width":340,"height":326,"caption":"Coatresa"},"image":{"@id":"https:\/\/www.coatresa.com\/fr\/#\/schema\/logo\/image\/"},"sameAs":["https:\/\/www.facebook.com\/Coatresa\/","https:\/\/x.com\/Coatresa","https:\/\/www.linkedin.com\/company\/coatresa\/","https:\/\/www.youtube.com\/user\/CoatresaCoatings"]}]}},"_links":{"self":[{"href":"https:\/\/www.coatresa.com\/fr\/wp-json\/wp\/v2\/pages\/17772","targetHints":{"allow":["GET"]}}],"collection":[{"href":"https:\/\/www.coatresa.com\/fr\/wp-json\/wp\/v2\/pages"}],"about":[{"href":"https:\/\/www.coatresa.com\/fr\/wp-json\/wp\/v2\/types\/page"}],"author":[{"embeddable":true,"href":"https:\/\/www.coatresa.com\/fr\/wp-json\/wp\/v2\/users\/1"}],"replies":[{"embeddable":true,"href":"https:\/\/www.coatresa.com\/fr\/wp-json\/wp\/v2\/comments?post=17772"}],"version-history":[{"count":0,"href":"https:\/\/www.coatresa.com\/fr\/wp-json\/wp\/v2\/pages\/17772\/revisions"}],"wp:featuredmedia":[{"embeddable":true,"href":"https:\/\/www.coatresa.com\/fr\/wp-json\/wp\/v2\/media\/15439"}],"wp:attachment":[{"href":"https:\/\/www.coatresa.com\/fr\/wp-json\/wp\/v2\/media?parent=17772"}],"curies":[{"name":"wp","href":"https:\/\/api.w.org\/{rel}","templated":true}]}}