{"id":17794,"date":"2019-09-18T14:45:11","date_gmt":"2019-09-18T12:45:11","guid":{"rendered":"https:\/\/www.coatresa.com\/recubrimientos-victrex\/"},"modified":"2020-01-13T11:19:49","modified_gmt":"2020-01-13T10:19:49","slug":"revetements-victrex","status":"publish","type":"page","link":"https:\/\/www.coatresa.com\/fr\/revetements-victrex\/","title":{"rendered":"Rev\u00eatements Victrex"},"content":{"rendered":"<div id=\"pl-17794\"  class=\"panel-layout\" ><div id=\"pg-17794-0\"  class=\"panel-grid panel-has-style\" ><div style=\"padding: 0px 0; \" data-overlay=\"true\" data-overlay-color=\"#000000\" class=\"panel-row-style panel-row-style-for-17794-0\" ><div id=\"pgc-17794-0-0\"  class=\"panel-grid-cell\" ><div id=\"panel-17794-0-0-0\" class=\"so-panel widget_sow-image panel-first-child\" data-index=\"0\" ><div style=\"text-align: left;\" data-title-color=\"#47425d\" data-headings-color=\"#443f3f\" data-title_alignment=\"center\" class=\"panel-widget-style panel-widget-style-for-17794-0-0-0\" ><div\n\t\t\t\n\t\t\tclass=\"so-widget-sow-image so-widget-sow-image-default-c67d20f9f743-17794\"\n\t\t\t\n\t\t>\n<div class=\"sow-image-container\">\n\t\t<img \n\tsrc=\"https:\/\/www.coatresa.com\/wp-content\/uploads\/2019\/09\/recubrimientos-victrex.png\" width=\"200\" height=\"120\" sizes=\"(max-width: 200px) 100vw, 200px\" title=\"recubrimientos Victrex\" alt=\"recubrimientos Victrex\" \t\tclass=\"so-widget-image\"\/>\n\t<\/div>\n\n<\/div><\/div><\/div><div id=\"panel-17794-0-0-1\" class=\"so-panel widget_sow-editor panel-last-child\" data-index=\"1\" ><div style=\"text-align: left;\" data-title-color=\"#47425d\" data-headings-color=\"#000000\" data-title_alignment=\"center\" class=\"panel-widget-style panel-widget-style-for-17794-0-0-1\" ><div\n\t\t\t\n\t\t\tclass=\"so-widget-sow-editor so-widget-sow-editor-base\"\n\t\t\t\n\t\t>\n<div class=\"siteorigin-widget-tinymce textwidget\">\n\t<h1 style=\"text-align: center;\">Rev\u00eatements Victrex<\/h1>\n<hr \/>\n<p style=\"text-align: justify;\"><b>Victrex Plc<\/b> est un fabricant mondial de <b>mat\u00e9riaux innovants et hautement performants<\/b>, dont les sites de production sont bas\u00e9s au Royaume-Uni, disposant de centres de vente et de distribution dans plus de 30 pays. Victrex propose des solutions <b>polym\u00e8res de pointe<\/b> \u00e0 base de <b>PEEK<\/b> (poly\u00e9ther\u00e9therc\u00e9tone, polym\u00e8re technique thermoplastique semi-cristallin) et de <b>PAEK<\/b> (polyaryl\u00e9therc\u00e9tone, thermoplastique semi-cristallin, solutions de polyc\u00e9tones aromatiques haute performance). Fort de plus de 35 ans d'exp\u00e9rience, Victrex fournit un large \u00e9ventail de march\u00e9s allant de l'a\u00e9rospatiale, l'automobile et l'\u00e9lectronique \u00e0 l'\u00e9nergie, le m\u00e9dical et l'industriel.<br \/>\nSes solutions innovantes de mat\u00e9riaux l\u00e9gers remplacent les m\u00e9taux et autres polym\u00e8res, offrant une dur\u00e9e de vie, des performances et une fiabilit\u00e9 accrues dans des <b>environnements extr\u00eames<\/b>.<\/p>\n<\/div>\n<\/div><\/div><\/div><\/div><\/div><\/div><div id=\"pg-17794-1\"  class=\"panel-grid panel-has-style\" ><div class=\"FRANJA-BLAVA-TITOL siteorigin-panels-stretch panel-row-style panel-row-style-for-17794-1\" style=\"padding: 0px 0; \" data-stretch-type=\"full\" data-overlay=\"true\" data-overlay-color=\"#000000\" ><div id=\"pgc-17794-1-0\"  class=\"panel-grid-cell\" ><div id=\"panel-17794-1-0-0\" class=\"so-panel widget_sow-editor panel-first-child panel-last-child\" data-index=\"2\" ><div class=\"blanc panel-widget-style panel-widget-style-for-17794-1-0-0\" style=\"text-align: left;\" data-title-color=\"#47425d\" data-headings-color=\"#443f3f\" data-title_alignment=\"center\" ><div\n\t\t\t\n\t\t\tclass=\"so-widget-sow-editor so-widget-sow-editor-base\"\n\t\t\t\n\t\t>\n<div class=\"siteorigin-widget-tinymce textwidget\">\n\t<h2 style=\"text-align: center;\">Produits Victrex<\/h2>\n<\/div>\n<\/div><\/div><\/div><\/div><\/div><\/div><div id=\"pg-17794-2\"  class=\"panel-grid panel-has-style\" ><div class=\"BGC-GRIS siteorigin-panels-stretch panel-row-style panel-row-style-for-17794-2\" style=\"padding: 50px 0; \" data-stretch-type=\"full\" data-overlay=\"true\" data-overlay-color=\"#000000\" ><div id=\"pgc-17794-2-0\"  class=\"panel-grid-cell\" ><div id=\"panel-17794-2-0-0\" class=\"so-panel widget_siteorigin-panels-builder panel-first-child panel-last-child\" data-index=\"3\" ><div style=\"text-align: left;\" data-title-color=\"#47425d\" data-headings-color=\"#443f3f\" data-title_alignment=\"center\" class=\"panel-widget-style panel-widget-style-for-17794-2-0-0\" ><div id=\"pl-w5e1c44456e32f\"  class=\"panel-layout\" ><div id=\"pg-w5e1c44456e32f-0\"  class=\"panel-grid panel-has-style\" ><div style=\"padding: 0px 0; \" data-overlay=\"true\" data-overlay-color=\"#000000\" class=\"panel-row-style panel-row-style-for-w5e1c44456e32f-0\" ><div id=\"pgc-w5e1c44456e32f-0-0\"  class=\"panel-grid-cell\" ><div id=\"panel-w5e1c44456e32f-0-0-0\" class=\"so-panel widget_sow-editor panel-first-child\" data-index=\"0\" ><div style=\"text-align: left;\" data-title-color=\"#47425d\" data-headings-color=\"#443f3f\" data-title_alignment=\"center\" class=\"panel-widget-style panel-widget-style-for-w5e1c44456e32f-0-0-0\" ><div\n\t\t\t\n\t\t\tclass=\"so-widget-sow-editor so-widget-sow-editor-base\"\n\t\t\t\n\t\t>\n<div class=\"siteorigin-widget-tinymce textwidget\">\n\t<p style=\"text-align: justify;\">Parmi les produits de son portefeuille figurent des solutions innovantes telles que les films <b>APTIV<\/b>, int\u00e9grant toutes les propri\u00e9t\u00e9s du polym\u00e8re <b>VICTREX PEEK<\/b> sous forme de film mince, les tubes VICTREX et les rev\u00eatements VICOTE. VICTREX PEEK est un <b>thermoplastique<\/b> technique de haute performance dans les environnements exigeants, <b>jusqu'\u00e0 70 % plus l\u00e9ger que les m\u00e9taux<\/b>.<\/p>\n<\/div>\n<\/div><\/div><\/div><div id=\"panel-w5e1c44456e32f-0-0-1\" class=\"so-panel widget_sow-editor panel-last-child\" data-index=\"1\" ><div class=\"TEXTOS-DESTACATS panel-widget-style panel-widget-style-for-w5e1c44456e32f-0-0-1\" style=\"text-align: left;\" data-title-color=\"#47425d\" data-headings-color=\"#443f3f\" data-title_alignment=\"center\" ><div\n\t\t\t\n\t\t\tclass=\"so-widget-sow-editor so-widget-sow-editor-base\"\n\t\t\t\n\t\t>\n<div class=\"siteorigin-widget-tinymce textwidget\">\n\t<p style=\"text-align: center;\">Les principales propri\u00e9t\u00e9s de ses produits sont:<\/p>\n<\/div>\n<\/div><\/div><\/div><\/div><\/div><\/div><div id=\"pg-w5e1c44456e32f-1\"  class=\"panel-grid panel-has-style\" ><div class=\"MARGE-LLISTA panel-row-style panel-row-style-for-w5e1c44456e32f-1\" style=\"padding: 0px 0; \" data-overlay=\"true\" data-overlay-color=\"#000000\" ><div id=\"pgc-w5e1c44456e32f-1-0\"  class=\"panel-grid-cell\" ><div id=\"panel-w5e1c44456e32f-1-0-0\" class=\"so-panel widget_sow-editor panel-first-child panel-last-child\" data-index=\"2\" ><div style=\"text-align: left;\" data-title-color=\"#47425d\" data-headings-color=\"#443f3f\" data-title_alignment=\"center\" class=\"panel-widget-style panel-widget-style-for-w5e1c44456e32f-1-0-0\" ><div\n\t\t\t\n\t\t\tclass=\"so-widget-sow-editor so-widget-sow-editor-base\"\n\t\t\t\n\t\t>\n<div class=\"siteorigin-widget-tinymce textwidget\">\n\t<ul class=\"LLISTA-SUBRATLLADA\">\n<li>r\u00e9sistance aux produits chimiques abrasifs<\/li>\n<li>r\u00e9sistance \u00e0 l'hydrolyse<\/li>\n<li>r\u00e9sistance m\u00e9canique et stabilit\u00e9 dimensionnelle<\/li>\n<li>grande r\u00e9sistance \u00e0 l'usure<\/li>\n<li>performance haute temp\u00e9rature<\/li>\n<li>haute int\u00e9grit\u00e9 \u00e9lectrique<\/li>\n<\/ul>\n<\/div>\n<\/div><\/div><\/div><\/div><\/div><\/div><div id=\"pg-w5e1c44456e32f-2\"  class=\"panel-grid panel-has-style\" ><div style=\"padding: 0px 0; \" data-overlay=\"true\" data-overlay-color=\"#000000\" class=\"panel-row-style panel-row-style-for-w5e1c44456e32f-2\" ><div id=\"pgc-w5e1c44456e32f-2-0\"  class=\"panel-grid-cell\" ><div id=\"panel-w5e1c44456e32f-2-0-0\" class=\"so-panel widget_sow-editor panel-first-child panel-last-child\" data-index=\"3\" ><div class=\"TEXTOS-DESTACATS panel-widget-style panel-widget-style-for-w5e1c44456e32f-2-0-0\" style=\"text-align: left;\" data-title-color=\"#47425d\" data-headings-color=\"#443f3f\" data-title_alignment=\"center\" ><div\n\t\t\t\n\t\t\tclass=\"so-widget-sow-editor so-widget-sow-editor-base\"\n\t\t\t\n\t\t>\n<div class=\"siteorigin-widget-tinymce textwidget\">\n\t<p style=\"text-align: center;\">Parmi ses r\u00e9ferences on veut noter les rev\u00eatements \u00e9cologiques VICOTE\u2122, dont leur ingr\u00e9dient principal est le polym\u00e8re VICTREX PEEK:<\/p>\n<\/div>\n<\/div><\/div><\/div><\/div><\/div><\/div><div id=\"pg-w5e1c44456e32f-3\"  class=\"panel-grid panel-has-style\" ><div style=\"padding: 0px 0; \" data-overlay=\"true\" data-overlay-color=\"#000000\" class=\"panel-row-style panel-row-style-for-w5e1c44456e32f-3\" ><div id=\"pgc-w5e1c44456e32f-3-0\"  class=\"panel-grid-cell panel-grid-cell-empty\" ><\/div><div id=\"pgc-w5e1c44456e32f-3-1\"  class=\"panel-grid-cell panel-grid-cell-mobile-last\" ><div class=\"BGC-BLANC panel-cell-style panel-cell-style-for-w5e1c44456e32f-3-1\" ><div id=\"panel-w5e1c44456e32f-3-1-0\" class=\"so-panel widget_sow-image panel-first-child panel-last-child\" data-index=\"4\" ><div class=\"PADDING-H-1 AUGMENTAR-ICONA panel-widget-style panel-widget-style-for-w5e1c44456e32f-3-1-0\" style=\"text-align: left;\" data-title-color=\"#47425d\" data-headings-color=\"#443f3f\" data-title_alignment=\"center\" ><div\n\t\t\t\n\t\t\tclass=\"so-widget-sow-image so-widget-sow-image-default-c67d20f9f743\"\n\t\t\t\n\t\t>\n<div class=\"sow-image-container\">\n\t\t\t<a href=\"\/fr\/revetement-victrex-vicote\"\n\t\t\t\t\t>\n\t\t\t<img \n\tsrc=\"https:\/\/www.coatresa.com\/wp-content\/uploads\/2019\/09\/recubrimientos-victrex-vicote.png\" width=\"197\" height=\"197\" srcset=\"https:\/\/www.coatresa.com\/wp-content\/uploads\/2019\/09\/recubrimientos-victrex-vicote.png 197w, https:\/\/www.coatresa.com\/wp-content\/uploads\/2019\/09\/recubrimientos-victrex-vicote-150x150.png 150w\" sizes=\"(max-width: 197px) 100vw, 197px\" title=\"recubrimientos Victrex Vicote\" alt=\"recubrimientos Victrex Vicote\" \t\tclass=\"so-widget-image\"\/>\n\t\t\t<\/a><\/div>\n\n<\/div><\/div><\/div><\/div><\/div><div id=\"pgc-w5e1c44456e32f-3-2\"  class=\"panel-grid-cell panel-grid-cell-empty\" ><div class=\"BGC-GRIS-CLAR panel-cell-style panel-cell-style-for-w5e1c44456e32f-3-2\" ><\/div><\/div><\/div><\/div><\/div><\/div><\/div><\/div><\/div><\/div><\/div>","protected":false},"excerpt":{"rendered":"<p>Rev\u00eatements Victrex Victrex Plc est un fabricant mondial de mat\u00e9riaux innovants et hautement performants, dont les sites de production sont bas\u00e9s au [&hellip;]<\/p>\n","protected":false},"author":1,"featured_media":15508,"parent":0,"menu_order":0,"comment_status":"closed","ping_status":"closed","template":"page-templates\/page_fullwidth.php","meta":{"footnotes":""},"class_list":["post-17794","page","type-page","status-publish","has-post-thumbnail","hentry"],"yoast_head":"<!-- This site is optimized with the Yoast SEO plugin v27.6 - https:\/\/yoast.com\/product\/yoast-seo-wordpress\/ -->\n<title>Rev\u00eatements Victrex - Coatresa<\/title>\n<meta name=\"description\" content=\"Rev\u00eatements Victrex: PEEK (poly\u00e9ther\u00e9therc\u00e9tone, polym\u00e8re thermoplastique semi-cristallin) et PAEK (polyaryl\u00e9therc\u00e9tone semi-cristallin). En savoir plus!\" \/>\n<meta name=\"robots\" content=\"index, follow, max-snippet:-1, max-image-preview:large, max-video-preview:-1\" \/>\n<link rel=\"canonical\" href=\"https:\/\/www.coatresa.com\/fr\/revetements-victrex\/\" \/>\n<meta property=\"og:locale\" content=\"fr_FR\" \/>\n<meta property=\"og:type\" content=\"article\" \/>\n<meta property=\"og:title\" content=\"Rev\u00eatements Victrex - Coatresa\" \/>\n<meta property=\"og:description\" content=\"Rev\u00eatements Victrex: PEEK (poly\u00e9ther\u00e9therc\u00e9tone, polym\u00e8re thermoplastique semi-cristallin) et PAEK (polyaryl\u00e9therc\u00e9tone semi-cristallin). En savoir plus!\" \/>\n<meta property=\"og:url\" content=\"https:\/\/www.coatresa.com\/fr\/revetements-victrex\/\" \/>\n<meta property=\"og:site_name\" content=\"Coatresa\" \/>\n<meta property=\"article:publisher\" content=\"https:\/\/www.facebook.com\/Coatresa\/\" \/>\n<meta property=\"article:modified_time\" content=\"2020-01-13T10:19:49+00:00\" \/>\n<meta property=\"og:image\" content=\"https:\/\/www.coatresa.com\/wp-content\/uploads\/2019\/09\/recubrimientos-victrex.png\" \/>\n\t<meta property=\"og:image:width\" content=\"200\" \/>\n\t<meta property=\"og:image:height\" content=\"120\" \/>\n\t<meta property=\"og:image:type\" content=\"image\/png\" \/>\n<meta name=\"twitter:card\" content=\"summary_large_image\" \/>\n<meta name=\"twitter:site\" content=\"@Coatresa\" \/>\n<meta name=\"twitter:label1\" content=\"Dur\u00e9e de lecture estim\u00e9e\" \/>\n\t<meta name=\"twitter:data1\" content=\"1 minute\" \/>\n<script type=\"application\/ld+json\" class=\"yoast-schema-graph\">{\"@context\":\"https:\\\/\\\/schema.org\",\"@graph\":[{\"@type\":\"WebPage\",\"@id\":\"https:\\\/\\\/www.coatresa.com\\\/fr\\\/revetements-victrex\\\/\",\"url\":\"https:\\\/\\\/www.coatresa.com\\\/fr\\\/revetements-victrex\\\/\",\"name\":\"Rev\u00eatements Victrex - Coatresa\",\"isPartOf\":{\"@id\":\"https:\\\/\\\/www.coatresa.com\\\/fr\\\/#website\"},\"primaryImageOfPage\":{\"@id\":\"https:\\\/\\\/www.coatresa.com\\\/fr\\\/revetements-victrex\\\/#primaryimage\"},\"image\":{\"@id\":\"https:\\\/\\\/www.coatresa.com\\\/fr\\\/revetements-victrex\\\/#primaryimage\"},\"thumbnailUrl\":\"https:\\\/\\\/www.coatresa.com\\\/wp-content\\\/uploads\\\/2019\\\/09\\\/recubrimientos-victrex.png\",\"datePublished\":\"2019-09-18T12:45:11+00:00\",\"dateModified\":\"2020-01-13T10:19:49+00:00\",\"description\":\"Rev\u00eatements Victrex: PEEK (poly\u00e9ther\u00e9therc\u00e9tone, polym\u00e8re thermoplastique semi-cristallin) et PAEK (polyaryl\u00e9therc\u00e9tone semi-cristallin). En savoir plus!\",\"breadcrumb\":{\"@id\":\"https:\\\/\\\/www.coatresa.com\\\/fr\\\/revetements-victrex\\\/#breadcrumb\"},\"inLanguage\":\"fr-FR\",\"potentialAction\":[{\"@type\":\"ReadAction\",\"target\":[\"https:\\\/\\\/www.coatresa.com\\\/fr\\\/revetements-victrex\\\/\"]}]},{\"@type\":\"ImageObject\",\"inLanguage\":\"fr-FR\",\"@id\":\"https:\\\/\\\/www.coatresa.com\\\/fr\\\/revetements-victrex\\\/#primaryimage\",\"url\":\"https:\\\/\\\/www.coatresa.com\\\/wp-content\\\/uploads\\\/2019\\\/09\\\/recubrimientos-victrex.png\",\"contentUrl\":\"https:\\\/\\\/www.coatresa.com\\\/wp-content\\\/uploads\\\/2019\\\/09\\\/recubrimientos-victrex.png\",\"width\":200,\"height\":120,\"caption\":\"rev\u00eatements Victrex\"},{\"@type\":\"BreadcrumbList\",\"@id\":\"https:\\\/\\\/www.coatresa.com\\\/fr\\\/revetements-victrex\\\/#breadcrumb\",\"itemListElement\":[{\"@type\":\"ListItem\",\"position\":1,\"name\":\"Portada\",\"item\":\"https:\\\/\\\/www.coatresa.com\\\/fr\\\/\"},{\"@type\":\"ListItem\",\"position\":2,\"name\":\"Rev\u00eatements Victrex\"}]},{\"@type\":\"WebSite\",\"@id\":\"https:\\\/\\\/www.coatresa.com\\\/fr\\\/#website\",\"url\":\"https:\\\/\\\/www.coatresa.com\\\/fr\\\/\",\"name\":\"Coatresa\",\"description\":\"Aplicaci\u00f3n de recubrimientos antiadherentes y anticorrosivos como el Teflon. Expertos del Powder Coating\",\"publisher\":{\"@id\":\"https:\\\/\\\/www.coatresa.com\\\/fr\\\/#organization\"},\"potentialAction\":[{\"@type\":\"SearchAction\",\"target\":{\"@type\":\"EntryPoint\",\"urlTemplate\":\"https:\\\/\\\/www.coatresa.com\\\/fr\\\/?s={search_term_string}\"},\"query-input\":{\"@type\":\"PropertyValueSpecification\",\"valueRequired\":true,\"valueName\":\"search_term_string\"}}],\"inLanguage\":\"fr-FR\"},{\"@type\":\"Organization\",\"@id\":\"https:\\\/\\\/www.coatresa.com\\\/fr\\\/#organization\",\"name\":\"Coatresa\",\"url\":\"https:\\\/\\\/www.coatresa.com\\\/fr\\\/\",\"logo\":{\"@type\":\"ImageObject\",\"inLanguage\":\"fr-FR\",\"@id\":\"https:\\\/\\\/www.coatresa.com\\\/fr\\\/#\\\/schema\\\/logo\\\/image\\\/\",\"url\":\"https:\\\/\\\/www.coatresa.com\\\/wp-content\\\/uploads\\\/2022\\\/07\\\/A_blava_mitja_transp.png\",\"contentUrl\":\"https:\\\/\\\/www.coatresa.com\\\/wp-content\\\/uploads\\\/2022\\\/07\\\/A_blava_mitja_transp.png\",\"width\":340,\"height\":326,\"caption\":\"Coatresa\"},\"image\":{\"@id\":\"https:\\\/\\\/www.coatresa.com\\\/fr\\\/#\\\/schema\\\/logo\\\/image\\\/\"},\"sameAs\":[\"https:\\\/\\\/www.facebook.com\\\/Coatresa\\\/\",\"https:\\\/\\\/x.com\\\/Coatresa\",\"https:\\\/\\\/www.linkedin.com\\\/company\\\/coatresa\\\/\",\"https:\\\/\\\/www.youtube.com\\\/user\\\/CoatresaCoatings\"]}]}<\/script>\n<!-- \/ Yoast SEO plugin. -->","yoast_head_json":{"title":"Rev\u00eatements Victrex - Coatresa","description":"Rev\u00eatements Victrex: PEEK (poly\u00e9ther\u00e9therc\u00e9tone, polym\u00e8re thermoplastique semi-cristallin) et PAEK (polyaryl\u00e9therc\u00e9tone semi-cristallin). En savoir plus!","robots":{"index":"index","follow":"follow","max-snippet":"max-snippet:-1","max-image-preview":"max-image-preview:large","max-video-preview":"max-video-preview:-1"},"canonical":"https:\/\/www.coatresa.com\/fr\/revetements-victrex\/","og_locale":"fr_FR","og_type":"article","og_title":"Rev\u00eatements Victrex - Coatresa","og_description":"Rev\u00eatements Victrex: PEEK (poly\u00e9ther\u00e9therc\u00e9tone, polym\u00e8re thermoplastique semi-cristallin) et PAEK (polyaryl\u00e9therc\u00e9tone semi-cristallin). En savoir plus!","og_url":"https:\/\/www.coatresa.com\/fr\/revetements-victrex\/","og_site_name":"Coatresa","article_publisher":"https:\/\/www.facebook.com\/Coatresa\/","article_modified_time":"2020-01-13T10:19:49+00:00","og_image":[{"width":200,"height":120,"url":"https:\/\/www.coatresa.com\/wp-content\/uploads\/2019\/09\/recubrimientos-victrex.png","type":"image\/png"}],"twitter_card":"summary_large_image","twitter_site":"@Coatresa","twitter_misc":{"Dur\u00e9e de lecture estim\u00e9e":"1 minute"},"schema":{"@context":"https:\/\/schema.org","@graph":[{"@type":"WebPage","@id":"https:\/\/www.coatresa.com\/fr\/revetements-victrex\/","url":"https:\/\/www.coatresa.com\/fr\/revetements-victrex\/","name":"Rev\u00eatements Victrex - Coatresa","isPartOf":{"@id":"https:\/\/www.coatresa.com\/fr\/#website"},"primaryImageOfPage":{"@id":"https:\/\/www.coatresa.com\/fr\/revetements-victrex\/#primaryimage"},"image":{"@id":"https:\/\/www.coatresa.com\/fr\/revetements-victrex\/#primaryimage"},"thumbnailUrl":"https:\/\/www.coatresa.com\/wp-content\/uploads\/2019\/09\/recubrimientos-victrex.png","datePublished":"2019-09-18T12:45:11+00:00","dateModified":"2020-01-13T10:19:49+00:00","description":"Rev\u00eatements Victrex: PEEK (poly\u00e9ther\u00e9therc\u00e9tone, polym\u00e8re thermoplastique semi-cristallin) et PAEK (polyaryl\u00e9therc\u00e9tone semi-cristallin). En savoir plus!","breadcrumb":{"@id":"https:\/\/www.coatresa.com\/fr\/revetements-victrex\/#breadcrumb"},"inLanguage":"fr-FR","potentialAction":[{"@type":"ReadAction","target":["https:\/\/www.coatresa.com\/fr\/revetements-victrex\/"]}]},{"@type":"ImageObject","inLanguage":"fr-FR","@id":"https:\/\/www.coatresa.com\/fr\/revetements-victrex\/#primaryimage","url":"https:\/\/www.coatresa.com\/wp-content\/uploads\/2019\/09\/recubrimientos-victrex.png","contentUrl":"https:\/\/www.coatresa.com\/wp-content\/uploads\/2019\/09\/recubrimientos-victrex.png","width":200,"height":120,"caption":"rev\u00eatements Victrex"},{"@type":"BreadcrumbList","@id":"https:\/\/www.coatresa.com\/fr\/revetements-victrex\/#breadcrumb","itemListElement":[{"@type":"ListItem","position":1,"name":"Portada","item":"https:\/\/www.coatresa.com\/fr\/"},{"@type":"ListItem","position":2,"name":"Rev\u00eatements Victrex"}]},{"@type":"WebSite","@id":"https:\/\/www.coatresa.com\/fr\/#website","url":"https:\/\/www.coatresa.com\/fr\/","name":"Coatresa","description":"Aplicaci\u00f3n de recubrimientos antiadherentes y anticorrosivos como el Teflon. Expertos del Powder Coating","publisher":{"@id":"https:\/\/www.coatresa.com\/fr\/#organization"},"potentialAction":[{"@type":"SearchAction","target":{"@type":"EntryPoint","urlTemplate":"https:\/\/www.coatresa.com\/fr\/?s={search_term_string}"},"query-input":{"@type":"PropertyValueSpecification","valueRequired":true,"valueName":"search_term_string"}}],"inLanguage":"fr-FR"},{"@type":"Organization","@id":"https:\/\/www.coatresa.com\/fr\/#organization","name":"Coatresa","url":"https:\/\/www.coatresa.com\/fr\/","logo":{"@type":"ImageObject","inLanguage":"fr-FR","@id":"https:\/\/www.coatresa.com\/fr\/#\/schema\/logo\/image\/","url":"https:\/\/www.coatresa.com\/wp-content\/uploads\/2022\/07\/A_blava_mitja_transp.png","contentUrl":"https:\/\/www.coatresa.com\/wp-content\/uploads\/2022\/07\/A_blava_mitja_transp.png","width":340,"height":326,"caption":"Coatresa"},"image":{"@id":"https:\/\/www.coatresa.com\/fr\/#\/schema\/logo\/image\/"},"sameAs":["https:\/\/www.facebook.com\/Coatresa\/","https:\/\/x.com\/Coatresa","https:\/\/www.linkedin.com\/company\/coatresa\/","https:\/\/www.youtube.com\/user\/CoatresaCoatings"]}]}},"_links":{"self":[{"href":"https:\/\/www.coatresa.com\/fr\/wp-json\/wp\/v2\/pages\/17794","targetHints":{"allow":["GET"]}}],"collection":[{"href":"https:\/\/www.coatresa.com\/fr\/wp-json\/wp\/v2\/pages"}],"about":[{"href":"https:\/\/www.coatresa.com\/fr\/wp-json\/wp\/v2\/types\/page"}],"author":[{"embeddable":true,"href":"https:\/\/www.coatresa.com\/fr\/wp-json\/wp\/v2\/users\/1"}],"replies":[{"embeddable":true,"href":"https:\/\/www.coatresa.com\/fr\/wp-json\/wp\/v2\/comments?post=17794"}],"version-history":[{"count":0,"href":"https:\/\/www.coatresa.com\/fr\/wp-json\/wp\/v2\/pages\/17794\/revisions"}],"wp:featuredmedia":[{"embeddable":true,"href":"https:\/\/www.coatresa.com\/fr\/wp-json\/wp\/v2\/media\/15508"}],"wp:attachment":[{"href":"https:\/\/www.coatresa.com\/fr\/wp-json\/wp\/v2\/media?parent=17794"}],"curies":[{"name":"wp","href":"https:\/\/api.w.org\/{rel}","templated":true}]}}