{"id":17798,"date":"2019-09-18T15:28:29","date_gmt":"2019-09-18T13:28:29","guid":{"rendered":"https:\/\/www.coatresa.com\/recubrimiento-victrex-vicote\/"},"modified":"2020-01-10T16:59:52","modified_gmt":"2020-01-10T15:59:52","slug":"revetement-victrex-vicote","status":"publish","type":"page","link":"https:\/\/www.coatresa.com\/fr\/revetement-victrex-vicote\/","title":{"rendered":"Rev\u00eatement Vicote"},"content":{"rendered":"<div id=\"pl-17798\"  class=\"panel-layout\" ><div id=\"pg-17798-0\"  class=\"panel-grid panel-has-style\" ><div style=\"padding: 0px 0; \" data-overlay=\"true\" data-overlay-color=\"#000000\" class=\"panel-row-style panel-row-style-for-17798-0\" ><div id=\"pgc-17798-0-0\"  class=\"panel-grid-cell\" ><div id=\"panel-17798-0-0-0\" class=\"so-panel widget_sow-image panel-first-child panel-last-child\" data-index=\"0\" ><div style=\"text-align: left;\" data-title-color=\"#47425d\" data-headings-color=\"#443f3f\" data-title_alignment=\"center\" class=\"panel-widget-style panel-widget-style-for-17798-0-0-0\" ><div\n\t\t\t\n\t\t\tclass=\"so-widget-sow-image so-widget-sow-image-default-c67d20f9f743-17798\"\n\t\t\t\n\t\t>\n<div class=\"sow-image-container\">\n\t\t<img \n\tsrc=\"https:\/\/www.coatresa.com\/wp-content\/uploads\/2019\/09\/recubrimientos-victrex-vicote.png\" width=\"197\" height=\"197\" srcset=\"https:\/\/www.coatresa.com\/wp-content\/uploads\/2019\/09\/recubrimientos-victrex-vicote.png 197w, https:\/\/www.coatresa.com\/wp-content\/uploads\/2019\/09\/recubrimientos-victrex-vicote-150x150.png 150w\" sizes=\"(max-width: 197px) 100vw, 197px\" title=\"recubrimientos Victrex Vicote\" alt=\"recubrimientos Victrex Vicote\" \t\tclass=\"so-widget-image\"\/>\n\t<\/div>\n\n<\/div><\/div><\/div><\/div><div id=\"pgc-17798-0-1\"  class=\"panel-grid-cell\" ><div id=\"panel-17798-0-1-0\" class=\"so-panel widget_sow-editor panel-first-child panel-last-child\" data-index=\"1\" ><div style=\"text-align: left;\" data-title-color=\"#47425d\" data-headings-color=\"#000000\" data-title_alignment=\"center\" class=\"panel-widget-style panel-widget-style-for-17798-0-1-0\" ><div\n\t\t\t\n\t\t\tclass=\"so-widget-sow-editor so-widget-sow-editor-base\"\n\t\t\t\n\t\t>\n<div class=\"siteorigin-widget-tinymce textwidget\">\n\t<h1 style=\"text-align: left;\">Rev\u00eatement Vicote \u2122<\/h1>\n<hr align=\"left\" \/>\n<p style=\"text-align: justify;\">Les <b>rev\u00eatements \u00e9cologiques VICOTE<\/b>\u2122 ont \u00e9t\u00e9 mis au point pour palier au manque de performance que l'on retrouve dans de nombreuses technologies existantes dans les rev\u00eatements d'aujourd'hui. Ils sont appliqu\u00e9s dans diff\u00e9rents secteurs industriels tels que l\u2019automobile, l\u2019agroalimentaire, les semi-conducteurs, l\u2019\u00e9lectronique ou les pi\u00e8ces de rechange pour l\u2019industrie pharmaceutique.<br \/>\nLes rev\u00eatements VICOTE\u2122 sont <b>un excellent choix pour les ing\u00e9nieurs qui cherchent \u00e0 am\u00e9liorer l'usure, la performance et la dur\u00e9e de vie des pi\u00e8ces<\/b>. Ils peuvent \u00eatre appliqu\u00e9s par pulv\u00e9risation \u00e9lectrostatique ou par dispersion conventionnelle.<\/p>\n<\/div>\n<\/div><\/div><\/div><\/div><\/div><\/div><div id=\"pg-17798-1\"  class=\"panel-grid panel-has-style\" ><div class=\"FRANJA-BLAVA-TITOL siteorigin-panels-stretch panel-row-style panel-row-style-for-17798-1\" style=\"padding: 0px 0; \" data-stretch-type=\"full\" data-overlay=\"true\" data-overlay-color=\"#000000\" ><div id=\"pgc-17798-1-0\"  class=\"panel-grid-cell\" ><div id=\"panel-17798-1-0-0\" class=\"so-panel widget_sow-editor panel-first-child panel-last-child\" data-index=\"2\" ><div class=\"blanc panel-widget-style panel-widget-style-for-17798-1-0-0\" style=\"text-align: left;\" data-title-color=\"#47425d\" data-headings-color=\"#443f3f\" data-title_alignment=\"center\" ><div\n\t\t\t\n\t\t\tclass=\"so-widget-sow-editor so-widget-sow-editor-base\"\n\t\t\t\n\t\t>\n<div class=\"siteorigin-widget-tinymce textwidget\">\n\t<h2 style=\"text-align: center;\">Principales propri\u00e9t\u00e9s du rev\u00eatement Vicote\u2122<\/h2>\n<\/div>\n<\/div><\/div><\/div><\/div><\/div><\/div><div id=\"pg-17798-2\"  class=\"panel-grid panel-has-style\" ><div class=\"BGC-GRIS siteorigin-panels-stretch panel-row-style panel-row-style-for-17798-2\" style=\"padding: 50px 0; \" data-stretch-type=\"full\" data-overlay=\"true\" data-overlay-color=\"#000000\" ><div id=\"pgc-17798-2-0\"  class=\"panel-grid-cell\" ><div id=\"panel-17798-2-0-0\" class=\"so-panel widget_sow-editor panel-first-child\" data-index=\"3\" ><div style=\"text-align: left;\" data-title-color=\"#47425d\" data-headings-color=\"#443f3f\" data-title_alignment=\"center\" class=\"panel-widget-style panel-widget-style-for-17798-2-0-0\" ><div\n\t\t\t\n\t\t\tclass=\"so-widget-sow-editor so-widget-sow-editor-base\"\n\t\t\t\n\t\t>\n<div class=\"siteorigin-widget-tinymce textwidget\">\n\t<p style=\"text-align: center;\">L'ingr\u00e9dient principal du rev\u00eatement VICOTE\u2122 est le polym\u00e8re <b>VICTREX PEEK<\/b>\u2122, un polym\u00e8re thermoplastique semi-cristallin, aromatique et lin\u00e9aire, consid\u00e9r\u00e9 comme l'<b>un des meilleurs mat\u00e9riaux thermoplastiques au monde<\/b>. Sa combinaison unique de propri\u00e9t\u00e9s permet aux \u00e9quipementiers et aux utilisateurs d\u2019atteindre de nouveaux niveaux de r\u00e9duction des co\u00fbts, de performance et de diff\u00e9renciation des produits.<\/p>\n<p style=\"text-align: center;\">Les points forts de la gamme de produits Vicote\u2122 sont:<\/p>\n<\/div>\n<\/div><\/div><\/div><div id=\"panel-17798-2-0-1\" class=\"so-panel widget_sow-editor panel-last-child\" data-index=\"4\" ><div style=\"text-align: left;\" data-title-color=\"#47425d\" data-headings-color=\"#443f3f\" data-title_alignment=\"center\" class=\"panel-widget-style panel-widget-style-for-17798-2-0-1\" ><div\n\t\t\t\n\t\t\tclass=\"so-widget-sow-editor so-widget-sow-editor-base\"\n\t\t\t\n\t\t>\n<div class=\"siteorigin-widget-tinymce textwidget\">\n\t<ul class=\"LLISTA-SUBRATLLADA\">\n<li>R\u00e9sistance exceptionnelle \u00e0 l'abrasion<\/li>\n<li>Excellentes propri\u00e9t\u00e9s m\u00e9caniques<\/li>\n<li>Excellente protection de surface<\/li>\n<li>Bonne lubrification<\/li>\n<li>R\u00e9sistance \u00e0 des charges \u00e9lev\u00e9es<\/li>\n<li>Bonne barri\u00e8re chimique<\/li>\n<li>Excellente r\u00e9sistance aux radiations<\/li>\n<li>Haute r\u00e9sistance thermique<\/li>\n<li>Conforme \u00e0 la directive RoHS<\/li>\n<li>Faible migration<\/li>\n<li>Respect de l'environnement<\/li>\n<li>Conforme \u00e0 la r\u00e9glementation de la FDA en mati\u00e8re de contact alimentaire<\/li>\n<li>Faible absorption d'humidit\u00e9<\/li>\n<li>Excellente r\u00e9sistance \u00e0 l'hydrolyse<\/li>\n<li>Sans halog\u00e8ne<\/li>\n<\/ul>\n<\/div>\n<\/div><\/div><\/div><\/div><\/div><\/div><div id=\"pg-17798-3\"  class=\"panel-grid panel-has-style\" ><div class=\"siteorigin-panels-stretch panel-row-style panel-row-style-for-17798-3\" style=\"padding: 50px 0; \" data-stretch-type=\"full\" data-overlay=\"true\" data-overlay-color=\"#000000\" ><div id=\"pgc-17798-3-0\"  class=\"panel-grid-cell\" ><div id=\"panel-17798-3-0-0\" class=\"so-panel widget_sow-editor panel-first-child\" data-index=\"5\" ><div style=\"text-align: left;\" data-title-color=\"#47425d\" data-headings-color=\"#443f3f\" data-title_alignment=\"center\" class=\"panel-widget-style panel-widget-style-for-17798-3-0-0\" ><div\n\t\t\t\n\t\t\tclass=\"so-widget-sow-editor so-widget-sow-editor-base\"\n\t\t\t\n\t\t>\n<div class=\"siteorigin-widget-tinymce textwidget\">\n\t<h2 class=\"BLAU-FOSC\" style=\"text-align: center;\">R\u00e9f\u00e9rences Vicote \u2122<\/h2>\n<\/div>\n<\/div><\/div><\/div><div id=\"panel-17798-3-0-1\" class=\"so-panel widget_siteorigin-panels-builder panel-last-child\" data-index=\"6\" ><div style=\"text-align: left;\" data-title-color=\"#47425d\" data-headings-color=\"#443f3f\" data-title_alignment=\"center\" class=\"panel-widget-style panel-widget-style-for-17798-3-0-1\" ><div id=\"pl-w5d822f967388d\"  class=\"panel-layout\" ><div id=\"pg-w5d822f967388d-0\"  class=\"panel-grid panel-has-style\" ><div style=\"padding: 40px 0; \" data-overlay=\"true\" data-overlay-color=\"#000000\" class=\"panel-row-style panel-row-style-for-w5d822f967388d-0\" ><div id=\"pgc-w5d822f967388d-0-0\"  class=\"panel-grid-cell\" ><div id=\"panel-w5d822f967388d-0-0-0\" class=\"so-panel widget_sow-editor panel-first-child panel-last-child\" data-index=\"0\" ><div style=\"text-align: left;\" data-title-color=\"#47425d\" data-headings-color=\"#443f3f\" data-title_alignment=\"center\" class=\"panel-widget-style panel-widget-style-for-w5d822f967388d-0-0-0\" ><div\n\t\t\t\n\t\t\tclass=\"so-widget-sow-editor so-widget-sow-editor-base\"\n\t\t\t\n\t\t>\n<div class=\"siteorigin-widget-tinymce textwidget\">\n\t<p style=\"text-align: center;\"><b>701<\/b><br \/>\n<b>702<\/b><br \/>\n<b>703<\/b><br \/>\n<b>704<\/b><br \/>\n<b>705<\/b><br \/>\n<b>706<\/b><br \/>\n<b>707<\/b><br \/>\n<b>708<\/b><br \/>\n<b>709<\/b><br \/>\n<b>804<\/b><\/p>\n<\/div>\n<\/div><\/div><\/div><\/div><div id=\"pgc-w5d822f967388d-0-1\"  class=\"panel-grid-cell\" ><div id=\"panel-w5d822f967388d-0-1-0\" class=\"so-panel widget_sow-editor panel-first-child panel-last-child\" data-index=\"1\" ><div style=\"text-align: left;\" data-title-color=\"#47425d\" data-headings-color=\"#443f3f\" data-title_alignment=\"center\" class=\"panel-widget-style panel-widget-style-for-w5d822f967388d-0-1-0\" ><div\n\t\t\t\n\t\t\tclass=\"so-widget-sow-editor so-widget-sow-editor-base\"\n\t\t\t\n\t\t>\n<div class=\"siteorigin-widget-tinymce textwidget\">\n\t<p style=\"text-align: center;\"><b>F804<\/b><br \/>\n<b>806<\/b><br \/>\n<b>F806<\/b><br \/>\n<b>807<\/b><br \/>\n<b>F807<\/b><br \/>\n<b>808<\/b><br \/>\n<b>F808<\/b><br \/>\n<b>809<\/b><br \/>\n<b>F809<\/b><br \/>\n<b>810<\/b><\/p>\n<\/div>\n<\/div><\/div><\/div><\/div><div id=\"pgc-w5d822f967388d-0-2\"  class=\"panel-grid-cell\" ><div id=\"panel-w5d822f967388d-0-2-0\" class=\"so-panel widget_sow-editor panel-first-child panel-last-child\" data-index=\"2\" ><div style=\"text-align: left;\" data-title-color=\"#47425d\" data-headings-color=\"#443f3f\" data-title_alignment=\"center\" class=\"panel-widget-style panel-widget-style-for-w5d822f967388d-0-2-0\" ><div\n\t\t\t\n\t\t\tclass=\"so-widget-sow-editor so-widget-sow-editor-base\"\n\t\t\t\n\t\t>\n<div class=\"siteorigin-widget-tinymce textwidget\">\n\t<p style=\"text-align: center;\"><b>F810<\/b><br \/>\n<b>811<\/b><br \/>\n<b>812<\/b><br \/>\n<b>813<\/b><br \/>\n<b>814<\/b><br \/>\n<b>815<\/b><br \/>\n<b>816<\/b><\/p>\n<\/div>\n<\/div><\/div><\/div><\/div><\/div><\/div><\/div><\/div><\/div><\/div><\/div><\/div><\/div>","protected":false},"excerpt":{"rendered":"<p>Rev\u00eatement Vicote \u2122 Les rev\u00eatements \u00e9cologiques VICOTE\u2122 ont \u00e9t\u00e9 mis au point pour palier au manque de performance que l&rsquo;on retrouve dans [&hellip;]<\/p>\n","protected":false},"author":1,"featured_media":15514,"parent":0,"menu_order":0,"comment_status":"closed","ping_status":"closed","template":"page-templates\/page_fullwidth.php","meta":{"footnotes":""},"class_list":["post-17798","page","type-page","status-publish","has-post-thumbnail","hentry"],"yoast_head":"<!-- This site is optimized with the Yoast SEO plugin v27.4 - https:\/\/yoast.com\/product\/yoast-seo-wordpress\/ -->\n<title>Rev\u00eatement Vicote - Coatresa<\/title>\n<meta name=\"description\" content=\"Rev\u00eatement Vicote Victrex: rev\u00eatement \u00e9cologique pour des secteurs tels que la pharmacie et l&#039;\u00e9lectronique. R\u00e9glementation FDA, sans halog\u00e8ne. Polym\u00e8re PEEK\" \/>\n<meta name=\"robots\" content=\"index, follow, max-snippet:-1, max-image-preview:large, max-video-preview:-1\" \/>\n<link rel=\"canonical\" href=\"https:\/\/www.coatresa.com\/fr\/revetement-victrex-vicote\/\" \/>\n<meta property=\"og:locale\" content=\"fr_FR\" \/>\n<meta property=\"og:type\" content=\"article\" \/>\n<meta property=\"og:title\" content=\"Rev\u00eatement Vicote - Coatresa\" \/>\n<meta property=\"og:description\" content=\"Rev\u00eatement Vicote Victrex: rev\u00eatement \u00e9cologique pour des secteurs tels que la pharmacie et l&#039;\u00e9lectronique. R\u00e9glementation FDA, sans halog\u00e8ne. Polym\u00e8re PEEK\" \/>\n<meta property=\"og:url\" content=\"https:\/\/www.coatresa.com\/fr\/revetement-victrex-vicote\/\" \/>\n<meta property=\"og:site_name\" content=\"Coatresa\" \/>\n<meta property=\"article:publisher\" content=\"https:\/\/www.facebook.com\/Coatresa\/\" \/>\n<meta property=\"article:modified_time\" content=\"2020-01-10T15:59:52+00:00\" \/>\n<meta property=\"og:image\" content=\"https:\/\/www.coatresa.com\/wp-content\/uploads\/2019\/09\/recubrimientos-victrex-vicote.png\" \/>\n\t<meta property=\"og:image:width\" content=\"197\" \/>\n\t<meta property=\"og:image:height\" content=\"197\" \/>\n\t<meta property=\"og:image:type\" content=\"image\/png\" \/>\n<meta name=\"twitter:card\" content=\"summary_large_image\" \/>\n<meta name=\"twitter:site\" content=\"@Coatresa\" \/>\n<meta name=\"twitter:label1\" content=\"Dur\u00e9e de lecture estim\u00e9e\" \/>\n\t<meta name=\"twitter:data1\" content=\"1 minute\" \/>\n<script type=\"application\/ld+json\" class=\"yoast-schema-graph\">{\"@context\":\"https:\\\/\\\/schema.org\",\"@graph\":[{\"@type\":\"WebPage\",\"@id\":\"https:\\\/\\\/www.coatresa.com\\\/fr\\\/revetement-victrex-vicote\\\/\",\"url\":\"https:\\\/\\\/www.coatresa.com\\\/fr\\\/revetement-victrex-vicote\\\/\",\"name\":\"Rev\u00eatement Vicote - Coatresa\",\"isPartOf\":{\"@id\":\"https:\\\/\\\/www.coatresa.com\\\/fr\\\/#website\"},\"primaryImageOfPage\":{\"@id\":\"https:\\\/\\\/www.coatresa.com\\\/fr\\\/revetement-victrex-vicote\\\/#primaryimage\"},\"image\":{\"@id\":\"https:\\\/\\\/www.coatresa.com\\\/fr\\\/revetement-victrex-vicote\\\/#primaryimage\"},\"thumbnailUrl\":\"https:\\\/\\\/www.coatresa.com\\\/wp-content\\\/uploads\\\/2019\\\/09\\\/recubrimientos-victrex-vicote.png\",\"datePublished\":\"2019-09-18T13:28:29+00:00\",\"dateModified\":\"2020-01-10T15:59:52+00:00\",\"description\":\"Rev\u00eatement Vicote Victrex: rev\u00eatement \u00e9cologique pour des secteurs tels que la pharmacie et l'\u00e9lectronique. R\u00e9glementation FDA, sans halog\u00e8ne. Polym\u00e8re PEEK\",\"breadcrumb\":{\"@id\":\"https:\\\/\\\/www.coatresa.com\\\/fr\\\/revetement-victrex-vicote\\\/#breadcrumb\"},\"inLanguage\":\"fr-FR\",\"potentialAction\":[{\"@type\":\"ReadAction\",\"target\":[\"https:\\\/\\\/www.coatresa.com\\\/fr\\\/revetement-victrex-vicote\\\/\"]}]},{\"@type\":\"ImageObject\",\"inLanguage\":\"fr-FR\",\"@id\":\"https:\\\/\\\/www.coatresa.com\\\/fr\\\/revetement-victrex-vicote\\\/#primaryimage\",\"url\":\"https:\\\/\\\/www.coatresa.com\\\/wp-content\\\/uploads\\\/2019\\\/09\\\/recubrimientos-victrex-vicote.png\",\"contentUrl\":\"https:\\\/\\\/www.coatresa.com\\\/wp-content\\\/uploads\\\/2019\\\/09\\\/recubrimientos-victrex-vicote.png\",\"width\":197,\"height\":197,\"caption\":\"recubrimientos Victrex Vicote\"},{\"@type\":\"BreadcrumbList\",\"@id\":\"https:\\\/\\\/www.coatresa.com\\\/fr\\\/revetement-victrex-vicote\\\/#breadcrumb\",\"itemListElement\":[{\"@type\":\"ListItem\",\"position\":1,\"name\":\"Portada\",\"item\":\"https:\\\/\\\/www.coatresa.com\\\/fr\\\/\"},{\"@type\":\"ListItem\",\"position\":2,\"name\":\"Rev\u00eatement Vicote\"}]},{\"@type\":\"WebSite\",\"@id\":\"https:\\\/\\\/www.coatresa.com\\\/fr\\\/#website\",\"url\":\"https:\\\/\\\/www.coatresa.com\\\/fr\\\/\",\"name\":\"Coatresa\",\"description\":\"Aplicaci\u00f3n de recubrimientos antiadherentes y anticorrosivos como el Teflon. Expertos del Powder Coating\",\"publisher\":{\"@id\":\"https:\\\/\\\/www.coatresa.com\\\/fr\\\/#organization\"},\"potentialAction\":[{\"@type\":\"SearchAction\",\"target\":{\"@type\":\"EntryPoint\",\"urlTemplate\":\"https:\\\/\\\/www.coatresa.com\\\/fr\\\/?s={search_term_string}\"},\"query-input\":{\"@type\":\"PropertyValueSpecification\",\"valueRequired\":true,\"valueName\":\"search_term_string\"}}],\"inLanguage\":\"fr-FR\"},{\"@type\":\"Organization\",\"@id\":\"https:\\\/\\\/www.coatresa.com\\\/fr\\\/#organization\",\"name\":\"Coatresa\",\"url\":\"https:\\\/\\\/www.coatresa.com\\\/fr\\\/\",\"logo\":{\"@type\":\"ImageObject\",\"inLanguage\":\"fr-FR\",\"@id\":\"https:\\\/\\\/www.coatresa.com\\\/fr\\\/#\\\/schema\\\/logo\\\/image\\\/\",\"url\":\"https:\\\/\\\/www.coatresa.com\\\/wp-content\\\/uploads\\\/2022\\\/07\\\/A_blava_mitja_transp.png\",\"contentUrl\":\"https:\\\/\\\/www.coatresa.com\\\/wp-content\\\/uploads\\\/2022\\\/07\\\/A_blava_mitja_transp.png\",\"width\":340,\"height\":326,\"caption\":\"Coatresa\"},\"image\":{\"@id\":\"https:\\\/\\\/www.coatresa.com\\\/fr\\\/#\\\/schema\\\/logo\\\/image\\\/\"},\"sameAs\":[\"https:\\\/\\\/www.facebook.com\\\/Coatresa\\\/\",\"https:\\\/\\\/x.com\\\/Coatresa\",\"https:\\\/\\\/www.linkedin.com\\\/company\\\/coatresa\\\/\",\"https:\\\/\\\/www.youtube.com\\\/user\\\/CoatresaCoatings\"]}]}<\/script>\n<!-- \/ Yoast SEO plugin. -->","yoast_head_json":{"title":"Rev\u00eatement Vicote - Coatresa","description":"Rev\u00eatement Vicote Victrex: rev\u00eatement \u00e9cologique pour des secteurs tels que la pharmacie et l'\u00e9lectronique. R\u00e9glementation FDA, sans halog\u00e8ne. Polym\u00e8re PEEK","robots":{"index":"index","follow":"follow","max-snippet":"max-snippet:-1","max-image-preview":"max-image-preview:large","max-video-preview":"max-video-preview:-1"},"canonical":"https:\/\/www.coatresa.com\/fr\/revetement-victrex-vicote\/","og_locale":"fr_FR","og_type":"article","og_title":"Rev\u00eatement Vicote - Coatresa","og_description":"Rev\u00eatement Vicote Victrex: rev\u00eatement \u00e9cologique pour des secteurs tels que la pharmacie et l'\u00e9lectronique. R\u00e9glementation FDA, sans halog\u00e8ne. Polym\u00e8re PEEK","og_url":"https:\/\/www.coatresa.com\/fr\/revetement-victrex-vicote\/","og_site_name":"Coatresa","article_publisher":"https:\/\/www.facebook.com\/Coatresa\/","article_modified_time":"2020-01-10T15:59:52+00:00","og_image":[{"width":197,"height":197,"url":"https:\/\/www.coatresa.com\/wp-content\/uploads\/2019\/09\/recubrimientos-victrex-vicote.png","type":"image\/png"}],"twitter_card":"summary_large_image","twitter_site":"@Coatresa","twitter_misc":{"Dur\u00e9e de lecture estim\u00e9e":"1 minute"},"schema":{"@context":"https:\/\/schema.org","@graph":[{"@type":"WebPage","@id":"https:\/\/www.coatresa.com\/fr\/revetement-victrex-vicote\/","url":"https:\/\/www.coatresa.com\/fr\/revetement-victrex-vicote\/","name":"Rev\u00eatement Vicote - Coatresa","isPartOf":{"@id":"https:\/\/www.coatresa.com\/fr\/#website"},"primaryImageOfPage":{"@id":"https:\/\/www.coatresa.com\/fr\/revetement-victrex-vicote\/#primaryimage"},"image":{"@id":"https:\/\/www.coatresa.com\/fr\/revetement-victrex-vicote\/#primaryimage"},"thumbnailUrl":"https:\/\/www.coatresa.com\/wp-content\/uploads\/2019\/09\/recubrimientos-victrex-vicote.png","datePublished":"2019-09-18T13:28:29+00:00","dateModified":"2020-01-10T15:59:52+00:00","description":"Rev\u00eatement Vicote Victrex: rev\u00eatement \u00e9cologique pour des secteurs tels que la pharmacie et l'\u00e9lectronique. R\u00e9glementation FDA, sans halog\u00e8ne. Polym\u00e8re PEEK","breadcrumb":{"@id":"https:\/\/www.coatresa.com\/fr\/revetement-victrex-vicote\/#breadcrumb"},"inLanguage":"fr-FR","potentialAction":[{"@type":"ReadAction","target":["https:\/\/www.coatresa.com\/fr\/revetement-victrex-vicote\/"]}]},{"@type":"ImageObject","inLanguage":"fr-FR","@id":"https:\/\/www.coatresa.com\/fr\/revetement-victrex-vicote\/#primaryimage","url":"https:\/\/www.coatresa.com\/wp-content\/uploads\/2019\/09\/recubrimientos-victrex-vicote.png","contentUrl":"https:\/\/www.coatresa.com\/wp-content\/uploads\/2019\/09\/recubrimientos-victrex-vicote.png","width":197,"height":197,"caption":"recubrimientos Victrex Vicote"},{"@type":"BreadcrumbList","@id":"https:\/\/www.coatresa.com\/fr\/revetement-victrex-vicote\/#breadcrumb","itemListElement":[{"@type":"ListItem","position":1,"name":"Portada","item":"https:\/\/www.coatresa.com\/fr\/"},{"@type":"ListItem","position":2,"name":"Rev\u00eatement Vicote"}]},{"@type":"WebSite","@id":"https:\/\/www.coatresa.com\/fr\/#website","url":"https:\/\/www.coatresa.com\/fr\/","name":"Coatresa","description":"Aplicaci\u00f3n de recubrimientos antiadherentes y anticorrosivos como el Teflon. Expertos del Powder Coating","publisher":{"@id":"https:\/\/www.coatresa.com\/fr\/#organization"},"potentialAction":[{"@type":"SearchAction","target":{"@type":"EntryPoint","urlTemplate":"https:\/\/www.coatresa.com\/fr\/?s={search_term_string}"},"query-input":{"@type":"PropertyValueSpecification","valueRequired":true,"valueName":"search_term_string"}}],"inLanguage":"fr-FR"},{"@type":"Organization","@id":"https:\/\/www.coatresa.com\/fr\/#organization","name":"Coatresa","url":"https:\/\/www.coatresa.com\/fr\/","logo":{"@type":"ImageObject","inLanguage":"fr-FR","@id":"https:\/\/www.coatresa.com\/fr\/#\/schema\/logo\/image\/","url":"https:\/\/www.coatresa.com\/wp-content\/uploads\/2022\/07\/A_blava_mitja_transp.png","contentUrl":"https:\/\/www.coatresa.com\/wp-content\/uploads\/2022\/07\/A_blava_mitja_transp.png","width":340,"height":326,"caption":"Coatresa"},"image":{"@id":"https:\/\/www.coatresa.com\/fr\/#\/schema\/logo\/image\/"},"sameAs":["https:\/\/www.facebook.com\/Coatresa\/","https:\/\/x.com\/Coatresa","https:\/\/www.linkedin.com\/company\/coatresa\/","https:\/\/www.youtube.com\/user\/CoatresaCoatings"]}]}},"_links":{"self":[{"href":"https:\/\/www.coatresa.com\/fr\/wp-json\/wp\/v2\/pages\/17798","targetHints":{"allow":["GET"]}}],"collection":[{"href":"https:\/\/www.coatresa.com\/fr\/wp-json\/wp\/v2\/pages"}],"about":[{"href":"https:\/\/www.coatresa.com\/fr\/wp-json\/wp\/v2\/types\/page"}],"author":[{"embeddable":true,"href":"https:\/\/www.coatresa.com\/fr\/wp-json\/wp\/v2\/users\/1"}],"replies":[{"embeddable":true,"href":"https:\/\/www.coatresa.com\/fr\/wp-json\/wp\/v2\/comments?post=17798"}],"version-history":[{"count":0,"href":"https:\/\/www.coatresa.com\/fr\/wp-json\/wp\/v2\/pages\/17798\/revisions"}],"wp:featuredmedia":[{"embeddable":true,"href":"https:\/\/www.coatresa.com\/fr\/wp-json\/wp\/v2\/media\/15514"}],"wp:attachment":[{"href":"https:\/\/www.coatresa.com\/fr\/wp-json\/wp\/v2\/media?parent=17798"}],"curies":[{"name":"wp","href":"https:\/\/api.w.org\/{rel}","templated":true}]}}