{"id":17809,"date":"2019-07-12T10:07:41","date_gmt":"2019-07-12T08:07:41","guid":{"rendered":"https:\/\/www.coatresa.com\/recubrimiento-3m-scotchkote\/"},"modified":"2020-01-10T18:27:59","modified_gmt":"2020-01-10T17:27:59","slug":"revetement-3m-scotchkote","status":"publish","type":"page","link":"https:\/\/www.coatresa.com\/fr\/revetement-3m-scotchkote\/","title":{"rendered":"Rev\u00eatement Scotchkote"},"content":{"rendered":"<div id=\"pl-17809\"  class=\"panel-layout\" ><div id=\"pg-17809-0\"  class=\"panel-grid panel-has-style\" ><div style=\"padding: 0px 0; \" data-overlay=\"true\" data-overlay-color=\"#000000\" class=\"panel-row-style panel-row-style-for-17809-0\" ><div id=\"pgc-17809-0-0\"  class=\"panel-grid-cell\" ><div id=\"panel-17809-0-0-0\" class=\"so-panel widget_sow-image panel-first-child panel-last-child\" data-index=\"0\" ><div style=\"text-align: left;\" data-title-color=\"#47425d\" data-headings-color=\"#443f3f\" data-title_alignment=\"center\" class=\"panel-widget-style panel-widget-style-for-17809-0-0-0\" ><div\n\t\t\t\n\t\t\tclass=\"so-widget-sow-image so-widget-sow-image-default-c67d20f9f743-17809\"\n\t\t\t\n\t\t>\n<div class=\"sow-image-container\">\n\t\t<img \n\tsrc=\"https:\/\/www.coatresa.com\/wp-content\/uploads\/2019\/07\/recubrimientos-3m-scotchkote.png\" width=\"197\" height=\"197\" srcset=\"https:\/\/www.coatresa.com\/wp-content\/uploads\/2019\/07\/recubrimientos-3m-scotchkote.png 197w, https:\/\/www.coatresa.com\/wp-content\/uploads\/2019\/07\/recubrimientos-3m-scotchkote-150x150.png 150w\" sizes=\"(max-width: 197px) 100vw, 197px\" title=\"recubrimientos 3M Scotchkote\" alt=\"recubrimientos 3M Scotchkote\" \t\tclass=\"so-widget-image\"\/>\n\t<\/div>\n\n<\/div><\/div><\/div><\/div><div id=\"pgc-17809-0-1\"  class=\"panel-grid-cell\" ><div id=\"panel-17809-0-1-0\" class=\"so-panel widget_sow-editor panel-first-child panel-last-child\" data-index=\"1\" ><div style=\"text-align: left;\" data-title-color=\"#47425d\" data-headings-color=\"#000000\" data-title_alignment=\"center\" class=\"panel-widget-style panel-widget-style-for-17809-0-1-0\" ><div\n\t\t\t\n\t\t\tclass=\"so-widget-sow-editor so-widget-sow-editor-base\"\n\t\t\t\n\t\t>\n<div class=\"siteorigin-widget-tinymce textwidget\">\n\t<h1 style=\"text-align: left;\">Rev\u00eatement Scotchkote \u2122<\/h1>\n<hr align=\"left\" \/>\n<p style=\"text-align: justify;\"><b>Scotchkote<\/b>\u2122 offre une gamme compl\u00e8te de rev\u00eatements \u00e0 base d'\u00e9poxy sp\u00e9cialement formul\u00e9s pour la protection contre la corrosion des m\u00e9taux expos\u00e9s \u00e0 des environnements agressifs tels que l'eau sal\u00e9e, les eaux us\u00e9es, les produits p\u00e9trochimiques, les solvants et les gaz corrosifs.<\/p>\n<p style=\"text-align: justify;\">Le produit <b>Scotchkote<\/b>\u2122 de 3M est une peinture \u00e9poxy thermodurcissable, coll\u00e9e par fusion, par application de chaleur sur la pi\u00e8ce \u00e0 rev\u00eatir. Plusieurs de ces rev\u00eatements offrent \u00e9galement des propri\u00e9t\u00e9s am\u00e9lior\u00e9es pour un fonctionnement \u00e0 temp\u00e9rature \u00e9lev\u00e9e, une protection contre les dommages m\u00e9caniques, la compression, l'usure par abrasion et la r\u00e9sistance \u00e0 la cavitation.<\/p>\n<\/div>\n<\/div><\/div><\/div><\/div><\/div><\/div><div id=\"pg-17809-1\"  class=\"panel-grid panel-has-style\" ><div class=\"FRANJA-BLAVA-TITOL siteorigin-panels-stretch panel-row-style panel-row-style-for-17809-1\" style=\"padding: 0px 0; \" data-stretch-type=\"full\" data-overlay=\"true\" data-overlay-color=\"#000000\" ><div id=\"pgc-17809-1-0\"  class=\"panel-grid-cell\" ><div id=\"panel-17809-1-0-0\" class=\"so-panel widget_sow-editor panel-first-child panel-last-child\" data-index=\"2\" ><div class=\"blanc panel-widget-style panel-widget-style-for-17809-1-0-0\" style=\"text-align: left;\" data-title-color=\"#47425d\" data-headings-color=\"#443f3f\" data-title_alignment=\"center\" ><div\n\t\t\t\n\t\t\tclass=\"so-widget-sow-editor so-widget-sow-editor-base\"\n\t\t\t\n\t\t>\n<div class=\"siteorigin-widget-tinymce textwidget\">\n\t<h2 style=\"text-align: center;\">Propri\u00e9t\u00e9s du rev\u00eatement Scotchkote \u2122<\/h2>\n<\/div>\n<\/div><\/div><\/div><\/div><\/div><\/div><div id=\"pg-17809-2\"  class=\"panel-grid panel-has-style\" ><div class=\"BGC-GRIS siteorigin-panels-stretch panel-row-style panel-row-style-for-17809-2\" style=\"padding: 50px 0; \" data-stretch-type=\"full\" data-overlay=\"true\" data-overlay-color=\"#000000\" ><div id=\"pgc-17809-2-0\"  class=\"panel-grid-cell\" ><div id=\"panel-17809-2-0-0\" class=\"so-panel widget_sow-editor panel-first-child\" data-index=\"3\" ><div class=\"TEXTOS-DESTACATS panel-widget-style panel-widget-style-for-17809-2-0-0\" style=\"text-align: left;\" data-title-color=\"#47425d\" data-headings-color=\"#443f3f\" data-title_alignment=\"center\" ><div\n\t\t\t\n\t\t\tclass=\"so-widget-sow-editor so-widget-sow-editor-base\"\n\t\t\t\n\t\t>\n<div class=\"siteorigin-widget-tinymce textwidget\">\n\t<p style=\"text-align: center;\"><b>Scotchkote<\/b>\u2122 est con\u00e7u pour rev\u00eatir l'int\u00e9rieur des tuyaux et des vannes, offrant une grande r\u00e9sistance \u00e0 l'abrasion. Ses principales propri\u00e9t\u00e9s sont:<\/p>\n<\/div>\n<\/div><\/div><\/div><div id=\"panel-17809-2-0-1\" class=\"so-panel widget_sow-editor panel-last-child\" data-index=\"4\" ><div style=\"text-align: left;\" data-title-color=\"#47425d\" data-headings-color=\"#443f3f\" data-title_alignment=\"center\" class=\"panel-widget-style panel-widget-style-for-17809-2-0-1\" ><div\n\t\t\t\n\t\t\tclass=\"so-widget-sow-editor so-widget-sow-editor-base\"\n\t\t\t\n\t\t>\n<div class=\"siteorigin-widget-tinymce textwidget\">\n\t<ul class=\"LLISTA-SUBRATLLADA\">\n<li>Excellente r\u00e9sistance chimique<\/li>\n<li>Protection sur une large plage de temp\u00e9rature<\/li>\n<li>R\u00e9sistance \u00e0 la fissuration lors de l'installation des raccords de tuyauterie<\/li>\n<li>R\u00e9sistance au d\u00e9collement cathodique<\/li>\n<li>R\u00e9sistance \u00e0 la pression du sol et au compactage de remplissage<\/li>\n<li>Stockage \u00e0 long terme dans la plupart des conditions m\u00e9t\u00e9orologiques<\/li>\n<li>Haute adh\u00e9rence et t\u00e9nacit\u00e9<\/li>\n<li>Stabilit\u00e9 pendant le stockage<\/li>\n<li>L\u00e9g\u00e8ret\u00e9, r\u00e9duisant ainsi les frais d'exp\u00e9dition<\/li>\n<li>Particuli\u00e8rement adapt\u00e9 \u00e0 l'application \u00e9lectrostatique, \u00e0 la pulv\u00e9risation d'air<\/li>\n<li>Compatible avec la plupart des primaires ph\u00e9noliques<\/li>\n<li>Long temps de gel permettant l'application sans d\u00e9cantation, affaissement, laminage ou sur\u00e9paisseur<\/li>\n<li>Peut \u00eatre usin\u00e9, rectifi\u00e9 ou rogn\u00e9 pour r\u00e9pondre aux diff\u00e9rentes exigences de tol\u00e9rance<\/li>\n<li>Permet d'inspecter facilement les pi\u00e8ces rev\u00eatues<\/li>\n<\/ul>\n<\/div>\n<\/div><\/div><\/div><\/div><\/div><\/div><div id=\"pg-17809-3\"  class=\"panel-grid panel-has-style\" ><div class=\"siteorigin-panels-stretch panel-row-style panel-row-style-for-17809-3\" style=\"padding: 50px 0; \" data-stretch-type=\"full\" data-overlay=\"true\" data-overlay-color=\"#000000\" ><div id=\"pgc-17809-3-0\"  class=\"panel-grid-cell\" ><div id=\"panel-17809-3-0-0\" class=\"so-panel widget_sow-editor panel-first-child\" data-index=\"5\" ><div style=\"text-align: left;\" data-title-color=\"#47425d\" data-headings-color=\"#443f3f\" data-title_alignment=\"center\" class=\"panel-widget-style panel-widget-style-for-17809-3-0-0\" ><div\n\t\t\t\n\t\t\tclass=\"so-widget-sow-editor so-widget-sow-editor-base\"\n\t\t\t\n\t\t>\n<div class=\"siteorigin-widget-tinymce textwidget\">\n\t<h2 class=\"BLAU-FOSC\" style=\"text-align: center;\">R\u00e9f\u00e9rences Scotchkote \u2122<\/h2>\n<\/div>\n<\/div><\/div><\/div><div id=\"panel-17809-3-0-1\" class=\"so-panel widget_siteorigin-panels-builder panel-last-child\" data-index=\"6\" ><div style=\"text-align: left;\" data-title-color=\"#47425d\" data-headings-color=\"#443f3f\" data-title_alignment=\"center\" class=\"panel-widget-style panel-widget-style-for-17809-3-0-1\" ><div id=\"pl-w5d270080928a5\"  class=\"panel-layout\" ><div id=\"pg-w5d270080928a5-0\"  class=\"panel-grid panel-has-style\" ><div style=\"padding: 40px 0; \" data-overlay=\"true\" data-overlay-color=\"#000000\" class=\"panel-row-style panel-row-style-for-w5d270080928a5-0\" ><div id=\"pgc-w5d270080928a5-0-0\"  class=\"panel-grid-cell\" ><div id=\"panel-w5d270080928a5-0-0-0\" class=\"so-panel widget_sow-editor panel-first-child panel-last-child\" data-index=\"0\" ><div style=\"text-align: left;\" data-title-color=\"#47425d\" data-headings-color=\"#443f3f\" data-title_alignment=\"center\" class=\"panel-widget-style panel-widget-style-for-w5d270080928a5-0-0-0\" ><div\n\t\t\t\n\t\t\tclass=\"so-widget-sow-editor so-widget-sow-editor-base\"\n\t\t\t\n\t\t>\n<div class=\"siteorigin-widget-tinymce textwidget\">\n\t<p style=\"text-align: center;\"><b>134 Fusion Bonded Epoxy Coating<\/b><br \/>\n<b>135 Fusion Bonded Epoxy Coating<\/b><br \/>\n<b>162HB Epoxy Coating<\/b><br \/>\n<b>165HB Epoxy Coating<\/b><br \/>\n<b>206N Fusion Bonded Epoxy Coating<\/b><br \/>\n<b>226N Fusion Bonded Epoxy Coating<\/b><br \/>\n<b>226N+ Fusion Bonded Epoxy Coating<\/b><\/p>\n<\/div>\n<\/div><\/div><\/div><\/div><div id=\"pgc-w5d270080928a5-0-1\"  class=\"panel-grid-cell\" ><div id=\"panel-w5d270080928a5-0-1-0\" class=\"so-panel widget_sow-editor panel-first-child panel-last-child\" data-index=\"1\" ><div style=\"text-align: left;\" data-title-color=\"#47425d\" data-headings-color=\"#443f3f\" data-title_alignment=\"center\" class=\"panel-widget-style panel-widget-style-for-w5d270080928a5-0-1-0\" ><div\n\t\t\t\n\t\t\tclass=\"so-widget-sow-editor so-widget-sow-editor-base\"\n\t\t\t\n\t\t>\n<div class=\"siteorigin-widget-tinymce textwidget\">\n\t<p style=\"text-align: center;\"><b>2400 Pipe Renewal Liner<\/b><br \/>\n<b>323 Liquid Epoxy Coating<\/b><br \/>\n<b>324 Liquid Epoxy Coating<\/b><br \/>\n<b>328 Liquid Epoxy Coating<\/b><br \/>\n<b>352 Polyurethane Coating System<\/b><\/p>\n<\/div>\n<\/div><\/div><\/div><\/div><div id=\"pgc-w5d270080928a5-0-2\"  class=\"panel-grid-cell\" ><div id=\"panel-w5d270080928a5-0-2-0\" class=\"so-panel widget_sow-editor panel-first-child panel-last-child\" data-index=\"2\" ><div style=\"text-align: left;\" data-title-color=\"#47425d\" data-headings-color=\"#443f3f\" data-title_alignment=\"center\" class=\"panel-widget-style panel-widget-style-for-w5d270080928a5-0-2-0\" ><div\n\t\t\t\n\t\t\tclass=\"so-widget-sow-editor so-widget-sow-editor-base\"\n\t\t\t\n\t\t>\n<div class=\"siteorigin-widget-tinymce textwidget\">\n\t<p style=\"text-align: center;\"><b>626 Fusion Bonded Epoxy Coating<\/b><br \/>\n<b>6233 Fusion-Bonded Epoxy Coating<\/b><br \/>\n<b>6258 Fusion Bonded Epoxy Coating<\/b><br \/>\n<b>6352 Fusion Bonded Epoxy Coating<\/b><br \/>\n<b>XC-6171 Fusion-Bonded Epoxy Coating<\/b><\/p>\n<\/div>\n<\/div><\/div><\/div><\/div><\/div><\/div><\/div><\/div><\/div><\/div><\/div><\/div><\/div>","protected":false},"excerpt":{"rendered":"<p>Rev\u00eatement Scotchkote \u2122 Scotchkote\u2122 offre une gamme compl\u00e8te de rev\u00eatements \u00e0 base d&rsquo;\u00e9poxy sp\u00e9cialement formul\u00e9s pour la protection contre la corrosion des [&hellip;]<\/p>\n","protected":false},"author":1,"featured_media":15111,"parent":0,"menu_order":0,"comment_status":"closed","ping_status":"closed","template":"page-templates\/page_fullwidth.php","meta":{"footnotes":""},"class_list":["post-17809","page","type-page","status-publish","has-post-thumbnail","hentry"],"yoast_head":"<!-- This site is optimized with the Yoast SEO plugin v27.6 - https:\/\/yoast.com\/product\/yoast-seo-wordpress\/ -->\n<title>Rev\u00eatement Scotchkote - Coatresa<\/title>\n<meta name=\"description\" content=\"Rev\u00eatement Scotchkote 3M: rev\u00eatement de base \u00e9poxy pour l&#039;int\u00e9rieur des tuyaux et des vannes, offrant une haute r\u00e9sistance \u00e0 l&#039;abrasion. En savoir plus!\" \/>\n<meta name=\"robots\" content=\"index, follow, max-snippet:-1, max-image-preview:large, max-video-preview:-1\" \/>\n<link rel=\"canonical\" href=\"https:\/\/www.coatresa.com\/fr\/revetement-3m-scotchkote\/\" \/>\n<meta property=\"og:locale\" content=\"fr_FR\" \/>\n<meta property=\"og:type\" content=\"article\" \/>\n<meta property=\"og:title\" content=\"Rev\u00eatement Scotchkote - Coatresa\" \/>\n<meta property=\"og:description\" content=\"Rev\u00eatement Scotchkote 3M: rev\u00eatement de base \u00e9poxy pour l&#039;int\u00e9rieur des tuyaux et des vannes, offrant une haute r\u00e9sistance \u00e0 l&#039;abrasion. En savoir plus!\" \/>\n<meta property=\"og:url\" content=\"https:\/\/www.coatresa.com\/fr\/revetement-3m-scotchkote\/\" \/>\n<meta property=\"og:site_name\" content=\"Coatresa\" \/>\n<meta property=\"article:publisher\" content=\"https:\/\/www.facebook.com\/Coatresa\/\" \/>\n<meta property=\"article:modified_time\" content=\"2020-01-10T17:27:59+00:00\" \/>\n<meta property=\"og:image\" content=\"https:\/\/www.coatresa.com\/wp-content\/uploads\/2019\/07\/recubrimientos-3m-scotchkote.png\" \/>\n\t<meta property=\"og:image:width\" content=\"197\" \/>\n\t<meta property=\"og:image:height\" content=\"197\" \/>\n\t<meta property=\"og:image:type\" content=\"image\/png\" \/>\n<meta name=\"twitter:card\" content=\"summary_large_image\" \/>\n<meta name=\"twitter:site\" content=\"@Coatresa\" \/>\n<meta name=\"twitter:label1\" content=\"Dur\u00e9e de lecture estim\u00e9e\" \/>\n\t<meta name=\"twitter:data1\" content=\"2 minutes\" \/>\n<script type=\"application\/ld+json\" class=\"yoast-schema-graph\">{\"@context\":\"https:\\\/\\\/schema.org\",\"@graph\":[{\"@type\":\"WebPage\",\"@id\":\"https:\\\/\\\/www.coatresa.com\\\/fr\\\/revetement-3m-scotchkote\\\/\",\"url\":\"https:\\\/\\\/www.coatresa.com\\\/fr\\\/revetement-3m-scotchkote\\\/\",\"name\":\"Rev\u00eatement Scotchkote - Coatresa\",\"isPartOf\":{\"@id\":\"https:\\\/\\\/www.coatresa.com\\\/fr\\\/#website\"},\"primaryImageOfPage\":{\"@id\":\"https:\\\/\\\/www.coatresa.com\\\/fr\\\/revetement-3m-scotchkote\\\/#primaryimage\"},\"image\":{\"@id\":\"https:\\\/\\\/www.coatresa.com\\\/fr\\\/revetement-3m-scotchkote\\\/#primaryimage\"},\"thumbnailUrl\":\"https:\\\/\\\/www.coatresa.com\\\/wp-content\\\/uploads\\\/2019\\\/07\\\/recubrimientos-3m-scotchkote.png\",\"datePublished\":\"2019-07-12T08:07:41+00:00\",\"dateModified\":\"2020-01-10T17:27:59+00:00\",\"description\":\"Rev\u00eatement Scotchkote 3M: rev\u00eatement de base \u00e9poxy pour l'int\u00e9rieur des tuyaux et des vannes, offrant une haute r\u00e9sistance \u00e0 l'abrasion. En savoir plus!\",\"breadcrumb\":{\"@id\":\"https:\\\/\\\/www.coatresa.com\\\/fr\\\/revetement-3m-scotchkote\\\/#breadcrumb\"},\"inLanguage\":\"fr-FR\",\"potentialAction\":[{\"@type\":\"ReadAction\",\"target\":[\"https:\\\/\\\/www.coatresa.com\\\/fr\\\/revetement-3m-scotchkote\\\/\"]}]},{\"@type\":\"ImageObject\",\"inLanguage\":\"fr-FR\",\"@id\":\"https:\\\/\\\/www.coatresa.com\\\/fr\\\/revetement-3m-scotchkote\\\/#primaryimage\",\"url\":\"https:\\\/\\\/www.coatresa.com\\\/wp-content\\\/uploads\\\/2019\\\/07\\\/recubrimientos-3m-scotchkote.png\",\"contentUrl\":\"https:\\\/\\\/www.coatresa.com\\\/wp-content\\\/uploads\\\/2019\\\/07\\\/recubrimientos-3m-scotchkote.png\",\"width\":197,\"height\":197,\"caption\":\"Rev\u00eatements 3M Scotchkote\"},{\"@type\":\"BreadcrumbList\",\"@id\":\"https:\\\/\\\/www.coatresa.com\\\/fr\\\/revetement-3m-scotchkote\\\/#breadcrumb\",\"itemListElement\":[{\"@type\":\"ListItem\",\"position\":1,\"name\":\"Portada\",\"item\":\"https:\\\/\\\/www.coatresa.com\\\/fr\\\/\"},{\"@type\":\"ListItem\",\"position\":2,\"name\":\"Rev\u00eatement Scotchkote\"}]},{\"@type\":\"WebSite\",\"@id\":\"https:\\\/\\\/www.coatresa.com\\\/fr\\\/#website\",\"url\":\"https:\\\/\\\/www.coatresa.com\\\/fr\\\/\",\"name\":\"Coatresa\",\"description\":\"Aplicaci\u00f3n de recubrimientos antiadherentes y anticorrosivos como el Teflon. Expertos del Powder Coating\",\"publisher\":{\"@id\":\"https:\\\/\\\/www.coatresa.com\\\/fr\\\/#organization\"},\"potentialAction\":[{\"@type\":\"SearchAction\",\"target\":{\"@type\":\"EntryPoint\",\"urlTemplate\":\"https:\\\/\\\/www.coatresa.com\\\/fr\\\/?s={search_term_string}\"},\"query-input\":{\"@type\":\"PropertyValueSpecification\",\"valueRequired\":true,\"valueName\":\"search_term_string\"}}],\"inLanguage\":\"fr-FR\"},{\"@type\":\"Organization\",\"@id\":\"https:\\\/\\\/www.coatresa.com\\\/fr\\\/#organization\",\"name\":\"Coatresa\",\"url\":\"https:\\\/\\\/www.coatresa.com\\\/fr\\\/\",\"logo\":{\"@type\":\"ImageObject\",\"inLanguage\":\"fr-FR\",\"@id\":\"https:\\\/\\\/www.coatresa.com\\\/fr\\\/#\\\/schema\\\/logo\\\/image\\\/\",\"url\":\"https:\\\/\\\/www.coatresa.com\\\/wp-content\\\/uploads\\\/2022\\\/07\\\/A_blava_mitja_transp.png\",\"contentUrl\":\"https:\\\/\\\/www.coatresa.com\\\/wp-content\\\/uploads\\\/2022\\\/07\\\/A_blava_mitja_transp.png\",\"width\":340,\"height\":326,\"caption\":\"Coatresa\"},\"image\":{\"@id\":\"https:\\\/\\\/www.coatresa.com\\\/fr\\\/#\\\/schema\\\/logo\\\/image\\\/\"},\"sameAs\":[\"https:\\\/\\\/www.facebook.com\\\/Coatresa\\\/\",\"https:\\\/\\\/x.com\\\/Coatresa\",\"https:\\\/\\\/www.linkedin.com\\\/company\\\/coatresa\\\/\",\"https:\\\/\\\/www.youtube.com\\\/user\\\/CoatresaCoatings\"]}]}<\/script>\n<!-- \/ Yoast SEO plugin. -->","yoast_head_json":{"title":"Rev\u00eatement Scotchkote - Coatresa","description":"Rev\u00eatement Scotchkote 3M: rev\u00eatement de base \u00e9poxy pour l'int\u00e9rieur des tuyaux et des vannes, offrant une haute r\u00e9sistance \u00e0 l'abrasion. En savoir plus!","robots":{"index":"index","follow":"follow","max-snippet":"max-snippet:-1","max-image-preview":"max-image-preview:large","max-video-preview":"max-video-preview:-1"},"canonical":"https:\/\/www.coatresa.com\/fr\/revetement-3m-scotchkote\/","og_locale":"fr_FR","og_type":"article","og_title":"Rev\u00eatement Scotchkote - Coatresa","og_description":"Rev\u00eatement Scotchkote 3M: rev\u00eatement de base \u00e9poxy pour l'int\u00e9rieur des tuyaux et des vannes, offrant une haute r\u00e9sistance \u00e0 l'abrasion. En savoir plus!","og_url":"https:\/\/www.coatresa.com\/fr\/revetement-3m-scotchkote\/","og_site_name":"Coatresa","article_publisher":"https:\/\/www.facebook.com\/Coatresa\/","article_modified_time":"2020-01-10T17:27:59+00:00","og_image":[{"width":197,"height":197,"url":"https:\/\/www.coatresa.com\/wp-content\/uploads\/2019\/07\/recubrimientos-3m-scotchkote.png","type":"image\/png"}],"twitter_card":"summary_large_image","twitter_site":"@Coatresa","twitter_misc":{"Dur\u00e9e de lecture estim\u00e9e":"2 minutes"},"schema":{"@context":"https:\/\/schema.org","@graph":[{"@type":"WebPage","@id":"https:\/\/www.coatresa.com\/fr\/revetement-3m-scotchkote\/","url":"https:\/\/www.coatresa.com\/fr\/revetement-3m-scotchkote\/","name":"Rev\u00eatement Scotchkote - Coatresa","isPartOf":{"@id":"https:\/\/www.coatresa.com\/fr\/#website"},"primaryImageOfPage":{"@id":"https:\/\/www.coatresa.com\/fr\/revetement-3m-scotchkote\/#primaryimage"},"image":{"@id":"https:\/\/www.coatresa.com\/fr\/revetement-3m-scotchkote\/#primaryimage"},"thumbnailUrl":"https:\/\/www.coatresa.com\/wp-content\/uploads\/2019\/07\/recubrimientos-3m-scotchkote.png","datePublished":"2019-07-12T08:07:41+00:00","dateModified":"2020-01-10T17:27:59+00:00","description":"Rev\u00eatement Scotchkote 3M: rev\u00eatement de base \u00e9poxy pour l'int\u00e9rieur des tuyaux et des vannes, offrant une haute r\u00e9sistance \u00e0 l'abrasion. En savoir plus!","breadcrumb":{"@id":"https:\/\/www.coatresa.com\/fr\/revetement-3m-scotchkote\/#breadcrumb"},"inLanguage":"fr-FR","potentialAction":[{"@type":"ReadAction","target":["https:\/\/www.coatresa.com\/fr\/revetement-3m-scotchkote\/"]}]},{"@type":"ImageObject","inLanguage":"fr-FR","@id":"https:\/\/www.coatresa.com\/fr\/revetement-3m-scotchkote\/#primaryimage","url":"https:\/\/www.coatresa.com\/wp-content\/uploads\/2019\/07\/recubrimientos-3m-scotchkote.png","contentUrl":"https:\/\/www.coatresa.com\/wp-content\/uploads\/2019\/07\/recubrimientos-3m-scotchkote.png","width":197,"height":197,"caption":"Rev\u00eatements 3M Scotchkote"},{"@type":"BreadcrumbList","@id":"https:\/\/www.coatresa.com\/fr\/revetement-3m-scotchkote\/#breadcrumb","itemListElement":[{"@type":"ListItem","position":1,"name":"Portada","item":"https:\/\/www.coatresa.com\/fr\/"},{"@type":"ListItem","position":2,"name":"Rev\u00eatement Scotchkote"}]},{"@type":"WebSite","@id":"https:\/\/www.coatresa.com\/fr\/#website","url":"https:\/\/www.coatresa.com\/fr\/","name":"Coatresa","description":"Aplicaci\u00f3n de recubrimientos antiadherentes y anticorrosivos como el Teflon. Expertos del Powder Coating","publisher":{"@id":"https:\/\/www.coatresa.com\/fr\/#organization"},"potentialAction":[{"@type":"SearchAction","target":{"@type":"EntryPoint","urlTemplate":"https:\/\/www.coatresa.com\/fr\/?s={search_term_string}"},"query-input":{"@type":"PropertyValueSpecification","valueRequired":true,"valueName":"search_term_string"}}],"inLanguage":"fr-FR"},{"@type":"Organization","@id":"https:\/\/www.coatresa.com\/fr\/#organization","name":"Coatresa","url":"https:\/\/www.coatresa.com\/fr\/","logo":{"@type":"ImageObject","inLanguage":"fr-FR","@id":"https:\/\/www.coatresa.com\/fr\/#\/schema\/logo\/image\/","url":"https:\/\/www.coatresa.com\/wp-content\/uploads\/2022\/07\/A_blava_mitja_transp.png","contentUrl":"https:\/\/www.coatresa.com\/wp-content\/uploads\/2022\/07\/A_blava_mitja_transp.png","width":340,"height":326,"caption":"Coatresa"},"image":{"@id":"https:\/\/www.coatresa.com\/fr\/#\/schema\/logo\/image\/"},"sameAs":["https:\/\/www.facebook.com\/Coatresa\/","https:\/\/x.com\/Coatresa","https:\/\/www.linkedin.com\/company\/coatresa\/","https:\/\/www.youtube.com\/user\/CoatresaCoatings"]}]}},"_links":{"self":[{"href":"https:\/\/www.coatresa.com\/fr\/wp-json\/wp\/v2\/pages\/17809","targetHints":{"allow":["GET"]}}],"collection":[{"href":"https:\/\/www.coatresa.com\/fr\/wp-json\/wp\/v2\/pages"}],"about":[{"href":"https:\/\/www.coatresa.com\/fr\/wp-json\/wp\/v2\/types\/page"}],"author":[{"embeddable":true,"href":"https:\/\/www.coatresa.com\/fr\/wp-json\/wp\/v2\/users\/1"}],"replies":[{"embeddable":true,"href":"https:\/\/www.coatresa.com\/fr\/wp-json\/wp\/v2\/comments?post=17809"}],"version-history":[{"count":0,"href":"https:\/\/www.coatresa.com\/fr\/wp-json\/wp\/v2\/pages\/17809\/revisions"}],"wp:featuredmedia":[{"embeddable":true,"href":"https:\/\/www.coatresa.com\/fr\/wp-json\/wp\/v2\/media\/15111"}],"wp:attachment":[{"href":"https:\/\/www.coatresa.com\/fr\/wp-json\/wp\/v2\/media?parent=17809"}],"curies":[{"name":"wp","href":"https:\/\/api.w.org\/{rel}","templated":true}]}}