{"id":17816,"date":"2019-09-23T17:36:36","date_gmt":"2019-09-23T15:36:36","guid":{"rendered":"https:\/\/www.coatresa.com\/recubrimiento-weilburger-senotherm\/"},"modified":"2020-01-10T18:49:24","modified_gmt":"2020-01-10T17:49:24","slug":"revetement-weilburger-senotherm","status":"publish","type":"page","link":"https:\/\/www.coatresa.com\/fr\/revetement-weilburger-senotherm\/","title":{"rendered":"Rev\u00eatement Senotherm"},"content":{"rendered":"<div id=\"pl-17816\"  class=\"panel-layout\" ><div id=\"pg-17816-0\"  class=\"panel-grid panel-has-style\" ><div style=\"padding: 0px 0; \" data-overlay=\"true\" data-overlay-color=\"#000000\" class=\"panel-row-style panel-row-style-for-17816-0\" ><div id=\"pgc-17816-0-0\"  class=\"panel-grid-cell\" ><div id=\"panel-17816-0-0-0\" class=\"so-panel widget_sow-image panel-first-child panel-last-child\" data-index=\"0\" ><div style=\"text-align: left;\" data-title-color=\"#47425d\" data-headings-color=\"#443f3f\" data-title_alignment=\"center\" class=\"panel-widget-style panel-widget-style-for-17816-0-0-0\" ><div\n\t\t\t\n\t\t\tclass=\"so-widget-sow-image so-widget-sow-image-default-c67d20f9f743-17816\"\n\t\t\t\n\t\t>\n<div class=\"sow-image-container\">\n\t\t<img \n\tsrc=\"https:\/\/www.coatresa.com\/wp-content\/uploads\/2018\/07\/recubrimientos-weilburger-senotherm.png\" width=\"197\" height=\"197\" srcset=\"https:\/\/www.coatresa.com\/wp-content\/uploads\/2018\/07\/recubrimientos-weilburger-senotherm.png 197w, https:\/\/www.coatresa.com\/wp-content\/uploads\/2018\/07\/recubrimientos-weilburger-senotherm-150x150.png 150w\" sizes=\"(max-width: 197px) 100vw, 197px\" title=\"recubrimientos Weilburger Senotherm\" alt=\"recubrimientos Weilburger Senotherm\" \t\tclass=\"so-widget-image\"\/>\n\t<\/div>\n\n<\/div><\/div><\/div><\/div><div id=\"pgc-17816-0-1\"  class=\"panel-grid-cell\" ><div id=\"panel-17816-0-1-0\" class=\"so-panel widget_sow-editor panel-first-child panel-last-child\" data-index=\"1\" ><div style=\"text-align: left;\" data-title-color=\"#47425d\" data-headings-color=\"#000000\" data-title_alignment=\"center\" class=\"panel-widget-style panel-widget-style-for-17816-0-1-0\" ><div\n\t\t\t\n\t\t\tclass=\"so-widget-sow-editor so-widget-sow-editor-base\"\n\t\t\t\n\t\t>\n<div class=\"siteorigin-widget-tinymce textwidget\">\n\t<h1 style=\"text-align: left;\">Rev\u00eatement Senotherm \u00ae<\/h1>\n<hr align=\"left\" \/>\n<p style=\"text-align: justify;\"><b>Senotherm<\/b>\u00ae est la marque de <b>Weilburger<\/b> sous laquelle sont commercialis\u00e9es des solutions de rev\u00eatements r\u00e9sistant aux hautes temp\u00e9ratures pour tous types de surfaces soumises \u00e0 des charges thermiques \u00e9lev\u00e9es telles que:<\/p>\n<ul>\n<li>po\u00eales<\/li>\n<li>conduits de po\u00eale<\/li>\n<li>jets<\/li>\n<li>cuisini\u00e8res et plaques de cuisson<\/li>\n<li>barbecues et grils<\/li>\n<li>et dans le secteur technique, pi\u00e8ces fonctionnelles<\/li>\n<\/ul>\n<p style=\"text-align: justify;\">Sur le plan technologique, Senotherm\u00ae se positionne comme le leader du march\u00e9 europ\u00e9en. Plus de 40 ans d'exp\u00e9rience dans ce domaine sp\u00e9cialis\u00e9, un travail constant de R&D et les innovations qui en r\u00e9sultent ont fait de Senotherm\u00ae une gamme unique de syst\u00e8mes de rev\u00eatements qui r\u00e9pondent aux exigences du march\u00e9. Senotherm\u00ae est tout simplement la meilleure solution pour chaque po\u00eale et pour toutes sortes de composants r\u00e9sistants au feu au niveau domestique.<br \/>\nLa qualit\u00e9 du Senotherm\u00ae est \u00e9prouv\u00e9e et largement approuv\u00e9e. Nouvelle gamme Non-Smoker\u00ae disponible.<\/p>\n<\/div>\n<\/div><\/div><\/div><\/div><\/div><\/div><div id=\"pg-17816-1\"  class=\"panel-grid panel-has-style\" ><div class=\"FRANJA-BLAVA-TITOL siteorigin-panels-stretch panel-row-style panel-row-style-for-17816-1\" style=\"padding: 0px 0; \" data-stretch-type=\"full\" data-overlay=\"true\" data-overlay-color=\"#000000\" ><div id=\"pgc-17816-1-0\"  class=\"panel-grid-cell\" ><div id=\"panel-17816-1-0-0\" class=\"so-panel widget_sow-editor panel-first-child panel-last-child\" data-index=\"2\" ><div class=\"blanc panel-widget-style panel-widget-style-for-17816-1-0-0\" style=\"text-align: left;\" data-title-color=\"#47425d\" data-headings-color=\"#443f3f\" data-title_alignment=\"center\" ><div\n\t\t\t\n\t\t\tclass=\"so-widget-sow-editor so-widget-sow-editor-base\"\n\t\t\t\n\t\t>\n<div class=\"siteorigin-widget-tinymce textwidget\">\n\t<h2 style=\"text-align: center;\">Propri\u00e9t\u00e9s du rev\u00eatement Senotherm \u00ae<\/h2>\n<\/div>\n<\/div><\/div><\/div><\/div><\/div><\/div><div id=\"pg-17816-2\"  class=\"panel-grid panel-has-style\" ><div class=\"BGC-GRIS siteorigin-panels-stretch panel-row-style panel-row-style-for-17816-2\" style=\"padding: 50px 0; \" data-stretch-type=\"full\" data-overlay=\"true\" data-overlay-color=\"#000000\" ><div id=\"pgc-17816-2-0\"  class=\"panel-grid-cell\" ><div id=\"panel-17816-2-0-0\" class=\"so-panel widget_sow-editor panel-first-child panel-last-child\" data-index=\"3\" ><div style=\"text-align: left;\" data-title-color=\"#47425d\" data-headings-color=\"#443f3f\" data-title_alignment=\"center\" class=\"panel-widget-style panel-widget-style-for-17816-2-0-0\" ><div\n\t\t\t\n\t\t\tclass=\"so-widget-sow-editor so-widget-sow-editor-base\"\n\t\t\t\n\t\t>\n<div class=\"siteorigin-widget-tinymce textwidget\">\n\t<p style=\"text-align: justify;\">Gr\u00e0ce ses rev\u00eatements Non-Smoker\u00ae, Senotherm\u00ae emp\u00eache le four de fumer. Les gammes de produits UHT et UHT HYDRO offrent une vari\u00e9t\u00e9 de solutions de rev\u00eatement emp\u00eachant l\u2019apparition de fum\u00e9e et d'odeurs lors de la premi\u00e8re utilisation par le client et <b>r\u00e9duisant au minimum la formation de polluants (tels que les COV)<\/b>.<br \/>\nContrairement aux syst\u00e8mes de rev\u00eatement conventionnels, o\u00f9 le s\u00e9chage final a lieu \u00e0 des temp\u00e9ratures sup\u00e9rieures \u00e0 200\u00a0\u00b0C, les rev\u00eatements <b>Senotherm\u00ae Non-Smoker<\/b>\u00ae durcissent compl\u00e8tement \u00e0 temp\u00e9rature ambiante. Le client peut profiter pleinement de son po\u00eale d\u00e8s le d\u00e9but et n\u2019est plus g\u00ean\u00e9 par l\u2019apparition de fum\u00e9e et d'odeurs lors de la premi\u00e8re utilisation.<\/p>\n<p class=\"TEXTOS-DESTACATS\" style=\"text-align: center;\">Avantages des rev\u00eatements Non-Smoker\u00ae:<\/p>\n<ul class=\"LLISTA-SUBRATLLADA\">\n<li>Pas de fum\u00e9e ou d'odeur g\u00eanante pour le client final<\/li>\n<li>Le durcissement final a lieu \u00e0 temp\u00e9rature ambiante (18-23\u00b0C)<\/li>\n<li>Rev\u00eatement durable pour des clients finaux de plus en plus sensibles \u00e0 la sant\u00e9 et \u00e0 l'environnement<\/li>\n<li>Beaucoup plus robuste pour le transport et le montage final<\/li>\n<li>Il n\u2019est plus n\u00e9cessaire d\u2019\u00e9liminer s\u00e9par\u00e9ment la surpulv\u00e9risation de mani\u00e8re couteuse, pouvant d\u00e9sormais \u00eatre \u00e9limin\u00e9e avec les d\u00e9chets commerciaux conventionnels<\/li>\n<\/ul>\n<\/div>\n<\/div><\/div><\/div><\/div><\/div><\/div><div id=\"pg-17816-3\"  class=\"panel-grid panel-has-style\" ><div class=\"siteorigin-panels-stretch panel-row-style panel-row-style-for-17816-3\" style=\"padding: 50px 0; \" data-stretch-type=\"full\" data-overlay=\"true\" data-overlay-color=\"#000000\" ><div id=\"pgc-17816-3-0\"  class=\"panel-grid-cell\" ><div id=\"panel-17816-3-0-0\" class=\"so-panel widget_siteorigin-panels-builder panel-first-child panel-last-child\" data-index=\"4\" ><div style=\"text-align: left;\" data-title-color=\"#47425d\" data-headings-color=\"#443f3f\" data-title_alignment=\"center\" class=\"panel-widget-style panel-widget-style-for-17816-3-0-0\" ><div id=\"pl-w5e18b92446a82\"  class=\"panel-layout\" ><div id=\"pg-w5e18b92446a82-0\"  class=\"panel-grid panel-has-style\" ><div style=\"padding: 0px 0; \" data-overlay=\"true\" data-overlay-color=\"#000000\" class=\"panel-row-style panel-row-style-for-w5e18b92446a82-0\" ><div id=\"pgc-w5e18b92446a82-0-0\"  class=\"panel-grid-cell\" ><div id=\"panel-w5e18b92446a82-0-0-0\" class=\"so-panel widget_sow-editor panel-first-child panel-last-child\" data-index=\"0\" ><div style=\"text-align: left;\" data-title-color=\"#47425d\" data-headings-color=\"#443f3f\" data-title_alignment=\"center\" class=\"panel-widget-style panel-widget-style-for-w5e18b92446a82-0-0-0\" ><div\n\t\t\t\n\t\t\tclass=\"so-widget-sow-editor so-widget-sow-editor-base\"\n\t\t\t\n\t\t>\n<div class=\"siteorigin-widget-tinymce textwidget\">\n\t<h2 class=\"BLAU-FOSC\" style=\"text-align: center;\">R\u00e9f\u00e9rences Senotherm\u00ae<\/h2>\n<\/div>\n<\/div><\/div><\/div><\/div><\/div><\/div><div id=\"pg-w5e18b92446a82-1\"  class=\"panel-grid panel-has-style\" ><div style=\"padding: 0px 0; \" data-overlay=\"true\" data-overlay-color=\"#000000\" class=\"panel-row-style panel-row-style-for-w5e18b92446a82-1\" ><div id=\"pgc-w5e18b92446a82-1-0\"  class=\"panel-grid-cell\" ><div id=\"panel-w5e18b92446a82-1-0-0\" class=\"so-panel widget_sow-editor panel-first-child panel-last-child\" data-index=\"1\" ><div style=\"text-align: left;\" data-title-color=\"#47425d\" data-headings-color=\"#443f3f\" data-title_alignment=\"center\" class=\"panel-widget-style panel-widget-style-for-w5e18b92446a82-1-0-0\" ><div\n\t\t\t\n\t\t\tclass=\"so-widget-sow-editor so-widget-sow-editor-base\"\n\t\t\t\n\t\t>\n<div class=\"siteorigin-widget-tinymce textwidget\">\n\t<p style=\"text-align: center; padding-top: 40px;\"><b>1030 CLASSIC<\/b><br \/>\n<b>1666 CLASSIC<\/b><br \/>\n<b>1664 CLASSIC<\/b><br \/>\n<b>1111 CLASSIC<\/b><br \/>\n<b>1155 UHT<\/b><br \/>\n<b>1157 UHT<\/b><br \/>\n<b>3590 UHT-HYDRO<\/b><br \/>\n<b>2860 UHT-HYDRO<\/b><\/p>\n<\/div>\n<\/div><\/div><\/div><\/div><\/div><\/div><\/div><\/div><\/div><\/div><\/div><\/div><\/div>","protected":false},"excerpt":{"rendered":"<p>Rev\u00eatement Senotherm \u00ae Senotherm\u00ae est la marque de Weilburger sous laquelle sont commercialis\u00e9es des solutions de rev\u00eatements r\u00e9sistant aux hautes temp\u00e9ratures pour [&hellip;]<\/p>\n","protected":false},"author":1,"featured_media":8043,"parent":0,"menu_order":0,"comment_status":"closed","ping_status":"closed","template":"page-templates\/page_fullwidth.php","meta":{"footnotes":""},"class_list":["post-17816","page","type-page","status-publish","has-post-thumbnail","hentry"],"yoast_head":"<!-- This site is optimized with the Yoast SEO plugin v27.4 - https:\/\/yoast.com\/product\/yoast-seo-wordpress\/ -->\n<title>Rev\u00eatement Senotherm - Coatresa<\/title>\n<meta name=\"description\" content=\"Rev\u00eatement Senotherm Weilburger: rev\u00eatements r\u00e9sistants \u00e0 des charges thermiques \u00e9lev\u00e9es. Pour po\u00eales, chemin\u00e9es, fours, plaques de cuisson etc. Non-Smoker.\" \/>\n<meta name=\"robots\" content=\"index, follow, max-snippet:-1, max-image-preview:large, max-video-preview:-1\" \/>\n<link rel=\"canonical\" href=\"https:\/\/www.coatresa.com\/fr\/revetement-weilburger-senotherm\/\" \/>\n<meta property=\"og:locale\" content=\"fr_FR\" \/>\n<meta property=\"og:type\" content=\"article\" \/>\n<meta property=\"og:title\" content=\"Rev\u00eatement Senotherm - Coatresa\" \/>\n<meta property=\"og:description\" content=\"Rev\u00eatement Senotherm Weilburger: rev\u00eatements r\u00e9sistants \u00e0 des charges thermiques \u00e9lev\u00e9es. Pour po\u00eales, chemin\u00e9es, fours, plaques de cuisson etc. Non-Smoker.\" \/>\n<meta property=\"og:url\" content=\"https:\/\/www.coatresa.com\/fr\/revetement-weilburger-senotherm\/\" \/>\n<meta property=\"og:site_name\" content=\"Coatresa\" \/>\n<meta property=\"article:publisher\" content=\"https:\/\/www.facebook.com\/Coatresa\/\" \/>\n<meta property=\"article:modified_time\" content=\"2020-01-10T17:49:24+00:00\" \/>\n<meta property=\"og:image\" content=\"https:\/\/www.coatresa.com\/wp-content\/uploads\/2018\/07\/recubrimientos-weilburger-senotherm.png\" \/>\n\t<meta property=\"og:image:width\" content=\"197\" \/>\n\t<meta property=\"og:image:height\" content=\"197\" \/>\n\t<meta property=\"og:image:type\" content=\"image\/png\" \/>\n<meta name=\"twitter:card\" content=\"summary_large_image\" \/>\n<meta name=\"twitter:site\" content=\"@Coatresa\" \/>\n<meta name=\"twitter:label1\" content=\"Dur\u00e9e de lecture estim\u00e9e\" \/>\n\t<meta name=\"twitter:data1\" content=\"2 minutes\" \/>\n<script type=\"application\/ld+json\" class=\"yoast-schema-graph\">{\"@context\":\"https:\\\/\\\/schema.org\",\"@graph\":[{\"@type\":\"WebPage\",\"@id\":\"https:\\\/\\\/www.coatresa.com\\\/fr\\\/revetement-weilburger-senotherm\\\/\",\"url\":\"https:\\\/\\\/www.coatresa.com\\\/fr\\\/revetement-weilburger-senotherm\\\/\",\"name\":\"Rev\u00eatement Senotherm - Coatresa\",\"isPartOf\":{\"@id\":\"https:\\\/\\\/www.coatresa.com\\\/fr\\\/#website\"},\"primaryImageOfPage\":{\"@id\":\"https:\\\/\\\/www.coatresa.com\\\/fr\\\/revetement-weilburger-senotherm\\\/#primaryimage\"},\"image\":{\"@id\":\"https:\\\/\\\/www.coatresa.com\\\/fr\\\/revetement-weilburger-senotherm\\\/#primaryimage\"},\"thumbnailUrl\":\"https:\\\/\\\/www.coatresa.com\\\/wp-content\\\/uploads\\\/2018\\\/07\\\/recubrimientos-weilburger-senotherm.png\",\"datePublished\":\"2019-09-23T15:36:36+00:00\",\"dateModified\":\"2020-01-10T17:49:24+00:00\",\"description\":\"Rev\u00eatement Senotherm Weilburger: rev\u00eatements r\u00e9sistants \u00e0 des charges thermiques \u00e9lev\u00e9es. Pour po\u00eales, chemin\u00e9es, fours, plaques de cuisson etc. Non-Smoker.\",\"breadcrumb\":{\"@id\":\"https:\\\/\\\/www.coatresa.com\\\/fr\\\/revetement-weilburger-senotherm\\\/#breadcrumb\"},\"inLanguage\":\"fr-FR\",\"potentialAction\":[{\"@type\":\"ReadAction\",\"target\":[\"https:\\\/\\\/www.coatresa.com\\\/fr\\\/revetement-weilburger-senotherm\\\/\"]}]},{\"@type\":\"ImageObject\",\"inLanguage\":\"fr-FR\",\"@id\":\"https:\\\/\\\/www.coatresa.com\\\/fr\\\/revetement-weilburger-senotherm\\\/#primaryimage\",\"url\":\"https:\\\/\\\/www.coatresa.com\\\/wp-content\\\/uploads\\\/2018\\\/07\\\/recubrimientos-weilburger-senotherm.png\",\"contentUrl\":\"https:\\\/\\\/www.coatresa.com\\\/wp-content\\\/uploads\\\/2018\\\/07\\\/recubrimientos-weilburger-senotherm.png\",\"width\":197,\"height\":197,\"caption\":\"recubrimientos Weilburger Senotherm\"},{\"@type\":\"BreadcrumbList\",\"@id\":\"https:\\\/\\\/www.coatresa.com\\\/fr\\\/revetement-weilburger-senotherm\\\/#breadcrumb\",\"itemListElement\":[{\"@type\":\"ListItem\",\"position\":1,\"name\":\"Portada\",\"item\":\"https:\\\/\\\/www.coatresa.com\\\/fr\\\/\"},{\"@type\":\"ListItem\",\"position\":2,\"name\":\"Rev\u00eatement Senotherm\"}]},{\"@type\":\"WebSite\",\"@id\":\"https:\\\/\\\/www.coatresa.com\\\/fr\\\/#website\",\"url\":\"https:\\\/\\\/www.coatresa.com\\\/fr\\\/\",\"name\":\"Coatresa\",\"description\":\"Aplicaci\u00f3n de recubrimientos antiadherentes y anticorrosivos como el Teflon. Expertos del Powder Coating\",\"publisher\":{\"@id\":\"https:\\\/\\\/www.coatresa.com\\\/fr\\\/#organization\"},\"potentialAction\":[{\"@type\":\"SearchAction\",\"target\":{\"@type\":\"EntryPoint\",\"urlTemplate\":\"https:\\\/\\\/www.coatresa.com\\\/fr\\\/?s={search_term_string}\"},\"query-input\":{\"@type\":\"PropertyValueSpecification\",\"valueRequired\":true,\"valueName\":\"search_term_string\"}}],\"inLanguage\":\"fr-FR\"},{\"@type\":\"Organization\",\"@id\":\"https:\\\/\\\/www.coatresa.com\\\/fr\\\/#organization\",\"name\":\"Coatresa\",\"url\":\"https:\\\/\\\/www.coatresa.com\\\/fr\\\/\",\"logo\":{\"@type\":\"ImageObject\",\"inLanguage\":\"fr-FR\",\"@id\":\"https:\\\/\\\/www.coatresa.com\\\/fr\\\/#\\\/schema\\\/logo\\\/image\\\/\",\"url\":\"https:\\\/\\\/www.coatresa.com\\\/wp-content\\\/uploads\\\/2022\\\/07\\\/A_blava_mitja_transp.png\",\"contentUrl\":\"https:\\\/\\\/www.coatresa.com\\\/wp-content\\\/uploads\\\/2022\\\/07\\\/A_blava_mitja_transp.png\",\"width\":340,\"height\":326,\"caption\":\"Coatresa\"},\"image\":{\"@id\":\"https:\\\/\\\/www.coatresa.com\\\/fr\\\/#\\\/schema\\\/logo\\\/image\\\/\"},\"sameAs\":[\"https:\\\/\\\/www.facebook.com\\\/Coatresa\\\/\",\"https:\\\/\\\/x.com\\\/Coatresa\",\"https:\\\/\\\/www.linkedin.com\\\/company\\\/coatresa\\\/\",\"https:\\\/\\\/www.youtube.com\\\/user\\\/CoatresaCoatings\"]}]}<\/script>\n<!-- \/ Yoast SEO plugin. -->","yoast_head_json":{"title":"Rev\u00eatement Senotherm - Coatresa","description":"Rev\u00eatement Senotherm Weilburger: rev\u00eatements r\u00e9sistants \u00e0 des charges thermiques \u00e9lev\u00e9es. Pour po\u00eales, chemin\u00e9es, fours, plaques de cuisson etc. Non-Smoker.","robots":{"index":"index","follow":"follow","max-snippet":"max-snippet:-1","max-image-preview":"max-image-preview:large","max-video-preview":"max-video-preview:-1"},"canonical":"https:\/\/www.coatresa.com\/fr\/revetement-weilburger-senotherm\/","og_locale":"fr_FR","og_type":"article","og_title":"Rev\u00eatement Senotherm - Coatresa","og_description":"Rev\u00eatement Senotherm Weilburger: rev\u00eatements r\u00e9sistants \u00e0 des charges thermiques \u00e9lev\u00e9es. Pour po\u00eales, chemin\u00e9es, fours, plaques de cuisson etc. Non-Smoker.","og_url":"https:\/\/www.coatresa.com\/fr\/revetement-weilburger-senotherm\/","og_site_name":"Coatresa","article_publisher":"https:\/\/www.facebook.com\/Coatresa\/","article_modified_time":"2020-01-10T17:49:24+00:00","og_image":[{"width":197,"height":197,"url":"https:\/\/www.coatresa.com\/wp-content\/uploads\/2018\/07\/recubrimientos-weilburger-senotherm.png","type":"image\/png"}],"twitter_card":"summary_large_image","twitter_site":"@Coatresa","twitter_misc":{"Dur\u00e9e de lecture estim\u00e9e":"2 minutes"},"schema":{"@context":"https:\/\/schema.org","@graph":[{"@type":"WebPage","@id":"https:\/\/www.coatresa.com\/fr\/revetement-weilburger-senotherm\/","url":"https:\/\/www.coatresa.com\/fr\/revetement-weilburger-senotherm\/","name":"Rev\u00eatement Senotherm - Coatresa","isPartOf":{"@id":"https:\/\/www.coatresa.com\/fr\/#website"},"primaryImageOfPage":{"@id":"https:\/\/www.coatresa.com\/fr\/revetement-weilburger-senotherm\/#primaryimage"},"image":{"@id":"https:\/\/www.coatresa.com\/fr\/revetement-weilburger-senotherm\/#primaryimage"},"thumbnailUrl":"https:\/\/www.coatresa.com\/wp-content\/uploads\/2018\/07\/recubrimientos-weilburger-senotherm.png","datePublished":"2019-09-23T15:36:36+00:00","dateModified":"2020-01-10T17:49:24+00:00","description":"Rev\u00eatement Senotherm Weilburger: rev\u00eatements r\u00e9sistants \u00e0 des charges thermiques \u00e9lev\u00e9es. Pour po\u00eales, chemin\u00e9es, fours, plaques de cuisson etc. Non-Smoker.","breadcrumb":{"@id":"https:\/\/www.coatresa.com\/fr\/revetement-weilburger-senotherm\/#breadcrumb"},"inLanguage":"fr-FR","potentialAction":[{"@type":"ReadAction","target":["https:\/\/www.coatresa.com\/fr\/revetement-weilburger-senotherm\/"]}]},{"@type":"ImageObject","inLanguage":"fr-FR","@id":"https:\/\/www.coatresa.com\/fr\/revetement-weilburger-senotherm\/#primaryimage","url":"https:\/\/www.coatresa.com\/wp-content\/uploads\/2018\/07\/recubrimientos-weilburger-senotherm.png","contentUrl":"https:\/\/www.coatresa.com\/wp-content\/uploads\/2018\/07\/recubrimientos-weilburger-senotherm.png","width":197,"height":197,"caption":"recubrimientos Weilburger Senotherm"},{"@type":"BreadcrumbList","@id":"https:\/\/www.coatresa.com\/fr\/revetement-weilburger-senotherm\/#breadcrumb","itemListElement":[{"@type":"ListItem","position":1,"name":"Portada","item":"https:\/\/www.coatresa.com\/fr\/"},{"@type":"ListItem","position":2,"name":"Rev\u00eatement Senotherm"}]},{"@type":"WebSite","@id":"https:\/\/www.coatresa.com\/fr\/#website","url":"https:\/\/www.coatresa.com\/fr\/","name":"Coatresa","description":"Aplicaci\u00f3n de recubrimientos antiadherentes y anticorrosivos como el Teflon. Expertos del Powder Coating","publisher":{"@id":"https:\/\/www.coatresa.com\/fr\/#organization"},"potentialAction":[{"@type":"SearchAction","target":{"@type":"EntryPoint","urlTemplate":"https:\/\/www.coatresa.com\/fr\/?s={search_term_string}"},"query-input":{"@type":"PropertyValueSpecification","valueRequired":true,"valueName":"search_term_string"}}],"inLanguage":"fr-FR"},{"@type":"Organization","@id":"https:\/\/www.coatresa.com\/fr\/#organization","name":"Coatresa","url":"https:\/\/www.coatresa.com\/fr\/","logo":{"@type":"ImageObject","inLanguage":"fr-FR","@id":"https:\/\/www.coatresa.com\/fr\/#\/schema\/logo\/image\/","url":"https:\/\/www.coatresa.com\/wp-content\/uploads\/2022\/07\/A_blava_mitja_transp.png","contentUrl":"https:\/\/www.coatresa.com\/wp-content\/uploads\/2022\/07\/A_blava_mitja_transp.png","width":340,"height":326,"caption":"Coatresa"},"image":{"@id":"https:\/\/www.coatresa.com\/fr\/#\/schema\/logo\/image\/"},"sameAs":["https:\/\/www.facebook.com\/Coatresa\/","https:\/\/x.com\/Coatresa","https:\/\/www.linkedin.com\/company\/coatresa\/","https:\/\/www.youtube.com\/user\/CoatresaCoatings"]}]}},"_links":{"self":[{"href":"https:\/\/www.coatresa.com\/fr\/wp-json\/wp\/v2\/pages\/17816","targetHints":{"allow":["GET"]}}],"collection":[{"href":"https:\/\/www.coatresa.com\/fr\/wp-json\/wp\/v2\/pages"}],"about":[{"href":"https:\/\/www.coatresa.com\/fr\/wp-json\/wp\/v2\/types\/page"}],"author":[{"embeddable":true,"href":"https:\/\/www.coatresa.com\/fr\/wp-json\/wp\/v2\/users\/1"}],"replies":[{"embeddable":true,"href":"https:\/\/www.coatresa.com\/fr\/wp-json\/wp\/v2\/comments?post=17816"}],"version-history":[{"count":0,"href":"https:\/\/www.coatresa.com\/fr\/wp-json\/wp\/v2\/pages\/17816\/revisions"}],"wp:featuredmedia":[{"embeddable":true,"href":"https:\/\/www.coatresa.com\/fr\/wp-json\/wp\/v2\/media\/8043"}],"wp:attachment":[{"href":"https:\/\/www.coatresa.com\/fr\/wp-json\/wp\/v2\/media?parent=17816"}],"curies":[{"name":"wp","href":"https:\/\/api.w.org\/{rel}","templated":true}]}}