{"id":55899,"date":"2021-02-08T11:02:27","date_gmt":"2021-02-08T10:02:27","guid":{"rendered":"https:\/\/www.coatresa.com\/interpon-redox\/"},"modified":"2021-02-08T12:54:51","modified_gmt":"2021-02-08T11:54:51","slug":"interpon-redox","status":"publish","type":"page","link":"https:\/\/www.coatresa.com\/fr\/interpon-redox\/","title":{"rendered":"Interpon Redox\u00ae"},"content":{"rendered":"<div id=\"pl-55899\"  class=\"panel-layout\" ><div id=\"pg-55899-0\"  class=\"panel-grid panel-has-style\" ><div style=\"padding: 0px 0; \" data-overlay=\"true\" data-overlay-color=\"#000000\" class=\"panel-row-style panel-row-style-for-55899-0\" ><div id=\"pgc-55899-0-0\"  class=\"panel-grid-cell\" ><div id=\"panel-55899-0-0-0\" class=\"so-panel widget_sow-image panel-first-child panel-last-child\" data-index=\"0\" ><div style=\"text-align: left;\" data-title-color=\"#47425d\" data-headings-color=\"#443f3f\" data-title_alignment=\"center\" class=\"panel-widget-style panel-widget-style-for-55899-0-0-0\" ><div\n\t\t\t\n\t\t\tclass=\"so-widget-sow-image so-widget-sow-image-default-c67d20f9f743-55899\"\n\t\t\t\n\t\t>\n<div class=\"sow-image-container\">\n\t\t<img \n\tsrc=\"https:\/\/www.coatresa.com\/wp-content\/uploads\/2021\/02\/Interpon.jpg\" width=\"2000\" height=\"706\" srcset=\"https:\/\/www.coatresa.com\/wp-content\/uploads\/2021\/02\/Interpon.jpg 2000w, https:\/\/www.coatresa.com\/wp-content\/uploads\/2021\/02\/Interpon-300x106.jpg 300w, https:\/\/www.coatresa.com\/wp-content\/uploads\/2021\/02\/Interpon-1024x361.jpg 1024w, https:\/\/www.coatresa.com\/wp-content\/uploads\/2021\/02\/Interpon-768x271.jpg 768w, https:\/\/www.coatresa.com\/wp-content\/uploads\/2021\/02\/Interpon-1536x542.jpg 1536w, https:\/\/www.coatresa.com\/wp-content\/uploads\/2021\/02\/Interpon-830x293.jpg 830w, https:\/\/www.coatresa.com\/wp-content\/uploads\/2021\/02\/Interpon-230x81.jpg 230w, https:\/\/www.coatresa.com\/wp-content\/uploads\/2021\/02\/Interpon-350x124.jpg 350w, https:\/\/www.coatresa.com\/wp-content\/uploads\/2021\/02\/Interpon-480x169.jpg 480w\" sizes=\"(max-width: 2000px) 100vw, 2000px\" title=\"Interpon Redox\" alt=\"interpon-redox\" \t\tclass=\"so-widget-image\"\/>\n\t<\/div>\n\n<\/div><\/div><\/div><\/div><div id=\"pgc-55899-0-1\"  class=\"panel-grid-cell\" ><div id=\"panel-55899-0-1-0\" class=\"so-panel widget_sow-editor panel-first-child panel-last-child\" data-index=\"1\" ><div style=\"text-align: left;\" data-title-color=\"#47425d\" data-headings-color=\"#000000\" data-title_alignment=\"center\" class=\"panel-widget-style panel-widget-style-for-55899-0-1-0\" ><div\n\t\t\t\n\t\t\tclass=\"so-widget-sow-editor so-widget-sow-editor-base\"\n\t\t\t\n\t\t>\n<div class=\"siteorigin-widget-tinymce textwidget\">\n\t<h1 style=\"text-align: left;\">Interpon Redox \u00ae<\/h1>\n<hr align=\"left\" \/>\n<p style=\"text-align: justify;\">Les rev\u00eatements <strong>Interpon Redox\u00ae<\/strong> sont des syst\u00e8mes en poudre multicouche dot\u00e9s d\u2019excellentes <strong>propri\u00e9t\u00e9s protectrices contre la corrosion<\/strong>. De plus, l\u2019empreinte environnementale de ces rev\u00eatements est extr\u00eamement faible compar\u00e9e \u00e0 celle des peintures liquides.<\/p>\n<p style=\"text-align: justify;\">Leurs avantages sont fort nombreux\u00a0: <strong>faible risque d\u2019incendie<\/strong>, <strong>grande facilit\u00e9 d\u2019\u00e9limination des d\u00e9chets<\/strong> ou <strong>am\u00e9lioration de la productivit\u00e9<\/strong>. Les Interpon Redox\u00ae sont respectueux de l\u2019environnement car ils ne contiennent pas de compos\u00e9s organiques volatils (COV) et, en outre, permettent de r\u00e9duire les co\u00fbts tout en \u00e9tant extr\u00eamement durables.<\/p>\n<p style=\"text-align: justify;\">Coatresa emploie deux types de rev\u00eatement poudre de ce genre\u00a0: <strong>Interpon Redox PZ\u00ae<\/strong> et <strong>Interpon Redox Triplex\u00ae.<\/strong><\/p>\n<div id=\"gtx-trans\" style=\"position: absolute; left: -59px; top: 82.875px;\">\n<div class=\"gtx-trans-icon\"><\/div>\n<\/div>\n<\/div>\n<\/div><\/div><\/div><\/div><\/div><\/div><div id=\"pg-55899-1\"  class=\"panel-grid panel-has-style\" ><div class=\"FRANJA-BLAVA-TITOL siteorigin-panels-stretch panel-row-style panel-row-style-for-55899-1\" style=\"padding: 0px 0; \" data-stretch-type=\"full\" data-overlay=\"true\" data-overlay-color=\"#000000\" ><div id=\"pgc-55899-1-0\"  class=\"panel-grid-cell\" ><div id=\"panel-55899-1-0-0\" class=\"so-panel widget_sow-editor panel-first-child panel-last-child\" data-index=\"2\" ><div class=\"blanc panel-widget-style panel-widget-style-for-55899-1-0-0\" style=\"text-align: left;\" data-title-color=\"#47425d\" data-headings-color=\"#443f3f\" data-title_alignment=\"center\" ><div\n\t\t\t\n\t\t\tclass=\"so-widget-sow-editor so-widget-sow-editor-base\"\n\t\t\t\n\t\t>\n<div class=\"siteorigin-widget-tinymce textwidget\">\n\t<h2 style=\"text-align: center;\">Interpon Redox PZ\u00ae<\/h2>\n<\/div>\n<\/div><\/div><\/div><\/div><\/div><\/div><div id=\"pg-55899-2\"  class=\"panel-grid panel-has-style\" ><div class=\"BGC-GRIS siteorigin-panels-stretch panel-row-style panel-row-style-for-55899-2\" style=\"padding: 50px 0; \" data-stretch-type=\"full\" data-overlay=\"true\" data-overlay-color=\"#000000\" ><div id=\"pgc-55899-2-0\"  class=\"panel-grid-cell\" ><div id=\"panel-55899-2-0-0\" class=\"so-panel widget_sow-editor panel-first-child panel-last-child\" data-index=\"3\" ><div style=\"text-align: left;\" data-title-color=\"#47425d\" data-headings-color=\"#443f3f\" data-title_alignment=\"center\" class=\"panel-widget-style panel-widget-style-for-55899-2-0-0\" ><div\n\t\t\t\n\t\t\tclass=\"so-widget-sow-editor so-widget-sow-editor-base\"\n\t\t\t\n\t\t>\n<div class=\"siteorigin-widget-tinymce textwidget\">\n\t<p style=\"text-align: center;\"><strong>Interpon Redox PZ\u00ae<\/strong> est un appr\u00eat \u00e0 effet barri\u00e8re principalement employ\u00e9 sur l\u2019<strong>acier galvanis\u00e9<\/strong> et dans les <strong>environnements hostiles<\/strong>. Selon l\u2019approbation Qualisteelcoat, il s\u2019agit d\u2019un syst\u00e8me bicouche qui <strong>r\u00e9siste aux atmosph\u00e8res jusqu\u2019\u00e0 C5-L<\/strong>. Ses principaux avantages sont la protection cathodique longue dur\u00e9e et une pr\u00e9vention \u00e9lev\u00e9e contre la corrosion. Les finitions qu\u2019il offre sont en outre plus esth\u00e9tiques que celles d\u2019autres syst\u00e8mes au zinc m\u00e9talliques.<\/p>\n<\/div>\n<\/div><\/div><\/div><\/div><\/div><\/div><div id=\"pg-55899-3\"  class=\"panel-grid panel-has-style\" ><div class=\"FRANJA-BLAVA-TITOL siteorigin-panels-stretch panel-row-style panel-row-style-for-55899-3\" style=\"padding: 0px 0; \" data-stretch-type=\"full\" data-overlay=\"true\" data-overlay-color=\"#000000\" ><div id=\"pgc-55899-3-0\"  class=\"panel-grid-cell\" ><div id=\"panel-55899-3-0-0\" class=\"so-panel widget_sow-editor panel-first-child panel-last-child\" data-index=\"4\" ><div class=\"blanc panel-widget-style panel-widget-style-for-55899-3-0-0\" style=\"text-align: left;\" data-title-color=\"#47425d\" data-headings-color=\"#443f3f\" data-title_alignment=\"center\" ><div\n\t\t\t\n\t\t\tclass=\"so-widget-sow-editor so-widget-sow-editor-base\"\n\t\t\t\n\t\t>\n<div class=\"siteorigin-widget-tinymce textwidget\">\n\t<h2 style=\"text-align: center;\">Interpon Redox Triplex\u00ae<\/h2>\n<\/div>\n<\/div><\/div><\/div><\/div><\/div><\/div><div id=\"pg-55899-4\"  class=\"panel-grid panel-has-style\" ><div class=\"BGC-GRIS siteorigin-panels-stretch panel-row-style panel-row-style-for-55899-4\" style=\"padding: 50px 0; \" data-stretch-type=\"full\" data-overlay=\"true\" data-overlay-color=\"#000000\" ><div id=\"pgc-55899-4-0\"  class=\"panel-grid-cell\" ><div id=\"panel-55899-4-0-0\" class=\"so-panel widget_sow-editor panel-first-child panel-last-child\" data-index=\"5\" ><div style=\"text-align: left;\" data-title-color=\"#47425d\" data-headings-color=\"#443f3f\" data-title_alignment=\"center\" class=\"panel-widget-style panel-widget-style-for-55899-4-0-0\" ><div\n\t\t\t\n\t\t\tclass=\"so-widget-sow-editor so-widget-sow-editor-base\"\n\t\t\t\n\t\t>\n<div class=\"siteorigin-widget-tinymce textwidget\">\n\t<p style=\"text-align: center;\"><strong>Interpon Redox Triplex\u00ae<\/strong> est un syst\u00e8me trois couches qui a pour avantage d\u2019assurer aussi bien une <strong>protection cathodique<\/strong> qu\u2019une <strong>barri\u00e8re renforc\u00e9e<\/strong>. Il allie le rev\u00eatement Interpon Redox\u00a0PZ et l\u2019Interpon Redox Plus pour terminer par la couche de finition la plus indiqu\u00e9e pour votre entreprise. Il fonctionne tr\u00e8s bien dans les <strong>atmosph\u00e8res o\u00f9 l\u2019humidit\u00e9 et la salinit\u00e9 sont \u00e9lev\u00e9es<\/strong>, et il est exempt de compos\u00e9s organiques volatiles et de solvants.<\/p>\n<p style=\"text-align: center;\">Selon les plages de durabilit\u00e9 \u00e9tablies par le norme ISO\u00a012944, Interpon Redox Triplex pr\u00e9sente une <strong>durabilit\u00e9 \u00e9lev\u00e9e\u00a0: de 15 \u00e0 25\u00a0ans, jusqu\u2019\u00e0 C5-H<\/strong>.<\/p>\n<\/div>\n<\/div><\/div><\/div><\/div><\/div><\/div><div id=\"pg-55899-5\"  class=\"panel-grid panel-has-style\" ><div class=\"siteorigin-panels-stretch panel-row-style panel-row-style-for-55899-5\" style=\"padding: 50px 0; \" data-stretch-type=\"full\" data-overlay=\"true\" data-overlay-color=\"#000000\" ><div id=\"pgc-55899-5-0\"  class=\"panel-grid-cell\" ><div id=\"panel-55899-5-0-0\" class=\"so-panel widget_sow-editor panel-first-child\" data-index=\"6\" ><div style=\"text-align: left;\" data-title-color=\"#47425d\" data-headings-color=\"#443f3f\" data-title_alignment=\"center\" class=\"panel-widget-style panel-widget-style-for-55899-5-0-0\" ><div\n\t\t\t\n\t\t\tclass=\"so-widget-sow-editor so-widget-sow-editor-base\"\n\t\t\t\n\t\t>\n<div class=\"siteorigin-widget-tinymce textwidget\">\n\t<h3 class=\"BLAU-FOSC\" style=\"text-align: center;\">R\u00e9f\u00e9rences Interpon Redox\u00ae<\/h3>\n<\/div>\n<\/div><\/div><\/div><div id=\"panel-55899-5-0-1\" class=\"so-panel widget_siteorigin-panels-builder panel-last-child\" data-index=\"7\" ><div style=\"text-align: left;\" data-title-color=\"#47425d\" data-headings-color=\"#443f3f\" data-title_alignment=\"center\" class=\"panel-widget-style panel-widget-style-for-55899-5-0-1\" ><div id=\"pl-w60210c336e8ae\"  class=\"panel-layout\" ><div id=\"pg-w60210c336e8ae-0\"  class=\"panel-grid panel-has-style\" ><div style=\"padding: 40px 0; \" data-overlay=\"true\" data-overlay-color=\"#000000\" class=\"panel-row-style panel-row-style-for-w60210c336e8ae-0\" ><div id=\"pgc-w60210c336e8ae-0-0\"  class=\"panel-grid-cell\" ><div id=\"panel-w60210c336e8ae-0-0-0\" class=\"so-panel widget_sow-editor panel-first-child panel-last-child\" data-index=\"0\" ><div style=\"text-align: left;\" data-title-color=\"#47425d\" data-headings-color=\"#443f3f\" data-title_alignment=\"center\" class=\"panel-widget-style panel-widget-style-for-w60210c336e8ae-0-0-0\" ><div\n\t\t\t\n\t\t\tclass=\"so-widget-sow-editor so-widget-sow-editor-base\"\n\t\t\t\n\t\t>\n<div class=\"siteorigin-widget-tinymce textwidget\">\n\t<p style=\"text-align: center;\"><b>Interpon Redox PZ ALZ90F<\/b><br \/>\n<b>Interpon Redox Triplex<\/b><br \/>\n<b>Interpon 700<\/b><br \/>\n<b>Interpon 610<\/b><br \/>\n<b>Interpon D1036<\/b><br \/>\n<b>Interpon D2525<\/b><br \/>\n<b>Interpon EC<\/b><br \/>\n<b>AL251F<\/b><\/p>\n<\/div>\n<\/div><\/div><\/div><\/div><div id=\"pgc-w60210c336e8ae-0-1\"  class=\"panel-grid-cell\" ><div id=\"panel-w60210c336e8ae-0-1-0\" class=\"so-panel widget_sow-editor panel-first-child panel-last-child\" data-index=\"1\" ><div style=\"text-align: left;\" data-title-color=\"#47425d\" data-headings-color=\"#443f3f\" data-title_alignment=\"center\" class=\"panel-widget-style panel-widget-style-for-w60210c336e8ae-0-1-0\" ><div\n\t\t\t\n\t\t\tclass=\"so-widget-sow-editor so-widget-sow-editor-base\"\n\t\t\t\n\t\t>\n<div class=\"siteorigin-widget-tinymce textwidget\">\n\t<p style=\"text-align: center;\"><b>Interzinc 22<\/b><br \/>\n<b>Interzinc 52<\/b><br \/>\n<b>Interzinc 72<\/b><br \/>\n<b>Interzinc 315<\/b><br \/>\n<b>Interzinc 2280<\/b><br \/>\n<b>Interthane 870<\/b><br \/>\n<b>Interthane 990<\/b><br \/>\n<b>Interthane 1070<\/b><\/p>\n<\/div>\n<\/div><\/div><\/div><\/div><\/div><\/div><\/div><\/div><\/div><\/div><\/div><\/div><\/div>","protected":false},"excerpt":{"rendered":"<p>Interpon Redox \u00ae Les rev\u00eatements Interpon Redox\u00ae sont des syst\u00e8mes en poudre multicouche dot\u00e9s d\u2019excellentes propri\u00e9t\u00e9s protectrices contre la corrosion. De plus, [&hellip;]<\/p>\n","protected":false},"author":7,"featured_media":0,"parent":0,"menu_order":0,"comment_status":"closed","ping_status":"closed","template":"page-templates\/page_fullwidth.php","meta":{"footnotes":""},"class_list":["post-55899","page","type-page","status-publish","hentry"],"yoast_head":"<!-- This site is optimized with the Yoast SEO plugin v27.3 - https:\/\/yoast.com\/product\/yoast-seo-wordpress\/ -->\n<title>Interpon Redox\u00ae - Coatresa<\/title>\n<meta name=\"description\" content=\"Les rev\u00eatements Interpon Redox sont des syst\u00e8mes en poudre multicouche dot\u00e9s d\u2019excellentes propri\u00e9t\u00e9s protectrices contre la corrosion.\" \/>\n<meta name=\"robots\" content=\"index, follow, max-snippet:-1, max-image-preview:large, max-video-preview:-1\" \/>\n<link rel=\"canonical\" href=\"https:\/\/www.coatresa.com\/fr\/interpon-redox\/\" \/>\n<meta property=\"og:locale\" content=\"fr_FR\" \/>\n<meta property=\"og:type\" content=\"article\" \/>\n<meta property=\"og:title\" content=\"Interpon Redox\u00ae - Coatresa\" \/>\n<meta property=\"og:description\" content=\"Les rev\u00eatements Interpon Redox sont des syst\u00e8mes en poudre multicouche dot\u00e9s d\u2019excellentes propri\u00e9t\u00e9s protectrices contre la corrosion.\" \/>\n<meta property=\"og:url\" content=\"https:\/\/www.coatresa.com\/fr\/interpon-redox\/\" \/>\n<meta property=\"og:site_name\" content=\"Coatresa\" \/>\n<meta property=\"article:publisher\" content=\"https:\/\/www.facebook.com\/Coatresa\/\" \/>\n<meta property=\"article:modified_time\" content=\"2021-02-08T11:54:51+00:00\" \/>\n<meta name=\"twitter:card\" content=\"summary_large_image\" \/>\n<meta name=\"twitter:site\" content=\"@Coatresa\" \/>\n<meta name=\"twitter:label1\" content=\"Dur\u00e9e de lecture estim\u00e9e\" \/>\n\t<meta name=\"twitter:data1\" content=\"2 minutes\" \/>\n<script type=\"application\/ld+json\" class=\"yoast-schema-graph\">{\"@context\":\"https:\\\/\\\/schema.org\",\"@graph\":[{\"@type\":\"WebPage\",\"@id\":\"https:\\\/\\\/www.coatresa.com\\\/fr\\\/interpon-redox\\\/\",\"url\":\"https:\\\/\\\/www.coatresa.com\\\/fr\\\/interpon-redox\\\/\",\"name\":\"Interpon Redox\u00ae - Coatresa\",\"isPartOf\":{\"@id\":\"https:\\\/\\\/www.coatresa.com\\\/fr\\\/#website\"},\"datePublished\":\"2021-02-08T10:02:27+00:00\",\"dateModified\":\"2021-02-08T11:54:51+00:00\",\"description\":\"Les rev\u00eatements Interpon Redox sont des syst\u00e8mes en poudre multicouche dot\u00e9s d\u2019excellentes propri\u00e9t\u00e9s protectrices contre la corrosion.\",\"breadcrumb\":{\"@id\":\"https:\\\/\\\/www.coatresa.com\\\/fr\\\/interpon-redox\\\/#breadcrumb\"},\"inLanguage\":\"fr-FR\",\"potentialAction\":[{\"@type\":\"ReadAction\",\"target\":[\"https:\\\/\\\/www.coatresa.com\\\/fr\\\/interpon-redox\\\/\"]}]},{\"@type\":\"BreadcrumbList\",\"@id\":\"https:\\\/\\\/www.coatresa.com\\\/fr\\\/interpon-redox\\\/#breadcrumb\",\"itemListElement\":[{\"@type\":\"ListItem\",\"position\":1,\"name\":\"Portada\",\"item\":\"https:\\\/\\\/www.coatresa.com\\\/fr\\\/\"},{\"@type\":\"ListItem\",\"position\":2,\"name\":\"Interpon Redox\u00ae\"}]},{\"@type\":\"WebSite\",\"@id\":\"https:\\\/\\\/www.coatresa.com\\\/fr\\\/#website\",\"url\":\"https:\\\/\\\/www.coatresa.com\\\/fr\\\/\",\"name\":\"Coatresa\",\"description\":\"Aplicaci\u00f3n de recubrimientos antiadherentes y anticorrosivos como el Teflon. Expertos del Powder Coating\",\"publisher\":{\"@id\":\"https:\\\/\\\/www.coatresa.com\\\/fr\\\/#organization\"},\"potentialAction\":[{\"@type\":\"SearchAction\",\"target\":{\"@type\":\"EntryPoint\",\"urlTemplate\":\"https:\\\/\\\/www.coatresa.com\\\/fr\\\/?s={search_term_string}\"},\"query-input\":{\"@type\":\"PropertyValueSpecification\",\"valueRequired\":true,\"valueName\":\"search_term_string\"}}],\"inLanguage\":\"fr-FR\"},{\"@type\":\"Organization\",\"@id\":\"https:\\\/\\\/www.coatresa.com\\\/fr\\\/#organization\",\"name\":\"Coatresa\",\"url\":\"https:\\\/\\\/www.coatresa.com\\\/fr\\\/\",\"logo\":{\"@type\":\"ImageObject\",\"inLanguage\":\"fr-FR\",\"@id\":\"https:\\\/\\\/www.coatresa.com\\\/fr\\\/#\\\/schema\\\/logo\\\/image\\\/\",\"url\":\"https:\\\/\\\/www.coatresa.com\\\/wp-content\\\/uploads\\\/2022\\\/07\\\/A_blava_mitja_transp.png\",\"contentUrl\":\"https:\\\/\\\/www.coatresa.com\\\/wp-content\\\/uploads\\\/2022\\\/07\\\/A_blava_mitja_transp.png\",\"width\":340,\"height\":326,\"caption\":\"Coatresa\"},\"image\":{\"@id\":\"https:\\\/\\\/www.coatresa.com\\\/fr\\\/#\\\/schema\\\/logo\\\/image\\\/\"},\"sameAs\":[\"https:\\\/\\\/www.facebook.com\\\/Coatresa\\\/\",\"https:\\\/\\\/x.com\\\/Coatresa\",\"https:\\\/\\\/www.linkedin.com\\\/company\\\/coatresa\\\/\",\"https:\\\/\\\/www.youtube.com\\\/user\\\/CoatresaCoatings\"]}]}<\/script>\n<!-- \/ Yoast SEO plugin. -->","yoast_head_json":{"title":"Interpon Redox\u00ae - Coatresa","description":"Les rev\u00eatements Interpon Redox sont des syst\u00e8mes en poudre multicouche dot\u00e9s d\u2019excellentes propri\u00e9t\u00e9s protectrices contre la corrosion.","robots":{"index":"index","follow":"follow","max-snippet":"max-snippet:-1","max-image-preview":"max-image-preview:large","max-video-preview":"max-video-preview:-1"},"canonical":"https:\/\/www.coatresa.com\/fr\/interpon-redox\/","og_locale":"fr_FR","og_type":"article","og_title":"Interpon Redox\u00ae - Coatresa","og_description":"Les rev\u00eatements Interpon Redox sont des syst\u00e8mes en poudre multicouche dot\u00e9s d\u2019excellentes propri\u00e9t\u00e9s protectrices contre la corrosion.","og_url":"https:\/\/www.coatresa.com\/fr\/interpon-redox\/","og_site_name":"Coatresa","article_publisher":"https:\/\/www.facebook.com\/Coatresa\/","article_modified_time":"2021-02-08T11:54:51+00:00","twitter_card":"summary_large_image","twitter_site":"@Coatresa","twitter_misc":{"Dur\u00e9e de lecture estim\u00e9e":"2 minutes"},"schema":{"@context":"https:\/\/schema.org","@graph":[{"@type":"WebPage","@id":"https:\/\/www.coatresa.com\/fr\/interpon-redox\/","url":"https:\/\/www.coatresa.com\/fr\/interpon-redox\/","name":"Interpon Redox\u00ae - Coatresa","isPartOf":{"@id":"https:\/\/www.coatresa.com\/fr\/#website"},"datePublished":"2021-02-08T10:02:27+00:00","dateModified":"2021-02-08T11:54:51+00:00","description":"Les rev\u00eatements Interpon Redox sont des syst\u00e8mes en poudre multicouche dot\u00e9s d\u2019excellentes propri\u00e9t\u00e9s protectrices contre la corrosion.","breadcrumb":{"@id":"https:\/\/www.coatresa.com\/fr\/interpon-redox\/#breadcrumb"},"inLanguage":"fr-FR","potentialAction":[{"@type":"ReadAction","target":["https:\/\/www.coatresa.com\/fr\/interpon-redox\/"]}]},{"@type":"BreadcrumbList","@id":"https:\/\/www.coatresa.com\/fr\/interpon-redox\/#breadcrumb","itemListElement":[{"@type":"ListItem","position":1,"name":"Portada","item":"https:\/\/www.coatresa.com\/fr\/"},{"@type":"ListItem","position":2,"name":"Interpon Redox\u00ae"}]},{"@type":"WebSite","@id":"https:\/\/www.coatresa.com\/fr\/#website","url":"https:\/\/www.coatresa.com\/fr\/","name":"Coatresa","description":"Aplicaci\u00f3n de recubrimientos antiadherentes y anticorrosivos como el Teflon. Expertos del Powder Coating","publisher":{"@id":"https:\/\/www.coatresa.com\/fr\/#organization"},"potentialAction":[{"@type":"SearchAction","target":{"@type":"EntryPoint","urlTemplate":"https:\/\/www.coatresa.com\/fr\/?s={search_term_string}"},"query-input":{"@type":"PropertyValueSpecification","valueRequired":true,"valueName":"search_term_string"}}],"inLanguage":"fr-FR"},{"@type":"Organization","@id":"https:\/\/www.coatresa.com\/fr\/#organization","name":"Coatresa","url":"https:\/\/www.coatresa.com\/fr\/","logo":{"@type":"ImageObject","inLanguage":"fr-FR","@id":"https:\/\/www.coatresa.com\/fr\/#\/schema\/logo\/image\/","url":"https:\/\/www.coatresa.com\/wp-content\/uploads\/2022\/07\/A_blava_mitja_transp.png","contentUrl":"https:\/\/www.coatresa.com\/wp-content\/uploads\/2022\/07\/A_blava_mitja_transp.png","width":340,"height":326,"caption":"Coatresa"},"image":{"@id":"https:\/\/www.coatresa.com\/fr\/#\/schema\/logo\/image\/"},"sameAs":["https:\/\/www.facebook.com\/Coatresa\/","https:\/\/x.com\/Coatresa","https:\/\/www.linkedin.com\/company\/coatresa\/","https:\/\/www.youtube.com\/user\/CoatresaCoatings"]}]}},"_links":{"self":[{"href":"https:\/\/www.coatresa.com\/fr\/wp-json\/wp\/v2\/pages\/55899","targetHints":{"allow":["GET"]}}],"collection":[{"href":"https:\/\/www.coatresa.com\/fr\/wp-json\/wp\/v2\/pages"}],"about":[{"href":"https:\/\/www.coatresa.com\/fr\/wp-json\/wp\/v2\/types\/page"}],"author":[{"embeddable":true,"href":"https:\/\/www.coatresa.com\/fr\/wp-json\/wp\/v2\/users\/7"}],"replies":[{"embeddable":true,"href":"https:\/\/www.coatresa.com\/fr\/wp-json\/wp\/v2\/comments?post=55899"}],"version-history":[{"count":0,"href":"https:\/\/www.coatresa.com\/fr\/wp-json\/wp\/v2\/pages\/55899\/revisions"}],"wp:attachment":[{"href":"https:\/\/www.coatresa.com\/fr\/wp-json\/wp\/v2\/media?parent=55899"}],"curies":[{"name":"wp","href":"https:\/\/api.w.org\/{rel}","templated":true}]}}