{"id":62947,"date":"2022-06-21T09:19:03","date_gmt":"2022-06-21T07:19:03","guid":{"rendered":"https:\/\/www.coatresa.com\/coatings-sherwin-williams\/"},"modified":"2025-05-12T05:46:54","modified_gmt":"2025-05-12T03:46:54","slug":"revetements-sherwin-williams","status":"publish","type":"page","link":"https:\/\/www.coatresa.com\/fr\/revetements-sherwin-williams\/","title":{"rendered":""},"content":{"rendered":"<div id=\"pl-62947\"  class=\"panel-layout\" ><div id=\"pg-62947-0\"  class=\"panel-grid panel-has-style\" ><div style=\"padding: 10px 0; \" data-overlay=\"true\" data-overlay-color=\"#000000\" class=\"panel-row-style panel-row-style-for-62947-0\" ><div id=\"pgc-62947-0-0\"  class=\"panel-grid-cell\" ><div id=\"panel-62947-0-0-0\" class=\"so-panel widget_sow-image panel-first-child panel-last-child\" data-index=\"0\" ><div style=\"text-align: left;\" data-title-color=\"#47425d\" data-headings-color=\"#443f3f\" data-title_alignment=\"center\" class=\"panel-widget-style panel-widget-style-for-62947-0-0-0\" ><div\n\t\t\t\n\t\t\tclass=\"so-widget-sow-image so-widget-sow-image-default-c67d20f9f743-62947\"\n\t\t\t\n\t\t>\n<div class=\"sow-image-container\">\n\t\t<img \n\tsrc=\"https:\/\/www.coatresa.com\/wp-content\/uploads\/2022\/06\/Sherwin-Williams-logo-300x169.png\" width=\"300\" height=\"169\" srcset=\"https:\/\/www.coatresa.com\/wp-content\/uploads\/2022\/06\/Sherwin-Williams-logo-300x169.png 300w, https:\/\/www.coatresa.com\/wp-content\/uploads\/2022\/06\/Sherwin-Williams-logo-1024x576.png 1024w, https:\/\/www.coatresa.com\/wp-content\/uploads\/2022\/06\/Sherwin-Williams-logo-768x432.png 768w, https:\/\/www.coatresa.com\/wp-content\/uploads\/2022\/06\/Sherwin-Williams-logo-1536x864.png 1536w, https:\/\/www.coatresa.com\/wp-content\/uploads\/2022\/06\/Sherwin-Williams-logo-2048x1152.png 2048w, https:\/\/www.coatresa.com\/wp-content\/uploads\/2022\/06\/Sherwin-Williams-logo-1000x563.png 1000w, https:\/\/www.coatresa.com\/wp-content\/uploads\/2022\/06\/Sherwin-Williams-logo-230x129.png 230w, https:\/\/www.coatresa.com\/wp-content\/uploads\/2022\/06\/Sherwin-Williams-logo-350x197.png 350w, https:\/\/www.coatresa.com\/wp-content\/uploads\/2022\/06\/Sherwin-Williams-logo-480x270.png 480w\" sizes=\"(max-width: 300px) 100vw, 300px\" title=\"Coatresa_Sherwin_Williams\" alt=\"\" \t\tclass=\"so-widget-image\"\/>\n\t<\/div>\n\n<\/div><\/div><\/div><\/div><div id=\"pgc-62947-0-1\"  class=\"panel-grid-cell\" ><div id=\"panel-62947-0-1-0\" class=\"so-panel widget_sow-editor panel-first-child panel-last-child\" data-index=\"1\" ><div style=\"text-align: left;\" data-title-color=\"#47425d\" data-headings-color=\"#000000\" data-title_alignment=\"center\" class=\"panel-widget-style panel-widget-style-for-62947-0-1-0\" ><div\n\t\t\t\n\t\t\tclass=\"so-widget-sow-editor so-widget-sow-editor-base\"\n\t\t\t\n\t\t>\n<div class=\"siteorigin-widget-tinymce textwidget\">\n\t<h1 style=\"text-align: center;\">Rev\u00eatements Sherwin-Williams<\/h1>\n<hr \/>\n<p><strong>Sherwin-Williams<\/strong> est une entreprise avec plus de 150 ans d'exp\u00e9rience dans la production et la distribution de rev\u00eatements et peintures de haute qualit\u00e9. Pr\u00e9sente dans plus de 120 pays, elle est devenue l'un des principaux producteurs mondiaux de produits de rev\u00eatement tels que peintures, huiles, laques, charges et colorants.<\/p>\n<p>Ils fournissent des <strong>rev\u00eatements haute performance<\/strong> pour tous les substrats: bois, m\u00e9taux, plastiques et composites. En m\u00eame temps, ils travaillent sur l'innovation constante gr\u00e2ce \u00e0 des technologies de pointe dans chacun de leurs produits.<\/p>\n<\/div>\n<\/div><\/div><\/div><\/div><\/div><\/div><div id=\"pg-62947-1\"  class=\"panel-grid panel-has-style\" ><div class=\"FRANJA-BLAVA-TITOL siteorigin-panels-stretch panel-row-style panel-row-style-for-62947-1\" style=\"padding: 10px 0; \" data-stretch-type=\"full\" data-overlay=\"true\" data-overlay-color=\"#000000\" ><div id=\"pgc-62947-1-0\"  class=\"panel-grid-cell\" ><div id=\"panel-62947-1-0-0\" class=\"so-panel widget_sow-editor panel-first-child panel-last-child\" data-index=\"2\" ><div class=\"FRANJA-BLAVA-TITOL panel-widget-style panel-widget-style-for-62947-1-0-0\" style=\"text-align: left;\" data-title-color=\"#47425d\" data-headings-color=\"#443f3f\" data-title_alignment=\"center\" ><div\n\t\t\t\n\t\t\tclass=\"so-widget-sow-editor so-widget-sow-editor-base\"\n\t\t\t\n\t\t>\n<div class=\"siteorigin-widget-tinymce textwidget\">\n\t<h2 style=\"text-align: center;\">Rev\u00eatements Sherwin-Williams pour le secteur de la d\u00e9fense<\/h2>\n<\/div>\n<\/div><\/div><\/div><\/div><\/div><\/div><div id=\"pg-62947-2\"  class=\"panel-grid panel-has-style\" ><div style=\"padding: 10px 0; \" data-overlay=\"true\" data-overlay-color=\"#000000\" class=\"panel-row-style panel-row-style-for-62947-2\" ><div id=\"pgc-62947-2-0\"  class=\"panel-grid-cell\" ><div id=\"panel-62947-2-0-0\" class=\"so-panel widget_sow-editor panel-first-child panel-last-child\" data-index=\"3\" ><div style=\"text-align: left;\" data-title-color=\"#47425d\" data-headings-color=\"#443f3f\" data-title_alignment=\"center\" class=\"panel-widget-style panel-widget-style-for-62947-2-0-0\" ><div\n\t\t\t\n\t\t\tclass=\"so-widget-sow-editor so-widget-sow-editor-base\"\n\t\t\t\n\t\t>\n<div class=\"siteorigin-widget-tinymce textwidget\">\n\t<p class=\"\" data-start=\"63\" data-end=\"286\">Sherwin-Williams propose une gamme de rev\u00eatements sp\u00e9cifiques pour le secteur de la d\u00e9fense, conformes \u00e0 diverses sp\u00e9cifications militaires. Vous trouverez ci-dessous quelques-unes des r\u00e9f\u00e9rences les plus remarquables:<\/p>\n<ul data-start=\"288\" data-end=\"1803\">\n<li class=\"\" data-start=\"288\" data-end=\"502\">\n<p class=\"\" data-start=\"290\" data-end=\"502\"><strong data-start=\"290\" data-end=\"317\">MIL-DTL-53039F, Type IV<\/strong> : Rev\u00eatement en polyur\u00e9thane aliphatique monocomposant, r\u00e9sistant aux agents chimiques (CARC), con\u00e7u pour offrir durabilit\u00e9 et facilit\u00e9 de d\u00e9contamination des \u00e9quipements militaires.<\/p>\n<\/li>\n<li class=\"\" data-start=\"503\" data-end=\"686\">\n<p class=\"\" data-start=\"505\" data-end=\"686\"><strong data-start=\"505\" data-end=\"532\">MIL-PRF-22750G, Type II<\/strong> : Finition \u00e9poxy \u00e0 haute teneur en solides et \u00e0 faible teneur en COV, utilis\u00e9e comme couche finale \u00e0 l'int\u00e9rieur des \u00e9quipements terrestres militaires.<\/p>\n<\/li>\n<li class=\"\" data-start=\"687\" data-end=\"921\">\n<p class=\"\" data-start=\"689\" data-end=\"921\"><strong data-start=\"689\" data-end=\"717\">MIL-PRF-22750G, Type III<\/strong> : Finition \u00e9poxy bicomposant, appliqu\u00e9e directement sur le m\u00e9tal (DTM), con\u00e7ue pour des applications int\u00e9rieures sur \u00e9quipements militaires terrestres, offrant une bonne protection contre la corrosion.<\/p>\n<\/li>\n<li class=\"\" data-start=\"922\" data-end=\"1133\">\n<p class=\"\" data-start=\"924\" data-end=\"1133\"><strong data-start=\"924\" data-end=\"977\">MIL-PRF-85285E, Type I et IV, Classe H (Brillant)<\/strong> : Polyur\u00e9thane haute performance pour usage ext\u00e9rieur sur a\u00e9ronefs militaires, offrant une excellente brillance et une grande r\u00e9sistance aux intemp\u00e9ries.<\/p>\n<\/li>\n<li class=\"\" data-start=\"1134\" data-end=\"1352\">\n<p class=\"\" data-start=\"1136\" data-end=\"1352\"><strong data-start=\"1136\" data-end=\"1194\">MIL-PRF-85285E, Type I et IV, Classe H (Semi-brillant)<\/strong> : Finition en polyur\u00e9thane bicomposant con\u00e7ue comme couche finale pour les a\u00e9ronefs et \u00e9quipements militaires, conforme aux sp\u00e9cifications semi-brillantes.<\/p>\n<\/li>\n<li class=\"\" data-start=\"1353\" data-end=\"1578\">\n<p class=\"\" data-start=\"1355\" data-end=\"1578\"><strong data-start=\"1355\" data-end=\"1403\">MIL-PRF-85285E, Type I et IV, Classe H (Mat)<\/strong> : Rev\u00eatement polyur\u00e9thane mat (lusterless) destin\u00e9 aux applications sur a\u00e9ronefs militaires, offrant une r\u00e9sistance chimique et une durabilit\u00e9 dans des conditions extr\u00eames.<\/p>\n<\/li>\n<li class=\"\" data-start=\"1579\" data-end=\"1803\">\n<p class=\"\" data-start=\"1581\" data-end=\"1803\"><strong data-start=\"1581\" data-end=\"1618\">MIL-PRF-85285F, Type II, Classe H<\/strong> : Finition polyur\u00e9thane \u00e0 haute teneur en solides et faible teneur en COV, con\u00e7ue pour les \u00e9quipements de soutien terrestre militaire, assurant une couche finale durable et r\u00e9sistante.<\/p>\n<\/li>\n<\/ul>\n<p class=\"\" data-start=\"1805\" data-end=\"1993\">Ces produits sont con\u00e7us pour offrir une protection et des performances optimales dans des conditions exigeantes, garantissant la durabilit\u00e9 et l\u2019efficacit\u00e9 des \u00e9quipements militaires.<\/p>\n<\/div>\n<\/div><\/div><\/div><\/div><\/div><\/div><div id=\"pg-62947-3\"  class=\"panel-grid panel-has-style\" ><div style=\"padding: 0px 0; \" data-overlay=\"true\" data-overlay-color=\"#000000\" class=\"panel-row-style panel-row-style-for-62947-3\" ><div id=\"pgc-62947-3-0\"  class=\"panel-grid-cell\" ><div id=\"panel-62947-3-0-0\" class=\"so-panel widget_siteorigin-panels-builder panel-first-child panel-last-child\" data-index=\"4\" ><div style=\"text-align: left;\" data-title-color=\"#47425d\" data-headings-color=\"#443f3f\" data-title_alignment=\"center\" class=\"panel-widget-style panel-widget-style-for-62947-3-0-0\" ><div id=\"pl-w62b178e631ff6\"  class=\"panel-layout\" ><div id=\"pg-w62b178e631ff6-0\"  class=\"panel-grid panel-has-style\" ><div style=\"padding: 100px 0; \" data-overlay=\"true\" class=\"panel-row-style panel-row-style-for-w62b178e631ff6-0\" ><div id=\"pgc-w62b178e631ff6-0-0\"  class=\"panel-grid-cell\" ><div id=\"panel-w62b178e631ff6-0-0-0\" class=\"so-panel widget_sow-editor panel-first-child\" data-index=\"0\" ><div style=\"text-align: left;\" data-title-color=\"#47425d\" data-headings-color=\"#443f3f\" data-title_alignment=\"center\" class=\"panel-widget-style panel-widget-style-for-w62b178e631ff6-0-0-0\" ><div\n\t\t\t\n\t\t\tclass=\"so-widget-sow-editor so-widget-sow-editor-base\"\n\t\t\t\n\t\t>\n<div class=\"siteorigin-widget-tinymce textwidget\">\n\t<h3 class=\"BLAU-FOSC\" style=\"text-align: center;\">Sherwin-Williams\u00ae r\u00e9f\u00e9rences<\/h3>\n<\/div>\n<\/div><\/div><\/div><div id=\"panel-w62b178e631ff6-0-0-1\" class=\"so-panel widget_siteorigin-panels-builder panel-last-child\" data-index=\"1\" ><div style=\"text-align: left;\" data-title-color=\"#47425d\" data-headings-color=\"#443f3f\" data-title_alignment=\"center\" class=\"panel-widget-style panel-widget-style-for-w62b178e631ff6-0-0-1\" ><div id=\"pl-w62b178e632476\"  class=\"panel-layout\" ><div id=\"pg-w62b178e632476-0\"  class=\"panel-grid panel-has-style\" ><div style=\"padding: 100px 0; \" data-overlay=\"true\" data-overlay-color=\"#000000\" class=\"panel-row-style panel-row-style-for-w62b178e632476-0\" ><div id=\"pgc-w62b178e632476-0-0\"  class=\"panel-grid-cell\" ><div id=\"panel-w62b178e632476-0-0-0\" class=\"so-panel widget_sow-editor panel-first-child panel-last-child\" data-index=\"0\" ><div style=\"text-align: left;\" data-title-color=\"#47425d\" data-headings-color=\"#443f3f\" data-title_alignment=\"center\" class=\"panel-widget-style panel-widget-style-for-w62b178e632476-0-0-0\" ><div\n\t\t\t\n\t\t\tclass=\"so-widget-sow-editor so-widget-sow-editor-base\"\n\t\t\t\n\t\t>\n<div class=\"siteorigin-widget-tinymce textwidget\">\n\t<p style=\"text-align: center;\"><strong>Epoxinver<\/strong><\/p>\n<p style=\"text-align: center;\"><strong>Inverpur<\/strong><\/p>\n<p style=\"text-align: center;\"><strong>Inverplast<\/strong><\/p>\n<p style=\"text-align: center;\"><strong>Inverbase<\/strong><\/p>\n<p style=\"text-align: center;\"><strong>Duraspar<\/strong><\/p>\n<\/div>\n<\/div><\/div><\/div><\/div><div id=\"pgc-w62b178e632476-0-1\"  class=\"panel-grid-cell\" ><div id=\"panel-w62b178e632476-0-1-0\" class=\"so-panel widget_sow-editor panel-first-child panel-last-child\" data-index=\"1\" ><div style=\"text-align: left;\" data-title-color=\"#47425d\" data-headings-color=\"#443f3f\" data-title_alignment=\"center\" class=\"panel-widget-style panel-widget-style-for-w62b178e632476-0-1-0\" ><div\n\t\t\t\n\t\t\tclass=\"so-widget-sow-editor so-widget-sow-editor-base\"\n\t\t\t\n\t\t>\n<div class=\"siteorigin-widget-tinymce textwidget\">\n\t<p style=\"text-align: center;\"><strong>Acrilinver DTM<\/strong><\/p>\n<p style=\"text-align: center;\"><strong>Idroxinver<\/strong><\/p>\n<p style=\"text-align: center;\"><strong>R-Cure 100<\/strong><\/p>\n<p style=\"text-align: center;\"><strong>R-Cure 800 High Solid<\/strong><\/p>\n<\/div>\n<\/div><\/div><\/div><\/div><div id=\"pgc-w62b178e632476-0-2\"  class=\"panel-grid-cell\" ><div id=\"panel-w62b178e632476-0-2-0\" class=\"so-panel widget_sow-editor panel-first-child panel-last-child\" data-index=\"2\" ><div style=\"text-align: left;\" data-title-color=\"#47425d\" data-headings-color=\"#443f3f\" data-title_alignment=\"center\" class=\"panel-widget-style panel-widget-style-for-w62b178e632476-0-2-0\" ><div\n\t\t\t\n\t\t\tclass=\"so-widget-sow-editor so-widget-sow-editor-base\"\n\t\t\t\n\t\t>\n<div class=\"siteorigin-widget-tinymce textwidget\">\n\t<p style=\"text-align: center;\"><strong>Valde ECP<\/strong><\/p>\n<p style=\"text-align: center;\"><strong>Vectrogard<\/strong><\/p>\n<p style=\"text-align: center;\"><strong>Inverflex<\/strong><\/p>\n<p style=\"text-align: center;\"><strong>Polane<\/strong><\/p>\n<\/div>\n<\/div><\/div><\/div><\/div><\/div><\/div><\/div><\/div><\/div><\/div><\/div><\/div><\/div><\/div><\/div><\/div><\/div><\/div><\/div>","protected":false},"excerpt":{"rendered":"<p>Rev\u00eatements Sherwin-Williams Sherwin-Williams est une entreprise avec plus de 150 ans d&rsquo;exp\u00e9rience dans la production et la distribution de rev\u00eatements et peintures [&hellip;]<\/p>\n","protected":false},"author":1,"featured_media":62904,"parent":0,"menu_order":0,"comment_status":"closed","ping_status":"closed","template":"page-templates\/page_fullwidth.php","meta":{"footnotes":""},"class_list":["post-62947","page","type-page","status-publish","has-post-thumbnail","hentry"],"yoast_head":"<!-- This site is optimized with the Yoast SEO plugin v27.4 - https:\/\/yoast.com\/product\/yoast-seo-wordpress\/ -->\n<title>Rev\u00eatements Sherwin-Williams  - Coatresa<\/title>\n<meta name=\"description\" content=\"Sherwin-Williams est le leader mondial de la production et la distribution de rev\u00eatements et peintures de haute qualit\u00e9.\" \/>\n<meta name=\"robots\" content=\"index, follow, max-snippet:-1, max-image-preview:large, max-video-preview:-1\" \/>\n<link rel=\"canonical\" href=\"https:\/\/www.coatresa.com\/fr\/revetements-sherwin-williams\/\" \/>\n<meta property=\"og:locale\" content=\"fr_FR\" \/>\n<meta property=\"og:type\" content=\"article\" \/>\n<meta property=\"og:title\" content=\"Rev\u00eatements Sherwin-Williams  - Coatresa\" \/>\n<meta property=\"og:description\" content=\"Sherwin-Williams est le leader mondial de la production et la distribution de rev\u00eatements et peintures de haute qualit\u00e9.\" \/>\n<meta property=\"og:url\" content=\"https:\/\/www.coatresa.com\/fr\/revetements-sherwin-williams\/\" \/>\n<meta property=\"og:site_name\" content=\"Coatresa\" \/>\n<meta property=\"article:publisher\" content=\"https:\/\/www.facebook.com\/Coatresa\/\" \/>\n<meta property=\"article:modified_time\" content=\"2025-05-12T03:46:54+00:00\" \/>\n<meta property=\"og:image\" content=\"https:\/\/www.coatresa.com\/wp-content\/uploads\/2022\/06\/Sherwin-Williams-logo.png\" \/>\n\t<meta property=\"og:image:width\" content=\"3840\" \/>\n\t<meta property=\"og:image:height\" content=\"2160\" \/>\n\t<meta property=\"og:image:type\" content=\"image\/png\" \/>\n<meta name=\"twitter:card\" content=\"summary_large_image\" \/>\n<meta name=\"twitter:site\" content=\"@Coatresa\" \/>\n<meta name=\"twitter:label1\" content=\"Dur\u00e9e de lecture estim\u00e9e\" \/>\n\t<meta name=\"twitter:data1\" content=\"3 minutes\" \/>\n<script type=\"application\/ld+json\" class=\"yoast-schema-graph\">{\"@context\":\"https:\\\/\\\/schema.org\",\"@graph\":[{\"@type\":\"WebPage\",\"@id\":\"https:\\\/\\\/www.coatresa.com\\\/fr\\\/revetements-sherwin-williams\\\/\",\"url\":\"https:\\\/\\\/www.coatresa.com\\\/fr\\\/revetements-sherwin-williams\\\/\",\"name\":\"Rev\u00eatements Sherwin-Williams - Coatresa\",\"isPartOf\":{\"@id\":\"https:\\\/\\\/www.coatresa.com\\\/fr\\\/#website\"},\"primaryImageOfPage\":{\"@id\":\"https:\\\/\\\/www.coatresa.com\\\/fr\\\/revetements-sherwin-williams\\\/#primaryimage\"},\"image\":{\"@id\":\"https:\\\/\\\/www.coatresa.com\\\/fr\\\/revetements-sherwin-williams\\\/#primaryimage\"},\"thumbnailUrl\":\"https:\\\/\\\/www.coatresa.com\\\/wp-content\\\/uploads\\\/2022\\\/06\\\/Sherwin-Williams-logo.png\",\"datePublished\":\"2022-06-21T07:19:03+00:00\",\"dateModified\":\"2025-05-12T03:46:54+00:00\",\"description\":\"Sherwin-Williams est le leader mondial de la production et la distribution de rev\u00eatements et peintures de haute qualit\u00e9.\",\"inLanguage\":\"fr-FR\",\"potentialAction\":[{\"@type\":\"ReadAction\",\"target\":[\"https:\\\/\\\/www.coatresa.com\\\/fr\\\/revetements-sherwin-williams\\\/\"]}]},{\"@type\":\"ImageObject\",\"inLanguage\":\"fr-FR\",\"@id\":\"https:\\\/\\\/www.coatresa.com\\\/fr\\\/revetements-sherwin-williams\\\/#primaryimage\",\"url\":\"https:\\\/\\\/www.coatresa.com\\\/wp-content\\\/uploads\\\/2022\\\/06\\\/Sherwin-Williams-logo.png\",\"contentUrl\":\"https:\\\/\\\/www.coatresa.com\\\/wp-content\\\/uploads\\\/2022\\\/06\\\/Sherwin-Williams-logo.png\",\"width\":3840,\"height\":2160},{\"@type\":\"WebSite\",\"@id\":\"https:\\\/\\\/www.coatresa.com\\\/fr\\\/#website\",\"url\":\"https:\\\/\\\/www.coatresa.com\\\/fr\\\/\",\"name\":\"Coatresa\",\"description\":\"Aplicaci\u00f3n de recubrimientos antiadherentes y anticorrosivos como el Teflon. Expertos del Powder Coating\",\"publisher\":{\"@id\":\"https:\\\/\\\/www.coatresa.com\\\/fr\\\/#organization\"},\"potentialAction\":[{\"@type\":\"SearchAction\",\"target\":{\"@type\":\"EntryPoint\",\"urlTemplate\":\"https:\\\/\\\/www.coatresa.com\\\/fr\\\/?s={search_term_string}\"},\"query-input\":{\"@type\":\"PropertyValueSpecification\",\"valueRequired\":true,\"valueName\":\"search_term_string\"}}],\"inLanguage\":\"fr-FR\"},{\"@type\":\"Organization\",\"@id\":\"https:\\\/\\\/www.coatresa.com\\\/fr\\\/#organization\",\"name\":\"Coatresa\",\"url\":\"https:\\\/\\\/www.coatresa.com\\\/fr\\\/\",\"logo\":{\"@type\":\"ImageObject\",\"inLanguage\":\"fr-FR\",\"@id\":\"https:\\\/\\\/www.coatresa.com\\\/fr\\\/#\\\/schema\\\/logo\\\/image\\\/\",\"url\":\"https:\\\/\\\/www.coatresa.com\\\/wp-content\\\/uploads\\\/2022\\\/07\\\/A_blava_mitja_transp.png\",\"contentUrl\":\"https:\\\/\\\/www.coatresa.com\\\/wp-content\\\/uploads\\\/2022\\\/07\\\/A_blava_mitja_transp.png\",\"width\":340,\"height\":326,\"caption\":\"Coatresa\"},\"image\":{\"@id\":\"https:\\\/\\\/www.coatresa.com\\\/fr\\\/#\\\/schema\\\/logo\\\/image\\\/\"},\"sameAs\":[\"https:\\\/\\\/www.facebook.com\\\/Coatresa\\\/\",\"https:\\\/\\\/x.com\\\/Coatresa\",\"https:\\\/\\\/www.linkedin.com\\\/company\\\/coatresa\\\/\",\"https:\\\/\\\/www.youtube.com\\\/user\\\/CoatresaCoatings\"]}]}<\/script>\n<!-- \/ Yoast SEO plugin. -->","yoast_head_json":{"title":"Rev\u00eatements Sherwin-Williams  - Coatresa","description":"Sherwin-Williams est le leader mondial de la production et la distribution de rev\u00eatements et peintures de haute qualit\u00e9.","robots":{"index":"index","follow":"follow","max-snippet":"max-snippet:-1","max-image-preview":"max-image-preview:large","max-video-preview":"max-video-preview:-1"},"canonical":"https:\/\/www.coatresa.com\/fr\/revetements-sherwin-williams\/","og_locale":"fr_FR","og_type":"article","og_title":"Rev\u00eatements Sherwin-Williams  - Coatresa","og_description":"Sherwin-Williams est le leader mondial de la production et la distribution de rev\u00eatements et peintures de haute qualit\u00e9.","og_url":"https:\/\/www.coatresa.com\/fr\/revetements-sherwin-williams\/","og_site_name":"Coatresa","article_publisher":"https:\/\/www.facebook.com\/Coatresa\/","article_modified_time":"2025-05-12T03:46:54+00:00","og_image":[{"width":3840,"height":2160,"url":"https:\/\/www.coatresa.com\/wp-content\/uploads\/2022\/06\/Sherwin-Williams-logo.png","type":"image\/png"}],"twitter_card":"summary_large_image","twitter_site":"@Coatresa","twitter_misc":{"Dur\u00e9e de lecture estim\u00e9e":"3 minutes"},"schema":{"@context":"https:\/\/schema.org","@graph":[{"@type":"WebPage","@id":"https:\/\/www.coatresa.com\/fr\/revetements-sherwin-williams\/","url":"https:\/\/www.coatresa.com\/fr\/revetements-sherwin-williams\/","name":"Rev\u00eatements Sherwin-Williams - Coatresa","isPartOf":{"@id":"https:\/\/www.coatresa.com\/fr\/#website"},"primaryImageOfPage":{"@id":"https:\/\/www.coatresa.com\/fr\/revetements-sherwin-williams\/#primaryimage"},"image":{"@id":"https:\/\/www.coatresa.com\/fr\/revetements-sherwin-williams\/#primaryimage"},"thumbnailUrl":"https:\/\/www.coatresa.com\/wp-content\/uploads\/2022\/06\/Sherwin-Williams-logo.png","datePublished":"2022-06-21T07:19:03+00:00","dateModified":"2025-05-12T03:46:54+00:00","description":"Sherwin-Williams est le leader mondial de la production et la distribution de rev\u00eatements et peintures de haute qualit\u00e9.","inLanguage":"fr-FR","potentialAction":[{"@type":"ReadAction","target":["https:\/\/www.coatresa.com\/fr\/revetements-sherwin-williams\/"]}]},{"@type":"ImageObject","inLanguage":"fr-FR","@id":"https:\/\/www.coatresa.com\/fr\/revetements-sherwin-williams\/#primaryimage","url":"https:\/\/www.coatresa.com\/wp-content\/uploads\/2022\/06\/Sherwin-Williams-logo.png","contentUrl":"https:\/\/www.coatresa.com\/wp-content\/uploads\/2022\/06\/Sherwin-Williams-logo.png","width":3840,"height":2160},{"@type":"WebSite","@id":"https:\/\/www.coatresa.com\/fr\/#website","url":"https:\/\/www.coatresa.com\/fr\/","name":"Coatresa","description":"Aplicaci\u00f3n de recubrimientos antiadherentes y anticorrosivos como el Teflon. Expertos del Powder Coating","publisher":{"@id":"https:\/\/www.coatresa.com\/fr\/#organization"},"potentialAction":[{"@type":"SearchAction","target":{"@type":"EntryPoint","urlTemplate":"https:\/\/www.coatresa.com\/fr\/?s={search_term_string}"},"query-input":{"@type":"PropertyValueSpecification","valueRequired":true,"valueName":"search_term_string"}}],"inLanguage":"fr-FR"},{"@type":"Organization","@id":"https:\/\/www.coatresa.com\/fr\/#organization","name":"Coatresa","url":"https:\/\/www.coatresa.com\/fr\/","logo":{"@type":"ImageObject","inLanguage":"fr-FR","@id":"https:\/\/www.coatresa.com\/fr\/#\/schema\/logo\/image\/","url":"https:\/\/www.coatresa.com\/wp-content\/uploads\/2022\/07\/A_blava_mitja_transp.png","contentUrl":"https:\/\/www.coatresa.com\/wp-content\/uploads\/2022\/07\/A_blava_mitja_transp.png","width":340,"height":326,"caption":"Coatresa"},"image":{"@id":"https:\/\/www.coatresa.com\/fr\/#\/schema\/logo\/image\/"},"sameAs":["https:\/\/www.facebook.com\/Coatresa\/","https:\/\/x.com\/Coatresa","https:\/\/www.linkedin.com\/company\/coatresa\/","https:\/\/www.youtube.com\/user\/CoatresaCoatings"]}]}},"_links":{"self":[{"href":"https:\/\/www.coatresa.com\/fr\/wp-json\/wp\/v2\/pages\/62947","targetHints":{"allow":["GET"]}}],"collection":[{"href":"https:\/\/www.coatresa.com\/fr\/wp-json\/wp\/v2\/pages"}],"about":[{"href":"https:\/\/www.coatresa.com\/fr\/wp-json\/wp\/v2\/types\/page"}],"author":[{"embeddable":true,"href":"https:\/\/www.coatresa.com\/fr\/wp-json\/wp\/v2\/users\/1"}],"replies":[{"embeddable":true,"href":"https:\/\/www.coatresa.com\/fr\/wp-json\/wp\/v2\/comments?post=62947"}],"version-history":[{"count":0,"href":"https:\/\/www.coatresa.com\/fr\/wp-json\/wp\/v2\/pages\/62947\/revisions"}],"wp:featuredmedia":[{"embeddable":true,"href":"https:\/\/www.coatresa.com\/fr\/wp-json\/wp\/v2\/media\/62904"}],"wp:attachment":[{"href":"https:\/\/www.coatresa.com\/fr\/wp-json\/wp\/v2\/media?parent=62947"}],"curies":[{"name":"wp","href":"https:\/\/api.w.org\/{rel}","templated":true}]}}