{"id":11473,"date":"2018-07-11T15:18:01","date_gmt":"2018-07-11T13:18:01","guid":{"rendered":"http:\/\/coatresa.com\/recubrimientos-3m\/"},"modified":"2020-04-20T11:09:49","modified_gmt":"2020-04-20T09:09:49","slug":"rivestimenti-3m","status":"publish","type":"page","link":"https:\/\/www.coatresa.com\/it\/rivestimenti-3m\/","title":{"rendered":"Rivestimenti 3M"},"content":{"rendered":"<div id=\"pl-11473\"  class=\"panel-layout\" ><div id=\"pg-11473-0\"  class=\"panel-grid panel-has-style\" ><div style=\"padding: 0px 0; \" data-overlay=\"true\" data-overlay-color=\"#000000\" class=\"panel-row-style panel-row-style-for-11473-0\" ><div id=\"pgc-11473-0-0\"  class=\"panel-grid-cell\" ><div id=\"panel-11473-0-0-0\" class=\"so-panel widget_sow-image panel-first-child\" data-index=\"0\" ><div style=\"text-align: left;\" data-title-color=\"#47425d\" data-headings-color=\"#443f3f\" data-title_alignment=\"center\" class=\"panel-widget-style panel-widget-style-for-11473-0-0-0\" ><div\n\t\t\t\n\t\t\tclass=\"so-widget-sow-image so-widget-sow-image-default-c67d20f9f743-11473\"\n\t\t\t\n\t\t>\n<div class=\"sow-image-container\">\n\t\t<img \n\tsrc=\"https:\/\/www.coatresa.com\/wp-content\/uploads\/2018\/07\/recubrimientos-3M-e1760003267870.png\" width=\"82\" height=\"120\" sizes=\"(max-width: 82px) 100vw, 82px\" title=\"recubrimientos 3M\" alt=\"recubrimientos 3M\" \t\tclass=\"so-widget-image\"\/>\n\t<\/div>\n\n<\/div><\/div><\/div><div id=\"panel-11473-0-0-1\" class=\"so-panel widget_sow-editor panel-last-child\" data-index=\"1\" ><div style=\"text-align: left;\" data-title-color=\"#47425d\" data-headings-color=\"#000000\" data-title_alignment=\"center\" class=\"panel-widget-style panel-widget-style-for-11473-0-0-1\" ><div\n\t\t\t\n\t\t\tclass=\"so-widget-sow-editor so-widget-sow-editor-base\"\n\t\t\t\n\t\t>\n<div class=\"siteorigin-widget-tinymce textwidget\">\n\t<h1 style=\"text-align: center;\">Rivestimenti 3M<\/h1>\n<hr \/>\n<p style=\"text-align: justify;\">L\u2019azienda statunitense \u00e8 nata nel 1902 come societ\u00e0 mineraria, ma \u00e8 poi andata diversificandosi. Attualmente offre prodotti sia destinati al consumatore finale (prodotti per la pulizia come le spugne Scotch-Brite\u00ae, articoli per ufficio come il nastro adesivo scotch\u00ae e i foglietti adesivi post-it\u00ae), sia per l\u2019industria (prodotti chimici, abrasivi, farmaceutici, per la pulizia industriale, per il settore automotive, ecc.)<\/p>\n<p style=\"text-align: justify;\">Nel 1950 \u00e8 diventata un\u2019azienda internazionale e a tutt\u2019oggi offre pi\u00f9 di 55.000 prodotti e diversi marchi registrati. 3M \u00e8 presente in oltre 100 Paesi e vende i suoi prodotti in tutto il mondo. \u00c8 oggi uno dei fabbricanti leader di materie prime per il settore dei rivestimenti.<\/p>\n<\/div>\n<\/div><\/div><\/div><\/div><\/div><\/div><div id=\"pg-11473-1\"  class=\"panel-grid panel-has-style\" ><div class=\"FRANJA-BLAVA-TITOL siteorigin-panels-stretch panel-row-style panel-row-style-for-11473-1\" style=\"padding: 0px 0; \" data-stretch-type=\"full\" data-overlay=\"true\" data-overlay-color=\"#000000\" ><div id=\"pgc-11473-1-0\"  class=\"panel-grid-cell\" ><div id=\"panel-11473-1-0-0\" class=\"so-panel widget_sow-editor panel-first-child panel-last-child\" data-index=\"2\" ><div class=\"blanc panel-widget-style panel-widget-style-for-11473-1-0-0\" style=\"text-align: left;\" data-title-color=\"#47425d\" data-headings-color=\"#443f3f\" data-title_alignment=\"center\" ><div\n\t\t\t\n\t\t\tclass=\"so-widget-sow-editor so-widget-sow-editor-base\"\n\t\t\t\n\t\t>\n<div class=\"siteorigin-widget-tinymce textwidget\">\n\t<h2 style=\"text-align: center;\">Prodotti 3M<\/h2>\n<\/div>\n<\/div><\/div><\/div><\/div><\/div><\/div><div id=\"pg-11473-2\"  class=\"panel-grid panel-has-style\" ><div class=\"BGC-GRIS siteorigin-panels-stretch panel-row-style panel-row-style-for-11473-2\" style=\"padding: 50px 0; \" data-stretch-type=\"full\" data-overlay=\"true\" data-overlay-color=\"#000000\" ><div id=\"pgc-11473-2-0\"  class=\"panel-grid-cell\" ><div id=\"panel-11473-2-0-0\" class=\"so-panel widget_siteorigin-panels-builder panel-first-child panel-last-child\" data-index=\"3\" ><div style=\"text-align: left;\" data-title-color=\"#47425d\" data-headings-color=\"#443f3f\" data-title_alignment=\"center\" class=\"panel-widget-style panel-widget-style-for-11473-2-0-0\" ><div id=\"pl-w5e9d66dda8d6a\"  class=\"panel-layout\" ><div id=\"pg-w5e9d66dda8d6a-0\"  class=\"panel-grid panel-has-style\" ><div style=\"padding: 0px 0; \" data-overlay=\"true\" data-overlay-color=\"#000000\" class=\"panel-row-style panel-row-style-for-w5e9d66dda8d6a-0\" ><div id=\"pgc-w5e9d66dda8d6a-0-0\"  class=\"panel-grid-cell\" ><div id=\"panel-w5e9d66dda8d6a-0-0-0\" class=\"so-panel widget_sow-editor panel-first-child panel-last-child\" data-index=\"0\" ><div style=\"text-align: left;\" data-title-color=\"#47425d\" data-headings-color=\"#443f3f\" data-title_alignment=\"center\" class=\"panel-widget-style panel-widget-style-for-w5e9d66dda8d6a-0-0-0\" ><div\n\t\t\t\n\t\t\tclass=\"so-widget-sow-editor so-widget-sow-editor-base\"\n\t\t\t\n\t\t>\n<div class=\"siteorigin-widget-tinymce textwidget\">\n\t<p style=\"text-align: justify;\">Il dipartimento di R&S \u00e8 in costante contatto con la divisione di 3M che si dedica ai rivestimenti. Oltre a disporre di una vasta gamma di rivestimenti a base PTFE (politetrafluoroetilene) e derivati quali PFA, FEP, TF e TFE, fanno parte del suo portfolio anche fluoroplastici e fluoroelastomeri come\u00a0<b>Dyneon<\/b>\u00ae e\u00a0<b>Dynamar<\/b>\u00ae, dalle grandi prestazioni, in grado di operare in ambienti pi\u00f9 aggressivi rispetto alla plastica standard.<\/p>\n<p style=\"text-align: justify;\">Per la divisione di Coatresa che si rivolge all\u2019industria, 3M offre inoltre rivestimenti liquidi epossidici come\u00a0<b>Scotchkote<\/b>\u00ae, creato per proteggere dalla corrosione i condotti che vengono utilizzati in ambienti aggressivi.<\/p>\n<\/div>\n<\/div><\/div><\/div><\/div><\/div><\/div><div id=\"pg-w5e9d66dda8d6a-1\"  class=\"panel-grid panel-has-style\" ><div style=\"padding: 0px 0; \" data-overlay=\"true\" data-overlay-color=\"#000000\" class=\"panel-row-style panel-row-style-for-w5e9d66dda8d6a-1\" ><div id=\"pgc-w5e9d66dda8d6a-1-0\"  class=\"panel-grid-cell\" ><div class=\"BGC-BLANC panel-cell-style panel-cell-style-for-w5e9d66dda8d6a-1-0\" ><div id=\"panel-w5e9d66dda8d6a-1-0-0\" class=\"so-panel widget_sow-image panel-first-child panel-last-child\" data-index=\"1\" ><div class=\"PADDING-H-1 AUGMENTAR-ICONA panel-widget-style panel-widget-style-for-w5e9d66dda8d6a-1-0-0\" style=\"text-align: left;\" data-title-color=\"#47425d\" data-headings-color=\"#443f3f\" data-title_alignment=\"center\" ><div\n\t\t\t\n\t\t\tclass=\"so-widget-sow-image so-widget-sow-image-default-c67d20f9f743\"\n\t\t\t\n\t\t>\n<div class=\"sow-image-container\">\n\t\t\t<a href=\"\/it\/rivestimento-3m-dyneon\"\n\t\t\t\t\t>\n\t\t\t<img \n\tsrc=\"https:\/\/www.coatresa.com\/wp-content\/uploads\/2018\/07\/recubrimientos-3m-dyneon.png\" width=\"197\" height=\"197\" srcset=\"https:\/\/www.coatresa.com\/wp-content\/uploads\/2018\/07\/recubrimientos-3m-dyneon.png 197w, https:\/\/www.coatresa.com\/wp-content\/uploads\/2018\/07\/recubrimientos-3m-dyneon-150x150.png 150w\" sizes=\"(max-width: 197px) 100vw, 197px\" title=\"recubrimientos 3M dyneon\" alt=\"recubrimientos 3M dyneon\" \t\tclass=\"so-widget-image\"\/>\n\t\t\t<\/a><\/div>\n\n<\/div><\/div><\/div><\/div><\/div><div id=\"pgc-w5e9d66dda8d6a-1-1\"  class=\"panel-grid-cell\" ><div class=\"BGC-BLANC panel-cell-style panel-cell-style-for-w5e9d66dda8d6a-1-1\" ><div id=\"panel-w5e9d66dda8d6a-1-1-0\" class=\"so-panel widget_sow-image panel-first-child panel-last-child\" data-index=\"2\" ><div class=\"PADDING-H-1 AUGMENTAR-ICONA panel-widget-style panel-widget-style-for-w5e9d66dda8d6a-1-1-0\" style=\"text-align: left;\" data-title-color=\"#47425d\" data-headings-color=\"#443f3f\" data-title_alignment=\"center\" ><div\n\t\t\t\n\t\t\tclass=\"so-widget-sow-image so-widget-sow-image-default-c67d20f9f743\"\n\t\t\t\n\t\t>\n<div class=\"sow-image-container\">\n\t\t\t<a href=\"\/it\/rivestimento-3m-scotchcast\/\"\n\t\t\t\t\t>\n\t\t\t<img \n\tsrc=\"https:\/\/www.coatresa.com\/wp-content\/uploads\/2019\/07\/recubrimientos-3m-scotchcast.png\" width=\"197\" height=\"197\" srcset=\"https:\/\/www.coatresa.com\/wp-content\/uploads\/2019\/07\/recubrimientos-3m-scotchcast.png 197w, https:\/\/www.coatresa.com\/wp-content\/uploads\/2019\/07\/recubrimientos-3m-scotchcast-150x150.png 150w\" sizes=\"(max-width: 197px) 100vw, 197px\" title=\"Rivestimenti 3M Scotchcast\" alt=\"Rivestimenti 3M Scotchcast\" \t\tclass=\"so-widget-image\"\/>\n\t\t\t<\/a><\/div>\n\n<\/div><\/div><\/div><\/div><\/div><div id=\"pgc-w5e9d66dda8d6a-1-2\"  class=\"panel-grid-cell\" ><div class=\"BGC-BLANC panel-cell-style panel-cell-style-for-w5e9d66dda8d6a-1-2\" ><div id=\"panel-w5e9d66dda8d6a-1-2-0\" class=\"so-panel widget_sow-image panel-first-child panel-last-child\" data-index=\"3\" ><div class=\"PADDING-H-1 AUGMENTAR-ICONA panel-widget-style panel-widget-style-for-w5e9d66dda8d6a-1-2-0\" style=\"text-align: left;\" data-title-color=\"#47425d\" data-headings-color=\"#443f3f\" data-title_alignment=\"center\" ><div\n\t\t\t\n\t\t\tclass=\"so-widget-sow-image so-widget-sow-image-default-c67d20f9f743\"\n\t\t\t\n\t\t>\n<div class=\"sow-image-container\">\n\t\t\t<a href=\"\/it\/rivestimento-3m-scotchkote\/\"\n\t\t\t\t\t>\n\t\t\t<img \n\tsrc=\"https:\/\/www.coatresa.com\/wp-content\/uploads\/2019\/07\/recubrimientos-3m-scotchkote.png\" width=\"197\" height=\"197\" srcset=\"https:\/\/www.coatresa.com\/wp-content\/uploads\/2019\/07\/recubrimientos-3m-scotchkote.png 197w, https:\/\/www.coatresa.com\/wp-content\/uploads\/2019\/07\/recubrimientos-3m-scotchkote-150x150.png 150w\" sizes=\"(max-width: 197px) 100vw, 197px\" title=\"Rivestimenti 3M Scotchkote\" alt=\"Rivestimenti 3M Scotchkote\" \t\tclass=\"so-widget-image\"\/>\n\t\t\t<\/a><\/div>\n\n<\/div><\/div><\/div><\/div><\/div><\/div><\/div><\/div><\/div><\/div><\/div><\/div><\/div><\/div>","protected":false},"excerpt":{"rendered":"<p>Rivestimenti 3M L\u2019azienda statunitense \u00e8 nata nel 1902 come societ\u00e0 mineraria, ma \u00e8 poi andata diversificandosi. Attualmente offre prodotti sia destinati al [&hellip;]<\/p>\n","protected":false},"author":1,"featured_media":7391,"parent":0,"menu_order":0,"comment_status":"closed","ping_status":"closed","template":"page-templates\/page_fullwidth.php","meta":{"footnotes":""},"class_list":["post-11473","page","type-page","status-publish","has-post-thumbnail","hentry"],"yoast_head":"<!-- This site is optimized with the Yoast SEO plugin v27.6 - https:\/\/yoast.com\/product\/yoast-seo-wordpress\/ -->\n<title>Rivestimenti 3M - Coatresa<\/title>\n<meta name=\"description\" content=\"Rivestimenti 3M : PTFE politetrafluoroetilene e PFA, FEP, TF e TFE. Fluoroplastici e fluoroelastomeri Dynamar e rivestimenti liquidi epossi Scotchkote\" \/>\n<meta name=\"robots\" content=\"index, follow, max-snippet:-1, max-image-preview:large, max-video-preview:-1\" \/>\n<link rel=\"canonical\" href=\"https:\/\/www.coatresa.com\/it\/rivestimenti-3m\/\" \/>\n<meta property=\"og:locale\" content=\"it_IT\" \/>\n<meta property=\"og:type\" content=\"article\" \/>\n<meta property=\"og:title\" content=\"Rivestimenti 3M - Coatresa\" \/>\n<meta property=\"og:description\" content=\"Rivestimenti 3M : PTFE politetrafluoroetilene e PFA, FEP, TF e TFE. Fluoroplastici e fluoroelastomeri Dynamar e rivestimenti liquidi epossi Scotchkote\" \/>\n<meta property=\"og:url\" content=\"https:\/\/www.coatresa.com\/it\/rivestimenti-3m\/\" \/>\n<meta property=\"og:site_name\" content=\"Coatresa\" \/>\n<meta property=\"article:publisher\" content=\"https:\/\/www.facebook.com\/Coatresa\/\" \/>\n<meta property=\"article:modified_time\" content=\"2020-04-20T09:09:49+00:00\" \/>\n<meta property=\"og:image\" content=\"https:\/\/www.coatresa.com\/wp-content\/uploads\/2018\/07\/recubrimientos-3M.png\" \/>\n\t<meta property=\"og:image:width\" content=\"82\" \/>\n\t<meta property=\"og:image:height\" content=\"120\" \/>\n\t<meta property=\"og:image:type\" content=\"image\/png\" \/>\n<meta name=\"twitter:card\" content=\"summary_large_image\" \/>\n<meta name=\"twitter:site\" content=\"@Coatresa\" \/>\n<meta name=\"twitter:label1\" content=\"Tempo di lettura stimato\" \/>\n\t<meta name=\"twitter:data1\" content=\"1 minuto\" \/>\n<script type=\"application\/ld+json\" class=\"yoast-schema-graph\">{\"@context\":\"https:\\\/\\\/schema.org\",\"@graph\":[{\"@type\":\"WebPage\",\"@id\":\"https:\\\/\\\/www.coatresa.com\\\/it\\\/rivestimenti-3m\\\/\",\"url\":\"https:\\\/\\\/www.coatresa.com\\\/it\\\/rivestimenti-3m\\\/\",\"name\":\"Rivestimenti 3M - Coatresa\",\"isPartOf\":{\"@id\":\"https:\\\/\\\/www.coatresa.com\\\/it\\\/#website\"},\"primaryImageOfPage\":{\"@id\":\"https:\\\/\\\/www.coatresa.com\\\/it\\\/rivestimenti-3m\\\/#primaryimage\"},\"image\":{\"@id\":\"https:\\\/\\\/www.coatresa.com\\\/it\\\/rivestimenti-3m\\\/#primaryimage\"},\"thumbnailUrl\":\"https:\\\/\\\/www.coatresa.com\\\/wp-content\\\/uploads\\\/2018\\\/07\\\/recubrimientos-3M-e1760003267870.png\",\"datePublished\":\"2018-07-11T13:18:01+00:00\",\"dateModified\":\"2020-04-20T09:09:49+00:00\",\"description\":\"Rivestimenti 3M : PTFE politetrafluoroetilene e PFA, FEP, TF e TFE. Fluoroplastici e fluoroelastomeri Dynamar e rivestimenti liquidi epossi Scotchkote\",\"breadcrumb\":{\"@id\":\"https:\\\/\\\/www.coatresa.com\\\/it\\\/rivestimenti-3m\\\/#breadcrumb\"},\"inLanguage\":\"it-IT\",\"potentialAction\":[{\"@type\":\"ReadAction\",\"target\":[\"https:\\\/\\\/www.coatresa.com\\\/it\\\/rivestimenti-3m\\\/\"]}]},{\"@type\":\"ImageObject\",\"inLanguage\":\"it-IT\",\"@id\":\"https:\\\/\\\/www.coatresa.com\\\/it\\\/rivestimenti-3m\\\/#primaryimage\",\"url\":\"https:\\\/\\\/www.coatresa.com\\\/wp-content\\\/uploads\\\/2018\\\/07\\\/recubrimientos-3M-e1760003267870.png\",\"contentUrl\":\"https:\\\/\\\/www.coatresa.com\\\/wp-content\\\/uploads\\\/2018\\\/07\\\/recubrimientos-3M-e1760003267870.png\",\"width\":82,\"height\":120,\"caption\":\"rivestimenti 3M\"},{\"@type\":\"BreadcrumbList\",\"@id\":\"https:\\\/\\\/www.coatresa.com\\\/it\\\/rivestimenti-3m\\\/#breadcrumb\",\"itemListElement\":[{\"@type\":\"ListItem\",\"position\":1,\"name\":\"Portada\",\"item\":\"https:\\\/\\\/www.coatresa.com\\\/it\\\/\"},{\"@type\":\"ListItem\",\"position\":2,\"name\":\"Rivestimenti 3M\"}]},{\"@type\":\"WebSite\",\"@id\":\"https:\\\/\\\/www.coatresa.com\\\/it\\\/#website\",\"url\":\"https:\\\/\\\/www.coatresa.com\\\/it\\\/\",\"name\":\"Coatresa\",\"description\":\"Aplicaci\u00f3n de recubrimientos antiadherentes y anticorrosivos como el Teflon. Expertos del Powder Coating\",\"publisher\":{\"@id\":\"https:\\\/\\\/www.coatresa.com\\\/it\\\/#organization\"},\"potentialAction\":[{\"@type\":\"SearchAction\",\"target\":{\"@type\":\"EntryPoint\",\"urlTemplate\":\"https:\\\/\\\/www.coatresa.com\\\/it\\\/?s={search_term_string}\"},\"query-input\":{\"@type\":\"PropertyValueSpecification\",\"valueRequired\":true,\"valueName\":\"search_term_string\"}}],\"inLanguage\":\"it-IT\"},{\"@type\":\"Organization\",\"@id\":\"https:\\\/\\\/www.coatresa.com\\\/it\\\/#organization\",\"name\":\"Coatresa\",\"url\":\"https:\\\/\\\/www.coatresa.com\\\/it\\\/\",\"logo\":{\"@type\":\"ImageObject\",\"inLanguage\":\"it-IT\",\"@id\":\"https:\\\/\\\/www.coatresa.com\\\/it\\\/#\\\/schema\\\/logo\\\/image\\\/\",\"url\":\"https:\\\/\\\/www.coatresa.com\\\/wp-content\\\/uploads\\\/2022\\\/07\\\/A_blava_mitja_transp.png\",\"contentUrl\":\"https:\\\/\\\/www.coatresa.com\\\/wp-content\\\/uploads\\\/2022\\\/07\\\/A_blava_mitja_transp.png\",\"width\":340,\"height\":326,\"caption\":\"Coatresa\"},\"image\":{\"@id\":\"https:\\\/\\\/www.coatresa.com\\\/it\\\/#\\\/schema\\\/logo\\\/image\\\/\"},\"sameAs\":[\"https:\\\/\\\/www.facebook.com\\\/Coatresa\\\/\",\"https:\\\/\\\/x.com\\\/Coatresa\",\"https:\\\/\\\/www.linkedin.com\\\/company\\\/coatresa\\\/\",\"https:\\\/\\\/www.youtube.com\\\/user\\\/CoatresaCoatings\"]}]}<\/script>\n<!-- \/ Yoast SEO plugin. -->","yoast_head_json":{"title":"Rivestimenti 3M - Coatresa","description":"Rivestimenti 3M : PTFE politetrafluoroetilene e PFA, FEP, TF e TFE. Fluoroplastici e fluoroelastomeri Dynamar e rivestimenti liquidi epossi Scotchkote","robots":{"index":"index","follow":"follow","max-snippet":"max-snippet:-1","max-image-preview":"max-image-preview:large","max-video-preview":"max-video-preview:-1"},"canonical":"https:\/\/www.coatresa.com\/it\/rivestimenti-3m\/","og_locale":"it_IT","og_type":"article","og_title":"Rivestimenti 3M - Coatresa","og_description":"Rivestimenti 3M : PTFE politetrafluoroetilene e PFA, FEP, TF e TFE. Fluoroplastici e fluoroelastomeri Dynamar e rivestimenti liquidi epossi Scotchkote","og_url":"https:\/\/www.coatresa.com\/it\/rivestimenti-3m\/","og_site_name":"Coatresa","article_publisher":"https:\/\/www.facebook.com\/Coatresa\/","article_modified_time":"2020-04-20T09:09:49+00:00","og_image":[{"width":82,"height":120,"url":"https:\/\/www.coatresa.com\/wp-content\/uploads\/2018\/07\/recubrimientos-3M.png","type":"image\/png"}],"twitter_card":"summary_large_image","twitter_site":"@Coatresa","twitter_misc":{"Tempo di lettura stimato":"1 minuto"},"schema":{"@context":"https:\/\/schema.org","@graph":[{"@type":"WebPage","@id":"https:\/\/www.coatresa.com\/it\/rivestimenti-3m\/","url":"https:\/\/www.coatresa.com\/it\/rivestimenti-3m\/","name":"Rivestimenti 3M - Coatresa","isPartOf":{"@id":"https:\/\/www.coatresa.com\/it\/#website"},"primaryImageOfPage":{"@id":"https:\/\/www.coatresa.com\/it\/rivestimenti-3m\/#primaryimage"},"image":{"@id":"https:\/\/www.coatresa.com\/it\/rivestimenti-3m\/#primaryimage"},"thumbnailUrl":"https:\/\/www.coatresa.com\/wp-content\/uploads\/2018\/07\/recubrimientos-3M-e1760003267870.png","datePublished":"2018-07-11T13:18:01+00:00","dateModified":"2020-04-20T09:09:49+00:00","description":"Rivestimenti 3M : PTFE politetrafluoroetilene e PFA, FEP, TF e TFE. Fluoroplastici e fluoroelastomeri Dynamar e rivestimenti liquidi epossi Scotchkote","breadcrumb":{"@id":"https:\/\/www.coatresa.com\/it\/rivestimenti-3m\/#breadcrumb"},"inLanguage":"it-IT","potentialAction":[{"@type":"ReadAction","target":["https:\/\/www.coatresa.com\/it\/rivestimenti-3m\/"]}]},{"@type":"ImageObject","inLanguage":"it-IT","@id":"https:\/\/www.coatresa.com\/it\/rivestimenti-3m\/#primaryimage","url":"https:\/\/www.coatresa.com\/wp-content\/uploads\/2018\/07\/recubrimientos-3M-e1760003267870.png","contentUrl":"https:\/\/www.coatresa.com\/wp-content\/uploads\/2018\/07\/recubrimientos-3M-e1760003267870.png","width":82,"height":120,"caption":"rivestimenti 3M"},{"@type":"BreadcrumbList","@id":"https:\/\/www.coatresa.com\/it\/rivestimenti-3m\/#breadcrumb","itemListElement":[{"@type":"ListItem","position":1,"name":"Portada","item":"https:\/\/www.coatresa.com\/it\/"},{"@type":"ListItem","position":2,"name":"Rivestimenti 3M"}]},{"@type":"WebSite","@id":"https:\/\/www.coatresa.com\/it\/#website","url":"https:\/\/www.coatresa.com\/it\/","name":"Coatresa","description":"Aplicaci\u00f3n de recubrimientos antiadherentes y anticorrosivos como el Teflon. Expertos del Powder Coating","publisher":{"@id":"https:\/\/www.coatresa.com\/it\/#organization"},"potentialAction":[{"@type":"SearchAction","target":{"@type":"EntryPoint","urlTemplate":"https:\/\/www.coatresa.com\/it\/?s={search_term_string}"},"query-input":{"@type":"PropertyValueSpecification","valueRequired":true,"valueName":"search_term_string"}}],"inLanguage":"it-IT"},{"@type":"Organization","@id":"https:\/\/www.coatresa.com\/it\/#organization","name":"Coatresa","url":"https:\/\/www.coatresa.com\/it\/","logo":{"@type":"ImageObject","inLanguage":"it-IT","@id":"https:\/\/www.coatresa.com\/it\/#\/schema\/logo\/image\/","url":"https:\/\/www.coatresa.com\/wp-content\/uploads\/2022\/07\/A_blava_mitja_transp.png","contentUrl":"https:\/\/www.coatresa.com\/wp-content\/uploads\/2022\/07\/A_blava_mitja_transp.png","width":340,"height":326,"caption":"Coatresa"},"image":{"@id":"https:\/\/www.coatresa.com\/it\/#\/schema\/logo\/image\/"},"sameAs":["https:\/\/www.facebook.com\/Coatresa\/","https:\/\/x.com\/Coatresa","https:\/\/www.linkedin.com\/company\/coatresa\/","https:\/\/www.youtube.com\/user\/CoatresaCoatings"]}]}},"_links":{"self":[{"href":"https:\/\/www.coatresa.com\/it\/wp-json\/wp\/v2\/pages\/11473","targetHints":{"allow":["GET"]}}],"collection":[{"href":"https:\/\/www.coatresa.com\/it\/wp-json\/wp\/v2\/pages"}],"about":[{"href":"https:\/\/www.coatresa.com\/it\/wp-json\/wp\/v2\/types\/page"}],"author":[{"embeddable":true,"href":"https:\/\/www.coatresa.com\/it\/wp-json\/wp\/v2\/users\/1"}],"replies":[{"embeddable":true,"href":"https:\/\/www.coatresa.com\/it\/wp-json\/wp\/v2\/comments?post=11473"}],"version-history":[{"count":0,"href":"https:\/\/www.coatresa.com\/it\/wp-json\/wp\/v2\/pages\/11473\/revisions"}],"wp:featuredmedia":[{"embeddable":true,"href":"https:\/\/www.coatresa.com\/it\/wp-json\/wp\/v2\/media\/7391"}],"wp:attachment":[{"href":"https:\/\/www.coatresa.com\/it\/wp-json\/wp\/v2\/media?parent=11473"}],"curies":[{"name":"wp","href":"https:\/\/api.w.org\/{rel}","templated":true}]}}