{"id":11850,"date":"2018-07-12T22:50:10","date_gmt":"2018-07-12T20:50:10","guid":{"rendered":"http:\/\/coatresa.com\/recubrimientos-daikin\/"},"modified":"2019-07-04T17:09:04","modified_gmt":"2019-07-04T15:09:04","slug":"rivestimenti-daikin","status":"publish","type":"page","link":"https:\/\/www.coatresa.com\/it\/rivestimenti-daikin\/","title":{"rendered":"Rivestimenti Daikin"},"content":{"rendered":"<div id=\"pl-11850\"  class=\"panel-layout\" ><div id=\"pg-11850-0\"  class=\"panel-grid panel-has-style\" ><div style=\"padding: 0px 0; \" data-overlay=\"true\" data-overlay-color=\"#000000\" class=\"panel-row-style panel-row-style-for-11850-0\" ><div id=\"pgc-11850-0-0\"  class=\"panel-grid-cell\" ><div id=\"panel-11850-0-0-0\" class=\"so-panel widget_sow-image panel-first-child\" data-index=\"0\" ><div style=\"text-align: left;\" data-title-color=\"#47425d\" data-headings-color=\"#443f3f\" data-title_alignment=\"center\" class=\"panel-widget-style panel-widget-style-for-11850-0-0-0\" ><div\n\t\t\t\n\t\t\tclass=\"so-widget-sow-image so-widget-sow-image-default-c67d20f9f743-11850\"\n\t\t\t\n\t\t>\n<div class=\"sow-image-container\">\n\t\t<img \n\tsrc=\"https:\/\/www.coatresa.com\/wp-content\/uploads\/2018\/07\/recubrimientos-daikin.png\" width=\"200\" height=\"120\" sizes=\"(max-width: 200px) 100vw, 200px\" title=\"recubrimientos Daikin\" alt=\"recubrimientos Daikin\" \t\tclass=\"so-widget-image\"\/>\n\t<\/div>\n\n<\/div><\/div><\/div><div id=\"panel-11850-0-0-1\" class=\"so-panel widget_sow-editor panel-last-child\" data-index=\"1\" ><div style=\"text-align: left;\" data-title-color=\"#47425d\" data-headings-color=\"#000000\" data-title_alignment=\"center\" class=\"panel-widget-style panel-widget-style-for-11850-0-0-1\" ><div\n\t\t\t\n\t\t\tclass=\"so-widget-sow-editor so-widget-sow-editor-base\"\n\t\t\t\n\t\t>\n<div class=\"siteorigin-widget-tinymce textwidget\">\n\t<h1 style=\"text-align: center;\">Rivestimenti Daikin<\/h1>\n<hr \/>\n<p style=\"text-align: justify;\">Daikin \u00e8 un\u2019azienda multinazionale giapponese, con sede a Osaka. Fondata nel 1924, opera in tutti i continenti. Nel 1963 Daikin ha sviluppato il suo fluoropolimero di punta,\u00a0Neoflon\u00ae. Successivamente ha inventato i sistemi di volume refrigerante variabile (VRV), una vera innovazione rispetto a quanto esistente in quel momento, e li ha lanciati sul mercato nel 1982. Daikin continua ad essere, a tutt\u2019oggi, il leader del mercato con questi sistemi. Questa divisione, che si occupa di impianti di condizionamento, \u00e8 probabilmente la pi\u00f9 conosciuta, ma Daikin si occupa anche di sistemi idraulici, sistemi di difesa e chimica (tra cui fluorocarburi, fluoropolimeri e fluoroelastomeri).<\/p>\n<\/div>\n<\/div><\/div><\/div><\/div><\/div><\/div><div id=\"pg-11850-1\"  class=\"panel-grid panel-has-style\" ><div class=\"FRANJA-BLAVA-TITOL siteorigin-panels-stretch panel-row-style panel-row-style-for-11850-1\" style=\"padding: 0px 0; \" data-stretch-type=\"full\" data-overlay=\"true\" data-overlay-color=\"#000000\" ><div id=\"pgc-11850-1-0\"  class=\"panel-grid-cell\" ><div id=\"panel-11850-1-0-0\" class=\"so-panel widget_sow-editor panel-first-child panel-last-child\" data-index=\"2\" ><div class=\"blanc panel-widget-style panel-widget-style-for-11850-1-0-0\" style=\"text-align: left;\" data-title-color=\"#47425d\" data-headings-color=\"#443f3f\" data-title_alignment=\"center\" ><div\n\t\t\t\n\t\t\tclass=\"so-widget-sow-editor so-widget-sow-editor-base\"\n\t\t\t\n\t\t>\n<div class=\"siteorigin-widget-tinymce textwidget\">\n\t<h2 style=\"text-align: center;\">Prodotti Daikin<\/h2>\n<\/div>\n<\/div><\/div><\/div><\/div><\/div><\/div><div id=\"pg-11850-2\"  class=\"panel-grid panel-has-style\" ><div class=\"BGC-GRIS siteorigin-panels-stretch panel-row-style panel-row-style-for-11850-2\" style=\"padding: 50px 0; \" data-stretch-type=\"full\" data-overlay=\"true\" data-overlay-color=\"#000000\" ><div id=\"pgc-11850-2-0\"  class=\"panel-grid-cell\" ><div id=\"panel-11850-2-0-0\" class=\"so-panel widget_siteorigin-panels-builder panel-first-child panel-last-child\" data-index=\"3\" ><div style=\"text-align: left;\" data-title-color=\"#47425d\" data-headings-color=\"#443f3f\" data-title_alignment=\"center\" class=\"panel-widget-style panel-widget-style-for-11850-2-0-0\" ><div id=\"pl-w5b9251729b37f\"  class=\"panel-layout\" ><div id=\"pg-w5b9251729b37f-0\"  class=\"panel-grid panel-has-style\" ><div style=\"padding: 0px 0; \" data-overlay=\"true\" data-overlay-color=\"#000000\" class=\"panel-row-style panel-row-style-for-w5b9251729b37f-0\" ><div id=\"pgc-w5b9251729b37f-0-0\"  class=\"panel-grid-cell\" ><div id=\"panel-w5b9251729b37f-0-0-0\" class=\"so-panel widget_sow-editor panel-first-child panel-last-child\" data-index=\"0\" ><div style=\"text-align: left;\" data-title-color=\"#47425d\" data-headings-color=\"#443f3f\" data-title_alignment=\"center\" class=\"panel-widget-style panel-widget-style-for-w5b9251729b37f-0-0-0\" ><div\n\t\t\t\n\t\t\tclass=\"so-widget-sow-editor so-widget-sow-editor-base\"\n\t\t\t\n\t\t>\n<div class=\"siteorigin-widget-tinymce textwidget\">\n\t<p style=\"text-align: justify;\">Tra i fluoropolimeri di Daikin applicati da Coatresa troviamo\u00a0<b>Polyflon<\/b>\u00ae (PTFE) e tutta la gamma\u00a0<b>Neoflon<\/b>\u00ae, in PFA, FEP, PCTFE, CPT, ETFE ed EFEP.<\/p>\n<\/div>\n<\/div><\/div><\/div><\/div><\/div><\/div><div id=\"pg-w5b9251729b37f-1\"  class=\"panel-grid panel-has-style\" ><div style=\"padding: 0px 0; \" data-overlay=\"true\" data-overlay-color=\"#000000\" class=\"panel-row-style panel-row-style-for-w5b9251729b37f-1\" ><div id=\"pgc-w5b9251729b37f-1-0\"  class=\"panel-grid-cell panel-grid-cell-empty\" ><\/div><div id=\"pgc-w5b9251729b37f-1-1\"  class=\"panel-grid-cell\" ><div class=\"BGC-BLANC panel-cell-style panel-cell-style-for-w5b9251729b37f-1-1\" ><div id=\"panel-w5b9251729b37f-1-1-0\" class=\"so-panel widget_sow-image panel-first-child panel-last-child\" data-index=\"1\" ><div class=\"PADDING-H-1 AUGMENTAR-ICONA panel-widget-style panel-widget-style-for-w5b9251729b37f-1-1-0\" style=\"text-align: left;\" data-title-color=\"#47425d\" data-headings-color=\"#443f3f\" data-title_alignment=\"center\" ><div\n\t\t\t\n\t\t\tclass=\"so-widget-sow-image so-widget-sow-image-default-c67d20f9f743\"\n\t\t\t\n\t\t>\n<div class=\"sow-image-container\">\n\t\t\t<a href=\"\/it\/rivestimento-daikin-neoflon\"\n\t\t\t\t\t>\n\t\t\t<img \n\tsrc=\"https:\/\/www.coatresa.com\/wp-content\/uploads\/2018\/07\/recubrimientos-daikin-neoflon-1.png\" width=\"197\" height=\"197\" srcset=\"https:\/\/www.coatresa.com\/wp-content\/uploads\/2018\/07\/recubrimientos-daikin-neoflon-1.png 197w, https:\/\/www.coatresa.com\/wp-content\/uploads\/2018\/07\/recubrimientos-daikin-neoflon-1-150x150.png 150w\" sizes=\"(max-width: 197px) 100vw, 197px\" title=\"recubrimientos Daikin Neoflon\" alt=\"recubrimientos Daikin Neoflon\" \t\tclass=\"so-widget-image\"\/>\n\t\t\t<\/a><\/div>\n\n<\/div><\/div><\/div><\/div><\/div><div id=\"pgc-w5b9251729b37f-1-2\"  class=\"panel-grid-cell panel-grid-cell-mobile-last\" ><div class=\"BGC-GRIS-CLAR panel-cell-style panel-cell-style-for-w5b9251729b37f-1-2\" ><div id=\"panel-w5b9251729b37f-1-2-0\" class=\"so-panel widget_sow-image panel-first-child panel-last-child\" data-index=\"2\" ><div class=\"PADDING-H-1 panel-widget-style panel-widget-style-for-w5b9251729b37f-1-2-0\" style=\"text-align: left;\" data-title-color=\"#47425d\" data-headings-color=\"#443f3f\" data-title_alignment=\"center\" ><div\n\t\t\t\n\t\t\tclass=\"so-widget-sow-image so-widget-sow-image-default-c67d20f9f743\"\n\t\t\t\n\t\t>\n<div class=\"sow-image-container\">\n\t\t<img \n\tsrc=\"https:\/\/www.coatresa.com\/wp-content\/uploads\/2018\/07\/recubrimientos-daikin-polyflon.png\" width=\"197\" height=\"197\" srcset=\"https:\/\/www.coatresa.com\/wp-content\/uploads\/2018\/07\/recubrimientos-daikin-polyflon.png 197w, https:\/\/www.coatresa.com\/wp-content\/uploads\/2018\/07\/recubrimientos-daikin-polyflon-150x150.png 150w\" sizes=\"(max-width: 197px) 100vw, 197px\" title=\"recubrimientos Daikin Polyflon\" alt=\"recubrimientos Daikin Polyflon\" \t\tclass=\"so-widget-image\"\/>\n\t<\/div>\n\n<\/div><\/div><\/div><\/div><\/div><div id=\"pgc-w5b9251729b37f-1-3\"  class=\"panel-grid-cell panel-grid-cell-empty\" ><\/div><\/div><\/div><div id=\"pg-w5b9251729b37f-2\"  class=\"panel-grid panel-has-style\" ><div style=\"padding: 0px 0; \" data-overlay=\"true\" data-overlay-color=\"#000000\" class=\"panel-row-style panel-row-style-for-w5b9251729b37f-2\" ><div id=\"pgc-w5b9251729b37f-2-0\"  class=\"panel-grid-cell\" ><div id=\"panel-w5b9251729b37f-2-0-0\" class=\"so-panel widget_sow-editor panel-first-child panel-last-child\" data-index=\"3\" ><div style=\"text-align: left;\" data-title-color=\"#47425d\" data-headings-color=\"#443f3f\" data-title_alignment=\"center\" class=\"panel-widget-style panel-widget-style-for-w5b9251729b37f-2-0-0\" ><div\n\t\t\t\n\t\t\tclass=\"so-widget-sow-editor so-widget-sow-editor-base\"\n\t\t\t\n\t\t>\n<div class=\"siteorigin-widget-tinymce textwidget\">\n\t<p><b>Neoflon<\/b>\u00ae \u00e8 il brand con cui Daikin commercializza i suoi fluoropolimeri.<\/p>\n<p style=\"text-align: justify;\"><b>Polyflon<\/b>\u00ae \u00e8 il marchio con cui Daikin commercializza il politetrafluoroetilene, resistente alle alte temperature ed agli agenti chimici, propriet\u00e0 ottenute grazie alla sua struttura chimica, formata da atomi di carbonio e di fluoro ad alta elettronegativit\u00e0. Inoltre, grazie al basso coefficiente di attrito e alle sue eccellenti propriet\u00e0 termiche, meccaniche ed elettriche, si dimostra adeguato ad una grande variet\u00e0 di applicazioni per settori esigenti come quello alimentare, chimico e degli imballaggi, per menzionarne alcuni.<br \/>\nLa gamma\u00a0<b>Polyflon<\/b>\u00ae \u00e8 disponibile in polvere o dispersione.<\/p>\n<\/div>\n<\/div><\/div><\/div><\/div><\/div><\/div><\/div><\/div><\/div><\/div><\/div><\/div><div id=\"pg-11850-3\"  class=\"panel-grid panel-has-style\" ><div style=\"padding: 50px 0; \" data-overlay=\"true\" data-overlay-color=\"#000000\" class=\"panel-row-style panel-row-style-for-11850-3\" ><div id=\"pgc-11850-3-0\"  class=\"panel-grid-cell\" ><div id=\"panel-11850-3-0-0\" class=\"so-panel widget_siteorigin-panels-builder panel-first-child panel-last-child\" data-index=\"4\" ><div style=\"text-align: left;\" data-title-color=\"#47425d\" data-headings-color=\"#443f3f\" data-title_alignment=\"center\" class=\"panel-widget-style panel-widget-style-for-11850-3-0-0\" ><div id=\"pl-w5d1e16904f478\"  class=\"panel-layout\" ><div id=\"pg-w5d1e16904f478-0\"  class=\"panel-grid panel-has-style\" ><div style=\"padding: 0px 0; \" data-overlay=\"true\" data-overlay-color=\"#000000\" class=\"panel-row-style panel-row-style-for-w5d1e16904f478-0\" ><div id=\"pgc-w5d1e16904f478-0-0\"  class=\"panel-grid-cell\" ><div id=\"panel-w5d1e16904f478-0-0-0\" class=\"so-panel widget_sow-editor panel-first-child\" data-index=\"0\" ><div style=\"text-align: left;\" data-title-color=\"#47425d\" data-headings-color=\"#443f3f\" data-title_alignment=\"center\" class=\"panel-widget-style panel-widget-style-for-w5d1e16904f478-0-0-0\" ><div\n\t\t\t\n\t\t\tclass=\"so-widget-sow-editor so-widget-sow-editor-base\"\n\t\t\t\n\t\t>\n<div class=\"siteorigin-widget-tinymce textwidget\">\n\t<h3 class=\"BLAU-FOSC\" style=\"text-align: center;\">Riferimenti Polyflon\u00ae<\/h3>\n<\/div>\n<\/div><\/div><\/div><div id=\"panel-w5d1e16904f478-0-0-1\" class=\"so-panel widget_siteorigin-panels-builder panel-last-child\" data-index=\"1\" ><div style=\"text-align: left;\" data-title-color=\"#47425d\" data-headings-color=\"#443f3f\" data-title_alignment=\"center\" class=\"panel-widget-style panel-widget-style-for-w5d1e16904f478-0-0-1\" ><div id=\"pl-w5d1e1679c29ef\"  class=\"panel-layout\" ><div id=\"pg-w5d1e1679c29ef-0\"  class=\"panel-grid panel-has-style\" ><div style=\"padding: 0px 0; \" data-overlay=\"true\" data-overlay-color=\"#000000\" class=\"panel-row-style panel-row-style-for-w5d1e1679c29ef-0\" ><div id=\"pgc-w5d1e1679c29ef-0-0\"  class=\"panel-grid-cell\" ><div id=\"panel-w5d1e1679c29ef-0-0-0\" class=\"so-panel widget_sow-editor panel-first-child panel-last-child\" data-index=\"0\" ><div style=\"text-align: left;\" data-title-color=\"#47425d\" data-headings-color=\"#443f3f\" data-title_alignment=\"center\" class=\"panel-widget-style panel-widget-style-for-w5d1e1679c29ef-0-0-0\" ><div\n\t\t\t\n\t\t\tclass=\"so-widget-sow-editor so-widget-sow-editor-base\"\n\t\t\t\n\t\t>\n<div class=\"siteorigin-widget-tinymce textwidget\">\n\t<p style=\"text-align: center;\"><b>PTFE TC-7109BK<\/b><br \/>\n<b>PTFE TC-11000<\/b><br \/>\n<b>PTFE TC-1509M1<\/b><br \/>\n<b>PTFE TC-1559M2<\/b><br \/>\n<b>PTFE TC-7105GN<\/b><br \/>\n<b>PTFE TC-7113LB<\/b><br \/>\n<b>PTFE TC-7400CR<\/b><br \/>\n<b>PTFE TC-7405GN<\/b><br \/>\n<b>PTFE TC-7408GY<\/b><br \/>\n<b>PTFE TC-7409BK<\/b><br \/>\n<b>PTFE TC-7609M1<\/b><\/p>\n<\/div>\n<\/div><\/div><\/div><\/div><div id=\"pgc-w5d1e1679c29ef-0-1\"  class=\"panel-grid-cell\" ><div id=\"panel-w5d1e1679c29ef-0-1-0\" class=\"so-panel widget_sow-editor panel-first-child panel-last-child\" data-index=\"1\" ><div style=\"text-align: left;\" data-title-color=\"#47425d\" data-headings-color=\"#443f3f\" data-title_alignment=\"center\" class=\"panel-widget-style panel-widget-style-for-w5d1e1679c29ef-0-1-0\" ><div\n\t\t\t\n\t\t\tclass=\"so-widget-sow-editor so-widget-sow-editor-base\"\n\t\t\t\n\t\t>\n<div class=\"siteorigin-widget-tinymce textwidget\">\n\t<p style=\"text-align: center;\"><b>PTFE TC-7808GY<\/b><br \/>\n<b>PTFE TC-7809BK<\/b><br \/>\n<b>PTFE TD-7139BD<\/b><br \/>\n<b>PTFE TT-7100<\/b><br \/>\n<b>PTFE TT-7400<\/b><br \/>\n<b>PTFE E-3705S21R<\/b><br \/>\n<b>PTFE EK-1209BKER<\/b><br \/>\n<b>PTFE EK-1209M10R<\/b><br \/>\n<b>PTFE EK-1908S21R<\/b><br \/>\n<b>PTFE EK-1909S21R<\/b><\/p>\n<\/div>\n<\/div><\/div><\/div><\/div><div id=\"pgc-w5d1e1679c29ef-0-2\"  class=\"panel-grid-cell\" ><div id=\"panel-w5d1e1679c29ef-0-2-0\" class=\"so-panel widget_sow-editor panel-first-child panel-last-child\" data-index=\"2\" ><div style=\"text-align: left;\" data-title-color=\"#47425d\" data-headings-color=\"#443f3f\" data-title_alignment=\"center\" class=\"panel-widget-style panel-widget-style-for-w5d1e1679c29ef-0-2-0\" ><div\n\t\t\t\n\t\t\tclass=\"so-widget-sow-editor so-widget-sow-editor-base\"\n\t\t\t\n\t\t>\n<div class=\"siteorigin-widget-tinymce textwidget\">\n\t<p style=\"text-align: center;\"><b>PTFE EK-1959S21R<\/b><br \/>\n<b>PTFE EK-1983S21R<\/b><br \/>\n<b>PTFE EK-3700C21R<\/b><br \/>\n<b>PTFE EK-3707M21R<\/b><br \/>\n<b>PTFE EK-3708S21R<\/b><br \/>\n<b>PTFE EK-3709M21R<\/b><br \/>\n<b>PTFE EK-3709S21R<\/b><br \/>\n<b>PTFE EK-3712M21R<\/b><br \/>\n<b>PTFE EK-3781M21R<\/b><br \/>\n<b>PTFE EK-3783S21R<\/b><\/p>\n<\/div>\n<\/div><\/div><\/div><\/div><div id=\"pgc-w5d1e1679c29ef-0-3\"  class=\"panel-grid-cell\" ><div id=\"panel-w5d1e1679c29ef-0-3-0\" class=\"so-panel widget_sow-editor panel-first-child panel-last-child\" data-index=\"3\" ><div style=\"text-align: left;\" data-title-color=\"#47425d\" data-headings-color=\"#443f3f\" data-title_alignment=\"center\" class=\"panel-widget-style panel-widget-style-for-w5d1e1679c29ef-0-3-0\" ><div\n\t\t\t\n\t\t\tclass=\"so-widget-sow-editor so-widget-sow-editor-base\"\n\t\t\t\n\t\t>\n<div class=\"siteorigin-widget-tinymce textwidget\">\n\t<p style=\"text-align: center;\"><b>PTFE EK-3793S21R<\/b><br \/>\n<b>PTFE EK-3798M21R<\/b><br \/>\n<b>PTFE ED-1939D21R<\/b><br \/>\n<b>PTFE ED-3239S1R<\/b><br \/>\n<b>PTFE ED-3293SW1R<\/b><br \/>\n<b>PTFE ND-110<\/b><br \/>\n<b>PTFE ND-2R<\/b><br \/>\n<b>PTFE ND-4GYHR<\/b><br \/>\n<b>PTFE ND-4R<\/b><br \/>\n<b>PTFE AD-2CRER<\/b><\/p>\n<\/div>\n<\/div><\/div><\/div><\/div><\/div><\/div><\/div><\/div><\/div><\/div><\/div><\/div><\/div><\/div><\/div><\/div><\/div><\/div><\/div>","protected":false},"excerpt":{"rendered":"<p>Rivestimenti Daikin Daikin \u00e8 un\u2019azienda multinazionale giapponese, con sede a Osaka. Fondata nel 1924, opera in tutti i continenti. Nel 1963 Daikin [&hellip;]<\/p>\n","protected":false},"author":1,"featured_media":7409,"parent":0,"menu_order":0,"comment_status":"closed","ping_status":"closed","template":"page-templates\/page_fullwidth.php","meta":{"footnotes":""},"class_list":["post-11850","page","type-page","status-publish","has-post-thumbnail","hentry"],"yoast_head":"<!-- This site is optimized with the Yoast SEO plugin v27.6 - https:\/\/yoast.com\/product\/yoast-seo-wordpress\/ -->\n<title>Rivestimenti Daikin - Coatresa<\/title>\n<meta name=\"description\" content=\"Rivestimenti Daikin: applicazione di fluoropolimeri Polyflon PTFE e Neoflon in PFA, FEP, PCTFE, CPT, ETFE, EFEP. Coefficiente di attrito ridotto. Informati!\" \/>\n<meta name=\"robots\" content=\"index, follow, max-snippet:-1, max-image-preview:large, max-video-preview:-1\" \/>\n<link rel=\"canonical\" href=\"https:\/\/www.coatresa.com\/it\/rivestimenti-daikin\/\" \/>\n<meta property=\"og:locale\" content=\"it_IT\" \/>\n<meta property=\"og:type\" content=\"article\" \/>\n<meta property=\"og:title\" content=\"Rivestimenti Daikin - Coatresa\" \/>\n<meta property=\"og:description\" content=\"Rivestimenti Daikin: applicazione di fluoropolimeri Polyflon PTFE e Neoflon in PFA, FEP, PCTFE, CPT, ETFE, EFEP. Coefficiente di attrito ridotto. Informati!\" \/>\n<meta property=\"og:url\" content=\"https:\/\/www.coatresa.com\/it\/rivestimenti-daikin\/\" \/>\n<meta property=\"og:site_name\" content=\"Coatresa\" \/>\n<meta property=\"article:publisher\" content=\"https:\/\/www.facebook.com\/Coatresa\/\" \/>\n<meta property=\"article:modified_time\" content=\"2019-07-04T15:09:04+00:00\" \/>\n<meta property=\"og:image\" content=\"https:\/\/www.coatresa.com\/wp-content\/uploads\/2018\/07\/recubrimientos-daikin.png\" \/>\n\t<meta property=\"og:image:width\" content=\"200\" \/>\n\t<meta property=\"og:image:height\" content=\"120\" \/>\n\t<meta property=\"og:image:type\" content=\"image\/png\" \/>\n<meta name=\"twitter:card\" content=\"summary_large_image\" \/>\n<meta name=\"twitter:site\" content=\"@Coatresa\" \/>\n<meta name=\"twitter:label1\" content=\"Tempo di lettura stimato\" \/>\n\t<meta name=\"twitter:data1\" content=\"2 minuti\" \/>\n<script type=\"application\/ld+json\" class=\"yoast-schema-graph\">{\"@context\":\"https:\\\/\\\/schema.org\",\"@graph\":[{\"@type\":\"WebPage\",\"@id\":\"https:\\\/\\\/www.coatresa.com\\\/it\\\/rivestimenti-daikin\\\/\",\"url\":\"https:\\\/\\\/www.coatresa.com\\\/it\\\/rivestimenti-daikin\\\/\",\"name\":\"Rivestimenti Daikin - Coatresa\",\"isPartOf\":{\"@id\":\"https:\\\/\\\/www.coatresa.com\\\/it\\\/#website\"},\"primaryImageOfPage\":{\"@id\":\"https:\\\/\\\/www.coatresa.com\\\/it\\\/rivestimenti-daikin\\\/#primaryimage\"},\"image\":{\"@id\":\"https:\\\/\\\/www.coatresa.com\\\/it\\\/rivestimenti-daikin\\\/#primaryimage\"},\"thumbnailUrl\":\"https:\\\/\\\/www.coatresa.com\\\/wp-content\\\/uploads\\\/2018\\\/07\\\/recubrimientos-daikin.png\",\"datePublished\":\"2018-07-12T20:50:10+00:00\",\"dateModified\":\"2019-07-04T15:09:04+00:00\",\"description\":\"Rivestimenti Daikin: applicazione di fluoropolimeri Polyflon PTFE e Neoflon in PFA, FEP, PCTFE, CPT, ETFE, EFEP. Coefficiente di attrito ridotto. Informati!\",\"breadcrumb\":{\"@id\":\"https:\\\/\\\/www.coatresa.com\\\/it\\\/rivestimenti-daikin\\\/#breadcrumb\"},\"inLanguage\":\"it-IT\",\"potentialAction\":[{\"@type\":\"ReadAction\",\"target\":[\"https:\\\/\\\/www.coatresa.com\\\/it\\\/rivestimenti-daikin\\\/\"]}]},{\"@type\":\"ImageObject\",\"inLanguage\":\"it-IT\",\"@id\":\"https:\\\/\\\/www.coatresa.com\\\/it\\\/rivestimenti-daikin\\\/#primaryimage\",\"url\":\"https:\\\/\\\/www.coatresa.com\\\/wp-content\\\/uploads\\\/2018\\\/07\\\/recubrimientos-daikin.png\",\"contentUrl\":\"https:\\\/\\\/www.coatresa.com\\\/wp-content\\\/uploads\\\/2018\\\/07\\\/recubrimientos-daikin.png\",\"width\":200,\"height\":120,\"caption\":\"rivestimenti Daikin\"},{\"@type\":\"BreadcrumbList\",\"@id\":\"https:\\\/\\\/www.coatresa.com\\\/it\\\/rivestimenti-daikin\\\/#breadcrumb\",\"itemListElement\":[{\"@type\":\"ListItem\",\"position\":1,\"name\":\"Portada\",\"item\":\"https:\\\/\\\/www.coatresa.com\\\/it\\\/\"},{\"@type\":\"ListItem\",\"position\":2,\"name\":\"Rivestimenti Daikin\"}]},{\"@type\":\"WebSite\",\"@id\":\"https:\\\/\\\/www.coatresa.com\\\/it\\\/#website\",\"url\":\"https:\\\/\\\/www.coatresa.com\\\/it\\\/\",\"name\":\"Coatresa\",\"description\":\"Aplicaci\u00f3n de recubrimientos antiadherentes y anticorrosivos como el Teflon. Expertos del Powder Coating\",\"publisher\":{\"@id\":\"https:\\\/\\\/www.coatresa.com\\\/it\\\/#organization\"},\"potentialAction\":[{\"@type\":\"SearchAction\",\"target\":{\"@type\":\"EntryPoint\",\"urlTemplate\":\"https:\\\/\\\/www.coatresa.com\\\/it\\\/?s={search_term_string}\"},\"query-input\":{\"@type\":\"PropertyValueSpecification\",\"valueRequired\":true,\"valueName\":\"search_term_string\"}}],\"inLanguage\":\"it-IT\"},{\"@type\":\"Organization\",\"@id\":\"https:\\\/\\\/www.coatresa.com\\\/it\\\/#organization\",\"name\":\"Coatresa\",\"url\":\"https:\\\/\\\/www.coatresa.com\\\/it\\\/\",\"logo\":{\"@type\":\"ImageObject\",\"inLanguage\":\"it-IT\",\"@id\":\"https:\\\/\\\/www.coatresa.com\\\/it\\\/#\\\/schema\\\/logo\\\/image\\\/\",\"url\":\"https:\\\/\\\/www.coatresa.com\\\/wp-content\\\/uploads\\\/2022\\\/07\\\/A_blava_mitja_transp.png\",\"contentUrl\":\"https:\\\/\\\/www.coatresa.com\\\/wp-content\\\/uploads\\\/2022\\\/07\\\/A_blava_mitja_transp.png\",\"width\":340,\"height\":326,\"caption\":\"Coatresa\"},\"image\":{\"@id\":\"https:\\\/\\\/www.coatresa.com\\\/it\\\/#\\\/schema\\\/logo\\\/image\\\/\"},\"sameAs\":[\"https:\\\/\\\/www.facebook.com\\\/Coatresa\\\/\",\"https:\\\/\\\/x.com\\\/Coatresa\",\"https:\\\/\\\/www.linkedin.com\\\/company\\\/coatresa\\\/\",\"https:\\\/\\\/www.youtube.com\\\/user\\\/CoatresaCoatings\"]}]}<\/script>\n<!-- \/ Yoast SEO plugin. -->","yoast_head_json":{"title":"Rivestimenti Daikin - Coatresa","description":"Rivestimenti Daikin: applicazione di fluoropolimeri Polyflon PTFE e Neoflon in PFA, FEP, PCTFE, CPT, ETFE, EFEP. Coefficiente di attrito ridotto. Informati!","robots":{"index":"index","follow":"follow","max-snippet":"max-snippet:-1","max-image-preview":"max-image-preview:large","max-video-preview":"max-video-preview:-1"},"canonical":"https:\/\/www.coatresa.com\/it\/rivestimenti-daikin\/","og_locale":"it_IT","og_type":"article","og_title":"Rivestimenti Daikin - Coatresa","og_description":"Rivestimenti Daikin: applicazione di fluoropolimeri Polyflon PTFE e Neoflon in PFA, FEP, PCTFE, CPT, ETFE, EFEP. Coefficiente di attrito ridotto. Informati!","og_url":"https:\/\/www.coatresa.com\/it\/rivestimenti-daikin\/","og_site_name":"Coatresa","article_publisher":"https:\/\/www.facebook.com\/Coatresa\/","article_modified_time":"2019-07-04T15:09:04+00:00","og_image":[{"width":200,"height":120,"url":"https:\/\/www.coatresa.com\/wp-content\/uploads\/2018\/07\/recubrimientos-daikin.png","type":"image\/png"}],"twitter_card":"summary_large_image","twitter_site":"@Coatresa","twitter_misc":{"Tempo di lettura stimato":"2 minuti"},"schema":{"@context":"https:\/\/schema.org","@graph":[{"@type":"WebPage","@id":"https:\/\/www.coatresa.com\/it\/rivestimenti-daikin\/","url":"https:\/\/www.coatresa.com\/it\/rivestimenti-daikin\/","name":"Rivestimenti Daikin - Coatresa","isPartOf":{"@id":"https:\/\/www.coatresa.com\/it\/#website"},"primaryImageOfPage":{"@id":"https:\/\/www.coatresa.com\/it\/rivestimenti-daikin\/#primaryimage"},"image":{"@id":"https:\/\/www.coatresa.com\/it\/rivestimenti-daikin\/#primaryimage"},"thumbnailUrl":"https:\/\/www.coatresa.com\/wp-content\/uploads\/2018\/07\/recubrimientos-daikin.png","datePublished":"2018-07-12T20:50:10+00:00","dateModified":"2019-07-04T15:09:04+00:00","description":"Rivestimenti Daikin: applicazione di fluoropolimeri Polyflon PTFE e Neoflon in PFA, FEP, PCTFE, CPT, ETFE, EFEP. Coefficiente di attrito ridotto. Informati!","breadcrumb":{"@id":"https:\/\/www.coatresa.com\/it\/rivestimenti-daikin\/#breadcrumb"},"inLanguage":"it-IT","potentialAction":[{"@type":"ReadAction","target":["https:\/\/www.coatresa.com\/it\/rivestimenti-daikin\/"]}]},{"@type":"ImageObject","inLanguage":"it-IT","@id":"https:\/\/www.coatresa.com\/it\/rivestimenti-daikin\/#primaryimage","url":"https:\/\/www.coatresa.com\/wp-content\/uploads\/2018\/07\/recubrimientos-daikin.png","contentUrl":"https:\/\/www.coatresa.com\/wp-content\/uploads\/2018\/07\/recubrimientos-daikin.png","width":200,"height":120,"caption":"rivestimenti Daikin"},{"@type":"BreadcrumbList","@id":"https:\/\/www.coatresa.com\/it\/rivestimenti-daikin\/#breadcrumb","itemListElement":[{"@type":"ListItem","position":1,"name":"Portada","item":"https:\/\/www.coatresa.com\/it\/"},{"@type":"ListItem","position":2,"name":"Rivestimenti Daikin"}]},{"@type":"WebSite","@id":"https:\/\/www.coatresa.com\/it\/#website","url":"https:\/\/www.coatresa.com\/it\/","name":"Coatresa","description":"Aplicaci\u00f3n de recubrimientos antiadherentes y anticorrosivos como el Teflon. Expertos del Powder Coating","publisher":{"@id":"https:\/\/www.coatresa.com\/it\/#organization"},"potentialAction":[{"@type":"SearchAction","target":{"@type":"EntryPoint","urlTemplate":"https:\/\/www.coatresa.com\/it\/?s={search_term_string}"},"query-input":{"@type":"PropertyValueSpecification","valueRequired":true,"valueName":"search_term_string"}}],"inLanguage":"it-IT"},{"@type":"Organization","@id":"https:\/\/www.coatresa.com\/it\/#organization","name":"Coatresa","url":"https:\/\/www.coatresa.com\/it\/","logo":{"@type":"ImageObject","inLanguage":"it-IT","@id":"https:\/\/www.coatresa.com\/it\/#\/schema\/logo\/image\/","url":"https:\/\/www.coatresa.com\/wp-content\/uploads\/2022\/07\/A_blava_mitja_transp.png","contentUrl":"https:\/\/www.coatresa.com\/wp-content\/uploads\/2022\/07\/A_blava_mitja_transp.png","width":340,"height":326,"caption":"Coatresa"},"image":{"@id":"https:\/\/www.coatresa.com\/it\/#\/schema\/logo\/image\/"},"sameAs":["https:\/\/www.facebook.com\/Coatresa\/","https:\/\/x.com\/Coatresa","https:\/\/www.linkedin.com\/company\/coatresa\/","https:\/\/www.youtube.com\/user\/CoatresaCoatings"]}]}},"_links":{"self":[{"href":"https:\/\/www.coatresa.com\/it\/wp-json\/wp\/v2\/pages\/11850","targetHints":{"allow":["GET"]}}],"collection":[{"href":"https:\/\/www.coatresa.com\/it\/wp-json\/wp\/v2\/pages"}],"about":[{"href":"https:\/\/www.coatresa.com\/it\/wp-json\/wp\/v2\/types\/page"}],"author":[{"embeddable":true,"href":"https:\/\/www.coatresa.com\/it\/wp-json\/wp\/v2\/users\/1"}],"replies":[{"embeddable":true,"href":"https:\/\/www.coatresa.com\/it\/wp-json\/wp\/v2\/comments?post=11850"}],"version-history":[{"count":0,"href":"https:\/\/www.coatresa.com\/it\/wp-json\/wp\/v2\/pages\/11850\/revisions"}],"wp:featuredmedia":[{"embeddable":true,"href":"https:\/\/www.coatresa.com\/it\/wp-json\/wp\/v2\/media\/7409"}],"wp:attachment":[{"href":"https:\/\/www.coatresa.com\/it\/wp-json\/wp\/v2\/media?parent=11850"}],"curies":[{"name":"wp","href":"https:\/\/api.w.org\/{rel}","templated":true}]}}