{"id":11854,"date":"2018-07-12T23:10:30","date_gmt":"2018-07-12T21:10:30","guid":{"rendered":"http:\/\/coatresa.com\/recubrimiento-daikin-neoflon\/"},"modified":"2019-03-25T12:21:09","modified_gmt":"2019-03-25T11:21:09","slug":"rivestimento-daikin-neoflon","status":"publish","type":"page","link":"https:\/\/www.coatresa.com\/it\/rivestimento-daikin-neoflon\/","title":{"rendered":"Rivestimento Neoflon"},"content":{"rendered":"<div id=\"pl-11854\"  class=\"panel-layout\" ><div id=\"pg-11854-0\"  class=\"panel-grid panel-has-style\" ><div style=\"padding: 0px 0; \" data-overlay=\"true\" data-overlay-color=\"#000000\" class=\"panel-row-style panel-row-style-for-11854-0\" ><div id=\"pgc-11854-0-0\"  class=\"panel-grid-cell\" ><div id=\"panel-11854-0-0-0\" class=\"so-panel widget_sow-image panel-first-child panel-last-child\" data-index=\"0\" ><div style=\"text-align: left;\" data-title-color=\"#47425d\" data-headings-color=\"#443f3f\" data-title_alignment=\"center\" class=\"panel-widget-style panel-widget-style-for-11854-0-0-0\" ><div\n\t\t\t\n\t\t\tclass=\"so-widget-sow-image so-widget-sow-image-default-c67d20f9f743-11854\"\n\t\t\t\n\t\t>\n<div class=\"sow-image-container\">\n\t\t<img \n\tsrc=\"https:\/\/www.coatresa.com\/wp-content\/uploads\/2018\/07\/recubrimientos-daikin-neoflon-1.png\" width=\"197\" height=\"197\" srcset=\"https:\/\/www.coatresa.com\/wp-content\/uploads\/2018\/07\/recubrimientos-daikin-neoflon-1.png 197w, https:\/\/www.coatresa.com\/wp-content\/uploads\/2018\/07\/recubrimientos-daikin-neoflon-1-150x150.png 150w\" sizes=\"(max-width: 197px) 100vw, 197px\" title=\"recubrimientos Daikin Neoflon\" alt=\"recubrimientos Daikin Neoflon\" \t\tclass=\"so-widget-image\"\/>\n\t<\/div>\n\n<\/div><\/div><\/div><\/div><div id=\"pgc-11854-0-1\"  class=\"panel-grid-cell\" ><div id=\"panel-11854-0-1-0\" class=\"so-panel widget_sow-editor panel-first-child panel-last-child\" data-index=\"1\" ><div style=\"text-align: left;\" data-title-color=\"#47425d\" data-headings-color=\"#000000\" data-title_alignment=\"center\" class=\"panel-widget-style panel-widget-style-for-11854-0-1-0\" ><div\n\t\t\t\n\t\t\tclass=\"so-widget-sow-editor so-widget-sow-editor-base\"\n\t\t\t\n\t\t>\n<div class=\"siteorigin-widget-tinymce textwidget\">\n\t<h1 style=\"text-align: left;\">Rivestimento Neoflon \u00ae<\/h1>\n<hr align=\"left\" \/>\n<p style=\"text-align: justify;\"><b>Neoflon<\/b>\u00ae \u00e8 il brand con cui Daikin commercializza i suoi fluoropolimeri. Questi prodotti vengono utilizzati soprattutto nel settore automotive, nell\u2019aviazione, nei semiconduttori, nella tecnologia dell\u2019informazione e in articoli ed elettrodomestici per via della loro propriet\u00e0 antiadesiva, del loro basso coefficiente di attrito, oltre che per la loro resistenza termica e chimica e per le loro propriet\u00e0 elettriche rispetto ad altri polimeri.<\/p>\n<\/div>\n<\/div><\/div><\/div><\/div><\/div><\/div><div id=\"pg-11854-1\"  class=\"panel-grid panel-has-style\" ><div class=\"FRANJA-BLAVA-TITOL siteorigin-panels-stretch panel-row-style panel-row-style-for-11854-1\" style=\"padding: 0px 0; \" data-stretch-type=\"full\" data-overlay=\"true\" data-overlay-color=\"#000000\" ><div id=\"pgc-11854-1-0\"  class=\"panel-grid-cell\" ><div id=\"panel-11854-1-0-0\" class=\"so-panel widget_sow-editor panel-first-child panel-last-child\" data-index=\"2\" ><div class=\"blanc panel-widget-style panel-widget-style-for-11854-1-0-0\" style=\"text-align: left;\" data-title-color=\"#47425d\" data-headings-color=\"#443f3f\" data-title_alignment=\"center\" ><div\n\t\t\t\n\t\t\tclass=\"so-widget-sow-editor so-widget-sow-editor-base\"\n\t\t\t\n\t\t>\n<div class=\"siteorigin-widget-tinymce textwidget\">\n\t<h2 style=\"text-align: center;\">Gamma di prodotti Neoflon \u00ae<\/h2>\n<\/div>\n<\/div><\/div><\/div><\/div><\/div><\/div><div id=\"pg-11854-2\"  class=\"panel-grid panel-has-style\" ><div class=\"BGC-GRIS siteorigin-panels-stretch panel-row-style panel-row-style-for-11854-2\" style=\"padding: 50px 0; \" data-stretch-type=\"full\" data-overlay=\"true\" data-overlay-color=\"#000000\" ><div id=\"pgc-11854-2-0\"  class=\"panel-grid-cell\" ><div id=\"panel-11854-2-0-0\" class=\"so-panel widget_sow-editor panel-first-child\" data-index=\"3\" ><div class=\"TEXTOS-DESTACATS panel-widget-style panel-widget-style-for-11854-2-0-0\" style=\"text-align: left;\" data-title-color=\"#47425d\" data-headings-color=\"#443f3f\" data-title_alignment=\"center\" ><div\n\t\t\t\n\t\t\tclass=\"so-widget-sow-editor so-widget-sow-editor-base\"\n\t\t\t\n\t\t>\n<div class=\"siteorigin-widget-tinymce textwidget\">\n\t<p style=\"text-align: center;\">Il marchio Neoflon\u00ae comprende una vasta gamma di prodotti, ognuno dei quali \u00e8 un derivato del PTFE o politetrafluoroetilene:<\/p>\n<\/div>\n<\/div><\/div><\/div><div id=\"panel-11854-2-0-1\" class=\"so-panel widget_siteorigin-panels-builder panel-last-child\" data-index=\"4\" ><div class=\"MARGE-LLISTA panel-widget-style panel-widget-style-for-11854-2-0-1\" style=\"text-align: left;\" data-title-color=\"#47425d\" data-headings-color=\"#443f3f\" data-title_alignment=\"center\" ><div id=\"pl-w5b9253715d36a\"  class=\"panel-layout\" ><div id=\"pg-w5b9253715d36a-0\"  class=\"panel-grid panel-has-style\" ><div style=\"padding: 0px 0; \" data-overlay=\"true\" data-overlay-color=\"#000000\" class=\"panel-row-style panel-row-style-for-w5b9253715d36a-0\" ><div id=\"pgc-w5b9253715d36a-0-0\"  class=\"panel-grid-cell\" ><div id=\"panel-w5b9253715d36a-0-0-0\" class=\"so-panel widget_sow-editor panel-first-child\" data-index=\"0\" ><div style=\"text-align: left;\" data-title-color=\"#47425d\" data-headings-color=\"#443f3f\" data-title_alignment=\"center\" class=\"panel-widget-style panel-widget-style-for-w5b9253715d36a-0-0-0\" ><div\n\t\t\t\n\t\t\tclass=\"so-widget-sow-editor so-widget-sow-editor-base\"\n\t\t\t\n\t\t>\n<div class=\"siteorigin-widget-tinymce textwidget\">\n\t<p style=\"text-align: justify;\"><b>Neoflon<\/b>\u00ae\u00a0<b>PFA<\/b>\u00a0o perfluoroalcossi \u00e8 un copolimero di tetrafluoroetilene e perfluoroalchilviniletere. Si tratta di un perfluoropolimero formato da soli atomi di carbonio e di fluoro, senza alcun atomo di idrogeno. Offre gli stessi vantaggi del PTFE in un ampio ventaglio di temperature, presentando inoltre un\u2019eccellente trasparenza e una grande forza meccanica se sottoposto ad alte temperature.<\/p>\n<\/div>\n<\/div><\/div><\/div><div id=\"panel-w5b9253715d36a-0-0-1\" class=\"so-panel widget_sow-editor\" data-index=\"1\" ><div style=\"text-align: left;\" data-title-color=\"#47425d\" data-headings-color=\"#443f3f\" data-title_alignment=\"center\" class=\"panel-widget-style panel-widget-style-for-w5b9253715d36a-0-0-1\" ><div\n\t\t\t\n\t\t\tclass=\"so-widget-sow-editor so-widget-sow-editor-base\"\n\t\t\t\n\t\t>\n<div class=\"siteorigin-widget-tinymce textwidget\">\n\t<p style=\"text-align: justify;\"><b>Neoflon<\/b>\u00ae\u00a0<b>FEP<\/b>\u00a0\u00e8 un copolimero perfluorato di tetrafluoroetilene ed esafluoroetilene. Possiede ottime propriet\u00e0 elettriche, come il PTFE, essendo formato da soli atomi di fluoro e carbonio. Ha la stessa resistenza chimica e meccanica del PFA, con una resistenza ad alte temperature inferiore a quella del PFA.<\/p>\n<\/div>\n<\/div><\/div><\/div><div id=\"panel-w5b9253715d36a-0-0-2\" class=\"so-panel widget_sow-editor\" data-index=\"2\" ><div style=\"text-align: left;\" data-title-color=\"#47425d\" data-headings-color=\"#443f3f\" data-title_alignment=\"center\" class=\"panel-widget-style panel-widget-style-for-w5b9253715d36a-0-0-2\" ><div\n\t\t\t\n\t\t\tclass=\"so-widget-sow-editor so-widget-sow-editor-base\"\n\t\t\t\n\t\t>\n<div class=\"siteorigin-widget-tinymce textwidget\">\n\t<p style=\"text-align: justify;\"><b>Neoflon<\/b>\u00ae\u00a0<b>PCTFE<\/b>\u00a0forma un\u2019eccellente barriera ai gas, soprattutto grazie alla sua bassa permeabilit\u00e0 all\u2019umidit\u00e0 e al vapore rispetto ad altri tipi di plastica. La sua resistenza alle temperature elevate ed agli agenti chimici \u00e8 inferiore a quella del PFA e del FEP, ma le sue caratteristiche meccaniche, soprattutto la durezza, sono superiori.<\/p>\n<\/div>\n<\/div><\/div><\/div><div id=\"panel-w5b9253715d36a-0-0-3\" class=\"so-panel widget_sow-editor\" data-index=\"3\" ><div style=\"text-align: left;\" data-title-color=\"#47425d\" data-headings-color=\"#443f3f\" data-title_alignment=\"center\" class=\"panel-widget-style panel-widget-style-for-w5b9253715d36a-0-0-3\" ><div\n\t\t\t\n\t\t\tclass=\"so-widget-sow-editor so-widget-sow-editor-base\"\n\t\t\t\n\t\t>\n<div class=\"siteorigin-widget-tinymce textwidget\">\n\t<p style=\"text-align: justify;\"><b>Neoflon<\/b>\u00ae\u00a0<b>CPT<\/b>\u00a0\u00e8 un nuovo tipo di fluoropolimero dalle eccellenti propriet\u00e0 di impenetrabilit\u00e0 da qualsiasi tipo di solvente organico e da acidi estremamente attivi come HF, HCl, HNO3. Viene fabbricato per aderire ad altri elementi in plastica.<\/p>\n<\/div>\n<\/div><\/div><\/div><div id=\"panel-w5b9253715d36a-0-0-4\" class=\"so-panel widget_sow-editor\" data-index=\"4\" ><div style=\"text-align: left;\" data-title-color=\"#47425d\" data-headings-color=\"#443f3f\" data-title_alignment=\"center\" class=\"panel-widget-style panel-widget-style-for-w5b9253715d36a-0-0-4\" ><div\n\t\t\t\n\t\t\tclass=\"so-widget-sow-editor so-widget-sow-editor-base\"\n\t\t\t\n\t\t>\n<div class=\"siteorigin-widget-tinymce textwidget\">\n\t<p style=\"text-align: justify;\"><b>Neoflon<\/b>\u00ae\u00a0<b>ETFE<\/b>\u00a0\u00e8 un copolimero di tetrafluoroetilene ed etilene ed ha la gravit\u00e0 specifica pi\u00f9 bassa di qualsiasi altro fluoropolimero. Possiede inoltre caratteristiche di fusione e propriet\u00e0 meccaniche superiori rispetto al PTFE e al FEP ed ha inoltre buone propriet\u00e0 elettriche e chimiche. \u00c8 adeguato per applicazioni che necessitino di durezza meccanica, resistenza chimica, resistenza alle alte temperature e propriet\u00e0 elettriche.<\/p>\n<\/div>\n<\/div><\/div><\/div><div id=\"panel-w5b9253715d36a-0-0-5\" class=\"so-panel widget_sow-editor panel-last-child\" data-index=\"5\" ><div style=\"text-align: left;\" data-title-color=\"#47425d\" data-headings-color=\"#443f3f\" data-title_alignment=\"center\" class=\"panel-widget-style panel-widget-style-for-w5b9253715d36a-0-0-5\" ><div\n\t\t\t\n\t\t\tclass=\"so-widget-sow-editor so-widget-sow-editor-base\"\n\t\t\t\n\t\t>\n<div class=\"siteorigin-widget-tinymce textwidget\">\n\t<p style=\"text-align: justify;\"><b>Neoflon<\/b>\u00ae\u00a0<b>EFEP<\/b>\u00a0\u00e8 un nuovo fluoropolimero in grado di aderire ad altri materiali diversi dai fluoropolimeri antiadesivi esistenti. Oltre a questo, ha la stessa resistenza chimica degli altri fluoropolimeri. \u00c8 pi\u00f9 trasparente rispetto ai fluoropolimeri tradizionali e, secondo Daikin, costituisce la prossima generazione di materiali destinata ad ampliare le possibilit\u00e0 di applicazione con fluoropolimeri.<\/p>\n<\/div>\n<\/div><\/div><\/div><\/div><\/div><\/div><\/div><\/div><\/div><\/div><\/div><\/div><div id=\"pg-11854-3\"  class=\"panel-grid panel-has-style\" ><div class=\"siteorigin-panels-stretch panel-row-style panel-row-style-for-11854-3\" style=\"padding: 50px 0; \" data-stretch-type=\"full\" data-overlay=\"true\" data-overlay-color=\"#000000\" ><div id=\"pgc-11854-3-0\"  class=\"panel-grid-cell\" ><div id=\"panel-11854-3-0-0\" class=\"so-panel widget_siteorigin-panels-builder panel-first-child panel-last-child\" data-index=\"5\" ><div style=\"text-align: left;\" data-title-color=\"#47425d\" data-headings-color=\"#443f3f\" data-title_alignment=\"center\" class=\"panel-widget-style panel-widget-style-for-11854-3-0-0\" ><div id=\"pl-w5c98b9a5054df\"  class=\"panel-layout\" ><div id=\"pg-w5c98b9a5054df-0\"  class=\"panel-grid panel-has-style\" ><div style=\"padding: 0px 0; \" data-overlay=\"true\" data-overlay-color=\"#000000\" class=\"panel-row-style panel-row-style-for-w5c98b9a5054df-0\" ><div id=\"pgc-w5c98b9a5054df-0-0\"  class=\"panel-grid-cell\" ><div id=\"panel-w5c98b9a5054df-0-0-0\" class=\"so-panel widget_sow-editor panel-first-child panel-last-child\" data-index=\"0\" ><div style=\"text-align: left;\" data-title-color=\"#47425d\" data-headings-color=\"#443f3f\" data-title_alignment=\"center\" class=\"panel-widget-style panel-widget-style-for-w5c98b9a5054df-0-0-0\" ><div\n\t\t\t\n\t\t\tclass=\"so-widget-sow-editor so-widget-sow-editor-base\"\n\t\t\t\n\t\t>\n<div class=\"siteorigin-widget-tinymce textwidget\">\n\t<h2 class=\"BLAU-FOSC\" style=\"text-align: center;\">Riferimenti Neoflon\u00ae<\/h2>\n<\/div>\n<\/div><\/div><\/div><\/div><\/div><\/div><div id=\"pg-w5c98b9a5054df-1\"  class=\"panel-grid panel-has-style\" ><div style=\"padding: 0px 0; \" data-overlay=\"true\" data-overlay-color=\"#000000\" class=\"panel-row-style panel-row-style-for-w5c98b9a5054df-1\" ><div id=\"pgc-w5c98b9a5054df-1-0\"  class=\"panel-grid-cell\" ><div id=\"panel-w5c98b9a5054df-1-0-0\" class=\"so-panel widget_sow-editor panel-first-child panel-last-child\" data-index=\"1\" ><div style=\"text-align: left;\" data-title-color=\"#47425d\" data-headings-color=\"#443f3f\" data-title_alignment=\"center\" class=\"panel-widget-style panel-widget-style-for-w5c98b9a5054df-1-0-0\" ><div\n\t\t\t\n\t\t\tclass=\"so-widget-sow-editor so-widget-sow-editor-base\"\n\t\t\t\n\t\t>\n<div class=\"siteorigin-widget-tinymce textwidget\">\n\t<p style=\"text-align: center; padding-top: 40px;\"><b>FEP NC-1500<\/b><br \/>\n<b>FEP NC-1511<\/b><br \/>\n<b>FEP NC-1515<\/b><br \/>\n<b>FEP NC-1519<\/b><br \/>\n<b>FEP NC-1539N<\/b><br \/>\n<b>FEP NCX-1<\/b><br \/>\n<b>FEP NCX-11<\/b><br \/>\n<b>EFEP RC-4520<\/b><\/p>\n<\/div>\n<\/div><\/div><\/div><\/div><div id=\"pgc-w5c98b9a5054df-1-1\"  class=\"panel-grid-cell\" ><div id=\"panel-w5c98b9a5054df-1-1-0\" class=\"so-panel widget_sow-editor panel-first-child panel-last-child\" data-index=\"2\" ><div style=\"text-align: left;\" data-title-color=\"#47425d\" data-headings-color=\"#443f3f\" data-title_alignment=\"center\" class=\"panel-widget-style panel-widget-style-for-w5c98b9a5054df-1-1-0\" ><div\n\t\t\t\n\t\t\tclass=\"so-widget-sow-editor so-widget-sow-editor-base\"\n\t\t\t\n\t\t>\n<div class=\"siteorigin-widget-tinymce textwidget\">\n\t<p style=\"text-align: center; padding-top: 40px;\"><b>ETFE EC-6510<\/b><br \/>\n<b>ETFE EC-6511<\/b><br \/>\n<b>ETFE EC-6515<\/b><br \/>\n<b>ETFE EC-6516<\/b><br \/>\n<b>ETFE EC-6519<\/b><br \/>\n<b>ETFE EC-6820<\/b><br \/>\n<b>ETFE EPW-1606BL<\/b><br \/>\n<b>ETFE EPW-1609BK<\/b><\/p>\n<\/div>\n<\/div><\/div><\/div><\/div><div id=\"pgc-w5c98b9a5054df-1-2\"  class=\"panel-grid-cell\" ><div id=\"panel-w5c98b9a5054df-1-2-0\" class=\"so-panel widget_sow-editor panel-first-child panel-last-child\" data-index=\"3\" ><div style=\"text-align: left;\" data-title-color=\"#47425d\" data-headings-color=\"#443f3f\" data-title_alignment=\"center\" class=\"panel-widget-style panel-widget-style-for-w5c98b9a5054df-1-2-0\" ><div\n\t\t\t\n\t\t\tclass=\"so-widget-sow-editor so-widget-sow-editor-base\"\n\t\t\t\n\t\t>\n<div class=\"siteorigin-widget-tinymce textwidget\">\n\t<p style=\"text-align: center; padding-top: 40px;\"><b>PFA AC-5539<\/b><br \/>\n<b>PFA AC-5600<\/b><br \/>\n<b>PFA AC-5820<\/b><br \/>\n<b>PFA AC-5830<\/b><br \/>\n<b>PFA AC-5840<\/b><br \/>\n<b>PFA ACX-21<\/b><br \/>\n<b>PFA ACX-31<\/b><br \/>\n<b>PFA ACX-34<\/b><br \/>\n<b>PFA ACX-41<\/b><\/p>\n<\/div>\n<\/div><\/div><\/div><\/div><\/div><\/div><\/div><\/div><\/div><\/div><\/div><\/div><\/div>","protected":false},"excerpt":{"rendered":"<p>Rivestimento Neoflon \u00ae Neoflon\u00ae \u00e8 il brand con cui Daikin commercializza i suoi fluoropolimeri. Questi prodotti vengono utilizzati soprattutto nel settore automotive, [&hellip;]<\/p>\n","protected":false},"author":1,"featured_media":7845,"parent":0,"menu_order":0,"comment_status":"closed","ping_status":"closed","template":"page-templates\/page_fullwidth.php","meta":{"footnotes":""},"class_list":["post-11854","page","type-page","status-publish","has-post-thumbnail","hentry"],"yoast_head":"<!-- This site is optimized with the Yoast SEO plugin v27.6 - https:\/\/yoast.com\/product\/yoast-seo-wordpress\/ -->\n<title>Rivestimento Neoflon - Coatresa<\/title>\n<meta name=\"description\" content=\"Rivestimento Neoflon Daikin : applicazione di fluoropolimeri come Neoflon PFA, Neoflon FEP, Neoflon PCTFE, Neoflon CPT, Neoflon ETFE e Neoflon EFEP.\" \/>\n<meta name=\"robots\" content=\"index, follow, max-snippet:-1, max-image-preview:large, max-video-preview:-1\" \/>\n<link rel=\"canonical\" href=\"https:\/\/www.coatresa.com\/it\/rivestimento-daikin-neoflon\/\" \/>\n<meta property=\"og:locale\" content=\"it_IT\" \/>\n<meta property=\"og:type\" content=\"article\" \/>\n<meta property=\"og:title\" content=\"Rivestimento Neoflon - Coatresa\" \/>\n<meta property=\"og:description\" content=\"Rivestimento Neoflon Daikin : applicazione di fluoropolimeri come Neoflon PFA, Neoflon FEP, Neoflon PCTFE, Neoflon CPT, Neoflon ETFE e Neoflon EFEP.\" \/>\n<meta property=\"og:url\" content=\"https:\/\/www.coatresa.com\/it\/rivestimento-daikin-neoflon\/\" \/>\n<meta property=\"og:site_name\" content=\"Coatresa\" \/>\n<meta property=\"article:publisher\" content=\"https:\/\/www.facebook.com\/Coatresa\/\" \/>\n<meta property=\"article:modified_time\" content=\"2019-03-25T11:21:09+00:00\" \/>\n<meta property=\"og:image\" content=\"https:\/\/www.coatresa.com\/wp-content\/uploads\/2018\/07\/recubrimientos-daikin-neoflon-1.png\" \/>\n\t<meta property=\"og:image:width\" content=\"197\" \/>\n\t<meta property=\"og:image:height\" content=\"197\" \/>\n\t<meta property=\"og:image:type\" content=\"image\/png\" \/>\n<meta name=\"twitter:card\" content=\"summary_large_image\" \/>\n<meta name=\"twitter:site\" content=\"@Coatresa\" \/>\n<meta name=\"twitter:label1\" content=\"Tempo di lettura stimato\" \/>\n\t<meta name=\"twitter:data1\" content=\"2 minuti\" \/>\n<script type=\"application\/ld+json\" class=\"yoast-schema-graph\">{\"@context\":\"https:\\\/\\\/schema.org\",\"@graph\":[{\"@type\":\"WebPage\",\"@id\":\"https:\\\/\\\/www.coatresa.com\\\/it\\\/rivestimento-daikin-neoflon\\\/\",\"url\":\"https:\\\/\\\/www.coatresa.com\\\/it\\\/rivestimento-daikin-neoflon\\\/\",\"name\":\"Rivestimento Neoflon - Coatresa\",\"isPartOf\":{\"@id\":\"https:\\\/\\\/www.coatresa.com\\\/it\\\/#website\"},\"primaryImageOfPage\":{\"@id\":\"https:\\\/\\\/www.coatresa.com\\\/it\\\/rivestimento-daikin-neoflon\\\/#primaryimage\"},\"image\":{\"@id\":\"https:\\\/\\\/www.coatresa.com\\\/it\\\/rivestimento-daikin-neoflon\\\/#primaryimage\"},\"thumbnailUrl\":\"https:\\\/\\\/www.coatresa.com\\\/wp-content\\\/uploads\\\/2018\\\/07\\\/recubrimientos-daikin-neoflon-1.png\",\"datePublished\":\"2018-07-12T21:10:30+00:00\",\"dateModified\":\"2019-03-25T11:21:09+00:00\",\"description\":\"Rivestimento Neoflon Daikin : applicazione di fluoropolimeri come Neoflon PFA, Neoflon FEP, Neoflon PCTFE, Neoflon CPT, Neoflon ETFE e Neoflon EFEP.\",\"breadcrumb\":{\"@id\":\"https:\\\/\\\/www.coatresa.com\\\/it\\\/rivestimento-daikin-neoflon\\\/#breadcrumb\"},\"inLanguage\":\"it-IT\",\"potentialAction\":[{\"@type\":\"ReadAction\",\"target\":[\"https:\\\/\\\/www.coatresa.com\\\/it\\\/rivestimento-daikin-neoflon\\\/\"]}]},{\"@type\":\"ImageObject\",\"inLanguage\":\"it-IT\",\"@id\":\"https:\\\/\\\/www.coatresa.com\\\/it\\\/rivestimento-daikin-neoflon\\\/#primaryimage\",\"url\":\"https:\\\/\\\/www.coatresa.com\\\/wp-content\\\/uploads\\\/2018\\\/07\\\/recubrimientos-daikin-neoflon-1.png\",\"contentUrl\":\"https:\\\/\\\/www.coatresa.com\\\/wp-content\\\/uploads\\\/2018\\\/07\\\/recubrimientos-daikin-neoflon-1.png\",\"width\":197,\"height\":197,\"caption\":\"rivestimento Daikin Neoflon\"},{\"@type\":\"BreadcrumbList\",\"@id\":\"https:\\\/\\\/www.coatresa.com\\\/it\\\/rivestimento-daikin-neoflon\\\/#breadcrumb\",\"itemListElement\":[{\"@type\":\"ListItem\",\"position\":1,\"name\":\"Portada\",\"item\":\"https:\\\/\\\/www.coatresa.com\\\/it\\\/\"},{\"@type\":\"ListItem\",\"position\":2,\"name\":\"Rivestimento Neoflon\"}]},{\"@type\":\"WebSite\",\"@id\":\"https:\\\/\\\/www.coatresa.com\\\/it\\\/#website\",\"url\":\"https:\\\/\\\/www.coatresa.com\\\/it\\\/\",\"name\":\"Coatresa\",\"description\":\"Aplicaci\u00f3n de recubrimientos antiadherentes y anticorrosivos como el Teflon. Expertos del Powder Coating\",\"publisher\":{\"@id\":\"https:\\\/\\\/www.coatresa.com\\\/it\\\/#organization\"},\"potentialAction\":[{\"@type\":\"SearchAction\",\"target\":{\"@type\":\"EntryPoint\",\"urlTemplate\":\"https:\\\/\\\/www.coatresa.com\\\/it\\\/?s={search_term_string}\"},\"query-input\":{\"@type\":\"PropertyValueSpecification\",\"valueRequired\":true,\"valueName\":\"search_term_string\"}}],\"inLanguage\":\"it-IT\"},{\"@type\":\"Organization\",\"@id\":\"https:\\\/\\\/www.coatresa.com\\\/it\\\/#organization\",\"name\":\"Coatresa\",\"url\":\"https:\\\/\\\/www.coatresa.com\\\/it\\\/\",\"logo\":{\"@type\":\"ImageObject\",\"inLanguage\":\"it-IT\",\"@id\":\"https:\\\/\\\/www.coatresa.com\\\/it\\\/#\\\/schema\\\/logo\\\/image\\\/\",\"url\":\"https:\\\/\\\/www.coatresa.com\\\/wp-content\\\/uploads\\\/2022\\\/07\\\/A_blava_mitja_transp.png\",\"contentUrl\":\"https:\\\/\\\/www.coatresa.com\\\/wp-content\\\/uploads\\\/2022\\\/07\\\/A_blava_mitja_transp.png\",\"width\":340,\"height\":326,\"caption\":\"Coatresa\"},\"image\":{\"@id\":\"https:\\\/\\\/www.coatresa.com\\\/it\\\/#\\\/schema\\\/logo\\\/image\\\/\"},\"sameAs\":[\"https:\\\/\\\/www.facebook.com\\\/Coatresa\\\/\",\"https:\\\/\\\/x.com\\\/Coatresa\",\"https:\\\/\\\/www.linkedin.com\\\/company\\\/coatresa\\\/\",\"https:\\\/\\\/www.youtube.com\\\/user\\\/CoatresaCoatings\"]}]}<\/script>\n<!-- \/ Yoast SEO plugin. -->","yoast_head_json":{"title":"Rivestimento Neoflon - Coatresa","description":"Rivestimento Neoflon Daikin : applicazione di fluoropolimeri come Neoflon PFA, Neoflon FEP, Neoflon PCTFE, Neoflon CPT, Neoflon ETFE e Neoflon EFEP.","robots":{"index":"index","follow":"follow","max-snippet":"max-snippet:-1","max-image-preview":"max-image-preview:large","max-video-preview":"max-video-preview:-1"},"canonical":"https:\/\/www.coatresa.com\/it\/rivestimento-daikin-neoflon\/","og_locale":"it_IT","og_type":"article","og_title":"Rivestimento Neoflon - Coatresa","og_description":"Rivestimento Neoflon Daikin : applicazione di fluoropolimeri come Neoflon PFA, Neoflon FEP, Neoflon PCTFE, Neoflon CPT, Neoflon ETFE e Neoflon EFEP.","og_url":"https:\/\/www.coatresa.com\/it\/rivestimento-daikin-neoflon\/","og_site_name":"Coatresa","article_publisher":"https:\/\/www.facebook.com\/Coatresa\/","article_modified_time":"2019-03-25T11:21:09+00:00","og_image":[{"width":197,"height":197,"url":"https:\/\/www.coatresa.com\/wp-content\/uploads\/2018\/07\/recubrimientos-daikin-neoflon-1.png","type":"image\/png"}],"twitter_card":"summary_large_image","twitter_site":"@Coatresa","twitter_misc":{"Tempo di lettura stimato":"2 minuti"},"schema":{"@context":"https:\/\/schema.org","@graph":[{"@type":"WebPage","@id":"https:\/\/www.coatresa.com\/it\/rivestimento-daikin-neoflon\/","url":"https:\/\/www.coatresa.com\/it\/rivestimento-daikin-neoflon\/","name":"Rivestimento Neoflon - Coatresa","isPartOf":{"@id":"https:\/\/www.coatresa.com\/it\/#website"},"primaryImageOfPage":{"@id":"https:\/\/www.coatresa.com\/it\/rivestimento-daikin-neoflon\/#primaryimage"},"image":{"@id":"https:\/\/www.coatresa.com\/it\/rivestimento-daikin-neoflon\/#primaryimage"},"thumbnailUrl":"https:\/\/www.coatresa.com\/wp-content\/uploads\/2018\/07\/recubrimientos-daikin-neoflon-1.png","datePublished":"2018-07-12T21:10:30+00:00","dateModified":"2019-03-25T11:21:09+00:00","description":"Rivestimento Neoflon Daikin : applicazione di fluoropolimeri come Neoflon PFA, Neoflon FEP, Neoflon PCTFE, Neoflon CPT, Neoflon ETFE e Neoflon EFEP.","breadcrumb":{"@id":"https:\/\/www.coatresa.com\/it\/rivestimento-daikin-neoflon\/#breadcrumb"},"inLanguage":"it-IT","potentialAction":[{"@type":"ReadAction","target":["https:\/\/www.coatresa.com\/it\/rivestimento-daikin-neoflon\/"]}]},{"@type":"ImageObject","inLanguage":"it-IT","@id":"https:\/\/www.coatresa.com\/it\/rivestimento-daikin-neoflon\/#primaryimage","url":"https:\/\/www.coatresa.com\/wp-content\/uploads\/2018\/07\/recubrimientos-daikin-neoflon-1.png","contentUrl":"https:\/\/www.coatresa.com\/wp-content\/uploads\/2018\/07\/recubrimientos-daikin-neoflon-1.png","width":197,"height":197,"caption":"rivestimento Daikin Neoflon"},{"@type":"BreadcrumbList","@id":"https:\/\/www.coatresa.com\/it\/rivestimento-daikin-neoflon\/#breadcrumb","itemListElement":[{"@type":"ListItem","position":1,"name":"Portada","item":"https:\/\/www.coatresa.com\/it\/"},{"@type":"ListItem","position":2,"name":"Rivestimento Neoflon"}]},{"@type":"WebSite","@id":"https:\/\/www.coatresa.com\/it\/#website","url":"https:\/\/www.coatresa.com\/it\/","name":"Coatresa","description":"Aplicaci\u00f3n de recubrimientos antiadherentes y anticorrosivos como el Teflon. Expertos del Powder Coating","publisher":{"@id":"https:\/\/www.coatresa.com\/it\/#organization"},"potentialAction":[{"@type":"SearchAction","target":{"@type":"EntryPoint","urlTemplate":"https:\/\/www.coatresa.com\/it\/?s={search_term_string}"},"query-input":{"@type":"PropertyValueSpecification","valueRequired":true,"valueName":"search_term_string"}}],"inLanguage":"it-IT"},{"@type":"Organization","@id":"https:\/\/www.coatresa.com\/it\/#organization","name":"Coatresa","url":"https:\/\/www.coatresa.com\/it\/","logo":{"@type":"ImageObject","inLanguage":"it-IT","@id":"https:\/\/www.coatresa.com\/it\/#\/schema\/logo\/image\/","url":"https:\/\/www.coatresa.com\/wp-content\/uploads\/2022\/07\/A_blava_mitja_transp.png","contentUrl":"https:\/\/www.coatresa.com\/wp-content\/uploads\/2022\/07\/A_blava_mitja_transp.png","width":340,"height":326,"caption":"Coatresa"},"image":{"@id":"https:\/\/www.coatresa.com\/it\/#\/schema\/logo\/image\/"},"sameAs":["https:\/\/www.facebook.com\/Coatresa\/","https:\/\/x.com\/Coatresa","https:\/\/www.linkedin.com\/company\/coatresa\/","https:\/\/www.youtube.com\/user\/CoatresaCoatings"]}]}},"_links":{"self":[{"href":"https:\/\/www.coatresa.com\/it\/wp-json\/wp\/v2\/pages\/11854","targetHints":{"allow":["GET"]}}],"collection":[{"href":"https:\/\/www.coatresa.com\/it\/wp-json\/wp\/v2\/pages"}],"about":[{"href":"https:\/\/www.coatresa.com\/it\/wp-json\/wp\/v2\/types\/page"}],"author":[{"embeddable":true,"href":"https:\/\/www.coatresa.com\/it\/wp-json\/wp\/v2\/users\/1"}],"replies":[{"embeddable":true,"href":"https:\/\/www.coatresa.com\/it\/wp-json\/wp\/v2\/comments?post=11854"}],"version-history":[{"count":0,"href":"https:\/\/www.coatresa.com\/it\/wp-json\/wp\/v2\/pages\/11854\/revisions"}],"wp:featuredmedia":[{"embeddable":true,"href":"https:\/\/www.coatresa.com\/it\/wp-json\/wp\/v2\/media\/7845"}],"wp:attachment":[{"href":"https:\/\/www.coatresa.com\/it\/wp-json\/wp\/v2\/media?parent=11854"}],"curies":[{"name":"wp","href":"https:\/\/api.w.org\/{rel}","templated":true}]}}