{"id":11884,"date":"2018-07-18T11:47:58","date_gmt":"2018-07-18T09:47:58","guid":{"rendered":"http:\/\/coatresa.com\/recubrimiento-hempel-avantguard\/"},"modified":"2018-09-07T14:08:24","modified_gmt":"2018-09-07T12:08:24","slug":"rivestimento-hempel-avantguard","status":"publish","type":"page","link":"https:\/\/www.coatresa.com\/it\/rivestimento-hempel-avantguard\/","title":{"rendered":"Rivestimento Avantguard"},"content":{"rendered":"<div id=\"pl-11884\"  class=\"panel-layout\" ><div id=\"pg-11884-0\"  class=\"panel-grid panel-has-style\" ><div style=\"padding: 0px 0; \" data-overlay=\"true\" data-overlay-color=\"#000000\" class=\"panel-row-style panel-row-style-for-11884-0\" ><div id=\"pgc-11884-0-0\"  class=\"panel-grid-cell\" ><div id=\"panel-11884-0-0-0\" class=\"so-panel widget_sow-image panel-first-child panel-last-child\" data-index=\"0\" ><div style=\"text-align: left;\" data-title-color=\"#47425d\" data-headings-color=\"#443f3f\" data-title_alignment=\"center\" class=\"panel-widget-style panel-widget-style-for-11884-0-0-0\" ><div\n\t\t\t\n\t\t\tclass=\"so-widget-sow-image so-widget-sow-image-default-c67d20f9f743-11884\"\n\t\t\t\n\t\t>\n<div class=\"sow-image-container\">\n\t\t<img \n\tsrc=\"https:\/\/www.coatresa.com\/wp-content\/uploads\/2018\/07\/recubrimientos-avantguard.png\" width=\"197\" height=\"197\" srcset=\"https:\/\/www.coatresa.com\/wp-content\/uploads\/2018\/07\/recubrimientos-avantguard.png 197w, https:\/\/www.coatresa.com\/wp-content\/uploads\/2018\/07\/recubrimientos-avantguard-150x150.png 150w\" sizes=\"(max-width: 197px) 100vw, 197px\" title=\"recubrimientos Avantguard\" alt=\"recubrimientos Avantguard\" \t\tclass=\"so-widget-image\"\/>\n\t<\/div>\n\n<\/div><\/div><\/div><\/div><div id=\"pgc-11884-0-1\"  class=\"panel-grid-cell\" ><div id=\"panel-11884-0-1-0\" class=\"so-panel widget_sow-editor panel-first-child panel-last-child\" data-index=\"1\" ><div style=\"text-align: left;\" data-title-color=\"#47425d\" data-headings-color=\"#000000\" data-title_alignment=\"center\" class=\"panel-widget-style panel-widget-style-for-11884-0-1-0\" ><div\n\t\t\t\n\t\t\tclass=\"so-widget-sow-editor so-widget-sow-editor-base\"\n\t\t\t\n\t\t>\n<div class=\"siteorigin-widget-tinymce textwidget\">\n\t<h1 style=\"text-align: left;\">Rivestimento Avantguard \u00ae<\/h1>\n<hr align=\"left\" \/>\n<p style=\"text-align: justify;\">I rivestimenti\u00a0<b>Avantguard<\/b>\u00ae di Hempel sono a base di zinco attivato ed offrono cos\u00ec una migliore protezione anticorrosiva. La combinazione di sfere di vetro cave e zinco, assieme all\u2019attivatore brevettato, offre un rivestimento protettivo ad alto rendimento, che riduce gli effetti della corrosione e offre una durabilit\u00e0 maggiore, oltre ad essere in grado di resistere a condizioni climatiche estreme.<\/p>\n<p>Le propriet\u00e0 anticorrosive dei rivestimenti\u00a0Avantguard\u00ae hanno superato diversi test e prove, quali:<\/p>\n<ul>\n<li>prova di corrosione ciclica (ISO 20340) Norsok M 501 (revisione 6)<\/li>\n<li>prova di nebbia salina (ISO 12944)<\/li>\n<\/ul>\n<\/div>\n<\/div><\/div><\/div><\/div><\/div><\/div><div id=\"pg-11884-1\"  class=\"panel-grid panel-has-style\" ><div class=\"FRANJA-BLAVA-TITOL siteorigin-panels-stretch panel-row-style panel-row-style-for-11884-1\" style=\"padding: 0px 0; \" data-stretch-type=\"full\" data-overlay=\"true\" data-overlay-color=\"#000000\" ><div id=\"pgc-11884-1-0\"  class=\"panel-grid-cell\" ><div id=\"panel-11884-1-0-0\" class=\"so-panel widget_sow-editor panel-first-child panel-last-child\" data-index=\"2\" ><div class=\"blanc panel-widget-style panel-widget-style-for-11884-1-0-0\" style=\"text-align: left;\" data-title-color=\"#47425d\" data-headings-color=\"#443f3f\" data-title_alignment=\"center\" ><div\n\t\t\t\n\t\t\tclass=\"so-widget-sow-editor so-widget-sow-editor-base\"\n\t\t\t\n\t\t>\n<div class=\"siteorigin-widget-tinymce textwidget\">\n\t<h2 style=\"text-align: center;\">Propriet\u00e0 del rivestimento Avantguard \u00ae<\/h2>\n<\/div>\n<\/div><\/div><\/div><\/div><\/div><\/div><div id=\"pg-11884-2\"  class=\"panel-grid panel-has-style\" ><div class=\"BGC-GRIS siteorigin-panels-stretch panel-row-style panel-row-style-for-11884-2\" style=\"padding: 50px 0; \" data-stretch-type=\"full\" data-overlay=\"true\" data-overlay-color=\"#000000\" ><div id=\"pgc-11884-2-0\"  class=\"panel-grid-cell\" ><div id=\"panel-11884-2-0-0\" class=\"so-panel widget_sow-editor panel-first-child\" data-index=\"3\" ><div class=\"TEXTOS-DESTACATS panel-widget-style panel-widget-style-for-11884-2-0-0\" style=\"text-align: left;\" data-title-color=\"#47425d\" data-headings-color=\"#443f3f\" data-title_alignment=\"center\" ><div\n\t\t\t\n\t\t\tclass=\"so-widget-sow-editor so-widget-sow-editor-base\"\n\t\t\t\n\t\t>\n<div class=\"siteorigin-widget-tinymce textwidget\">\n\t<p style=\"text-align: center;\">La tecnologia Avantguard\u00ae, grazie all\u2019uso di zinco attivato, pu\u00f2 offrire una maggiore protezione dalla corrosione, riducendo cos\u00ec notevolmente la comparsa di crepe. Le sue propriet\u00e0 principali sono:<\/p>\n<\/div>\n<\/div><\/div><\/div><div id=\"panel-11884-2-0-1\" class=\"so-panel widget_siteorigin-panels-builder panel-last-child\" data-index=\"4\" ><div class=\"MARGE-LLISTA panel-widget-style panel-widget-style-for-11884-2-0-1\" style=\"text-align: left;\" data-title-color=\"#47425d\" data-headings-color=\"#443f3f\" data-title_alignment=\"center\" ><div id=\"pl-w5b926a38182d1\"  class=\"panel-layout\" ><div id=\"pg-w5b926a38182d1-0\"  class=\"panel-grid panel-has-style\" ><div style=\"padding: 0px 0; \" data-overlay=\"true\" data-overlay-color=\"#000000\" class=\"panel-row-style panel-row-style-for-w5b926a38182d1-0\" ><div id=\"pgc-w5b926a38182d1-0-0\"  class=\"panel-grid-cell\" ><div id=\"panel-w5b926a38182d1-0-0-0\" class=\"so-panel widget_sow-image panel-first-child panel-last-child\" data-index=\"0\" ><div class=\"ICONA-PETITA-2 panel-widget-style panel-widget-style-for-w5b926a38182d1-0-0-0\" style=\"text-align: left;\" data-title-color=\"#47425d\" data-headings-color=\"#443f3f\" data-title_alignment=\"center\" ><div\n\t\t\t\n\t\t\tclass=\"so-widget-sow-image so-widget-sow-image-default-4e6925654b7a\"\n\t\t\t\n\t\t>\n<div class=\"sow-image-container\">\n\t\t<img \n\tsrc=\"https:\/\/www.coatresa.com\/wp-content\/uploads\/2018\/07\/anticorrosivo-resistencia.png\" width=\"227\" height=\"227\" srcset=\"https:\/\/www.coatresa.com\/wp-content\/uploads\/2018\/07\/anticorrosivo-resistencia.png 227w, https:\/\/www.coatresa.com\/wp-content\/uploads\/2018\/07\/anticorrosivo-resistencia-150x150.png 150w\" sizes=\"(max-width: 227px) 100vw, 227px\" title=\"anticorrosivo con gran resistencia\" alt=\"anticorrosivo con gran resistencia\" \t\tclass=\"so-widget-image\"\/>\n\t<\/div>\n\n<\/div><\/div><\/div><\/div><div id=\"pgc-w5b926a38182d1-0-1\"  class=\"panel-grid-cell panel-grid-cell-empty\" ><\/div><div id=\"pgc-w5b926a38182d1-0-2\"  class=\"panel-grid-cell\" ><div id=\"panel-w5b926a38182d1-0-2-0\" class=\"so-panel widget_sow-editor panel-first-child panel-last-child\" data-index=\"1\" ><div style=\"text-align: left;\" data-title-color=\"#47425d\" data-headings-color=\"#443f3f\" data-title_alignment=\"center\" class=\"panel-widget-style panel-widget-style-for-w5b926a38182d1-0-2-0\" ><div\n\t\t\t\n\t\t\tclass=\"so-widget-sow-editor so-widget-sow-editor-base\"\n\t\t\t\n\t\t>\n<div class=\"siteorigin-widget-tinymce textwidget\">\n\t<p>La capacit\u00e0 di limitare la formazione di crepe, grazie alla sua formula progettata per resistere all\u2019espansione e contrazione della superficie su cui viene applicato il rivestimento, che limita gli effetti della corrosione. I rivestimenti Avantguard\u00ae sono stati sottoposti alle prove di fessurazione NACE e a prove di saldatura.<\/p>\n<\/div>\n<\/div><\/div><\/div><\/div><\/div><\/div><div id=\"pg-w5b926a38182d1-1\"  class=\"panel-grid panel-has-style\" ><div style=\"padding: 0px 0; \" data-overlay=\"true\" data-overlay-color=\"#000000\" class=\"panel-row-style panel-row-style-for-w5b926a38182d1-1\" ><div id=\"pgc-w5b926a38182d1-1-0\"  class=\"panel-grid-cell\" ><div id=\"panel-w5b926a38182d1-1-0-0\" class=\"so-panel widget_sow-image panel-first-child panel-last-child\" data-index=\"2\" ><div class=\"ICONA-PETITA-2 panel-widget-style panel-widget-style-for-w5b926a38182d1-1-0-0\" style=\"text-align: left;\" data-title-color=\"#47425d\" data-headings-color=\"#443f3f\" data-title_alignment=\"center\" ><div\n\t\t\t\n\t\t\tclass=\"so-widget-sow-image so-widget-sow-image-default-4e6925654b7a\"\n\t\t\t\n\t\t>\n<div class=\"sow-image-container\">\n\t\t<img \n\tsrc=\"https:\/\/www.coatresa.com\/wp-content\/uploads\/2018\/07\/recubrimiento-hidrofobico-oleofobico-B.png\" width=\"227\" height=\"227\" srcset=\"https:\/\/www.coatresa.com\/wp-content\/uploads\/2018\/07\/recubrimiento-hidrofobico-oleofobico-B.png 227w, https:\/\/www.coatresa.com\/wp-content\/uploads\/2018\/07\/recubrimiento-hidrofobico-oleofobico-B-150x150.png 150w\" sizes=\"(max-width: 227px) 100vw, 227px\" title=\"recubrimiento hidrof\u00f3bico y oleof\u00f3bico\" alt=\"recubrimiento hidrof\u00f3bico y oleof\u00f3bico\" \t\tclass=\"so-widget-image\"\/>\n\t<\/div>\n\n<\/div><\/div><\/div><\/div><div id=\"pgc-w5b926a38182d1-1-1\"  class=\"panel-grid-cell panel-grid-cell-empty\" ><\/div><div id=\"pgc-w5b926a38182d1-1-2\"  class=\"panel-grid-cell\" ><div id=\"panel-w5b926a38182d1-1-2-0\" class=\"so-panel widget_sow-editor panel-first-child panel-last-child\" data-index=\"3\" ><div style=\"text-align: left;\" data-title-color=\"#47425d\" data-headings-color=\"#443f3f\" data-title_alignment=\"center\" class=\"panel-widget-style panel-widget-style-for-w5b926a38182d1-1-2-0\" ><div\n\t\t\t\n\t\t\tclass=\"so-widget-sow-editor so-widget-sow-editor-base\"\n\t\t\t\n\t\t>\n<div class=\"siteorigin-widget-tinymce textwidget\">\n\t<p>Durante il processo di attivazione dello zinco vengono prodotti dei sali che riempiono gli spazi presenti all\u2019interno del rivestimento, migliorandone l\u2019<b>impermeabilit\u00e0<\/b>.<\/p>\n<\/div>\n<\/div><\/div><\/div><\/div><\/div><\/div><div id=\"pg-w5b926a38182d1-2\"  class=\"panel-grid panel-has-style\" ><div style=\"padding: 0px 0; \" data-overlay=\"true\" data-overlay-color=\"#000000\" class=\"panel-row-style panel-row-style-for-w5b926a38182d1-2\" ><div id=\"pgc-w5b926a38182d1-2-0\"  class=\"panel-grid-cell\" ><div id=\"panel-w5b926a38182d1-2-0-0\" class=\"so-panel widget_sow-image panel-first-child panel-last-child\" data-index=\"4\" ><div class=\"ICONA-PETITA-2 panel-widget-style panel-widget-style-for-w5b926a38182d1-2-0-0\" style=\"text-align: left;\" data-title-color=\"#47425d\" data-headings-color=\"#443f3f\" data-title_alignment=\"center\" ><div\n\t\t\t\n\t\t\tclass=\"so-widget-sow-image so-widget-sow-image-default-4e6925654b7a\"\n\t\t\t\n\t\t>\n<div class=\"sow-image-container\">\n\t\t<img \n\tsrc=\"https:\/\/www.coatresa.com\/wp-content\/uploads\/2018\/02\/recubrimiento-resistente-corrosion-B.png\" width=\"227\" height=\"227\" srcset=\"https:\/\/www.coatresa.com\/wp-content\/uploads\/2018\/02\/recubrimiento-resistente-corrosion-B.png 227w, https:\/\/www.coatresa.com\/wp-content\/uploads\/2018\/02\/recubrimiento-resistente-corrosion-B-150x150.png 150w\" sizes=\"(max-width: 227px) 100vw, 227px\" title=\"recubrimiento resistente a la corrosi\u00f3n\" alt=\"recubrimiento resistente a la corrosi\u00f3n\" \t\tclass=\"so-widget-image\"\/>\n\t<\/div>\n\n<\/div><\/div><\/div><\/div><div id=\"pgc-w5b926a38182d1-2-1\"  class=\"panel-grid-cell panel-grid-cell-empty\" ><\/div><div id=\"pgc-w5b926a38182d1-2-2\"  class=\"panel-grid-cell\" ><div id=\"panel-w5b926a38182d1-2-2-0\" class=\"so-panel widget_sow-editor panel-first-child panel-last-child\" data-index=\"5\" ><div style=\"text-align: left;\" data-title-color=\"#47425d\" data-headings-color=\"#443f3f\" data-title_alignment=\"center\" class=\"panel-widget-style panel-widget-style-for-w5b926a38182d1-2-2-0\" ><div\n\t\t\t\n\t\t\tclass=\"so-widget-sow-editor so-widget-sow-editor-base\"\n\t\t\t\n\t\t>\n<div class=\"siteorigin-widget-tinymce textwidget\">\n\t<p>Lo zinco reagisce in modo pi\u00f9 veloce rispetto all\u2019acciaio in presenza di ossigeno, acqua e sale, portando cos\u00ec il processo di corrosione a ritardare. I sali di zinco prodotti con l\u2019attivazione ne aumentano la\u00a0<b>protezione anticorrosiva<\/b>, contenendo ioni di cloruro.<\/p>\n<\/div>\n<\/div><\/div><\/div><\/div><\/div><\/div><\/div><\/div><\/div><\/div><\/div><\/div><\/div>","protected":false},"excerpt":{"rendered":"<p>Rivestimento Avantguard \u00ae I rivestimenti\u00a0Avantguard\u00ae di Hempel sono a base di zinco attivato ed offrono cos\u00ec una migliore protezione anticorrosiva. La combinazione [&hellip;]<\/p>\n","protected":false},"author":1,"featured_media":9268,"parent":0,"menu_order":0,"comment_status":"closed","ping_status":"closed","template":"page-templates\/page_fullwidth.php","meta":{"footnotes":""},"class_list":["post-11884","page","type-page","status-publish","has-post-thumbnail","hentry"],"yoast_head":"<!-- This site is optimized with the Yoast SEO plugin v27.6 - https:\/\/yoast.com\/product\/yoast-seo-wordpress\/ -->\n<title>Rivestimento Avantguard - Coatresa<\/title>\n<meta name=\"description\" content=\"Rivestimento Avantguard Hempel : rivestimenti ad alta protezione anticorrosiva. Conforme alle prove Norsok M501 (ISO 20340) e nebbia salina (ISO 12944)\" \/>\n<meta name=\"robots\" content=\"index, follow, max-snippet:-1, max-image-preview:large, max-video-preview:-1\" \/>\n<link rel=\"canonical\" href=\"https:\/\/www.coatresa.com\/it\/rivestimento-hempel-avantguard\/\" \/>\n<meta property=\"og:locale\" content=\"it_IT\" \/>\n<meta property=\"og:type\" content=\"article\" \/>\n<meta property=\"og:title\" content=\"Rivestimento Avantguard - Coatresa\" \/>\n<meta property=\"og:description\" content=\"Rivestimento Avantguard Hempel : rivestimenti ad alta protezione anticorrosiva. Conforme alle prove Norsok M501 (ISO 20340) e nebbia salina (ISO 12944)\" \/>\n<meta property=\"og:url\" content=\"https:\/\/www.coatresa.com\/it\/rivestimento-hempel-avantguard\/\" \/>\n<meta property=\"og:site_name\" content=\"Coatresa\" \/>\n<meta property=\"article:publisher\" content=\"https:\/\/www.facebook.com\/Coatresa\/\" \/>\n<meta property=\"article:modified_time\" content=\"2018-09-07T12:08:24+00:00\" \/>\n<meta property=\"og:image\" content=\"https:\/\/www.coatresa.com\/wp-content\/uploads\/2018\/07\/recubrimientos-avantguard.png\" \/>\n\t<meta property=\"og:image:width\" content=\"197\" \/>\n\t<meta property=\"og:image:height\" content=\"197\" \/>\n\t<meta property=\"og:image:type\" content=\"image\/png\" \/>\n<meta name=\"twitter:card\" content=\"summary_large_image\" \/>\n<meta name=\"twitter:site\" content=\"@Coatresa\" \/>\n<meta name=\"twitter:label1\" content=\"Tempo di lettura stimato\" \/>\n\t<meta name=\"twitter:data1\" content=\"1 minuto\" \/>\n<script type=\"application\/ld+json\" class=\"yoast-schema-graph\">{\"@context\":\"https:\\\/\\\/schema.org\",\"@graph\":[{\"@type\":\"WebPage\",\"@id\":\"https:\\\/\\\/www.coatresa.com\\\/it\\\/rivestimento-hempel-avantguard\\\/\",\"url\":\"https:\\\/\\\/www.coatresa.com\\\/it\\\/rivestimento-hempel-avantguard\\\/\",\"name\":\"Rivestimento Avantguard - Coatresa\",\"isPartOf\":{\"@id\":\"https:\\\/\\\/www.coatresa.com\\\/it\\\/#website\"},\"primaryImageOfPage\":{\"@id\":\"https:\\\/\\\/www.coatresa.com\\\/it\\\/rivestimento-hempel-avantguard\\\/#primaryimage\"},\"image\":{\"@id\":\"https:\\\/\\\/www.coatresa.com\\\/it\\\/rivestimento-hempel-avantguard\\\/#primaryimage\"},\"thumbnailUrl\":\"https:\\\/\\\/www.coatresa.com\\\/wp-content\\\/uploads\\\/2018\\\/07\\\/recubrimientos-avantguard.png\",\"datePublished\":\"2018-07-18T09:47:58+00:00\",\"dateModified\":\"2018-09-07T12:08:24+00:00\",\"description\":\"Rivestimento Avantguard Hempel : rivestimenti ad alta protezione anticorrosiva. Conforme alle prove Norsok M501 (ISO 20340) e nebbia salina (ISO 12944)\",\"breadcrumb\":{\"@id\":\"https:\\\/\\\/www.coatresa.com\\\/it\\\/rivestimento-hempel-avantguard\\\/#breadcrumb\"},\"inLanguage\":\"it-IT\",\"potentialAction\":[{\"@type\":\"ReadAction\",\"target\":[\"https:\\\/\\\/www.coatresa.com\\\/it\\\/rivestimento-hempel-avantguard\\\/\"]}]},{\"@type\":\"ImageObject\",\"inLanguage\":\"it-IT\",\"@id\":\"https:\\\/\\\/www.coatresa.com\\\/it\\\/rivestimento-hempel-avantguard\\\/#primaryimage\",\"url\":\"https:\\\/\\\/www.coatresa.com\\\/wp-content\\\/uploads\\\/2018\\\/07\\\/recubrimientos-avantguard.png\",\"contentUrl\":\"https:\\\/\\\/www.coatresa.com\\\/wp-content\\\/uploads\\\/2018\\\/07\\\/recubrimientos-avantguard.png\",\"width\":197,\"height\":197,\"caption\":\"recubrimientos Avantguard\"},{\"@type\":\"BreadcrumbList\",\"@id\":\"https:\\\/\\\/www.coatresa.com\\\/it\\\/rivestimento-hempel-avantguard\\\/#breadcrumb\",\"itemListElement\":[{\"@type\":\"ListItem\",\"position\":1,\"name\":\"Portada\",\"item\":\"https:\\\/\\\/www.coatresa.com\\\/it\\\/\"},{\"@type\":\"ListItem\",\"position\":2,\"name\":\"Rivestimento Avantguard\"}]},{\"@type\":\"WebSite\",\"@id\":\"https:\\\/\\\/www.coatresa.com\\\/it\\\/#website\",\"url\":\"https:\\\/\\\/www.coatresa.com\\\/it\\\/\",\"name\":\"Coatresa\",\"description\":\"Aplicaci\u00f3n de recubrimientos antiadherentes y anticorrosivos como el Teflon. Expertos del Powder Coating\",\"publisher\":{\"@id\":\"https:\\\/\\\/www.coatresa.com\\\/it\\\/#organization\"},\"potentialAction\":[{\"@type\":\"SearchAction\",\"target\":{\"@type\":\"EntryPoint\",\"urlTemplate\":\"https:\\\/\\\/www.coatresa.com\\\/it\\\/?s={search_term_string}\"},\"query-input\":{\"@type\":\"PropertyValueSpecification\",\"valueRequired\":true,\"valueName\":\"search_term_string\"}}],\"inLanguage\":\"it-IT\"},{\"@type\":\"Organization\",\"@id\":\"https:\\\/\\\/www.coatresa.com\\\/it\\\/#organization\",\"name\":\"Coatresa\",\"url\":\"https:\\\/\\\/www.coatresa.com\\\/it\\\/\",\"logo\":{\"@type\":\"ImageObject\",\"inLanguage\":\"it-IT\",\"@id\":\"https:\\\/\\\/www.coatresa.com\\\/it\\\/#\\\/schema\\\/logo\\\/image\\\/\",\"url\":\"https:\\\/\\\/www.coatresa.com\\\/wp-content\\\/uploads\\\/2022\\\/07\\\/A_blava_mitja_transp.png\",\"contentUrl\":\"https:\\\/\\\/www.coatresa.com\\\/wp-content\\\/uploads\\\/2022\\\/07\\\/A_blava_mitja_transp.png\",\"width\":340,\"height\":326,\"caption\":\"Coatresa\"},\"image\":{\"@id\":\"https:\\\/\\\/www.coatresa.com\\\/it\\\/#\\\/schema\\\/logo\\\/image\\\/\"},\"sameAs\":[\"https:\\\/\\\/www.facebook.com\\\/Coatresa\\\/\",\"https:\\\/\\\/x.com\\\/Coatresa\",\"https:\\\/\\\/www.linkedin.com\\\/company\\\/coatresa\\\/\",\"https:\\\/\\\/www.youtube.com\\\/user\\\/CoatresaCoatings\"]}]}<\/script>\n<!-- \/ Yoast SEO plugin. -->","yoast_head_json":{"title":"Rivestimento Avantguard - Coatresa","description":"Rivestimento Avantguard Hempel : rivestimenti ad alta protezione anticorrosiva. Conforme alle prove Norsok M501 (ISO 20340) e nebbia salina (ISO 12944)","robots":{"index":"index","follow":"follow","max-snippet":"max-snippet:-1","max-image-preview":"max-image-preview:large","max-video-preview":"max-video-preview:-1"},"canonical":"https:\/\/www.coatresa.com\/it\/rivestimento-hempel-avantguard\/","og_locale":"it_IT","og_type":"article","og_title":"Rivestimento Avantguard - Coatresa","og_description":"Rivestimento Avantguard Hempel : rivestimenti ad alta protezione anticorrosiva. Conforme alle prove Norsok M501 (ISO 20340) e nebbia salina (ISO 12944)","og_url":"https:\/\/www.coatresa.com\/it\/rivestimento-hempel-avantguard\/","og_site_name":"Coatresa","article_publisher":"https:\/\/www.facebook.com\/Coatresa\/","article_modified_time":"2018-09-07T12:08:24+00:00","og_image":[{"width":197,"height":197,"url":"https:\/\/www.coatresa.com\/wp-content\/uploads\/2018\/07\/recubrimientos-avantguard.png","type":"image\/png"}],"twitter_card":"summary_large_image","twitter_site":"@Coatresa","twitter_misc":{"Tempo di lettura stimato":"1 minuto"},"schema":{"@context":"https:\/\/schema.org","@graph":[{"@type":"WebPage","@id":"https:\/\/www.coatresa.com\/it\/rivestimento-hempel-avantguard\/","url":"https:\/\/www.coatresa.com\/it\/rivestimento-hempel-avantguard\/","name":"Rivestimento Avantguard - Coatresa","isPartOf":{"@id":"https:\/\/www.coatresa.com\/it\/#website"},"primaryImageOfPage":{"@id":"https:\/\/www.coatresa.com\/it\/rivestimento-hempel-avantguard\/#primaryimage"},"image":{"@id":"https:\/\/www.coatresa.com\/it\/rivestimento-hempel-avantguard\/#primaryimage"},"thumbnailUrl":"https:\/\/www.coatresa.com\/wp-content\/uploads\/2018\/07\/recubrimientos-avantguard.png","datePublished":"2018-07-18T09:47:58+00:00","dateModified":"2018-09-07T12:08:24+00:00","description":"Rivestimento Avantguard Hempel : rivestimenti ad alta protezione anticorrosiva. Conforme alle prove Norsok M501 (ISO 20340) e nebbia salina (ISO 12944)","breadcrumb":{"@id":"https:\/\/www.coatresa.com\/it\/rivestimento-hempel-avantguard\/#breadcrumb"},"inLanguage":"it-IT","potentialAction":[{"@type":"ReadAction","target":["https:\/\/www.coatresa.com\/it\/rivestimento-hempel-avantguard\/"]}]},{"@type":"ImageObject","inLanguage":"it-IT","@id":"https:\/\/www.coatresa.com\/it\/rivestimento-hempel-avantguard\/#primaryimage","url":"https:\/\/www.coatresa.com\/wp-content\/uploads\/2018\/07\/recubrimientos-avantguard.png","contentUrl":"https:\/\/www.coatresa.com\/wp-content\/uploads\/2018\/07\/recubrimientos-avantguard.png","width":197,"height":197,"caption":"recubrimientos Avantguard"},{"@type":"BreadcrumbList","@id":"https:\/\/www.coatresa.com\/it\/rivestimento-hempel-avantguard\/#breadcrumb","itemListElement":[{"@type":"ListItem","position":1,"name":"Portada","item":"https:\/\/www.coatresa.com\/it\/"},{"@type":"ListItem","position":2,"name":"Rivestimento Avantguard"}]},{"@type":"WebSite","@id":"https:\/\/www.coatresa.com\/it\/#website","url":"https:\/\/www.coatresa.com\/it\/","name":"Coatresa","description":"Aplicaci\u00f3n de recubrimientos antiadherentes y anticorrosivos como el Teflon. Expertos del Powder Coating","publisher":{"@id":"https:\/\/www.coatresa.com\/it\/#organization"},"potentialAction":[{"@type":"SearchAction","target":{"@type":"EntryPoint","urlTemplate":"https:\/\/www.coatresa.com\/it\/?s={search_term_string}"},"query-input":{"@type":"PropertyValueSpecification","valueRequired":true,"valueName":"search_term_string"}}],"inLanguage":"it-IT"},{"@type":"Organization","@id":"https:\/\/www.coatresa.com\/it\/#organization","name":"Coatresa","url":"https:\/\/www.coatresa.com\/it\/","logo":{"@type":"ImageObject","inLanguage":"it-IT","@id":"https:\/\/www.coatresa.com\/it\/#\/schema\/logo\/image\/","url":"https:\/\/www.coatresa.com\/wp-content\/uploads\/2022\/07\/A_blava_mitja_transp.png","contentUrl":"https:\/\/www.coatresa.com\/wp-content\/uploads\/2022\/07\/A_blava_mitja_transp.png","width":340,"height":326,"caption":"Coatresa"},"image":{"@id":"https:\/\/www.coatresa.com\/it\/#\/schema\/logo\/image\/"},"sameAs":["https:\/\/www.facebook.com\/Coatresa\/","https:\/\/x.com\/Coatresa","https:\/\/www.linkedin.com\/company\/coatresa\/","https:\/\/www.youtube.com\/user\/CoatresaCoatings"]}]}},"_links":{"self":[{"href":"https:\/\/www.coatresa.com\/it\/wp-json\/wp\/v2\/pages\/11884","targetHints":{"allow":["GET"]}}],"collection":[{"href":"https:\/\/www.coatresa.com\/it\/wp-json\/wp\/v2\/pages"}],"about":[{"href":"https:\/\/www.coatresa.com\/it\/wp-json\/wp\/v2\/types\/page"}],"author":[{"embeddable":true,"href":"https:\/\/www.coatresa.com\/it\/wp-json\/wp\/v2\/users\/1"}],"replies":[{"embeddable":true,"href":"https:\/\/www.coatresa.com\/it\/wp-json\/wp\/v2\/comments?post=11884"}],"version-history":[{"count":0,"href":"https:\/\/www.coatresa.com\/it\/wp-json\/wp\/v2\/pages\/11884\/revisions"}],"wp:featuredmedia":[{"embeddable":true,"href":"https:\/\/www.coatresa.com\/it\/wp-json\/wp\/v2\/media\/9268"}],"wp:attachment":[{"href":"https:\/\/www.coatresa.com\/it\/wp-json\/wp\/v2\/media?parent=11884"}],"curies":[{"name":"wp","href":"https:\/\/api.w.org\/{rel}","templated":true}]}}