{"id":12043,"date":"2018-05-18T10:58:09","date_gmt":"2018-05-18T08:58:09","guid":{"rendered":"http:\/\/coatresa.com\/aviso-legal\/"},"modified":"2023-04-18T16:21:05","modified_gmt":"2023-04-18T14:21:05","slug":"nota-legale","status":"publish","type":"page","link":"https:\/\/www.coatresa.com\/it\/nota-legale\/","title":{"rendered":"Nota legale"},"content":{"rendered":"<div id=\"pl-12043\"  class=\"panel-layout\" ><div id=\"pg-12043-0\"  class=\"panel-grid panel-has-style\" ><div style=\"padding: 0px 0; \" data-overlay=\"true\" data-overlay-color=\"#000000\" class=\"panel-row-style panel-row-style-for-12043-0\" ><div id=\"pgc-12043-0-0\"  class=\"panel-grid-cell\" ><div id=\"panel-12043-0-0-0\" class=\"so-panel widget_sow-editor panel-first-child panel-last-child\" data-index=\"0\" ><div style=\"text-align: left;\" data-title-color=\"#47425d\" data-headings-color=\"#443f3f\" data-title_alignment=\"center\" class=\"panel-widget-style panel-widget-style-for-12043-0-0-0\" ><div\n\t\t\t\n\t\t\tclass=\"so-widget-sow-editor so-widget-sow-editor-base\"\n\t\t\t\n\t\t>\n<div class=\"siteorigin-widget-tinymce textwidget\">\n\t<h1 style=\"text-align: center;\">Nota legale<\/h1>\n<p>In ottemperanza all'articolo 10 della Legge 34\/2002 sui servizi della societ\u00e0 dell'informazione e del commercio elettronico, informiamo gli utenti dei nostri dati:<\/p>\n<p>Nome dell'Azienda: COATRESA, S.L.U. con CIF B61370714, e dati anagrafici Iscritta al Registro Mercantile di Barcellona, \u200b\u200b\u200b\u200bin Tomo 29855, Foglio 84, Foglio B-163157, Iscrizione 1, ANTRESA INTL, S.L.U. con CIF B65748709 e dati anagrafici Iscritta al Registro Mercantile di Barcellona, \u200b\u200bnel Tomo 43093, Folio 1, Foglio 421466, Iscrizione 1 e RETANSA COAT, S.L. con CIF B01041789, e dati anagrafici Iscritta nel Registro Mercantile di \u00c1lava, nel Tomo 1003, Foglio 133, Foglio VI-3073, voce 1 d'ora in poi <strong>\"GRUPO COATRESA\".<\/strong><br \/>\nIndirizzo: <strong>C\/ Empord\u00e0 3-5, 08130, Santa Perp\u00e8tua de la Mogoda, Barcellona<\/strong><br \/>\nTelefono: <strong>937 189 402<\/strong><br \/>\nE-Mai<strong>l: info@coatresa.com<\/strong><br \/>\nWeb: <strong>www.coatresa.com<\/strong><\/p>\n<p><strong>1. OGGETTO<\/strong><br \/>\nGRUPO COATRESA (D'ora in poi anche il fornitore) in qualit\u00e0 di responsabile del sito web, mette a disposizione degli utenti il \u200b\u200bpresente documento, che regola l'uso del sito web www.coatresa.com, con il quale intendiamo ottemperare agli obblighi previsti dalla Legge 34 \/2002 sui servizi della societ\u00e0 dell'informazione e del commercio elettronico (LSSICE o LSSI), nonch\u00e9 informare tutti gli utenti del sito web in merito alle condizioni di utilizzo del sito web.<br \/>\nAttraverso il web, GRUPO COATRESA fornisce agli utenti l'accesso e l'uso di diversi servizi e contenuti messi a disposizione attraverso il web.<br \/>\nChiunque acceda a questo sito Web assume il ruolo di utente (di seguito l'utente) e implica l'accettazione piena e senza riserve di ciascuna delle disposizioni incluse nel presente Avviso legale, nonch\u00e9 di qualsiasi altra disposizione legale che possa essere di applicazione.<br \/>\nCome utenti, devono leggere attentamente il presente Avviso Legale ogni volta che accedono al web, poich\u00e9 pu\u00f2 essere modificato poich\u00e9 il provider si riserva il diritto di modificare qualsiasi tipo di informazione che possa apparire sul web, senza che vi sia l'obbligo di notifica o informare gli utenti di tali obblighi, \u00e8 sufficiente la pubblicazione sul sito web del fornitore.<\/p>\n<p><strong>2. CONDIZIONI DI ACCESSO E UTILIZZO DEL WEB<\/strong><br \/>\n<strong>2.1. Gratuit\u00e0 di accesso e utilizzo del web.<\/strong><br \/>\nLa fornitura di servizi da parte di GRUPO COATRESA \u00e8 gratuita per tutti gli utenti.<\/p>\n<p><strong>2.2. Registro utenti.<\/strong><br \/>\nIn generale, la fornitura dei Servizi non richiede la preventiva sottoscrizione o registrazione degli Utenti.<\/p>\n<p><strong>23. Veridicit\u00e0 delle informazioni.<\/strong><br \/>\nTutte le informazioni fornite dall'Utente devono essere veritiere. In questi effetti, l'Utente garantisce l'autenticit\u00e0 dei dati comunicati attraverso i moduli per la sottoscrizione dei Servizi. Sar\u00e0 responsabilit\u00e0 dell'Utente mantenere costantemente aggiornate tutte le informazioni fornite a GRUPO COATRESA in modo che risponda, in ogni momento, alla sua reale situazione. In ogni caso, l'Utente sar\u00e0 l'unico responsabile delle dichiarazioni false o inesatte rese e dei danni causati al fornitore oa terzi.<\/p>\n<p><strong>2.4. Minori.<\/strong><br \/>\nPer la fruizione dei servizi i minori devono sempre ottenere preventivamente il consenso dei genitori, tutori o rappresentanti legali, i quali sono i responsabili ultimi di tutti gli atti compiuti dai minori a loro affidati. La responsabilit\u00e0 di determinare il contenuto specifico a cui i minori accedono corrisponde a quelli, motivo per cui se accedono a contenuti non appropriati per Internet, devono essere stabiliti sui loro computer meccanismi, in particolare programmi per computer, filtri e blocchi, che consentono di limitare i contenuti disponibili e, sebbene non siano infallibili, sono particolarmente utili per controllare e limitare i materiali a cui i minori possono accedere.<\/p>\n<p><strong>2.5. Obbligo di fare un uso corretto del web.<\/strong><br \/>\nL'Utente si impegna a utilizzare il sito Web in conformit\u00e0 con la Legge e il presente Avviso Legale, nonch\u00e9 con la morale e il buon costume. L'Utente si asterr\u00e0 infatti dall'utilizzare la pagina per scopi illegali o proibiti, lesivi dei diritti e degli interessi di terzi, o che in qualsiasi modo possano danneggiare, disabilitare, sovraccaricare, deteriorare o impedire il normale utilizzo di apparecchiature informatiche o documenti, file e tutti i tipi di contenuti archiviati su qualsiasi apparecchiatura informatica del fornitore.<\/p>\n<p>In particolare, ea titolo indicativo, ma non esaustivo, l'Utente si impegna a non trasmettere, diffondere o mettere a disposizione di terzi informazioni, dati, contenuti, messaggi, grafici, disegni, file sonori o immagini, fotografie, registrazioni, software e In generale, qualsiasi tipo di materiale che:<br \/>\n(A) \u00e8 contrario, sminuisce o viola i diritti fondamentali e le libert\u00e0 pubbliche riconosciuti costituzionalmente, nei trattati internazionali e nelle altre norme vigenti;<br \/>\n(B) indurre, incitare o promuovere atti criminali, denigratori, diffamatori, violenti o, in generale, contrari alla legge, al buon costume e all'ordine pubblico;<br \/>\n(C) indurre, incitare o promuovere azioni, atteggiamenti o pensieri discriminatori basati su sesso, razza, religione, convinzioni, et\u00e0 o condizione;<br \/>\n(D) sia contrario al diritto all'onore, alla privacy personale o familiare o all'immagine delle persone;<br \/>\n(E) leda in qualsiasi modo la credibilit\u00e0 del fornitore o di terzi; E<br \/>\n(F) costituisce pubblicit\u00e0 illegale, ingannevole o sleale.<\/p>\n<p><strong>3. ESCLUSIONE DI GARANZIE E RESPONSABILIT\u00c0<\/strong><br \/>\nIl fornitore \u00e8 esente da qualsiasi tipo di responsabilit\u00e0 derivante dalle informazioni pubblicate sul nostro sito Web, a condizione che tali informazioni siano state manipolate o introdotte da terzi.<br \/>\nQuesto sito Web \u00e8 stato rivisto e testato in modo che funzioni correttamente. In linea di principio, il corretto funzionamento pu\u00f2 essere garantito 365 giorni all'anno, 24 ore su 24. Tuttavia, il fornitore non esclude la possibilit\u00e0 di determinati errori di programmazione o il verificarsi di cause di forza maggiore, calamit\u00e0 naturali, scioperi o circostanze simili che rendano impossibile l'accesso al sito web.<br \/>\nGRUPO COATRESA non concede alcuna garanzia n\u00e9 \u00e8 responsabile, in ogni caso, per danni di qualsiasi natura che possano derivare dalla mancanza di disponibilit\u00e0, manutenzione ed efficace funzionamento del sito web o dei suoi servizi e contenuti; l'esistenza di virus, programmi maligni o dannosi nei contenuti; dell'uso illecito, negligente, fraudolento o contrario al presente Avviso legale e condizioni d'uso; o la mancanza di legalit\u00e0, qualit\u00e0, affidabilit\u00e0, utilit\u00e0 e disponibilit\u00e0 dei servizi forniti da terzi e messi a disposizione degli utenti sul sito web.<br \/>\nIl fornitore non \u00e8 responsabile in nessun caso per danni che potrebbero derivare dall'uso illegale o improprio di questo sito web.<\/p>\n<p><strong>4. COOKIE<\/strong><br \/>\nIl sito Web del provider pu\u00f2 utilizzare i cookie (piccoli file di informazioni che il server invia al computer della persona che accede alla pagina) per svolgere determinate funzioni considerate essenziali per il corretto funzionamento e la visualizzazione del sito. I cookies utilizzati sono, in ogni caso, temporanei, con l'unico scopo di rendere pi\u00f9 efficiente la navigazione, e svaniscono al termine della sessione dell'utente. In nessun caso i cookie verranno utilizzati per raccogliere informazioni personali. Per ulteriori informazioni, consulta la nostra <a href=\"https:\/\/www.coatresa.com\/it\/politica-de-cookies-ue\/\">Politica sui cookie.<\/a><\/p>\n<p><strong>5. COLLEGAMENTI<\/strong><br \/>\nDal sito web \u00e8 possibile essere reindirizzati a contenuti sponsorizzati, pubblicit\u00e0 e\/o link di affiliazione e\/o siti web di terze parti.<br \/>\nTra i link forniti, \u00e8 prevista la possibilit\u00e0 di informare o rimandare a prodotti e\/o servizi di terze parti. Poich\u00e9 non possiamo controllare il contenuto inserito da terzi dal sito Web, GRUPO COATRESA non si assume alcun tipo di responsabilit\u00e0 rispetto a tale contenuto, n\u00e9 garantisce l'esperienza, l'integrit\u00e0 o la qualit\u00e0 dei suoi prodotti. In ogni caso, il fornitore dichiara che proceder\u00e0 all'immediato ritiro di qualsiasi contenuto che possa contravvenire alla legislazione nazionale o internazionale, al buon costume o all'ordine pubblico, procedendo all'immediato ritiro del reindirizzamento a questi siti Web, informando le autorit\u00e0 competenti del contenuto in domanda<br \/>\nGRUPO COATRESA pubblicher\u00e0 questi collegamenti fino a quando non saranno rimossi o sospesi dal fornitore o dall'inserzionista e non sar\u00e0 responsabile anche se questi annunci potrebbero essere indicizzati da altri motori di ricerca al di fuori di questo sito web.<br \/>\nIl provider non \u00e8 responsabile delle informazioni e dei contenuti memorizzati, a titolo esemplificativo ma non esaustivo, in forum, chat, generatori di blog, commenti, social network o qualsiasi altro mezzo che consenta a terzi di pubblicare contenuti in modo indipendente sul sito web del provider prestatore. Fermo restando ed in ottemperanza a quanto previsto dall'art. 11 e 16 della LSSICE, il provider si mette a disposizione di tutti gli utenti, autorit\u00e0 e forze di sicurezza, e collabora attivamente al ritiro o, ove necessario, al blocco di tutti i contenuti che possano pregiudicare o violare la legislazione nazionale o internazionale, i diritti di terzi o al buon costume e all'ordine pubblico. Nel caso in cui l'utente ritenga che ci possano essere dei contenuti che potrebbero essere suscettibili di questa classificazione, si prega di avvisare immediatamente l'amministratore del sito web.<br \/>\nTuttavia, GRUPO COATRESA ti informa che qualsiasi rapporto contrattuale o extracontrattuale che l'utente formalizzi con queste terze parti, affiliate o inserzionisti attraverso il link fornito da questo sito web, sar\u00e0 valido solo ed esclusivamente tra l'utente e l'inserzionista e\/o terzi parte e GRUPPO COATRESA non avr\u00e0 alcun tipo di responsabilit\u00e0 per i danni o le perdite che potrebbero essere causati dalla fornitura di servizi e\/o dai rapporti contrattuali o extracontrattuali intercorsi tra l'utente e gli inserzionisti o terzi contattati tramite questo portale poich\u00e9 il fornitore funge solo da intermediario o mezzo pubblicitario.<\/p>\n<p><strong>6. PROTEZIONE DEI DATI PERSONALI<\/strong><br \/>\nIl fornitore \u00e8 profondamente impegnato a rispettare le normative sulla protezione dei dati personali e garantisce il pieno rispetto degli obblighi previsti, nonch\u00e9 l'attuazione delle misure di sicurezza previste dal regolamento europeo sulla protezione dei dati e dalle normative spagnole sulla protezione dei dati. Per ulteriori informazioni, consulta la nostra <a href=\"https:\/\/www.coatresa.com\/it\/informativa-sulla-privacy\/\">Informativa sulla privacy.<\/a><\/p>\n<p><strong>7. PROPRIET\u00c0 INTELLETTUALE ED INDUSTRIALE<\/strong><br \/>\nIl sito Web, inclusi ma non limitati a: la programmazione, la modifica, la compilazione e altri elementi necessari per il suo funzionamento, i disegni, i loghi, i testi, le fotografie e \/ o la grafica sono di propriet\u00e0 del fornitore o, se necessario, ha il licenza o espressa autorizzazione degli autori. Tutti i contenuti del sito web sono debitamente protetti dalle norme sulla propriet\u00e0 intellettuale e industriale.<br \/>\nIndipendentemente dallo scopo a cui sono destinati, la riproduzione totale o parziale, l'uso, la distribuzione e la comunicazione pubblica richiedono la preventiva autorizzazione scritta del fornitore. Qualsiasi utilizzo non preventivamente autorizzato dal fornitore sar\u00e0 considerato una grave violazione dei diritti di propriet\u00e0 intellettuale o industriale dell'autore.<\/p>\n<p>I disegni, i loghi, i testi e\/o la grafica al di fuori del provider e che possono apparire sul sito web, appartengono ai rispettivi proprietari, essendo essi stessi responsabili di ogni possibile controversia che possa insorgere nei loro confronti. In ogni caso, il fornitore ha l'autorizzazione espressa e preventiva da loro.<br \/>\nIl prestatore riconosce a favore dei rispettivi titolari i corrispondenti diritti di propriet\u00e0 industriale e intellettuale, senza implicare la menzione o la comparsa sul sito web dell'esistenza di diritti o responsabilit\u00e0 del prestatore su di essi, n\u00e9 l'avallo, il patrocinio o la raccomandazione da parte dello stesso.<br \/>\nPer effettuare qualsiasi tipo di osservazione in merito a possibili violazioni dei diritti di propriet\u00e0 intellettuale o industriale, nonch\u00e9 a qualsiasi contenuto del sito Web, \u00e8 possibile farlo tramite l'indirizzo e-mail sopra menzionato.<\/p>\n<p><strong>8. LEGGE APPLICABILE E FORO COMPETENTE<\/strong><br \/>\nPer la risoluzione di controversie o problemi relativi a questo sito Web o alle attivit\u00e0 svolte su di esso, si applicher\u00e0 la legislazione spagnola, a cui le parti si sottomettono espressamente, essendo competente a risolvere tutti i conflitti derivati \u200b\u200bo correlati con il suo utilizzo le Corti e i Tribunali di Barcellona .<\/p>\n<\/div>\n<\/div><\/div><\/div><\/div><\/div><\/div><\/div>","protected":false},"excerpt":{"rendered":"<p>Nota legale In ottemperanza all&#8217;articolo 10 della Legge 34\/2002 sui servizi della societ\u00e0 dell&#8217;informazione e del commercio elettronico, informiamo gli utenti dei [&hellip;]<\/p>\n","protected":false},"author":1,"featured_media":0,"parent":0,"menu_order":0,"comment_status":"closed","ping_status":"closed","template":"page-templates\/page_fullwidth.php","meta":{"footnotes":""},"class_list":["post-12043","page","type-page","status-publish","hentry"],"yoast_head":"<!-- This site is optimized with the Yoast SEO plugin v27.6 - https:\/\/yoast.com\/product\/yoast-seo-wordpress\/ -->\n<title>Nota legale - Coatresa<\/title>\n<meta name=\"robots\" content=\"noindex, follow\" \/>\n<meta property=\"og:locale\" content=\"it_IT\" \/>\n<meta property=\"og:type\" content=\"article\" \/>\n<meta property=\"og:title\" content=\"Nota legale - Coatresa\" \/>\n<meta property=\"og:description\" content=\"Nota legale In ottemperanza all&#039;articolo 10 della Legge 34\/2002 sui servizi della societ\u00e0 dell&#039;informazione e del commercio elettronico, informiamo gli utenti dei [&hellip;]\" \/>\n<meta property=\"og:url\" content=\"https:\/\/www.coatresa.com\/it\/nota-legale\/\" \/>\n<meta property=\"og:site_name\" content=\"Coatresa\" \/>\n<meta property=\"article:publisher\" content=\"https:\/\/www.facebook.com\/Coatresa\/\" \/>\n<meta property=\"article:modified_time\" content=\"2023-04-18T14:21:05+00:00\" \/>\n<meta name=\"twitter:card\" content=\"summary_large_image\" \/>\n<meta name=\"twitter:site\" content=\"@Coatresa\" \/>\n<meta name=\"twitter:label1\" content=\"Tempo di lettura stimato\" \/>\n\t<meta name=\"twitter:data1\" content=\"7 minuti\" \/>\n<script type=\"application\/ld+json\" class=\"yoast-schema-graph\">{\"@context\":\"https:\\\/\\\/schema.org\",\"@graph\":[{\"@type\":\"WebPage\",\"@id\":\"https:\\\/\\\/www.coatresa.com\\\/it\\\/nota-legale\\\/\",\"url\":\"https:\\\/\\\/www.coatresa.com\\\/it\\\/nota-legale\\\/\",\"name\":\"Nota legale - Coatresa\",\"isPartOf\":{\"@id\":\"https:\\\/\\\/www.coatresa.com\\\/it\\\/#website\"},\"datePublished\":\"2018-05-18T08:58:09+00:00\",\"dateModified\":\"2023-04-18T14:21:05+00:00\",\"breadcrumb\":{\"@id\":\"https:\\\/\\\/www.coatresa.com\\\/it\\\/nota-legale\\\/#breadcrumb\"},\"inLanguage\":\"it-IT\",\"potentialAction\":[{\"@type\":\"ReadAction\",\"target\":[\"https:\\\/\\\/www.coatresa.com\\\/it\\\/nota-legale\\\/\"]}]},{\"@type\":\"BreadcrumbList\",\"@id\":\"https:\\\/\\\/www.coatresa.com\\\/it\\\/nota-legale\\\/#breadcrumb\",\"itemListElement\":[{\"@type\":\"ListItem\",\"position\":1,\"name\":\"Portada\",\"item\":\"https:\\\/\\\/www.coatresa.com\\\/it\\\/\"},{\"@type\":\"ListItem\",\"position\":2,\"name\":\"Nota legale\"}]},{\"@type\":\"WebSite\",\"@id\":\"https:\\\/\\\/www.coatresa.com\\\/it\\\/#website\",\"url\":\"https:\\\/\\\/www.coatresa.com\\\/it\\\/\",\"name\":\"Coatresa\",\"description\":\"Aplicaci\u00f3n de recubrimientos antiadherentes y anticorrosivos como el Teflon. Expertos del Powder Coating\",\"publisher\":{\"@id\":\"https:\\\/\\\/www.coatresa.com\\\/it\\\/#organization\"},\"potentialAction\":[{\"@type\":\"SearchAction\",\"target\":{\"@type\":\"EntryPoint\",\"urlTemplate\":\"https:\\\/\\\/www.coatresa.com\\\/it\\\/?s={search_term_string}\"},\"query-input\":{\"@type\":\"PropertyValueSpecification\",\"valueRequired\":true,\"valueName\":\"search_term_string\"}}],\"inLanguage\":\"it-IT\"},{\"@type\":\"Organization\",\"@id\":\"https:\\\/\\\/www.coatresa.com\\\/it\\\/#organization\",\"name\":\"Coatresa\",\"url\":\"https:\\\/\\\/www.coatresa.com\\\/it\\\/\",\"logo\":{\"@type\":\"ImageObject\",\"inLanguage\":\"it-IT\",\"@id\":\"https:\\\/\\\/www.coatresa.com\\\/it\\\/#\\\/schema\\\/logo\\\/image\\\/\",\"url\":\"https:\\\/\\\/www.coatresa.com\\\/wp-content\\\/uploads\\\/2022\\\/07\\\/A_blava_mitja_transp.png\",\"contentUrl\":\"https:\\\/\\\/www.coatresa.com\\\/wp-content\\\/uploads\\\/2022\\\/07\\\/A_blava_mitja_transp.png\",\"width\":340,\"height\":326,\"caption\":\"Coatresa\"},\"image\":{\"@id\":\"https:\\\/\\\/www.coatresa.com\\\/it\\\/#\\\/schema\\\/logo\\\/image\\\/\"},\"sameAs\":[\"https:\\\/\\\/www.facebook.com\\\/Coatresa\\\/\",\"https:\\\/\\\/x.com\\\/Coatresa\",\"https:\\\/\\\/www.linkedin.com\\\/company\\\/coatresa\\\/\",\"https:\\\/\\\/www.youtube.com\\\/user\\\/CoatresaCoatings\"]}]}<\/script>\n<!-- \/ Yoast SEO plugin. -->","yoast_head_json":{"title":"Nota legale - Coatresa","robots":{"index":"noindex","follow":"follow"},"og_locale":"it_IT","og_type":"article","og_title":"Nota legale - Coatresa","og_description":"Nota legale In ottemperanza all'articolo 10 della Legge 34\/2002 sui servizi della societ\u00e0 dell'informazione e del commercio elettronico, informiamo gli utenti dei [&hellip;]","og_url":"https:\/\/www.coatresa.com\/it\/nota-legale\/","og_site_name":"Coatresa","article_publisher":"https:\/\/www.facebook.com\/Coatresa\/","article_modified_time":"2023-04-18T14:21:05+00:00","twitter_card":"summary_large_image","twitter_site":"@Coatresa","twitter_misc":{"Tempo di lettura stimato":"7 minuti"},"schema":{"@context":"https:\/\/schema.org","@graph":[{"@type":"WebPage","@id":"https:\/\/www.coatresa.com\/it\/nota-legale\/","url":"https:\/\/www.coatresa.com\/it\/nota-legale\/","name":"Nota legale - Coatresa","isPartOf":{"@id":"https:\/\/www.coatresa.com\/it\/#website"},"datePublished":"2018-05-18T08:58:09+00:00","dateModified":"2023-04-18T14:21:05+00:00","breadcrumb":{"@id":"https:\/\/www.coatresa.com\/it\/nota-legale\/#breadcrumb"},"inLanguage":"it-IT","potentialAction":[{"@type":"ReadAction","target":["https:\/\/www.coatresa.com\/it\/nota-legale\/"]}]},{"@type":"BreadcrumbList","@id":"https:\/\/www.coatresa.com\/it\/nota-legale\/#breadcrumb","itemListElement":[{"@type":"ListItem","position":1,"name":"Portada","item":"https:\/\/www.coatresa.com\/it\/"},{"@type":"ListItem","position":2,"name":"Nota legale"}]},{"@type":"WebSite","@id":"https:\/\/www.coatresa.com\/it\/#website","url":"https:\/\/www.coatresa.com\/it\/","name":"Coatresa","description":"Aplicaci\u00f3n de recubrimientos antiadherentes y anticorrosivos como el Teflon. Expertos del Powder Coating","publisher":{"@id":"https:\/\/www.coatresa.com\/it\/#organization"},"potentialAction":[{"@type":"SearchAction","target":{"@type":"EntryPoint","urlTemplate":"https:\/\/www.coatresa.com\/it\/?s={search_term_string}"},"query-input":{"@type":"PropertyValueSpecification","valueRequired":true,"valueName":"search_term_string"}}],"inLanguage":"it-IT"},{"@type":"Organization","@id":"https:\/\/www.coatresa.com\/it\/#organization","name":"Coatresa","url":"https:\/\/www.coatresa.com\/it\/","logo":{"@type":"ImageObject","inLanguage":"it-IT","@id":"https:\/\/www.coatresa.com\/it\/#\/schema\/logo\/image\/","url":"https:\/\/www.coatresa.com\/wp-content\/uploads\/2022\/07\/A_blava_mitja_transp.png","contentUrl":"https:\/\/www.coatresa.com\/wp-content\/uploads\/2022\/07\/A_blava_mitja_transp.png","width":340,"height":326,"caption":"Coatresa"},"image":{"@id":"https:\/\/www.coatresa.com\/it\/#\/schema\/logo\/image\/"},"sameAs":["https:\/\/www.facebook.com\/Coatresa\/","https:\/\/x.com\/Coatresa","https:\/\/www.linkedin.com\/company\/coatresa\/","https:\/\/www.youtube.com\/user\/CoatresaCoatings"]}]}},"_links":{"self":[{"href":"https:\/\/www.coatresa.com\/it\/wp-json\/wp\/v2\/pages\/12043","targetHints":{"allow":["GET"]}}],"collection":[{"href":"https:\/\/www.coatresa.com\/it\/wp-json\/wp\/v2\/pages"}],"about":[{"href":"https:\/\/www.coatresa.com\/it\/wp-json\/wp\/v2\/types\/page"}],"author":[{"embeddable":true,"href":"https:\/\/www.coatresa.com\/it\/wp-json\/wp\/v2\/users\/1"}],"replies":[{"embeddable":true,"href":"https:\/\/www.coatresa.com\/it\/wp-json\/wp\/v2\/comments?post=12043"}],"version-history":[{"count":0,"href":"https:\/\/www.coatresa.com\/it\/wp-json\/wp\/v2\/pages\/12043\/revisions"}],"wp:attachment":[{"href":"https:\/\/www.coatresa.com\/it\/wp-json\/wp\/v2\/media?parent=12043"}],"curies":[{"name":"wp","href":"https:\/\/api.w.org\/{rel}","templated":true}]}}