{"id":15091,"date":"2019-07-01T16:56:54","date_gmt":"2019-07-01T14:56:54","guid":{"rendered":"https:\/\/www.coatresa.com\/qualitaetspolitik\/"},"modified":"2019-07-09T13:18:01","modified_gmt":"2019-07-09T11:18:01","slug":"politica-della-qualita","status":"publish","type":"page","link":"https:\/\/www.coatresa.com\/it\/politica-della-qualita\/","title":{"rendered":"Politica della qualit\u00e0"},"content":{"rendered":"<div id=\"pl-15091\"  class=\"panel-layout\" ><div id=\"pg-15091-0\"  class=\"panel-grid panel-has-style\" ><div style=\"padding: 0px 0; \" data-overlay=\"true\" data-overlay-color=\"#000000\" class=\"panel-row-style panel-row-style-for-15091-0\" ><div id=\"pgc-15091-0-0\"  class=\"panel-grid-cell\" ><div id=\"panel-15091-0-0-0\" class=\"so-panel widget_sow-editor panel-first-child panel-last-child\" data-index=\"0\" ><div style=\"text-align: left;\" data-title-color=\"#47425d\" data-headings-color=\"#443f3f\" data-title_alignment=\"center\" class=\"panel-widget-style panel-widget-style-for-15091-0-0-0\" ><div\n\t\t\t\n\t\t\tclass=\"so-widget-sow-editor so-widget-sow-editor-base\"\n\t\t\t\n\t\t>\n<div class=\"siteorigin-widget-tinymce textwidget\">\n\t<h1>Politica della qualit\u00e0<\/h1>\n<p style=\"text-align: justify;\">La Direzione del GRUPPO COATRESA, per propria convinzione, mantiene un processo di costante evoluzione, sviluppo e miglioramento dell'azienda, in base ai parametri di Qualit\u00e0, Efficienza e Soddisfazione del Cliente oggigiorno essenziali per la viabilit\u00e0 dell'Organizzazione, e stabilisce la seguente Politica della Qualit\u00e0, che mira ad essere il quadro di riferimento per l'evoluzione dell'Azienda:<\/p>\n<ul>\n<li style=\"text-align: justify;\"><b>Miglioramento continuo dell'organizzazione e dei processi<\/b><br \/>\nIl GRUPPO COATRESA \u00e8 in uno stato di costante innovazione, sviluppo e miglioramento dei propri sistemi organizzativi e produttivi, al fine di ottenere la massima efficacia ed efficienza delle risorse umane e materiali.<\/li>\n<li style=\"text-align: justify;\"><b>Soddisfazione delle esigenze e dei requisiti dei clienti<\/b><br \/>\nIl GRUPPO COATRESA si propone di ottenere la totale fiducia e soddisfazione dei propri clienti, di mantenerla e di incrementarla nel tempo, attraverso il soddisfacimento delle sue esigenze e aspettative, nonch\u00e9 dei requisiti legali e normativi.<\/li>\n<li style=\"text-align: justify;\"><b>Lavoro di squadra e sviluppo umano<\/b><br \/>\nCOATRESA GROUP deve fare in modo che la crescita dell'azienda contribuisca anche allo sviluppo umano e materiale dei propri dipendenti e, a tale fine, deve incoraggiare la collaborazione e il lavoro di squadra, fornendo tutti i canali di partecipazione, motivazione e formazione che possano contribuire al raggiungimento di una maggiore qualit\u00e0 del prodotto e dell'organizzazione.<\/li>\n<\/ul>\n<\/div>\n<\/div><\/div><\/div><\/div><\/div><\/div><\/div>","protected":false},"excerpt":{"rendered":"<p>Politica della qualit\u00e0 La Direzione del GRUPPO COATRESA, per propria convinzione, mantiene un processo di costante evoluzione, sviluppo e miglioramento dell&#8217;azienda, in [&hellip;]<\/p>\n","protected":false},"author":1,"featured_media":0,"parent":0,"menu_order":0,"comment_status":"closed","ping_status":"closed","template":"page-templates\/page_fullwidth.php","meta":{"footnotes":""},"class_list":["post-15091","page","type-page","status-publish","hentry"],"yoast_head":"<!-- This site is optimized with the Yoast SEO plugin v27.6 - https:\/\/yoast.com\/product\/yoast-seo-wordpress\/ -->\n<title>Politica della qualit\u00e0 - Coatresa<\/title>\n<meta name=\"robots\" content=\"noindex, follow\" \/>\n<meta property=\"og:locale\" content=\"it_IT\" \/>\n<meta property=\"og:type\" content=\"article\" \/>\n<meta property=\"og:title\" content=\"Politica della qualit\u00e0 - Coatresa\" \/>\n<meta property=\"og:description\" content=\"Politica della qualit\u00e0 La Direzione del GRUPPO COATRESA, per propria convinzione, mantiene un processo di costante evoluzione, sviluppo e miglioramento dell&#039;azienda, in [&hellip;]\" \/>\n<meta property=\"og:url\" content=\"https:\/\/www.coatresa.com\/it\/politica-della-qualita\/\" \/>\n<meta property=\"og:site_name\" content=\"Coatresa\" \/>\n<meta property=\"article:publisher\" content=\"https:\/\/www.facebook.com\/Coatresa\/\" \/>\n<meta property=\"article:modified_time\" content=\"2019-07-09T11:18:01+00:00\" \/>\n<meta name=\"twitter:card\" content=\"summary_large_image\" \/>\n<meta name=\"twitter:site\" content=\"@Coatresa\" \/>\n<meta name=\"twitter:label1\" content=\"Tempo di lettura stimato\" \/>\n\t<meta name=\"twitter:data1\" content=\"1 minuto\" \/>\n<script type=\"application\/ld+json\" class=\"yoast-schema-graph\">{\"@context\":\"https:\\\/\\\/schema.org\",\"@graph\":[{\"@type\":\"WebPage\",\"@id\":\"https:\\\/\\\/www.coatresa.com\\\/it\\\/politica-della-qualita\\\/\",\"url\":\"https:\\\/\\\/www.coatresa.com\\\/it\\\/politica-della-qualita\\\/\",\"name\":\"Politica della qualit\u00e0 - Coatresa\",\"isPartOf\":{\"@id\":\"https:\\\/\\\/www.coatresa.com\\\/it\\\/#website\"},\"datePublished\":\"2019-07-01T14:56:54+00:00\",\"dateModified\":\"2019-07-09T11:18:01+00:00\",\"breadcrumb\":{\"@id\":\"https:\\\/\\\/www.coatresa.com\\\/it\\\/politica-della-qualita\\\/#breadcrumb\"},\"inLanguage\":\"it-IT\",\"potentialAction\":[{\"@type\":\"ReadAction\",\"target\":[\"https:\\\/\\\/www.coatresa.com\\\/it\\\/politica-della-qualita\\\/\"]}]},{\"@type\":\"BreadcrumbList\",\"@id\":\"https:\\\/\\\/www.coatresa.com\\\/it\\\/politica-della-qualita\\\/#breadcrumb\",\"itemListElement\":[{\"@type\":\"ListItem\",\"position\":1,\"name\":\"Portada\",\"item\":\"https:\\\/\\\/www.coatresa.com\\\/it\\\/\"},{\"@type\":\"ListItem\",\"position\":2,\"name\":\"Politica della qualit\u00e0\"}]},{\"@type\":\"WebSite\",\"@id\":\"https:\\\/\\\/www.coatresa.com\\\/it\\\/#website\",\"url\":\"https:\\\/\\\/www.coatresa.com\\\/it\\\/\",\"name\":\"Coatresa\",\"description\":\"Aplicaci\u00f3n de recubrimientos antiadherentes y anticorrosivos como el Teflon. Expertos del Powder Coating\",\"publisher\":{\"@id\":\"https:\\\/\\\/www.coatresa.com\\\/it\\\/#organization\"},\"potentialAction\":[{\"@type\":\"SearchAction\",\"target\":{\"@type\":\"EntryPoint\",\"urlTemplate\":\"https:\\\/\\\/www.coatresa.com\\\/it\\\/?s={search_term_string}\"},\"query-input\":{\"@type\":\"PropertyValueSpecification\",\"valueRequired\":true,\"valueName\":\"search_term_string\"}}],\"inLanguage\":\"it-IT\"},{\"@type\":\"Organization\",\"@id\":\"https:\\\/\\\/www.coatresa.com\\\/it\\\/#organization\",\"name\":\"Coatresa\",\"url\":\"https:\\\/\\\/www.coatresa.com\\\/it\\\/\",\"logo\":{\"@type\":\"ImageObject\",\"inLanguage\":\"it-IT\",\"@id\":\"https:\\\/\\\/www.coatresa.com\\\/it\\\/#\\\/schema\\\/logo\\\/image\\\/\",\"url\":\"https:\\\/\\\/www.coatresa.com\\\/wp-content\\\/uploads\\\/2022\\\/07\\\/A_blava_mitja_transp.png\",\"contentUrl\":\"https:\\\/\\\/www.coatresa.com\\\/wp-content\\\/uploads\\\/2022\\\/07\\\/A_blava_mitja_transp.png\",\"width\":340,\"height\":326,\"caption\":\"Coatresa\"},\"image\":{\"@id\":\"https:\\\/\\\/www.coatresa.com\\\/it\\\/#\\\/schema\\\/logo\\\/image\\\/\"},\"sameAs\":[\"https:\\\/\\\/www.facebook.com\\\/Coatresa\\\/\",\"https:\\\/\\\/x.com\\\/Coatresa\",\"https:\\\/\\\/www.linkedin.com\\\/company\\\/coatresa\\\/\",\"https:\\\/\\\/www.youtube.com\\\/user\\\/CoatresaCoatings\"]}]}<\/script>\n<!-- \/ Yoast SEO plugin. -->","yoast_head_json":{"title":"Politica della qualit\u00e0 - Coatresa","robots":{"index":"noindex","follow":"follow"},"og_locale":"it_IT","og_type":"article","og_title":"Politica della qualit\u00e0 - Coatresa","og_description":"Politica della qualit\u00e0 La Direzione del GRUPPO COATRESA, per propria convinzione, mantiene un processo di costante evoluzione, sviluppo e miglioramento dell'azienda, in [&hellip;]","og_url":"https:\/\/www.coatresa.com\/it\/politica-della-qualita\/","og_site_name":"Coatresa","article_publisher":"https:\/\/www.facebook.com\/Coatresa\/","article_modified_time":"2019-07-09T11:18:01+00:00","twitter_card":"summary_large_image","twitter_site":"@Coatresa","twitter_misc":{"Tempo di lettura stimato":"1 minuto"},"schema":{"@context":"https:\/\/schema.org","@graph":[{"@type":"WebPage","@id":"https:\/\/www.coatresa.com\/it\/politica-della-qualita\/","url":"https:\/\/www.coatresa.com\/it\/politica-della-qualita\/","name":"Politica della qualit\u00e0 - Coatresa","isPartOf":{"@id":"https:\/\/www.coatresa.com\/it\/#website"},"datePublished":"2019-07-01T14:56:54+00:00","dateModified":"2019-07-09T11:18:01+00:00","breadcrumb":{"@id":"https:\/\/www.coatresa.com\/it\/politica-della-qualita\/#breadcrumb"},"inLanguage":"it-IT","potentialAction":[{"@type":"ReadAction","target":["https:\/\/www.coatresa.com\/it\/politica-della-qualita\/"]}]},{"@type":"BreadcrumbList","@id":"https:\/\/www.coatresa.com\/it\/politica-della-qualita\/#breadcrumb","itemListElement":[{"@type":"ListItem","position":1,"name":"Portada","item":"https:\/\/www.coatresa.com\/it\/"},{"@type":"ListItem","position":2,"name":"Politica della qualit\u00e0"}]},{"@type":"WebSite","@id":"https:\/\/www.coatresa.com\/it\/#website","url":"https:\/\/www.coatresa.com\/it\/","name":"Coatresa","description":"Aplicaci\u00f3n de recubrimientos antiadherentes y anticorrosivos como el Teflon. Expertos del Powder Coating","publisher":{"@id":"https:\/\/www.coatresa.com\/it\/#organization"},"potentialAction":[{"@type":"SearchAction","target":{"@type":"EntryPoint","urlTemplate":"https:\/\/www.coatresa.com\/it\/?s={search_term_string}"},"query-input":{"@type":"PropertyValueSpecification","valueRequired":true,"valueName":"search_term_string"}}],"inLanguage":"it-IT"},{"@type":"Organization","@id":"https:\/\/www.coatresa.com\/it\/#organization","name":"Coatresa","url":"https:\/\/www.coatresa.com\/it\/","logo":{"@type":"ImageObject","inLanguage":"it-IT","@id":"https:\/\/www.coatresa.com\/it\/#\/schema\/logo\/image\/","url":"https:\/\/www.coatresa.com\/wp-content\/uploads\/2022\/07\/A_blava_mitja_transp.png","contentUrl":"https:\/\/www.coatresa.com\/wp-content\/uploads\/2022\/07\/A_blava_mitja_transp.png","width":340,"height":326,"caption":"Coatresa"},"image":{"@id":"https:\/\/www.coatresa.com\/it\/#\/schema\/logo\/image\/"},"sameAs":["https:\/\/www.facebook.com\/Coatresa\/","https:\/\/x.com\/Coatresa","https:\/\/www.linkedin.com\/company\/coatresa\/","https:\/\/www.youtube.com\/user\/CoatresaCoatings"]}]}},"_links":{"self":[{"href":"https:\/\/www.coatresa.com\/it\/wp-json\/wp\/v2\/pages\/15091","targetHints":{"allow":["GET"]}}],"collection":[{"href":"https:\/\/www.coatresa.com\/it\/wp-json\/wp\/v2\/pages"}],"about":[{"href":"https:\/\/www.coatresa.com\/it\/wp-json\/wp\/v2\/types\/page"}],"author":[{"embeddable":true,"href":"https:\/\/www.coatresa.com\/it\/wp-json\/wp\/v2\/users\/1"}],"replies":[{"embeddable":true,"href":"https:\/\/www.coatresa.com\/it\/wp-json\/wp\/v2\/comments?post=15091"}],"version-history":[{"count":0,"href":"https:\/\/www.coatresa.com\/it\/wp-json\/wp\/v2\/pages\/15091\/revisions"}],"wp:attachment":[{"href":"https:\/\/www.coatresa.com\/it\/wp-json\/wp\/v2\/media?parent=15091"}],"curies":[{"name":"wp","href":"https:\/\/api.w.org\/{rel}","templated":true}]}}