{"id":19739,"date":"2019-09-04T17:27:58","date_gmt":"2019-09-04T15:27:58","guid":{"rendered":"https:\/\/www.coatresa.com\/recubrimiento-akzonobel-resicoat\/"},"modified":"2020-04-16T11:16:31","modified_gmt":"2020-04-16T09:16:31","slug":"rivestimento-akzonobel-resicoat","status":"publish","type":"page","link":"https:\/\/www.coatresa.com\/it\/rivestimento-akzonobel-resicoat\/","title":{"rendered":"Rivestimento Resicoat"},"content":{"rendered":"<div id=\"pl-19739\"  class=\"panel-layout\" ><div id=\"pg-19739-0\"  class=\"panel-grid panel-has-style\" ><div style=\"padding: 0px 0; \" data-overlay=\"true\" data-overlay-color=\"#000000\" class=\"panel-row-style panel-row-style-for-19739-0\" ><div id=\"pgc-19739-0-0\"  class=\"panel-grid-cell\" ><div id=\"panel-19739-0-0-0\" class=\"so-panel widget_sow-image panel-first-child panel-last-child\" data-index=\"0\" ><div style=\"text-align: left;\" data-title-color=\"#47425d\" data-headings-color=\"#443f3f\" data-title_alignment=\"center\" class=\"panel-widget-style panel-widget-style-for-19739-0-0-0\" ><div\n\t\t\t\n\t\t\tclass=\"so-widget-sow-image so-widget-sow-image-default-c67d20f9f743-19739\"\n\t\t\t\n\t\t>\n<div class=\"sow-image-container\">\n\t\t<img \n\tsrc=\"https:\/\/www.coatresa.com\/wp-content\/uploads\/2019\/09\/recubrimientos-akzonobel-resicoat.png\" width=\"197\" height=\"197\" srcset=\"https:\/\/www.coatresa.com\/wp-content\/uploads\/2019\/09\/recubrimientos-akzonobel-resicoat.png 197w, https:\/\/www.coatresa.com\/wp-content\/uploads\/2019\/09\/recubrimientos-akzonobel-resicoat-150x150.png 150w\" sizes=\"(max-width: 197px) 100vw, 197px\" title=\"recubrimiento AkzoNobel Resicoat\" alt=\"recubrimiento AkzoNobel Resicoat\" \t\tclass=\"so-widget-image\"\/>\n\t<\/div>\n\n<\/div><\/div><\/div><\/div><div id=\"pgc-19739-0-1\"  class=\"panel-grid-cell\" ><div id=\"panel-19739-0-1-0\" class=\"so-panel widget_sow-editor panel-first-child panel-last-child\" data-index=\"1\" ><div style=\"text-align: left;\" data-title-color=\"#47425d\" data-headings-color=\"#000000\" data-title_alignment=\"center\" class=\"panel-widget-style panel-widget-style-for-19739-0-1-0\" ><div\n\t\t\t\n\t\t\tclass=\"so-widget-sow-editor so-widget-sow-editor-base\"\n\t\t\t\n\t\t>\n<div class=\"siteorigin-widget-tinymce textwidget\">\n\t<h1 style=\"text-align: left;\">Rivestimento Resicoat \u00ae<\/h1>\n<hr align=\"left\" \/>\n<p style=\"text-align: justify;\">I rivestimenti in polvere <strong>Resicoat<\/strong>\u00ae di AkzoNobel sono <strong>vernici prive di solventi<\/strong>, che servono a proteggere le parti rivestite in ambienti ostili. Offrono prestazioni superiori con un minore impatto ambientale, rispetto alle loro controparti liquide.<\/p>\n<p style=\"text-align: justify;\">I principali vantaggi di questi <strong>rivestimenti in polvere<\/strong>, rispetto ad altre alternative di mercato, sono l'<strong>assenza di COV<\/strong> o metalli pesanti, una <strong>certificazione ambientale globale SMaRT<\/strong> e la <strong>potenziale riduzione dei costi di rivestimento<\/strong>. Sono utilizzati per la protezione contro la corrosione nelle valvole, nonch\u00e9 per l'isolamento e la protezione contro la corrosione, ad esempio, nei componenti elettronici.<\/p>\n<\/div>\n<\/div><\/div><\/div><\/div><\/div><\/div><div id=\"pg-19739-1\"  class=\"panel-grid panel-has-style\" ><div class=\"FRANJA-BLAVA-TITOL siteorigin-panels-stretch panel-row-style panel-row-style-for-19739-1\" style=\"padding: 0px 0; \" data-stretch-type=\"full\" data-overlay=\"true\" data-overlay-color=\"#000000\" ><div id=\"pgc-19739-1-0\"  class=\"panel-grid-cell\" ><div id=\"panel-19739-1-0-0\" class=\"so-panel widget_sow-editor panel-first-child panel-last-child\" data-index=\"2\" ><div class=\"blanc panel-widget-style panel-widget-style-for-19739-1-0-0\" style=\"text-align: left;\" data-title-color=\"#47425d\" data-headings-color=\"#443f3f\" data-title_alignment=\"center\" ><div\n\t\t\t\n\t\t\tclass=\"so-widget-sow-editor so-widget-sow-editor-base\"\n\t\t\t\n\t\t>\n<div class=\"siteorigin-widget-tinymce textwidget\">\n\t<h2 style=\"text-align: center;\">Propriet\u00e0 del rivestimento Resicoat \u00ae<\/h2>\n<\/div>\n<\/div><\/div><\/div><\/div><\/div><\/div><div id=\"pg-19739-2\"  class=\"panel-grid panel-has-style\" ><div class=\"BGC-GRIS siteorigin-panels-stretch panel-row-style panel-row-style-for-19739-2\" style=\"padding: 50px 0; \" data-stretch-type=\"full\" data-overlay=\"true\" data-overlay-color=\"#000000\" ><div id=\"pgc-19739-2-0\"  class=\"panel-grid-cell\" ><div id=\"panel-19739-2-0-0\" class=\"so-panel widget_sow-editor panel-first-child\" data-index=\"3\" ><div style=\"text-align: left;\" data-title-color=\"#47425d\" data-headings-color=\"#443f3f\" data-title_alignment=\"center\" class=\"panel-widget-style panel-widget-style-for-19739-2-0-0\" ><div\n\t\t\t\n\t\t\tclass=\"so-widget-sow-editor so-widget-sow-editor-base\"\n\t\t\t\n\t\t>\n<div class=\"siteorigin-widget-tinymce textwidget\">\n\t<p class=\"TEXTOS-DESTACATS\" style=\"text-align: center;\">La gamma di rivestimenti in polvere Resicoat\u00ae si applica in molti settori industriali, giacch\u00e9 fornisce soluzioni come:<\/p>\n<\/div>\n<\/div><\/div><\/div><div id=\"panel-19739-2-0-1\" class=\"so-panel widget_sow-editor panel-last-child\" data-index=\"4\" ><div style=\"text-align: left;\" data-title-color=\"#47425d\" data-headings-color=\"#443f3f\" data-title_alignment=\"center\" class=\"panel-widget-style panel-widget-style-for-19739-2-0-1\" ><div\n\t\t\t\n\t\t\tclass=\"so-widget-sow-editor so-widget-sow-editor-base\"\n\t\t\t\n\t\t>\n<div class=\"siteorigin-widget-tinymce textwidget\">\n\t<ul class=\"LLISTA-SUBRATLLADA\">\n<li><b>Rivestimento per l'isolamento elettrico<\/b><br \/>\nI primi sviluppi di Resicoat\u00ae per l'isolamento elettrico risalgono alla fine degli anni '60. Da allora, l\u2019impresa ha ulteriormente sviluppato e migliorato questi rivestimenti in polvere per nuove gamme di applicazioni dielettriche. La serie Resicoat\u00ae EL contiene rivestimenti in polvere epossidica per l'isolamento delle celle di laminazione dei motori e delle barre metalliche utilizzate nei sistemi di distribuzione elettrica, nonch\u00e9 per l'isolamento di piccoli componenti, come i nuclei magnetici.<\/li>\n<li><b>Rivestimento esterno ed interno dei tubi<\/b><br \/>\nLe condutture sono le autostrade dell'energia. Sono il mezzo di trasporto pi\u00f9 importante per il petrolio, il gas naturale, gli agenti petrolchimici e l'acqua. \u00c8 importante che i tubi funzionino in modo sicuro ed efficiente durante la loro vita utile. Ci\u00f2 \u00e8 possibile grazie alla combinazione della protezione catodica e dei rivestimenti protettivi come Resicoat\u00ae, che evitano elevati costi di manutenzione e possibili danni ambientali in caso di perdite per corrosione.<\/li>\n<li><b>Rivestimento per armature<\/b><br \/>\nLa gamma Resicoat\u00ae RB protegge dalla corrosione i ferri di armatura, utilizzati per rinforzare le strutture in cemento armato. Resicoat\u00ae RB \u00e8 disponibile sia in versione flessibile che non flessibile, conformemente alle norme ASTM A775 e alla certificazione U.S. DOT.<\/li>\n<li><b>Rivestimento per valvole e raccordi<\/b><br \/>\nLa serie Resicoat R4 offre una gamma di polveri epossidiche per questi campi, le quali possiedono omologazioni mondiali per acqua potabile e certificazioni per applicazioni con gas e biogas. I rivestimenti delle valvole devono essere resistenti a un ampio intervallo di temperature e condizioni ambientali.\u2028La serie Resicoat R4 fornisce una superficie completamente sigillata e priva di porosit\u00e0, prevenendo la corrosione e riducendo l'attrito tra il mezzo trasportato e il raccordo, evitando incrostazioni di sali o materiali organici.<\/li>\n<\/ul>\n<\/div>\n<\/div><\/div><\/div><\/div><\/div><\/div><div id=\"pg-19739-3\"  class=\"panel-grid panel-has-style\" ><div class=\"siteorigin-panels-stretch panel-row-style panel-row-style-for-19739-3\" style=\"padding: 50px 0; \" data-stretch-type=\"full\" data-overlay=\"true\" data-overlay-color=\"#000000\" ><div id=\"pgc-19739-3-0\"  class=\"panel-grid-cell\" ><div id=\"panel-19739-3-0-0\" class=\"so-panel widget_sow-editor panel-first-child\" data-index=\"5\" ><div style=\"text-align: left;\" data-title-color=\"#47425d\" data-headings-color=\"#443f3f\" data-title_alignment=\"center\" class=\"panel-widget-style panel-widget-style-for-19739-3-0-0\" ><div\n\t\t\t\n\t\t\tclass=\"so-widget-sow-editor so-widget-sow-editor-base\"\n\t\t\t\n\t\t>\n<div class=\"siteorigin-widget-tinymce textwidget\">\n\t<h2 class=\"BLAU-FOSC\" style=\"text-align: center;\">Riferimenti di Resicoat \u00ae<\/h2>\n<\/div>\n<\/div><\/div><\/div><div id=\"panel-19739-3-0-1\" class=\"so-panel widget_siteorigin-panels-builder panel-last-child\" data-index=\"6\" ><div style=\"text-align: left;\" data-title-color=\"#47425d\" data-headings-color=\"#443f3f\" data-title_alignment=\"center\" class=\"panel-widget-style panel-widget-style-for-19739-3-0-1\" ><div id=\"pl-w5d6fd4790b935\"  class=\"panel-layout\" ><div id=\"pg-w5d6fd4790b935-0\"  class=\"panel-grid panel-has-style\" ><div style=\"padding: 40px 0; \" data-overlay=\"true\" data-overlay-color=\"#000000\" class=\"panel-row-style panel-row-style-for-w5d6fd4790b935-0\" ><div id=\"pgc-w5d6fd4790b935-0-0\"  class=\"panel-grid-cell\" ><div id=\"panel-w5d6fd4790b935-0-0-0\" class=\"so-panel widget_sow-editor panel-first-child panel-last-child\" data-index=\"0\" ><div style=\"text-align: left;\" data-title-color=\"#47425d\" data-headings-color=\"#443f3f\" data-title_alignment=\"center\" class=\"panel-widget-style panel-widget-style-for-w5d6fd4790b935-0-0-0\" ><div\n\t\t\t\n\t\t\tclass=\"so-widget-sow-editor so-widget-sow-editor-base\"\n\t\t\t\n\t\t>\n<div class=\"siteorigin-widget-tinymce textwidget\">\n\t<p style=\"text-align: center;\"><b>HLF59R EL<\/b><br \/>\n<b>HLG03R EL201<\/b><br \/>\n<b>HKF97R EL3<\/b><br \/>\n<b>HGC20R EL<\/b><br \/>\n<b>HNE06R EL4<\/b><br \/>\n<b>HKE03R e-lock<\/b><br \/>\n<b>HNE03R e-lock<\/b><br \/>\n<b>HNH04R EL1<\/b><br \/>\n<b>HLF04R R-726<\/b><br \/>\n<b>HKF70R R-726A<\/b><\/p>\n<\/div>\n<\/div><\/div><\/div><\/div><div id=\"pgc-w5d6fd4790b935-0-1\"  class=\"panel-grid-cell\" ><div id=\"panel-w5d6fd4790b935-0-1-0\" class=\"so-panel widget_sow-editor panel-first-child panel-last-child\" data-index=\"1\" ><div style=\"text-align: left;\" data-title-color=\"#47425d\" data-headings-color=\"#443f3f\" data-title_alignment=\"center\" class=\"panel-widget-style panel-widget-style-for-w5d6fd4790b935-0-1-0\" ><div\n\t\t\t\n\t\t\tclass=\"so-widget-sow-editor so-widget-sow-editor-base\"\n\t\t\t\n\t\t>\n<div class=\"siteorigin-widget-tinymce textwidget\">\n\t<p style=\"text-align: center;\"><b>HDF01R R-726LAT<\/b><br \/>\n<b>HKF58R R-735LD<\/b><br \/>\n<b>HLF76R R-726A<\/b><br \/>\n<b>HLF75R R-735LD<\/b><br \/>\n<b>HKF30R RB-600<\/b><br \/>\n<b>HEF06R R4-ES \/ ca. RAL 1023GL<\/b><br \/>\n<b>HGF03R R4-ES \/ ca. RAL 3011GL<\/b><br \/>\n<b>HGF10R R4-ES \/ redbrown<\/b><br \/>\n<b>HGF14R R4-ES \/ ca. RAL 3000<\/b><br \/>\n<b>HGF17R R4-ES \/ rust red<\/b><\/p>\n<\/div>\n<\/div><\/div><\/div><\/div><div id=\"pgc-w5d6fd4790b935-0-2\"  class=\"panel-grid-cell\" ><div id=\"panel-w5d6fd4790b935-0-2-0\" class=\"so-panel widget_sow-editor panel-first-child panel-last-child\" data-index=\"2\" ><div style=\"text-align: left;\" data-title-color=\"#47425d\" data-headings-color=\"#443f3f\" data-title_alignment=\"center\" class=\"panel-widget-style panel-widget-style-for-w5d6fd4790b935-0-2-0\" ><div\n\t\t\t\n\t\t\tclass=\"so-widget-sow-editor so-widget-sow-editor-base\"\n\t\t\t\n\t\t>\n<div class=\"siteorigin-widget-tinymce textwidget\">\n\t<p style=\"text-align: center;\"><b>HJF01R R4-ES \/ ca. RAL 5005<\/b><br \/>\n<b>HJF10R R4-ES \/ ca. RAL 5017<\/b><br \/>\n<b>HJF13R R4-ES<\/b><br \/>\n<b>HJF14R R4-ES \/ ca. RAL 5015<\/b><br \/>\n<b>HJF19R R4-ES \/ ca. RAL 5010GL<\/b><br \/>\n<b>HJF22R R4-ES \/ ca. RAL 5015GL<\/b><br \/>\n<b>HJF23R R4-ES \/ ca. RAL 5003<\/b><br \/>\n<b>HJF24R R4-ES \/ ca. RAL 5013GL<\/b><br \/>\n<b>HJF26R R4-ES \/ ca. RAL 5005<\/b><br \/>\n<b>HJF42R R4-ES \/ blue<\/b><\/p>\n<\/div>\n<\/div><\/div><\/div><\/div><div id=\"pgc-w5d6fd4790b935-0-3\"  class=\"panel-grid-cell\" ><div id=\"panel-w5d6fd4790b935-0-3-0\" class=\"so-panel widget_sow-editor panel-first-child panel-last-child\" data-index=\"3\" ><div style=\"text-align: left;\" data-title-color=\"#47425d\" data-headings-color=\"#443f3f\" data-title_alignment=\"center\" class=\"panel-widget-style panel-widget-style-for-w5d6fd4790b935-0-3-0\" ><div\n\t\t\t\n\t\t\tclass=\"so-widget-sow-editor so-widget-sow-editor-base\"\n\t\t\t\n\t\t>\n<div class=\"siteorigin-widget-tinymce textwidget\">\n\t<p style=\"text-align: center;\"><b>HKF47R R4-ES \/ green<\/b><br \/>\n<b>HNF04R R4-ES \/ ca. RAL 9005<\/b><br \/>\n<b>HGH02R R4-ES \/ redbrown<\/b><br \/>\n<b>HEC01R R4-FB \/ ca. RAL 1023GL<\/b><br \/>\n<b>HGC07R R4-FB \/ redbrown<\/b><br \/>\n<b>HGC17R R4-FB \/ redbrown<\/b><br \/>\n<b>HJC06R R4-FB \/ ca. RAL 5005<\/b><br \/>\n<b>HJC08R R4-FB \/ ca. RAL 5017<\/b><br \/>\n<b>HKC71R R4-FB \/ green<\/b><br \/>\n<b>HNC01R R4-FB \/ black<\/b><\/p>\n<\/div>\n<\/div><\/div><\/div><\/div><\/div><\/div><\/div><\/div><\/div><\/div><\/div><\/div><\/div>","protected":false},"excerpt":{"rendered":"<p>Rivestimento Resicoat \u00ae I rivestimenti in polvere Resicoat\u00ae di AkzoNobel sono vernici prive di solventi, che servono a proteggere le parti rivestite [&hellip;]<\/p>\n","protected":false},"author":1,"featured_media":15441,"parent":0,"menu_order":0,"comment_status":"closed","ping_status":"closed","template":"page-templates\/page_fullwidth.php","meta":{"footnotes":""},"class_list":["post-19739","page","type-page","status-publish","has-post-thumbnail","hentry"],"yoast_head":"<!-- This site is optimized with the Yoast SEO plugin v27.6 - https:\/\/yoast.com\/product\/yoast-seo-wordpress\/ -->\n<title>Rivestimento Resicoat - Coatresa<\/title>\n<meta name=\"description\" content=\"Rivestimenti Resicoat di AkzoNobel: rivestimenti in polvere privi di VOC e con certificazione ambientale SMaRT. Isolamento elettrico, tubi e valvole.\" \/>\n<meta name=\"robots\" content=\"index, follow, max-snippet:-1, max-image-preview:large, max-video-preview:-1\" \/>\n<link rel=\"canonical\" href=\"https:\/\/www.coatresa.com\/it\/rivestimento-akzonobel-resicoat\/\" \/>\n<meta property=\"og:locale\" content=\"it_IT\" \/>\n<meta property=\"og:type\" content=\"article\" \/>\n<meta property=\"og:title\" content=\"Rivestimento Resicoat - Coatresa\" \/>\n<meta property=\"og:description\" content=\"Rivestimenti Resicoat di AkzoNobel: rivestimenti in polvere privi di VOC e con certificazione ambientale SMaRT. Isolamento elettrico, tubi e valvole.\" \/>\n<meta property=\"og:url\" content=\"https:\/\/www.coatresa.com\/it\/rivestimento-akzonobel-resicoat\/\" \/>\n<meta property=\"og:site_name\" content=\"Coatresa\" \/>\n<meta property=\"article:publisher\" content=\"https:\/\/www.facebook.com\/Coatresa\/\" \/>\n<meta property=\"article:modified_time\" content=\"2020-04-16T09:16:31+00:00\" \/>\n<meta property=\"og:image\" content=\"https:\/\/www.coatresa.com\/wp-content\/uploads\/2019\/09\/recubrimientos-akzonobel-resicoat.png\" \/>\n\t<meta property=\"og:image:width\" content=\"197\" \/>\n\t<meta property=\"og:image:height\" content=\"197\" \/>\n\t<meta property=\"og:image:type\" content=\"image\/png\" \/>\n<meta name=\"twitter:card\" content=\"summary_large_image\" \/>\n<meta name=\"twitter:site\" content=\"@Coatresa\" \/>\n<meta name=\"twitter:label1\" content=\"Tempo di lettura stimato\" \/>\n\t<meta name=\"twitter:data1\" content=\"3 minuti\" \/>\n<script type=\"application\/ld+json\" class=\"yoast-schema-graph\">{\"@context\":\"https:\\\/\\\/schema.org\",\"@graph\":[{\"@type\":\"WebPage\",\"@id\":\"https:\\\/\\\/www.coatresa.com\\\/it\\\/rivestimento-akzonobel-resicoat\\\/\",\"url\":\"https:\\\/\\\/www.coatresa.com\\\/it\\\/rivestimento-akzonobel-resicoat\\\/\",\"name\":\"Rivestimento Resicoat - Coatresa\",\"isPartOf\":{\"@id\":\"https:\\\/\\\/www.coatresa.com\\\/it\\\/#website\"},\"primaryImageOfPage\":{\"@id\":\"https:\\\/\\\/www.coatresa.com\\\/it\\\/rivestimento-akzonobel-resicoat\\\/#primaryimage\"},\"image\":{\"@id\":\"https:\\\/\\\/www.coatresa.com\\\/it\\\/rivestimento-akzonobel-resicoat\\\/#primaryimage\"},\"thumbnailUrl\":\"https:\\\/\\\/www.coatresa.com\\\/wp-content\\\/uploads\\\/2019\\\/09\\\/recubrimientos-akzonobel-resicoat.png\",\"datePublished\":\"2019-09-04T15:27:58+00:00\",\"dateModified\":\"2020-04-16T09:16:31+00:00\",\"description\":\"Rivestimenti Resicoat di AkzoNobel: rivestimenti in polvere privi di VOC e con certificazione ambientale SMaRT. Isolamento elettrico, tubi e valvole.\",\"breadcrumb\":{\"@id\":\"https:\\\/\\\/www.coatresa.com\\\/it\\\/rivestimento-akzonobel-resicoat\\\/#breadcrumb\"},\"inLanguage\":\"it-IT\",\"potentialAction\":[{\"@type\":\"ReadAction\",\"target\":[\"https:\\\/\\\/www.coatresa.com\\\/it\\\/rivestimento-akzonobel-resicoat\\\/\"]}]},{\"@type\":\"ImageObject\",\"inLanguage\":\"it-IT\",\"@id\":\"https:\\\/\\\/www.coatresa.com\\\/it\\\/rivestimento-akzonobel-resicoat\\\/#primaryimage\",\"url\":\"https:\\\/\\\/www.coatresa.com\\\/wp-content\\\/uploads\\\/2019\\\/09\\\/recubrimientos-akzonobel-resicoat.png\",\"contentUrl\":\"https:\\\/\\\/www.coatresa.com\\\/wp-content\\\/uploads\\\/2019\\\/09\\\/recubrimientos-akzonobel-resicoat.png\",\"width\":197,\"height\":197,\"caption\":\"recubrimiento AkzoNobel Resicoat\"},{\"@type\":\"BreadcrumbList\",\"@id\":\"https:\\\/\\\/www.coatresa.com\\\/it\\\/rivestimento-akzonobel-resicoat\\\/#breadcrumb\",\"itemListElement\":[{\"@type\":\"ListItem\",\"position\":1,\"name\":\"Portada\",\"item\":\"https:\\\/\\\/www.coatresa.com\\\/it\\\/\"},{\"@type\":\"ListItem\",\"position\":2,\"name\":\"Rivestimento Resicoat\"}]},{\"@type\":\"WebSite\",\"@id\":\"https:\\\/\\\/www.coatresa.com\\\/it\\\/#website\",\"url\":\"https:\\\/\\\/www.coatresa.com\\\/it\\\/\",\"name\":\"Coatresa\",\"description\":\"Aplicaci\u00f3n de recubrimientos antiadherentes y anticorrosivos como el Teflon. Expertos del Powder Coating\",\"publisher\":{\"@id\":\"https:\\\/\\\/www.coatresa.com\\\/it\\\/#organization\"},\"potentialAction\":[{\"@type\":\"SearchAction\",\"target\":{\"@type\":\"EntryPoint\",\"urlTemplate\":\"https:\\\/\\\/www.coatresa.com\\\/it\\\/?s={search_term_string}\"},\"query-input\":{\"@type\":\"PropertyValueSpecification\",\"valueRequired\":true,\"valueName\":\"search_term_string\"}}],\"inLanguage\":\"it-IT\"},{\"@type\":\"Organization\",\"@id\":\"https:\\\/\\\/www.coatresa.com\\\/it\\\/#organization\",\"name\":\"Coatresa\",\"url\":\"https:\\\/\\\/www.coatresa.com\\\/it\\\/\",\"logo\":{\"@type\":\"ImageObject\",\"inLanguage\":\"it-IT\",\"@id\":\"https:\\\/\\\/www.coatresa.com\\\/it\\\/#\\\/schema\\\/logo\\\/image\\\/\",\"url\":\"https:\\\/\\\/www.coatresa.com\\\/wp-content\\\/uploads\\\/2022\\\/07\\\/A_blava_mitja_transp.png\",\"contentUrl\":\"https:\\\/\\\/www.coatresa.com\\\/wp-content\\\/uploads\\\/2022\\\/07\\\/A_blava_mitja_transp.png\",\"width\":340,\"height\":326,\"caption\":\"Coatresa\"},\"image\":{\"@id\":\"https:\\\/\\\/www.coatresa.com\\\/it\\\/#\\\/schema\\\/logo\\\/image\\\/\"},\"sameAs\":[\"https:\\\/\\\/www.facebook.com\\\/Coatresa\\\/\",\"https:\\\/\\\/x.com\\\/Coatresa\",\"https:\\\/\\\/www.linkedin.com\\\/company\\\/coatresa\\\/\",\"https:\\\/\\\/www.youtube.com\\\/user\\\/CoatresaCoatings\"]}]}<\/script>\n<!-- \/ Yoast SEO plugin. -->","yoast_head_json":{"title":"Rivestimento Resicoat - Coatresa","description":"Rivestimenti Resicoat di AkzoNobel: rivestimenti in polvere privi di VOC e con certificazione ambientale SMaRT. Isolamento elettrico, tubi e valvole.","robots":{"index":"index","follow":"follow","max-snippet":"max-snippet:-1","max-image-preview":"max-image-preview:large","max-video-preview":"max-video-preview:-1"},"canonical":"https:\/\/www.coatresa.com\/it\/rivestimento-akzonobel-resicoat\/","og_locale":"it_IT","og_type":"article","og_title":"Rivestimento Resicoat - Coatresa","og_description":"Rivestimenti Resicoat di AkzoNobel: rivestimenti in polvere privi di VOC e con certificazione ambientale SMaRT. Isolamento elettrico, tubi e valvole.","og_url":"https:\/\/www.coatresa.com\/it\/rivestimento-akzonobel-resicoat\/","og_site_name":"Coatresa","article_publisher":"https:\/\/www.facebook.com\/Coatresa\/","article_modified_time":"2020-04-16T09:16:31+00:00","og_image":[{"width":197,"height":197,"url":"https:\/\/www.coatresa.com\/wp-content\/uploads\/2019\/09\/recubrimientos-akzonobel-resicoat.png","type":"image\/png"}],"twitter_card":"summary_large_image","twitter_site":"@Coatresa","twitter_misc":{"Tempo di lettura stimato":"3 minuti"},"schema":{"@context":"https:\/\/schema.org","@graph":[{"@type":"WebPage","@id":"https:\/\/www.coatresa.com\/it\/rivestimento-akzonobel-resicoat\/","url":"https:\/\/www.coatresa.com\/it\/rivestimento-akzonobel-resicoat\/","name":"Rivestimento Resicoat - Coatresa","isPartOf":{"@id":"https:\/\/www.coatresa.com\/it\/#website"},"primaryImageOfPage":{"@id":"https:\/\/www.coatresa.com\/it\/rivestimento-akzonobel-resicoat\/#primaryimage"},"image":{"@id":"https:\/\/www.coatresa.com\/it\/rivestimento-akzonobel-resicoat\/#primaryimage"},"thumbnailUrl":"https:\/\/www.coatresa.com\/wp-content\/uploads\/2019\/09\/recubrimientos-akzonobel-resicoat.png","datePublished":"2019-09-04T15:27:58+00:00","dateModified":"2020-04-16T09:16:31+00:00","description":"Rivestimenti Resicoat di AkzoNobel: rivestimenti in polvere privi di VOC e con certificazione ambientale SMaRT. Isolamento elettrico, tubi e valvole.","breadcrumb":{"@id":"https:\/\/www.coatresa.com\/it\/rivestimento-akzonobel-resicoat\/#breadcrumb"},"inLanguage":"it-IT","potentialAction":[{"@type":"ReadAction","target":["https:\/\/www.coatresa.com\/it\/rivestimento-akzonobel-resicoat\/"]}]},{"@type":"ImageObject","inLanguage":"it-IT","@id":"https:\/\/www.coatresa.com\/it\/rivestimento-akzonobel-resicoat\/#primaryimage","url":"https:\/\/www.coatresa.com\/wp-content\/uploads\/2019\/09\/recubrimientos-akzonobel-resicoat.png","contentUrl":"https:\/\/www.coatresa.com\/wp-content\/uploads\/2019\/09\/recubrimientos-akzonobel-resicoat.png","width":197,"height":197,"caption":"recubrimiento AkzoNobel Resicoat"},{"@type":"BreadcrumbList","@id":"https:\/\/www.coatresa.com\/it\/rivestimento-akzonobel-resicoat\/#breadcrumb","itemListElement":[{"@type":"ListItem","position":1,"name":"Portada","item":"https:\/\/www.coatresa.com\/it\/"},{"@type":"ListItem","position":2,"name":"Rivestimento Resicoat"}]},{"@type":"WebSite","@id":"https:\/\/www.coatresa.com\/it\/#website","url":"https:\/\/www.coatresa.com\/it\/","name":"Coatresa","description":"Aplicaci\u00f3n de recubrimientos antiadherentes y anticorrosivos como el Teflon. Expertos del Powder Coating","publisher":{"@id":"https:\/\/www.coatresa.com\/it\/#organization"},"potentialAction":[{"@type":"SearchAction","target":{"@type":"EntryPoint","urlTemplate":"https:\/\/www.coatresa.com\/it\/?s={search_term_string}"},"query-input":{"@type":"PropertyValueSpecification","valueRequired":true,"valueName":"search_term_string"}}],"inLanguage":"it-IT"},{"@type":"Organization","@id":"https:\/\/www.coatresa.com\/it\/#organization","name":"Coatresa","url":"https:\/\/www.coatresa.com\/it\/","logo":{"@type":"ImageObject","inLanguage":"it-IT","@id":"https:\/\/www.coatresa.com\/it\/#\/schema\/logo\/image\/","url":"https:\/\/www.coatresa.com\/wp-content\/uploads\/2022\/07\/A_blava_mitja_transp.png","contentUrl":"https:\/\/www.coatresa.com\/wp-content\/uploads\/2022\/07\/A_blava_mitja_transp.png","width":340,"height":326,"caption":"Coatresa"},"image":{"@id":"https:\/\/www.coatresa.com\/it\/#\/schema\/logo\/image\/"},"sameAs":["https:\/\/www.facebook.com\/Coatresa\/","https:\/\/x.com\/Coatresa","https:\/\/www.linkedin.com\/company\/coatresa\/","https:\/\/www.youtube.com\/user\/CoatresaCoatings"]}]}},"_links":{"self":[{"href":"https:\/\/www.coatresa.com\/it\/wp-json\/wp\/v2\/pages\/19739","targetHints":{"allow":["GET"]}}],"collection":[{"href":"https:\/\/www.coatresa.com\/it\/wp-json\/wp\/v2\/pages"}],"about":[{"href":"https:\/\/www.coatresa.com\/it\/wp-json\/wp\/v2\/types\/page"}],"author":[{"embeddable":true,"href":"https:\/\/www.coatresa.com\/it\/wp-json\/wp\/v2\/users\/1"}],"replies":[{"embeddable":true,"href":"https:\/\/www.coatresa.com\/it\/wp-json\/wp\/v2\/comments?post=19739"}],"version-history":[{"count":0,"href":"https:\/\/www.coatresa.com\/it\/wp-json\/wp\/v2\/pages\/19739\/revisions"}],"wp:featuredmedia":[{"embeddable":true,"href":"https:\/\/www.coatresa.com\/it\/wp-json\/wp\/v2\/media\/15441"}],"wp:attachment":[{"href":"https:\/\/www.coatresa.com\/it\/wp-json\/wp\/v2\/media?parent=19739"}],"curies":[{"name":"wp","href":"https:\/\/api.w.org\/{rel}","templated":true}]}}