{"id":19830,"date":"2019-10-03T11:17:20","date_gmt":"2019-10-03T09:17:20","guid":{"rendered":"https:\/\/www.coatresa.com\/recubrimiento-whitford-eclipse\/"},"modified":"2023-06-13T13:10:17","modified_gmt":"2023-06-13T11:10:17","slug":"rivestimento-whitford-eclipse","status":"publish","type":"page","link":"https:\/\/www.coatresa.com\/it\/rivestimento-whitford-eclipse\/","title":{"rendered":"Rivestimento Eclipse"},"content":{"rendered":"<div id=\"pl-19830\"  class=\"panel-layout\" ><div id=\"pg-19830-0\"  class=\"panel-grid panel-has-style\" ><div style=\"padding: 0px 0; \" data-overlay=\"true\" data-overlay-color=\"#000000\" class=\"panel-row-style panel-row-style-for-19830-0\" ><div id=\"pgc-19830-0-0\"  class=\"panel-grid-cell\" ><div id=\"panel-19830-0-0-0\" class=\"so-panel widget_sow-image panel-first-child panel-last-child\" data-index=\"0\" ><div style=\"text-align: left;\" data-title-color=\"#47425d\" data-headings-color=\"#443f3f\" data-title_alignment=\"center\" class=\"panel-widget-style panel-widget-style-for-19830-0-0-0\" ><div\n\t\t\t\n\t\t\tclass=\"so-widget-sow-image so-widget-sow-image-default-c67d20f9f743-19830\"\n\t\t\t\n\t\t>\n<div class=\"sow-image-container\">\n\t\t<img \n\tsrc=\"https:\/\/www.coatresa.com\/wp-content\/uploads\/2023\/06\/Recubrimiento-Whitford_Eclipse.png\" width=\"197\" height=\"197\" srcset=\"https:\/\/www.coatresa.com\/wp-content\/uploads\/2023\/06\/Recubrimiento-Whitford_Eclipse.png 197w, https:\/\/www.coatresa.com\/wp-content\/uploads\/2023\/06\/Recubrimiento-Whitford_Eclipse-150x150.png 150w\" sizes=\"(max-width: 197px) 100vw, 197px\" title=\"Recubrimiento Whitford_Eclipse\" alt=\"\" \t\tclass=\"so-widget-image\"\/>\n\t<\/div>\n\n<\/div><\/div><\/div><\/div><div id=\"pgc-19830-0-1\"  class=\"panel-grid-cell\" ><div id=\"panel-19830-0-1-0\" class=\"so-panel widget_sow-editor panel-first-child panel-last-child\" data-index=\"1\" ><div style=\"text-align: left;\" data-title-color=\"#47425d\" data-headings-color=\"#000000\" data-title_alignment=\"center\" class=\"panel-widget-style panel-widget-style-for-19830-0-1-0\" ><div\n\t\t\t\n\t\t\tclass=\"so-widget-sow-editor so-widget-sow-editor-base\"\n\t\t\t\n\t\t>\n<div class=\"siteorigin-widget-tinymce textwidget\">\n\t<h1 style=\"text-align: left;\">Rivestimento Eclipse \u00ae<\/h1>\n<hr align=\"left\" \/>\n<p style=\"text-align: justify;\">Il rivestimento <strong>Eclipse<\/strong>\u00ae \u00e8 un sistema antiaderente rinforzato internamente, progettato per durare pi\u00f9 a lungo di altri rivestimenti di questo tipo.<br \/>\n\u00a0La famiglia di rivestimenti Eclipse\u00ae (Eclipse ed Eclipse High-Build per utensili da cucina ed Eclipse per utensili da forno) ha una notevole resistenza all'abuso e all'usura, tipici nelle cucine medie moderne.<\/p>\n<\/div>\n<\/div><\/div><\/div><\/div><\/div><\/div><div id=\"pg-19830-1\"  class=\"panel-grid panel-has-style\" ><div class=\"FRANJA-BLAVA-TITOL siteorigin-panels-stretch panel-row-style panel-row-style-for-19830-1\" style=\"padding: 0px 0; \" data-stretch-type=\"full\" data-overlay=\"true\" data-overlay-color=\"#000000\" ><div id=\"pgc-19830-1-0\"  class=\"panel-grid-cell\" ><div id=\"panel-19830-1-0-0\" class=\"so-panel widget_sow-editor panel-first-child panel-last-child\" data-index=\"2\" ><div style=\"text-align: left;\" data-title-color=\"#47425d\" data-headings-color=\"#443f3f\" data-title_alignment=\"center\" class=\"panel-widget-style panel-widget-style-for-19830-1-0-0\" ><div\n\t\t\t\n\t\t\tclass=\"so-widget-sow-editor so-widget-sow-editor-base\"\n\t\t\t\n\t\t>\n<div class=\"siteorigin-widget-tinymce textwidget\">\n\t<h2 style=\"text-align: center;\">Propriet\u00e0 dei rivestimenti Eclipse \u00ae<\/h2>\n<\/div>\n<\/div><\/div><\/div><\/div><\/div><\/div><div id=\"pg-19830-2\"  class=\"panel-grid panel-has-style\" ><div class=\"BGC-GRIS siteorigin-panels-stretch panel-row-style panel-row-style-for-19830-2\" style=\"padding: 50px 0; \" data-stretch-type=\"full\" data-overlay=\"true\" data-overlay-color=\"#000000\" ><div id=\"pgc-19830-2-0\"  class=\"panel-grid-cell\" ><div id=\"panel-19830-2-0-0\" class=\"so-panel widget_sow-editor panel-first-child panel-last-child\" data-index=\"3\" ><div style=\"text-align: left;\" data-title-color=\"#47425d\" data-headings-color=\"#443f3f\" data-title_alignment=\"center\" class=\"panel-widget-style panel-widget-style-for-19830-2-0-0\" ><div\n\t\t\t\n\t\t\tclass=\"so-widget-sow-editor so-widget-sow-editor-base\"\n\t\t\t\n\t\t>\n<div class=\"siteorigin-widget-tinymce textwidget\">\n\t<h3>Eclipse per utensili da cucina<\/h3>\n<ul>\n<li>Rivestimento a tre strati<\/li>\n<li>Lo strato di fondo contiene una combinazione accuratamente selezionata e combinata di resine e materiali insolitamente duri, che consentono una percentuale di elementi speciali di rinforzo molto pi\u00f9 elevata del normale<\/li>\n<li>Lo strato superiore \u00e8 ricco di fluoropolimeri ed \u00e8 completamente dedicato alla non adesione<\/li>\n<li>Eccellenti risultati dei test di abrasione reciproca: raggiungendo pi\u00f9 di 700.000 cicli, \u00e8 il rivestimento rinforzato internamente pi\u00f9 resistente testato in precedenza e con 20.000 cicli.<\/li>\n<\/ul>\n<\/div>\n<\/div><\/div><\/div><\/div><div id=\"pgc-19830-2-1\"  class=\"panel-grid-cell\" ><div id=\"panel-19830-2-1-0\" class=\"so-panel widget_sow-editor panel-first-child panel-last-child\" data-index=\"4\" ><div style=\"text-align: left;\" data-title-color=\"#47425d\" data-headings-color=\"#443f3f\" data-title_alignment=\"center\" class=\"panel-widget-style panel-widget-style-for-19830-2-1-0\" ><div\n\t\t\t\n\t\t\tclass=\"so-widget-sow-editor so-widget-sow-editor-base\"\n\t\t\t\n\t\t>\n<div class=\"siteorigin-widget-tinymce textwidget\">\n\t<h3>Eclipse High-Build per utensili da cucina<\/h3>\n<ul>\n<li>Migliorata grazie a un'intensa attivit\u00e0 di ricerca e sviluppo, per soddisfare uno standard di riferimento molto maggiore di quello di tutti i rivestimenti rinforzati internamente<\/li>\n<li>Soddisfa tutti gli standard di sicurezza alimentare statunitensi ed europei<\/li>\n<li>Si possono applicare fino a 60 micron senza fessurazione dei fanghi (la maggior parte dei sistemi antiaderenti si screpolano se applicati a pi\u00f9 di 40 micron)<\/li>\n<\/ul>\n<\/div>\n<\/div><\/div><\/div><\/div><div id=\"pgc-19830-2-2\"  class=\"panel-grid-cell\" ><div id=\"panel-19830-2-2-0\" class=\"so-panel widget_sow-editor panel-first-child panel-last-child\" data-index=\"5\" ><div style=\"text-align: left;\" data-title-color=\"#47425d\" data-headings-color=\"#443f3f\" data-title_alignment=\"center\" class=\"panel-widget-style panel-widget-style-for-19830-2-2-0\" ><div\n\t\t\t\n\t\t\tclass=\"so-widget-sow-editor so-widget-sow-editor-base\"\n\t\t\t\n\t\t>\n<div class=\"siteorigin-widget-tinymce textwidget\">\n\t<h3>Eclipse per il Forno<\/h3>\n<ul>\n<li>Sistema antiaderente a 2 strati rinforzato internamente<\/li>\n<li>Progettato per durare pi\u00f9 a lungo di altri rivestimenti da forno rinforzati internamente<\/li>\n<li>Ottima versione fornita di silicone, pertanto la versione spray di Eclipse per utensili da forno pu\u00f2 essere commercializzata come 'Fabbricato senza PFOA'<\/li>\n<li>Ideale per substrati di alluminio e acciai al fosfato di carbonio<\/li>\n<\/ul>\n<\/div>\n<\/div><\/div><\/div><\/div><\/div><\/div><div id=\"pg-19830-3\"  class=\"panel-grid panel-has-style\" ><div class=\"siteorigin-panels-stretch panel-row-style panel-row-style-for-19830-3\" style=\"padding: 50px 0; \" data-stretch-type=\"full\" data-overlay=\"true\" data-overlay-color=\"#000000\" ><div id=\"pgc-19830-3-0\"  class=\"panel-grid-cell\" ><div id=\"panel-19830-3-0-0\" class=\"so-panel widget_siteorigin-panels-builder panel-first-child panel-last-child\" data-index=\"6\" ><div style=\"text-align: left;\" data-title-color=\"#47425d\" data-headings-color=\"#443f3f\" data-title_alignment=\"center\" class=\"panel-widget-style panel-widget-style-for-19830-3-0-0\" ><div id=\"pl-w64884e99d8ead\"  class=\"panel-layout\" ><div id=\"pg-w64884e99d8ead-0\"  class=\"panel-grid panel-has-style\" ><div style=\"padding: 0px 0; \" data-overlay=\"true\" data-overlay-color=\"#000000\" class=\"panel-row-style panel-row-style-for-w64884e99d8ead-0\" ><div id=\"pgc-w64884e99d8ead-0-0\"  class=\"panel-grid-cell\" ><div id=\"panel-w64884e99d8ead-0-0-0\" class=\"so-panel widget_sow-editor panel-first-child panel-last-child\" data-index=\"0\" ><div style=\"text-align: left;\" data-title-color=\"#47425d\" data-headings-color=\"#443f3f\" data-title_alignment=\"center\" class=\"panel-widget-style panel-widget-style-for-w64884e99d8ead-0-0-0\" ><div\n\t\t\t\n\t\t\tclass=\"so-widget-sow-editor so-widget-sow-editor-base\"\n\t\t\t\n\t\t>\n<div class=\"siteorigin-widget-tinymce textwidget\">\n\t<h2 class=\"BLAU-FOSC\" style=\"text-align: center;\">Riferimenti di Eclipse\u00ae<\/h2>\n<p style=\"text-align: center; padding-top: 40px;\"><b>Eclipse 7050<\/b><br \/>\n<b>Eclipse 7252<\/b><br \/>\n<b>Eclipse HB 70-750<\/b><br \/>\n<b>Eclipse HB 72-752<\/b><br \/>\n<b>Eclipse HB 73-753<\/b><\/p>\n<\/div>\n<\/div><\/div><\/div><\/div><\/div><\/div><\/div><\/div><\/div><\/div><\/div><\/div><\/div>","protected":false},"excerpt":{"rendered":"<p>Rivestimento Eclipse \u00ae Il rivestimento Eclipse\u00ae \u00e8 un sistema antiaderente rinforzato internamente, progettato per durare pi\u00f9 a lungo di altri rivestimenti di [&hellip;]<\/p>\n","protected":false},"author":1,"featured_media":15871,"parent":0,"menu_order":0,"comment_status":"closed","ping_status":"closed","template":"page-templates\/page_fullwidth.php","meta":{"footnotes":""},"class_list":["post-19830","page","type-page","status-publish","has-post-thumbnail","hentry"],"yoast_head":"<!-- This site is optimized with the Yoast SEO plugin v27.6 - https:\/\/yoast.com\/product\/yoast-seo-wordpress\/ -->\n<title>Rivestimento Eclipse - Coatresa<\/title>\n<meta name=\"description\" content=\"Rivestimento Eclipse Whitford: rivestimenti con sistema antiaderente rinforzato internamente. Resistenza all&#039;usura per utensili da cucina e da forno\" \/>\n<meta name=\"robots\" content=\"index, follow, max-snippet:-1, max-image-preview:large, max-video-preview:-1\" \/>\n<link rel=\"canonical\" href=\"https:\/\/www.coatresa.com\/it\/rivestimento-whitford-eclipse\/\" \/>\n<meta property=\"og:locale\" content=\"it_IT\" \/>\n<meta property=\"og:type\" content=\"article\" \/>\n<meta property=\"og:title\" content=\"Rivestimento Eclipse - Coatresa\" \/>\n<meta property=\"og:description\" content=\"Rivestimento Eclipse Whitford: rivestimenti con sistema antiaderente rinforzato internamente. Resistenza all&#039;usura per utensili da cucina e da forno\" \/>\n<meta property=\"og:url\" content=\"https:\/\/www.coatresa.com\/it\/rivestimento-whitford-eclipse\/\" \/>\n<meta property=\"og:site_name\" content=\"Coatresa\" \/>\n<meta property=\"article:publisher\" content=\"https:\/\/www.facebook.com\/Coatresa\/\" \/>\n<meta property=\"article:modified_time\" content=\"2023-06-13T11:10:17+00:00\" \/>\n<meta property=\"og:image\" content=\"https:\/\/www.coatresa.com\/wp-content\/uploads\/2019\/10\/recubrimientos-eclipse-whitford.png\" \/>\n\t<meta property=\"og:image:width\" content=\"197\" \/>\n\t<meta property=\"og:image:height\" content=\"197\" \/>\n\t<meta property=\"og:image:type\" content=\"image\/png\" \/>\n<meta name=\"twitter:card\" content=\"summary_large_image\" \/>\n<meta name=\"twitter:site\" content=\"@Coatresa\" \/>\n<meta name=\"twitter:label1\" content=\"Tempo di lettura stimato\" \/>\n\t<meta name=\"twitter:data1\" content=\"2 minuti\" \/>\n<script type=\"application\/ld+json\" class=\"yoast-schema-graph\">{\"@context\":\"https:\\\/\\\/schema.org\",\"@graph\":[{\"@type\":\"WebPage\",\"@id\":\"https:\\\/\\\/www.coatresa.com\\\/it\\\/rivestimento-whitford-eclipse\\\/\",\"url\":\"https:\\\/\\\/www.coatresa.com\\\/it\\\/rivestimento-whitford-eclipse\\\/\",\"name\":\"Rivestimento Eclipse - Coatresa\",\"isPartOf\":{\"@id\":\"https:\\\/\\\/www.coatresa.com\\\/it\\\/#website\"},\"primaryImageOfPage\":{\"@id\":\"https:\\\/\\\/www.coatresa.com\\\/it\\\/rivestimento-whitford-eclipse\\\/#primaryimage\"},\"image\":{\"@id\":\"https:\\\/\\\/www.coatresa.com\\\/it\\\/rivestimento-whitford-eclipse\\\/#primaryimage\"},\"thumbnailUrl\":\"https:\\\/\\\/www.coatresa.com\\\/wp-content\\\/uploads\\\/2019\\\/10\\\/recubrimientos-eclipse-whitford.png\",\"datePublished\":\"2019-10-03T09:17:20+00:00\",\"dateModified\":\"2023-06-13T11:10:17+00:00\",\"description\":\"Rivestimento Eclipse Whitford: rivestimenti con sistema antiaderente rinforzato internamente. Resistenza all'usura per utensili da cucina e da forno\",\"breadcrumb\":{\"@id\":\"https:\\\/\\\/www.coatresa.com\\\/it\\\/rivestimento-whitford-eclipse\\\/#breadcrumb\"},\"inLanguage\":\"it-IT\",\"potentialAction\":[{\"@type\":\"ReadAction\",\"target\":[\"https:\\\/\\\/www.coatresa.com\\\/it\\\/rivestimento-whitford-eclipse\\\/\"]}]},{\"@type\":\"ImageObject\",\"inLanguage\":\"it-IT\",\"@id\":\"https:\\\/\\\/www.coatresa.com\\\/it\\\/rivestimento-whitford-eclipse\\\/#primaryimage\",\"url\":\"https:\\\/\\\/www.coatresa.com\\\/wp-content\\\/uploads\\\/2019\\\/10\\\/recubrimientos-eclipse-whitford.png\",\"contentUrl\":\"https:\\\/\\\/www.coatresa.com\\\/wp-content\\\/uploads\\\/2019\\\/10\\\/recubrimientos-eclipse-whitford.png\",\"width\":197,\"height\":197,\"caption\":\"Rivestimenti Eclipse Whitford\"},{\"@type\":\"BreadcrumbList\",\"@id\":\"https:\\\/\\\/www.coatresa.com\\\/it\\\/rivestimento-whitford-eclipse\\\/#breadcrumb\",\"itemListElement\":[{\"@type\":\"ListItem\",\"position\":1,\"name\":\"Portada\",\"item\":\"https:\\\/\\\/www.coatresa.com\\\/it\\\/\"},{\"@type\":\"ListItem\",\"position\":2,\"name\":\"Rivestimento Eclipse\"}]},{\"@type\":\"WebSite\",\"@id\":\"https:\\\/\\\/www.coatresa.com\\\/it\\\/#website\",\"url\":\"https:\\\/\\\/www.coatresa.com\\\/it\\\/\",\"name\":\"Coatresa\",\"description\":\"Aplicaci\u00f3n de recubrimientos antiadherentes y anticorrosivos como el Teflon. Expertos del Powder Coating\",\"publisher\":{\"@id\":\"https:\\\/\\\/www.coatresa.com\\\/it\\\/#organization\"},\"potentialAction\":[{\"@type\":\"SearchAction\",\"target\":{\"@type\":\"EntryPoint\",\"urlTemplate\":\"https:\\\/\\\/www.coatresa.com\\\/it\\\/?s={search_term_string}\"},\"query-input\":{\"@type\":\"PropertyValueSpecification\",\"valueRequired\":true,\"valueName\":\"search_term_string\"}}],\"inLanguage\":\"it-IT\"},{\"@type\":\"Organization\",\"@id\":\"https:\\\/\\\/www.coatresa.com\\\/it\\\/#organization\",\"name\":\"Coatresa\",\"url\":\"https:\\\/\\\/www.coatresa.com\\\/it\\\/\",\"logo\":{\"@type\":\"ImageObject\",\"inLanguage\":\"it-IT\",\"@id\":\"https:\\\/\\\/www.coatresa.com\\\/it\\\/#\\\/schema\\\/logo\\\/image\\\/\",\"url\":\"https:\\\/\\\/www.coatresa.com\\\/wp-content\\\/uploads\\\/2022\\\/07\\\/A_blava_mitja_transp.png\",\"contentUrl\":\"https:\\\/\\\/www.coatresa.com\\\/wp-content\\\/uploads\\\/2022\\\/07\\\/A_blava_mitja_transp.png\",\"width\":340,\"height\":326,\"caption\":\"Coatresa\"},\"image\":{\"@id\":\"https:\\\/\\\/www.coatresa.com\\\/it\\\/#\\\/schema\\\/logo\\\/image\\\/\"},\"sameAs\":[\"https:\\\/\\\/www.facebook.com\\\/Coatresa\\\/\",\"https:\\\/\\\/x.com\\\/Coatresa\",\"https:\\\/\\\/www.linkedin.com\\\/company\\\/coatresa\\\/\",\"https:\\\/\\\/www.youtube.com\\\/user\\\/CoatresaCoatings\"]}]}<\/script>\n<!-- \/ Yoast SEO plugin. -->","yoast_head_json":{"title":"Rivestimento Eclipse - Coatresa","description":"Rivestimento Eclipse Whitford: rivestimenti con sistema antiaderente rinforzato internamente. Resistenza all'usura per utensili da cucina e da forno","robots":{"index":"index","follow":"follow","max-snippet":"max-snippet:-1","max-image-preview":"max-image-preview:large","max-video-preview":"max-video-preview:-1"},"canonical":"https:\/\/www.coatresa.com\/it\/rivestimento-whitford-eclipse\/","og_locale":"it_IT","og_type":"article","og_title":"Rivestimento Eclipse - Coatresa","og_description":"Rivestimento Eclipse Whitford: rivestimenti con sistema antiaderente rinforzato internamente. Resistenza all'usura per utensili da cucina e da forno","og_url":"https:\/\/www.coatresa.com\/it\/rivestimento-whitford-eclipse\/","og_site_name":"Coatresa","article_publisher":"https:\/\/www.facebook.com\/Coatresa\/","article_modified_time":"2023-06-13T11:10:17+00:00","og_image":[{"width":197,"height":197,"url":"https:\/\/www.coatresa.com\/wp-content\/uploads\/2019\/10\/recubrimientos-eclipse-whitford.png","type":"image\/png"}],"twitter_card":"summary_large_image","twitter_site":"@Coatresa","twitter_misc":{"Tempo di lettura stimato":"2 minuti"},"schema":{"@context":"https:\/\/schema.org","@graph":[{"@type":"WebPage","@id":"https:\/\/www.coatresa.com\/it\/rivestimento-whitford-eclipse\/","url":"https:\/\/www.coatresa.com\/it\/rivestimento-whitford-eclipse\/","name":"Rivestimento Eclipse - Coatresa","isPartOf":{"@id":"https:\/\/www.coatresa.com\/it\/#website"},"primaryImageOfPage":{"@id":"https:\/\/www.coatresa.com\/it\/rivestimento-whitford-eclipse\/#primaryimage"},"image":{"@id":"https:\/\/www.coatresa.com\/it\/rivestimento-whitford-eclipse\/#primaryimage"},"thumbnailUrl":"https:\/\/www.coatresa.com\/wp-content\/uploads\/2019\/10\/recubrimientos-eclipse-whitford.png","datePublished":"2019-10-03T09:17:20+00:00","dateModified":"2023-06-13T11:10:17+00:00","description":"Rivestimento Eclipse Whitford: rivestimenti con sistema antiaderente rinforzato internamente. Resistenza all'usura per utensili da cucina e da forno","breadcrumb":{"@id":"https:\/\/www.coatresa.com\/it\/rivestimento-whitford-eclipse\/#breadcrumb"},"inLanguage":"it-IT","potentialAction":[{"@type":"ReadAction","target":["https:\/\/www.coatresa.com\/it\/rivestimento-whitford-eclipse\/"]}]},{"@type":"ImageObject","inLanguage":"it-IT","@id":"https:\/\/www.coatresa.com\/it\/rivestimento-whitford-eclipse\/#primaryimage","url":"https:\/\/www.coatresa.com\/wp-content\/uploads\/2019\/10\/recubrimientos-eclipse-whitford.png","contentUrl":"https:\/\/www.coatresa.com\/wp-content\/uploads\/2019\/10\/recubrimientos-eclipse-whitford.png","width":197,"height":197,"caption":"Rivestimenti Eclipse Whitford"},{"@type":"BreadcrumbList","@id":"https:\/\/www.coatresa.com\/it\/rivestimento-whitford-eclipse\/#breadcrumb","itemListElement":[{"@type":"ListItem","position":1,"name":"Portada","item":"https:\/\/www.coatresa.com\/it\/"},{"@type":"ListItem","position":2,"name":"Rivestimento Eclipse"}]},{"@type":"WebSite","@id":"https:\/\/www.coatresa.com\/it\/#website","url":"https:\/\/www.coatresa.com\/it\/","name":"Coatresa","description":"Aplicaci\u00f3n de recubrimientos antiadherentes y anticorrosivos como el Teflon. Expertos del Powder Coating","publisher":{"@id":"https:\/\/www.coatresa.com\/it\/#organization"},"potentialAction":[{"@type":"SearchAction","target":{"@type":"EntryPoint","urlTemplate":"https:\/\/www.coatresa.com\/it\/?s={search_term_string}"},"query-input":{"@type":"PropertyValueSpecification","valueRequired":true,"valueName":"search_term_string"}}],"inLanguage":"it-IT"},{"@type":"Organization","@id":"https:\/\/www.coatresa.com\/it\/#organization","name":"Coatresa","url":"https:\/\/www.coatresa.com\/it\/","logo":{"@type":"ImageObject","inLanguage":"it-IT","@id":"https:\/\/www.coatresa.com\/it\/#\/schema\/logo\/image\/","url":"https:\/\/www.coatresa.com\/wp-content\/uploads\/2022\/07\/A_blava_mitja_transp.png","contentUrl":"https:\/\/www.coatresa.com\/wp-content\/uploads\/2022\/07\/A_blava_mitja_transp.png","width":340,"height":326,"caption":"Coatresa"},"image":{"@id":"https:\/\/www.coatresa.com\/it\/#\/schema\/logo\/image\/"},"sameAs":["https:\/\/www.facebook.com\/Coatresa\/","https:\/\/x.com\/Coatresa","https:\/\/www.linkedin.com\/company\/coatresa\/","https:\/\/www.youtube.com\/user\/CoatresaCoatings"]}]}},"_links":{"self":[{"href":"https:\/\/www.coatresa.com\/it\/wp-json\/wp\/v2\/pages\/19830","targetHints":{"allow":["GET"]}}],"collection":[{"href":"https:\/\/www.coatresa.com\/it\/wp-json\/wp\/v2\/pages"}],"about":[{"href":"https:\/\/www.coatresa.com\/it\/wp-json\/wp\/v2\/types\/page"}],"author":[{"embeddable":true,"href":"https:\/\/www.coatresa.com\/it\/wp-json\/wp\/v2\/users\/1"}],"replies":[{"embeddable":true,"href":"https:\/\/www.coatresa.com\/it\/wp-json\/wp\/v2\/comments?post=19830"}],"version-history":[{"count":0,"href":"https:\/\/www.coatresa.com\/it\/wp-json\/wp\/v2\/pages\/19830\/revisions"}],"wp:featuredmedia":[{"embeddable":true,"href":"https:\/\/www.coatresa.com\/it\/wp-json\/wp\/v2\/media\/15871"}],"wp:attachment":[{"href":"https:\/\/www.coatresa.com\/it\/wp-json\/wp\/v2\/media?parent=19830"}],"curies":[{"name":"wp","href":"https:\/\/api.w.org\/{rel}","templated":true}]}}