{"id":55901,"date":"2021-02-08T11:02:27","date_gmt":"2021-02-08T10:02:27","guid":{"rendered":"https:\/\/www.coatresa.com\/interpon-redox\/"},"modified":"2021-02-08T12:57:57","modified_gmt":"2021-02-08T11:57:57","slug":"interpon-redox","status":"publish","type":"page","link":"https:\/\/www.coatresa.com\/it\/interpon-redox\/","title":{"rendered":"Interpon Redox\u00ae"},"content":{"rendered":"<div id=\"pl-55901\"  class=\"panel-layout\" ><div id=\"pg-55901-0\"  class=\"panel-grid panel-has-style\" ><div style=\"padding: 0px 0; \" data-overlay=\"true\" data-overlay-color=\"#000000\" class=\"panel-row-style panel-row-style-for-55901-0\" ><div id=\"pgc-55901-0-0\"  class=\"panel-grid-cell\" ><div id=\"panel-55901-0-0-0\" class=\"so-panel widget_sow-image panel-first-child panel-last-child\" data-index=\"0\" ><div style=\"text-align: left;\" data-title-color=\"#47425d\" data-headings-color=\"#443f3f\" data-title_alignment=\"center\" class=\"panel-widget-style panel-widget-style-for-55901-0-0-0\" ><div\n\t\t\t\n\t\t\tclass=\"so-widget-sow-image so-widget-sow-image-default-c67d20f9f743-55901\"\n\t\t\t\n\t\t>\n<div class=\"sow-image-container\">\n\t\t<img \n\tsrc=\"https:\/\/www.coatresa.com\/wp-content\/uploads\/2021\/02\/Interpon.jpg\" width=\"2000\" height=\"706\" srcset=\"https:\/\/www.coatresa.com\/wp-content\/uploads\/2021\/02\/Interpon.jpg 2000w, https:\/\/www.coatresa.com\/wp-content\/uploads\/2021\/02\/Interpon-300x106.jpg 300w, https:\/\/www.coatresa.com\/wp-content\/uploads\/2021\/02\/Interpon-1024x361.jpg 1024w, https:\/\/www.coatresa.com\/wp-content\/uploads\/2021\/02\/Interpon-768x271.jpg 768w, https:\/\/www.coatresa.com\/wp-content\/uploads\/2021\/02\/Interpon-1536x542.jpg 1536w, https:\/\/www.coatresa.com\/wp-content\/uploads\/2021\/02\/Interpon-830x293.jpg 830w, https:\/\/www.coatresa.com\/wp-content\/uploads\/2021\/02\/Interpon-230x81.jpg 230w, https:\/\/www.coatresa.com\/wp-content\/uploads\/2021\/02\/Interpon-350x124.jpg 350w, https:\/\/www.coatresa.com\/wp-content\/uploads\/2021\/02\/Interpon-480x169.jpg 480w\" sizes=\"(max-width: 2000px) 100vw, 2000px\" title=\"Interpon Redox\" alt=\"interpon-redox\" \t\tclass=\"so-widget-image\"\/>\n\t<\/div>\n\n<\/div><\/div><\/div><\/div><div id=\"pgc-55901-0-1\"  class=\"panel-grid-cell\" ><div id=\"panel-55901-0-1-0\" class=\"so-panel widget_sow-editor panel-first-child panel-last-child\" data-index=\"1\" ><div style=\"text-align: left;\" data-title-color=\"#47425d\" data-headings-color=\"#000000\" data-title_alignment=\"center\" class=\"panel-widget-style panel-widget-style-for-55901-0-1-0\" ><div\n\t\t\t\n\t\t\tclass=\"so-widget-sow-editor so-widget-sow-editor-base\"\n\t\t\t\n\t\t>\n<div class=\"siteorigin-widget-tinymce textwidget\">\n\t<h1 style=\"text-align: left;\">Interpon Redox \u00ae<\/h1>\n<hr align=\"left\" \/>\n<p style=\"text-align: justify;\">I rivestimenti Interpon Redox\u00ae sono sistemi in polvere multistrato dalle <strong>eccellenti qualit\u00e0 che proteggono dalla corrosione<\/strong>. Si tratta di rivestimenti che presentano inoltre un'impronta ambientale molto bassa rispetto alle pitture liquide.<\/p>\n<p style=\"text-align: justify;\">Questi rivestimenti presentano molti vantaggi, tra cui il <strong>basso rischio di incendio<\/strong>, la <strong>facile eliminazione di residui<\/strong> o il fatto di consentire un <strong>miglioramento della produttivit\u00e0<\/strong>. I rivestimenti Interpon Redox\u00ae sono compatibili con l'ambiente, dato che per la loro produzione non vengono usati composti organici volatili (COV), ed offrono inoltre costi ridotti e una lunga durata.<\/p>\n<p style=\"text-align: justify;\">Noi di Coatresa applichiamo due tipi di questo rivestimento in polvere: <strong>Interpon Redox\u00a0PZ\u00ae<\/strong> e <strong>Interpon Redox Triplex\u00ae.<\/strong><\/p>\n<div id=\"gtx-trans\" style=\"position: absolute; left: 942px; top: 82.875px;\">\n<div class=\"gtx-trans-icon\"><\/div>\n<\/div>\n<\/div>\n<\/div><\/div><\/div><\/div><\/div><\/div><div id=\"pg-55901-1\"  class=\"panel-grid panel-has-style\" ><div class=\"FRANJA-BLAVA-TITOL siteorigin-panels-stretch panel-row-style panel-row-style-for-55901-1\" style=\"padding: 0px 0; \" data-stretch-type=\"full\" data-overlay=\"true\" data-overlay-color=\"#000000\" ><div id=\"pgc-55901-1-0\"  class=\"panel-grid-cell\" ><div id=\"panel-55901-1-0-0\" class=\"so-panel widget_sow-editor panel-first-child panel-last-child\" data-index=\"2\" ><div class=\"blanc panel-widget-style panel-widget-style-for-55901-1-0-0\" style=\"text-align: left;\" data-title-color=\"#47425d\" data-headings-color=\"#443f3f\" data-title_alignment=\"center\" ><div\n\t\t\t\n\t\t\tclass=\"so-widget-sow-editor so-widget-sow-editor-base\"\n\t\t\t\n\t\t>\n<div class=\"siteorigin-widget-tinymce textwidget\">\n\t<h2 style=\"text-align: center;\">Interpon Redox PZ\u00ae<\/h2>\n<\/div>\n<\/div><\/div><\/div><\/div><\/div><\/div><div id=\"pg-55901-2\"  class=\"panel-grid panel-has-style\" ><div class=\"BGC-GRIS siteorigin-panels-stretch panel-row-style panel-row-style-for-55901-2\" style=\"padding: 50px 0; \" data-stretch-type=\"full\" data-overlay=\"true\" data-overlay-color=\"#000000\" ><div id=\"pgc-55901-2-0\"  class=\"panel-grid-cell\" ><div id=\"panel-55901-2-0-0\" class=\"so-panel widget_sow-editor panel-first-child panel-last-child\" data-index=\"3\" ><div style=\"text-align: left;\" data-title-color=\"#47425d\" data-headings-color=\"#443f3f\" data-title_alignment=\"center\" class=\"panel-widget-style panel-widget-style-for-55901-2-0-0\" ><div\n\t\t\t\n\t\t\tclass=\"so-widget-sow-editor so-widget-sow-editor-base\"\n\t\t\t\n\t\t>\n<div class=\"siteorigin-widget-tinymce textwidget\">\n\t<p style=\"text-align: center;\">Interpon Redox\u00a0PZ\u00ae \u00e8 un primer dall'effetto barriera usato soprattutto su <strong>acciaio galvanizzato<\/strong> e in <strong>ambienti complessi<\/strong>. Secondo l'approvazione Qualisteelcoat, si tratta di un sistema a doppio strato con <strong>durata in ambienti fino alla categoria C5-L<\/strong>. I principali vantaggi che offre sono la protezione catodica dalla lunga durata e la grande prevenzione dalla corrosione. Offre inoltre una finitura esteticamente migliore rispetto ad altri sistemi di zinco metallico.<\/p>\n<\/div>\n<\/div><\/div><\/div><\/div><\/div><\/div><div id=\"pg-55901-3\"  class=\"panel-grid panel-has-style\" ><div class=\"FRANJA-BLAVA-TITOL siteorigin-panels-stretch panel-row-style panel-row-style-for-55901-3\" style=\"padding: 0px 0; \" data-stretch-type=\"full\" data-overlay=\"true\" data-overlay-color=\"#000000\" ><div id=\"pgc-55901-3-0\"  class=\"panel-grid-cell\" ><div id=\"panel-55901-3-0-0\" class=\"so-panel widget_sow-editor panel-first-child panel-last-child\" data-index=\"4\" ><div class=\"blanc panel-widget-style panel-widget-style-for-55901-3-0-0\" style=\"text-align: left;\" data-title-color=\"#47425d\" data-headings-color=\"#443f3f\" data-title_alignment=\"center\" ><div\n\t\t\t\n\t\t\tclass=\"so-widget-sow-editor so-widget-sow-editor-base\"\n\t\t\t\n\t\t>\n<div class=\"siteorigin-widget-tinymce textwidget\">\n\t<h2 style=\"text-align: center;\">Interpon Redox Triplex\u00ae<\/h2>\n<\/div>\n<\/div><\/div><\/div><\/div><\/div><\/div><div id=\"pg-55901-4\"  class=\"panel-grid panel-has-style\" ><div class=\"BGC-GRIS siteorigin-panels-stretch panel-row-style panel-row-style-for-55901-4\" style=\"padding: 50px 0; \" data-stretch-type=\"full\" data-overlay=\"true\" data-overlay-color=\"#000000\" ><div id=\"pgc-55901-4-0\"  class=\"panel-grid-cell\" ><div id=\"panel-55901-4-0-0\" class=\"so-panel widget_sow-editor panel-first-child panel-last-child\" data-index=\"5\" ><div style=\"text-align: left;\" data-title-color=\"#47425d\" data-headings-color=\"#443f3f\" data-title_alignment=\"center\" class=\"panel-widget-style panel-widget-style-for-55901-4-0-0\" ><div\n\t\t\t\n\t\t\tclass=\"so-widget-sow-editor so-widget-sow-editor-base\"\n\t\t\t\n\t\t>\n<div class=\"siteorigin-widget-tinymce textwidget\">\n\t<p style=\"text-align: center;\">Interpon Redox Triplex\u00ae \u00e8 un sistema a tre strati che offre sia una <strong>protezione catodica<\/strong> sia una <strong>barriera rinforzata<\/strong>. Nasce dall'unione del rivestimento Interpon Redox\u00a0PZ e dell'Interpon Redox Plus per ottenere lo strato di finitura pi\u00f9 indicato per ogni azienda. Funziona molto bene in <strong>ambienti dall'alta umidit\u00e0 e salinit\u00e0<\/strong>, oltre ad essere privo da composti organici volatili e solventi.<\/p>\n<p style=\"text-align: center;\">Secondo i livelli di durata codificati nella norma ISO\u00a012944, Interpon Redox Triplex\u00ae presenta una <strong>durata alta, tra i 15 e i 25\u00a0anni, fino al livello C5-H<\/strong>.<\/p>\n<\/div>\n<\/div><\/div><\/div><\/div><\/div><\/div><div id=\"pg-55901-5\"  class=\"panel-grid panel-has-style\" ><div class=\"siteorigin-panels-stretch panel-row-style panel-row-style-for-55901-5\" style=\"padding: 50px 0; \" data-stretch-type=\"full\" data-overlay=\"true\" data-overlay-color=\"#000000\" ><div id=\"pgc-55901-5-0\"  class=\"panel-grid-cell\" ><div id=\"panel-55901-5-0-0\" class=\"so-panel widget_sow-editor panel-first-child\" data-index=\"6\" ><div style=\"text-align: left;\" data-title-color=\"#47425d\" data-headings-color=\"#443f3f\" data-title_alignment=\"center\" class=\"panel-widget-style panel-widget-style-for-55901-5-0-0\" ><div\n\t\t\t\n\t\t\tclass=\"so-widget-sow-editor so-widget-sow-editor-base\"\n\t\t\t\n\t\t>\n<div class=\"siteorigin-widget-tinymce textwidget\">\n\t<h3 class=\"BLAU-FOSC\" style=\"text-align: center;\">Riferimenti Interpon Redox\u00ae<\/h3>\n<\/div>\n<\/div><\/div><\/div><div id=\"panel-55901-5-0-1\" class=\"so-panel widget_siteorigin-panels-builder panel-last-child\" data-index=\"7\" ><div style=\"text-align: left;\" data-title-color=\"#47425d\" data-headings-color=\"#443f3f\" data-title_alignment=\"center\" class=\"panel-widget-style panel-widget-style-for-55901-5-0-1\" ><div id=\"pl-w60210c336e8ae\"  class=\"panel-layout\" ><div id=\"pg-w60210c336e8ae-0\"  class=\"panel-grid panel-has-style\" ><div style=\"padding: 40px 0; \" data-overlay=\"true\" data-overlay-color=\"#000000\" class=\"panel-row-style panel-row-style-for-w60210c336e8ae-0\" ><div id=\"pgc-w60210c336e8ae-0-0\"  class=\"panel-grid-cell\" ><div id=\"panel-w60210c336e8ae-0-0-0\" class=\"so-panel widget_sow-editor panel-first-child panel-last-child\" data-index=\"0\" ><div style=\"text-align: left;\" data-title-color=\"#47425d\" data-headings-color=\"#443f3f\" data-title_alignment=\"center\" class=\"panel-widget-style panel-widget-style-for-w60210c336e8ae-0-0-0\" ><div\n\t\t\t\n\t\t\tclass=\"so-widget-sow-editor so-widget-sow-editor-base\"\n\t\t\t\n\t\t>\n<div class=\"siteorigin-widget-tinymce textwidget\">\n\t<p style=\"text-align: center;\"><b>Interpon Redox PZ ALZ90F<\/b><br \/>\n<b>Interpon Redox Triplex<\/b><br \/>\n<b>Interpon 700<\/b><br \/>\n<b>Interpon 610<\/b><br \/>\n<b>Interpon D1036<\/b><br \/>\n<b>Interpon D2525<\/b><br \/>\n<b>Interpon EC<\/b><br \/>\n<b>AL251F<\/b><\/p>\n<\/div>\n<\/div><\/div><\/div><\/div><div id=\"pgc-w60210c336e8ae-0-1\"  class=\"panel-grid-cell\" ><div id=\"panel-w60210c336e8ae-0-1-0\" class=\"so-panel widget_sow-editor panel-first-child panel-last-child\" data-index=\"1\" ><div style=\"text-align: left;\" data-title-color=\"#47425d\" data-headings-color=\"#443f3f\" data-title_alignment=\"center\" class=\"panel-widget-style panel-widget-style-for-w60210c336e8ae-0-1-0\" ><div\n\t\t\t\n\t\t\tclass=\"so-widget-sow-editor so-widget-sow-editor-base\"\n\t\t\t\n\t\t>\n<div class=\"siteorigin-widget-tinymce textwidget\">\n\t<p style=\"text-align: center;\"><b>Interzinc 22<\/b><br \/>\n<b>Interzinc 52<\/b><br \/>\n<b>Interzinc 72<\/b><br \/>\n<b>Interzinc 315<\/b><br \/>\n<b>Interzinc 2280<\/b><br \/>\n<b>Interthane 870<\/b><br \/>\n<b>Interthane 990<\/b><br \/>\n<b>Interthane 1070<\/b><\/p>\n<\/div>\n<\/div><\/div><\/div><\/div><\/div><\/div><\/div><\/div><\/div><\/div><\/div><\/div><\/div>","protected":false},"excerpt":{"rendered":"<p>Interpon Redox \u00ae I rivestimenti Interpon Redox\u00ae sono sistemi in polvere multistrato dalle eccellenti qualit\u00e0 che proteggono dalla corrosione. Si tratta di [&hellip;]<\/p>\n","protected":false},"author":7,"featured_media":0,"parent":0,"menu_order":0,"comment_status":"closed","ping_status":"closed","template":"page-templates\/page_fullwidth.php","meta":{"footnotes":""},"class_list":["post-55901","page","type-page","status-publish","hentry"],"yoast_head":"<!-- This site is optimized with the Yoast SEO plugin v27.6 - https:\/\/yoast.com\/product\/yoast-seo-wordpress\/ -->\n<title>Interpon Redox\u00ae - Coatresa<\/title>\n<meta name=\"description\" content=\"I rivestimenti Interpon Redox\u00ae sono sistemi in polvere multistrato dalle eccellenti qualit\u00e0 che proteggono dalla corrosione.\" \/>\n<meta name=\"robots\" content=\"index, follow, max-snippet:-1, max-image-preview:large, max-video-preview:-1\" \/>\n<link rel=\"canonical\" href=\"https:\/\/www.coatresa.com\/it\/interpon-redox\/\" \/>\n<meta property=\"og:locale\" content=\"it_IT\" \/>\n<meta property=\"og:type\" content=\"article\" \/>\n<meta property=\"og:title\" content=\"Interpon Redox\u00ae - Coatresa\" \/>\n<meta property=\"og:description\" content=\"I rivestimenti Interpon Redox\u00ae sono sistemi in polvere multistrato dalle eccellenti qualit\u00e0 che proteggono dalla corrosione.\" \/>\n<meta property=\"og:url\" content=\"https:\/\/www.coatresa.com\/it\/interpon-redox\/\" \/>\n<meta property=\"og:site_name\" content=\"Coatresa\" \/>\n<meta property=\"article:publisher\" content=\"https:\/\/www.facebook.com\/Coatresa\/\" \/>\n<meta property=\"article:modified_time\" content=\"2021-02-08T11:57:57+00:00\" \/>\n<meta name=\"twitter:card\" content=\"summary_large_image\" \/>\n<meta name=\"twitter:site\" content=\"@Coatresa\" \/>\n<meta name=\"twitter:label1\" content=\"Tempo di lettura stimato\" \/>\n\t<meta name=\"twitter:data1\" content=\"2 minuti\" \/>\n<script type=\"application\/ld+json\" class=\"yoast-schema-graph\">{\"@context\":\"https:\\\/\\\/schema.org\",\"@graph\":[{\"@type\":\"WebPage\",\"@id\":\"https:\\\/\\\/www.coatresa.com\\\/it\\\/interpon-redox\\\/\",\"url\":\"https:\\\/\\\/www.coatresa.com\\\/it\\\/interpon-redox\\\/\",\"name\":\"Interpon Redox\u00ae - Coatresa\",\"isPartOf\":{\"@id\":\"https:\\\/\\\/www.coatresa.com\\\/it\\\/#website\"},\"datePublished\":\"2021-02-08T10:02:27+00:00\",\"dateModified\":\"2021-02-08T11:57:57+00:00\",\"description\":\"I rivestimenti Interpon Redox\u00ae sono sistemi in polvere multistrato dalle eccellenti qualit\u00e0 che proteggono dalla corrosione.\",\"breadcrumb\":{\"@id\":\"https:\\\/\\\/www.coatresa.com\\\/it\\\/interpon-redox\\\/#breadcrumb\"},\"inLanguage\":\"it-IT\",\"potentialAction\":[{\"@type\":\"ReadAction\",\"target\":[\"https:\\\/\\\/www.coatresa.com\\\/it\\\/interpon-redox\\\/\"]}]},{\"@type\":\"BreadcrumbList\",\"@id\":\"https:\\\/\\\/www.coatresa.com\\\/it\\\/interpon-redox\\\/#breadcrumb\",\"itemListElement\":[{\"@type\":\"ListItem\",\"position\":1,\"name\":\"Portada\",\"item\":\"https:\\\/\\\/www.coatresa.com\\\/it\\\/\"},{\"@type\":\"ListItem\",\"position\":2,\"name\":\"Interpon Redox\u00ae\"}]},{\"@type\":\"WebSite\",\"@id\":\"https:\\\/\\\/www.coatresa.com\\\/it\\\/#website\",\"url\":\"https:\\\/\\\/www.coatresa.com\\\/it\\\/\",\"name\":\"Coatresa\",\"description\":\"Aplicaci\u00f3n de recubrimientos antiadherentes y anticorrosivos como el Teflon. Expertos del Powder Coating\",\"publisher\":{\"@id\":\"https:\\\/\\\/www.coatresa.com\\\/it\\\/#organization\"},\"potentialAction\":[{\"@type\":\"SearchAction\",\"target\":{\"@type\":\"EntryPoint\",\"urlTemplate\":\"https:\\\/\\\/www.coatresa.com\\\/it\\\/?s={search_term_string}\"},\"query-input\":{\"@type\":\"PropertyValueSpecification\",\"valueRequired\":true,\"valueName\":\"search_term_string\"}}],\"inLanguage\":\"it-IT\"},{\"@type\":\"Organization\",\"@id\":\"https:\\\/\\\/www.coatresa.com\\\/it\\\/#organization\",\"name\":\"Coatresa\",\"url\":\"https:\\\/\\\/www.coatresa.com\\\/it\\\/\",\"logo\":{\"@type\":\"ImageObject\",\"inLanguage\":\"it-IT\",\"@id\":\"https:\\\/\\\/www.coatresa.com\\\/it\\\/#\\\/schema\\\/logo\\\/image\\\/\",\"url\":\"https:\\\/\\\/www.coatresa.com\\\/wp-content\\\/uploads\\\/2022\\\/07\\\/A_blava_mitja_transp.png\",\"contentUrl\":\"https:\\\/\\\/www.coatresa.com\\\/wp-content\\\/uploads\\\/2022\\\/07\\\/A_blava_mitja_transp.png\",\"width\":340,\"height\":326,\"caption\":\"Coatresa\"},\"image\":{\"@id\":\"https:\\\/\\\/www.coatresa.com\\\/it\\\/#\\\/schema\\\/logo\\\/image\\\/\"},\"sameAs\":[\"https:\\\/\\\/www.facebook.com\\\/Coatresa\\\/\",\"https:\\\/\\\/x.com\\\/Coatresa\",\"https:\\\/\\\/www.linkedin.com\\\/company\\\/coatresa\\\/\",\"https:\\\/\\\/www.youtube.com\\\/user\\\/CoatresaCoatings\"]}]}<\/script>\n<!-- \/ Yoast SEO plugin. -->","yoast_head_json":{"title":"Interpon Redox\u00ae - Coatresa","description":"I rivestimenti Interpon Redox\u00ae sono sistemi in polvere multistrato dalle eccellenti qualit\u00e0 che proteggono dalla corrosione.","robots":{"index":"index","follow":"follow","max-snippet":"max-snippet:-1","max-image-preview":"max-image-preview:large","max-video-preview":"max-video-preview:-1"},"canonical":"https:\/\/www.coatresa.com\/it\/interpon-redox\/","og_locale":"it_IT","og_type":"article","og_title":"Interpon Redox\u00ae - Coatresa","og_description":"I rivestimenti Interpon Redox\u00ae sono sistemi in polvere multistrato dalle eccellenti qualit\u00e0 che proteggono dalla corrosione.","og_url":"https:\/\/www.coatresa.com\/it\/interpon-redox\/","og_site_name":"Coatresa","article_publisher":"https:\/\/www.facebook.com\/Coatresa\/","article_modified_time":"2021-02-08T11:57:57+00:00","twitter_card":"summary_large_image","twitter_site":"@Coatresa","twitter_misc":{"Tempo di lettura stimato":"2 minuti"},"schema":{"@context":"https:\/\/schema.org","@graph":[{"@type":"WebPage","@id":"https:\/\/www.coatresa.com\/it\/interpon-redox\/","url":"https:\/\/www.coatresa.com\/it\/interpon-redox\/","name":"Interpon Redox\u00ae - Coatresa","isPartOf":{"@id":"https:\/\/www.coatresa.com\/it\/#website"},"datePublished":"2021-02-08T10:02:27+00:00","dateModified":"2021-02-08T11:57:57+00:00","description":"I rivestimenti Interpon Redox\u00ae sono sistemi in polvere multistrato dalle eccellenti qualit\u00e0 che proteggono dalla corrosione.","breadcrumb":{"@id":"https:\/\/www.coatresa.com\/it\/interpon-redox\/#breadcrumb"},"inLanguage":"it-IT","potentialAction":[{"@type":"ReadAction","target":["https:\/\/www.coatresa.com\/it\/interpon-redox\/"]}]},{"@type":"BreadcrumbList","@id":"https:\/\/www.coatresa.com\/it\/interpon-redox\/#breadcrumb","itemListElement":[{"@type":"ListItem","position":1,"name":"Portada","item":"https:\/\/www.coatresa.com\/it\/"},{"@type":"ListItem","position":2,"name":"Interpon Redox\u00ae"}]},{"@type":"WebSite","@id":"https:\/\/www.coatresa.com\/it\/#website","url":"https:\/\/www.coatresa.com\/it\/","name":"Coatresa","description":"Aplicaci\u00f3n de recubrimientos antiadherentes y anticorrosivos como el Teflon. Expertos del Powder Coating","publisher":{"@id":"https:\/\/www.coatresa.com\/it\/#organization"},"potentialAction":[{"@type":"SearchAction","target":{"@type":"EntryPoint","urlTemplate":"https:\/\/www.coatresa.com\/it\/?s={search_term_string}"},"query-input":{"@type":"PropertyValueSpecification","valueRequired":true,"valueName":"search_term_string"}}],"inLanguage":"it-IT"},{"@type":"Organization","@id":"https:\/\/www.coatresa.com\/it\/#organization","name":"Coatresa","url":"https:\/\/www.coatresa.com\/it\/","logo":{"@type":"ImageObject","inLanguage":"it-IT","@id":"https:\/\/www.coatresa.com\/it\/#\/schema\/logo\/image\/","url":"https:\/\/www.coatresa.com\/wp-content\/uploads\/2022\/07\/A_blava_mitja_transp.png","contentUrl":"https:\/\/www.coatresa.com\/wp-content\/uploads\/2022\/07\/A_blava_mitja_transp.png","width":340,"height":326,"caption":"Coatresa"},"image":{"@id":"https:\/\/www.coatresa.com\/it\/#\/schema\/logo\/image\/"},"sameAs":["https:\/\/www.facebook.com\/Coatresa\/","https:\/\/x.com\/Coatresa","https:\/\/www.linkedin.com\/company\/coatresa\/","https:\/\/www.youtube.com\/user\/CoatresaCoatings"]}]}},"_links":{"self":[{"href":"https:\/\/www.coatresa.com\/it\/wp-json\/wp\/v2\/pages\/55901","targetHints":{"allow":["GET"]}}],"collection":[{"href":"https:\/\/www.coatresa.com\/it\/wp-json\/wp\/v2\/pages"}],"about":[{"href":"https:\/\/www.coatresa.com\/it\/wp-json\/wp\/v2\/types\/page"}],"author":[{"embeddable":true,"href":"https:\/\/www.coatresa.com\/it\/wp-json\/wp\/v2\/users\/7"}],"replies":[{"embeddable":true,"href":"https:\/\/www.coatresa.com\/it\/wp-json\/wp\/v2\/comments?post=55901"}],"version-history":[{"count":0,"href":"https:\/\/www.coatresa.com\/it\/wp-json\/wp\/v2\/pages\/55901\/revisions"}],"wp:attachment":[{"href":"https:\/\/www.coatresa.com\/it\/wp-json\/wp\/v2\/media?parent=55901"}],"curies":[{"name":"wp","href":"https:\/\/api.w.org\/{rel}","templated":true}]}}